{"id":389265,"date":"2021-06-04T09:48:08","date_gmt":"2021-06-04T07:48:08","guid":{"rendered":"https:\/\/hubsch-interior.com\/shop-b2c\/product\/product-6\/"},"modified":"2026-04-09T04:23:08","modified_gmt":"2026-04-09T02:23:08","slug":"amber-daybed-beige-naturfarben","status":"publish","type":"product","link":"https:\/\/hubsch-interior.com\/de\/produkt\/amber-daybed-beige-naturfarben\/","title":{"rendered":"Amber Daybed Beige\/Naturfarben"},"content":{"rendered":"<p>Unser Amber Daybed bietet ein luxuri\u00f6ses Design und kombiniert Eichenholz und Polyester. Es ist in drei verschiedenen Farben erh\u00e4ltlich: Beige, Orange und Natur. Der warme Farbton verleiht dem Zimmer eine gem\u00fctliche Atmosph\u00e4re. Dank der robusten Komponenten und der hochwertigen Verarbeitung ist das Daybed \u00e4u\u00dferst langlebig und bequem. Egal, ob im Schlafzimmer, Wohnzimmer oder einem anderen Raum, es ist ein unverzichtbares M\u00f6belst\u00fcck!<\/p>\n","protected":false},"excerpt":{"rendered":"<p>Unser Amber Daybed bietet ein luxuri\u00f6ses Design und kombiniert Eichenholz und Polyester. Es ist in drei verschiedenen Farben erh\u00e4ltlich: Beige, Orange und Natur. Der warme Farbton verleiht dem Zimmer eine gem\u00fctliche Atmosph\u00e4re. Dank der robusten Komponenten und der hochwertigen Verarbeitung ist das Daybed \u00e4u\u00dferst langlebig und bequem. Egal, ob im Schlafzimmer, Wohnzimmer oder einem anderen [&hellip;]<\/p>\n","protected":false},"featured_media":1095204,"template":"","meta":{"_acf_changed":false,"inline_featured_image":false},"product_brand":[],"product_cat":[2845,4200],"product_tag":[],"class_list":{"0":"post-389265","1":"product","2":"type-product","3":"status-publish","4":"has-post-thumbnail","6":"product_cat-sitzmoebel-de","7":"product_cat-sofas-daybeds-de","8":"product_shipping_class-p10","10":"pa_color-beige-4","11":"pa_color-naturfarben-2","12":"pa_material-polyester-100-de","13":"pa_material-eichenholz","15":"first","16":"instock","17":"taxable","18":"shipping-taxable","19":"purchasable","20":"product-type-simple"},"exclude_global_add_ons":[],"addons":[],"acf":[],"yoast_head":"<!-- This site is optimized with the Yoast SEO plugin v26.4 - https:\/\/yoast.com\/wordpress\/plugins\/seo\/ -->\n<title>Amber Daybed Beige\/Naturfarben - H\u00fcbsch<\/title>\n<meta name=\"description\" content=\"Unser Amber Daybed bietet ein luxuri\u00f6ses Design und kombiniert Eichenholz und Polyester. Es ist in drei verschiedenen Farben erh\u00e4ltlich: Beige, Orange und\" \/>\n<meta name=\"robots\" content=\"index, follow, max-snippet:-1, max-image-preview:large, max-video-preview:-1\" \/>\n<link rel=\"canonical\" href=\"https:\/\/hubsch-interior.com\/de\/wp-json\/wp\/v2\/product\/389265\" \/>\n<meta property=\"og:locale\" content=\"de_DE\" \/>\n<meta property=\"og:type\" content=\"article\" \/>\n<meta property=\"og:title\" content=\"Amber Daybed Beige\/Naturfarben - H\u00fcbsch\" \/>\n<meta property=\"og:description\" content=\"Unser Amber Daybed bietet ein luxuri\u00f6ses Design und kombiniert Eichenholz und Polyester. Es ist in drei verschiedenen Farben erh\u00e4ltlich: Beige, Orange und\" \/>\n<meta property=\"og:url\" content=\"https:\/\/hubsch-interior.com\/de\/produkt\/amber-daybed-beige-naturfarben\/\" \/>\n<meta property=\"og:site_name\" content=\"H\u00fcbsch\" \/>\n<meta property=\"article:modified_time\" content=\"2026-04-09T02:23:08+00:00\" \/>\n<meta property=\"og:image\" content=\"https:\/\/hubsch-interior.com\/wp-content\/uploads\/2023\/08\/amber-daybed-orangebeigenatural-c2dc9824f78c87a8ebcefd3f15082541.jpg\" \/>\n\t<meta property=\"og:image:width\" content=\"1200\" \/>\n\t<meta property=\"og:image:height\" content=\"1200\" \/>\n\t<meta property=\"og:image:type\" content=\"image\/jpeg\" \/>\n<meta name=\"twitter:card\" content=\"summary_large_image\" \/>\n<script type=\"application\/ld+json\" class=\"yoast-schema-graph\">{\"@context\":\"https:\/\/schema.org\",\"@graph\":[{\"@type\":\"WebPage\",\"@id\":\"https:\/\/hubsch-interior.com\/de\/produkt\/amber-daybed-beige-naturfarben\/\",\"url\":\"https:\/\/hubsch-interior.com\/de\/produkt\/amber-daybed-beige-naturfarben\/\",\"name\":\"Amber Daybed Beige\/Naturfarben - H\u00fcbsch\",\"isPartOf\":{\"@id\":\"https:\/\/hubsch-interior.com\/de\/#website\"},\"primaryImageOfPage\":{\"@id\":\"https:\/\/hubsch-interior.com\/de\/produkt\/amber-daybed-beige-naturfarben\/#primaryimage\"},\"image\":{\"@id\":\"https:\/\/hubsch-interior.com\/de\/produkt\/amber-daybed-beige-naturfarben\/#primaryimage\"},\"thumbnailUrl\":\"https:\/\/hubsch-interior.com\/wp-content\/uploads\/2026\/02\/amber-daybed-beigenatural-e46167c78f0fb12cc60365134e9e4e86.jpg\",\"datePublished\":\"2021-06-04T07:48:08+00:00\",\"dateModified\":\"2026-04-09T02:23:08+00:00\",\"description\":\"Unser Amber Daybed bietet ein luxuri\u00f6ses Design und kombiniert Eichenholz und Polyester. Es ist in drei verschiedenen Farben erh\u00e4ltlich: Beige, Orange und\",\"breadcrumb\":{\"@id\":\"https:\/\/hubsch-interior.com\/de\/produkt\/amber-daybed-beige-naturfarben\/#breadcrumb\"},\"inLanguage\":\"de\",\"potentialAction\":[{\"@type\":\"ReadAction\",\"target\":[\"https:\/\/hubsch-interior.com\/de\/produkt\/amber-daybed-beige-naturfarben\/\"]}]},{\"@type\":\"ImageObject\",\"inLanguage\":\"de\",\"@id\":\"https:\/\/hubsch-interior.com\/de\/produkt\/amber-daybed-beige-naturfarben\/#primaryimage\",\"url\":\"https:\/\/hubsch-interior.com\/wp-content\/uploads\/2026\/02\/amber-daybed-beigenatural-e46167c78f0fb12cc60365134e9e4e86.jpg\",\"contentUrl\":\"https:\/\/hubsch-interior.com\/wp-content\/uploads\/2026\/02\/amber-daybed-beigenatural-e46167c78f0fb12cc60365134e9e4e86.jpg\",\"width\":1024,\"height\":1024},{\"@type\":\"BreadcrumbList\",\"@id\":\"https:\/\/hubsch-interior.com\/de\/produkt\/amber-daybed-beige-naturfarben\/#breadcrumb\",\"itemListElement\":[{\"@type\":\"ListItem\",\"position\":1,\"name\":\"Startseite\",\"item\":\"https:\/\/hubsch-interior.com\/de\/\"},{\"@type\":\"ListItem\",\"position\":2,\"name\":\"Produkte\",\"item\":\"https:\/\/hubsch-interior.com\/de\/shop-2\/\"},{\"@type\":\"ListItem\",\"position\":3,\"name\":\"M\u00f6bel\",\"item\":\"https:\/\/hubsch-interior.com\/de\/produkt-kategorie\/moebel\/\"},{\"@type\":\"ListItem\",\"position\":4,\"name\":\"Sitzm&ouml;bel\",\"item\":\"https:\/\/hubsch-interior.com\/de\/produkt-kategorie\/moebel\/sitzmoebel-de\/\"},{\"@type\":\"ListItem\",\"position\":5,\"name\":\"Sofas &amp; Daybeds\",\"item\":\"https:\/\/hubsch-interior.com\/de\/produkt-kategorie\/moebel\/sitzmoebel-de\/sofas-daybeds-de\/\"},{\"@type\":\"ListItem\",\"position\":6,\"name\":\"Amber Daybed Beige\/Naturfarben\"}]},{\"@type\":\"WebSite\",\"@id\":\"https:\/\/hubsch-interior.com\/de\/#website\",\"url\":\"https:\/\/hubsch-interior.com\/de\/\",\"name\":\"H\u00fcbsch\",\"description\":\"Danish Home Interior and Design\",\"publisher\":{\"@id\":\"https:\/\/hubsch-interior.com\/de\/#organization\"},\"potentialAction\":[{\"@type\":\"SearchAction\",\"target\":{\"@type\":\"EntryPoint\",\"urlTemplate\":\"https:\/\/hubsch-interior.com\/de\/?s={search_term_string}\"},\"query-input\":{\"@type\":\"PropertyValueSpecification\",\"valueRequired\":true,\"valueName\":\"search_term_string\"}}],\"inLanguage\":\"de\"},{\"@type\":\"Organization\",\"@id\":\"https:\/\/hubsch-interior.com\/de\/#organization\",\"name\":\"H\u00fcbsch\",\"url\":\"https:\/\/hubsch-interior.com\/de\/\",\"logo\":{\"@type\":\"ImageObject\",\"inLanguage\":\"de\",\"@id\":\"https:\/\/hubsch-interior.com\/de\/#\/schema\/logo\/image\/\",\"url\":\"https:\/\/hubsch-interior.com\/wp-content\/uploads\/2022\/12\/Hubsch_logo_black_one_line.svg\",\"contentUrl\":\"https:\/\/hubsch-interior.com\/wp-content\/uploads\/2022\/12\/Hubsch_logo_black_one_line.svg\",\"caption\":\"H\u00fcbsch\"},\"image\":{\"@id\":\"https:\/\/hubsch-interior.com\/de\/#\/schema\/logo\/image\/\"}}]}<\/script>\n<!-- \/ Yoast SEO plugin. -->","yoast_head_json":{"title":"Amber Daybed Beige\/Naturfarben - H\u00fcbsch","description":"Unser Amber Daybed bietet ein luxuri\u00f6ses Design und kombiniert Eichenholz und Polyester. Es ist in drei verschiedenen Farben erh\u00e4ltlich: Beige, Orange und","robots":{"index":"index","follow":"follow","max-snippet":"max-snippet:-1","max-image-preview":"max-image-preview:large","max-video-preview":"max-video-preview:-1"},"canonical":"https:\/\/hubsch-interior.com\/de\/wp-json\/wp\/v2\/product\/389265","og_locale":"de_DE","og_type":"article","og_title":"Amber Daybed Beige\/Naturfarben - H\u00fcbsch","og_description":"Unser Amber Daybed bietet ein luxuri\u00f6ses Design und kombiniert Eichenholz und Polyester. Es ist in drei verschiedenen Farben erh\u00e4ltlich: Beige, Orange und","og_url":"https:\/\/hubsch-interior.com\/de\/produkt\/amber-daybed-beige-naturfarben\/","og_site_name":"H\u00fcbsch","article_modified_time":"2026-04-09T02:23:08+00:00","og_image":[{"width":1200,"height":1200,"url":"https:\/\/hubsch-interior.com\/wp-content\/uploads\/2023\/08\/amber-daybed-orangebeigenatural-c2dc9824f78c87a8ebcefd3f15082541.jpg","type":"image\/jpeg"}],"twitter_card":"summary_large_image","schema":{"@context":"https:\/\/schema.org","@graph":[{"@type":"WebPage","@id":"https:\/\/hubsch-interior.com\/de\/produkt\/amber-daybed-beige-naturfarben\/","url":"https:\/\/hubsch-interior.com\/de\/produkt\/amber-daybed-beige-naturfarben\/","name":"Amber Daybed Beige\/Naturfarben - H\u00fcbsch","isPartOf":{"@id":"https:\/\/hubsch-interior.com\/de\/#website"},"primaryImageOfPage":{"@id":"https:\/\/hubsch-interior.com\/de\/produkt\/amber-daybed-beige-naturfarben\/#primaryimage"},"image":{"@id":"https:\/\/hubsch-interior.com\/de\/produkt\/amber-daybed-beige-naturfarben\/#primaryimage"},"thumbnailUrl":"https:\/\/hubsch-interior.com\/wp-content\/uploads\/2026\/02\/amber-daybed-beigenatural-e46167c78f0fb12cc60365134e9e4e86.jpg","datePublished":"2021-06-04T07:48:08+00:00","dateModified":"2026-04-09T02:23:08+00:00","description":"Unser Amber Daybed bietet ein luxuri\u00f6ses Design und kombiniert Eichenholz und Polyester. Es ist in drei verschiedenen Farben erh\u00e4ltlich: Beige, Orange und","breadcrumb":{"@id":"https:\/\/hubsch-interior.com\/de\/produkt\/amber-daybed-beige-naturfarben\/#breadcrumb"},"inLanguage":"de","potentialAction":[{"@type":"ReadAction","target":["https:\/\/hubsch-interior.com\/de\/produkt\/amber-daybed-beige-naturfarben\/"]}]},{"@type":"ImageObject","inLanguage":"de","@id":"https:\/\/hubsch-interior.com\/de\/produkt\/amber-daybed-beige-naturfarben\/#primaryimage","url":"https:\/\/hubsch-interior.com\/wp-content\/uploads\/2026\/02\/amber-daybed-beigenatural-e46167c78f0fb12cc60365134e9e4e86.jpg","contentUrl":"https:\/\/hubsch-interior.com\/wp-content\/uploads\/2026\/02\/amber-daybed-beigenatural-e46167c78f0fb12cc60365134e9e4e86.jpg","width":1024,"height":1024},{"@type":"BreadcrumbList","@id":"https:\/\/hubsch-interior.com\/de\/produkt\/amber-daybed-beige-naturfarben\/#breadcrumb","itemListElement":[{"@type":"ListItem","position":1,"name":"Startseite","item":"https:\/\/hubsch-interior.com\/de\/"},{"@type":"ListItem","position":2,"name":"Produkte","item":"https:\/\/hubsch-interior.com\/de\/shop-2\/"},{"@type":"ListItem","position":3,"name":"M\u00f6bel","item":"https:\/\/hubsch-interior.com\/de\/produkt-kategorie\/moebel\/"},{"@type":"ListItem","position":4,"name":"Sitzm&ouml;bel","item":"https:\/\/hubsch-interior.com\/de\/produkt-kategorie\/moebel\/sitzmoebel-de\/"},{"@type":"ListItem","position":5,"name":"Sofas &amp; Daybeds","item":"https:\/\/hubsch-interior.com\/de\/produkt-kategorie\/moebel\/sitzmoebel-de\/sofas-daybeds-de\/"},{"@type":"ListItem","position":6,"name":"Amber Daybed Beige\/Naturfarben"}]},{"@type":"WebSite","@id":"https:\/\/hubsch-interior.com\/de\/#website","url":"https:\/\/hubsch-interior.com\/de\/","name":"H\u00fcbsch","description":"Danish Home Interior and Design","publisher":{"@id":"https:\/\/hubsch-interior.com\/de\/#organization"},"potentialAction":[{"@type":"SearchAction","target":{"@type":"EntryPoint","urlTemplate":"https:\/\/hubsch-interior.com\/de\/?s={search_term_string}"},"query-input":{"@type":"PropertyValueSpecification","valueRequired":true,"valueName":"search_term_string"}}],"inLanguage":"de"},{"@type":"Organization","@id":"https:\/\/hubsch-interior.com\/de\/#organization","name":"H\u00fcbsch","url":"https:\/\/hubsch-interior.com\/de\/","logo":{"@type":"ImageObject","inLanguage":"de","@id":"https:\/\/hubsch-interior.com\/de\/#\/schema\/logo\/image\/","url":"https:\/\/hubsch-interior.com\/wp-content\/uploads\/2022\/12\/Hubsch_logo_black_one_line.svg","contentUrl":"https:\/\/hubsch-interior.com\/wp-content\/uploads\/2022\/12\/Hubsch_logo_black_one_line.svg","caption":"H\u00fcbsch"},"image":{"@id":"https:\/\/hubsch-interior.com\/de\/#\/schema\/logo\/image\/"}}]}},"_links":{"self":[{"href":"https:\/\/hubsch-interior.com\/de\/wp-json\/wp\/v2\/product\/389265","targetHints":{"allow":["GET"]}}],"collection":[{"href":"https:\/\/hubsch-interior.com\/de\/wp-json\/wp\/v2\/product"}],"about":[{"href":"https:\/\/hubsch-interior.com\/de\/wp-json\/wp\/v2\/types\/product"}],"wp:featuredmedia":[{"embeddable":true,"href":"https:\/\/hubsch-interior.com\/de\/wp-json\/wp\/v2\/media\/1095204"}],"wp:attachment":[{"href":"https:\/\/hubsch-interior.com\/de\/wp-json\/wp\/v2\/media?parent=389265"}],"wp:term":[{"taxonomy":"product_brand","embeddable":true,"href":"https:\/\/hubsch-interior.com\/de\/wp-json\/wp\/v2\/product_brand?post=389265"},{"taxonomy":"product_cat","embeddable":true,"href":"https:\/\/hubsch-interior.com\/de\/wp-json\/wp\/v2\/product_cat?post=389265"},{"taxonomy":"product_tag","embeddable":true,"href":"https:\/\/hubsch-interior.com\/de\/wp-json\/wp\/v2\/product_tag?post=389265"}],"curies":[{"name":"wp","href":"https:\/\/api.w.org\/{rel}","templated":true}]}}