{"id":389285,"date":"2021-06-04T09:48:14","date_gmt":"2021-06-04T07:48:14","guid":{"rendered":"https:\/\/hubsch-interior.com\/shop-b2c\/product\/product-6\/"},"modified":"2026-04-09T04:23:16","modified_gmt":"2026-04-09T02:23:16","slug":"first-glas-klar","status":"publish","type":"product","link":"https:\/\/hubsch-interior.com\/de\/produkt\/first-glas-klar\/","title":{"rendered":"First Glas Klar"},"content":{"rendered":"<p>Das Marmeladenglas ist eine einfache und \u00e4sthetische M\u00f6glichkeit, Lebensmittel oder kleinere Gegenst\u00e4nde aufzubewahren. Das Glas wird mit einem praktischen Deckel zum Verschlie\u00dfen des Glases geliefert. Das Glas hat eine strukturierte Oberfl\u00e4che, die es sowohl klassisch als auch einzigartig macht.<\/p>\n","protected":false},"excerpt":{"rendered":"<p>Das Marmeladenglas ist eine einfache und \u00e4sthetische M\u00f6glichkeit, Lebensmittel oder kleinere Gegenst\u00e4nde aufzubewahren. Das Glas wird mit einem praktischen Deckel zum Verschlie\u00dfen des Glases geliefert. Das Glas hat eine strukturierte Oberfl\u00e4che, die es sowohl klassisch als auch einzigartig macht.<\/p>\n","protected":false},"featured_media":1095250,"template":"","meta":{"_acf_changed":false,"inline_featured_image":false},"product_brand":[],"product_cat":[3111,4933,3429,5027,7048,4055,6972,6519,4096],"product_tag":[],"class_list":{"0":"post-389285","1":"product","2":"type-product","3":"status-publish","4":"has-post-thumbnail","6":"product_cat-aufbewahrung-de","7":"product_cat-aufbewahrungsglaeser-de","8":"product_cat-behaelter-de","9":"product_cat-bestsellers-de","10":"product_cat-kuechenaufbewahrung-de","11":"product_cat-kuechenzubehoer-de","12":"product_cat-oster-sale","13":"product_cat-outlet-de","14":"product_cat-tischgeschirr-de","15":"product_shipping_class-pk","17":"pa_color-klar-de","18":"pa_material-glas-de","20":"first","21":"instock","22":"sale","23":"featured","24":"taxable","25":"shipping-taxable","26":"purchasable","27":"product-type-simple"},"exclude_global_add_ons":[],"addons":[],"acf":[],"yoast_head":"<!-- This site is optimized with the Yoast SEO plugin v26.4 - https:\/\/yoast.com\/wordpress\/plugins\/seo\/ -->\n<title>First Glas Klar - H\u00fcbsch<\/title>\n<meta name=\"description\" content=\"Das Marmeladenglas ist eine einfache und \u00e4sthetische M\u00f6glichkeit, Lebensmittel oder kleinere Gegenst\u00e4nde aufzubewahren. Das Glas wird mit einem\" \/>\n<meta name=\"robots\" content=\"index, follow, max-snippet:-1, max-image-preview:large, max-video-preview:-1\" \/>\n<link rel=\"canonical\" href=\"https:\/\/hubsch-interior.com\/de\/wp-json\/wp\/v2\/product\/389285\" \/>\n<meta property=\"og:locale\" content=\"de_DE\" \/>\n<meta property=\"og:type\" content=\"article\" \/>\n<meta property=\"og:title\" content=\"First Glas Klar - H\u00fcbsch\" \/>\n<meta property=\"og:description\" content=\"Das Marmeladenglas ist eine einfache und \u00e4sthetische M\u00f6glichkeit, Lebensmittel oder kleinere Gegenst\u00e4nde aufzubewahren. Das Glas wird mit einem\" \/>\n<meta property=\"og:url\" content=\"https:\/\/hubsch-interior.com\/de\/produkt\/first-glas-klar\/\" \/>\n<meta property=\"og:site_name\" content=\"H\u00fcbsch\" \/>\n<meta property=\"article:modified_time\" content=\"2026-04-09T02:23:16+00:00\" \/>\n<meta property=\"og:image\" content=\"https:\/\/hubsch-interior.com\/wp-content\/uploads\/2024\/04\/first-glass-clear-f0e29e5e083433f660ca80c768c0ae7d.jpg\" \/>\n\t<meta property=\"og:image:width\" content=\"1200\" \/>\n\t<meta property=\"og:image:height\" content=\"1200\" \/>\n\t<meta property=\"og:image:type\" content=\"image\/jpeg\" \/>\n<meta name=\"twitter:card\" content=\"summary_large_image\" \/>\n<script type=\"application\/ld+json\" class=\"yoast-schema-graph\">{\"@context\":\"https:\/\/schema.org\",\"@graph\":[{\"@type\":\"WebPage\",\"@id\":\"https:\/\/hubsch-interior.com\/de\/produkt\/first-glas-klar\/\",\"url\":\"https:\/\/hubsch-interior.com\/de\/produkt\/first-glas-klar\/\",\"name\":\"First Glas Klar - H\u00fcbsch\",\"isPartOf\":{\"@id\":\"https:\/\/hubsch-interior.com\/de\/#website\"},\"primaryImageOfPage\":{\"@id\":\"https:\/\/hubsch-interior.com\/de\/produkt\/first-glas-klar\/#primaryimage\"},\"image\":{\"@id\":\"https:\/\/hubsch-interior.com\/de\/produkt\/first-glas-klar\/#primaryimage\"},\"thumbnailUrl\":\"https:\/\/hubsch-interior.com\/wp-content\/uploads\/2026\/02\/first-glass-clear-463f4d7bddbe00848b24dc44c01205ab.jpg\",\"datePublished\":\"2021-06-04T07:48:14+00:00\",\"dateModified\":\"2026-04-09T02:23:16+00:00\",\"description\":\"Das Marmeladenglas ist eine einfache und \u00e4sthetische M\u00f6glichkeit, Lebensmittel oder kleinere Gegenst\u00e4nde aufzubewahren. Das Glas wird mit einem\",\"breadcrumb\":{\"@id\":\"https:\/\/hubsch-interior.com\/de\/produkt\/first-glas-klar\/#breadcrumb\"},\"inLanguage\":\"de\",\"potentialAction\":[{\"@type\":\"ReadAction\",\"target\":[\"https:\/\/hubsch-interior.com\/de\/produkt\/first-glas-klar\/\"]}]},{\"@type\":\"ImageObject\",\"inLanguage\":\"de\",\"@id\":\"https:\/\/hubsch-interior.com\/de\/produkt\/first-glas-klar\/#primaryimage\",\"url\":\"https:\/\/hubsch-interior.com\/wp-content\/uploads\/2026\/02\/first-glass-clear-463f4d7bddbe00848b24dc44c01205ab.jpg\",\"contentUrl\":\"https:\/\/hubsch-interior.com\/wp-content\/uploads\/2026\/02\/first-glass-clear-463f4d7bddbe00848b24dc44c01205ab.jpg\",\"width\":1024,\"height\":1024},{\"@type\":\"BreadcrumbList\",\"@id\":\"https:\/\/hubsch-interior.com\/de\/produkt\/first-glas-klar\/#breadcrumb\",\"itemListElement\":[{\"@type\":\"ListItem\",\"position\":1,\"name\":\"Startseite\",\"item\":\"https:\/\/hubsch-interior.com\/de\/\"},{\"@type\":\"ListItem\",\"position\":2,\"name\":\"Produkte\",\"item\":\"https:\/\/hubsch-interior.com\/de\/shop-2\/\"},{\"@type\":\"ListItem\",\"position\":3,\"name\":\"Wohnaccessoires\",\"item\":\"https:\/\/hubsch-interior.com\/de\/produkt-kategorie\/wohnaccessoires\/\"},{\"@type\":\"ListItem\",\"position\":4,\"name\":\"K&uuml;chenzubeh&ouml;r\",\"item\":\"https:\/\/hubsch-interior.com\/de\/produkt-kategorie\/wohnaccessoires\/kuechenzubehoer-de\/\"},{\"@type\":\"ListItem\",\"position\":5,\"name\":\"Tischgeschirr\",\"item\":\"https:\/\/hubsch-interior.com\/de\/produkt-kategorie\/wohnaccessoires\/kuechenzubehoer-de\/tischgeschirr-de\/\"},{\"@type\":\"ListItem\",\"position\":6,\"name\":\"First Glas Klar\"}]},{\"@type\":\"WebSite\",\"@id\":\"https:\/\/hubsch-interior.com\/de\/#website\",\"url\":\"https:\/\/hubsch-interior.com\/de\/\",\"name\":\"H\u00fcbsch\",\"description\":\"Danish Home Interior and Design\",\"publisher\":{\"@id\":\"https:\/\/hubsch-interior.com\/de\/#organization\"},\"potentialAction\":[{\"@type\":\"SearchAction\",\"target\":{\"@type\":\"EntryPoint\",\"urlTemplate\":\"https:\/\/hubsch-interior.com\/de\/?s={search_term_string}\"},\"query-input\":{\"@type\":\"PropertyValueSpecification\",\"valueRequired\":true,\"valueName\":\"search_term_string\"}}],\"inLanguage\":\"de\"},{\"@type\":\"Organization\",\"@id\":\"https:\/\/hubsch-interior.com\/de\/#organization\",\"name\":\"H\u00fcbsch\",\"url\":\"https:\/\/hubsch-interior.com\/de\/\",\"logo\":{\"@type\":\"ImageObject\",\"inLanguage\":\"de\",\"@id\":\"https:\/\/hubsch-interior.com\/de\/#\/schema\/logo\/image\/\",\"url\":\"https:\/\/hubsch-interior.com\/wp-content\/uploads\/2022\/12\/Hubsch_logo_black_one_line.svg\",\"contentUrl\":\"https:\/\/hubsch-interior.com\/wp-content\/uploads\/2022\/12\/Hubsch_logo_black_one_line.svg\",\"caption\":\"H\u00fcbsch\"},\"image\":{\"@id\":\"https:\/\/hubsch-interior.com\/de\/#\/schema\/logo\/image\/\"}}]}<\/script>\n<!-- \/ Yoast SEO plugin. -->","yoast_head_json":{"title":"First Glas Klar - H\u00fcbsch","description":"Das Marmeladenglas ist eine einfache und \u00e4sthetische M\u00f6glichkeit, Lebensmittel oder kleinere Gegenst\u00e4nde aufzubewahren. Das Glas wird mit einem","robots":{"index":"index","follow":"follow","max-snippet":"max-snippet:-1","max-image-preview":"max-image-preview:large","max-video-preview":"max-video-preview:-1"},"canonical":"https:\/\/hubsch-interior.com\/de\/wp-json\/wp\/v2\/product\/389285","og_locale":"de_DE","og_type":"article","og_title":"First Glas Klar - H\u00fcbsch","og_description":"Das Marmeladenglas ist eine einfache und \u00e4sthetische M\u00f6glichkeit, Lebensmittel oder kleinere Gegenst\u00e4nde aufzubewahren. Das Glas wird mit einem","og_url":"https:\/\/hubsch-interior.com\/de\/produkt\/first-glas-klar\/","og_site_name":"H\u00fcbsch","article_modified_time":"2026-04-09T02:23:16+00:00","og_image":[{"width":1200,"height":1200,"url":"https:\/\/hubsch-interior.com\/wp-content\/uploads\/2024\/04\/first-glass-clear-f0e29e5e083433f660ca80c768c0ae7d.jpg","type":"image\/jpeg"}],"twitter_card":"summary_large_image","schema":{"@context":"https:\/\/schema.org","@graph":[{"@type":"WebPage","@id":"https:\/\/hubsch-interior.com\/de\/produkt\/first-glas-klar\/","url":"https:\/\/hubsch-interior.com\/de\/produkt\/first-glas-klar\/","name":"First Glas Klar - H\u00fcbsch","isPartOf":{"@id":"https:\/\/hubsch-interior.com\/de\/#website"},"primaryImageOfPage":{"@id":"https:\/\/hubsch-interior.com\/de\/produkt\/first-glas-klar\/#primaryimage"},"image":{"@id":"https:\/\/hubsch-interior.com\/de\/produkt\/first-glas-klar\/#primaryimage"},"thumbnailUrl":"https:\/\/hubsch-interior.com\/wp-content\/uploads\/2026\/02\/first-glass-clear-463f4d7bddbe00848b24dc44c01205ab.jpg","datePublished":"2021-06-04T07:48:14+00:00","dateModified":"2026-04-09T02:23:16+00:00","description":"Das Marmeladenglas ist eine einfache und \u00e4sthetische M\u00f6glichkeit, Lebensmittel oder kleinere Gegenst\u00e4nde aufzubewahren. Das Glas wird mit einem","breadcrumb":{"@id":"https:\/\/hubsch-interior.com\/de\/produkt\/first-glas-klar\/#breadcrumb"},"inLanguage":"de","potentialAction":[{"@type":"ReadAction","target":["https:\/\/hubsch-interior.com\/de\/produkt\/first-glas-klar\/"]}]},{"@type":"ImageObject","inLanguage":"de","@id":"https:\/\/hubsch-interior.com\/de\/produkt\/first-glas-klar\/#primaryimage","url":"https:\/\/hubsch-interior.com\/wp-content\/uploads\/2026\/02\/first-glass-clear-463f4d7bddbe00848b24dc44c01205ab.jpg","contentUrl":"https:\/\/hubsch-interior.com\/wp-content\/uploads\/2026\/02\/first-glass-clear-463f4d7bddbe00848b24dc44c01205ab.jpg","width":1024,"height":1024},{"@type":"BreadcrumbList","@id":"https:\/\/hubsch-interior.com\/de\/produkt\/first-glas-klar\/#breadcrumb","itemListElement":[{"@type":"ListItem","position":1,"name":"Startseite","item":"https:\/\/hubsch-interior.com\/de\/"},{"@type":"ListItem","position":2,"name":"Produkte","item":"https:\/\/hubsch-interior.com\/de\/shop-2\/"},{"@type":"ListItem","position":3,"name":"Wohnaccessoires","item":"https:\/\/hubsch-interior.com\/de\/produkt-kategorie\/wohnaccessoires\/"},{"@type":"ListItem","position":4,"name":"K&uuml;chenzubeh&ouml;r","item":"https:\/\/hubsch-interior.com\/de\/produkt-kategorie\/wohnaccessoires\/kuechenzubehoer-de\/"},{"@type":"ListItem","position":5,"name":"Tischgeschirr","item":"https:\/\/hubsch-interior.com\/de\/produkt-kategorie\/wohnaccessoires\/kuechenzubehoer-de\/tischgeschirr-de\/"},{"@type":"ListItem","position":6,"name":"First Glas Klar"}]},{"@type":"WebSite","@id":"https:\/\/hubsch-interior.com\/de\/#website","url":"https:\/\/hubsch-interior.com\/de\/","name":"H\u00fcbsch","description":"Danish Home Interior and Design","publisher":{"@id":"https:\/\/hubsch-interior.com\/de\/#organization"},"potentialAction":[{"@type":"SearchAction","target":{"@type":"EntryPoint","urlTemplate":"https:\/\/hubsch-interior.com\/de\/?s={search_term_string}"},"query-input":{"@type":"PropertyValueSpecification","valueRequired":true,"valueName":"search_term_string"}}],"inLanguage":"de"},{"@type":"Organization","@id":"https:\/\/hubsch-interior.com\/de\/#organization","name":"H\u00fcbsch","url":"https:\/\/hubsch-interior.com\/de\/","logo":{"@type":"ImageObject","inLanguage":"de","@id":"https:\/\/hubsch-interior.com\/de\/#\/schema\/logo\/image\/","url":"https:\/\/hubsch-interior.com\/wp-content\/uploads\/2022\/12\/Hubsch_logo_black_one_line.svg","contentUrl":"https:\/\/hubsch-interior.com\/wp-content\/uploads\/2022\/12\/Hubsch_logo_black_one_line.svg","caption":"H\u00fcbsch"},"image":{"@id":"https:\/\/hubsch-interior.com\/de\/#\/schema\/logo\/image\/"}}]}},"_links":{"self":[{"href":"https:\/\/hubsch-interior.com\/de\/wp-json\/wp\/v2\/product\/389285","targetHints":{"allow":["GET"]}}],"collection":[{"href":"https:\/\/hubsch-interior.com\/de\/wp-json\/wp\/v2\/product"}],"about":[{"href":"https:\/\/hubsch-interior.com\/de\/wp-json\/wp\/v2\/types\/product"}],"wp:featuredmedia":[{"embeddable":true,"href":"https:\/\/hubsch-interior.com\/de\/wp-json\/wp\/v2\/media\/1095250"}],"wp:attachment":[{"href":"https:\/\/hubsch-interior.com\/de\/wp-json\/wp\/v2\/media?parent=389285"}],"wp:term":[{"taxonomy":"product_brand","embeddable":true,"href":"https:\/\/hubsch-interior.com\/de\/wp-json\/wp\/v2\/product_brand?post=389285"},{"taxonomy":"product_cat","embeddable":true,"href":"https:\/\/hubsch-interior.com\/de\/wp-json\/wp\/v2\/product_cat?post=389285"},{"taxonomy":"product_tag","embeddable":true,"href":"https:\/\/hubsch-interior.com\/de\/wp-json\/wp\/v2\/product_tag?post=389285"}],"curies":[{"name":"wp","href":"https:\/\/api.w.org\/{rel}","templated":true}]}}