{"id":389329,"date":"2021-06-04T09:48:26","date_gmt":"2021-06-04T07:48:26","guid":{"rendered":"https:\/\/hubsch-interior.com\/shop-b2c\/product\/product-6\/"},"modified":"2026-04-09T04:23:19","modified_gmt":"2026-04-09T02:23:19","slug":"time-uhr-weis","status":"publish","type":"product","link":"https:\/\/hubsch-interior.com\/de\/produkt\/time-uhr-weis\/","title":{"rendered":"Time Uhr Wei\u00df"},"content":{"rendered":"<p>Die Uhr sieht einfach und elegant aus mit ihrem wei\u00dfen Zifferblatt und einem Rahmen und Zifferbl\u00e4ttern aus Metall. Mit schwarzen Punkten und einfachen Linien k\u00f6nnen Sie die Uhr leicht ablesen. Der Metallrahmen und die Zifferbl\u00e4tter verleihen der Uhr ein skandinavisches und minimalistisches Aussehen.<\/p>\n","protected":false},"excerpt":{"rendered":"<p>Die Uhr sieht einfach und elegant aus mit ihrem wei\u00dfen Zifferblatt und einem Rahmen und Zifferbl\u00e4ttern aus Metall. Mit schwarzen Punkten und einfachen Linien k\u00f6nnen Sie die Uhr leicht ablesen. Der Metallrahmen und die Zifferbl\u00e4tter verleihen der Uhr ein skandinavisches und minimalistisches Aussehen.<\/p>\n","protected":false},"featured_media":1095273,"template":"","meta":{"_acf_changed":false,"inline_featured_image":false},"product_brand":[],"product_cat":[3118,3131,5027],"product_tag":[],"class_list":{"0":"post-389329","1":"product","2":"type-product","3":"status-publish","4":"has-post-thumbnail","6":"product_cat-wanddekoration-de","7":"product_cat-uhren-de","8":"product_cat-bestsellers-de","9":"product_shipping_class-pk","11":"pa_color-wei","13":"first","14":"instock","15":"featured","16":"taxable","17":"shipping-taxable","18":"purchasable","19":"product-type-simple"},"exclude_global_add_ons":[],"addons":[],"acf":[],"yoast_head":"<!-- This site is optimized with the Yoast SEO plugin v26.4 - https:\/\/yoast.com\/wordpress\/plugins\/seo\/ -->\n<title>Time Uhr Wei\u00df - H\u00fcbsch<\/title>\n<meta name=\"description\" content=\"Die Uhr sieht einfach und elegant aus mit ihrem wei\u00dfen Zifferblatt und einem Rahmen und Zifferbl\u00e4ttern aus Metall. Mit schwarzen Punkten und einfachen\" \/>\n<meta name=\"robots\" content=\"index, follow, max-snippet:-1, max-image-preview:large, max-video-preview:-1\" \/>\n<link rel=\"canonical\" href=\"https:\/\/hubsch-interior.com\/de\/wp-json\/wp\/v2\/product\/389329\" \/>\n<meta property=\"og:locale\" content=\"de_DE\" \/>\n<meta property=\"og:type\" content=\"article\" \/>\n<meta property=\"og:title\" content=\"Time Uhr Wei\u00df - H\u00fcbsch\" \/>\n<meta property=\"og:description\" content=\"Die Uhr sieht einfach und elegant aus mit ihrem wei\u00dfen Zifferblatt und einem Rahmen und Zifferbl\u00e4ttern aus Metall. Mit schwarzen Punkten und einfachen\" \/>\n<meta property=\"og:url\" content=\"https:\/\/hubsch-interior.com\/de\/produkt\/time-uhr-weis\/\" \/>\n<meta property=\"og:site_name\" content=\"H\u00fcbsch\" \/>\n<meta property=\"article:modified_time\" content=\"2026-04-09T02:23:19+00:00\" \/>\n<meta property=\"og:image\" content=\"https:\/\/hubsch-interior.com\/wp-content\/uploads\/2025\/04\/time-clock-white-e0daa19edb3761a6b0f3d7ae3f6821e4.jpg\" \/>\n\t<meta property=\"og:image:width\" content=\"1200\" \/>\n\t<meta property=\"og:image:height\" content=\"1200\" \/>\n\t<meta property=\"og:image:type\" content=\"image\/jpeg\" \/>\n<meta name=\"twitter:card\" content=\"summary_large_image\" \/>\n<script type=\"application\/ld+json\" class=\"yoast-schema-graph\">{\"@context\":\"https:\/\/schema.org\",\"@graph\":[{\"@type\":\"WebPage\",\"@id\":\"https:\/\/hubsch-interior.com\/de\/produkt\/time-uhr-weis\/\",\"url\":\"https:\/\/hubsch-interior.com\/de\/produkt\/time-uhr-weis\/\",\"name\":\"Time Uhr Wei\u00df - H\u00fcbsch\",\"isPartOf\":{\"@id\":\"https:\/\/hubsch-interior.com\/de\/#website\"},\"primaryImageOfPage\":{\"@id\":\"https:\/\/hubsch-interior.com\/de\/produkt\/time-uhr-weis\/#primaryimage\"},\"image\":{\"@id\":\"https:\/\/hubsch-interior.com\/de\/produkt\/time-uhr-weis\/#primaryimage\"},\"thumbnailUrl\":\"https:\/\/hubsch-interior.com\/wp-content\/uploads\/2026\/02\/time-clock-white-b5c9a857e334fa1b4d17f4982afde622.jpg\",\"datePublished\":\"2021-06-04T07:48:26+00:00\",\"dateModified\":\"2026-04-09T02:23:19+00:00\",\"description\":\"Die Uhr sieht einfach und elegant aus mit ihrem wei\u00dfen Zifferblatt und einem Rahmen und Zifferbl\u00e4ttern aus Metall. Mit schwarzen Punkten und einfachen\",\"breadcrumb\":{\"@id\":\"https:\/\/hubsch-interior.com\/de\/produkt\/time-uhr-weis\/#breadcrumb\"},\"inLanguage\":\"de\",\"potentialAction\":[{\"@type\":\"ReadAction\",\"target\":[\"https:\/\/hubsch-interior.com\/de\/produkt\/time-uhr-weis\/\"]}]},{\"@type\":\"ImageObject\",\"inLanguage\":\"de\",\"@id\":\"https:\/\/hubsch-interior.com\/de\/produkt\/time-uhr-weis\/#primaryimage\",\"url\":\"https:\/\/hubsch-interior.com\/wp-content\/uploads\/2026\/02\/time-clock-white-b5c9a857e334fa1b4d17f4982afde622.jpg\",\"contentUrl\":\"https:\/\/hubsch-interior.com\/wp-content\/uploads\/2026\/02\/time-clock-white-b5c9a857e334fa1b4d17f4982afde622.jpg\",\"width\":1024,\"height\":1024},{\"@type\":\"BreadcrumbList\",\"@id\":\"https:\/\/hubsch-interior.com\/de\/produkt\/time-uhr-weis\/#breadcrumb\",\"itemListElement\":[{\"@type\":\"ListItem\",\"position\":1,\"name\":\"Startseite\",\"item\":\"https:\/\/hubsch-interior.com\/de\/\"},{\"@type\":\"ListItem\",\"position\":2,\"name\":\"Produkte\",\"item\":\"https:\/\/hubsch-interior.com\/de\/shop-2\/\"},{\"@type\":\"ListItem\",\"position\":3,\"name\":\"Wohnaccessoires\",\"item\":\"https:\/\/hubsch-interior.com\/de\/produkt-kategorie\/wohnaccessoires\/\"},{\"@type\":\"ListItem\",\"position\":4,\"name\":\"Wanddekoration\",\"item\":\"https:\/\/hubsch-interior.com\/de\/produkt-kategorie\/wohnaccessoires\/wanddekoration-de\/\"},{\"@type\":\"ListItem\",\"position\":5,\"name\":\"Uhren\",\"item\":\"https:\/\/hubsch-interior.com\/de\/produkt-kategorie\/wohnaccessoires\/wanddekoration-de\/uhren-de\/\"},{\"@type\":\"ListItem\",\"position\":6,\"name\":\"Time Uhr Wei\u00df\"}]},{\"@type\":\"WebSite\",\"@id\":\"https:\/\/hubsch-interior.com\/de\/#website\",\"url\":\"https:\/\/hubsch-interior.com\/de\/\",\"name\":\"H\u00fcbsch\",\"description\":\"Danish Home Interior and Design\",\"publisher\":{\"@id\":\"https:\/\/hubsch-interior.com\/de\/#organization\"},\"potentialAction\":[{\"@type\":\"SearchAction\",\"target\":{\"@type\":\"EntryPoint\",\"urlTemplate\":\"https:\/\/hubsch-interior.com\/de\/?s={search_term_string}\"},\"query-input\":{\"@type\":\"PropertyValueSpecification\",\"valueRequired\":true,\"valueName\":\"search_term_string\"}}],\"inLanguage\":\"de\"},{\"@type\":\"Organization\",\"@id\":\"https:\/\/hubsch-interior.com\/de\/#organization\",\"name\":\"H\u00fcbsch\",\"url\":\"https:\/\/hubsch-interior.com\/de\/\",\"logo\":{\"@type\":\"ImageObject\",\"inLanguage\":\"de\",\"@id\":\"https:\/\/hubsch-interior.com\/de\/#\/schema\/logo\/image\/\",\"url\":\"https:\/\/hubsch-interior.com\/wp-content\/uploads\/2022\/12\/Hubsch_logo_black_one_line.svg\",\"contentUrl\":\"https:\/\/hubsch-interior.com\/wp-content\/uploads\/2022\/12\/Hubsch_logo_black_one_line.svg\",\"caption\":\"H\u00fcbsch\"},\"image\":{\"@id\":\"https:\/\/hubsch-interior.com\/de\/#\/schema\/logo\/image\/\"}}]}<\/script>\n<!-- \/ Yoast SEO plugin. -->","yoast_head_json":{"title":"Time Uhr Wei\u00df - H\u00fcbsch","description":"Die Uhr sieht einfach und elegant aus mit ihrem wei\u00dfen Zifferblatt und einem Rahmen und Zifferbl\u00e4ttern aus Metall. Mit schwarzen Punkten und einfachen","robots":{"index":"index","follow":"follow","max-snippet":"max-snippet:-1","max-image-preview":"max-image-preview:large","max-video-preview":"max-video-preview:-1"},"canonical":"https:\/\/hubsch-interior.com\/de\/wp-json\/wp\/v2\/product\/389329","og_locale":"de_DE","og_type":"article","og_title":"Time Uhr Wei\u00df - H\u00fcbsch","og_description":"Die Uhr sieht einfach und elegant aus mit ihrem wei\u00dfen Zifferblatt und einem Rahmen und Zifferbl\u00e4ttern aus Metall. Mit schwarzen Punkten und einfachen","og_url":"https:\/\/hubsch-interior.com\/de\/produkt\/time-uhr-weis\/","og_site_name":"H\u00fcbsch","article_modified_time":"2026-04-09T02:23:19+00:00","og_image":[{"width":1200,"height":1200,"url":"https:\/\/hubsch-interior.com\/wp-content\/uploads\/2025\/04\/time-clock-white-e0daa19edb3761a6b0f3d7ae3f6821e4.jpg","type":"image\/jpeg"}],"twitter_card":"summary_large_image","schema":{"@context":"https:\/\/schema.org","@graph":[{"@type":"WebPage","@id":"https:\/\/hubsch-interior.com\/de\/produkt\/time-uhr-weis\/","url":"https:\/\/hubsch-interior.com\/de\/produkt\/time-uhr-weis\/","name":"Time Uhr Wei\u00df - H\u00fcbsch","isPartOf":{"@id":"https:\/\/hubsch-interior.com\/de\/#website"},"primaryImageOfPage":{"@id":"https:\/\/hubsch-interior.com\/de\/produkt\/time-uhr-weis\/#primaryimage"},"image":{"@id":"https:\/\/hubsch-interior.com\/de\/produkt\/time-uhr-weis\/#primaryimage"},"thumbnailUrl":"https:\/\/hubsch-interior.com\/wp-content\/uploads\/2026\/02\/time-clock-white-b5c9a857e334fa1b4d17f4982afde622.jpg","datePublished":"2021-06-04T07:48:26+00:00","dateModified":"2026-04-09T02:23:19+00:00","description":"Die Uhr sieht einfach und elegant aus mit ihrem wei\u00dfen Zifferblatt und einem Rahmen und Zifferbl\u00e4ttern aus Metall. Mit schwarzen Punkten und einfachen","breadcrumb":{"@id":"https:\/\/hubsch-interior.com\/de\/produkt\/time-uhr-weis\/#breadcrumb"},"inLanguage":"de","potentialAction":[{"@type":"ReadAction","target":["https:\/\/hubsch-interior.com\/de\/produkt\/time-uhr-weis\/"]}]},{"@type":"ImageObject","inLanguage":"de","@id":"https:\/\/hubsch-interior.com\/de\/produkt\/time-uhr-weis\/#primaryimage","url":"https:\/\/hubsch-interior.com\/wp-content\/uploads\/2026\/02\/time-clock-white-b5c9a857e334fa1b4d17f4982afde622.jpg","contentUrl":"https:\/\/hubsch-interior.com\/wp-content\/uploads\/2026\/02\/time-clock-white-b5c9a857e334fa1b4d17f4982afde622.jpg","width":1024,"height":1024},{"@type":"BreadcrumbList","@id":"https:\/\/hubsch-interior.com\/de\/produkt\/time-uhr-weis\/#breadcrumb","itemListElement":[{"@type":"ListItem","position":1,"name":"Startseite","item":"https:\/\/hubsch-interior.com\/de\/"},{"@type":"ListItem","position":2,"name":"Produkte","item":"https:\/\/hubsch-interior.com\/de\/shop-2\/"},{"@type":"ListItem","position":3,"name":"Wohnaccessoires","item":"https:\/\/hubsch-interior.com\/de\/produkt-kategorie\/wohnaccessoires\/"},{"@type":"ListItem","position":4,"name":"Wanddekoration","item":"https:\/\/hubsch-interior.com\/de\/produkt-kategorie\/wohnaccessoires\/wanddekoration-de\/"},{"@type":"ListItem","position":5,"name":"Uhren","item":"https:\/\/hubsch-interior.com\/de\/produkt-kategorie\/wohnaccessoires\/wanddekoration-de\/uhren-de\/"},{"@type":"ListItem","position":6,"name":"Time Uhr Wei\u00df"}]},{"@type":"WebSite","@id":"https:\/\/hubsch-interior.com\/de\/#website","url":"https:\/\/hubsch-interior.com\/de\/","name":"H\u00fcbsch","description":"Danish Home Interior and Design","publisher":{"@id":"https:\/\/hubsch-interior.com\/de\/#organization"},"potentialAction":[{"@type":"SearchAction","target":{"@type":"EntryPoint","urlTemplate":"https:\/\/hubsch-interior.com\/de\/?s={search_term_string}"},"query-input":{"@type":"PropertyValueSpecification","valueRequired":true,"valueName":"search_term_string"}}],"inLanguage":"de"},{"@type":"Organization","@id":"https:\/\/hubsch-interior.com\/de\/#organization","name":"H\u00fcbsch","url":"https:\/\/hubsch-interior.com\/de\/","logo":{"@type":"ImageObject","inLanguage":"de","@id":"https:\/\/hubsch-interior.com\/de\/#\/schema\/logo\/image\/","url":"https:\/\/hubsch-interior.com\/wp-content\/uploads\/2022\/12\/Hubsch_logo_black_one_line.svg","contentUrl":"https:\/\/hubsch-interior.com\/wp-content\/uploads\/2022\/12\/Hubsch_logo_black_one_line.svg","caption":"H\u00fcbsch"},"image":{"@id":"https:\/\/hubsch-interior.com\/de\/#\/schema\/logo\/image\/"}}]}},"_links":{"self":[{"href":"https:\/\/hubsch-interior.com\/de\/wp-json\/wp\/v2\/product\/389329","targetHints":{"allow":["GET"]}}],"collection":[{"href":"https:\/\/hubsch-interior.com\/de\/wp-json\/wp\/v2\/product"}],"about":[{"href":"https:\/\/hubsch-interior.com\/de\/wp-json\/wp\/v2\/types\/product"}],"wp:featuredmedia":[{"embeddable":true,"href":"https:\/\/hubsch-interior.com\/de\/wp-json\/wp\/v2\/media\/1095273"}],"wp:attachment":[{"href":"https:\/\/hubsch-interior.com\/de\/wp-json\/wp\/v2\/media?parent=389329"}],"wp:term":[{"taxonomy":"product_brand","embeddable":true,"href":"https:\/\/hubsch-interior.com\/de\/wp-json\/wp\/v2\/product_brand?post=389329"},{"taxonomy":"product_cat","embeddable":true,"href":"https:\/\/hubsch-interior.com\/de\/wp-json\/wp\/v2\/product_cat?post=389329"},{"taxonomy":"product_tag","embeddable":true,"href":"https:\/\/hubsch-interior.com\/de\/wp-json\/wp\/v2\/product_tag?post=389329"}],"curies":[{"name":"wp","href":"https:\/\/api.w.org\/{rel}","templated":true}]}}