{"id":389473,"date":"2021-06-04T09:49:02","date_gmt":"2021-06-04T07:49:02","guid":{"rendered":"https:\/\/hubsch-interior.com\/shop-b2c\/product\/product-6\/"},"modified":"2026-04-09T04:24:16","modified_gmt":"2026-04-09T02:24:16","slug":"ripple-glasboxen-nickel-3er-set","status":"publish","type":"product","link":"https:\/\/hubsch-interior.com\/de\/produkt\/ripple-glasboxen-nickel-3er-set\/","title":{"rendered":"Ripple Glasboxen Nickel (3er Set)"},"content":{"rendered":"<p>Diese Glasboxen sind als 3er-Set mit drei verschiedenen Gr\u00f6\u00dfen erh\u00e4ltlich. Die unterschiedlichen Gr\u00f6\u00dfen bieten ausreichend Stauraum und erm\u00f6glichen gleichzeitig die dekorative Pr\u00e4sentation von Schmuckst\u00fccken. Das gewellte Glas verleiht den Boxen einen modernen Look. Dieses Produkt ist handgefertigt und kann daher variieren.<\/p>\n","protected":false},"excerpt":{"rendered":"<p>Diese Glasboxen sind als 3er-Set mit drei verschiedenen Gr\u00f6\u00dfen erh\u00e4ltlich. Die unterschiedlichen Gr\u00f6\u00dfen bieten ausreichend Stauraum und erm\u00f6glichen gleichzeitig die dekorative Pr\u00e4sentation von Schmuckst\u00fccken. Das gewellte Glas verleiht den Boxen einen modernen Look. Dieses Produkt ist handgefertigt und kann daher variieren.<\/p>\n","protected":false},"featured_media":1095483,"template":"","meta":{"_acf_changed":false,"inline_featured_image":false},"product_brand":[],"product_cat":[3111,5027,3646],"product_tag":[],"class_list":{"0":"post-389473","1":"product","2":"type-product","3":"status-publish","4":"has-post-thumbnail","6":"product_cat-aufbewahrung-de","7":"product_cat-bestsellers-de","8":"product_cat-kisten-de","9":"product_shipping_class-pk","11":"pa_color-nickel-de","12":"pa_material-glas-de","13":"pa_material-nickel-de","15":"first","16":"instock","17":"featured","18":"taxable","19":"shipping-taxable","20":"purchasable","21":"product-type-simple"},"exclude_global_add_ons":[],"addons":[],"acf":[],"yoast_head":"<!-- This site is optimized with the Yoast SEO plugin v26.4 - https:\/\/yoast.com\/wordpress\/plugins\/seo\/ -->\n<title>Ripple Glasboxen Nickel (3er Set) - H\u00fcbsch<\/title>\n<meta name=\"description\" content=\"Diese Glasboxen sind als 3er-Set mit drei verschiedenen Gr\u00f6\u00dfen erh\u00e4ltlich. Die unterschiedlichen Gr\u00f6\u00dfen bieten ausreichend Stauraum und erm\u00f6glichen\" \/>\n<meta name=\"robots\" content=\"index, follow, max-snippet:-1, max-image-preview:large, max-video-preview:-1\" \/>\n<link rel=\"canonical\" href=\"https:\/\/hubsch-interior.com\/de\/wp-json\/wp\/v2\/product\/389473\" \/>\n<meta property=\"og:locale\" content=\"de_DE\" \/>\n<meta property=\"og:type\" content=\"article\" \/>\n<meta property=\"og:title\" content=\"Ripple Glasboxen Nickel (3er Set) - H\u00fcbsch\" \/>\n<meta property=\"og:description\" content=\"Diese Glasboxen sind als 3er-Set mit drei verschiedenen Gr\u00f6\u00dfen erh\u00e4ltlich. Die unterschiedlichen Gr\u00f6\u00dfen bieten ausreichend Stauraum und erm\u00f6glichen\" \/>\n<meta property=\"og:url\" content=\"https:\/\/hubsch-interior.com\/de\/produkt\/ripple-glasboxen-nickel-3er-set\/\" \/>\n<meta property=\"og:site_name\" content=\"H\u00fcbsch\" \/>\n<meta property=\"article:modified_time\" content=\"2026-04-09T02:24:16+00:00\" \/>\n<meta property=\"og:image\" content=\"https:\/\/hubsch-interior.com\/wp-content\/uploads\/2024\/04\/ripple-glass-boxes-nickel-set-of-3-03ade6a5932c6313ff02535527b1d051.jpg\" \/>\n\t<meta property=\"og:image:width\" content=\"1200\" \/>\n\t<meta property=\"og:image:height\" content=\"1200\" \/>\n\t<meta property=\"og:image:type\" content=\"image\/jpeg\" \/>\n<meta name=\"twitter:card\" content=\"summary_large_image\" \/>\n<script type=\"application\/ld+json\" class=\"yoast-schema-graph\">{\"@context\":\"https:\/\/schema.org\",\"@graph\":[{\"@type\":\"WebPage\",\"@id\":\"https:\/\/hubsch-interior.com\/de\/produkt\/ripple-glasboxen-nickel-3er-set\/\",\"url\":\"https:\/\/hubsch-interior.com\/de\/produkt\/ripple-glasboxen-nickel-3er-set\/\",\"name\":\"Ripple Glasboxen Nickel (3er Set) - H\u00fcbsch\",\"isPartOf\":{\"@id\":\"https:\/\/hubsch-interior.com\/de\/#website\"},\"primaryImageOfPage\":{\"@id\":\"https:\/\/hubsch-interior.com\/de\/produkt\/ripple-glasboxen-nickel-3er-set\/#primaryimage\"},\"image\":{\"@id\":\"https:\/\/hubsch-interior.com\/de\/produkt\/ripple-glasboxen-nickel-3er-set\/#primaryimage\"},\"thumbnailUrl\":\"https:\/\/hubsch-interior.com\/wp-content\/uploads\/2026\/02\/ripple-glass-boxes-nickel-set-of-3-cb2b32672902aeec5c0ff5982e625391.jpg\",\"datePublished\":\"2021-06-04T07:49:02+00:00\",\"dateModified\":\"2026-04-09T02:24:16+00:00\",\"description\":\"Diese Glasboxen sind als 3er-Set mit drei verschiedenen Gr\u00f6\u00dfen erh\u00e4ltlich. Die unterschiedlichen Gr\u00f6\u00dfen bieten ausreichend Stauraum und erm\u00f6glichen\",\"breadcrumb\":{\"@id\":\"https:\/\/hubsch-interior.com\/de\/produkt\/ripple-glasboxen-nickel-3er-set\/#breadcrumb\"},\"inLanguage\":\"de\",\"potentialAction\":[{\"@type\":\"ReadAction\",\"target\":[\"https:\/\/hubsch-interior.com\/de\/produkt\/ripple-glasboxen-nickel-3er-set\/\"]}]},{\"@type\":\"ImageObject\",\"inLanguage\":\"de\",\"@id\":\"https:\/\/hubsch-interior.com\/de\/produkt\/ripple-glasboxen-nickel-3er-set\/#primaryimage\",\"url\":\"https:\/\/hubsch-interior.com\/wp-content\/uploads\/2026\/02\/ripple-glass-boxes-nickel-set-of-3-cb2b32672902aeec5c0ff5982e625391.jpg\",\"contentUrl\":\"https:\/\/hubsch-interior.com\/wp-content\/uploads\/2026\/02\/ripple-glass-boxes-nickel-set-of-3-cb2b32672902aeec5c0ff5982e625391.jpg\",\"width\":1024,\"height\":1024},{\"@type\":\"BreadcrumbList\",\"@id\":\"https:\/\/hubsch-interior.com\/de\/produkt\/ripple-glasboxen-nickel-3er-set\/#breadcrumb\",\"itemListElement\":[{\"@type\":\"ListItem\",\"position\":1,\"name\":\"Startseite\",\"item\":\"https:\/\/hubsch-interior.com\/de\/\"},{\"@type\":\"ListItem\",\"position\":2,\"name\":\"Produkte\",\"item\":\"https:\/\/hubsch-interior.com\/de\/shop-2\/\"},{\"@type\":\"ListItem\",\"position\":3,\"name\":\"Wohnaccessoires\",\"item\":\"https:\/\/hubsch-interior.com\/de\/produkt-kategorie\/wohnaccessoires\/\"},{\"@type\":\"ListItem\",\"position\":4,\"name\":\"Aufbewahrung\",\"item\":\"https:\/\/hubsch-interior.com\/de\/produkt-kategorie\/wohnaccessoires\/aufbewahrung-de\/\"},{\"@type\":\"ListItem\",\"position\":5,\"name\":\"Kisten\",\"item\":\"https:\/\/hubsch-interior.com\/de\/produkt-kategorie\/wohnaccessoires\/aufbewahrung-de\/kisten-de\/\"},{\"@type\":\"ListItem\",\"position\":6,\"name\":\"Ripple Glasboxen Nickel (3er Set)\"}]},{\"@type\":\"WebSite\",\"@id\":\"https:\/\/hubsch-interior.com\/de\/#website\",\"url\":\"https:\/\/hubsch-interior.com\/de\/\",\"name\":\"H\u00fcbsch\",\"description\":\"Danish Home Interior and Design\",\"publisher\":{\"@id\":\"https:\/\/hubsch-interior.com\/de\/#organization\"},\"potentialAction\":[{\"@type\":\"SearchAction\",\"target\":{\"@type\":\"EntryPoint\",\"urlTemplate\":\"https:\/\/hubsch-interior.com\/de\/?s={search_term_string}\"},\"query-input\":{\"@type\":\"PropertyValueSpecification\",\"valueRequired\":true,\"valueName\":\"search_term_string\"}}],\"inLanguage\":\"de\"},{\"@type\":\"Organization\",\"@id\":\"https:\/\/hubsch-interior.com\/de\/#organization\",\"name\":\"H\u00fcbsch\",\"url\":\"https:\/\/hubsch-interior.com\/de\/\",\"logo\":{\"@type\":\"ImageObject\",\"inLanguage\":\"de\",\"@id\":\"https:\/\/hubsch-interior.com\/de\/#\/schema\/logo\/image\/\",\"url\":\"https:\/\/hubsch-interior.com\/wp-content\/uploads\/2022\/12\/Hubsch_logo_black_one_line.svg\",\"contentUrl\":\"https:\/\/hubsch-interior.com\/wp-content\/uploads\/2022\/12\/Hubsch_logo_black_one_line.svg\",\"caption\":\"H\u00fcbsch\"},\"image\":{\"@id\":\"https:\/\/hubsch-interior.com\/de\/#\/schema\/logo\/image\/\"}}]}<\/script>\n<!-- \/ Yoast SEO plugin. -->","yoast_head_json":{"title":"Ripple Glasboxen Nickel (3er Set) - H\u00fcbsch","description":"Diese Glasboxen sind als 3er-Set mit drei verschiedenen Gr\u00f6\u00dfen erh\u00e4ltlich. Die unterschiedlichen Gr\u00f6\u00dfen bieten ausreichend Stauraum und erm\u00f6glichen","robots":{"index":"index","follow":"follow","max-snippet":"max-snippet:-1","max-image-preview":"max-image-preview:large","max-video-preview":"max-video-preview:-1"},"canonical":"https:\/\/hubsch-interior.com\/de\/wp-json\/wp\/v2\/product\/389473","og_locale":"de_DE","og_type":"article","og_title":"Ripple Glasboxen Nickel (3er Set) - H\u00fcbsch","og_description":"Diese Glasboxen sind als 3er-Set mit drei verschiedenen Gr\u00f6\u00dfen erh\u00e4ltlich. Die unterschiedlichen Gr\u00f6\u00dfen bieten ausreichend Stauraum und erm\u00f6glichen","og_url":"https:\/\/hubsch-interior.com\/de\/produkt\/ripple-glasboxen-nickel-3er-set\/","og_site_name":"H\u00fcbsch","article_modified_time":"2026-04-09T02:24:16+00:00","og_image":[{"width":1200,"height":1200,"url":"https:\/\/hubsch-interior.com\/wp-content\/uploads\/2024\/04\/ripple-glass-boxes-nickel-set-of-3-03ade6a5932c6313ff02535527b1d051.jpg","type":"image\/jpeg"}],"twitter_card":"summary_large_image","schema":{"@context":"https:\/\/schema.org","@graph":[{"@type":"WebPage","@id":"https:\/\/hubsch-interior.com\/de\/produkt\/ripple-glasboxen-nickel-3er-set\/","url":"https:\/\/hubsch-interior.com\/de\/produkt\/ripple-glasboxen-nickel-3er-set\/","name":"Ripple Glasboxen Nickel (3er Set) - H\u00fcbsch","isPartOf":{"@id":"https:\/\/hubsch-interior.com\/de\/#website"},"primaryImageOfPage":{"@id":"https:\/\/hubsch-interior.com\/de\/produkt\/ripple-glasboxen-nickel-3er-set\/#primaryimage"},"image":{"@id":"https:\/\/hubsch-interior.com\/de\/produkt\/ripple-glasboxen-nickel-3er-set\/#primaryimage"},"thumbnailUrl":"https:\/\/hubsch-interior.com\/wp-content\/uploads\/2026\/02\/ripple-glass-boxes-nickel-set-of-3-cb2b32672902aeec5c0ff5982e625391.jpg","datePublished":"2021-06-04T07:49:02+00:00","dateModified":"2026-04-09T02:24:16+00:00","description":"Diese Glasboxen sind als 3er-Set mit drei verschiedenen Gr\u00f6\u00dfen erh\u00e4ltlich. Die unterschiedlichen Gr\u00f6\u00dfen bieten ausreichend Stauraum und erm\u00f6glichen","breadcrumb":{"@id":"https:\/\/hubsch-interior.com\/de\/produkt\/ripple-glasboxen-nickel-3er-set\/#breadcrumb"},"inLanguage":"de","potentialAction":[{"@type":"ReadAction","target":["https:\/\/hubsch-interior.com\/de\/produkt\/ripple-glasboxen-nickel-3er-set\/"]}]},{"@type":"ImageObject","inLanguage":"de","@id":"https:\/\/hubsch-interior.com\/de\/produkt\/ripple-glasboxen-nickel-3er-set\/#primaryimage","url":"https:\/\/hubsch-interior.com\/wp-content\/uploads\/2026\/02\/ripple-glass-boxes-nickel-set-of-3-cb2b32672902aeec5c0ff5982e625391.jpg","contentUrl":"https:\/\/hubsch-interior.com\/wp-content\/uploads\/2026\/02\/ripple-glass-boxes-nickel-set-of-3-cb2b32672902aeec5c0ff5982e625391.jpg","width":1024,"height":1024},{"@type":"BreadcrumbList","@id":"https:\/\/hubsch-interior.com\/de\/produkt\/ripple-glasboxen-nickel-3er-set\/#breadcrumb","itemListElement":[{"@type":"ListItem","position":1,"name":"Startseite","item":"https:\/\/hubsch-interior.com\/de\/"},{"@type":"ListItem","position":2,"name":"Produkte","item":"https:\/\/hubsch-interior.com\/de\/shop-2\/"},{"@type":"ListItem","position":3,"name":"Wohnaccessoires","item":"https:\/\/hubsch-interior.com\/de\/produkt-kategorie\/wohnaccessoires\/"},{"@type":"ListItem","position":4,"name":"Aufbewahrung","item":"https:\/\/hubsch-interior.com\/de\/produkt-kategorie\/wohnaccessoires\/aufbewahrung-de\/"},{"@type":"ListItem","position":5,"name":"Kisten","item":"https:\/\/hubsch-interior.com\/de\/produkt-kategorie\/wohnaccessoires\/aufbewahrung-de\/kisten-de\/"},{"@type":"ListItem","position":6,"name":"Ripple Glasboxen Nickel (3er Set)"}]},{"@type":"WebSite","@id":"https:\/\/hubsch-interior.com\/de\/#website","url":"https:\/\/hubsch-interior.com\/de\/","name":"H\u00fcbsch","description":"Danish Home Interior and Design","publisher":{"@id":"https:\/\/hubsch-interior.com\/de\/#organization"},"potentialAction":[{"@type":"SearchAction","target":{"@type":"EntryPoint","urlTemplate":"https:\/\/hubsch-interior.com\/de\/?s={search_term_string}"},"query-input":{"@type":"PropertyValueSpecification","valueRequired":true,"valueName":"search_term_string"}}],"inLanguage":"de"},{"@type":"Organization","@id":"https:\/\/hubsch-interior.com\/de\/#organization","name":"H\u00fcbsch","url":"https:\/\/hubsch-interior.com\/de\/","logo":{"@type":"ImageObject","inLanguage":"de","@id":"https:\/\/hubsch-interior.com\/de\/#\/schema\/logo\/image\/","url":"https:\/\/hubsch-interior.com\/wp-content\/uploads\/2022\/12\/Hubsch_logo_black_one_line.svg","contentUrl":"https:\/\/hubsch-interior.com\/wp-content\/uploads\/2022\/12\/Hubsch_logo_black_one_line.svg","caption":"H\u00fcbsch"},"image":{"@id":"https:\/\/hubsch-interior.com\/de\/#\/schema\/logo\/image\/"}}]}},"_links":{"self":[{"href":"https:\/\/hubsch-interior.com\/de\/wp-json\/wp\/v2\/product\/389473","targetHints":{"allow":["GET"]}}],"collection":[{"href":"https:\/\/hubsch-interior.com\/de\/wp-json\/wp\/v2\/product"}],"about":[{"href":"https:\/\/hubsch-interior.com\/de\/wp-json\/wp\/v2\/types\/product"}],"wp:featuredmedia":[{"embeddable":true,"href":"https:\/\/hubsch-interior.com\/de\/wp-json\/wp\/v2\/media\/1095483"}],"wp:attachment":[{"href":"https:\/\/hubsch-interior.com\/de\/wp-json\/wp\/v2\/media?parent=389473"}],"wp:term":[{"taxonomy":"product_brand","embeddable":true,"href":"https:\/\/hubsch-interior.com\/de\/wp-json\/wp\/v2\/product_brand?post=389473"},{"taxonomy":"product_cat","embeddable":true,"href":"https:\/\/hubsch-interior.com\/de\/wp-json\/wp\/v2\/product_cat?post=389473"},{"taxonomy":"product_tag","embeddable":true,"href":"https:\/\/hubsch-interior.com\/de\/wp-json\/wp\/v2\/product_tag?post=389473"}],"curies":[{"name":"wp","href":"https:\/\/api.w.org\/{rel}","templated":true}]}}