{"id":390349,"date":"2021-06-04T09:52:03","date_gmt":"2021-06-04T07:52:03","guid":{"rendered":"https:\/\/hubsch-interior.com\/shop-b2c\/product\/product-6\/"},"modified":"2026-04-14T04:29:21","modified_gmt":"2026-04-14T02:29:21","slug":"ecru-waschetasche-beige","status":"publish","type":"product","link":"https:\/\/hubsch-interior.com\/de\/produkt\/ecru-waschetasche-beige\/","title":{"rendered":"Ecru W\u00e4schetasche Beige"},"content":{"rendered":"<p>Der W\u00e4schesack besteht aus Bambus und nat\u00fcrlichen Stoffen. Die Farbkombination sorgt f\u00fcr einen schlichten und warmen Look und dient als minimalistische Erg\u00e4nzung f\u00fcr Ihr Zuhause. Der Sack bietet ausreichend Stauraum f\u00fcr Ihre W\u00e4sche.<\/p>\n","protected":false},"excerpt":{"rendered":"<p>Der W\u00e4schesack besteht aus Bambus und nat\u00fcrlichen Stoffen. Die Farbkombination sorgt f\u00fcr einen schlichten und warmen Look und dient als minimalistische Erg\u00e4nzung f\u00fcr Ihr Zuhause. Der Sack bietet ausreichend Stauraum f\u00fcr Ihre W\u00e4sche.<\/p>\n","protected":false},"featured_media":1096748,"template":"","meta":{"_acf_changed":false,"inline_featured_image":false},"product_brand":[],"product_cat":[6912,6915],"product_tag":[],"class_list":{"0":"post-390349","1":"product","2":"type-product","3":"status-publish","4":"has-post-thumbnail","6":"product_cat-flash-side","7":"product_cat-flash-side-de","8":"product_shipping_class-pk","10":"pa_color-beige-4","11":"pa_material-bambus-de","12":"pa_material-cotton-30-de","13":"pa_material-kanevas-de","14":"pa_material-polyester-50-de","16":"first","17":"instock","18":"taxable","19":"shipping-taxable","20":"purchasable","21":"product-type-simple"},"exclude_global_add_ons":[],"addons":[],"acf":[],"yoast_head":"<!-- This site is optimized with the Yoast SEO plugin v26.4 - https:\/\/yoast.com\/wordpress\/plugins\/seo\/ -->\n<title>Ecru W\u00e4schetasche Beige - H\u00fcbsch<\/title>\n<meta name=\"description\" content=\"Der W\u00e4schesack besteht aus Bambus und nat\u00fcrlichen Stoffen. Die Farbkombination sorgt f\u00fcr einen schlichten und warmen Look und dient als minimalistische\" \/>\n<meta name=\"robots\" content=\"index, follow, max-snippet:-1, max-image-preview:large, max-video-preview:-1\" \/>\n<link rel=\"canonical\" href=\"https:\/\/hubsch-interior.com\/de\/wp-json\/wp\/v2\/product\/390349\" \/>\n<meta property=\"og:locale\" content=\"de_DE\" \/>\n<meta property=\"og:type\" content=\"article\" \/>\n<meta property=\"og:title\" content=\"Ecru W\u00e4schetasche Beige - H\u00fcbsch\" \/>\n<meta property=\"og:description\" content=\"Der W\u00e4schesack besteht aus Bambus und nat\u00fcrlichen Stoffen. Die Farbkombination sorgt f\u00fcr einen schlichten und warmen Look und dient als minimalistische\" \/>\n<meta property=\"og:url\" content=\"https:\/\/hubsch-interior.com\/de\/produkt\/ecru-waschetasche-beige\/\" \/>\n<meta property=\"og:site_name\" content=\"H\u00fcbsch\" \/>\n<meta property=\"article:modified_time\" content=\"2026-04-14T02:29:21+00:00\" \/>\n<meta property=\"og:image\" content=\"https:\/\/hubsch-interior.com\/wp-content\/uploads\/2024\/08\/ecru-laundry-bag-beige-b9583c716030950534de201f3fe6b6af.jpg\" \/>\n\t<meta property=\"og:image:width\" content=\"1200\" \/>\n\t<meta property=\"og:image:height\" content=\"1200\" \/>\n\t<meta property=\"og:image:type\" content=\"image\/jpeg\" \/>\n<meta name=\"twitter:card\" content=\"summary_large_image\" \/>\n<script type=\"application\/ld+json\" class=\"yoast-schema-graph\">{\"@context\":\"https:\/\/schema.org\",\"@graph\":[{\"@type\":\"WebPage\",\"@id\":\"https:\/\/hubsch-interior.com\/de\/produkt\/ecru-waschetasche-beige\/\",\"url\":\"https:\/\/hubsch-interior.com\/de\/produkt\/ecru-waschetasche-beige\/\",\"name\":\"Ecru W\u00e4schetasche Beige - H\u00fcbsch\",\"isPartOf\":{\"@id\":\"https:\/\/hubsch-interior.com\/de\/#website\"},\"primaryImageOfPage\":{\"@id\":\"https:\/\/hubsch-interior.com\/de\/produkt\/ecru-waschetasche-beige\/#primaryimage\"},\"image\":{\"@id\":\"https:\/\/hubsch-interior.com\/de\/produkt\/ecru-waschetasche-beige\/#primaryimage\"},\"thumbnailUrl\":\"https:\/\/hubsch-interior.com\/wp-content\/uploads\/2026\/02\/ecru-laundry-bag-beige-3c811754629f8e7739118e5924389276.jpg\",\"datePublished\":\"2021-06-04T07:52:03+00:00\",\"dateModified\":\"2026-04-14T02:29:21+00:00\",\"description\":\"Der W\u00e4schesack besteht aus Bambus und nat\u00fcrlichen Stoffen. Die Farbkombination sorgt f\u00fcr einen schlichten und warmen Look und dient als minimalistische\",\"breadcrumb\":{\"@id\":\"https:\/\/hubsch-interior.com\/de\/produkt\/ecru-waschetasche-beige\/#breadcrumb\"},\"inLanguage\":\"de\",\"potentialAction\":[{\"@type\":\"ReadAction\",\"target\":[\"https:\/\/hubsch-interior.com\/de\/produkt\/ecru-waschetasche-beige\/\"]}]},{\"@type\":\"ImageObject\",\"inLanguage\":\"de\",\"@id\":\"https:\/\/hubsch-interior.com\/de\/produkt\/ecru-waschetasche-beige\/#primaryimage\",\"url\":\"https:\/\/hubsch-interior.com\/wp-content\/uploads\/2026\/02\/ecru-laundry-bag-beige-3c811754629f8e7739118e5924389276.jpg\",\"contentUrl\":\"https:\/\/hubsch-interior.com\/wp-content\/uploads\/2026\/02\/ecru-laundry-bag-beige-3c811754629f8e7739118e5924389276.jpg\",\"width\":1024,\"height\":1024},{\"@type\":\"BreadcrumbList\",\"@id\":\"https:\/\/hubsch-interior.com\/de\/produkt\/ecru-waschetasche-beige\/#breadcrumb\",\"itemListElement\":[{\"@type\":\"ListItem\",\"position\":1,\"name\":\"Startseite\",\"item\":\"https:\/\/hubsch-interior.com\/de\/\"},{\"@type\":\"ListItem\",\"position\":2,\"name\":\"Produkte\",\"item\":\"https:\/\/hubsch-interior.com\/de\/shop-2\/\"},{\"@type\":\"ListItem\",\"position\":3,\"name\":\"Bestseller nach L&auml;ndern\",\"item\":\"https:\/\/hubsch-interior.com\/de\/produkt-kategorie\/bestsellers-de\/\"},{\"@type\":\"ListItem\",\"position\":4,\"name\":\"Ecru W\u00e4schetasche Beige\"}]},{\"@type\":\"WebSite\",\"@id\":\"https:\/\/hubsch-interior.com\/de\/#website\",\"url\":\"https:\/\/hubsch-interior.com\/de\/\",\"name\":\"H\u00fcbsch\",\"description\":\"Danish Home Interior and Design\",\"publisher\":{\"@id\":\"https:\/\/hubsch-interior.com\/de\/#organization\"},\"potentialAction\":[{\"@type\":\"SearchAction\",\"target\":{\"@type\":\"EntryPoint\",\"urlTemplate\":\"https:\/\/hubsch-interior.com\/de\/?s={search_term_string}\"},\"query-input\":{\"@type\":\"PropertyValueSpecification\",\"valueRequired\":true,\"valueName\":\"search_term_string\"}}],\"inLanguage\":\"de\"},{\"@type\":\"Organization\",\"@id\":\"https:\/\/hubsch-interior.com\/de\/#organization\",\"name\":\"H\u00fcbsch\",\"url\":\"https:\/\/hubsch-interior.com\/de\/\",\"logo\":{\"@type\":\"ImageObject\",\"inLanguage\":\"de\",\"@id\":\"https:\/\/hubsch-interior.com\/de\/#\/schema\/logo\/image\/\",\"url\":\"https:\/\/hubsch-interior.com\/wp-content\/uploads\/2022\/12\/Hubsch_logo_black_one_line.svg\",\"contentUrl\":\"https:\/\/hubsch-interior.com\/wp-content\/uploads\/2022\/12\/Hubsch_logo_black_one_line.svg\",\"caption\":\"H\u00fcbsch\"},\"image\":{\"@id\":\"https:\/\/hubsch-interior.com\/de\/#\/schema\/logo\/image\/\"}}]}<\/script>\n<!-- \/ Yoast SEO plugin. -->","yoast_head_json":{"title":"Ecru W\u00e4schetasche Beige - H\u00fcbsch","description":"Der W\u00e4schesack besteht aus Bambus und nat\u00fcrlichen Stoffen. Die Farbkombination sorgt f\u00fcr einen schlichten und warmen Look und dient als minimalistische","robots":{"index":"index","follow":"follow","max-snippet":"max-snippet:-1","max-image-preview":"max-image-preview:large","max-video-preview":"max-video-preview:-1"},"canonical":"https:\/\/hubsch-interior.com\/de\/wp-json\/wp\/v2\/product\/390349","og_locale":"de_DE","og_type":"article","og_title":"Ecru W\u00e4schetasche Beige - H\u00fcbsch","og_description":"Der W\u00e4schesack besteht aus Bambus und nat\u00fcrlichen Stoffen. Die Farbkombination sorgt f\u00fcr einen schlichten und warmen Look und dient als minimalistische","og_url":"https:\/\/hubsch-interior.com\/de\/produkt\/ecru-waschetasche-beige\/","og_site_name":"H\u00fcbsch","article_modified_time":"2026-04-14T02:29:21+00:00","og_image":[{"width":1200,"height":1200,"url":"https:\/\/hubsch-interior.com\/wp-content\/uploads\/2024\/08\/ecru-laundry-bag-beige-b9583c716030950534de201f3fe6b6af.jpg","type":"image\/jpeg"}],"twitter_card":"summary_large_image","schema":{"@context":"https:\/\/schema.org","@graph":[{"@type":"WebPage","@id":"https:\/\/hubsch-interior.com\/de\/produkt\/ecru-waschetasche-beige\/","url":"https:\/\/hubsch-interior.com\/de\/produkt\/ecru-waschetasche-beige\/","name":"Ecru W\u00e4schetasche Beige - H\u00fcbsch","isPartOf":{"@id":"https:\/\/hubsch-interior.com\/de\/#website"},"primaryImageOfPage":{"@id":"https:\/\/hubsch-interior.com\/de\/produkt\/ecru-waschetasche-beige\/#primaryimage"},"image":{"@id":"https:\/\/hubsch-interior.com\/de\/produkt\/ecru-waschetasche-beige\/#primaryimage"},"thumbnailUrl":"https:\/\/hubsch-interior.com\/wp-content\/uploads\/2026\/02\/ecru-laundry-bag-beige-3c811754629f8e7739118e5924389276.jpg","datePublished":"2021-06-04T07:52:03+00:00","dateModified":"2026-04-14T02:29:21+00:00","description":"Der W\u00e4schesack besteht aus Bambus und nat\u00fcrlichen Stoffen. Die Farbkombination sorgt f\u00fcr einen schlichten und warmen Look und dient als minimalistische","breadcrumb":{"@id":"https:\/\/hubsch-interior.com\/de\/produkt\/ecru-waschetasche-beige\/#breadcrumb"},"inLanguage":"de","potentialAction":[{"@type":"ReadAction","target":["https:\/\/hubsch-interior.com\/de\/produkt\/ecru-waschetasche-beige\/"]}]},{"@type":"ImageObject","inLanguage":"de","@id":"https:\/\/hubsch-interior.com\/de\/produkt\/ecru-waschetasche-beige\/#primaryimage","url":"https:\/\/hubsch-interior.com\/wp-content\/uploads\/2026\/02\/ecru-laundry-bag-beige-3c811754629f8e7739118e5924389276.jpg","contentUrl":"https:\/\/hubsch-interior.com\/wp-content\/uploads\/2026\/02\/ecru-laundry-bag-beige-3c811754629f8e7739118e5924389276.jpg","width":1024,"height":1024},{"@type":"BreadcrumbList","@id":"https:\/\/hubsch-interior.com\/de\/produkt\/ecru-waschetasche-beige\/#breadcrumb","itemListElement":[{"@type":"ListItem","position":1,"name":"Startseite","item":"https:\/\/hubsch-interior.com\/de\/"},{"@type":"ListItem","position":2,"name":"Produkte","item":"https:\/\/hubsch-interior.com\/de\/shop-2\/"},{"@type":"ListItem","position":3,"name":"Bestseller nach L&auml;ndern","item":"https:\/\/hubsch-interior.com\/de\/produkt-kategorie\/bestsellers-de\/"},{"@type":"ListItem","position":4,"name":"Ecru W\u00e4schetasche Beige"}]},{"@type":"WebSite","@id":"https:\/\/hubsch-interior.com\/de\/#website","url":"https:\/\/hubsch-interior.com\/de\/","name":"H\u00fcbsch","description":"Danish Home Interior and Design","publisher":{"@id":"https:\/\/hubsch-interior.com\/de\/#organization"},"potentialAction":[{"@type":"SearchAction","target":{"@type":"EntryPoint","urlTemplate":"https:\/\/hubsch-interior.com\/de\/?s={search_term_string}"},"query-input":{"@type":"PropertyValueSpecification","valueRequired":true,"valueName":"search_term_string"}}],"inLanguage":"de"},{"@type":"Organization","@id":"https:\/\/hubsch-interior.com\/de\/#organization","name":"H\u00fcbsch","url":"https:\/\/hubsch-interior.com\/de\/","logo":{"@type":"ImageObject","inLanguage":"de","@id":"https:\/\/hubsch-interior.com\/de\/#\/schema\/logo\/image\/","url":"https:\/\/hubsch-interior.com\/wp-content\/uploads\/2022\/12\/Hubsch_logo_black_one_line.svg","contentUrl":"https:\/\/hubsch-interior.com\/wp-content\/uploads\/2022\/12\/Hubsch_logo_black_one_line.svg","caption":"H\u00fcbsch"},"image":{"@id":"https:\/\/hubsch-interior.com\/de\/#\/schema\/logo\/image\/"}}]}},"_links":{"self":[{"href":"https:\/\/hubsch-interior.com\/de\/wp-json\/wp\/v2\/product\/390349","targetHints":{"allow":["GET"]}}],"collection":[{"href":"https:\/\/hubsch-interior.com\/de\/wp-json\/wp\/v2\/product"}],"about":[{"href":"https:\/\/hubsch-interior.com\/de\/wp-json\/wp\/v2\/types\/product"}],"wp:featuredmedia":[{"embeddable":true,"href":"https:\/\/hubsch-interior.com\/de\/wp-json\/wp\/v2\/media\/1096748"}],"wp:attachment":[{"href":"https:\/\/hubsch-interior.com\/de\/wp-json\/wp\/v2\/media?parent=390349"}],"wp:term":[{"taxonomy":"product_brand","embeddable":true,"href":"https:\/\/hubsch-interior.com\/de\/wp-json\/wp\/v2\/product_brand?post=390349"},{"taxonomy":"product_cat","embeddable":true,"href":"https:\/\/hubsch-interior.com\/de\/wp-json\/wp\/v2\/product_cat?post=390349"},{"taxonomy":"product_tag","embeddable":true,"href":"https:\/\/hubsch-interior.com\/de\/wp-json\/wp\/v2\/product_tag?post=390349"}],"curies":[{"name":"wp","href":"https:\/\/api.w.org\/{rel}","templated":true}]}}