{"id":390449,"date":"2021-06-04T09:52:25","date_gmt":"2021-06-04T07:52:25","guid":{"rendered":"https:\/\/hubsch-interior.com\/shop-b2c\/product\/product-6\/"},"modified":"2026-04-03T04:30:48","modified_gmt":"2026-04-03T02:30:48","slug":"modest-vasen-grun-2er-set","status":"publish","type":"product","link":"https:\/\/hubsch-interior.com\/de\/produkt\/modest-vasen-grun-2er-set\/","title":{"rendered":"Modest Vasen Gr\u00fcn (2er Set)"},"content":{"rendered":"<p>Die Vasen bestehen aus gr\u00fcnem Glas und sind in zwei Formen und Gr\u00f6\u00dfen erh\u00e4ltlich. Die Vasen k\u00f6nnen f\u00fcr getrocknete Blumen, Blumenstr\u00e4u\u00dfe oder als gem\u00fctliche Dekoration mit LED-Lichtern verwendet werden. Dieses Produkt ist handgefertigt und kann daher variieren.<\/p>\n","protected":false},"excerpt":{"rendered":"<p>Die Vasen bestehen aus gr\u00fcnem Glas und sind in zwei Formen und Gr\u00f6\u00dfen erh\u00e4ltlich. Die Vasen k\u00f6nnen f\u00fcr getrocknete Blumen, Blumenstr\u00e4u\u00dfe oder als gem\u00fctliche Dekoration mit LED-Lichtern verwendet werden. Dieses Produkt ist handgefertigt und kann daher variieren.<\/p>\n","protected":false},"featured_media":1096796,"template":"","meta":{"_acf_changed":false,"inline_featured_image":false},"product_brand":[],"product_cat":[6972,3156,6519],"product_tag":[],"class_list":{"0":"post-390449","1":"product","2":"type-product","3":"status-publish","4":"has-post-thumbnail","6":"product_cat-oster-sale","7":"product_cat-vasen-de","8":"product_cat-outlet-de","9":"product_shipping_class-pk","11":"pa_color-grn-2","12":"pa_material-glas-de","14":"first","15":"instock","16":"sale","17":"taxable","18":"shipping-taxable","19":"purchasable","20":"product-type-simple"},"exclude_global_add_ons":[],"addons":[],"acf":[],"yoast_head":"<!-- This site is optimized with the Yoast SEO plugin v26.4 - https:\/\/yoast.com\/wordpress\/plugins\/seo\/ -->\n<title>Modest Vasen Gr\u00fcn (2er Set) - H\u00fcbsch<\/title>\n<meta name=\"description\" content=\"Die Vasen bestehen aus gr\u00fcnem Glas und sind in zwei Formen und Gr\u00f6\u00dfen erh\u00e4ltlich. Die Vasen k\u00f6nnen f\u00fcr getrocknete Blumen, Blumenstr\u00e4u\u00dfe oder als\" \/>\n<meta name=\"robots\" content=\"index, follow, max-snippet:-1, max-image-preview:large, max-video-preview:-1\" \/>\n<link rel=\"canonical\" href=\"https:\/\/hubsch-interior.com\/de\/wp-json\/wp\/v2\/product\/390449\" \/>\n<meta property=\"og:locale\" content=\"de_DE\" \/>\n<meta property=\"og:type\" content=\"article\" \/>\n<meta property=\"og:title\" content=\"Modest Vasen Gr\u00fcn (2er Set) - H\u00fcbsch\" \/>\n<meta property=\"og:description\" content=\"Die Vasen bestehen aus gr\u00fcnem Glas und sind in zwei Formen und Gr\u00f6\u00dfen erh\u00e4ltlich. Die Vasen k\u00f6nnen f\u00fcr getrocknete Blumen, Blumenstr\u00e4u\u00dfe oder als\" \/>\n<meta property=\"og:url\" content=\"https:\/\/hubsch-interior.com\/de\/produkt\/modest-vasen-grun-2er-set\/\" \/>\n<meta property=\"og:site_name\" content=\"H\u00fcbsch\" \/>\n<meta property=\"article:modified_time\" content=\"2026-04-03T02:30:48+00:00\" \/>\n<meta property=\"og:image\" content=\"https:\/\/hubsch-interior.com\/wp-content\/uploads\/2025\/04\/modest-vases-green-set-of-2-7a6b7bbcc224de3bc855df3ab9349c51.jpg\" \/>\n\t<meta property=\"og:image:width\" content=\"1200\" \/>\n\t<meta property=\"og:image:height\" content=\"1200\" \/>\n\t<meta property=\"og:image:type\" content=\"image\/jpeg\" \/>\n<meta name=\"twitter:card\" content=\"summary_large_image\" \/>\n<script type=\"application\/ld+json\" class=\"yoast-schema-graph\">{\"@context\":\"https:\/\/schema.org\",\"@graph\":[{\"@type\":\"WebPage\",\"@id\":\"https:\/\/hubsch-interior.com\/de\/produkt\/modest-vasen-grun-2er-set\/\",\"url\":\"https:\/\/hubsch-interior.com\/de\/produkt\/modest-vasen-grun-2er-set\/\",\"name\":\"Modest Vasen Gr\u00fcn (2er Set) - H\u00fcbsch\",\"isPartOf\":{\"@id\":\"https:\/\/hubsch-interior.com\/de\/#website\"},\"primaryImageOfPage\":{\"@id\":\"https:\/\/hubsch-interior.com\/de\/produkt\/modest-vasen-grun-2er-set\/#primaryimage\"},\"image\":{\"@id\":\"https:\/\/hubsch-interior.com\/de\/produkt\/modest-vasen-grun-2er-set\/#primaryimage\"},\"thumbnailUrl\":\"https:\/\/hubsch-interior.com\/wp-content\/uploads\/2026\/02\/modest-vases-green-set-of-2-e48ce33f509538315dca8c3857937214.jpg\",\"datePublished\":\"2021-06-04T07:52:25+00:00\",\"dateModified\":\"2026-04-03T02:30:48+00:00\",\"description\":\"Die Vasen bestehen aus gr\u00fcnem Glas und sind in zwei Formen und Gr\u00f6\u00dfen erh\u00e4ltlich. Die Vasen k\u00f6nnen f\u00fcr getrocknete Blumen, Blumenstr\u00e4u\u00dfe oder als\",\"breadcrumb\":{\"@id\":\"https:\/\/hubsch-interior.com\/de\/produkt\/modest-vasen-grun-2er-set\/#breadcrumb\"},\"inLanguage\":\"de\",\"potentialAction\":[{\"@type\":\"ReadAction\",\"target\":[\"https:\/\/hubsch-interior.com\/de\/produkt\/modest-vasen-grun-2er-set\/\"]}]},{\"@type\":\"ImageObject\",\"inLanguage\":\"de\",\"@id\":\"https:\/\/hubsch-interior.com\/de\/produkt\/modest-vasen-grun-2er-set\/#primaryimage\",\"url\":\"https:\/\/hubsch-interior.com\/wp-content\/uploads\/2026\/02\/modest-vases-green-set-of-2-e48ce33f509538315dca8c3857937214.jpg\",\"contentUrl\":\"https:\/\/hubsch-interior.com\/wp-content\/uploads\/2026\/02\/modest-vases-green-set-of-2-e48ce33f509538315dca8c3857937214.jpg\",\"width\":1024,\"height\":1024},{\"@type\":\"BreadcrumbList\",\"@id\":\"https:\/\/hubsch-interior.com\/de\/produkt\/modest-vasen-grun-2er-set\/#breadcrumb\",\"itemListElement\":[{\"@type\":\"ListItem\",\"position\":1,\"name\":\"Startseite\",\"item\":\"https:\/\/hubsch-interior.com\/de\/\"},{\"@type\":\"ListItem\",\"position\":2,\"name\":\"Produkte\",\"item\":\"https:\/\/hubsch-interior.com\/de\/shop-2\/\"},{\"@type\":\"ListItem\",\"position\":3,\"name\":\"Wohnaccessoires\",\"item\":\"https:\/\/hubsch-interior.com\/de\/produkt-kategorie\/wohnaccessoires\/\"},{\"@type\":\"ListItem\",\"position\":4,\"name\":\"Vasen\",\"item\":\"https:\/\/hubsch-interior.com\/de\/produkt-kategorie\/wohnaccessoires\/vasen-de\/\"},{\"@type\":\"ListItem\",\"position\":5,\"name\":\"Modest Vasen Gr\u00fcn (2er Set)\"}]},{\"@type\":\"WebSite\",\"@id\":\"https:\/\/hubsch-interior.com\/de\/#website\",\"url\":\"https:\/\/hubsch-interior.com\/de\/\",\"name\":\"H\u00fcbsch\",\"description\":\"Danish Home Interior and Design\",\"publisher\":{\"@id\":\"https:\/\/hubsch-interior.com\/de\/#organization\"},\"potentialAction\":[{\"@type\":\"SearchAction\",\"target\":{\"@type\":\"EntryPoint\",\"urlTemplate\":\"https:\/\/hubsch-interior.com\/de\/?s={search_term_string}\"},\"query-input\":{\"@type\":\"PropertyValueSpecification\",\"valueRequired\":true,\"valueName\":\"search_term_string\"}}],\"inLanguage\":\"de\"},{\"@type\":\"Organization\",\"@id\":\"https:\/\/hubsch-interior.com\/de\/#organization\",\"name\":\"H\u00fcbsch\",\"url\":\"https:\/\/hubsch-interior.com\/de\/\",\"logo\":{\"@type\":\"ImageObject\",\"inLanguage\":\"de\",\"@id\":\"https:\/\/hubsch-interior.com\/de\/#\/schema\/logo\/image\/\",\"url\":\"https:\/\/hubsch-interior.com\/wp-content\/uploads\/2022\/12\/Hubsch_logo_black_one_line.svg\",\"contentUrl\":\"https:\/\/hubsch-interior.com\/wp-content\/uploads\/2022\/12\/Hubsch_logo_black_one_line.svg\",\"caption\":\"H\u00fcbsch\"},\"image\":{\"@id\":\"https:\/\/hubsch-interior.com\/de\/#\/schema\/logo\/image\/\"}}]}<\/script>\n<!-- \/ Yoast SEO plugin. -->","yoast_head_json":{"title":"Modest Vasen Gr\u00fcn (2er Set) - H\u00fcbsch","description":"Die Vasen bestehen aus gr\u00fcnem Glas und sind in zwei Formen und Gr\u00f6\u00dfen erh\u00e4ltlich. Die Vasen k\u00f6nnen f\u00fcr getrocknete Blumen, Blumenstr\u00e4u\u00dfe oder als","robots":{"index":"index","follow":"follow","max-snippet":"max-snippet:-1","max-image-preview":"max-image-preview:large","max-video-preview":"max-video-preview:-1"},"canonical":"https:\/\/hubsch-interior.com\/de\/wp-json\/wp\/v2\/product\/390449","og_locale":"de_DE","og_type":"article","og_title":"Modest Vasen Gr\u00fcn (2er Set) - H\u00fcbsch","og_description":"Die Vasen bestehen aus gr\u00fcnem Glas und sind in zwei Formen und Gr\u00f6\u00dfen erh\u00e4ltlich. Die Vasen k\u00f6nnen f\u00fcr getrocknete Blumen, Blumenstr\u00e4u\u00dfe oder als","og_url":"https:\/\/hubsch-interior.com\/de\/produkt\/modest-vasen-grun-2er-set\/","og_site_name":"H\u00fcbsch","article_modified_time":"2026-04-03T02:30:48+00:00","og_image":[{"width":1200,"height":1200,"url":"https:\/\/hubsch-interior.com\/wp-content\/uploads\/2025\/04\/modest-vases-green-set-of-2-7a6b7bbcc224de3bc855df3ab9349c51.jpg","type":"image\/jpeg"}],"twitter_card":"summary_large_image","schema":{"@context":"https:\/\/schema.org","@graph":[{"@type":"WebPage","@id":"https:\/\/hubsch-interior.com\/de\/produkt\/modest-vasen-grun-2er-set\/","url":"https:\/\/hubsch-interior.com\/de\/produkt\/modest-vasen-grun-2er-set\/","name":"Modest Vasen Gr\u00fcn (2er Set) - H\u00fcbsch","isPartOf":{"@id":"https:\/\/hubsch-interior.com\/de\/#website"},"primaryImageOfPage":{"@id":"https:\/\/hubsch-interior.com\/de\/produkt\/modest-vasen-grun-2er-set\/#primaryimage"},"image":{"@id":"https:\/\/hubsch-interior.com\/de\/produkt\/modest-vasen-grun-2er-set\/#primaryimage"},"thumbnailUrl":"https:\/\/hubsch-interior.com\/wp-content\/uploads\/2026\/02\/modest-vases-green-set-of-2-e48ce33f509538315dca8c3857937214.jpg","datePublished":"2021-06-04T07:52:25+00:00","dateModified":"2026-04-03T02:30:48+00:00","description":"Die Vasen bestehen aus gr\u00fcnem Glas und sind in zwei Formen und Gr\u00f6\u00dfen erh\u00e4ltlich. Die Vasen k\u00f6nnen f\u00fcr getrocknete Blumen, Blumenstr\u00e4u\u00dfe oder als","breadcrumb":{"@id":"https:\/\/hubsch-interior.com\/de\/produkt\/modest-vasen-grun-2er-set\/#breadcrumb"},"inLanguage":"de","potentialAction":[{"@type":"ReadAction","target":["https:\/\/hubsch-interior.com\/de\/produkt\/modest-vasen-grun-2er-set\/"]}]},{"@type":"ImageObject","inLanguage":"de","@id":"https:\/\/hubsch-interior.com\/de\/produkt\/modest-vasen-grun-2er-set\/#primaryimage","url":"https:\/\/hubsch-interior.com\/wp-content\/uploads\/2026\/02\/modest-vases-green-set-of-2-e48ce33f509538315dca8c3857937214.jpg","contentUrl":"https:\/\/hubsch-interior.com\/wp-content\/uploads\/2026\/02\/modest-vases-green-set-of-2-e48ce33f509538315dca8c3857937214.jpg","width":1024,"height":1024},{"@type":"BreadcrumbList","@id":"https:\/\/hubsch-interior.com\/de\/produkt\/modest-vasen-grun-2er-set\/#breadcrumb","itemListElement":[{"@type":"ListItem","position":1,"name":"Startseite","item":"https:\/\/hubsch-interior.com\/de\/"},{"@type":"ListItem","position":2,"name":"Produkte","item":"https:\/\/hubsch-interior.com\/de\/shop-2\/"},{"@type":"ListItem","position":3,"name":"Wohnaccessoires","item":"https:\/\/hubsch-interior.com\/de\/produkt-kategorie\/wohnaccessoires\/"},{"@type":"ListItem","position":4,"name":"Vasen","item":"https:\/\/hubsch-interior.com\/de\/produkt-kategorie\/wohnaccessoires\/vasen-de\/"},{"@type":"ListItem","position":5,"name":"Modest Vasen Gr\u00fcn (2er Set)"}]},{"@type":"WebSite","@id":"https:\/\/hubsch-interior.com\/de\/#website","url":"https:\/\/hubsch-interior.com\/de\/","name":"H\u00fcbsch","description":"Danish Home Interior and Design","publisher":{"@id":"https:\/\/hubsch-interior.com\/de\/#organization"},"potentialAction":[{"@type":"SearchAction","target":{"@type":"EntryPoint","urlTemplate":"https:\/\/hubsch-interior.com\/de\/?s={search_term_string}"},"query-input":{"@type":"PropertyValueSpecification","valueRequired":true,"valueName":"search_term_string"}}],"inLanguage":"de"},{"@type":"Organization","@id":"https:\/\/hubsch-interior.com\/de\/#organization","name":"H\u00fcbsch","url":"https:\/\/hubsch-interior.com\/de\/","logo":{"@type":"ImageObject","inLanguage":"de","@id":"https:\/\/hubsch-interior.com\/de\/#\/schema\/logo\/image\/","url":"https:\/\/hubsch-interior.com\/wp-content\/uploads\/2022\/12\/Hubsch_logo_black_one_line.svg","contentUrl":"https:\/\/hubsch-interior.com\/wp-content\/uploads\/2022\/12\/Hubsch_logo_black_one_line.svg","caption":"H\u00fcbsch"},"image":{"@id":"https:\/\/hubsch-interior.com\/de\/#\/schema\/logo\/image\/"}}]}},"_links":{"self":[{"href":"https:\/\/hubsch-interior.com\/de\/wp-json\/wp\/v2\/product\/390449","targetHints":{"allow":["GET"]}}],"collection":[{"href":"https:\/\/hubsch-interior.com\/de\/wp-json\/wp\/v2\/product"}],"about":[{"href":"https:\/\/hubsch-interior.com\/de\/wp-json\/wp\/v2\/types\/product"}],"wp:featuredmedia":[{"embeddable":true,"href":"https:\/\/hubsch-interior.com\/de\/wp-json\/wp\/v2\/media\/1096796"}],"wp:attachment":[{"href":"https:\/\/hubsch-interior.com\/de\/wp-json\/wp\/v2\/media?parent=390449"}],"wp:term":[{"taxonomy":"product_brand","embeddable":true,"href":"https:\/\/hubsch-interior.com\/de\/wp-json\/wp\/v2\/product_brand?post=390449"},{"taxonomy":"product_cat","embeddable":true,"href":"https:\/\/hubsch-interior.com\/de\/wp-json\/wp\/v2\/product_cat?post=390449"},{"taxonomy":"product_tag","embeddable":true,"href":"https:\/\/hubsch-interior.com\/de\/wp-json\/wp\/v2\/product_tag?post=390449"}],"curies":[{"name":"wp","href":"https:\/\/api.w.org\/{rel}","templated":true}]}}