{"id":390685,"date":"2021-06-04T09:53:12","date_gmt":"2021-06-04T07:53:12","guid":{"rendered":"https:\/\/hubsch-interior.com\/shop-b2c\/product\/product-6\/"},"modified":"2026-04-09T04:30:11","modified_gmt":"2026-04-09T02:30:11","slug":"posy-vase-rotbraun-alt-rosa","status":"publish","type":"product","link":"https:\/\/hubsch-interior.com\/de\/produkt\/posy-vase-rotbraun-alt-rosa\/","title":{"rendered":"Posy Vase Rotbraun\/Alt rosa"},"content":{"rendered":"<p>Diese Vase besteht aus Glas und ist in zwei Violettt\u00f6nen erh\u00e4ltlich. Der Farbverlauf verleiht einen einzigartigen Look. Die lilafarbenen T\u00f6ne setzen gr\u00fcne Pflanzen sowie helle und farbenfrohe Blumen perfekt in Szene. Dieses Produkt ist handgefertigt und kann daher variieren.<\/p>\n","protected":false},"excerpt":{"rendered":"<p>Diese Vase besteht aus Glas und ist in zwei Violettt\u00f6nen erh\u00e4ltlich. Der Farbverlauf verleiht einen einzigartigen Look. Die lilafarbenen T\u00f6ne setzen gr\u00fcne Pflanzen sowie helle und farbenfrohe Blumen perfekt in Szene. Dieses Produkt ist handgefertigt und kann daher variieren.<\/p>\n","protected":false},"featured_media":1096872,"template":"","meta":{"_acf_changed":false,"inline_featured_image":false},"product_brand":[],"product_cat":[6972,6519,3156],"product_tag":[],"class_list":{"0":"post-390685","1":"product","2":"type-product","3":"status-publish","4":"has-post-thumbnail","6":"product_cat-oster-sale","7":"product_cat-outlet-de","8":"product_cat-vasen-de","9":"product_shipping_class-pk","11":"pa_color-alt-rosa","12":"pa_color-rotbraun-2","13":"pa_material-glas-de","15":"first","16":"instock","17":"sale","18":"taxable","19":"shipping-taxable","20":"purchasable","21":"product-type-simple"},"exclude_global_add_ons":[],"addons":[],"acf":[],"yoast_head":"<!-- This site is optimized with the Yoast SEO plugin v26.4 - https:\/\/yoast.com\/wordpress\/plugins\/seo\/ -->\n<title>Posy Vase Rotbraun\/Alt rosa - H\u00fcbsch<\/title>\n<meta name=\"description\" content=\"Diese Vase besteht aus Glas und ist in zwei Violettt\u00f6nen erh\u00e4ltlich. Der Farbverlauf verleiht einen einzigartigen Look. Die lilafarbenen T\u00f6ne setzen gr\u00fcne\" \/>\n<meta name=\"robots\" content=\"index, follow, max-snippet:-1, max-image-preview:large, max-video-preview:-1\" \/>\n<link rel=\"canonical\" href=\"https:\/\/hubsch-interior.com\/de\/wp-json\/wp\/v2\/product\/390685\" \/>\n<meta property=\"og:locale\" content=\"de_DE\" \/>\n<meta property=\"og:type\" content=\"article\" \/>\n<meta property=\"og:title\" content=\"Posy Vase Rotbraun\/Alt rosa - H\u00fcbsch\" \/>\n<meta property=\"og:description\" content=\"Diese Vase besteht aus Glas und ist in zwei Violettt\u00f6nen erh\u00e4ltlich. Der Farbverlauf verleiht einen einzigartigen Look. Die lilafarbenen T\u00f6ne setzen gr\u00fcne\" \/>\n<meta property=\"og:url\" content=\"https:\/\/hubsch-interior.com\/de\/produkt\/posy-vase-rotbraun-alt-rosa\/\" \/>\n<meta property=\"og:site_name\" content=\"H\u00fcbsch\" \/>\n<meta property=\"article:modified_time\" content=\"2026-04-09T02:30:11+00:00\" \/>\n<meta property=\"og:image\" content=\"https:\/\/hubsch-interior.com\/wp-content\/uploads\/2023\/08\/posy-vase-maroonrose-6c82d6bf6c724b8d566fd8329b54e2b9.jpg\" \/>\n\t<meta property=\"og:image:width\" content=\"1200\" \/>\n\t<meta property=\"og:image:height\" content=\"1200\" \/>\n\t<meta property=\"og:image:type\" content=\"image\/jpeg\" \/>\n<meta name=\"twitter:card\" content=\"summary_large_image\" \/>\n<script type=\"application\/ld+json\" class=\"yoast-schema-graph\">{\"@context\":\"https:\/\/schema.org\",\"@graph\":[{\"@type\":\"WebPage\",\"@id\":\"https:\/\/hubsch-interior.com\/de\/produkt\/posy-vase-rotbraun-alt-rosa\/\",\"url\":\"https:\/\/hubsch-interior.com\/de\/produkt\/posy-vase-rotbraun-alt-rosa\/\",\"name\":\"Posy Vase Rotbraun\/Alt rosa - H\u00fcbsch\",\"isPartOf\":{\"@id\":\"https:\/\/hubsch-interior.com\/de\/#website\"},\"primaryImageOfPage\":{\"@id\":\"https:\/\/hubsch-interior.com\/de\/produkt\/posy-vase-rotbraun-alt-rosa\/#primaryimage\"},\"image\":{\"@id\":\"https:\/\/hubsch-interior.com\/de\/produkt\/posy-vase-rotbraun-alt-rosa\/#primaryimage\"},\"thumbnailUrl\":\"https:\/\/hubsch-interior.com\/wp-content\/uploads\/2026\/02\/posy-vase-maroonrose-64945b799e1494e6d63f4779bd319d9b.jpg\",\"datePublished\":\"2021-06-04T07:53:12+00:00\",\"dateModified\":\"2026-04-09T02:30:11+00:00\",\"description\":\"Diese Vase besteht aus Glas und ist in zwei Violettt\u00f6nen erh\u00e4ltlich. Der Farbverlauf verleiht einen einzigartigen Look. Die lilafarbenen T\u00f6ne setzen gr\u00fcne\",\"breadcrumb\":{\"@id\":\"https:\/\/hubsch-interior.com\/de\/produkt\/posy-vase-rotbraun-alt-rosa\/#breadcrumb\"},\"inLanguage\":\"de\",\"potentialAction\":[{\"@type\":\"ReadAction\",\"target\":[\"https:\/\/hubsch-interior.com\/de\/produkt\/posy-vase-rotbraun-alt-rosa\/\"]}]},{\"@type\":\"ImageObject\",\"inLanguage\":\"de\",\"@id\":\"https:\/\/hubsch-interior.com\/de\/produkt\/posy-vase-rotbraun-alt-rosa\/#primaryimage\",\"url\":\"https:\/\/hubsch-interior.com\/wp-content\/uploads\/2026\/02\/posy-vase-maroonrose-64945b799e1494e6d63f4779bd319d9b.jpg\",\"contentUrl\":\"https:\/\/hubsch-interior.com\/wp-content\/uploads\/2026\/02\/posy-vase-maroonrose-64945b799e1494e6d63f4779bd319d9b.jpg\",\"width\":1024,\"height\":1024},{\"@type\":\"BreadcrumbList\",\"@id\":\"https:\/\/hubsch-interior.com\/de\/produkt\/posy-vase-rotbraun-alt-rosa\/#breadcrumb\",\"itemListElement\":[{\"@type\":\"ListItem\",\"position\":1,\"name\":\"Startseite\",\"item\":\"https:\/\/hubsch-interior.com\/de\/\"},{\"@type\":\"ListItem\",\"position\":2,\"name\":\"Produkte\",\"item\":\"https:\/\/hubsch-interior.com\/de\/shop-2\/\"},{\"@type\":\"ListItem\",\"position\":3,\"name\":\"Wohnaccessoires\",\"item\":\"https:\/\/hubsch-interior.com\/de\/produkt-kategorie\/wohnaccessoires\/\"},{\"@type\":\"ListItem\",\"position\":4,\"name\":\"Vasen\",\"item\":\"https:\/\/hubsch-interior.com\/de\/produkt-kategorie\/wohnaccessoires\/vasen-de\/\"},{\"@type\":\"ListItem\",\"position\":5,\"name\":\"Posy Vase Rotbraun\/Alt rosa\"}]},{\"@type\":\"WebSite\",\"@id\":\"https:\/\/hubsch-interior.com\/de\/#website\",\"url\":\"https:\/\/hubsch-interior.com\/de\/\",\"name\":\"H\u00fcbsch\",\"description\":\"Danish Home Interior and Design\",\"publisher\":{\"@id\":\"https:\/\/hubsch-interior.com\/de\/#organization\"},\"potentialAction\":[{\"@type\":\"SearchAction\",\"target\":{\"@type\":\"EntryPoint\",\"urlTemplate\":\"https:\/\/hubsch-interior.com\/de\/?s={search_term_string}\"},\"query-input\":{\"@type\":\"PropertyValueSpecification\",\"valueRequired\":true,\"valueName\":\"search_term_string\"}}],\"inLanguage\":\"de\"},{\"@type\":\"Organization\",\"@id\":\"https:\/\/hubsch-interior.com\/de\/#organization\",\"name\":\"H\u00fcbsch\",\"url\":\"https:\/\/hubsch-interior.com\/de\/\",\"logo\":{\"@type\":\"ImageObject\",\"inLanguage\":\"de\",\"@id\":\"https:\/\/hubsch-interior.com\/de\/#\/schema\/logo\/image\/\",\"url\":\"https:\/\/hubsch-interior.com\/wp-content\/uploads\/2022\/12\/Hubsch_logo_black_one_line.svg\",\"contentUrl\":\"https:\/\/hubsch-interior.com\/wp-content\/uploads\/2022\/12\/Hubsch_logo_black_one_line.svg\",\"caption\":\"H\u00fcbsch\"},\"image\":{\"@id\":\"https:\/\/hubsch-interior.com\/de\/#\/schema\/logo\/image\/\"}}]}<\/script>\n<!-- \/ Yoast SEO plugin. -->","yoast_head_json":{"title":"Posy Vase Rotbraun\/Alt rosa - H\u00fcbsch","description":"Diese Vase besteht aus Glas und ist in zwei Violettt\u00f6nen erh\u00e4ltlich. Der Farbverlauf verleiht einen einzigartigen Look. Die lilafarbenen T\u00f6ne setzen gr\u00fcne","robots":{"index":"index","follow":"follow","max-snippet":"max-snippet:-1","max-image-preview":"max-image-preview:large","max-video-preview":"max-video-preview:-1"},"canonical":"https:\/\/hubsch-interior.com\/de\/wp-json\/wp\/v2\/product\/390685","og_locale":"de_DE","og_type":"article","og_title":"Posy Vase Rotbraun\/Alt rosa - H\u00fcbsch","og_description":"Diese Vase besteht aus Glas und ist in zwei Violettt\u00f6nen erh\u00e4ltlich. Der Farbverlauf verleiht einen einzigartigen Look. Die lilafarbenen T\u00f6ne setzen gr\u00fcne","og_url":"https:\/\/hubsch-interior.com\/de\/produkt\/posy-vase-rotbraun-alt-rosa\/","og_site_name":"H\u00fcbsch","article_modified_time":"2026-04-09T02:30:11+00:00","og_image":[{"width":1200,"height":1200,"url":"https:\/\/hubsch-interior.com\/wp-content\/uploads\/2023\/08\/posy-vase-maroonrose-6c82d6bf6c724b8d566fd8329b54e2b9.jpg","type":"image\/jpeg"}],"twitter_card":"summary_large_image","schema":{"@context":"https:\/\/schema.org","@graph":[{"@type":"WebPage","@id":"https:\/\/hubsch-interior.com\/de\/produkt\/posy-vase-rotbraun-alt-rosa\/","url":"https:\/\/hubsch-interior.com\/de\/produkt\/posy-vase-rotbraun-alt-rosa\/","name":"Posy Vase Rotbraun\/Alt rosa - H\u00fcbsch","isPartOf":{"@id":"https:\/\/hubsch-interior.com\/de\/#website"},"primaryImageOfPage":{"@id":"https:\/\/hubsch-interior.com\/de\/produkt\/posy-vase-rotbraun-alt-rosa\/#primaryimage"},"image":{"@id":"https:\/\/hubsch-interior.com\/de\/produkt\/posy-vase-rotbraun-alt-rosa\/#primaryimage"},"thumbnailUrl":"https:\/\/hubsch-interior.com\/wp-content\/uploads\/2026\/02\/posy-vase-maroonrose-64945b799e1494e6d63f4779bd319d9b.jpg","datePublished":"2021-06-04T07:53:12+00:00","dateModified":"2026-04-09T02:30:11+00:00","description":"Diese Vase besteht aus Glas und ist in zwei Violettt\u00f6nen erh\u00e4ltlich. Der Farbverlauf verleiht einen einzigartigen Look. Die lilafarbenen T\u00f6ne setzen gr\u00fcne","breadcrumb":{"@id":"https:\/\/hubsch-interior.com\/de\/produkt\/posy-vase-rotbraun-alt-rosa\/#breadcrumb"},"inLanguage":"de","potentialAction":[{"@type":"ReadAction","target":["https:\/\/hubsch-interior.com\/de\/produkt\/posy-vase-rotbraun-alt-rosa\/"]}]},{"@type":"ImageObject","inLanguage":"de","@id":"https:\/\/hubsch-interior.com\/de\/produkt\/posy-vase-rotbraun-alt-rosa\/#primaryimage","url":"https:\/\/hubsch-interior.com\/wp-content\/uploads\/2026\/02\/posy-vase-maroonrose-64945b799e1494e6d63f4779bd319d9b.jpg","contentUrl":"https:\/\/hubsch-interior.com\/wp-content\/uploads\/2026\/02\/posy-vase-maroonrose-64945b799e1494e6d63f4779bd319d9b.jpg","width":1024,"height":1024},{"@type":"BreadcrumbList","@id":"https:\/\/hubsch-interior.com\/de\/produkt\/posy-vase-rotbraun-alt-rosa\/#breadcrumb","itemListElement":[{"@type":"ListItem","position":1,"name":"Startseite","item":"https:\/\/hubsch-interior.com\/de\/"},{"@type":"ListItem","position":2,"name":"Produkte","item":"https:\/\/hubsch-interior.com\/de\/shop-2\/"},{"@type":"ListItem","position":3,"name":"Wohnaccessoires","item":"https:\/\/hubsch-interior.com\/de\/produkt-kategorie\/wohnaccessoires\/"},{"@type":"ListItem","position":4,"name":"Vasen","item":"https:\/\/hubsch-interior.com\/de\/produkt-kategorie\/wohnaccessoires\/vasen-de\/"},{"@type":"ListItem","position":5,"name":"Posy Vase Rotbraun\/Alt rosa"}]},{"@type":"WebSite","@id":"https:\/\/hubsch-interior.com\/de\/#website","url":"https:\/\/hubsch-interior.com\/de\/","name":"H\u00fcbsch","description":"Danish Home Interior and Design","publisher":{"@id":"https:\/\/hubsch-interior.com\/de\/#organization"},"potentialAction":[{"@type":"SearchAction","target":{"@type":"EntryPoint","urlTemplate":"https:\/\/hubsch-interior.com\/de\/?s={search_term_string}"},"query-input":{"@type":"PropertyValueSpecification","valueRequired":true,"valueName":"search_term_string"}}],"inLanguage":"de"},{"@type":"Organization","@id":"https:\/\/hubsch-interior.com\/de\/#organization","name":"H\u00fcbsch","url":"https:\/\/hubsch-interior.com\/de\/","logo":{"@type":"ImageObject","inLanguage":"de","@id":"https:\/\/hubsch-interior.com\/de\/#\/schema\/logo\/image\/","url":"https:\/\/hubsch-interior.com\/wp-content\/uploads\/2022\/12\/Hubsch_logo_black_one_line.svg","contentUrl":"https:\/\/hubsch-interior.com\/wp-content\/uploads\/2022\/12\/Hubsch_logo_black_one_line.svg","caption":"H\u00fcbsch"},"image":{"@id":"https:\/\/hubsch-interior.com\/de\/#\/schema\/logo\/image\/"}}]}},"_links":{"self":[{"href":"https:\/\/hubsch-interior.com\/de\/wp-json\/wp\/v2\/product\/390685","targetHints":{"allow":["GET"]}}],"collection":[{"href":"https:\/\/hubsch-interior.com\/de\/wp-json\/wp\/v2\/product"}],"about":[{"href":"https:\/\/hubsch-interior.com\/de\/wp-json\/wp\/v2\/types\/product"}],"wp:featuredmedia":[{"embeddable":true,"href":"https:\/\/hubsch-interior.com\/de\/wp-json\/wp\/v2\/media\/1096872"}],"wp:attachment":[{"href":"https:\/\/hubsch-interior.com\/de\/wp-json\/wp\/v2\/media?parent=390685"}],"wp:term":[{"taxonomy":"product_brand","embeddable":true,"href":"https:\/\/hubsch-interior.com\/de\/wp-json\/wp\/v2\/product_brand?post=390685"},{"taxonomy":"product_cat","embeddable":true,"href":"https:\/\/hubsch-interior.com\/de\/wp-json\/wp\/v2\/product_cat?post=390685"},{"taxonomy":"product_tag","embeddable":true,"href":"https:\/\/hubsch-interior.com\/de\/wp-json\/wp\/v2\/product_tag?post=390685"}],"curies":[{"name":"wp","href":"https:\/\/api.w.org\/{rel}","templated":true}]}}