{"id":390861,"date":"2021-06-04T09:53:52","date_gmt":"2021-06-04T07:53:52","guid":{"rendered":"https:\/\/hubsch-interior.com\/shop-b2c\/product\/product-6\/"},"modified":"2026-04-09T04:30:47","modified_gmt":"2026-04-09T02:30:47","slug":"prim-sitzauflage-beige","status":"publish","type":"product","link":"https:\/\/hubsch-interior.com\/de\/produkt\/prim-sitzauflage-beige\/","title":{"rendered":"Prim Sitzauflage Beige"},"content":{"rendered":"<p>Das Sitzkissen besteht aus kurzhaarigem Schaffell und ist in der klassischen hellbraunen Farbe erh\u00e4ltlich. Dieses weiche Kissen ist eine gute M\u00f6glichkeit, Sie am Esstisch warm zu halten, sieht aber gleichzeitig auch dekorativ aus.<\/p>\n","protected":false},"excerpt":{"rendered":"<p>Das Sitzkissen besteht aus kurzhaarigem Schaffell und ist in der klassischen hellbraunen Farbe erh\u00e4ltlich. Dieses weiche Kissen ist eine gute M\u00f6glichkeit, Sie am Esstisch warm zu halten, sieht aber gleichzeitig auch dekorativ aus.<\/p>\n","protected":false},"featured_media":1097033,"template":"","meta":{"_acf_changed":false,"inline_featured_image":false},"product_brand":[],"product_cat":[3004,3381],"product_tag":[],"class_list":{"0":"post-390861","1":"product","2":"type-product","3":"status-publish","4":"has-post-thumbnail","6":"product_cat-textilien","7":"product_cat-felle-de","8":"product_shipping_class-pk","10":"pa_color-beige-4","11":"pa_material-wool-100-de","13":"first","14":"instock","15":"taxable","16":"shipping-taxable","17":"purchasable","18":"product-type-simple"},"exclude_global_add_ons":[],"addons":[],"acf":[],"yoast_head":"<!-- This site is optimized with the Yoast SEO plugin v26.4 - https:\/\/yoast.com\/wordpress\/plugins\/seo\/ -->\n<title>Prim Sitzauflage Beige - H\u00fcbsch<\/title>\n<meta name=\"description\" content=\"Das Sitzkissen besteht aus kurzhaarigem Schaffell und ist in der klassischen hellbraunen Farbe erh\u00e4ltlich. Dieses weiche Kissen ist eine gute M\u00f6glichkeit,\" \/>\n<meta name=\"robots\" content=\"index, follow, max-snippet:-1, max-image-preview:large, max-video-preview:-1\" \/>\n<link rel=\"canonical\" href=\"https:\/\/hubsch-interior.com\/de\/wp-json\/wp\/v2\/product\/390861\" \/>\n<meta property=\"og:locale\" content=\"de_DE\" \/>\n<meta property=\"og:type\" content=\"article\" \/>\n<meta property=\"og:title\" content=\"Prim Sitzauflage Beige - H\u00fcbsch\" \/>\n<meta property=\"og:description\" content=\"Das Sitzkissen besteht aus kurzhaarigem Schaffell und ist in der klassischen hellbraunen Farbe erh\u00e4ltlich. Dieses weiche Kissen ist eine gute M\u00f6glichkeit,\" \/>\n<meta property=\"og:url\" content=\"https:\/\/hubsch-interior.com\/de\/produkt\/prim-sitzauflage-beige\/\" \/>\n<meta property=\"og:site_name\" content=\"H\u00fcbsch\" \/>\n<meta property=\"article:modified_time\" content=\"2026-04-09T02:30:47+00:00\" \/>\n<meta property=\"og:image\" content=\"https:\/\/hubsch-interior.com\/wp-content\/uploads\/2023\/08\/prim-seat-cushion-beige-ba900a8fabcd20efe266dac01231e606.jpg\" \/>\n\t<meta property=\"og:image:width\" content=\"1200\" \/>\n\t<meta property=\"og:image:height\" content=\"1200\" \/>\n\t<meta property=\"og:image:type\" content=\"image\/jpeg\" \/>\n<meta name=\"twitter:card\" content=\"summary_large_image\" \/>\n<script type=\"application\/ld+json\" class=\"yoast-schema-graph\">{\"@context\":\"https:\/\/schema.org\",\"@graph\":[{\"@type\":\"WebPage\",\"@id\":\"https:\/\/hubsch-interior.com\/de\/produkt\/prim-sitzauflage-beige\/\",\"url\":\"https:\/\/hubsch-interior.com\/de\/produkt\/prim-sitzauflage-beige\/\",\"name\":\"Prim Sitzauflage Beige - H\u00fcbsch\",\"isPartOf\":{\"@id\":\"https:\/\/hubsch-interior.com\/de\/#website\"},\"primaryImageOfPage\":{\"@id\":\"https:\/\/hubsch-interior.com\/de\/produkt\/prim-sitzauflage-beige\/#primaryimage\"},\"image\":{\"@id\":\"https:\/\/hubsch-interior.com\/de\/produkt\/prim-sitzauflage-beige\/#primaryimage\"},\"thumbnailUrl\":\"https:\/\/hubsch-interior.com\/wp-content\/uploads\/2026\/02\/prim-seat-cushion-beige-5af00b2e4175557f45561af6a2cac70a.jpg\",\"datePublished\":\"2021-06-04T07:53:52+00:00\",\"dateModified\":\"2026-04-09T02:30:47+00:00\",\"description\":\"Das Sitzkissen besteht aus kurzhaarigem Schaffell und ist in der klassischen hellbraunen Farbe erh\u00e4ltlich. Dieses weiche Kissen ist eine gute M\u00f6glichkeit,\",\"breadcrumb\":{\"@id\":\"https:\/\/hubsch-interior.com\/de\/produkt\/prim-sitzauflage-beige\/#breadcrumb\"},\"inLanguage\":\"de\",\"potentialAction\":[{\"@type\":\"ReadAction\",\"target\":[\"https:\/\/hubsch-interior.com\/de\/produkt\/prim-sitzauflage-beige\/\"]}]},{\"@type\":\"ImageObject\",\"inLanguage\":\"de\",\"@id\":\"https:\/\/hubsch-interior.com\/de\/produkt\/prim-sitzauflage-beige\/#primaryimage\",\"url\":\"https:\/\/hubsch-interior.com\/wp-content\/uploads\/2026\/02\/prim-seat-cushion-beige-5af00b2e4175557f45561af6a2cac70a.jpg\",\"contentUrl\":\"https:\/\/hubsch-interior.com\/wp-content\/uploads\/2026\/02\/prim-seat-cushion-beige-5af00b2e4175557f45561af6a2cac70a.jpg\",\"width\":1024,\"height\":1024},{\"@type\":\"BreadcrumbList\",\"@id\":\"https:\/\/hubsch-interior.com\/de\/produkt\/prim-sitzauflage-beige\/#breadcrumb\",\"itemListElement\":[{\"@type\":\"ListItem\",\"position\":1,\"name\":\"Startseite\",\"item\":\"https:\/\/hubsch-interior.com\/de\/\"},{\"@type\":\"ListItem\",\"position\":2,\"name\":\"Produkte\",\"item\":\"https:\/\/hubsch-interior.com\/de\/shop-2\/\"},{\"@type\":\"ListItem\",\"position\":3,\"name\":\"Textilien\",\"item\":\"https:\/\/hubsch-interior.com\/de\/produkt-kategorie\/textilien\/\"},{\"@type\":\"ListItem\",\"position\":4,\"name\":\"Felle\",\"item\":\"https:\/\/hubsch-interior.com\/de\/produkt-kategorie\/textilien\/felle-de\/\"},{\"@type\":\"ListItem\",\"position\":5,\"name\":\"Prim Sitzauflage Beige\"}]},{\"@type\":\"WebSite\",\"@id\":\"https:\/\/hubsch-interior.com\/de\/#website\",\"url\":\"https:\/\/hubsch-interior.com\/de\/\",\"name\":\"H\u00fcbsch\",\"description\":\"Danish Home Interior and Design\",\"publisher\":{\"@id\":\"https:\/\/hubsch-interior.com\/de\/#organization\"},\"potentialAction\":[{\"@type\":\"SearchAction\",\"target\":{\"@type\":\"EntryPoint\",\"urlTemplate\":\"https:\/\/hubsch-interior.com\/de\/?s={search_term_string}\"},\"query-input\":{\"@type\":\"PropertyValueSpecification\",\"valueRequired\":true,\"valueName\":\"search_term_string\"}}],\"inLanguage\":\"de\"},{\"@type\":\"Organization\",\"@id\":\"https:\/\/hubsch-interior.com\/de\/#organization\",\"name\":\"H\u00fcbsch\",\"url\":\"https:\/\/hubsch-interior.com\/de\/\",\"logo\":{\"@type\":\"ImageObject\",\"inLanguage\":\"de\",\"@id\":\"https:\/\/hubsch-interior.com\/de\/#\/schema\/logo\/image\/\",\"url\":\"https:\/\/hubsch-interior.com\/wp-content\/uploads\/2022\/12\/Hubsch_logo_black_one_line.svg\",\"contentUrl\":\"https:\/\/hubsch-interior.com\/wp-content\/uploads\/2022\/12\/Hubsch_logo_black_one_line.svg\",\"caption\":\"H\u00fcbsch\"},\"image\":{\"@id\":\"https:\/\/hubsch-interior.com\/de\/#\/schema\/logo\/image\/\"}}]}<\/script>\n<!-- \/ Yoast SEO plugin. -->","yoast_head_json":{"title":"Prim Sitzauflage Beige - H\u00fcbsch","description":"Das Sitzkissen besteht aus kurzhaarigem Schaffell und ist in der klassischen hellbraunen Farbe erh\u00e4ltlich. Dieses weiche Kissen ist eine gute M\u00f6glichkeit,","robots":{"index":"index","follow":"follow","max-snippet":"max-snippet:-1","max-image-preview":"max-image-preview:large","max-video-preview":"max-video-preview:-1"},"canonical":"https:\/\/hubsch-interior.com\/de\/wp-json\/wp\/v2\/product\/390861","og_locale":"de_DE","og_type":"article","og_title":"Prim Sitzauflage Beige - H\u00fcbsch","og_description":"Das Sitzkissen besteht aus kurzhaarigem Schaffell und ist in der klassischen hellbraunen Farbe erh\u00e4ltlich. Dieses weiche Kissen ist eine gute M\u00f6glichkeit,","og_url":"https:\/\/hubsch-interior.com\/de\/produkt\/prim-sitzauflage-beige\/","og_site_name":"H\u00fcbsch","article_modified_time":"2026-04-09T02:30:47+00:00","og_image":[{"width":1200,"height":1200,"url":"https:\/\/hubsch-interior.com\/wp-content\/uploads\/2023\/08\/prim-seat-cushion-beige-ba900a8fabcd20efe266dac01231e606.jpg","type":"image\/jpeg"}],"twitter_card":"summary_large_image","schema":{"@context":"https:\/\/schema.org","@graph":[{"@type":"WebPage","@id":"https:\/\/hubsch-interior.com\/de\/produkt\/prim-sitzauflage-beige\/","url":"https:\/\/hubsch-interior.com\/de\/produkt\/prim-sitzauflage-beige\/","name":"Prim Sitzauflage Beige - H\u00fcbsch","isPartOf":{"@id":"https:\/\/hubsch-interior.com\/de\/#website"},"primaryImageOfPage":{"@id":"https:\/\/hubsch-interior.com\/de\/produkt\/prim-sitzauflage-beige\/#primaryimage"},"image":{"@id":"https:\/\/hubsch-interior.com\/de\/produkt\/prim-sitzauflage-beige\/#primaryimage"},"thumbnailUrl":"https:\/\/hubsch-interior.com\/wp-content\/uploads\/2026\/02\/prim-seat-cushion-beige-5af00b2e4175557f45561af6a2cac70a.jpg","datePublished":"2021-06-04T07:53:52+00:00","dateModified":"2026-04-09T02:30:47+00:00","description":"Das Sitzkissen besteht aus kurzhaarigem Schaffell und ist in der klassischen hellbraunen Farbe erh\u00e4ltlich. Dieses weiche Kissen ist eine gute M\u00f6glichkeit,","breadcrumb":{"@id":"https:\/\/hubsch-interior.com\/de\/produkt\/prim-sitzauflage-beige\/#breadcrumb"},"inLanguage":"de","potentialAction":[{"@type":"ReadAction","target":["https:\/\/hubsch-interior.com\/de\/produkt\/prim-sitzauflage-beige\/"]}]},{"@type":"ImageObject","inLanguage":"de","@id":"https:\/\/hubsch-interior.com\/de\/produkt\/prim-sitzauflage-beige\/#primaryimage","url":"https:\/\/hubsch-interior.com\/wp-content\/uploads\/2026\/02\/prim-seat-cushion-beige-5af00b2e4175557f45561af6a2cac70a.jpg","contentUrl":"https:\/\/hubsch-interior.com\/wp-content\/uploads\/2026\/02\/prim-seat-cushion-beige-5af00b2e4175557f45561af6a2cac70a.jpg","width":1024,"height":1024},{"@type":"BreadcrumbList","@id":"https:\/\/hubsch-interior.com\/de\/produkt\/prim-sitzauflage-beige\/#breadcrumb","itemListElement":[{"@type":"ListItem","position":1,"name":"Startseite","item":"https:\/\/hubsch-interior.com\/de\/"},{"@type":"ListItem","position":2,"name":"Produkte","item":"https:\/\/hubsch-interior.com\/de\/shop-2\/"},{"@type":"ListItem","position":3,"name":"Textilien","item":"https:\/\/hubsch-interior.com\/de\/produkt-kategorie\/textilien\/"},{"@type":"ListItem","position":4,"name":"Felle","item":"https:\/\/hubsch-interior.com\/de\/produkt-kategorie\/textilien\/felle-de\/"},{"@type":"ListItem","position":5,"name":"Prim Sitzauflage Beige"}]},{"@type":"WebSite","@id":"https:\/\/hubsch-interior.com\/de\/#website","url":"https:\/\/hubsch-interior.com\/de\/","name":"H\u00fcbsch","description":"Danish Home Interior and Design","publisher":{"@id":"https:\/\/hubsch-interior.com\/de\/#organization"},"potentialAction":[{"@type":"SearchAction","target":{"@type":"EntryPoint","urlTemplate":"https:\/\/hubsch-interior.com\/de\/?s={search_term_string}"},"query-input":{"@type":"PropertyValueSpecification","valueRequired":true,"valueName":"search_term_string"}}],"inLanguage":"de"},{"@type":"Organization","@id":"https:\/\/hubsch-interior.com\/de\/#organization","name":"H\u00fcbsch","url":"https:\/\/hubsch-interior.com\/de\/","logo":{"@type":"ImageObject","inLanguage":"de","@id":"https:\/\/hubsch-interior.com\/de\/#\/schema\/logo\/image\/","url":"https:\/\/hubsch-interior.com\/wp-content\/uploads\/2022\/12\/Hubsch_logo_black_one_line.svg","contentUrl":"https:\/\/hubsch-interior.com\/wp-content\/uploads\/2022\/12\/Hubsch_logo_black_one_line.svg","caption":"H\u00fcbsch"},"image":{"@id":"https:\/\/hubsch-interior.com\/de\/#\/schema\/logo\/image\/"}}]}},"_links":{"self":[{"href":"https:\/\/hubsch-interior.com\/de\/wp-json\/wp\/v2\/product\/390861","targetHints":{"allow":["GET"]}}],"collection":[{"href":"https:\/\/hubsch-interior.com\/de\/wp-json\/wp\/v2\/product"}],"about":[{"href":"https:\/\/hubsch-interior.com\/de\/wp-json\/wp\/v2\/types\/product"}],"wp:featuredmedia":[{"embeddable":true,"href":"https:\/\/hubsch-interior.com\/de\/wp-json\/wp\/v2\/media\/1097033"}],"wp:attachment":[{"href":"https:\/\/hubsch-interior.com\/de\/wp-json\/wp\/v2\/media?parent=390861"}],"wp:term":[{"taxonomy":"product_brand","embeddable":true,"href":"https:\/\/hubsch-interior.com\/de\/wp-json\/wp\/v2\/product_brand?post=390861"},{"taxonomy":"product_cat","embeddable":true,"href":"https:\/\/hubsch-interior.com\/de\/wp-json\/wp\/v2\/product_cat?post=390861"},{"taxonomy":"product_tag","embeddable":true,"href":"https:\/\/hubsch-interior.com\/de\/wp-json\/wp\/v2\/product_tag?post=390861"}],"curies":[{"name":"wp","href":"https:\/\/api.w.org\/{rel}","templated":true}]}}