{"id":391117,"date":"2021-06-04T09:55:04","date_gmt":"2021-06-04T07:55:04","guid":{"rendered":"https:\/\/hubsch-interior.com\/shop-b2c\/product\/product-6\/"},"modified":"2026-04-09T04:31:47","modified_gmt":"2026-04-09T02:31:47","slug":"arch-buchstutze-gefrostet","status":"publish","type":"product","link":"https:\/\/hubsch-interior.com\/de\/produkt\/arch-buchstutze-gefrostet\/","title":{"rendered":"Arch Buchst\u00fctze Gefrostet"},"content":{"rendered":"<p>Die Buchst\u00fctze besteht aus Milchglas. Die Form kn\u00fcpft an das klassische Hufeisen an. Sie k\u00f6nnen die Buchst\u00fctze in einem Regal verwenden, um B\u00fccher und Zeitschriften aufrechtzuhalten, auf dem Schreibtisch, um Papiere an Ort und Stelle zu halten oder als dekoratives Objekt an sich. Dieses Produkt ist handgefertigt und kann daher variieren.<\/p>\n","protected":false},"excerpt":{"rendered":"<p>Die Buchst\u00fctze besteht aus Milchglas. Die Form kn\u00fcpft an das klassische Hufeisen an. Sie k\u00f6nnen die Buchst\u00fctze in einem Regal verwenden, um B\u00fccher und Zeitschriften aufrechtzuhalten, auf dem Schreibtisch, um Papiere an Ort und Stelle zu halten oder als dekoratives Objekt an sich. Dieses Produkt ist handgefertigt und kann daher variieren.<\/p>\n","protected":false},"featured_media":1097315,"template":"","meta":{"_acf_changed":false,"inline_featured_image":false},"product_brand":[],"product_cat":[4155,4160,6519],"product_tag":[],"class_list":{"0":"post-391117","1":"product","2":"type-product","3":"status-publish","4":"has-post-thumbnail","6":"product_cat-buero-de","7":"product_cat-buchstuetze-de","8":"product_cat-outlet-de","9":"product_shipping_class-pk","11":"pa_color-gefrostet","12":"pa_material-kristall-de","14":"first","15":"instock","16":"sale","17":"taxable","18":"shipping-taxable","19":"purchasable","20":"product-type-simple"},"exclude_global_add_ons":[],"addons":[],"acf":[],"yoast_head":"<!-- This site is optimized with the Yoast SEO plugin v26.4 - https:\/\/yoast.com\/wordpress\/plugins\/seo\/ -->\n<title>Arch Buchst\u00fctze Gefrostet - H\u00fcbsch<\/title>\n<meta name=\"description\" content=\"Die Buchst\u00fctze besteht aus Milchglas. Die Form kn\u00fcpft an das klassische Hufeisen an. Sie k\u00f6nnen die Buchst\u00fctze in einem Regal verwenden, um B\u00fccher und\" \/>\n<meta name=\"robots\" content=\"index, follow, max-snippet:-1, max-image-preview:large, max-video-preview:-1\" \/>\n<link rel=\"canonical\" href=\"https:\/\/hubsch-interior.com\/de\/wp-json\/wp\/v2\/product\/391117\" \/>\n<meta property=\"og:locale\" content=\"de_DE\" \/>\n<meta property=\"og:type\" content=\"article\" \/>\n<meta property=\"og:title\" content=\"Arch Buchst\u00fctze Gefrostet - H\u00fcbsch\" \/>\n<meta property=\"og:description\" content=\"Die Buchst\u00fctze besteht aus Milchglas. Die Form kn\u00fcpft an das klassische Hufeisen an. Sie k\u00f6nnen die Buchst\u00fctze in einem Regal verwenden, um B\u00fccher und\" \/>\n<meta property=\"og:url\" content=\"https:\/\/hubsch-interior.com\/de\/produkt\/arch-buchstutze-gefrostet\/\" \/>\n<meta property=\"og:site_name\" content=\"H\u00fcbsch\" \/>\n<meta property=\"article:modified_time\" content=\"2026-04-09T02:31:47+00:00\" \/>\n<meta property=\"og:image\" content=\"https:\/\/hubsch-interior.com\/wp-content\/uploads\/2025\/06\/arch-bookend-frosted-7b6f3f87f00009afa140d88fd98c65d5.jpg\" \/>\n\t<meta property=\"og:image:width\" content=\"1200\" \/>\n\t<meta property=\"og:image:height\" content=\"1200\" \/>\n\t<meta property=\"og:image:type\" content=\"image\/jpeg\" \/>\n<meta name=\"twitter:card\" content=\"summary_large_image\" \/>\n<script type=\"application\/ld+json\" class=\"yoast-schema-graph\">{\"@context\":\"https:\/\/schema.org\",\"@graph\":[{\"@type\":\"WebPage\",\"@id\":\"https:\/\/hubsch-interior.com\/de\/produkt\/arch-buchstutze-gefrostet\/\",\"url\":\"https:\/\/hubsch-interior.com\/de\/produkt\/arch-buchstutze-gefrostet\/\",\"name\":\"Arch Buchst\u00fctze Gefrostet - H\u00fcbsch\",\"isPartOf\":{\"@id\":\"https:\/\/hubsch-interior.com\/de\/#website\"},\"primaryImageOfPage\":{\"@id\":\"https:\/\/hubsch-interior.com\/de\/produkt\/arch-buchstutze-gefrostet\/#primaryimage\"},\"image\":{\"@id\":\"https:\/\/hubsch-interior.com\/de\/produkt\/arch-buchstutze-gefrostet\/#primaryimage\"},\"thumbnailUrl\":\"https:\/\/hubsch-interior.com\/wp-content\/uploads\/2026\/02\/arch-bookend-frosted-43a8e977ffecf6f0577c0b3d87e4284e.jpg\",\"datePublished\":\"2021-06-04T07:55:04+00:00\",\"dateModified\":\"2026-04-09T02:31:47+00:00\",\"description\":\"Die Buchst\u00fctze besteht aus Milchglas. Die Form kn\u00fcpft an das klassische Hufeisen an. Sie k\u00f6nnen die Buchst\u00fctze in einem Regal verwenden, um B\u00fccher und\",\"breadcrumb\":{\"@id\":\"https:\/\/hubsch-interior.com\/de\/produkt\/arch-buchstutze-gefrostet\/#breadcrumb\"},\"inLanguage\":\"de\",\"potentialAction\":[{\"@type\":\"ReadAction\",\"target\":[\"https:\/\/hubsch-interior.com\/de\/produkt\/arch-buchstutze-gefrostet\/\"]}]},{\"@type\":\"ImageObject\",\"inLanguage\":\"de\",\"@id\":\"https:\/\/hubsch-interior.com\/de\/produkt\/arch-buchstutze-gefrostet\/#primaryimage\",\"url\":\"https:\/\/hubsch-interior.com\/wp-content\/uploads\/2026\/02\/arch-bookend-frosted-43a8e977ffecf6f0577c0b3d87e4284e.jpg\",\"contentUrl\":\"https:\/\/hubsch-interior.com\/wp-content\/uploads\/2026\/02\/arch-bookend-frosted-43a8e977ffecf6f0577c0b3d87e4284e.jpg\",\"width\":1024,\"height\":1024},{\"@type\":\"BreadcrumbList\",\"@id\":\"https:\/\/hubsch-interior.com\/de\/produkt\/arch-buchstutze-gefrostet\/#breadcrumb\",\"itemListElement\":[{\"@type\":\"ListItem\",\"position\":1,\"name\":\"Startseite\",\"item\":\"https:\/\/hubsch-interior.com\/de\/\"},{\"@type\":\"ListItem\",\"position\":2,\"name\":\"Produkte\",\"item\":\"https:\/\/hubsch-interior.com\/de\/shop-2\/\"},{\"@type\":\"ListItem\",\"position\":3,\"name\":\"Wohnaccessoires\",\"item\":\"https:\/\/hubsch-interior.com\/de\/produkt-kategorie\/wohnaccessoires\/\"},{\"@type\":\"ListItem\",\"position\":4,\"name\":\"B&uuml;ro\",\"item\":\"https:\/\/hubsch-interior.com\/de\/produkt-kategorie\/wohnaccessoires\/buero-de\/\"},{\"@type\":\"ListItem\",\"position\":5,\"name\":\"Buchst&uuml;tze\",\"item\":\"https:\/\/hubsch-interior.com\/de\/produkt-kategorie\/wohnaccessoires\/buero-de\/buchstuetze-de\/\"},{\"@type\":\"ListItem\",\"position\":6,\"name\":\"Arch Buchst\u00fctze Gefrostet\"}]},{\"@type\":\"WebSite\",\"@id\":\"https:\/\/hubsch-interior.com\/de\/#website\",\"url\":\"https:\/\/hubsch-interior.com\/de\/\",\"name\":\"H\u00fcbsch\",\"description\":\"Danish Home Interior and Design\",\"publisher\":{\"@id\":\"https:\/\/hubsch-interior.com\/de\/#organization\"},\"potentialAction\":[{\"@type\":\"SearchAction\",\"target\":{\"@type\":\"EntryPoint\",\"urlTemplate\":\"https:\/\/hubsch-interior.com\/de\/?s={search_term_string}\"},\"query-input\":{\"@type\":\"PropertyValueSpecification\",\"valueRequired\":true,\"valueName\":\"search_term_string\"}}],\"inLanguage\":\"de\"},{\"@type\":\"Organization\",\"@id\":\"https:\/\/hubsch-interior.com\/de\/#organization\",\"name\":\"H\u00fcbsch\",\"url\":\"https:\/\/hubsch-interior.com\/de\/\",\"logo\":{\"@type\":\"ImageObject\",\"inLanguage\":\"de\",\"@id\":\"https:\/\/hubsch-interior.com\/de\/#\/schema\/logo\/image\/\",\"url\":\"https:\/\/hubsch-interior.com\/wp-content\/uploads\/2022\/12\/Hubsch_logo_black_one_line.svg\",\"contentUrl\":\"https:\/\/hubsch-interior.com\/wp-content\/uploads\/2022\/12\/Hubsch_logo_black_one_line.svg\",\"caption\":\"H\u00fcbsch\"},\"image\":{\"@id\":\"https:\/\/hubsch-interior.com\/de\/#\/schema\/logo\/image\/\"}}]}<\/script>\n<!-- \/ Yoast SEO plugin. -->","yoast_head_json":{"title":"Arch Buchst\u00fctze Gefrostet - H\u00fcbsch","description":"Die Buchst\u00fctze besteht aus Milchglas. Die Form kn\u00fcpft an das klassische Hufeisen an. Sie k\u00f6nnen die Buchst\u00fctze in einem Regal verwenden, um B\u00fccher und","robots":{"index":"index","follow":"follow","max-snippet":"max-snippet:-1","max-image-preview":"max-image-preview:large","max-video-preview":"max-video-preview:-1"},"canonical":"https:\/\/hubsch-interior.com\/de\/wp-json\/wp\/v2\/product\/391117","og_locale":"de_DE","og_type":"article","og_title":"Arch Buchst\u00fctze Gefrostet - H\u00fcbsch","og_description":"Die Buchst\u00fctze besteht aus Milchglas. Die Form kn\u00fcpft an das klassische Hufeisen an. Sie k\u00f6nnen die Buchst\u00fctze in einem Regal verwenden, um B\u00fccher und","og_url":"https:\/\/hubsch-interior.com\/de\/produkt\/arch-buchstutze-gefrostet\/","og_site_name":"H\u00fcbsch","article_modified_time":"2026-04-09T02:31:47+00:00","og_image":[{"width":1200,"height":1200,"url":"https:\/\/hubsch-interior.com\/wp-content\/uploads\/2025\/06\/arch-bookend-frosted-7b6f3f87f00009afa140d88fd98c65d5.jpg","type":"image\/jpeg"}],"twitter_card":"summary_large_image","schema":{"@context":"https:\/\/schema.org","@graph":[{"@type":"WebPage","@id":"https:\/\/hubsch-interior.com\/de\/produkt\/arch-buchstutze-gefrostet\/","url":"https:\/\/hubsch-interior.com\/de\/produkt\/arch-buchstutze-gefrostet\/","name":"Arch Buchst\u00fctze Gefrostet - H\u00fcbsch","isPartOf":{"@id":"https:\/\/hubsch-interior.com\/de\/#website"},"primaryImageOfPage":{"@id":"https:\/\/hubsch-interior.com\/de\/produkt\/arch-buchstutze-gefrostet\/#primaryimage"},"image":{"@id":"https:\/\/hubsch-interior.com\/de\/produkt\/arch-buchstutze-gefrostet\/#primaryimage"},"thumbnailUrl":"https:\/\/hubsch-interior.com\/wp-content\/uploads\/2026\/02\/arch-bookend-frosted-43a8e977ffecf6f0577c0b3d87e4284e.jpg","datePublished":"2021-06-04T07:55:04+00:00","dateModified":"2026-04-09T02:31:47+00:00","description":"Die Buchst\u00fctze besteht aus Milchglas. Die Form kn\u00fcpft an das klassische Hufeisen an. Sie k\u00f6nnen die Buchst\u00fctze in einem Regal verwenden, um B\u00fccher und","breadcrumb":{"@id":"https:\/\/hubsch-interior.com\/de\/produkt\/arch-buchstutze-gefrostet\/#breadcrumb"},"inLanguage":"de","potentialAction":[{"@type":"ReadAction","target":["https:\/\/hubsch-interior.com\/de\/produkt\/arch-buchstutze-gefrostet\/"]}]},{"@type":"ImageObject","inLanguage":"de","@id":"https:\/\/hubsch-interior.com\/de\/produkt\/arch-buchstutze-gefrostet\/#primaryimage","url":"https:\/\/hubsch-interior.com\/wp-content\/uploads\/2026\/02\/arch-bookend-frosted-43a8e977ffecf6f0577c0b3d87e4284e.jpg","contentUrl":"https:\/\/hubsch-interior.com\/wp-content\/uploads\/2026\/02\/arch-bookend-frosted-43a8e977ffecf6f0577c0b3d87e4284e.jpg","width":1024,"height":1024},{"@type":"BreadcrumbList","@id":"https:\/\/hubsch-interior.com\/de\/produkt\/arch-buchstutze-gefrostet\/#breadcrumb","itemListElement":[{"@type":"ListItem","position":1,"name":"Startseite","item":"https:\/\/hubsch-interior.com\/de\/"},{"@type":"ListItem","position":2,"name":"Produkte","item":"https:\/\/hubsch-interior.com\/de\/shop-2\/"},{"@type":"ListItem","position":3,"name":"Wohnaccessoires","item":"https:\/\/hubsch-interior.com\/de\/produkt-kategorie\/wohnaccessoires\/"},{"@type":"ListItem","position":4,"name":"B&uuml;ro","item":"https:\/\/hubsch-interior.com\/de\/produkt-kategorie\/wohnaccessoires\/buero-de\/"},{"@type":"ListItem","position":5,"name":"Buchst&uuml;tze","item":"https:\/\/hubsch-interior.com\/de\/produkt-kategorie\/wohnaccessoires\/buero-de\/buchstuetze-de\/"},{"@type":"ListItem","position":6,"name":"Arch Buchst\u00fctze Gefrostet"}]},{"@type":"WebSite","@id":"https:\/\/hubsch-interior.com\/de\/#website","url":"https:\/\/hubsch-interior.com\/de\/","name":"H\u00fcbsch","description":"Danish Home Interior and Design","publisher":{"@id":"https:\/\/hubsch-interior.com\/de\/#organization"},"potentialAction":[{"@type":"SearchAction","target":{"@type":"EntryPoint","urlTemplate":"https:\/\/hubsch-interior.com\/de\/?s={search_term_string}"},"query-input":{"@type":"PropertyValueSpecification","valueRequired":true,"valueName":"search_term_string"}}],"inLanguage":"de"},{"@type":"Organization","@id":"https:\/\/hubsch-interior.com\/de\/#organization","name":"H\u00fcbsch","url":"https:\/\/hubsch-interior.com\/de\/","logo":{"@type":"ImageObject","inLanguage":"de","@id":"https:\/\/hubsch-interior.com\/de\/#\/schema\/logo\/image\/","url":"https:\/\/hubsch-interior.com\/wp-content\/uploads\/2022\/12\/Hubsch_logo_black_one_line.svg","contentUrl":"https:\/\/hubsch-interior.com\/wp-content\/uploads\/2022\/12\/Hubsch_logo_black_one_line.svg","caption":"H\u00fcbsch"},"image":{"@id":"https:\/\/hubsch-interior.com\/de\/#\/schema\/logo\/image\/"}}]}},"_links":{"self":[{"href":"https:\/\/hubsch-interior.com\/de\/wp-json\/wp\/v2\/product\/391117","targetHints":{"allow":["GET"]}}],"collection":[{"href":"https:\/\/hubsch-interior.com\/de\/wp-json\/wp\/v2\/product"}],"about":[{"href":"https:\/\/hubsch-interior.com\/de\/wp-json\/wp\/v2\/types\/product"}],"wp:featuredmedia":[{"embeddable":true,"href":"https:\/\/hubsch-interior.com\/de\/wp-json\/wp\/v2\/media\/1097315"}],"wp:attachment":[{"href":"https:\/\/hubsch-interior.com\/de\/wp-json\/wp\/v2\/media?parent=391117"}],"wp:term":[{"taxonomy":"product_brand","embeddable":true,"href":"https:\/\/hubsch-interior.com\/de\/wp-json\/wp\/v2\/product_brand?post=391117"},{"taxonomy":"product_cat","embeddable":true,"href":"https:\/\/hubsch-interior.com\/de\/wp-json\/wp\/v2\/product_cat?post=391117"},{"taxonomy":"product_tag","embeddable":true,"href":"https:\/\/hubsch-interior.com\/de\/wp-json\/wp\/v2\/product_tag?post=391117"}],"curies":[{"name":"wp","href":"https:\/\/api.w.org\/{rel}","templated":true}]}}