{"id":391141,"date":"2021-06-04T09:55:13","date_gmt":"2021-06-04T07:55:13","guid":{"rendered":"https:\/\/hubsch-interior.com\/shop-b2c\/product\/product-6\/"},"modified":"2026-04-09T04:31:49","modified_gmt":"2026-04-09T02:31:49","slug":"sculpt-buchstutze-blau-klar","status":"publish","type":"product","link":"https:\/\/hubsch-interior.com\/de\/produkt\/sculpt-buchstutze-blau-klar\/","title":{"rendered":"Sculpt Buchst\u00fctze Blau\/Klar"},"content":{"rendered":"<p>Die Buchst\u00fctze besteht aus klarem und blauem Glas. Die kreisf\u00f6rmigen und kubistischen Formen reflektieren das Licht seiner Umgebung auf stilvolle Weise. Das geometrische Design passt gut zum modernen Zuhause. Stellen Sie sie ins Regal, auf einen Tisch oder ins Fenster. Dieses Produkt ist handgefertigt und kann daher variieren.<\/p>\n","protected":false},"excerpt":{"rendered":"<p>Die Buchst\u00fctze besteht aus klarem und blauem Glas. Die kreisf\u00f6rmigen und kubistischen Formen reflektieren das Licht seiner Umgebung auf stilvolle Weise. Das geometrische Design passt gut zum modernen Zuhause. Stellen Sie sie ins Regal, auf einen Tisch oder ins Fenster. Dieses Produkt ist handgefertigt und kann daher variieren.<\/p>\n","protected":false},"featured_media":1097339,"template":"","meta":{"_acf_changed":false,"inline_featured_image":false},"product_brand":[],"product_cat":[4155,4160,6519],"product_tag":[],"class_list":{"0":"post-391141","1":"product","2":"type-product","3":"status-publish","4":"has-post-thumbnail","6":"product_cat-buero-de","7":"product_cat-buchstuetze-de","8":"product_cat-outlet-de","9":"product_shipping_class-pk","11":"pa_color-klar-de","12":"pa_color-blau-2","13":"pa_material-kristall-de","15":"first","16":"instock","17":"sale","18":"taxable","19":"shipping-taxable","20":"purchasable","21":"product-type-simple"},"exclude_global_add_ons":[],"addons":[],"acf":[],"yoast_head":"<!-- This site is optimized with the Yoast SEO plugin v26.4 - https:\/\/yoast.com\/wordpress\/plugins\/seo\/ -->\n<title>Sculpt Buchst\u00fctze Blau\/Klar - H\u00fcbsch<\/title>\n<meta name=\"description\" content=\"Die Buchst\u00fctze besteht aus klarem und blauem Glas. Die kreisf\u00f6rmigen und kubistischen Formen reflektieren das Licht seiner Umgebung auf stilvolle Weise.\" \/>\n<meta name=\"robots\" content=\"index, follow, max-snippet:-1, max-image-preview:large, max-video-preview:-1\" \/>\n<link rel=\"canonical\" href=\"https:\/\/hubsch-interior.com\/de\/wp-json\/wp\/v2\/product\/391141\" \/>\n<meta property=\"og:locale\" content=\"de_DE\" \/>\n<meta property=\"og:type\" content=\"article\" \/>\n<meta property=\"og:title\" content=\"Sculpt Buchst\u00fctze Blau\/Klar - H\u00fcbsch\" \/>\n<meta property=\"og:description\" content=\"Die Buchst\u00fctze besteht aus klarem und blauem Glas. Die kreisf\u00f6rmigen und kubistischen Formen reflektieren das Licht seiner Umgebung auf stilvolle Weise.\" \/>\n<meta property=\"og:url\" content=\"https:\/\/hubsch-interior.com\/de\/produkt\/sculpt-buchstutze-blau-klar\/\" \/>\n<meta property=\"og:site_name\" content=\"H\u00fcbsch\" \/>\n<meta property=\"article:modified_time\" content=\"2026-04-09T02:31:49+00:00\" \/>\n<meta property=\"og:image\" content=\"https:\/\/hubsch-interior.com\/wp-content\/uploads\/2025\/04\/sculpt-bookend-blueclear-e73f1bcca52b5060db447e60aefe0b42.jpg\" \/>\n\t<meta property=\"og:image:width\" content=\"1200\" \/>\n\t<meta property=\"og:image:height\" content=\"1200\" \/>\n\t<meta property=\"og:image:type\" content=\"image\/jpeg\" \/>\n<meta name=\"twitter:card\" content=\"summary_large_image\" \/>\n<script type=\"application\/ld+json\" class=\"yoast-schema-graph\">{\"@context\":\"https:\/\/schema.org\",\"@graph\":[{\"@type\":\"WebPage\",\"@id\":\"https:\/\/hubsch-interior.com\/de\/produkt\/sculpt-buchstutze-blau-klar\/\",\"url\":\"https:\/\/hubsch-interior.com\/de\/produkt\/sculpt-buchstutze-blau-klar\/\",\"name\":\"Sculpt Buchst\u00fctze Blau\/Klar - H\u00fcbsch\",\"isPartOf\":{\"@id\":\"https:\/\/hubsch-interior.com\/de\/#website\"},\"primaryImageOfPage\":{\"@id\":\"https:\/\/hubsch-interior.com\/de\/produkt\/sculpt-buchstutze-blau-klar\/#primaryimage\"},\"image\":{\"@id\":\"https:\/\/hubsch-interior.com\/de\/produkt\/sculpt-buchstutze-blau-klar\/#primaryimage\"},\"thumbnailUrl\":\"https:\/\/hubsch-interior.com\/wp-content\/uploads\/2026\/02\/sculpt-bookend-blueclear-2b6244841ff9caeb102fad11cbc16dee.jpg\",\"datePublished\":\"2021-06-04T07:55:13+00:00\",\"dateModified\":\"2026-04-09T02:31:49+00:00\",\"description\":\"Die Buchst\u00fctze besteht aus klarem und blauem Glas. Die kreisf\u00f6rmigen und kubistischen Formen reflektieren das Licht seiner Umgebung auf stilvolle Weise.\",\"breadcrumb\":{\"@id\":\"https:\/\/hubsch-interior.com\/de\/produkt\/sculpt-buchstutze-blau-klar\/#breadcrumb\"},\"inLanguage\":\"de\",\"potentialAction\":[{\"@type\":\"ReadAction\",\"target\":[\"https:\/\/hubsch-interior.com\/de\/produkt\/sculpt-buchstutze-blau-klar\/\"]}]},{\"@type\":\"ImageObject\",\"inLanguage\":\"de\",\"@id\":\"https:\/\/hubsch-interior.com\/de\/produkt\/sculpt-buchstutze-blau-klar\/#primaryimage\",\"url\":\"https:\/\/hubsch-interior.com\/wp-content\/uploads\/2026\/02\/sculpt-bookend-blueclear-2b6244841ff9caeb102fad11cbc16dee.jpg\",\"contentUrl\":\"https:\/\/hubsch-interior.com\/wp-content\/uploads\/2026\/02\/sculpt-bookend-blueclear-2b6244841ff9caeb102fad11cbc16dee.jpg\",\"width\":1024,\"height\":1024},{\"@type\":\"BreadcrumbList\",\"@id\":\"https:\/\/hubsch-interior.com\/de\/produkt\/sculpt-buchstutze-blau-klar\/#breadcrumb\",\"itemListElement\":[{\"@type\":\"ListItem\",\"position\":1,\"name\":\"Startseite\",\"item\":\"https:\/\/hubsch-interior.com\/de\/\"},{\"@type\":\"ListItem\",\"position\":2,\"name\":\"Produkte\",\"item\":\"https:\/\/hubsch-interior.com\/de\/shop-2\/\"},{\"@type\":\"ListItem\",\"position\":3,\"name\":\"Wohnaccessoires\",\"item\":\"https:\/\/hubsch-interior.com\/de\/produkt-kategorie\/wohnaccessoires\/\"},{\"@type\":\"ListItem\",\"position\":4,\"name\":\"B&uuml;ro\",\"item\":\"https:\/\/hubsch-interior.com\/de\/produkt-kategorie\/wohnaccessoires\/buero-de\/\"},{\"@type\":\"ListItem\",\"position\":5,\"name\":\"Buchst&uuml;tze\",\"item\":\"https:\/\/hubsch-interior.com\/de\/produkt-kategorie\/wohnaccessoires\/buero-de\/buchstuetze-de\/\"},{\"@type\":\"ListItem\",\"position\":6,\"name\":\"Sculpt Buchst\u00fctze Blau\/Klar\"}]},{\"@type\":\"WebSite\",\"@id\":\"https:\/\/hubsch-interior.com\/de\/#website\",\"url\":\"https:\/\/hubsch-interior.com\/de\/\",\"name\":\"H\u00fcbsch\",\"description\":\"Danish Home Interior and Design\",\"publisher\":{\"@id\":\"https:\/\/hubsch-interior.com\/de\/#organization\"},\"potentialAction\":[{\"@type\":\"SearchAction\",\"target\":{\"@type\":\"EntryPoint\",\"urlTemplate\":\"https:\/\/hubsch-interior.com\/de\/?s={search_term_string}\"},\"query-input\":{\"@type\":\"PropertyValueSpecification\",\"valueRequired\":true,\"valueName\":\"search_term_string\"}}],\"inLanguage\":\"de\"},{\"@type\":\"Organization\",\"@id\":\"https:\/\/hubsch-interior.com\/de\/#organization\",\"name\":\"H\u00fcbsch\",\"url\":\"https:\/\/hubsch-interior.com\/de\/\",\"logo\":{\"@type\":\"ImageObject\",\"inLanguage\":\"de\",\"@id\":\"https:\/\/hubsch-interior.com\/de\/#\/schema\/logo\/image\/\",\"url\":\"https:\/\/hubsch-interior.com\/wp-content\/uploads\/2022\/12\/Hubsch_logo_black_one_line.svg\",\"contentUrl\":\"https:\/\/hubsch-interior.com\/wp-content\/uploads\/2022\/12\/Hubsch_logo_black_one_line.svg\",\"caption\":\"H\u00fcbsch\"},\"image\":{\"@id\":\"https:\/\/hubsch-interior.com\/de\/#\/schema\/logo\/image\/\"}}]}<\/script>\n<!-- \/ Yoast SEO plugin. -->","yoast_head_json":{"title":"Sculpt Buchst\u00fctze Blau\/Klar - H\u00fcbsch","description":"Die Buchst\u00fctze besteht aus klarem und blauem Glas. Die kreisf\u00f6rmigen und kubistischen Formen reflektieren das Licht seiner Umgebung auf stilvolle Weise.","robots":{"index":"index","follow":"follow","max-snippet":"max-snippet:-1","max-image-preview":"max-image-preview:large","max-video-preview":"max-video-preview:-1"},"canonical":"https:\/\/hubsch-interior.com\/de\/wp-json\/wp\/v2\/product\/391141","og_locale":"de_DE","og_type":"article","og_title":"Sculpt Buchst\u00fctze Blau\/Klar - H\u00fcbsch","og_description":"Die Buchst\u00fctze besteht aus klarem und blauem Glas. Die kreisf\u00f6rmigen und kubistischen Formen reflektieren das Licht seiner Umgebung auf stilvolle Weise.","og_url":"https:\/\/hubsch-interior.com\/de\/produkt\/sculpt-buchstutze-blau-klar\/","og_site_name":"H\u00fcbsch","article_modified_time":"2026-04-09T02:31:49+00:00","og_image":[{"width":1200,"height":1200,"url":"https:\/\/hubsch-interior.com\/wp-content\/uploads\/2025\/04\/sculpt-bookend-blueclear-e73f1bcca52b5060db447e60aefe0b42.jpg","type":"image\/jpeg"}],"twitter_card":"summary_large_image","schema":{"@context":"https:\/\/schema.org","@graph":[{"@type":"WebPage","@id":"https:\/\/hubsch-interior.com\/de\/produkt\/sculpt-buchstutze-blau-klar\/","url":"https:\/\/hubsch-interior.com\/de\/produkt\/sculpt-buchstutze-blau-klar\/","name":"Sculpt Buchst\u00fctze Blau\/Klar - H\u00fcbsch","isPartOf":{"@id":"https:\/\/hubsch-interior.com\/de\/#website"},"primaryImageOfPage":{"@id":"https:\/\/hubsch-interior.com\/de\/produkt\/sculpt-buchstutze-blau-klar\/#primaryimage"},"image":{"@id":"https:\/\/hubsch-interior.com\/de\/produkt\/sculpt-buchstutze-blau-klar\/#primaryimage"},"thumbnailUrl":"https:\/\/hubsch-interior.com\/wp-content\/uploads\/2026\/02\/sculpt-bookend-blueclear-2b6244841ff9caeb102fad11cbc16dee.jpg","datePublished":"2021-06-04T07:55:13+00:00","dateModified":"2026-04-09T02:31:49+00:00","description":"Die Buchst\u00fctze besteht aus klarem und blauem Glas. Die kreisf\u00f6rmigen und kubistischen Formen reflektieren das Licht seiner Umgebung auf stilvolle Weise.","breadcrumb":{"@id":"https:\/\/hubsch-interior.com\/de\/produkt\/sculpt-buchstutze-blau-klar\/#breadcrumb"},"inLanguage":"de","potentialAction":[{"@type":"ReadAction","target":["https:\/\/hubsch-interior.com\/de\/produkt\/sculpt-buchstutze-blau-klar\/"]}]},{"@type":"ImageObject","inLanguage":"de","@id":"https:\/\/hubsch-interior.com\/de\/produkt\/sculpt-buchstutze-blau-klar\/#primaryimage","url":"https:\/\/hubsch-interior.com\/wp-content\/uploads\/2026\/02\/sculpt-bookend-blueclear-2b6244841ff9caeb102fad11cbc16dee.jpg","contentUrl":"https:\/\/hubsch-interior.com\/wp-content\/uploads\/2026\/02\/sculpt-bookend-blueclear-2b6244841ff9caeb102fad11cbc16dee.jpg","width":1024,"height":1024},{"@type":"BreadcrumbList","@id":"https:\/\/hubsch-interior.com\/de\/produkt\/sculpt-buchstutze-blau-klar\/#breadcrumb","itemListElement":[{"@type":"ListItem","position":1,"name":"Startseite","item":"https:\/\/hubsch-interior.com\/de\/"},{"@type":"ListItem","position":2,"name":"Produkte","item":"https:\/\/hubsch-interior.com\/de\/shop-2\/"},{"@type":"ListItem","position":3,"name":"Wohnaccessoires","item":"https:\/\/hubsch-interior.com\/de\/produkt-kategorie\/wohnaccessoires\/"},{"@type":"ListItem","position":4,"name":"B&uuml;ro","item":"https:\/\/hubsch-interior.com\/de\/produkt-kategorie\/wohnaccessoires\/buero-de\/"},{"@type":"ListItem","position":5,"name":"Buchst&uuml;tze","item":"https:\/\/hubsch-interior.com\/de\/produkt-kategorie\/wohnaccessoires\/buero-de\/buchstuetze-de\/"},{"@type":"ListItem","position":6,"name":"Sculpt Buchst\u00fctze Blau\/Klar"}]},{"@type":"WebSite","@id":"https:\/\/hubsch-interior.com\/de\/#website","url":"https:\/\/hubsch-interior.com\/de\/","name":"H\u00fcbsch","description":"Danish Home Interior and Design","publisher":{"@id":"https:\/\/hubsch-interior.com\/de\/#organization"},"potentialAction":[{"@type":"SearchAction","target":{"@type":"EntryPoint","urlTemplate":"https:\/\/hubsch-interior.com\/de\/?s={search_term_string}"},"query-input":{"@type":"PropertyValueSpecification","valueRequired":true,"valueName":"search_term_string"}}],"inLanguage":"de"},{"@type":"Organization","@id":"https:\/\/hubsch-interior.com\/de\/#organization","name":"H\u00fcbsch","url":"https:\/\/hubsch-interior.com\/de\/","logo":{"@type":"ImageObject","inLanguage":"de","@id":"https:\/\/hubsch-interior.com\/de\/#\/schema\/logo\/image\/","url":"https:\/\/hubsch-interior.com\/wp-content\/uploads\/2022\/12\/Hubsch_logo_black_one_line.svg","contentUrl":"https:\/\/hubsch-interior.com\/wp-content\/uploads\/2022\/12\/Hubsch_logo_black_one_line.svg","caption":"H\u00fcbsch"},"image":{"@id":"https:\/\/hubsch-interior.com\/de\/#\/schema\/logo\/image\/"}}]}},"_links":{"self":[{"href":"https:\/\/hubsch-interior.com\/de\/wp-json\/wp\/v2\/product\/391141","targetHints":{"allow":["GET"]}}],"collection":[{"href":"https:\/\/hubsch-interior.com\/de\/wp-json\/wp\/v2\/product"}],"about":[{"href":"https:\/\/hubsch-interior.com\/de\/wp-json\/wp\/v2\/types\/product"}],"wp:featuredmedia":[{"embeddable":true,"href":"https:\/\/hubsch-interior.com\/de\/wp-json\/wp\/v2\/media\/1097339"}],"wp:attachment":[{"href":"https:\/\/hubsch-interior.com\/de\/wp-json\/wp\/v2\/media?parent=391141"}],"wp:term":[{"taxonomy":"product_brand","embeddable":true,"href":"https:\/\/hubsch-interior.com\/de\/wp-json\/wp\/v2\/product_brand?post=391141"},{"taxonomy":"product_cat","embeddable":true,"href":"https:\/\/hubsch-interior.com\/de\/wp-json\/wp\/v2\/product_cat?post=391141"},{"taxonomy":"product_tag","embeddable":true,"href":"https:\/\/hubsch-interior.com\/de\/wp-json\/wp\/v2\/product_tag?post=391141"}],"curies":[{"name":"wp","href":"https:\/\/api.w.org\/{rel}","templated":true}]}}