{"id":391217,"date":"2021-06-04T09:55:36","date_gmt":"2021-06-04T07:55:36","guid":{"rendered":"https:\/\/hubsch-interior.com\/shop-b2c\/product\/product-6\/"},"modified":"2026-04-10T04:32:02","modified_gmt":"2026-04-10T02:32:02","slug":"duo-vase-gelb","status":"publish","type":"product","link":"https:\/\/hubsch-interior.com\/de\/produkt\/duo-vase-gelb\/","title":{"rendered":"Duo Vase Gelb"},"content":{"rendered":"<p>Die Vase besteht aus Kristall und Glas und bietet Platz f\u00fcr zwei Blumen. Die bernsteinfarbene Farbe des Glases setzt die kr\u00e4ftigen Farben von Blumen perfekt in Szene. Die einzigartige Formgebung der Vase sorgt f\u00fcr einen modernen und stilvollen Look. Die Vase wird zum Blickfang in jedem Raum \u2013 mit oder ohne Blumen. Dieses Produkt ist handgefertigt und kann daher variieren.<\/p>\n","protected":false},"excerpt":{"rendered":"<p>Die Vase besteht aus Kristall und Glas und bietet Platz f\u00fcr zwei Blumen. Die bernsteinfarbene Farbe des Glases setzt die kr\u00e4ftigen Farben von Blumen perfekt in Szene. Die einzigartige Formgebung der Vase sorgt f\u00fcr einen modernen und stilvollen Look. Die Vase wird zum Blickfang in jedem Raum \u2013 mit oder ohne Blumen. Dieses Produkt ist [&hellip;]<\/p>\n","protected":false},"featured_media":1097375,"template":"","meta":{"_acf_changed":false,"inline_featured_image":false},"product_brand":[],"product_cat":[6972,3156,5027,6519],"product_tag":[],"class_list":{"0":"post-391217","1":"product","2":"type-product","3":"status-publish","4":"has-post-thumbnail","6":"product_cat-oster-sale","7":"product_cat-vasen-de","8":"product_cat-bestsellers-de","9":"product_cat-outlet-de","10":"product_shipping_class-pk","12":"pa_color-gelb","13":"pa_material-kristall-de","15":"first","16":"instock","17":"sale","18":"featured","19":"taxable","20":"shipping-taxable","21":"purchasable","22":"product-type-simple"},"exclude_global_add_ons":[],"addons":[],"acf":[],"yoast_head":"<!-- This site is optimized with the Yoast SEO plugin v26.4 - https:\/\/yoast.com\/wordpress\/plugins\/seo\/ -->\n<title>Duo Vase Gelb - H\u00fcbsch<\/title>\n<meta name=\"description\" content=\"Die Vase besteht aus Kristall und Glas und bietet Platz f\u00fcr zwei Blumen. Die bernsteinfarbene Farbe des Glases setzt die kr\u00e4ftigen Farben von Blumen\" \/>\n<meta name=\"robots\" content=\"index, follow, max-snippet:-1, max-image-preview:large, max-video-preview:-1\" \/>\n<link rel=\"canonical\" href=\"https:\/\/hubsch-interior.com\/de\/wp-json\/wp\/v2\/product\/391217\" \/>\n<meta property=\"og:locale\" content=\"de_DE\" \/>\n<meta property=\"og:type\" content=\"article\" \/>\n<meta property=\"og:title\" content=\"Duo Vase Gelb - H\u00fcbsch\" \/>\n<meta property=\"og:description\" content=\"Die Vase besteht aus Kristall und Glas und bietet Platz f\u00fcr zwei Blumen. Die bernsteinfarbene Farbe des Glases setzt die kr\u00e4ftigen Farben von Blumen\" \/>\n<meta property=\"og:url\" content=\"https:\/\/hubsch-interior.com\/de\/produkt\/duo-vase-gelb\/\" \/>\n<meta property=\"og:site_name\" content=\"H\u00fcbsch\" \/>\n<meta property=\"article:modified_time\" content=\"2026-04-10T02:32:02+00:00\" \/>\n<meta property=\"og:image\" content=\"https:\/\/hubsch-interior.com\/wp-content\/uploads\/2025\/05\/duo-vase-yellow-7328e9a8e897a64a3a4af466d2ded5a2.jpg\" \/>\n\t<meta property=\"og:image:width\" content=\"1200\" \/>\n\t<meta property=\"og:image:height\" content=\"1200\" \/>\n\t<meta property=\"og:image:type\" content=\"image\/jpeg\" \/>\n<meta name=\"twitter:card\" content=\"summary_large_image\" \/>\n<script type=\"application\/ld+json\" class=\"yoast-schema-graph\">{\"@context\":\"https:\/\/schema.org\",\"@graph\":[{\"@type\":\"WebPage\",\"@id\":\"https:\/\/hubsch-interior.com\/de\/produkt\/duo-vase-gelb\/\",\"url\":\"https:\/\/hubsch-interior.com\/de\/produkt\/duo-vase-gelb\/\",\"name\":\"Duo Vase Gelb - H\u00fcbsch\",\"isPartOf\":{\"@id\":\"https:\/\/hubsch-interior.com\/de\/#website\"},\"primaryImageOfPage\":{\"@id\":\"https:\/\/hubsch-interior.com\/de\/produkt\/duo-vase-gelb\/#primaryimage\"},\"image\":{\"@id\":\"https:\/\/hubsch-interior.com\/de\/produkt\/duo-vase-gelb\/#primaryimage\"},\"thumbnailUrl\":\"https:\/\/hubsch-interior.com\/wp-content\/uploads\/2026\/02\/duo-vase-yellow-ce4e3f0e9784ea669ee2d1b3ee80ba54.jpg\",\"datePublished\":\"2021-06-04T07:55:36+00:00\",\"dateModified\":\"2026-04-10T02:32:02+00:00\",\"description\":\"Die Vase besteht aus Kristall und Glas und bietet Platz f\u00fcr zwei Blumen. Die bernsteinfarbene Farbe des Glases setzt die kr\u00e4ftigen Farben von Blumen\",\"breadcrumb\":{\"@id\":\"https:\/\/hubsch-interior.com\/de\/produkt\/duo-vase-gelb\/#breadcrumb\"},\"inLanguage\":\"de\",\"potentialAction\":[{\"@type\":\"ReadAction\",\"target\":[\"https:\/\/hubsch-interior.com\/de\/produkt\/duo-vase-gelb\/\"]}]},{\"@type\":\"ImageObject\",\"inLanguage\":\"de\",\"@id\":\"https:\/\/hubsch-interior.com\/de\/produkt\/duo-vase-gelb\/#primaryimage\",\"url\":\"https:\/\/hubsch-interior.com\/wp-content\/uploads\/2026\/02\/duo-vase-yellow-ce4e3f0e9784ea669ee2d1b3ee80ba54.jpg\",\"contentUrl\":\"https:\/\/hubsch-interior.com\/wp-content\/uploads\/2026\/02\/duo-vase-yellow-ce4e3f0e9784ea669ee2d1b3ee80ba54.jpg\",\"width\":1024,\"height\":1024},{\"@type\":\"BreadcrumbList\",\"@id\":\"https:\/\/hubsch-interior.com\/de\/produkt\/duo-vase-gelb\/#breadcrumb\",\"itemListElement\":[{\"@type\":\"ListItem\",\"position\":1,\"name\":\"Startseite\",\"item\":\"https:\/\/hubsch-interior.com\/de\/\"},{\"@type\":\"ListItem\",\"position\":2,\"name\":\"Produkte\",\"item\":\"https:\/\/hubsch-interior.com\/de\/shop-2\/\"},{\"@type\":\"ListItem\",\"position\":3,\"name\":\"Wohnaccessoires\",\"item\":\"https:\/\/hubsch-interior.com\/de\/produkt-kategorie\/wohnaccessoires\/\"},{\"@type\":\"ListItem\",\"position\":4,\"name\":\"Vasen\",\"item\":\"https:\/\/hubsch-interior.com\/de\/produkt-kategorie\/wohnaccessoires\/vasen-de\/\"},{\"@type\":\"ListItem\",\"position\":5,\"name\":\"Duo Vase Gelb\"}]},{\"@type\":\"WebSite\",\"@id\":\"https:\/\/hubsch-interior.com\/de\/#website\",\"url\":\"https:\/\/hubsch-interior.com\/de\/\",\"name\":\"H\u00fcbsch\",\"description\":\"Danish Home Interior and Design\",\"publisher\":{\"@id\":\"https:\/\/hubsch-interior.com\/de\/#organization\"},\"potentialAction\":[{\"@type\":\"SearchAction\",\"target\":{\"@type\":\"EntryPoint\",\"urlTemplate\":\"https:\/\/hubsch-interior.com\/de\/?s={search_term_string}\"},\"query-input\":{\"@type\":\"PropertyValueSpecification\",\"valueRequired\":true,\"valueName\":\"search_term_string\"}}],\"inLanguage\":\"de\"},{\"@type\":\"Organization\",\"@id\":\"https:\/\/hubsch-interior.com\/de\/#organization\",\"name\":\"H\u00fcbsch\",\"url\":\"https:\/\/hubsch-interior.com\/de\/\",\"logo\":{\"@type\":\"ImageObject\",\"inLanguage\":\"de\",\"@id\":\"https:\/\/hubsch-interior.com\/de\/#\/schema\/logo\/image\/\",\"url\":\"https:\/\/hubsch-interior.com\/wp-content\/uploads\/2022\/12\/Hubsch_logo_black_one_line.svg\",\"contentUrl\":\"https:\/\/hubsch-interior.com\/wp-content\/uploads\/2022\/12\/Hubsch_logo_black_one_line.svg\",\"caption\":\"H\u00fcbsch\"},\"image\":{\"@id\":\"https:\/\/hubsch-interior.com\/de\/#\/schema\/logo\/image\/\"}}]}<\/script>\n<!-- \/ Yoast SEO plugin. -->","yoast_head_json":{"title":"Duo Vase Gelb - H\u00fcbsch","description":"Die Vase besteht aus Kristall und Glas und bietet Platz f\u00fcr zwei Blumen. Die bernsteinfarbene Farbe des Glases setzt die kr\u00e4ftigen Farben von Blumen","robots":{"index":"index","follow":"follow","max-snippet":"max-snippet:-1","max-image-preview":"max-image-preview:large","max-video-preview":"max-video-preview:-1"},"canonical":"https:\/\/hubsch-interior.com\/de\/wp-json\/wp\/v2\/product\/391217","og_locale":"de_DE","og_type":"article","og_title":"Duo Vase Gelb - H\u00fcbsch","og_description":"Die Vase besteht aus Kristall und Glas und bietet Platz f\u00fcr zwei Blumen. Die bernsteinfarbene Farbe des Glases setzt die kr\u00e4ftigen Farben von Blumen","og_url":"https:\/\/hubsch-interior.com\/de\/produkt\/duo-vase-gelb\/","og_site_name":"H\u00fcbsch","article_modified_time":"2026-04-10T02:32:02+00:00","og_image":[{"width":1200,"height":1200,"url":"https:\/\/hubsch-interior.com\/wp-content\/uploads\/2025\/05\/duo-vase-yellow-7328e9a8e897a64a3a4af466d2ded5a2.jpg","type":"image\/jpeg"}],"twitter_card":"summary_large_image","schema":{"@context":"https:\/\/schema.org","@graph":[{"@type":"WebPage","@id":"https:\/\/hubsch-interior.com\/de\/produkt\/duo-vase-gelb\/","url":"https:\/\/hubsch-interior.com\/de\/produkt\/duo-vase-gelb\/","name":"Duo Vase Gelb - H\u00fcbsch","isPartOf":{"@id":"https:\/\/hubsch-interior.com\/de\/#website"},"primaryImageOfPage":{"@id":"https:\/\/hubsch-interior.com\/de\/produkt\/duo-vase-gelb\/#primaryimage"},"image":{"@id":"https:\/\/hubsch-interior.com\/de\/produkt\/duo-vase-gelb\/#primaryimage"},"thumbnailUrl":"https:\/\/hubsch-interior.com\/wp-content\/uploads\/2026\/02\/duo-vase-yellow-ce4e3f0e9784ea669ee2d1b3ee80ba54.jpg","datePublished":"2021-06-04T07:55:36+00:00","dateModified":"2026-04-10T02:32:02+00:00","description":"Die Vase besteht aus Kristall und Glas und bietet Platz f\u00fcr zwei Blumen. Die bernsteinfarbene Farbe des Glases setzt die kr\u00e4ftigen Farben von Blumen","breadcrumb":{"@id":"https:\/\/hubsch-interior.com\/de\/produkt\/duo-vase-gelb\/#breadcrumb"},"inLanguage":"de","potentialAction":[{"@type":"ReadAction","target":["https:\/\/hubsch-interior.com\/de\/produkt\/duo-vase-gelb\/"]}]},{"@type":"ImageObject","inLanguage":"de","@id":"https:\/\/hubsch-interior.com\/de\/produkt\/duo-vase-gelb\/#primaryimage","url":"https:\/\/hubsch-interior.com\/wp-content\/uploads\/2026\/02\/duo-vase-yellow-ce4e3f0e9784ea669ee2d1b3ee80ba54.jpg","contentUrl":"https:\/\/hubsch-interior.com\/wp-content\/uploads\/2026\/02\/duo-vase-yellow-ce4e3f0e9784ea669ee2d1b3ee80ba54.jpg","width":1024,"height":1024},{"@type":"BreadcrumbList","@id":"https:\/\/hubsch-interior.com\/de\/produkt\/duo-vase-gelb\/#breadcrumb","itemListElement":[{"@type":"ListItem","position":1,"name":"Startseite","item":"https:\/\/hubsch-interior.com\/de\/"},{"@type":"ListItem","position":2,"name":"Produkte","item":"https:\/\/hubsch-interior.com\/de\/shop-2\/"},{"@type":"ListItem","position":3,"name":"Wohnaccessoires","item":"https:\/\/hubsch-interior.com\/de\/produkt-kategorie\/wohnaccessoires\/"},{"@type":"ListItem","position":4,"name":"Vasen","item":"https:\/\/hubsch-interior.com\/de\/produkt-kategorie\/wohnaccessoires\/vasen-de\/"},{"@type":"ListItem","position":5,"name":"Duo Vase Gelb"}]},{"@type":"WebSite","@id":"https:\/\/hubsch-interior.com\/de\/#website","url":"https:\/\/hubsch-interior.com\/de\/","name":"H\u00fcbsch","description":"Danish Home Interior and Design","publisher":{"@id":"https:\/\/hubsch-interior.com\/de\/#organization"},"potentialAction":[{"@type":"SearchAction","target":{"@type":"EntryPoint","urlTemplate":"https:\/\/hubsch-interior.com\/de\/?s={search_term_string}"},"query-input":{"@type":"PropertyValueSpecification","valueRequired":true,"valueName":"search_term_string"}}],"inLanguage":"de"},{"@type":"Organization","@id":"https:\/\/hubsch-interior.com\/de\/#organization","name":"H\u00fcbsch","url":"https:\/\/hubsch-interior.com\/de\/","logo":{"@type":"ImageObject","inLanguage":"de","@id":"https:\/\/hubsch-interior.com\/de\/#\/schema\/logo\/image\/","url":"https:\/\/hubsch-interior.com\/wp-content\/uploads\/2022\/12\/Hubsch_logo_black_one_line.svg","contentUrl":"https:\/\/hubsch-interior.com\/wp-content\/uploads\/2022\/12\/Hubsch_logo_black_one_line.svg","caption":"H\u00fcbsch"},"image":{"@id":"https:\/\/hubsch-interior.com\/de\/#\/schema\/logo\/image\/"}}]}},"_links":{"self":[{"href":"https:\/\/hubsch-interior.com\/de\/wp-json\/wp\/v2\/product\/391217","targetHints":{"allow":["GET"]}}],"collection":[{"href":"https:\/\/hubsch-interior.com\/de\/wp-json\/wp\/v2\/product"}],"about":[{"href":"https:\/\/hubsch-interior.com\/de\/wp-json\/wp\/v2\/types\/product"}],"wp:featuredmedia":[{"embeddable":true,"href":"https:\/\/hubsch-interior.com\/de\/wp-json\/wp\/v2\/media\/1097375"}],"wp:attachment":[{"href":"https:\/\/hubsch-interior.com\/de\/wp-json\/wp\/v2\/media?parent=391217"}],"wp:term":[{"taxonomy":"product_brand","embeddable":true,"href":"https:\/\/hubsch-interior.com\/de\/wp-json\/wp\/v2\/product_brand?post=391217"},{"taxonomy":"product_cat","embeddable":true,"href":"https:\/\/hubsch-interior.com\/de\/wp-json\/wp\/v2\/product_cat?post=391217"},{"taxonomy":"product_tag","embeddable":true,"href":"https:\/\/hubsch-interior.com\/de\/wp-json\/wp\/v2\/product_tag?post=391217"}],"curies":[{"name":"wp","href":"https:\/\/api.w.org\/{rel}","templated":true}]}}