{"id":391353,"date":"2021-06-04T09:56:08","date_gmt":"2021-06-04T07:56:08","guid":{"rendered":"https:\/\/hubsch-interior.com\/shop-b2c\/product\/product-6\/"},"modified":"2026-04-09T04:32:17","modified_gmt":"2026-04-09T02:32:17","slug":"wave-organizer-gefrostet","status":"publish","type":"product","link":"https:\/\/hubsch-interior.com\/de\/produkt\/wave-organizer-gefrostet\/","title":{"rendered":"Wave Organizer Gefrostet"},"content":{"rendered":"<p>Dieser Schreibtisch-Organizer besteht aus Milchglas und bietet drei M\u00f6glichkeiten f\u00fcr die Aufbewahrung und die ansprechende Pr\u00e4sentation von Schreibwaren. Der Organizer hilft bei der Organisation des B\u00fcros durch das Sortieren und Verstauen Ihrer Schreibutensilien.<\/p>\n","protected":false},"excerpt":{"rendered":"<p>Dieser Schreibtisch-Organizer besteht aus Milchglas und bietet drei M\u00f6glichkeiten f\u00fcr die Aufbewahrung und die ansprechende Pr\u00e4sentation von Schreibwaren. Der Organizer hilft bei der Organisation des B\u00fcros durch das Sortieren und Verstauen Ihrer Schreibutensilien.<\/p>\n","protected":false},"featured_media":1097439,"template":"","meta":{"_acf_changed":false,"inline_featured_image":false},"product_brand":[],"product_cat":[4155,4156,5027],"product_tag":[],"class_list":{"0":"post-391353","1":"product","2":"type-product","3":"status-publish","4":"has-post-thumbnail","6":"product_cat-buero-de","7":"product_cat-bueroartikel-de","8":"product_cat-bestsellers-de","9":"product_shipping_class-pk","11":"pa_color-gefrostet","12":"pa_material-kristall-de","14":"first","15":"instock","16":"featured","17":"taxable","18":"shipping-taxable","19":"purchasable","20":"product-type-simple"},"exclude_global_add_ons":[],"addons":[],"acf":[],"yoast_head":"<!-- This site is optimized with the Yoast SEO plugin v26.4 - https:\/\/yoast.com\/wordpress\/plugins\/seo\/ -->\n<title>Wave Organizer Gefrostet - H\u00fcbsch<\/title>\n<meta name=\"description\" content=\"Dieser Schreibtisch-Organizer besteht aus Milchglas und bietet drei M\u00f6glichkeiten f\u00fcr die Aufbewahrung und die ansprechende Pr\u00e4sentation von Schreibwaren.\" \/>\n<meta name=\"robots\" content=\"index, follow, max-snippet:-1, max-image-preview:large, max-video-preview:-1\" \/>\n<link rel=\"canonical\" href=\"https:\/\/hubsch-interior.com\/de\/wp-json\/wp\/v2\/product\/391353\" \/>\n<meta property=\"og:locale\" content=\"de_DE\" \/>\n<meta property=\"og:type\" content=\"article\" \/>\n<meta property=\"og:title\" content=\"Wave Organizer Gefrostet - H\u00fcbsch\" \/>\n<meta property=\"og:description\" content=\"Dieser Schreibtisch-Organizer besteht aus Milchglas und bietet drei M\u00f6glichkeiten f\u00fcr die Aufbewahrung und die ansprechende Pr\u00e4sentation von Schreibwaren.\" \/>\n<meta property=\"og:url\" content=\"https:\/\/hubsch-interior.com\/de\/produkt\/wave-organizer-gefrostet\/\" \/>\n<meta property=\"og:site_name\" content=\"H\u00fcbsch\" \/>\n<meta property=\"article:modified_time\" content=\"2026-04-09T02:32:17+00:00\" \/>\n<meta property=\"og:image\" content=\"https:\/\/hubsch-interior.com\/wp-content\/uploads\/2023\/08\/wave-organiser-frosted-e826e0d5ce87eae8eb36fbedfe9f5a47.jpg\" \/>\n\t<meta property=\"og:image:width\" content=\"1200\" \/>\n\t<meta property=\"og:image:height\" content=\"1200\" \/>\n\t<meta property=\"og:image:type\" content=\"image\/jpeg\" \/>\n<meta name=\"twitter:card\" content=\"summary_large_image\" \/>\n<script type=\"application\/ld+json\" class=\"yoast-schema-graph\">{\"@context\":\"https:\/\/schema.org\",\"@graph\":[{\"@type\":\"WebPage\",\"@id\":\"https:\/\/hubsch-interior.com\/de\/produkt\/wave-organizer-gefrostet\/\",\"url\":\"https:\/\/hubsch-interior.com\/de\/produkt\/wave-organizer-gefrostet\/\",\"name\":\"Wave Organizer Gefrostet - H\u00fcbsch\",\"isPartOf\":{\"@id\":\"https:\/\/hubsch-interior.com\/de\/#website\"},\"primaryImageOfPage\":{\"@id\":\"https:\/\/hubsch-interior.com\/de\/produkt\/wave-organizer-gefrostet\/#primaryimage\"},\"image\":{\"@id\":\"https:\/\/hubsch-interior.com\/de\/produkt\/wave-organizer-gefrostet\/#primaryimage\"},\"thumbnailUrl\":\"https:\/\/hubsch-interior.com\/wp-content\/uploads\/2026\/02\/wave-organiser-frosted-6497019450beed3dd39276f8481a3866.jpg\",\"datePublished\":\"2021-06-04T07:56:08+00:00\",\"dateModified\":\"2026-04-09T02:32:17+00:00\",\"description\":\"Dieser Schreibtisch-Organizer besteht aus Milchglas und bietet drei M\u00f6glichkeiten f\u00fcr die Aufbewahrung und die ansprechende Pr\u00e4sentation von Schreibwaren.\",\"breadcrumb\":{\"@id\":\"https:\/\/hubsch-interior.com\/de\/produkt\/wave-organizer-gefrostet\/#breadcrumb\"},\"inLanguage\":\"de\",\"potentialAction\":[{\"@type\":\"ReadAction\",\"target\":[\"https:\/\/hubsch-interior.com\/de\/produkt\/wave-organizer-gefrostet\/\"]}]},{\"@type\":\"ImageObject\",\"inLanguage\":\"de\",\"@id\":\"https:\/\/hubsch-interior.com\/de\/produkt\/wave-organizer-gefrostet\/#primaryimage\",\"url\":\"https:\/\/hubsch-interior.com\/wp-content\/uploads\/2026\/02\/wave-organiser-frosted-6497019450beed3dd39276f8481a3866.jpg\",\"contentUrl\":\"https:\/\/hubsch-interior.com\/wp-content\/uploads\/2026\/02\/wave-organiser-frosted-6497019450beed3dd39276f8481a3866.jpg\",\"width\":1024,\"height\":1024},{\"@type\":\"BreadcrumbList\",\"@id\":\"https:\/\/hubsch-interior.com\/de\/produkt\/wave-organizer-gefrostet\/#breadcrumb\",\"itemListElement\":[{\"@type\":\"ListItem\",\"position\":1,\"name\":\"Startseite\",\"item\":\"https:\/\/hubsch-interior.com\/de\/\"},{\"@type\":\"ListItem\",\"position\":2,\"name\":\"Produkte\",\"item\":\"https:\/\/hubsch-interior.com\/de\/shop-2\/\"},{\"@type\":\"ListItem\",\"position\":3,\"name\":\"Wohnaccessoires\",\"item\":\"https:\/\/hubsch-interior.com\/de\/produkt-kategorie\/wohnaccessoires\/\"},{\"@type\":\"ListItem\",\"position\":4,\"name\":\"B&uuml;ro\",\"item\":\"https:\/\/hubsch-interior.com\/de\/produkt-kategorie\/wohnaccessoires\/buero-de\/\"},{\"@type\":\"ListItem\",\"position\":5,\"name\":\"B&uuml;roartikel\",\"item\":\"https:\/\/hubsch-interior.com\/de\/produkt-kategorie\/wohnaccessoires\/buero-de\/bueroartikel-de\/\"},{\"@type\":\"ListItem\",\"position\":6,\"name\":\"Wave Organizer Gefrostet\"}]},{\"@type\":\"WebSite\",\"@id\":\"https:\/\/hubsch-interior.com\/de\/#website\",\"url\":\"https:\/\/hubsch-interior.com\/de\/\",\"name\":\"H\u00fcbsch\",\"description\":\"Danish Home Interior and Design\",\"publisher\":{\"@id\":\"https:\/\/hubsch-interior.com\/de\/#organization\"},\"potentialAction\":[{\"@type\":\"SearchAction\",\"target\":{\"@type\":\"EntryPoint\",\"urlTemplate\":\"https:\/\/hubsch-interior.com\/de\/?s={search_term_string}\"},\"query-input\":{\"@type\":\"PropertyValueSpecification\",\"valueRequired\":true,\"valueName\":\"search_term_string\"}}],\"inLanguage\":\"de\"},{\"@type\":\"Organization\",\"@id\":\"https:\/\/hubsch-interior.com\/de\/#organization\",\"name\":\"H\u00fcbsch\",\"url\":\"https:\/\/hubsch-interior.com\/de\/\",\"logo\":{\"@type\":\"ImageObject\",\"inLanguage\":\"de\",\"@id\":\"https:\/\/hubsch-interior.com\/de\/#\/schema\/logo\/image\/\",\"url\":\"https:\/\/hubsch-interior.com\/wp-content\/uploads\/2022\/12\/Hubsch_logo_black_one_line.svg\",\"contentUrl\":\"https:\/\/hubsch-interior.com\/wp-content\/uploads\/2022\/12\/Hubsch_logo_black_one_line.svg\",\"caption\":\"H\u00fcbsch\"},\"image\":{\"@id\":\"https:\/\/hubsch-interior.com\/de\/#\/schema\/logo\/image\/\"}}]}<\/script>\n<!-- \/ Yoast SEO plugin. -->","yoast_head_json":{"title":"Wave Organizer Gefrostet - H\u00fcbsch","description":"Dieser Schreibtisch-Organizer besteht aus Milchglas und bietet drei M\u00f6glichkeiten f\u00fcr die Aufbewahrung und die ansprechende Pr\u00e4sentation von Schreibwaren.","robots":{"index":"index","follow":"follow","max-snippet":"max-snippet:-1","max-image-preview":"max-image-preview:large","max-video-preview":"max-video-preview:-1"},"canonical":"https:\/\/hubsch-interior.com\/de\/wp-json\/wp\/v2\/product\/391353","og_locale":"de_DE","og_type":"article","og_title":"Wave Organizer Gefrostet - H\u00fcbsch","og_description":"Dieser Schreibtisch-Organizer besteht aus Milchglas und bietet drei M\u00f6glichkeiten f\u00fcr die Aufbewahrung und die ansprechende Pr\u00e4sentation von Schreibwaren.","og_url":"https:\/\/hubsch-interior.com\/de\/produkt\/wave-organizer-gefrostet\/","og_site_name":"H\u00fcbsch","article_modified_time":"2026-04-09T02:32:17+00:00","og_image":[{"width":1200,"height":1200,"url":"https:\/\/hubsch-interior.com\/wp-content\/uploads\/2023\/08\/wave-organiser-frosted-e826e0d5ce87eae8eb36fbedfe9f5a47.jpg","type":"image\/jpeg"}],"twitter_card":"summary_large_image","schema":{"@context":"https:\/\/schema.org","@graph":[{"@type":"WebPage","@id":"https:\/\/hubsch-interior.com\/de\/produkt\/wave-organizer-gefrostet\/","url":"https:\/\/hubsch-interior.com\/de\/produkt\/wave-organizer-gefrostet\/","name":"Wave Organizer Gefrostet - H\u00fcbsch","isPartOf":{"@id":"https:\/\/hubsch-interior.com\/de\/#website"},"primaryImageOfPage":{"@id":"https:\/\/hubsch-interior.com\/de\/produkt\/wave-organizer-gefrostet\/#primaryimage"},"image":{"@id":"https:\/\/hubsch-interior.com\/de\/produkt\/wave-organizer-gefrostet\/#primaryimage"},"thumbnailUrl":"https:\/\/hubsch-interior.com\/wp-content\/uploads\/2026\/02\/wave-organiser-frosted-6497019450beed3dd39276f8481a3866.jpg","datePublished":"2021-06-04T07:56:08+00:00","dateModified":"2026-04-09T02:32:17+00:00","description":"Dieser Schreibtisch-Organizer besteht aus Milchglas und bietet drei M\u00f6glichkeiten f\u00fcr die Aufbewahrung und die ansprechende Pr\u00e4sentation von Schreibwaren.","breadcrumb":{"@id":"https:\/\/hubsch-interior.com\/de\/produkt\/wave-organizer-gefrostet\/#breadcrumb"},"inLanguage":"de","potentialAction":[{"@type":"ReadAction","target":["https:\/\/hubsch-interior.com\/de\/produkt\/wave-organizer-gefrostet\/"]}]},{"@type":"ImageObject","inLanguage":"de","@id":"https:\/\/hubsch-interior.com\/de\/produkt\/wave-organizer-gefrostet\/#primaryimage","url":"https:\/\/hubsch-interior.com\/wp-content\/uploads\/2026\/02\/wave-organiser-frosted-6497019450beed3dd39276f8481a3866.jpg","contentUrl":"https:\/\/hubsch-interior.com\/wp-content\/uploads\/2026\/02\/wave-organiser-frosted-6497019450beed3dd39276f8481a3866.jpg","width":1024,"height":1024},{"@type":"BreadcrumbList","@id":"https:\/\/hubsch-interior.com\/de\/produkt\/wave-organizer-gefrostet\/#breadcrumb","itemListElement":[{"@type":"ListItem","position":1,"name":"Startseite","item":"https:\/\/hubsch-interior.com\/de\/"},{"@type":"ListItem","position":2,"name":"Produkte","item":"https:\/\/hubsch-interior.com\/de\/shop-2\/"},{"@type":"ListItem","position":3,"name":"Wohnaccessoires","item":"https:\/\/hubsch-interior.com\/de\/produkt-kategorie\/wohnaccessoires\/"},{"@type":"ListItem","position":4,"name":"B&uuml;ro","item":"https:\/\/hubsch-interior.com\/de\/produkt-kategorie\/wohnaccessoires\/buero-de\/"},{"@type":"ListItem","position":5,"name":"B&uuml;roartikel","item":"https:\/\/hubsch-interior.com\/de\/produkt-kategorie\/wohnaccessoires\/buero-de\/bueroartikel-de\/"},{"@type":"ListItem","position":6,"name":"Wave Organizer Gefrostet"}]},{"@type":"WebSite","@id":"https:\/\/hubsch-interior.com\/de\/#website","url":"https:\/\/hubsch-interior.com\/de\/","name":"H\u00fcbsch","description":"Danish Home Interior and Design","publisher":{"@id":"https:\/\/hubsch-interior.com\/de\/#organization"},"potentialAction":[{"@type":"SearchAction","target":{"@type":"EntryPoint","urlTemplate":"https:\/\/hubsch-interior.com\/de\/?s={search_term_string}"},"query-input":{"@type":"PropertyValueSpecification","valueRequired":true,"valueName":"search_term_string"}}],"inLanguage":"de"},{"@type":"Organization","@id":"https:\/\/hubsch-interior.com\/de\/#organization","name":"H\u00fcbsch","url":"https:\/\/hubsch-interior.com\/de\/","logo":{"@type":"ImageObject","inLanguage":"de","@id":"https:\/\/hubsch-interior.com\/de\/#\/schema\/logo\/image\/","url":"https:\/\/hubsch-interior.com\/wp-content\/uploads\/2022\/12\/Hubsch_logo_black_one_line.svg","contentUrl":"https:\/\/hubsch-interior.com\/wp-content\/uploads\/2022\/12\/Hubsch_logo_black_one_line.svg","caption":"H\u00fcbsch"},"image":{"@id":"https:\/\/hubsch-interior.com\/de\/#\/schema\/logo\/image\/"}}]}},"_links":{"self":[{"href":"https:\/\/hubsch-interior.com\/de\/wp-json\/wp\/v2\/product\/391353","targetHints":{"allow":["GET"]}}],"collection":[{"href":"https:\/\/hubsch-interior.com\/de\/wp-json\/wp\/v2\/product"}],"about":[{"href":"https:\/\/hubsch-interior.com\/de\/wp-json\/wp\/v2\/types\/product"}],"wp:featuredmedia":[{"embeddable":true,"href":"https:\/\/hubsch-interior.com\/de\/wp-json\/wp\/v2\/media\/1097439"}],"wp:attachment":[{"href":"https:\/\/hubsch-interior.com\/de\/wp-json\/wp\/v2\/media?parent=391353"}],"wp:term":[{"taxonomy":"product_brand","embeddable":true,"href":"https:\/\/hubsch-interior.com\/de\/wp-json\/wp\/v2\/product_brand?post=391353"},{"taxonomy":"product_cat","embeddable":true,"href":"https:\/\/hubsch-interior.com\/de\/wp-json\/wp\/v2\/product_cat?post=391353"},{"taxonomy":"product_tag","embeddable":true,"href":"https:\/\/hubsch-interior.com\/de\/wp-json\/wp\/v2\/product_tag?post=391353"}],"curies":[{"name":"wp","href":"https:\/\/api.w.org\/{rel}","templated":true}]}}