{"id":391513,"date":"2021-06-04T09:56:50","date_gmt":"2021-06-04T07:56:50","guid":{"rendered":"https:\/\/hubsch-interior.com\/shop-b2c\/product\/product-6\/"},"modified":"2026-04-09T04:33:29","modified_gmt":"2026-04-09T02:33:29","slug":"loft-rahmen-schwarz-3er-set","status":"publish","type":"product","link":"https:\/\/hubsch-interior.com\/de\/produkt\/loft-rahmen-schwarz-3er-set\/","title":{"rendered":"Loft Rahmen Schwarz (3er Set)"},"content":{"rendered":"<p>Die Fotorahmen sind im 3er-Set in verschiedenen Gr\u00f6\u00dfen erh\u00e4ltlich. Das minimalistisch, schlichte Design macht den Rahmen zu einem zeitlosen Klassiker. Platzieren Sie ein Bild oder getrocknete Blumen in die Rahmen und f\u00fcgen Sie Ihrer Einrichtung einen Hauch von Pers\u00f6nlichkeit hinzu. Dieses Produkt ist handgefertigt und kann daher variieren.<\/p>\n","protected":false},"excerpt":{"rendered":"<p>Die Fotorahmen sind im 3er-Set in verschiedenen Gr\u00f6\u00dfen erh\u00e4ltlich. Das minimalistisch, schlichte Design macht den Rahmen zu einem zeitlosen Klassiker. Platzieren Sie ein Bild oder getrocknete Blumen in die Rahmen und f\u00fcgen Sie Ihrer Einrichtung einen Hauch von Pers\u00f6nlichkeit hinzu. Dieses Produkt ist handgefertigt und kann daher variieren.<\/p>\n","protected":false},"featured_media":1097763,"template":"","meta":{"_acf_changed":false,"inline_featured_image":false},"product_brand":[],"product_cat":[3118,4937,5027],"product_tag":[],"class_list":{"0":"post-391513","1":"product","2":"type-product","3":"status-publish","4":"has-post-thumbnail","6":"product_cat-wanddekoration-de","7":"product_cat-rahmen-de","8":"product_cat-bestsellers-de","9":"product_shipping_class-pk","11":"pa_color-schwarz","12":"pa_material-eisen-de","13":"pa_material-glas-de","15":"first","16":"instock","17":"featured","18":"taxable","19":"shipping-taxable","20":"purchasable","21":"product-type-simple"},"exclude_global_add_ons":[],"addons":[],"acf":[],"yoast_head":"<!-- This site is optimized with the Yoast SEO plugin v26.4 - https:\/\/yoast.com\/wordpress\/plugins\/seo\/ -->\n<title>Loft Rahmen Schwarz (3er Set) - H\u00fcbsch<\/title>\n<meta name=\"description\" content=\"Die Fotorahmen sind im 3er-Set in verschiedenen Gr\u00f6\u00dfen erh\u00e4ltlich. Das minimalistisch, schlichte Design macht den Rahmen zu einem zeitlosen Klassiker.\" \/>\n<meta name=\"robots\" content=\"index, follow, max-snippet:-1, max-image-preview:large, max-video-preview:-1\" \/>\n<link rel=\"canonical\" href=\"https:\/\/hubsch-interior.com\/de\/wp-json\/wp\/v2\/product\/391513\" \/>\n<meta property=\"og:locale\" content=\"de_DE\" \/>\n<meta property=\"og:type\" content=\"article\" \/>\n<meta property=\"og:title\" content=\"Loft Rahmen Schwarz (3er Set) - H\u00fcbsch\" \/>\n<meta property=\"og:description\" content=\"Die Fotorahmen sind im 3er-Set in verschiedenen Gr\u00f6\u00dfen erh\u00e4ltlich. Das minimalistisch, schlichte Design macht den Rahmen zu einem zeitlosen Klassiker.\" \/>\n<meta property=\"og:url\" content=\"https:\/\/hubsch-interior.com\/de\/produkt\/loft-rahmen-schwarz-3er-set\/\" \/>\n<meta property=\"og:site_name\" content=\"H\u00fcbsch\" \/>\n<meta property=\"article:modified_time\" content=\"2026-04-09T02:33:29+00:00\" \/>\n<meta property=\"og:image\" content=\"https:\/\/hubsch-interior.com\/wp-content\/uploads\/2025\/05\/loft-frames-black-set-of-3-b9b6a0236a5c297544b5ead1ec25c423.jpg\" \/>\n\t<meta property=\"og:image:width\" content=\"1200\" \/>\n\t<meta property=\"og:image:height\" content=\"1200\" \/>\n\t<meta property=\"og:image:type\" content=\"image\/jpeg\" \/>\n<meta name=\"twitter:card\" content=\"summary_large_image\" \/>\n<script type=\"application\/ld+json\" class=\"yoast-schema-graph\">{\"@context\":\"https:\/\/schema.org\",\"@graph\":[{\"@type\":\"WebPage\",\"@id\":\"https:\/\/hubsch-interior.com\/de\/produkt\/loft-rahmen-schwarz-3er-set\/\",\"url\":\"https:\/\/hubsch-interior.com\/de\/produkt\/loft-rahmen-schwarz-3er-set\/\",\"name\":\"Loft Rahmen Schwarz (3er Set) - H\u00fcbsch\",\"isPartOf\":{\"@id\":\"https:\/\/hubsch-interior.com\/de\/#website\"},\"primaryImageOfPage\":{\"@id\":\"https:\/\/hubsch-interior.com\/de\/produkt\/loft-rahmen-schwarz-3er-set\/#primaryimage\"},\"image\":{\"@id\":\"https:\/\/hubsch-interior.com\/de\/produkt\/loft-rahmen-schwarz-3er-set\/#primaryimage\"},\"thumbnailUrl\":\"https:\/\/hubsch-interior.com\/wp-content\/uploads\/2026\/02\/loft-frames-black-set-of-3-a3896dffee956a11941ae92e577cfd40.jpg\",\"datePublished\":\"2021-06-04T07:56:50+00:00\",\"dateModified\":\"2026-04-09T02:33:29+00:00\",\"description\":\"Die Fotorahmen sind im 3er-Set in verschiedenen Gr\u00f6\u00dfen erh\u00e4ltlich. Das minimalistisch, schlichte Design macht den Rahmen zu einem zeitlosen Klassiker.\",\"breadcrumb\":{\"@id\":\"https:\/\/hubsch-interior.com\/de\/produkt\/loft-rahmen-schwarz-3er-set\/#breadcrumb\"},\"inLanguage\":\"de\",\"potentialAction\":[{\"@type\":\"ReadAction\",\"target\":[\"https:\/\/hubsch-interior.com\/de\/produkt\/loft-rahmen-schwarz-3er-set\/\"]}]},{\"@type\":\"ImageObject\",\"inLanguage\":\"de\",\"@id\":\"https:\/\/hubsch-interior.com\/de\/produkt\/loft-rahmen-schwarz-3er-set\/#primaryimage\",\"url\":\"https:\/\/hubsch-interior.com\/wp-content\/uploads\/2026\/02\/loft-frames-black-set-of-3-a3896dffee956a11941ae92e577cfd40.jpg\",\"contentUrl\":\"https:\/\/hubsch-interior.com\/wp-content\/uploads\/2026\/02\/loft-frames-black-set-of-3-a3896dffee956a11941ae92e577cfd40.jpg\",\"width\":1024,\"height\":1024},{\"@type\":\"BreadcrumbList\",\"@id\":\"https:\/\/hubsch-interior.com\/de\/produkt\/loft-rahmen-schwarz-3er-set\/#breadcrumb\",\"itemListElement\":[{\"@type\":\"ListItem\",\"position\":1,\"name\":\"Startseite\",\"item\":\"https:\/\/hubsch-interior.com\/de\/\"},{\"@type\":\"ListItem\",\"position\":2,\"name\":\"Produkte\",\"item\":\"https:\/\/hubsch-interior.com\/de\/shop-2\/\"},{\"@type\":\"ListItem\",\"position\":3,\"name\":\"Wohnaccessoires\",\"item\":\"https:\/\/hubsch-interior.com\/de\/produkt-kategorie\/wohnaccessoires\/\"},{\"@type\":\"ListItem\",\"position\":4,\"name\":\"Wanddekoration\",\"item\":\"https:\/\/hubsch-interior.com\/de\/produkt-kategorie\/wohnaccessoires\/wanddekoration-de\/\"},{\"@type\":\"ListItem\",\"position\":5,\"name\":\"Rahmen\",\"item\":\"https:\/\/hubsch-interior.com\/de\/produkt-kategorie\/wohnaccessoires\/wanddekoration-de\/rahmen-de\/\"},{\"@type\":\"ListItem\",\"position\":6,\"name\":\"Loft Rahmen Schwarz (3er Set)\"}]},{\"@type\":\"WebSite\",\"@id\":\"https:\/\/hubsch-interior.com\/de\/#website\",\"url\":\"https:\/\/hubsch-interior.com\/de\/\",\"name\":\"H\u00fcbsch\",\"description\":\"Danish Home Interior and Design\",\"publisher\":{\"@id\":\"https:\/\/hubsch-interior.com\/de\/#organization\"},\"potentialAction\":[{\"@type\":\"SearchAction\",\"target\":{\"@type\":\"EntryPoint\",\"urlTemplate\":\"https:\/\/hubsch-interior.com\/de\/?s={search_term_string}\"},\"query-input\":{\"@type\":\"PropertyValueSpecification\",\"valueRequired\":true,\"valueName\":\"search_term_string\"}}],\"inLanguage\":\"de\"},{\"@type\":\"Organization\",\"@id\":\"https:\/\/hubsch-interior.com\/de\/#organization\",\"name\":\"H\u00fcbsch\",\"url\":\"https:\/\/hubsch-interior.com\/de\/\",\"logo\":{\"@type\":\"ImageObject\",\"inLanguage\":\"de\",\"@id\":\"https:\/\/hubsch-interior.com\/de\/#\/schema\/logo\/image\/\",\"url\":\"https:\/\/hubsch-interior.com\/wp-content\/uploads\/2022\/12\/Hubsch_logo_black_one_line.svg\",\"contentUrl\":\"https:\/\/hubsch-interior.com\/wp-content\/uploads\/2022\/12\/Hubsch_logo_black_one_line.svg\",\"caption\":\"H\u00fcbsch\"},\"image\":{\"@id\":\"https:\/\/hubsch-interior.com\/de\/#\/schema\/logo\/image\/\"}}]}<\/script>\n<!-- \/ Yoast SEO plugin. -->","yoast_head_json":{"title":"Loft Rahmen Schwarz (3er Set) - H\u00fcbsch","description":"Die Fotorahmen sind im 3er-Set in verschiedenen Gr\u00f6\u00dfen erh\u00e4ltlich. Das minimalistisch, schlichte Design macht den Rahmen zu einem zeitlosen Klassiker.","robots":{"index":"index","follow":"follow","max-snippet":"max-snippet:-1","max-image-preview":"max-image-preview:large","max-video-preview":"max-video-preview:-1"},"canonical":"https:\/\/hubsch-interior.com\/de\/wp-json\/wp\/v2\/product\/391513","og_locale":"de_DE","og_type":"article","og_title":"Loft Rahmen Schwarz (3er Set) - H\u00fcbsch","og_description":"Die Fotorahmen sind im 3er-Set in verschiedenen Gr\u00f6\u00dfen erh\u00e4ltlich. Das minimalistisch, schlichte Design macht den Rahmen zu einem zeitlosen Klassiker.","og_url":"https:\/\/hubsch-interior.com\/de\/produkt\/loft-rahmen-schwarz-3er-set\/","og_site_name":"H\u00fcbsch","article_modified_time":"2026-04-09T02:33:29+00:00","og_image":[{"width":1200,"height":1200,"url":"https:\/\/hubsch-interior.com\/wp-content\/uploads\/2025\/05\/loft-frames-black-set-of-3-b9b6a0236a5c297544b5ead1ec25c423.jpg","type":"image\/jpeg"}],"twitter_card":"summary_large_image","schema":{"@context":"https:\/\/schema.org","@graph":[{"@type":"WebPage","@id":"https:\/\/hubsch-interior.com\/de\/produkt\/loft-rahmen-schwarz-3er-set\/","url":"https:\/\/hubsch-interior.com\/de\/produkt\/loft-rahmen-schwarz-3er-set\/","name":"Loft Rahmen Schwarz (3er Set) - H\u00fcbsch","isPartOf":{"@id":"https:\/\/hubsch-interior.com\/de\/#website"},"primaryImageOfPage":{"@id":"https:\/\/hubsch-interior.com\/de\/produkt\/loft-rahmen-schwarz-3er-set\/#primaryimage"},"image":{"@id":"https:\/\/hubsch-interior.com\/de\/produkt\/loft-rahmen-schwarz-3er-set\/#primaryimage"},"thumbnailUrl":"https:\/\/hubsch-interior.com\/wp-content\/uploads\/2026\/02\/loft-frames-black-set-of-3-a3896dffee956a11941ae92e577cfd40.jpg","datePublished":"2021-06-04T07:56:50+00:00","dateModified":"2026-04-09T02:33:29+00:00","description":"Die Fotorahmen sind im 3er-Set in verschiedenen Gr\u00f6\u00dfen erh\u00e4ltlich. Das minimalistisch, schlichte Design macht den Rahmen zu einem zeitlosen Klassiker.","breadcrumb":{"@id":"https:\/\/hubsch-interior.com\/de\/produkt\/loft-rahmen-schwarz-3er-set\/#breadcrumb"},"inLanguage":"de","potentialAction":[{"@type":"ReadAction","target":["https:\/\/hubsch-interior.com\/de\/produkt\/loft-rahmen-schwarz-3er-set\/"]}]},{"@type":"ImageObject","inLanguage":"de","@id":"https:\/\/hubsch-interior.com\/de\/produkt\/loft-rahmen-schwarz-3er-set\/#primaryimage","url":"https:\/\/hubsch-interior.com\/wp-content\/uploads\/2026\/02\/loft-frames-black-set-of-3-a3896dffee956a11941ae92e577cfd40.jpg","contentUrl":"https:\/\/hubsch-interior.com\/wp-content\/uploads\/2026\/02\/loft-frames-black-set-of-3-a3896dffee956a11941ae92e577cfd40.jpg","width":1024,"height":1024},{"@type":"BreadcrumbList","@id":"https:\/\/hubsch-interior.com\/de\/produkt\/loft-rahmen-schwarz-3er-set\/#breadcrumb","itemListElement":[{"@type":"ListItem","position":1,"name":"Startseite","item":"https:\/\/hubsch-interior.com\/de\/"},{"@type":"ListItem","position":2,"name":"Produkte","item":"https:\/\/hubsch-interior.com\/de\/shop-2\/"},{"@type":"ListItem","position":3,"name":"Wohnaccessoires","item":"https:\/\/hubsch-interior.com\/de\/produkt-kategorie\/wohnaccessoires\/"},{"@type":"ListItem","position":4,"name":"Wanddekoration","item":"https:\/\/hubsch-interior.com\/de\/produkt-kategorie\/wohnaccessoires\/wanddekoration-de\/"},{"@type":"ListItem","position":5,"name":"Rahmen","item":"https:\/\/hubsch-interior.com\/de\/produkt-kategorie\/wohnaccessoires\/wanddekoration-de\/rahmen-de\/"},{"@type":"ListItem","position":6,"name":"Loft Rahmen Schwarz (3er Set)"}]},{"@type":"WebSite","@id":"https:\/\/hubsch-interior.com\/de\/#website","url":"https:\/\/hubsch-interior.com\/de\/","name":"H\u00fcbsch","description":"Danish Home Interior and Design","publisher":{"@id":"https:\/\/hubsch-interior.com\/de\/#organization"},"potentialAction":[{"@type":"SearchAction","target":{"@type":"EntryPoint","urlTemplate":"https:\/\/hubsch-interior.com\/de\/?s={search_term_string}"},"query-input":{"@type":"PropertyValueSpecification","valueRequired":true,"valueName":"search_term_string"}}],"inLanguage":"de"},{"@type":"Organization","@id":"https:\/\/hubsch-interior.com\/de\/#organization","name":"H\u00fcbsch","url":"https:\/\/hubsch-interior.com\/de\/","logo":{"@type":"ImageObject","inLanguage":"de","@id":"https:\/\/hubsch-interior.com\/de\/#\/schema\/logo\/image\/","url":"https:\/\/hubsch-interior.com\/wp-content\/uploads\/2022\/12\/Hubsch_logo_black_one_line.svg","contentUrl":"https:\/\/hubsch-interior.com\/wp-content\/uploads\/2022\/12\/Hubsch_logo_black_one_line.svg","caption":"H\u00fcbsch"},"image":{"@id":"https:\/\/hubsch-interior.com\/de\/#\/schema\/logo\/image\/"}}]}},"_links":{"self":[{"href":"https:\/\/hubsch-interior.com\/de\/wp-json\/wp\/v2\/product\/391513","targetHints":{"allow":["GET"]}}],"collection":[{"href":"https:\/\/hubsch-interior.com\/de\/wp-json\/wp\/v2\/product"}],"about":[{"href":"https:\/\/hubsch-interior.com\/de\/wp-json\/wp\/v2\/types\/product"}],"wp:featuredmedia":[{"embeddable":true,"href":"https:\/\/hubsch-interior.com\/de\/wp-json\/wp\/v2\/media\/1097763"}],"wp:attachment":[{"href":"https:\/\/hubsch-interior.com\/de\/wp-json\/wp\/v2\/media?parent=391513"}],"wp:term":[{"taxonomy":"product_brand","embeddable":true,"href":"https:\/\/hubsch-interior.com\/de\/wp-json\/wp\/v2\/product_brand?post=391513"},{"taxonomy":"product_cat","embeddable":true,"href":"https:\/\/hubsch-interior.com\/de\/wp-json\/wp\/v2\/product_cat?post=391513"},{"taxonomy":"product_tag","embeddable":true,"href":"https:\/\/hubsch-interior.com\/de\/wp-json\/wp\/v2\/product_tag?post=391513"}],"curies":[{"name":"wp","href":"https:\/\/api.w.org\/{rel}","templated":true}]}}