{"id":391677,"date":"2021-06-04T09:57:29","date_gmt":"2021-06-04T07:57:29","guid":{"rendered":"https:\/\/hubsch-interior.com\/shop-b2c\/product\/product-6\/"},"modified":"2026-04-26T04:35:42","modified_gmt":"2026-04-26T02:35:42","slug":"grand-tabletts-weis-2er-set","status":"publish","type":"product","link":"https:\/\/hubsch-interior.com\/de\/produkt\/grand-tabletts-weis-2er-set\/","title":{"rendered":"Grand Tabletts Wei\u00df (2er Set)"},"content":{"rendered":"<p>Diese Grand Tabletts Wei\u00df (2er Set) sind ein sch\u00f6ner Blickfang f\u00fcr jeden Raum. Hergestellt aus Marmor sind die Tabletts solide und langlebig. Ihre wei\u00dfe Farbe und das zeitlose Design machen sie zu einer wunderbaren Erg\u00e4nzung zu jedem Zuhause. Sie k\u00f6nnen sie als Dekoration oder als Ablagefl\u00e4che f\u00fcr diverse Gegenst\u00e4nde verwenden. Perfekt, um Ihren Raum zu versch\u00f6nern.<\/p>\n","protected":false},"excerpt":{"rendered":"<p>Diese Grand Tabletts Wei\u00df (2er Set) sind ein sch\u00f6ner Blickfang f\u00fcr jeden Raum. Hergestellt aus Marmor sind die Tabletts solide und langlebig. Ihre wei\u00dfe Farbe und das zeitlose Design machen sie zu einer wunderbaren Erg\u00e4nzung zu jedem Zuhause. Sie k\u00f6nnen sie als Dekoration oder als Ablagefl\u00e4che f\u00fcr diverse Gegenst\u00e4nde verwenden. Perfekt, um Ihren Raum zu [&hellip;]<\/p>\n","protected":false},"featured_media":1098263,"template":"","meta":{"_acf_changed":false,"inline_featured_image":false},"product_brand":[],"product_cat":[6972,4055,4096,4056,5027],"product_tag":[],"class_list":{"0":"post-391677","1":"product","2":"type-product","3":"status-publish","4":"has-post-thumbnail","6":"product_cat-oster-sale","7":"product_cat-kuechenzubehoer-de","8":"product_cat-tischgeschirr-de","9":"product_cat-tabletts-de","10":"product_cat-bestsellers-de","11":"product_shipping_class-pk","13":"pa_color-wei","14":"pa_material-marmor-de","16":"first","17":"instock","18":"featured","19":"taxable","20":"shipping-taxable","21":"purchasable","22":"product-type-simple"},"exclude_global_add_ons":[],"addons":[],"acf":[],"yoast_head":"<!-- This site is optimized with the Yoast SEO plugin v26.4 - https:\/\/yoast.com\/wordpress\/plugins\/seo\/ -->\n<title>Grand Tabletts Wei\u00df (2er Set) - H\u00fcbsch<\/title>\n<meta name=\"description\" content=\"Diese Grand Tabletts Wei\u00df (2er Set) sind ein sch\u00f6ner Blickfang f\u00fcr jeden Raum. Hergestellt aus Marmor sind die Tabletts solide und langlebig. Ihre wei\u00dfe\" \/>\n<meta name=\"robots\" content=\"index, follow, max-snippet:-1, max-image-preview:large, max-video-preview:-1\" \/>\n<link rel=\"canonical\" href=\"https:\/\/hubsch-interior.com\/de\/wp-json\/wp\/v2\/product\/391677\" \/>\n<meta property=\"og:locale\" content=\"de_DE\" \/>\n<meta property=\"og:type\" content=\"article\" \/>\n<meta property=\"og:title\" content=\"Grand Tabletts Wei\u00df (2er Set) - H\u00fcbsch\" \/>\n<meta property=\"og:description\" content=\"Diese Grand Tabletts Wei\u00df (2er Set) sind ein sch\u00f6ner Blickfang f\u00fcr jeden Raum. Hergestellt aus Marmor sind die Tabletts solide und langlebig. Ihre wei\u00dfe\" \/>\n<meta property=\"og:url\" content=\"https:\/\/hubsch-interior.com\/de\/produkt\/grand-tabletts-weis-2er-set\/\" \/>\n<meta property=\"og:site_name\" content=\"H\u00fcbsch\" \/>\n<meta property=\"article:modified_time\" content=\"2026-04-26T02:35:42+00:00\" \/>\n<meta property=\"og:image\" content=\"https:\/\/hubsch-interior.com\/wp-content\/uploads\/2025\/04\/grand-trays-white-set-of-2-f00f54ee735a11041d08c6895daf31d2.jpg\" \/>\n\t<meta property=\"og:image:width\" content=\"1200\" \/>\n\t<meta property=\"og:image:height\" content=\"1200\" \/>\n\t<meta property=\"og:image:type\" content=\"image\/jpeg\" \/>\n<meta name=\"twitter:card\" content=\"summary_large_image\" \/>\n<script type=\"application\/ld+json\" class=\"yoast-schema-graph\">{\"@context\":\"https:\/\/schema.org\",\"@graph\":[{\"@type\":\"WebPage\",\"@id\":\"https:\/\/hubsch-interior.com\/de\/produkt\/grand-tabletts-weis-2er-set\/\",\"url\":\"https:\/\/hubsch-interior.com\/de\/produkt\/grand-tabletts-weis-2er-set\/\",\"name\":\"Grand Tabletts Wei\u00df (2er Set) - H\u00fcbsch\",\"isPartOf\":{\"@id\":\"https:\/\/hubsch-interior.com\/de\/#website\"},\"primaryImageOfPage\":{\"@id\":\"https:\/\/hubsch-interior.com\/de\/produkt\/grand-tabletts-weis-2er-set\/#primaryimage\"},\"image\":{\"@id\":\"https:\/\/hubsch-interior.com\/de\/produkt\/grand-tabletts-weis-2er-set\/#primaryimage\"},\"thumbnailUrl\":\"https:\/\/hubsch-interior.com\/wp-content\/uploads\/2026\/02\/grand-trays-white-set-of-2-ac56a87502ba7d692a6b1868793bbe32.jpg\",\"datePublished\":\"2021-06-04T07:57:29+00:00\",\"dateModified\":\"2026-04-26T02:35:42+00:00\",\"description\":\"Diese Grand Tabletts Wei\u00df (2er Set) sind ein sch\u00f6ner Blickfang f\u00fcr jeden Raum. Hergestellt aus Marmor sind die Tabletts solide und langlebig. Ihre wei\u00dfe\",\"breadcrumb\":{\"@id\":\"https:\/\/hubsch-interior.com\/de\/produkt\/grand-tabletts-weis-2er-set\/#breadcrumb\"},\"inLanguage\":\"de\",\"potentialAction\":[{\"@type\":\"ReadAction\",\"target\":[\"https:\/\/hubsch-interior.com\/de\/produkt\/grand-tabletts-weis-2er-set\/\"]}]},{\"@type\":\"ImageObject\",\"inLanguage\":\"de\",\"@id\":\"https:\/\/hubsch-interior.com\/de\/produkt\/grand-tabletts-weis-2er-set\/#primaryimage\",\"url\":\"https:\/\/hubsch-interior.com\/wp-content\/uploads\/2026\/02\/grand-trays-white-set-of-2-ac56a87502ba7d692a6b1868793bbe32.jpg\",\"contentUrl\":\"https:\/\/hubsch-interior.com\/wp-content\/uploads\/2026\/02\/grand-trays-white-set-of-2-ac56a87502ba7d692a6b1868793bbe32.jpg\",\"width\":1024,\"height\":1024},{\"@type\":\"BreadcrumbList\",\"@id\":\"https:\/\/hubsch-interior.com\/de\/produkt\/grand-tabletts-weis-2er-set\/#breadcrumb\",\"itemListElement\":[{\"@type\":\"ListItem\",\"position\":1,\"name\":\"Startseite\",\"item\":\"https:\/\/hubsch-interior.com\/de\/\"},{\"@type\":\"ListItem\",\"position\":2,\"name\":\"Produkte\",\"item\":\"https:\/\/hubsch-interior.com\/de\/shop-2\/\"},{\"@type\":\"ListItem\",\"position\":3,\"name\":\"Wohnaccessoires\",\"item\":\"https:\/\/hubsch-interior.com\/de\/produkt-kategorie\/wohnaccessoires\/\"},{\"@type\":\"ListItem\",\"position\":4,\"name\":\"K&uuml;chenzubeh&ouml;r\",\"item\":\"https:\/\/hubsch-interior.com\/de\/produkt-kategorie\/wohnaccessoires\/kuechenzubehoer-de\/\"},{\"@type\":\"ListItem\",\"position\":5,\"name\":\"Tischgeschirr\",\"item\":\"https:\/\/hubsch-interior.com\/de\/produkt-kategorie\/wohnaccessoires\/kuechenzubehoer-de\/tischgeschirr-de\/\"},{\"@type\":\"ListItem\",\"position\":6,\"name\":\"Grand Tabletts Wei\u00df (2er Set)\"}]},{\"@type\":\"WebSite\",\"@id\":\"https:\/\/hubsch-interior.com\/de\/#website\",\"url\":\"https:\/\/hubsch-interior.com\/de\/\",\"name\":\"H\u00fcbsch\",\"description\":\"Danish Home Interior and Design\",\"publisher\":{\"@id\":\"https:\/\/hubsch-interior.com\/de\/#organization\"},\"potentialAction\":[{\"@type\":\"SearchAction\",\"target\":{\"@type\":\"EntryPoint\",\"urlTemplate\":\"https:\/\/hubsch-interior.com\/de\/?s={search_term_string}\"},\"query-input\":{\"@type\":\"PropertyValueSpecification\",\"valueRequired\":true,\"valueName\":\"search_term_string\"}}],\"inLanguage\":\"de\"},{\"@type\":\"Organization\",\"@id\":\"https:\/\/hubsch-interior.com\/de\/#organization\",\"name\":\"H\u00fcbsch\",\"url\":\"https:\/\/hubsch-interior.com\/de\/\",\"logo\":{\"@type\":\"ImageObject\",\"inLanguage\":\"de\",\"@id\":\"https:\/\/hubsch-interior.com\/de\/#\/schema\/logo\/image\/\",\"url\":\"https:\/\/hubsch-interior.com\/wp-content\/uploads\/2022\/12\/Hubsch_logo_black_one_line.svg\",\"contentUrl\":\"https:\/\/hubsch-interior.com\/wp-content\/uploads\/2022\/12\/Hubsch_logo_black_one_line.svg\",\"caption\":\"H\u00fcbsch\"},\"image\":{\"@id\":\"https:\/\/hubsch-interior.com\/de\/#\/schema\/logo\/image\/\"}}]}<\/script>\n<!-- \/ Yoast SEO plugin. -->","yoast_head_json":{"title":"Grand Tabletts Wei\u00df (2er Set) - H\u00fcbsch","description":"Diese Grand Tabletts Wei\u00df (2er Set) sind ein sch\u00f6ner Blickfang f\u00fcr jeden Raum. Hergestellt aus Marmor sind die Tabletts solide und langlebig. Ihre wei\u00dfe","robots":{"index":"index","follow":"follow","max-snippet":"max-snippet:-1","max-image-preview":"max-image-preview:large","max-video-preview":"max-video-preview:-1"},"canonical":"https:\/\/hubsch-interior.com\/de\/wp-json\/wp\/v2\/product\/391677","og_locale":"de_DE","og_type":"article","og_title":"Grand Tabletts Wei\u00df (2er Set) - H\u00fcbsch","og_description":"Diese Grand Tabletts Wei\u00df (2er Set) sind ein sch\u00f6ner Blickfang f\u00fcr jeden Raum. Hergestellt aus Marmor sind die Tabletts solide und langlebig. Ihre wei\u00dfe","og_url":"https:\/\/hubsch-interior.com\/de\/produkt\/grand-tabletts-weis-2er-set\/","og_site_name":"H\u00fcbsch","article_modified_time":"2026-04-26T02:35:42+00:00","og_image":[{"width":1200,"height":1200,"url":"https:\/\/hubsch-interior.com\/wp-content\/uploads\/2025\/04\/grand-trays-white-set-of-2-f00f54ee735a11041d08c6895daf31d2.jpg","type":"image\/jpeg"}],"twitter_card":"summary_large_image","schema":{"@context":"https:\/\/schema.org","@graph":[{"@type":"WebPage","@id":"https:\/\/hubsch-interior.com\/de\/produkt\/grand-tabletts-weis-2er-set\/","url":"https:\/\/hubsch-interior.com\/de\/produkt\/grand-tabletts-weis-2er-set\/","name":"Grand Tabletts Wei\u00df (2er Set) - H\u00fcbsch","isPartOf":{"@id":"https:\/\/hubsch-interior.com\/de\/#website"},"primaryImageOfPage":{"@id":"https:\/\/hubsch-interior.com\/de\/produkt\/grand-tabletts-weis-2er-set\/#primaryimage"},"image":{"@id":"https:\/\/hubsch-interior.com\/de\/produkt\/grand-tabletts-weis-2er-set\/#primaryimage"},"thumbnailUrl":"https:\/\/hubsch-interior.com\/wp-content\/uploads\/2026\/02\/grand-trays-white-set-of-2-ac56a87502ba7d692a6b1868793bbe32.jpg","datePublished":"2021-06-04T07:57:29+00:00","dateModified":"2026-04-26T02:35:42+00:00","description":"Diese Grand Tabletts Wei\u00df (2er Set) sind ein sch\u00f6ner Blickfang f\u00fcr jeden Raum. Hergestellt aus Marmor sind die Tabletts solide und langlebig. Ihre wei\u00dfe","breadcrumb":{"@id":"https:\/\/hubsch-interior.com\/de\/produkt\/grand-tabletts-weis-2er-set\/#breadcrumb"},"inLanguage":"de","potentialAction":[{"@type":"ReadAction","target":["https:\/\/hubsch-interior.com\/de\/produkt\/grand-tabletts-weis-2er-set\/"]}]},{"@type":"ImageObject","inLanguage":"de","@id":"https:\/\/hubsch-interior.com\/de\/produkt\/grand-tabletts-weis-2er-set\/#primaryimage","url":"https:\/\/hubsch-interior.com\/wp-content\/uploads\/2026\/02\/grand-trays-white-set-of-2-ac56a87502ba7d692a6b1868793bbe32.jpg","contentUrl":"https:\/\/hubsch-interior.com\/wp-content\/uploads\/2026\/02\/grand-trays-white-set-of-2-ac56a87502ba7d692a6b1868793bbe32.jpg","width":1024,"height":1024},{"@type":"BreadcrumbList","@id":"https:\/\/hubsch-interior.com\/de\/produkt\/grand-tabletts-weis-2er-set\/#breadcrumb","itemListElement":[{"@type":"ListItem","position":1,"name":"Startseite","item":"https:\/\/hubsch-interior.com\/de\/"},{"@type":"ListItem","position":2,"name":"Produkte","item":"https:\/\/hubsch-interior.com\/de\/shop-2\/"},{"@type":"ListItem","position":3,"name":"Wohnaccessoires","item":"https:\/\/hubsch-interior.com\/de\/produkt-kategorie\/wohnaccessoires\/"},{"@type":"ListItem","position":4,"name":"K&uuml;chenzubeh&ouml;r","item":"https:\/\/hubsch-interior.com\/de\/produkt-kategorie\/wohnaccessoires\/kuechenzubehoer-de\/"},{"@type":"ListItem","position":5,"name":"Tischgeschirr","item":"https:\/\/hubsch-interior.com\/de\/produkt-kategorie\/wohnaccessoires\/kuechenzubehoer-de\/tischgeschirr-de\/"},{"@type":"ListItem","position":6,"name":"Grand Tabletts Wei\u00df (2er Set)"}]},{"@type":"WebSite","@id":"https:\/\/hubsch-interior.com\/de\/#website","url":"https:\/\/hubsch-interior.com\/de\/","name":"H\u00fcbsch","description":"Danish Home Interior and Design","publisher":{"@id":"https:\/\/hubsch-interior.com\/de\/#organization"},"potentialAction":[{"@type":"SearchAction","target":{"@type":"EntryPoint","urlTemplate":"https:\/\/hubsch-interior.com\/de\/?s={search_term_string}"},"query-input":{"@type":"PropertyValueSpecification","valueRequired":true,"valueName":"search_term_string"}}],"inLanguage":"de"},{"@type":"Organization","@id":"https:\/\/hubsch-interior.com\/de\/#organization","name":"H\u00fcbsch","url":"https:\/\/hubsch-interior.com\/de\/","logo":{"@type":"ImageObject","inLanguage":"de","@id":"https:\/\/hubsch-interior.com\/de\/#\/schema\/logo\/image\/","url":"https:\/\/hubsch-interior.com\/wp-content\/uploads\/2022\/12\/Hubsch_logo_black_one_line.svg","contentUrl":"https:\/\/hubsch-interior.com\/wp-content\/uploads\/2022\/12\/Hubsch_logo_black_one_line.svg","caption":"H\u00fcbsch"},"image":{"@id":"https:\/\/hubsch-interior.com\/de\/#\/schema\/logo\/image\/"}}]}},"_links":{"self":[{"href":"https:\/\/hubsch-interior.com\/de\/wp-json\/wp\/v2\/product\/391677","targetHints":{"allow":["GET"]}}],"collection":[{"href":"https:\/\/hubsch-interior.com\/de\/wp-json\/wp\/v2\/product"}],"about":[{"href":"https:\/\/hubsch-interior.com\/de\/wp-json\/wp\/v2\/types\/product"}],"wp:featuredmedia":[{"embeddable":true,"href":"https:\/\/hubsch-interior.com\/de\/wp-json\/wp\/v2\/media\/1098263"}],"wp:attachment":[{"href":"https:\/\/hubsch-interior.com\/de\/wp-json\/wp\/v2\/media?parent=391677"}],"wp:term":[{"taxonomy":"product_brand","embeddable":true,"href":"https:\/\/hubsch-interior.com\/de\/wp-json\/wp\/v2\/product_brand?post=391677"},{"taxonomy":"product_cat","embeddable":true,"href":"https:\/\/hubsch-interior.com\/de\/wp-json\/wp\/v2\/product_cat?post=391677"},{"taxonomy":"product_tag","embeddable":true,"href":"https:\/\/hubsch-interior.com\/de\/wp-json\/wp\/v2\/product_tag?post=391677"}],"curies":[{"name":"wp","href":"https:\/\/api.w.org\/{rel}","templated":true}]}}