{"id":391701,"date":"2021-06-04T09:57:36","date_gmt":"2021-06-04T07:57:36","guid":{"rendered":"https:\/\/hubsch-interior.com\/shop-b2c\/product\/product-6\/"},"modified":"2026-04-09T04:35:23","modified_gmt":"2026-04-09T02:35:23","slug":"vertigo-korbe-multifarben-2er-set","status":"publish","type":"product","link":"https:\/\/hubsch-interior.com\/de\/produkt\/vertigo-korbe-multifarben-2er-set\/","title":{"rendered":"Vertigo K\u00f6rbe \u00a0Multifarben (2er Set)"},"content":{"rendered":"<p>Die K\u00f6rbe bestehen aus Papiergarn und sind in zwei Gr\u00f6\u00dfen erh\u00e4ltlich. Das Papiergarn ist in Schwarz, Rot, Gelb und Natur gef\u00e4rbt. Die K\u00f6rbe entf\u00fchren Sie in ein farbenfrohes und stilvolles Universum und passen gut in ein modernes und klassisches Zuhause. Dieses Produkt ist handgefertigt und kann daher variieren.<\/p>\n","protected":false},"excerpt":{"rendered":"<p>Die K\u00f6rbe bestehen aus Papiergarn und sind in zwei Gr\u00f6\u00dfen erh\u00e4ltlich. Das Papiergarn ist in Schwarz, Rot, Gelb und Natur gef\u00e4rbt. Die K\u00f6rbe entf\u00fchren Sie in ein farbenfrohes und stilvolles Universum und passen gut in ein modernes und klassisches Zuhause. Dieses Produkt ist handgefertigt und kann daher variieren.<\/p>\n","protected":false},"featured_media":1098283,"template":"","meta":{"_acf_changed":false,"inline_featured_image":false},"product_brand":[],"product_cat":[3111,5027,4076],"product_tag":[],"class_list":{"0":"post-391701","1":"product","2":"type-product","3":"status-publish","4":"has-post-thumbnail","6":"product_cat-aufbewahrung-de","7":"product_cat-bestsellers-de","8":"product_cat-koerbe-de","9":"product_shipping_class-pk","11":"pa_color-multifarben-2","12":"pa_material-papier-de","14":"first","15":"instock","16":"featured","17":"taxable","18":"shipping-taxable","19":"purchasable","20":"product-type-simple"},"exclude_global_add_ons":[],"addons":[],"acf":[],"yoast_head":"<!-- This site is optimized with the Yoast SEO plugin v26.4 - https:\/\/yoast.com\/wordpress\/plugins\/seo\/ -->\n<title>Vertigo K\u00f6rbe \u00a0Multifarben (2er Set) - H\u00fcbsch<\/title>\n<meta name=\"description\" content=\"Die K\u00f6rbe bestehen aus Papiergarn und sind in zwei Gr\u00f6\u00dfen erh\u00e4ltlich. Das Papiergarn ist in Schwarz, Rot, Gelb und Natur gef\u00e4rbt. Die K\u00f6rbe entf\u00fchren Sie\" \/>\n<meta name=\"robots\" content=\"index, follow, max-snippet:-1, max-image-preview:large, max-video-preview:-1\" \/>\n<link rel=\"canonical\" href=\"https:\/\/hubsch-interior.com\/de\/wp-json\/wp\/v2\/product\/391701\" \/>\n<meta property=\"og:locale\" content=\"de_DE\" \/>\n<meta property=\"og:type\" content=\"article\" \/>\n<meta property=\"og:title\" content=\"Vertigo K\u00f6rbe \u00a0Multifarben (2er Set) - H\u00fcbsch\" \/>\n<meta property=\"og:description\" content=\"Die K\u00f6rbe bestehen aus Papiergarn und sind in zwei Gr\u00f6\u00dfen erh\u00e4ltlich. Das Papiergarn ist in Schwarz, Rot, Gelb und Natur gef\u00e4rbt. Die K\u00f6rbe entf\u00fchren Sie\" \/>\n<meta property=\"og:url\" content=\"https:\/\/hubsch-interior.com\/de\/produkt\/vertigo-korbe-multifarben-2er-set\/\" \/>\n<meta property=\"og:site_name\" content=\"H\u00fcbsch\" \/>\n<meta property=\"article:modified_time\" content=\"2026-04-09T02:35:23+00:00\" \/>\n<meta property=\"og:image\" content=\"https:\/\/hubsch-interior.com\/wp-content\/uploads\/2025\/04\/vertigo-baskets-multicolour-set-of-2-dac0adb3e2465be452c8fbafaa70cc32.jpg\" \/>\n\t<meta property=\"og:image:width\" content=\"1200\" \/>\n\t<meta property=\"og:image:height\" content=\"1200\" \/>\n\t<meta property=\"og:image:type\" content=\"image\/jpeg\" \/>\n<meta name=\"twitter:card\" content=\"summary_large_image\" \/>\n<script type=\"application\/ld+json\" class=\"yoast-schema-graph\">{\"@context\":\"https:\/\/schema.org\",\"@graph\":[{\"@type\":\"WebPage\",\"@id\":\"https:\/\/hubsch-interior.com\/de\/produkt\/vertigo-korbe-multifarben-2er-set\/\",\"url\":\"https:\/\/hubsch-interior.com\/de\/produkt\/vertigo-korbe-multifarben-2er-set\/\",\"name\":\"Vertigo K\u00f6rbe \u00a0Multifarben (2er Set) - H\u00fcbsch\",\"isPartOf\":{\"@id\":\"https:\/\/hubsch-interior.com\/de\/#website\"},\"primaryImageOfPage\":{\"@id\":\"https:\/\/hubsch-interior.com\/de\/produkt\/vertigo-korbe-multifarben-2er-set\/#primaryimage\"},\"image\":{\"@id\":\"https:\/\/hubsch-interior.com\/de\/produkt\/vertigo-korbe-multifarben-2er-set\/#primaryimage\"},\"thumbnailUrl\":\"https:\/\/hubsch-interior.com\/wp-content\/uploads\/2026\/02\/vertigo-baskets-multicolour-set-of-2-fe8bb26269ac35cdfa8a0c34f4e9c61b.jpg\",\"datePublished\":\"2021-06-04T07:57:36+00:00\",\"dateModified\":\"2026-04-09T02:35:23+00:00\",\"description\":\"Die K\u00f6rbe bestehen aus Papiergarn und sind in zwei Gr\u00f6\u00dfen erh\u00e4ltlich. Das Papiergarn ist in Schwarz, Rot, Gelb und Natur gef\u00e4rbt. Die K\u00f6rbe entf\u00fchren Sie\",\"breadcrumb\":{\"@id\":\"https:\/\/hubsch-interior.com\/de\/produkt\/vertigo-korbe-multifarben-2er-set\/#breadcrumb\"},\"inLanguage\":\"de\",\"potentialAction\":[{\"@type\":\"ReadAction\",\"target\":[\"https:\/\/hubsch-interior.com\/de\/produkt\/vertigo-korbe-multifarben-2er-set\/\"]}]},{\"@type\":\"ImageObject\",\"inLanguage\":\"de\",\"@id\":\"https:\/\/hubsch-interior.com\/de\/produkt\/vertigo-korbe-multifarben-2er-set\/#primaryimage\",\"url\":\"https:\/\/hubsch-interior.com\/wp-content\/uploads\/2026\/02\/vertigo-baskets-multicolour-set-of-2-fe8bb26269ac35cdfa8a0c34f4e9c61b.jpg\",\"contentUrl\":\"https:\/\/hubsch-interior.com\/wp-content\/uploads\/2026\/02\/vertigo-baskets-multicolour-set-of-2-fe8bb26269ac35cdfa8a0c34f4e9c61b.jpg\",\"width\":1024,\"height\":1024},{\"@type\":\"BreadcrumbList\",\"@id\":\"https:\/\/hubsch-interior.com\/de\/produkt\/vertigo-korbe-multifarben-2er-set\/#breadcrumb\",\"itemListElement\":[{\"@type\":\"ListItem\",\"position\":1,\"name\":\"Startseite\",\"item\":\"https:\/\/hubsch-interior.com\/de\/\"},{\"@type\":\"ListItem\",\"position\":2,\"name\":\"Produkte\",\"item\":\"https:\/\/hubsch-interior.com\/de\/shop-2\/\"},{\"@type\":\"ListItem\",\"position\":3,\"name\":\"Wohnaccessoires\",\"item\":\"https:\/\/hubsch-interior.com\/de\/produkt-kategorie\/wohnaccessoires\/\"},{\"@type\":\"ListItem\",\"position\":4,\"name\":\"Aufbewahrung\",\"item\":\"https:\/\/hubsch-interior.com\/de\/produkt-kategorie\/wohnaccessoires\/aufbewahrung-de\/\"},{\"@type\":\"ListItem\",\"position\":5,\"name\":\"K&ouml;rbe\",\"item\":\"https:\/\/hubsch-interior.com\/de\/produkt-kategorie\/wohnaccessoires\/aufbewahrung-de\/koerbe-de\/\"},{\"@type\":\"ListItem\",\"position\":6,\"name\":\"Vertigo K\u00f6rbe \u00a0Multifarben (2er Set)\"}]},{\"@type\":\"WebSite\",\"@id\":\"https:\/\/hubsch-interior.com\/de\/#website\",\"url\":\"https:\/\/hubsch-interior.com\/de\/\",\"name\":\"H\u00fcbsch\",\"description\":\"Danish Home Interior and Design\",\"publisher\":{\"@id\":\"https:\/\/hubsch-interior.com\/de\/#organization\"},\"potentialAction\":[{\"@type\":\"SearchAction\",\"target\":{\"@type\":\"EntryPoint\",\"urlTemplate\":\"https:\/\/hubsch-interior.com\/de\/?s={search_term_string}\"},\"query-input\":{\"@type\":\"PropertyValueSpecification\",\"valueRequired\":true,\"valueName\":\"search_term_string\"}}],\"inLanguage\":\"de\"},{\"@type\":\"Organization\",\"@id\":\"https:\/\/hubsch-interior.com\/de\/#organization\",\"name\":\"H\u00fcbsch\",\"url\":\"https:\/\/hubsch-interior.com\/de\/\",\"logo\":{\"@type\":\"ImageObject\",\"inLanguage\":\"de\",\"@id\":\"https:\/\/hubsch-interior.com\/de\/#\/schema\/logo\/image\/\",\"url\":\"https:\/\/hubsch-interior.com\/wp-content\/uploads\/2022\/12\/Hubsch_logo_black_one_line.svg\",\"contentUrl\":\"https:\/\/hubsch-interior.com\/wp-content\/uploads\/2022\/12\/Hubsch_logo_black_one_line.svg\",\"caption\":\"H\u00fcbsch\"},\"image\":{\"@id\":\"https:\/\/hubsch-interior.com\/de\/#\/schema\/logo\/image\/\"}}]}<\/script>\n<!-- \/ Yoast SEO plugin. -->","yoast_head_json":{"title":"Vertigo K\u00f6rbe \u00a0Multifarben (2er Set) - H\u00fcbsch","description":"Die K\u00f6rbe bestehen aus Papiergarn und sind in zwei Gr\u00f6\u00dfen erh\u00e4ltlich. Das Papiergarn ist in Schwarz, Rot, Gelb und Natur gef\u00e4rbt. Die K\u00f6rbe entf\u00fchren Sie","robots":{"index":"index","follow":"follow","max-snippet":"max-snippet:-1","max-image-preview":"max-image-preview:large","max-video-preview":"max-video-preview:-1"},"canonical":"https:\/\/hubsch-interior.com\/de\/wp-json\/wp\/v2\/product\/391701","og_locale":"de_DE","og_type":"article","og_title":"Vertigo K\u00f6rbe \u00a0Multifarben (2er Set) - H\u00fcbsch","og_description":"Die K\u00f6rbe bestehen aus Papiergarn und sind in zwei Gr\u00f6\u00dfen erh\u00e4ltlich. Das Papiergarn ist in Schwarz, Rot, Gelb und Natur gef\u00e4rbt. Die K\u00f6rbe entf\u00fchren Sie","og_url":"https:\/\/hubsch-interior.com\/de\/produkt\/vertigo-korbe-multifarben-2er-set\/","og_site_name":"H\u00fcbsch","article_modified_time":"2026-04-09T02:35:23+00:00","og_image":[{"width":1200,"height":1200,"url":"https:\/\/hubsch-interior.com\/wp-content\/uploads\/2025\/04\/vertigo-baskets-multicolour-set-of-2-dac0adb3e2465be452c8fbafaa70cc32.jpg","type":"image\/jpeg"}],"twitter_card":"summary_large_image","schema":{"@context":"https:\/\/schema.org","@graph":[{"@type":"WebPage","@id":"https:\/\/hubsch-interior.com\/de\/produkt\/vertigo-korbe-multifarben-2er-set\/","url":"https:\/\/hubsch-interior.com\/de\/produkt\/vertigo-korbe-multifarben-2er-set\/","name":"Vertigo K\u00f6rbe \u00a0Multifarben (2er Set) - H\u00fcbsch","isPartOf":{"@id":"https:\/\/hubsch-interior.com\/de\/#website"},"primaryImageOfPage":{"@id":"https:\/\/hubsch-interior.com\/de\/produkt\/vertigo-korbe-multifarben-2er-set\/#primaryimage"},"image":{"@id":"https:\/\/hubsch-interior.com\/de\/produkt\/vertigo-korbe-multifarben-2er-set\/#primaryimage"},"thumbnailUrl":"https:\/\/hubsch-interior.com\/wp-content\/uploads\/2026\/02\/vertigo-baskets-multicolour-set-of-2-fe8bb26269ac35cdfa8a0c34f4e9c61b.jpg","datePublished":"2021-06-04T07:57:36+00:00","dateModified":"2026-04-09T02:35:23+00:00","description":"Die K\u00f6rbe bestehen aus Papiergarn und sind in zwei Gr\u00f6\u00dfen erh\u00e4ltlich. Das Papiergarn ist in Schwarz, Rot, Gelb und Natur gef\u00e4rbt. Die K\u00f6rbe entf\u00fchren Sie","breadcrumb":{"@id":"https:\/\/hubsch-interior.com\/de\/produkt\/vertigo-korbe-multifarben-2er-set\/#breadcrumb"},"inLanguage":"de","potentialAction":[{"@type":"ReadAction","target":["https:\/\/hubsch-interior.com\/de\/produkt\/vertigo-korbe-multifarben-2er-set\/"]}]},{"@type":"ImageObject","inLanguage":"de","@id":"https:\/\/hubsch-interior.com\/de\/produkt\/vertigo-korbe-multifarben-2er-set\/#primaryimage","url":"https:\/\/hubsch-interior.com\/wp-content\/uploads\/2026\/02\/vertigo-baskets-multicolour-set-of-2-fe8bb26269ac35cdfa8a0c34f4e9c61b.jpg","contentUrl":"https:\/\/hubsch-interior.com\/wp-content\/uploads\/2026\/02\/vertigo-baskets-multicolour-set-of-2-fe8bb26269ac35cdfa8a0c34f4e9c61b.jpg","width":1024,"height":1024},{"@type":"BreadcrumbList","@id":"https:\/\/hubsch-interior.com\/de\/produkt\/vertigo-korbe-multifarben-2er-set\/#breadcrumb","itemListElement":[{"@type":"ListItem","position":1,"name":"Startseite","item":"https:\/\/hubsch-interior.com\/de\/"},{"@type":"ListItem","position":2,"name":"Produkte","item":"https:\/\/hubsch-interior.com\/de\/shop-2\/"},{"@type":"ListItem","position":3,"name":"Wohnaccessoires","item":"https:\/\/hubsch-interior.com\/de\/produkt-kategorie\/wohnaccessoires\/"},{"@type":"ListItem","position":4,"name":"Aufbewahrung","item":"https:\/\/hubsch-interior.com\/de\/produkt-kategorie\/wohnaccessoires\/aufbewahrung-de\/"},{"@type":"ListItem","position":5,"name":"K&ouml;rbe","item":"https:\/\/hubsch-interior.com\/de\/produkt-kategorie\/wohnaccessoires\/aufbewahrung-de\/koerbe-de\/"},{"@type":"ListItem","position":6,"name":"Vertigo K\u00f6rbe \u00a0Multifarben (2er Set)"}]},{"@type":"WebSite","@id":"https:\/\/hubsch-interior.com\/de\/#website","url":"https:\/\/hubsch-interior.com\/de\/","name":"H\u00fcbsch","description":"Danish Home Interior and Design","publisher":{"@id":"https:\/\/hubsch-interior.com\/de\/#organization"},"potentialAction":[{"@type":"SearchAction","target":{"@type":"EntryPoint","urlTemplate":"https:\/\/hubsch-interior.com\/de\/?s={search_term_string}"},"query-input":{"@type":"PropertyValueSpecification","valueRequired":true,"valueName":"search_term_string"}}],"inLanguage":"de"},{"@type":"Organization","@id":"https:\/\/hubsch-interior.com\/de\/#organization","name":"H\u00fcbsch","url":"https:\/\/hubsch-interior.com\/de\/","logo":{"@type":"ImageObject","inLanguage":"de","@id":"https:\/\/hubsch-interior.com\/de\/#\/schema\/logo\/image\/","url":"https:\/\/hubsch-interior.com\/wp-content\/uploads\/2022\/12\/Hubsch_logo_black_one_line.svg","contentUrl":"https:\/\/hubsch-interior.com\/wp-content\/uploads\/2022\/12\/Hubsch_logo_black_one_line.svg","caption":"H\u00fcbsch"},"image":{"@id":"https:\/\/hubsch-interior.com\/de\/#\/schema\/logo\/image\/"}}]}},"_links":{"self":[{"href":"https:\/\/hubsch-interior.com\/de\/wp-json\/wp\/v2\/product\/391701","targetHints":{"allow":["GET"]}}],"collection":[{"href":"https:\/\/hubsch-interior.com\/de\/wp-json\/wp\/v2\/product"}],"about":[{"href":"https:\/\/hubsch-interior.com\/de\/wp-json\/wp\/v2\/types\/product"}],"wp:featuredmedia":[{"embeddable":true,"href":"https:\/\/hubsch-interior.com\/de\/wp-json\/wp\/v2\/media\/1098283"}],"wp:attachment":[{"href":"https:\/\/hubsch-interior.com\/de\/wp-json\/wp\/v2\/media?parent=391701"}],"wp:term":[{"taxonomy":"product_brand","embeddable":true,"href":"https:\/\/hubsch-interior.com\/de\/wp-json\/wp\/v2\/product_brand?post=391701"},{"taxonomy":"product_cat","embeddable":true,"href":"https:\/\/hubsch-interior.com\/de\/wp-json\/wp\/v2\/product_cat?post=391701"},{"taxonomy":"product_tag","embeddable":true,"href":"https:\/\/hubsch-interior.com\/de\/wp-json\/wp\/v2\/product_tag?post=391701"}],"curies":[{"name":"wp","href":"https:\/\/api.w.org\/{rel}","templated":true}]}}