{"id":391833,"date":"2021-06-04T09:58:12","date_gmt":"2021-06-04T07:58:12","guid":{"rendered":"https:\/\/hubsch-interior.com\/shop-b2c\/product\/product-6\/"},"modified":"2026-04-16T04:35:13","modified_gmt":"2026-04-16T02:35:13","slug":"monarch-korbe-naturfarben-rot-2er-set","status":"publish","type":"product","link":"https:\/\/hubsch-interior.com\/de\/produkt\/monarch-korbe-naturfarben-rot-2er-set\/","title":{"rendered":"Monarch K\u00f6rbe Naturfarben\/Rot (2er Set)"},"content":{"rendered":"<p>Die runden K\u00f6rbe sind als 2er-Set erh\u00e4ltlich und werden mit verschlie\u00dfbaren Deckeln geliefert. Verwenden Sie die K\u00f6rbe f\u00fcr die Aufbewahrung s\u00e4mtlicher Gegenst\u00e4nde und platzieren Sie sie in jedem beliebigen Raum Ihres Hauses. Die Farbkombination verleiht dem Korb einen klassischen und rustikalen Look. Dieses Produkt ist handgefertigt und kann daher variieren.<\/p>\n","protected":false},"excerpt":{"rendered":"<p>Die runden K\u00f6rbe sind als 2er-Set erh\u00e4ltlich und werden mit verschlie\u00dfbaren Deckeln geliefert. Verwenden Sie die K\u00f6rbe f\u00fcr die Aufbewahrung s\u00e4mtlicher Gegenst\u00e4nde und platzieren Sie sie in jedem beliebigen Raum Ihres Hauses. Die Farbkombination verleiht dem Korb einen klassischen und rustikalen Look. Dieses Produkt ist handgefertigt und kann daher variieren.<\/p>\n","protected":false},"featured_media":1098351,"template":"","meta":{"_acf_changed":false,"inline_featured_image":false},"product_brand":[],"product_cat":[3111,4076,5031],"product_tag":[],"class_list":{"0":"post-391833","1":"product","2":"type-product","3":"status-publish","4":"has-post-thumbnail","6":"product_cat-aufbewahrung-de","7":"product_cat-koerbe-de","8":"product_cat-wieder-auf-lager-de","9":"product_shipping_class-pk","11":"pa_color-naturfarben-2","12":"pa_color-rot-2","13":"pa_material-papier-de","15":"first","16":"instock","17":"taxable","18":"shipping-taxable","19":"purchasable","20":"product-type-simple"},"exclude_global_add_ons":[],"addons":[],"acf":[],"yoast_head":"<!-- This site is optimized with the Yoast SEO plugin v26.4 - https:\/\/yoast.com\/wordpress\/plugins\/seo\/ -->\n<title>Monarch K\u00f6rbe Naturfarben\/Rot (2er Set) - H\u00fcbsch<\/title>\n<meta name=\"description\" content=\"Die runden K\u00f6rbe sind als 2er-Set erh\u00e4ltlich und werden mit verschlie\u00dfbaren Deckeln geliefert. Verwenden Sie die K\u00f6rbe f\u00fcr die Aufbewahrung s\u00e4mtlicher\" \/>\n<meta name=\"robots\" content=\"index, follow, max-snippet:-1, max-image-preview:large, max-video-preview:-1\" \/>\n<link rel=\"canonical\" href=\"https:\/\/hubsch-interior.com\/de\/wp-json\/wp\/v2\/product\/391833\" \/>\n<meta property=\"og:locale\" content=\"de_DE\" \/>\n<meta property=\"og:type\" content=\"article\" \/>\n<meta property=\"og:title\" content=\"Monarch K\u00f6rbe Naturfarben\/Rot (2er Set) - H\u00fcbsch\" \/>\n<meta property=\"og:description\" content=\"Die runden K\u00f6rbe sind als 2er-Set erh\u00e4ltlich und werden mit verschlie\u00dfbaren Deckeln geliefert. Verwenden Sie die K\u00f6rbe f\u00fcr die Aufbewahrung s\u00e4mtlicher\" \/>\n<meta property=\"og:url\" content=\"https:\/\/hubsch-interior.com\/de\/produkt\/monarch-korbe-naturfarben-rot-2er-set\/\" \/>\n<meta property=\"og:site_name\" content=\"H\u00fcbsch\" \/>\n<meta property=\"article:modified_time\" content=\"2026-04-16T02:35:13+00:00\" \/>\n<meta property=\"og:image\" content=\"https:\/\/hubsch-interior.com\/wp-content\/uploads\/2026\/02\/monarch-baskets-naturalred-set-of-2-27db392d4789f232d0727991653dc1af.jpg\" \/>\n\t<meta property=\"og:image:width\" content=\"1024\" \/>\n\t<meta property=\"og:image:height\" content=\"1024\" \/>\n\t<meta property=\"og:image:type\" content=\"image\/jpeg\" \/>\n<meta name=\"twitter:card\" content=\"summary_large_image\" \/>\n<script type=\"application\/ld+json\" class=\"yoast-schema-graph\">{\"@context\":\"https:\/\/schema.org\",\"@graph\":[{\"@type\":\"WebPage\",\"@id\":\"https:\/\/hubsch-interior.com\/de\/produkt\/monarch-korbe-naturfarben-rot-2er-set\/\",\"url\":\"https:\/\/hubsch-interior.com\/de\/produkt\/monarch-korbe-naturfarben-rot-2er-set\/\",\"name\":\"Monarch K\u00f6rbe Naturfarben\/Rot (2er Set) - H\u00fcbsch\",\"isPartOf\":{\"@id\":\"https:\/\/hubsch-interior.com\/de\/#website\"},\"primaryImageOfPage\":{\"@id\":\"https:\/\/hubsch-interior.com\/de\/produkt\/monarch-korbe-naturfarben-rot-2er-set\/#primaryimage\"},\"image\":{\"@id\":\"https:\/\/hubsch-interior.com\/de\/produkt\/monarch-korbe-naturfarben-rot-2er-set\/#primaryimage\"},\"thumbnailUrl\":\"https:\/\/hubsch-interior.com\/wp-content\/uploads\/2026\/02\/monarch-baskets-naturalred-set-of-2-27db392d4789f232d0727991653dc1af.jpg\",\"datePublished\":\"2021-06-04T07:58:12+00:00\",\"dateModified\":\"2026-04-16T02:35:13+00:00\",\"description\":\"Die runden K\u00f6rbe sind als 2er-Set erh\u00e4ltlich und werden mit verschlie\u00dfbaren Deckeln geliefert. Verwenden Sie die K\u00f6rbe f\u00fcr die Aufbewahrung s\u00e4mtlicher\",\"breadcrumb\":{\"@id\":\"https:\/\/hubsch-interior.com\/de\/produkt\/monarch-korbe-naturfarben-rot-2er-set\/#breadcrumb\"},\"inLanguage\":\"de\",\"potentialAction\":[{\"@type\":\"ReadAction\",\"target\":[\"https:\/\/hubsch-interior.com\/de\/produkt\/monarch-korbe-naturfarben-rot-2er-set\/\"]}]},{\"@type\":\"ImageObject\",\"inLanguage\":\"de\",\"@id\":\"https:\/\/hubsch-interior.com\/de\/produkt\/monarch-korbe-naturfarben-rot-2er-set\/#primaryimage\",\"url\":\"https:\/\/hubsch-interior.com\/wp-content\/uploads\/2026\/02\/monarch-baskets-naturalred-set-of-2-27db392d4789f232d0727991653dc1af.jpg\",\"contentUrl\":\"https:\/\/hubsch-interior.com\/wp-content\/uploads\/2026\/02\/monarch-baskets-naturalred-set-of-2-27db392d4789f232d0727991653dc1af.jpg\",\"width\":1024,\"height\":1024},{\"@type\":\"BreadcrumbList\",\"@id\":\"https:\/\/hubsch-interior.com\/de\/produkt\/monarch-korbe-naturfarben-rot-2er-set\/#breadcrumb\",\"itemListElement\":[{\"@type\":\"ListItem\",\"position\":1,\"name\":\"Startseite\",\"item\":\"https:\/\/hubsch-interior.com\/de\/\"},{\"@type\":\"ListItem\",\"position\":2,\"name\":\"Produkte\",\"item\":\"https:\/\/hubsch-interior.com\/de\/shop-2\/\"},{\"@type\":\"ListItem\",\"position\":3,\"name\":\"Wohnaccessoires\",\"item\":\"https:\/\/hubsch-interior.com\/de\/produkt-kategorie\/wohnaccessoires\/\"},{\"@type\":\"ListItem\",\"position\":4,\"name\":\"Aufbewahrung\",\"item\":\"https:\/\/hubsch-interior.com\/de\/produkt-kategorie\/wohnaccessoires\/aufbewahrung-de\/\"},{\"@type\":\"ListItem\",\"position\":5,\"name\":\"K&ouml;rbe\",\"item\":\"https:\/\/hubsch-interior.com\/de\/produkt-kategorie\/wohnaccessoires\/aufbewahrung-de\/koerbe-de\/\"},{\"@type\":\"ListItem\",\"position\":6,\"name\":\"Monarch K\u00f6rbe Naturfarben\/Rot (2er Set)\"}]},{\"@type\":\"WebSite\",\"@id\":\"https:\/\/hubsch-interior.com\/de\/#website\",\"url\":\"https:\/\/hubsch-interior.com\/de\/\",\"name\":\"H\u00fcbsch\",\"description\":\"Danish Home Interior and Design\",\"publisher\":{\"@id\":\"https:\/\/hubsch-interior.com\/de\/#organization\"},\"potentialAction\":[{\"@type\":\"SearchAction\",\"target\":{\"@type\":\"EntryPoint\",\"urlTemplate\":\"https:\/\/hubsch-interior.com\/de\/?s={search_term_string}\"},\"query-input\":{\"@type\":\"PropertyValueSpecification\",\"valueRequired\":true,\"valueName\":\"search_term_string\"}}],\"inLanguage\":\"de\"},{\"@type\":\"Organization\",\"@id\":\"https:\/\/hubsch-interior.com\/de\/#organization\",\"name\":\"H\u00fcbsch\",\"url\":\"https:\/\/hubsch-interior.com\/de\/\",\"logo\":{\"@type\":\"ImageObject\",\"inLanguage\":\"de\",\"@id\":\"https:\/\/hubsch-interior.com\/de\/#\/schema\/logo\/image\/\",\"url\":\"https:\/\/hubsch-interior.com\/wp-content\/uploads\/2022\/12\/Hubsch_logo_black_one_line.svg\",\"contentUrl\":\"https:\/\/hubsch-interior.com\/wp-content\/uploads\/2022\/12\/Hubsch_logo_black_one_line.svg\",\"caption\":\"H\u00fcbsch\"},\"image\":{\"@id\":\"https:\/\/hubsch-interior.com\/de\/#\/schema\/logo\/image\/\"}}]}<\/script>\n<!-- \/ Yoast SEO plugin. -->","yoast_head_json":{"title":"Monarch K\u00f6rbe Naturfarben\/Rot (2er Set) - H\u00fcbsch","description":"Die runden K\u00f6rbe sind als 2er-Set erh\u00e4ltlich und werden mit verschlie\u00dfbaren Deckeln geliefert. Verwenden Sie die K\u00f6rbe f\u00fcr die Aufbewahrung s\u00e4mtlicher","robots":{"index":"index","follow":"follow","max-snippet":"max-snippet:-1","max-image-preview":"max-image-preview:large","max-video-preview":"max-video-preview:-1"},"canonical":"https:\/\/hubsch-interior.com\/de\/wp-json\/wp\/v2\/product\/391833","og_locale":"de_DE","og_type":"article","og_title":"Monarch K\u00f6rbe Naturfarben\/Rot (2er Set) - H\u00fcbsch","og_description":"Die runden K\u00f6rbe sind als 2er-Set erh\u00e4ltlich und werden mit verschlie\u00dfbaren Deckeln geliefert. Verwenden Sie die K\u00f6rbe f\u00fcr die Aufbewahrung s\u00e4mtlicher","og_url":"https:\/\/hubsch-interior.com\/de\/produkt\/monarch-korbe-naturfarben-rot-2er-set\/","og_site_name":"H\u00fcbsch","article_modified_time":"2026-04-16T02:35:13+00:00","og_image":[{"width":1024,"height":1024,"url":"https:\/\/hubsch-interior.com\/wp-content\/uploads\/2026\/02\/monarch-baskets-naturalred-set-of-2-27db392d4789f232d0727991653dc1af.jpg","type":"image\/jpeg"}],"twitter_card":"summary_large_image","schema":{"@context":"https:\/\/schema.org","@graph":[{"@type":"WebPage","@id":"https:\/\/hubsch-interior.com\/de\/produkt\/monarch-korbe-naturfarben-rot-2er-set\/","url":"https:\/\/hubsch-interior.com\/de\/produkt\/monarch-korbe-naturfarben-rot-2er-set\/","name":"Monarch K\u00f6rbe Naturfarben\/Rot (2er Set) - H\u00fcbsch","isPartOf":{"@id":"https:\/\/hubsch-interior.com\/de\/#website"},"primaryImageOfPage":{"@id":"https:\/\/hubsch-interior.com\/de\/produkt\/monarch-korbe-naturfarben-rot-2er-set\/#primaryimage"},"image":{"@id":"https:\/\/hubsch-interior.com\/de\/produkt\/monarch-korbe-naturfarben-rot-2er-set\/#primaryimage"},"thumbnailUrl":"https:\/\/hubsch-interior.com\/wp-content\/uploads\/2026\/02\/monarch-baskets-naturalred-set-of-2-27db392d4789f232d0727991653dc1af.jpg","datePublished":"2021-06-04T07:58:12+00:00","dateModified":"2026-04-16T02:35:13+00:00","description":"Die runden K\u00f6rbe sind als 2er-Set erh\u00e4ltlich und werden mit verschlie\u00dfbaren Deckeln geliefert. Verwenden Sie die K\u00f6rbe f\u00fcr die Aufbewahrung s\u00e4mtlicher","breadcrumb":{"@id":"https:\/\/hubsch-interior.com\/de\/produkt\/monarch-korbe-naturfarben-rot-2er-set\/#breadcrumb"},"inLanguage":"de","potentialAction":[{"@type":"ReadAction","target":["https:\/\/hubsch-interior.com\/de\/produkt\/monarch-korbe-naturfarben-rot-2er-set\/"]}]},{"@type":"ImageObject","inLanguage":"de","@id":"https:\/\/hubsch-interior.com\/de\/produkt\/monarch-korbe-naturfarben-rot-2er-set\/#primaryimage","url":"https:\/\/hubsch-interior.com\/wp-content\/uploads\/2026\/02\/monarch-baskets-naturalred-set-of-2-27db392d4789f232d0727991653dc1af.jpg","contentUrl":"https:\/\/hubsch-interior.com\/wp-content\/uploads\/2026\/02\/monarch-baskets-naturalred-set-of-2-27db392d4789f232d0727991653dc1af.jpg","width":1024,"height":1024},{"@type":"BreadcrumbList","@id":"https:\/\/hubsch-interior.com\/de\/produkt\/monarch-korbe-naturfarben-rot-2er-set\/#breadcrumb","itemListElement":[{"@type":"ListItem","position":1,"name":"Startseite","item":"https:\/\/hubsch-interior.com\/de\/"},{"@type":"ListItem","position":2,"name":"Produkte","item":"https:\/\/hubsch-interior.com\/de\/shop-2\/"},{"@type":"ListItem","position":3,"name":"Wohnaccessoires","item":"https:\/\/hubsch-interior.com\/de\/produkt-kategorie\/wohnaccessoires\/"},{"@type":"ListItem","position":4,"name":"Aufbewahrung","item":"https:\/\/hubsch-interior.com\/de\/produkt-kategorie\/wohnaccessoires\/aufbewahrung-de\/"},{"@type":"ListItem","position":5,"name":"K&ouml;rbe","item":"https:\/\/hubsch-interior.com\/de\/produkt-kategorie\/wohnaccessoires\/aufbewahrung-de\/koerbe-de\/"},{"@type":"ListItem","position":6,"name":"Monarch K\u00f6rbe Naturfarben\/Rot (2er Set)"}]},{"@type":"WebSite","@id":"https:\/\/hubsch-interior.com\/de\/#website","url":"https:\/\/hubsch-interior.com\/de\/","name":"H\u00fcbsch","description":"Danish Home Interior and Design","publisher":{"@id":"https:\/\/hubsch-interior.com\/de\/#organization"},"potentialAction":[{"@type":"SearchAction","target":{"@type":"EntryPoint","urlTemplate":"https:\/\/hubsch-interior.com\/de\/?s={search_term_string}"},"query-input":{"@type":"PropertyValueSpecification","valueRequired":true,"valueName":"search_term_string"}}],"inLanguage":"de"},{"@type":"Organization","@id":"https:\/\/hubsch-interior.com\/de\/#organization","name":"H\u00fcbsch","url":"https:\/\/hubsch-interior.com\/de\/","logo":{"@type":"ImageObject","inLanguage":"de","@id":"https:\/\/hubsch-interior.com\/de\/#\/schema\/logo\/image\/","url":"https:\/\/hubsch-interior.com\/wp-content\/uploads\/2022\/12\/Hubsch_logo_black_one_line.svg","contentUrl":"https:\/\/hubsch-interior.com\/wp-content\/uploads\/2022\/12\/Hubsch_logo_black_one_line.svg","caption":"H\u00fcbsch"},"image":{"@id":"https:\/\/hubsch-interior.com\/de\/#\/schema\/logo\/image\/"}}]}},"_links":{"self":[{"href":"https:\/\/hubsch-interior.com\/de\/wp-json\/wp\/v2\/product\/391833","targetHints":{"allow":["GET"]}}],"collection":[{"href":"https:\/\/hubsch-interior.com\/de\/wp-json\/wp\/v2\/product"}],"about":[{"href":"https:\/\/hubsch-interior.com\/de\/wp-json\/wp\/v2\/types\/product"}],"wp:featuredmedia":[{"embeddable":true,"href":"https:\/\/hubsch-interior.com\/de\/wp-json\/wp\/v2\/media\/1098351"}],"wp:attachment":[{"href":"https:\/\/hubsch-interior.com\/de\/wp-json\/wp\/v2\/media?parent=391833"}],"wp:term":[{"taxonomy":"product_brand","embeddable":true,"href":"https:\/\/hubsch-interior.com\/de\/wp-json\/wp\/v2\/product_brand?post=391833"},{"taxonomy":"product_cat","embeddable":true,"href":"https:\/\/hubsch-interior.com\/de\/wp-json\/wp\/v2\/product_cat?post=391833"},{"taxonomy":"product_tag","embeddable":true,"href":"https:\/\/hubsch-interior.com\/de\/wp-json\/wp\/v2\/product_tag?post=391833"}],"curies":[{"name":"wp","href":"https:\/\/api.w.org\/{rel}","templated":true}]}}