{"id":39211,"date":"2020-12-15T09:47:12","date_gmt":"2020-12-15T08:47:12","guid":{"rendered":"https:\/\/hubsch-interior.com\/product\/product-6\/"},"modified":"2026-04-29T04:48:16","modified_gmt":"2026-04-29T02:48:16","slug":"crescent-wandspiegel-oval-naturfarben","status":"publish","type":"product","link":"https:\/\/hubsch-interior.com\/de\/produkt\/crescent-wandspiegel-oval-naturfarben\/","title":{"rendered":"Crescent Wandspiegel Oval Naturfarben"},"content":{"rendered":"<p>Der Crescent Wandspiegel ist ein modernes und stilvolles Accessoire f\u00fcr Ihr Zuhause. Er ist aus Spiegelglas und Eichenfurnier gefertigt und wurde nach den strengen Richtlinien des Forest Stewardship Council (FSC) zertifiziert. Der Spiegel ist oval geformt und verf\u00fcgt \u00fcber eine nat\u00fcrliche Farbgebung, die dem Raum eine stilvolle Atmosph\u00e4re verleiht. Der Crescent Wandspiegel ist eine gro\u00dfartige Erg\u00e4nzung f\u00fcr jeden Wohnraum.<\/p>\n","protected":false},"excerpt":{"rendered":"<p>Der Crescent Wandspiegel ist ein modernes und stilvolles Accessoire f\u00fcr Ihr Zuhause. Er ist aus Spiegelglas und Eichenfurnier gefertigt und wurde nach den strengen Richtlinien des Forest Stewardship Council (FSC) zertifiziert. Der Spiegel ist oval geformt und verf\u00fcgt \u00fcber eine nat\u00fcrliche Farbgebung, die dem Raum eine stilvolle Atmosph\u00e4re verleiht. Der Crescent Wandspiegel ist eine gro\u00dfartige [&hellip;]<\/p>\n","protected":false},"featured_media":1101564,"template":"","meta":{"_acf_changed":false,"inline_featured_image":false},"product_brand":[],"product_cat":[6323,2925,2926],"product_tag":[],"class_list":{"0":"post-39211","1":"product","2":"type-product","3":"status-publish","4":"has-post-thumbnail","6":"product_cat-fsc-de","7":"product_cat-spiegel-de","8":"product_cat-wandspiegel-de","9":"product_shipping_class-pk","11":"pa_color-naturfarben-2","12":"pa_material-eichenfurnier","13":"pa_material-mdf-de","14":"pa_material-spiegelglas","16":"first","17":"instock","18":"taxable","19":"shipping-taxable","20":"purchasable","21":"product-type-simple"},"exclude_global_add_ons":[],"addons":[],"acf":[],"yoast_head":"<!-- This site is optimized with the Yoast SEO plugin v26.4 - https:\/\/yoast.com\/wordpress\/plugins\/seo\/ -->\n<title>Crescent Wandspiegel Oval Naturfarben - H\u00fcbsch<\/title>\n<meta name=\"description\" content=\"Der Crescent Wandspiegel ist ein modernes und stilvolles Accessoire f\u00fcr Ihr Zuhause. Er ist aus Spiegelglas und Eichenfurnier gefertigt und wurde nach den\" \/>\n<meta name=\"robots\" content=\"index, follow, max-snippet:-1, max-image-preview:large, max-video-preview:-1\" \/>\n<link rel=\"canonical\" href=\"https:\/\/hubsch-interior.com\/de\/wp-json\/wp\/v2\/product\/39211\" \/>\n<meta property=\"og:locale\" content=\"de_DE\" \/>\n<meta property=\"og:type\" content=\"article\" \/>\n<meta property=\"og:title\" content=\"Crescent Wandspiegel Oval Naturfarben - H\u00fcbsch\" \/>\n<meta property=\"og:description\" content=\"Der Crescent Wandspiegel ist ein modernes und stilvolles Accessoire f\u00fcr Ihr Zuhause. Er ist aus Spiegelglas und Eichenfurnier gefertigt und wurde nach den\" \/>\n<meta property=\"og:url\" content=\"https:\/\/hubsch-interior.com\/de\/produkt\/crescent-wandspiegel-oval-naturfarben\/\" \/>\n<meta property=\"og:site_name\" content=\"H\u00fcbsch\" \/>\n<meta property=\"article:modified_time\" content=\"2026-04-29T02:48:16+00:00\" \/>\n<meta property=\"og:image\" content=\"https:\/\/hubsch-interior.com\/wp-content\/uploads\/2023\/08\/crescent-wall-mirror-oval-natural-275c972d6f11d39f300b194e22ed7bd5.jpg\" \/>\n\t<meta property=\"og:image:width\" content=\"1200\" \/>\n\t<meta property=\"og:image:height\" content=\"1200\" \/>\n\t<meta property=\"og:image:type\" content=\"image\/jpeg\" \/>\n<meta name=\"twitter:card\" content=\"summary_large_image\" \/>\n<script type=\"application\/ld+json\" class=\"yoast-schema-graph\">{\"@context\":\"https:\/\/schema.org\",\"@graph\":[{\"@type\":\"WebPage\",\"@id\":\"https:\/\/hubsch-interior.com\/de\/produkt\/crescent-wandspiegel-oval-naturfarben\/\",\"url\":\"https:\/\/hubsch-interior.com\/de\/produkt\/crescent-wandspiegel-oval-naturfarben\/\",\"name\":\"Crescent Wandspiegel Oval Naturfarben - H\u00fcbsch\",\"isPartOf\":{\"@id\":\"https:\/\/hubsch-interior.com\/de\/#website\"},\"primaryImageOfPage\":{\"@id\":\"https:\/\/hubsch-interior.com\/de\/produkt\/crescent-wandspiegel-oval-naturfarben\/#primaryimage\"},\"image\":{\"@id\":\"https:\/\/hubsch-interior.com\/de\/produkt\/crescent-wandspiegel-oval-naturfarben\/#primaryimage\"},\"thumbnailUrl\":\"https:\/\/hubsch-interior.com\/wp-content\/uploads\/2026\/02\/crescent-wall-mirror-oval-natural-0860b09df251f107740359dd9cbf1f3b.jpg\",\"datePublished\":\"2020-12-15T08:47:12+00:00\",\"dateModified\":\"2026-04-29T02:48:16+00:00\",\"description\":\"Der Crescent Wandspiegel ist ein modernes und stilvolles Accessoire f\u00fcr Ihr Zuhause. Er ist aus Spiegelglas und Eichenfurnier gefertigt und wurde nach den\",\"breadcrumb\":{\"@id\":\"https:\/\/hubsch-interior.com\/de\/produkt\/crescent-wandspiegel-oval-naturfarben\/#breadcrumb\"},\"inLanguage\":\"de\",\"potentialAction\":[{\"@type\":\"ReadAction\",\"target\":[\"https:\/\/hubsch-interior.com\/de\/produkt\/crescent-wandspiegel-oval-naturfarben\/\"]}]},{\"@type\":\"ImageObject\",\"inLanguage\":\"de\",\"@id\":\"https:\/\/hubsch-interior.com\/de\/produkt\/crescent-wandspiegel-oval-naturfarben\/#primaryimage\",\"url\":\"https:\/\/hubsch-interior.com\/wp-content\/uploads\/2026\/02\/crescent-wall-mirror-oval-natural-0860b09df251f107740359dd9cbf1f3b.jpg\",\"contentUrl\":\"https:\/\/hubsch-interior.com\/wp-content\/uploads\/2026\/02\/crescent-wall-mirror-oval-natural-0860b09df251f107740359dd9cbf1f3b.jpg\",\"width\":1024,\"height\":1024},{\"@type\":\"BreadcrumbList\",\"@id\":\"https:\/\/hubsch-interior.com\/de\/produkt\/crescent-wandspiegel-oval-naturfarben\/#breadcrumb\",\"itemListElement\":[{\"@type\":\"ListItem\",\"position\":1,\"name\":\"Startseite\",\"item\":\"https:\/\/hubsch-interior.com\/de\/\"},{\"@type\":\"ListItem\",\"position\":2,\"name\":\"Produkte\",\"item\":\"https:\/\/hubsch-interior.com\/de\/shop-2\/\"},{\"@type\":\"ListItem\",\"position\":3,\"name\":\"Wohnaccessoires\",\"item\":\"https:\/\/hubsch-interior.com\/de\/produkt-kategorie\/wohnaccessoires\/\"},{\"@type\":\"ListItem\",\"position\":4,\"name\":\"Spiegel\",\"item\":\"https:\/\/hubsch-interior.com\/de\/produkt-kategorie\/wohnaccessoires\/spiegel-de\/\"},{\"@type\":\"ListItem\",\"position\":5,\"name\":\"Wandspiegel\",\"item\":\"https:\/\/hubsch-interior.com\/de\/produkt-kategorie\/wohnaccessoires\/spiegel-de\/wandspiegel-de\/\"},{\"@type\":\"ListItem\",\"position\":6,\"name\":\"Crescent Wandspiegel Oval Naturfarben\"}]},{\"@type\":\"WebSite\",\"@id\":\"https:\/\/hubsch-interior.com\/de\/#website\",\"url\":\"https:\/\/hubsch-interior.com\/de\/\",\"name\":\"H\u00fcbsch\",\"description\":\"Danish Home Interior and Design\",\"publisher\":{\"@id\":\"https:\/\/hubsch-interior.com\/de\/#organization\"},\"potentialAction\":[{\"@type\":\"SearchAction\",\"target\":{\"@type\":\"EntryPoint\",\"urlTemplate\":\"https:\/\/hubsch-interior.com\/de\/?s={search_term_string}\"},\"query-input\":{\"@type\":\"PropertyValueSpecification\",\"valueRequired\":true,\"valueName\":\"search_term_string\"}}],\"inLanguage\":\"de\"},{\"@type\":\"Organization\",\"@id\":\"https:\/\/hubsch-interior.com\/de\/#organization\",\"name\":\"H\u00fcbsch\",\"url\":\"https:\/\/hubsch-interior.com\/de\/\",\"logo\":{\"@type\":\"ImageObject\",\"inLanguage\":\"de\",\"@id\":\"https:\/\/hubsch-interior.com\/de\/#\/schema\/logo\/image\/\",\"url\":\"https:\/\/hubsch-interior.com\/wp-content\/uploads\/2022\/12\/Hubsch_logo_black_one_line.svg\",\"contentUrl\":\"https:\/\/hubsch-interior.com\/wp-content\/uploads\/2022\/12\/Hubsch_logo_black_one_line.svg\",\"caption\":\"H\u00fcbsch\"},\"image\":{\"@id\":\"https:\/\/hubsch-interior.com\/de\/#\/schema\/logo\/image\/\"}}]}<\/script>\n<!-- \/ Yoast SEO plugin. -->","yoast_head_json":{"title":"Crescent Wandspiegel Oval Naturfarben - H\u00fcbsch","description":"Der Crescent Wandspiegel ist ein modernes und stilvolles Accessoire f\u00fcr Ihr Zuhause. Er ist aus Spiegelglas und Eichenfurnier gefertigt und wurde nach den","robots":{"index":"index","follow":"follow","max-snippet":"max-snippet:-1","max-image-preview":"max-image-preview:large","max-video-preview":"max-video-preview:-1"},"canonical":"https:\/\/hubsch-interior.com\/de\/wp-json\/wp\/v2\/product\/39211","og_locale":"de_DE","og_type":"article","og_title":"Crescent Wandspiegel Oval Naturfarben - H\u00fcbsch","og_description":"Der Crescent Wandspiegel ist ein modernes und stilvolles Accessoire f\u00fcr Ihr Zuhause. Er ist aus Spiegelglas und Eichenfurnier gefertigt und wurde nach den","og_url":"https:\/\/hubsch-interior.com\/de\/produkt\/crescent-wandspiegel-oval-naturfarben\/","og_site_name":"H\u00fcbsch","article_modified_time":"2026-04-29T02:48:16+00:00","og_image":[{"width":1200,"height":1200,"url":"https:\/\/hubsch-interior.com\/wp-content\/uploads\/2023\/08\/crescent-wall-mirror-oval-natural-275c972d6f11d39f300b194e22ed7bd5.jpg","type":"image\/jpeg"}],"twitter_card":"summary_large_image","schema":{"@context":"https:\/\/schema.org","@graph":[{"@type":"WebPage","@id":"https:\/\/hubsch-interior.com\/de\/produkt\/crescent-wandspiegel-oval-naturfarben\/","url":"https:\/\/hubsch-interior.com\/de\/produkt\/crescent-wandspiegel-oval-naturfarben\/","name":"Crescent Wandspiegel Oval Naturfarben - H\u00fcbsch","isPartOf":{"@id":"https:\/\/hubsch-interior.com\/de\/#website"},"primaryImageOfPage":{"@id":"https:\/\/hubsch-interior.com\/de\/produkt\/crescent-wandspiegel-oval-naturfarben\/#primaryimage"},"image":{"@id":"https:\/\/hubsch-interior.com\/de\/produkt\/crescent-wandspiegel-oval-naturfarben\/#primaryimage"},"thumbnailUrl":"https:\/\/hubsch-interior.com\/wp-content\/uploads\/2026\/02\/crescent-wall-mirror-oval-natural-0860b09df251f107740359dd9cbf1f3b.jpg","datePublished":"2020-12-15T08:47:12+00:00","dateModified":"2026-04-29T02:48:16+00:00","description":"Der Crescent Wandspiegel ist ein modernes und stilvolles Accessoire f\u00fcr Ihr Zuhause. Er ist aus Spiegelglas und Eichenfurnier gefertigt und wurde nach den","breadcrumb":{"@id":"https:\/\/hubsch-interior.com\/de\/produkt\/crescent-wandspiegel-oval-naturfarben\/#breadcrumb"},"inLanguage":"de","potentialAction":[{"@type":"ReadAction","target":["https:\/\/hubsch-interior.com\/de\/produkt\/crescent-wandspiegel-oval-naturfarben\/"]}]},{"@type":"ImageObject","inLanguage":"de","@id":"https:\/\/hubsch-interior.com\/de\/produkt\/crescent-wandspiegel-oval-naturfarben\/#primaryimage","url":"https:\/\/hubsch-interior.com\/wp-content\/uploads\/2026\/02\/crescent-wall-mirror-oval-natural-0860b09df251f107740359dd9cbf1f3b.jpg","contentUrl":"https:\/\/hubsch-interior.com\/wp-content\/uploads\/2026\/02\/crescent-wall-mirror-oval-natural-0860b09df251f107740359dd9cbf1f3b.jpg","width":1024,"height":1024},{"@type":"BreadcrumbList","@id":"https:\/\/hubsch-interior.com\/de\/produkt\/crescent-wandspiegel-oval-naturfarben\/#breadcrumb","itemListElement":[{"@type":"ListItem","position":1,"name":"Startseite","item":"https:\/\/hubsch-interior.com\/de\/"},{"@type":"ListItem","position":2,"name":"Produkte","item":"https:\/\/hubsch-interior.com\/de\/shop-2\/"},{"@type":"ListItem","position":3,"name":"Wohnaccessoires","item":"https:\/\/hubsch-interior.com\/de\/produkt-kategorie\/wohnaccessoires\/"},{"@type":"ListItem","position":4,"name":"Spiegel","item":"https:\/\/hubsch-interior.com\/de\/produkt-kategorie\/wohnaccessoires\/spiegel-de\/"},{"@type":"ListItem","position":5,"name":"Wandspiegel","item":"https:\/\/hubsch-interior.com\/de\/produkt-kategorie\/wohnaccessoires\/spiegel-de\/wandspiegel-de\/"},{"@type":"ListItem","position":6,"name":"Crescent Wandspiegel Oval Naturfarben"}]},{"@type":"WebSite","@id":"https:\/\/hubsch-interior.com\/de\/#website","url":"https:\/\/hubsch-interior.com\/de\/","name":"H\u00fcbsch","description":"Danish Home Interior and Design","publisher":{"@id":"https:\/\/hubsch-interior.com\/de\/#organization"},"potentialAction":[{"@type":"SearchAction","target":{"@type":"EntryPoint","urlTemplate":"https:\/\/hubsch-interior.com\/de\/?s={search_term_string}"},"query-input":{"@type":"PropertyValueSpecification","valueRequired":true,"valueName":"search_term_string"}}],"inLanguage":"de"},{"@type":"Organization","@id":"https:\/\/hubsch-interior.com\/de\/#organization","name":"H\u00fcbsch","url":"https:\/\/hubsch-interior.com\/de\/","logo":{"@type":"ImageObject","inLanguage":"de","@id":"https:\/\/hubsch-interior.com\/de\/#\/schema\/logo\/image\/","url":"https:\/\/hubsch-interior.com\/wp-content\/uploads\/2022\/12\/Hubsch_logo_black_one_line.svg","contentUrl":"https:\/\/hubsch-interior.com\/wp-content\/uploads\/2022\/12\/Hubsch_logo_black_one_line.svg","caption":"H\u00fcbsch"},"image":{"@id":"https:\/\/hubsch-interior.com\/de\/#\/schema\/logo\/image\/"}}]}},"_links":{"self":[{"href":"https:\/\/hubsch-interior.com\/de\/wp-json\/wp\/v2\/product\/39211","targetHints":{"allow":["GET"]}}],"collection":[{"href":"https:\/\/hubsch-interior.com\/de\/wp-json\/wp\/v2\/product"}],"about":[{"href":"https:\/\/hubsch-interior.com\/de\/wp-json\/wp\/v2\/types\/product"}],"wp:featuredmedia":[{"embeddable":true,"href":"https:\/\/hubsch-interior.com\/de\/wp-json\/wp\/v2\/media\/1101564"}],"wp:attachment":[{"href":"https:\/\/hubsch-interior.com\/de\/wp-json\/wp\/v2\/media?parent=39211"}],"wp:term":[{"taxonomy":"product_brand","embeddable":true,"href":"https:\/\/hubsch-interior.com\/de\/wp-json\/wp\/v2\/product_brand?post=39211"},{"taxonomy":"product_cat","embeddable":true,"href":"https:\/\/hubsch-interior.com\/de\/wp-json\/wp\/v2\/product_cat?post=39211"},{"taxonomy":"product_tag","embeddable":true,"href":"https:\/\/hubsch-interior.com\/de\/wp-json\/wp\/v2\/product_tag?post=39211"}],"curies":[{"name":"wp","href":"https:\/\/api.w.org\/{rel}","templated":true}]}}