{"id":392157,"date":"2021-06-04T09:59:18","date_gmt":"2021-06-04T07:59:18","guid":{"rendered":"https:\/\/hubsch-interior.com\/shop-b2c\/product\/product-6\/"},"modified":"2026-04-10T04:36:32","modified_gmt":"2026-04-10T02:36:32","slug":"lifestyle-handcreme-75ml-weis","status":"publish","type":"product","link":"https:\/\/hubsch-interior.com\/de\/produkt\/lifestyle-handcreme-75ml-weis\/","title":{"rendered":"Lifestyle Handcreme 75ml Wei\u00df"},"content":{"rendered":"<p>Die Handlotion wird in einer Tube geliefert, die perfekt f\u00fcr unterwegs geeignet ist. Bewahren Sie die Lotion in Ihrer Tasche oder im Auto auf oder nehmen Sie sie auf Reisen mit \u2013 in ihrer 75-ml-Tube ist die Lotion sogar f\u00fcr Flugreisen geeignet. Frei von Parabenen und synthetischen Farbstoffen.<\/p>\n","protected":false},"excerpt":{"rendered":"<p>Die Handlotion wird in einer Tube geliefert, die perfekt f\u00fcr unterwegs geeignet ist. Bewahren Sie die Lotion in Ihrer Tasche oder im Auto auf oder nehmen Sie sie auf Reisen mit \u2013 in ihrer 75-ml-Tube ist die Lotion sogar f\u00fcr Flugreisen geeignet. Frei von Parabenen und synthetischen Farbstoffen.<\/p>\n","protected":false},"featured_media":1098618,"template":"","meta":{"_acf_changed":false,"inline_featured_image":false},"product_brand":[],"product_cat":[5027,3445,6519],"product_tag":[],"class_list":{"0":"post-392157","1":"product","2":"type-product","3":"status-publish","4":"has-post-thumbnail","6":"product_cat-bestsellers-de","7":"product_cat-lifestyle-de","8":"product_cat-outlet-de","9":"product_shipping_class-pk","11":"pa_color-wei","12":"pa_material-creme","14":"first","15":"instock","16":"sale","17":"featured","18":"taxable","19":"shipping-taxable","20":"purchasable","21":"product-type-simple"},"exclude_global_add_ons":[],"addons":[],"acf":[],"yoast_head":"<!-- This site is optimized with the Yoast SEO plugin v26.4 - https:\/\/yoast.com\/wordpress\/plugins\/seo\/ -->\n<title>Lifestyle Handcreme 75ml Wei\u00df - H\u00fcbsch<\/title>\n<meta name=\"description\" content=\"Die Handlotion wird in einer Tube geliefert, die perfekt f\u00fcr unterwegs geeignet ist. Bewahren Sie die Lotion in Ihrer Tasche oder im Auto auf oder nehmen\" \/>\n<meta name=\"robots\" content=\"index, follow, max-snippet:-1, max-image-preview:large, max-video-preview:-1\" \/>\n<link rel=\"canonical\" href=\"https:\/\/hubsch-interior.com\/de\/wp-json\/wp\/v2\/product\/392157\" \/>\n<meta property=\"og:locale\" content=\"de_DE\" \/>\n<meta property=\"og:type\" content=\"article\" \/>\n<meta property=\"og:title\" content=\"Lifestyle Handcreme 75ml Wei\u00df - H\u00fcbsch\" \/>\n<meta property=\"og:description\" content=\"Die Handlotion wird in einer Tube geliefert, die perfekt f\u00fcr unterwegs geeignet ist. Bewahren Sie die Lotion in Ihrer Tasche oder im Auto auf oder nehmen\" \/>\n<meta property=\"og:url\" content=\"https:\/\/hubsch-interior.com\/de\/produkt\/lifestyle-handcreme-75ml-weis\/\" \/>\n<meta property=\"og:site_name\" content=\"H\u00fcbsch\" \/>\n<meta property=\"article:modified_time\" content=\"2026-04-10T02:36:32+00:00\" \/>\n<meta property=\"og:image\" content=\"https:\/\/hubsch-interior.com\/wp-content\/uploads\/2025\/04\/lifestyle-hand-lotion-75ml-white-0a328e4fa52a0013cf4689e1e4b17278.jpg\" \/>\n\t<meta property=\"og:image:width\" content=\"1200\" \/>\n\t<meta property=\"og:image:height\" content=\"1200\" \/>\n\t<meta property=\"og:image:type\" content=\"image\/jpeg\" \/>\n<meta name=\"twitter:card\" content=\"summary_large_image\" \/>\n<script type=\"application\/ld+json\" class=\"yoast-schema-graph\">{\"@context\":\"https:\/\/schema.org\",\"@graph\":[{\"@type\":\"WebPage\",\"@id\":\"https:\/\/hubsch-interior.com\/de\/produkt\/lifestyle-handcreme-75ml-weis\/\",\"url\":\"https:\/\/hubsch-interior.com\/de\/produkt\/lifestyle-handcreme-75ml-weis\/\",\"name\":\"Lifestyle Handcreme 75ml Wei\u00df - H\u00fcbsch\",\"isPartOf\":{\"@id\":\"https:\/\/hubsch-interior.com\/de\/#website\"},\"primaryImageOfPage\":{\"@id\":\"https:\/\/hubsch-interior.com\/de\/produkt\/lifestyle-handcreme-75ml-weis\/#primaryimage\"},\"image\":{\"@id\":\"https:\/\/hubsch-interior.com\/de\/produkt\/lifestyle-handcreme-75ml-weis\/#primaryimage\"},\"thumbnailUrl\":\"https:\/\/hubsch-interior.com\/wp-content\/uploads\/2026\/02\/lifestyle-hand-lotion-75ml-white-fca22b05dc1a49bc9355cfd9a886a818.jpg\",\"datePublished\":\"2021-06-04T07:59:18+00:00\",\"dateModified\":\"2026-04-10T02:36:32+00:00\",\"description\":\"Die Handlotion wird in einer Tube geliefert, die perfekt f\u00fcr unterwegs geeignet ist. Bewahren Sie die Lotion in Ihrer Tasche oder im Auto auf oder nehmen\",\"breadcrumb\":{\"@id\":\"https:\/\/hubsch-interior.com\/de\/produkt\/lifestyle-handcreme-75ml-weis\/#breadcrumb\"},\"inLanguage\":\"de\",\"potentialAction\":[{\"@type\":\"ReadAction\",\"target\":[\"https:\/\/hubsch-interior.com\/de\/produkt\/lifestyle-handcreme-75ml-weis\/\"]}]},{\"@type\":\"ImageObject\",\"inLanguage\":\"de\",\"@id\":\"https:\/\/hubsch-interior.com\/de\/produkt\/lifestyle-handcreme-75ml-weis\/#primaryimage\",\"url\":\"https:\/\/hubsch-interior.com\/wp-content\/uploads\/2026\/02\/lifestyle-hand-lotion-75ml-white-fca22b05dc1a49bc9355cfd9a886a818.jpg\",\"contentUrl\":\"https:\/\/hubsch-interior.com\/wp-content\/uploads\/2026\/02\/lifestyle-hand-lotion-75ml-white-fca22b05dc1a49bc9355cfd9a886a818.jpg\",\"width\":1024,\"height\":1024},{\"@type\":\"BreadcrumbList\",\"@id\":\"https:\/\/hubsch-interior.com\/de\/produkt\/lifestyle-handcreme-75ml-weis\/#breadcrumb\",\"itemListElement\":[{\"@type\":\"ListItem\",\"position\":1,\"name\":\"Startseite\",\"item\":\"https:\/\/hubsch-interior.com\/de\/\"},{\"@type\":\"ListItem\",\"position\":2,\"name\":\"Produkte\",\"item\":\"https:\/\/hubsch-interior.com\/de\/shop-2\/\"},{\"@type\":\"ListItem\",\"position\":3,\"name\":\"Wohnaccessoires\",\"item\":\"https:\/\/hubsch-interior.com\/de\/produkt-kategorie\/wohnaccessoires\/\"},{\"@type\":\"ListItem\",\"position\":4,\"name\":\"Lifestyle-Produkte\",\"item\":\"https:\/\/hubsch-interior.com\/de\/produkt-kategorie\/wohnaccessoires\/lifestyle-de\/\"},{\"@type\":\"ListItem\",\"position\":5,\"name\":\"Lifestyle Handcreme 75ml Wei\u00df\"}]},{\"@type\":\"WebSite\",\"@id\":\"https:\/\/hubsch-interior.com\/de\/#website\",\"url\":\"https:\/\/hubsch-interior.com\/de\/\",\"name\":\"H\u00fcbsch\",\"description\":\"Danish Home Interior and Design\",\"publisher\":{\"@id\":\"https:\/\/hubsch-interior.com\/de\/#organization\"},\"potentialAction\":[{\"@type\":\"SearchAction\",\"target\":{\"@type\":\"EntryPoint\",\"urlTemplate\":\"https:\/\/hubsch-interior.com\/de\/?s={search_term_string}\"},\"query-input\":{\"@type\":\"PropertyValueSpecification\",\"valueRequired\":true,\"valueName\":\"search_term_string\"}}],\"inLanguage\":\"de\"},{\"@type\":\"Organization\",\"@id\":\"https:\/\/hubsch-interior.com\/de\/#organization\",\"name\":\"H\u00fcbsch\",\"url\":\"https:\/\/hubsch-interior.com\/de\/\",\"logo\":{\"@type\":\"ImageObject\",\"inLanguage\":\"de\",\"@id\":\"https:\/\/hubsch-interior.com\/de\/#\/schema\/logo\/image\/\",\"url\":\"https:\/\/hubsch-interior.com\/wp-content\/uploads\/2022\/12\/Hubsch_logo_black_one_line.svg\",\"contentUrl\":\"https:\/\/hubsch-interior.com\/wp-content\/uploads\/2022\/12\/Hubsch_logo_black_one_line.svg\",\"caption\":\"H\u00fcbsch\"},\"image\":{\"@id\":\"https:\/\/hubsch-interior.com\/de\/#\/schema\/logo\/image\/\"}}]}<\/script>\n<!-- \/ Yoast SEO plugin. -->","yoast_head_json":{"title":"Lifestyle Handcreme 75ml Wei\u00df - H\u00fcbsch","description":"Die Handlotion wird in einer Tube geliefert, die perfekt f\u00fcr unterwegs geeignet ist. Bewahren Sie die Lotion in Ihrer Tasche oder im Auto auf oder nehmen","robots":{"index":"index","follow":"follow","max-snippet":"max-snippet:-1","max-image-preview":"max-image-preview:large","max-video-preview":"max-video-preview:-1"},"canonical":"https:\/\/hubsch-interior.com\/de\/wp-json\/wp\/v2\/product\/392157","og_locale":"de_DE","og_type":"article","og_title":"Lifestyle Handcreme 75ml Wei\u00df - H\u00fcbsch","og_description":"Die Handlotion wird in einer Tube geliefert, die perfekt f\u00fcr unterwegs geeignet ist. Bewahren Sie die Lotion in Ihrer Tasche oder im Auto auf oder nehmen","og_url":"https:\/\/hubsch-interior.com\/de\/produkt\/lifestyle-handcreme-75ml-weis\/","og_site_name":"H\u00fcbsch","article_modified_time":"2026-04-10T02:36:32+00:00","og_image":[{"width":1200,"height":1200,"url":"https:\/\/hubsch-interior.com\/wp-content\/uploads\/2025\/04\/lifestyle-hand-lotion-75ml-white-0a328e4fa52a0013cf4689e1e4b17278.jpg","type":"image\/jpeg"}],"twitter_card":"summary_large_image","schema":{"@context":"https:\/\/schema.org","@graph":[{"@type":"WebPage","@id":"https:\/\/hubsch-interior.com\/de\/produkt\/lifestyle-handcreme-75ml-weis\/","url":"https:\/\/hubsch-interior.com\/de\/produkt\/lifestyle-handcreme-75ml-weis\/","name":"Lifestyle Handcreme 75ml Wei\u00df - H\u00fcbsch","isPartOf":{"@id":"https:\/\/hubsch-interior.com\/de\/#website"},"primaryImageOfPage":{"@id":"https:\/\/hubsch-interior.com\/de\/produkt\/lifestyle-handcreme-75ml-weis\/#primaryimage"},"image":{"@id":"https:\/\/hubsch-interior.com\/de\/produkt\/lifestyle-handcreme-75ml-weis\/#primaryimage"},"thumbnailUrl":"https:\/\/hubsch-interior.com\/wp-content\/uploads\/2026\/02\/lifestyle-hand-lotion-75ml-white-fca22b05dc1a49bc9355cfd9a886a818.jpg","datePublished":"2021-06-04T07:59:18+00:00","dateModified":"2026-04-10T02:36:32+00:00","description":"Die Handlotion wird in einer Tube geliefert, die perfekt f\u00fcr unterwegs geeignet ist. Bewahren Sie die Lotion in Ihrer Tasche oder im Auto auf oder nehmen","breadcrumb":{"@id":"https:\/\/hubsch-interior.com\/de\/produkt\/lifestyle-handcreme-75ml-weis\/#breadcrumb"},"inLanguage":"de","potentialAction":[{"@type":"ReadAction","target":["https:\/\/hubsch-interior.com\/de\/produkt\/lifestyle-handcreme-75ml-weis\/"]}]},{"@type":"ImageObject","inLanguage":"de","@id":"https:\/\/hubsch-interior.com\/de\/produkt\/lifestyle-handcreme-75ml-weis\/#primaryimage","url":"https:\/\/hubsch-interior.com\/wp-content\/uploads\/2026\/02\/lifestyle-hand-lotion-75ml-white-fca22b05dc1a49bc9355cfd9a886a818.jpg","contentUrl":"https:\/\/hubsch-interior.com\/wp-content\/uploads\/2026\/02\/lifestyle-hand-lotion-75ml-white-fca22b05dc1a49bc9355cfd9a886a818.jpg","width":1024,"height":1024},{"@type":"BreadcrumbList","@id":"https:\/\/hubsch-interior.com\/de\/produkt\/lifestyle-handcreme-75ml-weis\/#breadcrumb","itemListElement":[{"@type":"ListItem","position":1,"name":"Startseite","item":"https:\/\/hubsch-interior.com\/de\/"},{"@type":"ListItem","position":2,"name":"Produkte","item":"https:\/\/hubsch-interior.com\/de\/shop-2\/"},{"@type":"ListItem","position":3,"name":"Wohnaccessoires","item":"https:\/\/hubsch-interior.com\/de\/produkt-kategorie\/wohnaccessoires\/"},{"@type":"ListItem","position":4,"name":"Lifestyle-Produkte","item":"https:\/\/hubsch-interior.com\/de\/produkt-kategorie\/wohnaccessoires\/lifestyle-de\/"},{"@type":"ListItem","position":5,"name":"Lifestyle Handcreme 75ml Wei\u00df"}]},{"@type":"WebSite","@id":"https:\/\/hubsch-interior.com\/de\/#website","url":"https:\/\/hubsch-interior.com\/de\/","name":"H\u00fcbsch","description":"Danish Home Interior and Design","publisher":{"@id":"https:\/\/hubsch-interior.com\/de\/#organization"},"potentialAction":[{"@type":"SearchAction","target":{"@type":"EntryPoint","urlTemplate":"https:\/\/hubsch-interior.com\/de\/?s={search_term_string}"},"query-input":{"@type":"PropertyValueSpecification","valueRequired":true,"valueName":"search_term_string"}}],"inLanguage":"de"},{"@type":"Organization","@id":"https:\/\/hubsch-interior.com\/de\/#organization","name":"H\u00fcbsch","url":"https:\/\/hubsch-interior.com\/de\/","logo":{"@type":"ImageObject","inLanguage":"de","@id":"https:\/\/hubsch-interior.com\/de\/#\/schema\/logo\/image\/","url":"https:\/\/hubsch-interior.com\/wp-content\/uploads\/2022\/12\/Hubsch_logo_black_one_line.svg","contentUrl":"https:\/\/hubsch-interior.com\/wp-content\/uploads\/2022\/12\/Hubsch_logo_black_one_line.svg","caption":"H\u00fcbsch"},"image":{"@id":"https:\/\/hubsch-interior.com\/de\/#\/schema\/logo\/image\/"}}]}},"_links":{"self":[{"href":"https:\/\/hubsch-interior.com\/de\/wp-json\/wp\/v2\/product\/392157","targetHints":{"allow":["GET"]}}],"collection":[{"href":"https:\/\/hubsch-interior.com\/de\/wp-json\/wp\/v2\/product"}],"about":[{"href":"https:\/\/hubsch-interior.com\/de\/wp-json\/wp\/v2\/types\/product"}],"wp:featuredmedia":[{"embeddable":true,"href":"https:\/\/hubsch-interior.com\/de\/wp-json\/wp\/v2\/media\/1098618"}],"wp:attachment":[{"href":"https:\/\/hubsch-interior.com\/de\/wp-json\/wp\/v2\/media?parent=392157"}],"wp:term":[{"taxonomy":"product_brand","embeddable":true,"href":"https:\/\/hubsch-interior.com\/de\/wp-json\/wp\/v2\/product_brand?post=392157"},{"taxonomy":"product_cat","embeddable":true,"href":"https:\/\/hubsch-interior.com\/de\/wp-json\/wp\/v2\/product_cat?post=392157"},{"taxonomy":"product_tag","embeddable":true,"href":"https:\/\/hubsch-interior.com\/de\/wp-json\/wp\/v2\/product_tag?post=392157"}],"curies":[{"name":"wp","href":"https:\/\/api.w.org\/{rel}","templated":true}]}}