{"id":392249,"date":"2021-06-04T09:59:51","date_gmt":"2021-06-04T07:59:51","guid":{"rendered":"https:\/\/hubsch-interior.com\/shop-b2c\/product\/product-6\/"},"modified":"2026-04-09T04:36:44","modified_gmt":"2026-04-09T02:36:44","slug":"beak-klammern-messingfarben-8er-set","status":"publish","type":"product","link":"https:\/\/hubsch-interior.com\/de\/produkt\/beak-klammern-messingfarben-8er-set\/","title":{"rendered":"Beak Klammern Messingfarben (8er Set)"},"content":{"rendered":"<p>Die Klammer ist im 8er-Set erh\u00e4ltlich und hat eine Gr\u00f6\u00dfe von 12x2x3cm. Er kann in vielen R\u00e4umen Ihres Zuhause eingesetzt werden, z.B. in der K\u00fcche, im B\u00fcro, im Badezimmer und an vielen anderen Orten. Gefertigt aus Messing und Metall.<\/p>\n","protected":false},"excerpt":{"rendered":"<p>Die Klammer ist im 8er-Set erh\u00e4ltlich und hat eine Gr\u00f6\u00dfe von 12x2x3cm. Er kann in vielen R\u00e4umen Ihres Zuhause eingesetzt werden, z.B. in der K\u00fcche, im B\u00fcro, im Badezimmer und an vielen anderen Orten. Gefertigt aus Messing und Metall.<\/p>\n","protected":false},"featured_media":1112800,"template":"","meta":{"_acf_changed":false,"inline_featured_image":false},"product_brand":[],"product_cat":[7048,4155,4156],"product_tag":[],"class_list":{"0":"post-392249","1":"product","2":"type-product","3":"status-publish","4":"has-post-thumbnail","6":"product_cat-kuechenaufbewahrung-de","7":"product_cat-buero-de","8":"product_cat-bueroartikel-de","9":"product_shipping_class-pk","11":"pa_color-messingfarben","12":"pa_material-eisen-de","13":"pa_material-messingfarben-2","15":"first","16":"instock","17":"taxable","18":"shipping-taxable","19":"purchasable","20":"product-type-simple"},"exclude_global_add_ons":[],"addons":[],"acf":[],"yoast_head":"<!-- This site is optimized with the Yoast SEO plugin v26.4 - https:\/\/yoast.com\/wordpress\/plugins\/seo\/ -->\n<title>Beak Klammern Messingfarben (8er Set) - H\u00fcbsch<\/title>\n<meta name=\"description\" content=\"Die Klammer ist im 8er-Set erh\u00e4ltlich und hat eine Gr\u00f6\u00dfe von 12x2x3cm. Er kann in vielen R\u00e4umen Ihres Zuhause eingesetzt werden, z.B. in der K\u00fcche, im\" \/>\n<meta name=\"robots\" content=\"index, follow, max-snippet:-1, max-image-preview:large, max-video-preview:-1\" \/>\n<link rel=\"canonical\" href=\"https:\/\/hubsch-interior.com\/de\/wp-json\/wp\/v2\/product\/392249\" \/>\n<meta property=\"og:locale\" content=\"de_DE\" \/>\n<meta property=\"og:type\" content=\"article\" \/>\n<meta property=\"og:title\" content=\"Beak Klammern Messingfarben (8er Set) - H\u00fcbsch\" \/>\n<meta property=\"og:description\" content=\"Die Klammer ist im 8er-Set erh\u00e4ltlich und hat eine Gr\u00f6\u00dfe von 12x2x3cm. Er kann in vielen R\u00e4umen Ihres Zuhause eingesetzt werden, z.B. in der K\u00fcche, im\" \/>\n<meta property=\"og:url\" content=\"https:\/\/hubsch-interior.com\/de\/produkt\/beak-klammern-messingfarben-8er-set\/\" \/>\n<meta property=\"og:site_name\" content=\"H\u00fcbsch\" \/>\n<meta property=\"article:modified_time\" content=\"2026-04-09T02:36:44+00:00\" \/>\n<meta property=\"og:image\" content=\"https:\/\/hubsch-interior.com\/wp-content\/uploads\/2024\/01\/beak-clips-brass-set-of-8-e76a88d1964ccf445ca68ad8e1f3884f.jpg\" \/>\n\t<meta property=\"og:image:width\" content=\"1200\" \/>\n\t<meta property=\"og:image:height\" content=\"1200\" \/>\n\t<meta property=\"og:image:type\" content=\"image\/jpeg\" \/>\n<meta name=\"twitter:card\" content=\"summary_large_image\" \/>\n<script type=\"application\/ld+json\" class=\"yoast-schema-graph\">{\"@context\":\"https:\/\/schema.org\",\"@graph\":[{\"@type\":\"WebPage\",\"@id\":\"https:\/\/hubsch-interior.com\/de\/produkt\/beak-klammern-messingfarben-8er-set\/\",\"url\":\"https:\/\/hubsch-interior.com\/de\/produkt\/beak-klammern-messingfarben-8er-set\/\",\"name\":\"Beak Klammern Messingfarben (8er Set) - H\u00fcbsch\",\"isPartOf\":{\"@id\":\"https:\/\/hubsch-interior.com\/de\/#website\"},\"primaryImageOfPage\":{\"@id\":\"https:\/\/hubsch-interior.com\/de\/produkt\/beak-klammern-messingfarben-8er-set\/#primaryimage\"},\"image\":{\"@id\":\"https:\/\/hubsch-interior.com\/de\/produkt\/beak-klammern-messingfarben-8er-set\/#primaryimage\"},\"thumbnailUrl\":\"https:\/\/hubsch-interior.com\/wp-content\/uploads\/2026\/02\/beak-clips-brass-set-of-8-50ba3a7d2d774ed586962214843a9c24.jpg\",\"datePublished\":\"2021-06-04T07:59:51+00:00\",\"dateModified\":\"2026-04-09T02:36:44+00:00\",\"description\":\"Die Klammer ist im 8er-Set erh\u00e4ltlich und hat eine Gr\u00f6\u00dfe von 12x2x3cm. Er kann in vielen R\u00e4umen Ihres Zuhause eingesetzt werden, z.B. in der K\u00fcche, im\",\"breadcrumb\":{\"@id\":\"https:\/\/hubsch-interior.com\/de\/produkt\/beak-klammern-messingfarben-8er-set\/#breadcrumb\"},\"inLanguage\":\"de\",\"potentialAction\":[{\"@type\":\"ReadAction\",\"target\":[\"https:\/\/hubsch-interior.com\/de\/produkt\/beak-klammern-messingfarben-8er-set\/\"]}]},{\"@type\":\"ImageObject\",\"inLanguage\":\"de\",\"@id\":\"https:\/\/hubsch-interior.com\/de\/produkt\/beak-klammern-messingfarben-8er-set\/#primaryimage\",\"url\":\"https:\/\/hubsch-interior.com\/wp-content\/uploads\/2026\/02\/beak-clips-brass-set-of-8-50ba3a7d2d774ed586962214843a9c24.jpg\",\"contentUrl\":\"https:\/\/hubsch-interior.com\/wp-content\/uploads\/2026\/02\/beak-clips-brass-set-of-8-50ba3a7d2d774ed586962214843a9c24.jpg\",\"width\":1024,\"height\":1024},{\"@type\":\"BreadcrumbList\",\"@id\":\"https:\/\/hubsch-interior.com\/de\/produkt\/beak-klammern-messingfarben-8er-set\/#breadcrumb\",\"itemListElement\":[{\"@type\":\"ListItem\",\"position\":1,\"name\":\"Startseite\",\"item\":\"https:\/\/hubsch-interior.com\/de\/\"},{\"@type\":\"ListItem\",\"position\":2,\"name\":\"Produkte\",\"item\":\"https:\/\/hubsch-interior.com\/de\/shop-2\/\"},{\"@type\":\"ListItem\",\"position\":3,\"name\":\"Wohnaccessoires\",\"item\":\"https:\/\/hubsch-interior.com\/de\/produkt-kategorie\/wohnaccessoires\/\"},{\"@type\":\"ListItem\",\"position\":4,\"name\":\"B&uuml;ro\",\"item\":\"https:\/\/hubsch-interior.com\/de\/produkt-kategorie\/wohnaccessoires\/buero-de\/\"},{\"@type\":\"ListItem\",\"position\":5,\"name\":\"B&uuml;roartikel\",\"item\":\"https:\/\/hubsch-interior.com\/de\/produkt-kategorie\/wohnaccessoires\/buero-de\/bueroartikel-de\/\"},{\"@type\":\"ListItem\",\"position\":6,\"name\":\"Beak Klammern Messingfarben (8er Set)\"}]},{\"@type\":\"WebSite\",\"@id\":\"https:\/\/hubsch-interior.com\/de\/#website\",\"url\":\"https:\/\/hubsch-interior.com\/de\/\",\"name\":\"H\u00fcbsch\",\"description\":\"Danish Home Interior and Design\",\"publisher\":{\"@id\":\"https:\/\/hubsch-interior.com\/de\/#organization\"},\"potentialAction\":[{\"@type\":\"SearchAction\",\"target\":{\"@type\":\"EntryPoint\",\"urlTemplate\":\"https:\/\/hubsch-interior.com\/de\/?s={search_term_string}\"},\"query-input\":{\"@type\":\"PropertyValueSpecification\",\"valueRequired\":true,\"valueName\":\"search_term_string\"}}],\"inLanguage\":\"de\"},{\"@type\":\"Organization\",\"@id\":\"https:\/\/hubsch-interior.com\/de\/#organization\",\"name\":\"H\u00fcbsch\",\"url\":\"https:\/\/hubsch-interior.com\/de\/\",\"logo\":{\"@type\":\"ImageObject\",\"inLanguage\":\"de\",\"@id\":\"https:\/\/hubsch-interior.com\/de\/#\/schema\/logo\/image\/\",\"url\":\"https:\/\/hubsch-interior.com\/wp-content\/uploads\/2022\/12\/Hubsch_logo_black_one_line.svg\",\"contentUrl\":\"https:\/\/hubsch-interior.com\/wp-content\/uploads\/2022\/12\/Hubsch_logo_black_one_line.svg\",\"caption\":\"H\u00fcbsch\"},\"image\":{\"@id\":\"https:\/\/hubsch-interior.com\/de\/#\/schema\/logo\/image\/\"}}]}<\/script>\n<!-- \/ Yoast SEO plugin. -->","yoast_head_json":{"title":"Beak Klammern Messingfarben (8er Set) - H\u00fcbsch","description":"Die Klammer ist im 8er-Set erh\u00e4ltlich und hat eine Gr\u00f6\u00dfe von 12x2x3cm. Er kann in vielen R\u00e4umen Ihres Zuhause eingesetzt werden, z.B. in der K\u00fcche, im","robots":{"index":"index","follow":"follow","max-snippet":"max-snippet:-1","max-image-preview":"max-image-preview:large","max-video-preview":"max-video-preview:-1"},"canonical":"https:\/\/hubsch-interior.com\/de\/wp-json\/wp\/v2\/product\/392249","og_locale":"de_DE","og_type":"article","og_title":"Beak Klammern Messingfarben (8er Set) - H\u00fcbsch","og_description":"Die Klammer ist im 8er-Set erh\u00e4ltlich und hat eine Gr\u00f6\u00dfe von 12x2x3cm. Er kann in vielen R\u00e4umen Ihres Zuhause eingesetzt werden, z.B. in der K\u00fcche, im","og_url":"https:\/\/hubsch-interior.com\/de\/produkt\/beak-klammern-messingfarben-8er-set\/","og_site_name":"H\u00fcbsch","article_modified_time":"2026-04-09T02:36:44+00:00","og_image":[{"width":1200,"height":1200,"url":"https:\/\/hubsch-interior.com\/wp-content\/uploads\/2024\/01\/beak-clips-brass-set-of-8-e76a88d1964ccf445ca68ad8e1f3884f.jpg","type":"image\/jpeg"}],"twitter_card":"summary_large_image","schema":{"@context":"https:\/\/schema.org","@graph":[{"@type":"WebPage","@id":"https:\/\/hubsch-interior.com\/de\/produkt\/beak-klammern-messingfarben-8er-set\/","url":"https:\/\/hubsch-interior.com\/de\/produkt\/beak-klammern-messingfarben-8er-set\/","name":"Beak Klammern Messingfarben (8er Set) - H\u00fcbsch","isPartOf":{"@id":"https:\/\/hubsch-interior.com\/de\/#website"},"primaryImageOfPage":{"@id":"https:\/\/hubsch-interior.com\/de\/produkt\/beak-klammern-messingfarben-8er-set\/#primaryimage"},"image":{"@id":"https:\/\/hubsch-interior.com\/de\/produkt\/beak-klammern-messingfarben-8er-set\/#primaryimage"},"thumbnailUrl":"https:\/\/hubsch-interior.com\/wp-content\/uploads\/2026\/02\/beak-clips-brass-set-of-8-50ba3a7d2d774ed586962214843a9c24.jpg","datePublished":"2021-06-04T07:59:51+00:00","dateModified":"2026-04-09T02:36:44+00:00","description":"Die Klammer ist im 8er-Set erh\u00e4ltlich und hat eine Gr\u00f6\u00dfe von 12x2x3cm. Er kann in vielen R\u00e4umen Ihres Zuhause eingesetzt werden, z.B. in der K\u00fcche, im","breadcrumb":{"@id":"https:\/\/hubsch-interior.com\/de\/produkt\/beak-klammern-messingfarben-8er-set\/#breadcrumb"},"inLanguage":"de","potentialAction":[{"@type":"ReadAction","target":["https:\/\/hubsch-interior.com\/de\/produkt\/beak-klammern-messingfarben-8er-set\/"]}]},{"@type":"ImageObject","inLanguage":"de","@id":"https:\/\/hubsch-interior.com\/de\/produkt\/beak-klammern-messingfarben-8er-set\/#primaryimage","url":"https:\/\/hubsch-interior.com\/wp-content\/uploads\/2026\/02\/beak-clips-brass-set-of-8-50ba3a7d2d774ed586962214843a9c24.jpg","contentUrl":"https:\/\/hubsch-interior.com\/wp-content\/uploads\/2026\/02\/beak-clips-brass-set-of-8-50ba3a7d2d774ed586962214843a9c24.jpg","width":1024,"height":1024},{"@type":"BreadcrumbList","@id":"https:\/\/hubsch-interior.com\/de\/produkt\/beak-klammern-messingfarben-8er-set\/#breadcrumb","itemListElement":[{"@type":"ListItem","position":1,"name":"Startseite","item":"https:\/\/hubsch-interior.com\/de\/"},{"@type":"ListItem","position":2,"name":"Produkte","item":"https:\/\/hubsch-interior.com\/de\/shop-2\/"},{"@type":"ListItem","position":3,"name":"Wohnaccessoires","item":"https:\/\/hubsch-interior.com\/de\/produkt-kategorie\/wohnaccessoires\/"},{"@type":"ListItem","position":4,"name":"B&uuml;ro","item":"https:\/\/hubsch-interior.com\/de\/produkt-kategorie\/wohnaccessoires\/buero-de\/"},{"@type":"ListItem","position":5,"name":"B&uuml;roartikel","item":"https:\/\/hubsch-interior.com\/de\/produkt-kategorie\/wohnaccessoires\/buero-de\/bueroartikel-de\/"},{"@type":"ListItem","position":6,"name":"Beak Klammern Messingfarben (8er Set)"}]},{"@type":"WebSite","@id":"https:\/\/hubsch-interior.com\/de\/#website","url":"https:\/\/hubsch-interior.com\/de\/","name":"H\u00fcbsch","description":"Danish Home Interior and Design","publisher":{"@id":"https:\/\/hubsch-interior.com\/de\/#organization"},"potentialAction":[{"@type":"SearchAction","target":{"@type":"EntryPoint","urlTemplate":"https:\/\/hubsch-interior.com\/de\/?s={search_term_string}"},"query-input":{"@type":"PropertyValueSpecification","valueRequired":true,"valueName":"search_term_string"}}],"inLanguage":"de"},{"@type":"Organization","@id":"https:\/\/hubsch-interior.com\/de\/#organization","name":"H\u00fcbsch","url":"https:\/\/hubsch-interior.com\/de\/","logo":{"@type":"ImageObject","inLanguage":"de","@id":"https:\/\/hubsch-interior.com\/de\/#\/schema\/logo\/image\/","url":"https:\/\/hubsch-interior.com\/wp-content\/uploads\/2022\/12\/Hubsch_logo_black_one_line.svg","contentUrl":"https:\/\/hubsch-interior.com\/wp-content\/uploads\/2022\/12\/Hubsch_logo_black_one_line.svg","caption":"H\u00fcbsch"},"image":{"@id":"https:\/\/hubsch-interior.com\/de\/#\/schema\/logo\/image\/"}}]}},"_links":{"self":[{"href":"https:\/\/hubsch-interior.com\/de\/wp-json\/wp\/v2\/product\/392249","targetHints":{"allow":["GET"]}}],"collection":[{"href":"https:\/\/hubsch-interior.com\/de\/wp-json\/wp\/v2\/product"}],"about":[{"href":"https:\/\/hubsch-interior.com\/de\/wp-json\/wp\/v2\/types\/product"}],"wp:featuredmedia":[{"embeddable":true,"href":"https:\/\/hubsch-interior.com\/de\/wp-json\/wp\/v2\/media\/1112800"}],"wp:attachment":[{"href":"https:\/\/hubsch-interior.com\/de\/wp-json\/wp\/v2\/media?parent=392249"}],"wp:term":[{"taxonomy":"product_brand","embeddable":true,"href":"https:\/\/hubsch-interior.com\/de\/wp-json\/wp\/v2\/product_brand?post=392249"},{"taxonomy":"product_cat","embeddable":true,"href":"https:\/\/hubsch-interior.com\/de\/wp-json\/wp\/v2\/product_cat?post=392249"},{"taxonomy":"product_tag","embeddable":true,"href":"https:\/\/hubsch-interior.com\/de\/wp-json\/wp\/v2\/product_tag?post=392249"}],"curies":[{"name":"wp","href":"https:\/\/api.w.org\/{rel}","templated":true}]}}