{"id":392753,"date":"2021-06-04T10:01:20","date_gmt":"2021-06-04T08:01:20","guid":{"rendered":"https:\/\/hubsch-interior.com\/shop-b2c\/product\/product-6\/"},"modified":"2026-04-09T04:37:19","modified_gmt":"2026-04-09T02:37:19","slug":"popsicle-vasen-multifarben-3er-set","status":"publish","type":"product","link":"https:\/\/hubsch-interior.com\/de\/produkt\/popsicle-vasen-multifarben-3er-set\/","title":{"rendered":"Popsicle Vasen \u00a0Multifarben (3er Set)"},"content":{"rendered":"<p>Dieses 3er Set an Popsicle Vasen ist ein wundersch\u00f6nes Accessoire f\u00fcr Ihren Wohnraum. Hergestellt aus Glas in den Farben Gr\u00fcn\/Gelb\/Alt Rosa, sorgen sie f\u00fcr ein modernes und stilvolles Ambiente. Die einzigartigen Formen und Farben der Vasen machen sie zu einem einzigartigen Blickfang f\u00fcr jeden Raum. Mit der Popsicle Vase erhalten Sie ein einzigartiges und langlebiges Dekorationsobjekt.<\/p>\n","protected":false},"excerpt":{"rendered":"<p>Dieses 3er Set an Popsicle Vasen ist ein wundersch\u00f6nes Accessoire f\u00fcr Ihren Wohnraum. Hergestellt aus Glas in den Farben Gr\u00fcn\/Gelb\/Alt Rosa, sorgen sie f\u00fcr ein modernes und stilvolles Ambiente. Die einzigartigen Formen und Farben der Vasen machen sie zu einem einzigartigen Blickfang f\u00fcr jeden Raum. Mit der Popsicle Vase erhalten Sie ein einzigartiges und langlebiges [&hellip;]<\/p>\n","protected":false},"featured_media":1098839,"template":"","meta":{"_acf_changed":false,"inline_featured_image":false},"product_brand":[],"product_cat":[3156,5027],"product_tag":[],"class_list":{"0":"post-392753","1":"product","2":"type-product","3":"status-publish","4":"has-post-thumbnail","6":"product_cat-vasen-de","7":"product_cat-bestsellers-de","8":"product_shipping_class-pk","10":"pa_color-multifarben-2","11":"pa_material-glas-de","13":"first","14":"instock","15":"featured","16":"taxable","17":"shipping-taxable","18":"purchasable","19":"product-type-simple"},"exclude_global_add_ons":[],"addons":[],"acf":[],"yoast_head":"<!-- This site is optimized with the Yoast SEO plugin v26.4 - https:\/\/yoast.com\/wordpress\/plugins\/seo\/ -->\n<title>Popsicle Vasen \u00a0Multifarben (3er Set) - H\u00fcbsch<\/title>\n<meta name=\"description\" content=\"Dieses 3er Set an Popsicle Vasen ist ein wundersch\u00f6nes Accessoire f\u00fcr Ihren Wohnraum. Hergestellt aus Glas in den Farben Gr\u00fcn\/Gelb\/Alt Rosa, sorgen sie\" \/>\n<meta name=\"robots\" content=\"index, follow, max-snippet:-1, max-image-preview:large, max-video-preview:-1\" \/>\n<link rel=\"canonical\" href=\"https:\/\/hubsch-interior.com\/de\/wp-json\/wp\/v2\/product\/392753\" \/>\n<meta property=\"og:locale\" content=\"de_DE\" \/>\n<meta property=\"og:type\" content=\"article\" \/>\n<meta property=\"og:title\" content=\"Popsicle Vasen \u00a0Multifarben (3er Set) - H\u00fcbsch\" \/>\n<meta property=\"og:description\" content=\"Dieses 3er Set an Popsicle Vasen ist ein wundersch\u00f6nes Accessoire f\u00fcr Ihren Wohnraum. Hergestellt aus Glas in den Farben Gr\u00fcn\/Gelb\/Alt Rosa, sorgen sie\" \/>\n<meta property=\"og:url\" content=\"https:\/\/hubsch-interior.com\/de\/produkt\/popsicle-vasen-multifarben-3er-set\/\" \/>\n<meta property=\"og:site_name\" content=\"H\u00fcbsch\" \/>\n<meta property=\"article:modified_time\" content=\"2026-04-09T02:37:19+00:00\" \/>\n<meta property=\"og:image\" content=\"https:\/\/hubsch-interior.com\/wp-content\/uploads\/2024\/01\/popsicle-vases-multicolour-set-of-3-818ce2314ac2a0f7471c8067ffb1cce5.jpg\" \/>\n\t<meta property=\"og:image:width\" content=\"1200\" \/>\n\t<meta property=\"og:image:height\" content=\"1200\" \/>\n\t<meta property=\"og:image:type\" content=\"image\/jpeg\" \/>\n<meta name=\"twitter:card\" content=\"summary_large_image\" \/>\n<script type=\"application\/ld+json\" class=\"yoast-schema-graph\">{\"@context\":\"https:\/\/schema.org\",\"@graph\":[{\"@type\":\"WebPage\",\"@id\":\"https:\/\/hubsch-interior.com\/de\/produkt\/popsicle-vasen-multifarben-3er-set\/\",\"url\":\"https:\/\/hubsch-interior.com\/de\/produkt\/popsicle-vasen-multifarben-3er-set\/\",\"name\":\"Popsicle Vasen \u00a0Multifarben (3er Set) - H\u00fcbsch\",\"isPartOf\":{\"@id\":\"https:\/\/hubsch-interior.com\/de\/#website\"},\"primaryImageOfPage\":{\"@id\":\"https:\/\/hubsch-interior.com\/de\/produkt\/popsicle-vasen-multifarben-3er-set\/#primaryimage\"},\"image\":{\"@id\":\"https:\/\/hubsch-interior.com\/de\/produkt\/popsicle-vasen-multifarben-3er-set\/#primaryimage\"},\"thumbnailUrl\":\"https:\/\/hubsch-interior.com\/wp-content\/uploads\/2026\/02\/popsicle-vases-multicolour-set-of-3-d2ef96d91a7c30d46e450505b190ae1b.jpg\",\"datePublished\":\"2021-06-04T08:01:20+00:00\",\"dateModified\":\"2026-04-09T02:37:19+00:00\",\"description\":\"Dieses 3er Set an Popsicle Vasen ist ein wundersch\u00f6nes Accessoire f\u00fcr Ihren Wohnraum. Hergestellt aus Glas in den Farben Gr\u00fcn\/Gelb\/Alt Rosa, sorgen sie\",\"breadcrumb\":{\"@id\":\"https:\/\/hubsch-interior.com\/de\/produkt\/popsicle-vasen-multifarben-3er-set\/#breadcrumb\"},\"inLanguage\":\"de\",\"potentialAction\":[{\"@type\":\"ReadAction\",\"target\":[\"https:\/\/hubsch-interior.com\/de\/produkt\/popsicle-vasen-multifarben-3er-set\/\"]}]},{\"@type\":\"ImageObject\",\"inLanguage\":\"de\",\"@id\":\"https:\/\/hubsch-interior.com\/de\/produkt\/popsicle-vasen-multifarben-3er-set\/#primaryimage\",\"url\":\"https:\/\/hubsch-interior.com\/wp-content\/uploads\/2026\/02\/popsicle-vases-multicolour-set-of-3-d2ef96d91a7c30d46e450505b190ae1b.jpg\",\"contentUrl\":\"https:\/\/hubsch-interior.com\/wp-content\/uploads\/2026\/02\/popsicle-vases-multicolour-set-of-3-d2ef96d91a7c30d46e450505b190ae1b.jpg\",\"width\":1024,\"height\":1024},{\"@type\":\"BreadcrumbList\",\"@id\":\"https:\/\/hubsch-interior.com\/de\/produkt\/popsicle-vasen-multifarben-3er-set\/#breadcrumb\",\"itemListElement\":[{\"@type\":\"ListItem\",\"position\":1,\"name\":\"Startseite\",\"item\":\"https:\/\/hubsch-interior.com\/de\/\"},{\"@type\":\"ListItem\",\"position\":2,\"name\":\"Produkte\",\"item\":\"https:\/\/hubsch-interior.com\/de\/shop-2\/\"},{\"@type\":\"ListItem\",\"position\":3,\"name\":\"Wohnaccessoires\",\"item\":\"https:\/\/hubsch-interior.com\/de\/produkt-kategorie\/wohnaccessoires\/\"},{\"@type\":\"ListItem\",\"position\":4,\"name\":\"Vasen\",\"item\":\"https:\/\/hubsch-interior.com\/de\/produkt-kategorie\/wohnaccessoires\/vasen-de\/\"},{\"@type\":\"ListItem\",\"position\":5,\"name\":\"Popsicle Vasen \u00a0Multifarben (3er Set)\"}]},{\"@type\":\"WebSite\",\"@id\":\"https:\/\/hubsch-interior.com\/de\/#website\",\"url\":\"https:\/\/hubsch-interior.com\/de\/\",\"name\":\"H\u00fcbsch\",\"description\":\"Danish Home Interior and Design\",\"publisher\":{\"@id\":\"https:\/\/hubsch-interior.com\/de\/#organization\"},\"potentialAction\":[{\"@type\":\"SearchAction\",\"target\":{\"@type\":\"EntryPoint\",\"urlTemplate\":\"https:\/\/hubsch-interior.com\/de\/?s={search_term_string}\"},\"query-input\":{\"@type\":\"PropertyValueSpecification\",\"valueRequired\":true,\"valueName\":\"search_term_string\"}}],\"inLanguage\":\"de\"},{\"@type\":\"Organization\",\"@id\":\"https:\/\/hubsch-interior.com\/de\/#organization\",\"name\":\"H\u00fcbsch\",\"url\":\"https:\/\/hubsch-interior.com\/de\/\",\"logo\":{\"@type\":\"ImageObject\",\"inLanguage\":\"de\",\"@id\":\"https:\/\/hubsch-interior.com\/de\/#\/schema\/logo\/image\/\",\"url\":\"https:\/\/hubsch-interior.com\/wp-content\/uploads\/2022\/12\/Hubsch_logo_black_one_line.svg\",\"contentUrl\":\"https:\/\/hubsch-interior.com\/wp-content\/uploads\/2022\/12\/Hubsch_logo_black_one_line.svg\",\"caption\":\"H\u00fcbsch\"},\"image\":{\"@id\":\"https:\/\/hubsch-interior.com\/de\/#\/schema\/logo\/image\/\"}}]}<\/script>\n<!-- \/ Yoast SEO plugin. -->","yoast_head_json":{"title":"Popsicle Vasen \u00a0Multifarben (3er Set) - H\u00fcbsch","description":"Dieses 3er Set an Popsicle Vasen ist ein wundersch\u00f6nes Accessoire f\u00fcr Ihren Wohnraum. Hergestellt aus Glas in den Farben Gr\u00fcn\/Gelb\/Alt Rosa, sorgen sie","robots":{"index":"index","follow":"follow","max-snippet":"max-snippet:-1","max-image-preview":"max-image-preview:large","max-video-preview":"max-video-preview:-1"},"canonical":"https:\/\/hubsch-interior.com\/de\/wp-json\/wp\/v2\/product\/392753","og_locale":"de_DE","og_type":"article","og_title":"Popsicle Vasen \u00a0Multifarben (3er Set) - H\u00fcbsch","og_description":"Dieses 3er Set an Popsicle Vasen ist ein wundersch\u00f6nes Accessoire f\u00fcr Ihren Wohnraum. Hergestellt aus Glas in den Farben Gr\u00fcn\/Gelb\/Alt Rosa, sorgen sie","og_url":"https:\/\/hubsch-interior.com\/de\/produkt\/popsicle-vasen-multifarben-3er-set\/","og_site_name":"H\u00fcbsch","article_modified_time":"2026-04-09T02:37:19+00:00","og_image":[{"width":1200,"height":1200,"url":"https:\/\/hubsch-interior.com\/wp-content\/uploads\/2024\/01\/popsicle-vases-multicolour-set-of-3-818ce2314ac2a0f7471c8067ffb1cce5.jpg","type":"image\/jpeg"}],"twitter_card":"summary_large_image","schema":{"@context":"https:\/\/schema.org","@graph":[{"@type":"WebPage","@id":"https:\/\/hubsch-interior.com\/de\/produkt\/popsicle-vasen-multifarben-3er-set\/","url":"https:\/\/hubsch-interior.com\/de\/produkt\/popsicle-vasen-multifarben-3er-set\/","name":"Popsicle Vasen \u00a0Multifarben (3er Set) - H\u00fcbsch","isPartOf":{"@id":"https:\/\/hubsch-interior.com\/de\/#website"},"primaryImageOfPage":{"@id":"https:\/\/hubsch-interior.com\/de\/produkt\/popsicle-vasen-multifarben-3er-set\/#primaryimage"},"image":{"@id":"https:\/\/hubsch-interior.com\/de\/produkt\/popsicle-vasen-multifarben-3er-set\/#primaryimage"},"thumbnailUrl":"https:\/\/hubsch-interior.com\/wp-content\/uploads\/2026\/02\/popsicle-vases-multicolour-set-of-3-d2ef96d91a7c30d46e450505b190ae1b.jpg","datePublished":"2021-06-04T08:01:20+00:00","dateModified":"2026-04-09T02:37:19+00:00","description":"Dieses 3er Set an Popsicle Vasen ist ein wundersch\u00f6nes Accessoire f\u00fcr Ihren Wohnraum. Hergestellt aus Glas in den Farben Gr\u00fcn\/Gelb\/Alt Rosa, sorgen sie","breadcrumb":{"@id":"https:\/\/hubsch-interior.com\/de\/produkt\/popsicle-vasen-multifarben-3er-set\/#breadcrumb"},"inLanguage":"de","potentialAction":[{"@type":"ReadAction","target":["https:\/\/hubsch-interior.com\/de\/produkt\/popsicle-vasen-multifarben-3er-set\/"]}]},{"@type":"ImageObject","inLanguage":"de","@id":"https:\/\/hubsch-interior.com\/de\/produkt\/popsicle-vasen-multifarben-3er-set\/#primaryimage","url":"https:\/\/hubsch-interior.com\/wp-content\/uploads\/2026\/02\/popsicle-vases-multicolour-set-of-3-d2ef96d91a7c30d46e450505b190ae1b.jpg","contentUrl":"https:\/\/hubsch-interior.com\/wp-content\/uploads\/2026\/02\/popsicle-vases-multicolour-set-of-3-d2ef96d91a7c30d46e450505b190ae1b.jpg","width":1024,"height":1024},{"@type":"BreadcrumbList","@id":"https:\/\/hubsch-interior.com\/de\/produkt\/popsicle-vasen-multifarben-3er-set\/#breadcrumb","itemListElement":[{"@type":"ListItem","position":1,"name":"Startseite","item":"https:\/\/hubsch-interior.com\/de\/"},{"@type":"ListItem","position":2,"name":"Produkte","item":"https:\/\/hubsch-interior.com\/de\/shop-2\/"},{"@type":"ListItem","position":3,"name":"Wohnaccessoires","item":"https:\/\/hubsch-interior.com\/de\/produkt-kategorie\/wohnaccessoires\/"},{"@type":"ListItem","position":4,"name":"Vasen","item":"https:\/\/hubsch-interior.com\/de\/produkt-kategorie\/wohnaccessoires\/vasen-de\/"},{"@type":"ListItem","position":5,"name":"Popsicle Vasen \u00a0Multifarben (3er Set)"}]},{"@type":"WebSite","@id":"https:\/\/hubsch-interior.com\/de\/#website","url":"https:\/\/hubsch-interior.com\/de\/","name":"H\u00fcbsch","description":"Danish Home Interior and Design","publisher":{"@id":"https:\/\/hubsch-interior.com\/de\/#organization"},"potentialAction":[{"@type":"SearchAction","target":{"@type":"EntryPoint","urlTemplate":"https:\/\/hubsch-interior.com\/de\/?s={search_term_string}"},"query-input":{"@type":"PropertyValueSpecification","valueRequired":true,"valueName":"search_term_string"}}],"inLanguage":"de"},{"@type":"Organization","@id":"https:\/\/hubsch-interior.com\/de\/#organization","name":"H\u00fcbsch","url":"https:\/\/hubsch-interior.com\/de\/","logo":{"@type":"ImageObject","inLanguage":"de","@id":"https:\/\/hubsch-interior.com\/de\/#\/schema\/logo\/image\/","url":"https:\/\/hubsch-interior.com\/wp-content\/uploads\/2022\/12\/Hubsch_logo_black_one_line.svg","contentUrl":"https:\/\/hubsch-interior.com\/wp-content\/uploads\/2022\/12\/Hubsch_logo_black_one_line.svg","caption":"H\u00fcbsch"},"image":{"@id":"https:\/\/hubsch-interior.com\/de\/#\/schema\/logo\/image\/"}}]}},"_links":{"self":[{"href":"https:\/\/hubsch-interior.com\/de\/wp-json\/wp\/v2\/product\/392753","targetHints":{"allow":["GET"]}}],"collection":[{"href":"https:\/\/hubsch-interior.com\/de\/wp-json\/wp\/v2\/product"}],"about":[{"href":"https:\/\/hubsch-interior.com\/de\/wp-json\/wp\/v2\/types\/product"}],"wp:featuredmedia":[{"embeddable":true,"href":"https:\/\/hubsch-interior.com\/de\/wp-json\/wp\/v2\/media\/1098839"}],"wp:attachment":[{"href":"https:\/\/hubsch-interior.com\/de\/wp-json\/wp\/v2\/media?parent=392753"}],"wp:term":[{"taxonomy":"product_brand","embeddable":true,"href":"https:\/\/hubsch-interior.com\/de\/wp-json\/wp\/v2\/product_brand?post=392753"},{"taxonomy":"product_cat","embeddable":true,"href":"https:\/\/hubsch-interior.com\/de\/wp-json\/wp\/v2\/product_cat?post=392753"},{"taxonomy":"product_tag","embeddable":true,"href":"https:\/\/hubsch-interior.com\/de\/wp-json\/wp\/v2\/product_tag?post=392753"}],"curies":[{"name":"wp","href":"https:\/\/api.w.org\/{rel}","templated":true}]}}