{"id":392769,"date":"2021-06-04T10:01:26","date_gmt":"2021-06-04T08:01:26","guid":{"rendered":"https:\/\/hubsch-interior.com\/shop-b2c\/product\/product-6\/"},"modified":"2026-04-09T04:37:24","modified_gmt":"2026-04-09T02:37:24","slug":"kiosk-glas-schalen-blau","status":"publish","type":"product","link":"https:\/\/hubsch-interior.com\/de\/produkt\/kiosk-glas-schalen-blau\/","title":{"rendered":"Kiosk Glas Schalen Blau"},"content":{"rendered":"<p>Dieser Kiosk Glas Schalen in Blau sind ein einzigartiges Designst\u00fcck. Sie bestehen aus hochwertigem Glas, das eine helle, klare Farbe hat. Die Schalen sind ideal f\u00fcr die Aufbewahrung und Pr\u00e4sentation von Speisen und Getr\u00e4nken. Ihr einzigartiges Design macht sie zu einem perfekten Blickfang in Ihrem Haus oder B\u00fcro. Sie sind auch ein wunderbares Geschenk f\u00fcr jeden Anlass.<\/p>\n","protected":false},"excerpt":{"rendered":"<p>Dieser Kiosk Glas Schalen in Blau sind ein einzigartiges Designst\u00fcck. Sie bestehen aus hochwertigem Glas, das eine helle, klare Farbe hat. Die Schalen sind ideal f\u00fcr die Aufbewahrung und Pr\u00e4sentation von Speisen und Getr\u00e4nken. Ihr einzigartiges Design macht sie zu einem perfekten Blickfang in Ihrem Haus oder B\u00fcro. Sie sind auch ein wunderbares Geschenk f\u00fcr [&hellip;]<\/p>\n","protected":false},"featured_media":1098867,"template":"","meta":{"_acf_changed":false,"inline_featured_image":false},"product_brand":[],"product_cat":[6972,7044,7029,6349,4055,4096,6519],"product_tag":[],"class_list":{"0":"post-392769","1":"product","2":"type-product","3":"status-publish","4":"has-post-thumbnail","6":"product_cat-oster-sale","7":"product_cat-servierschalen-de","8":"product_cat-tischgeschirr-de-2","9":"product_cat-garden-selection-de","10":"product_cat-kuechenzubehoer-de","11":"product_cat-tischgeschirr-de","12":"product_cat-outlet-de","13":"product_shipping_class-pk","15":"pa_color-blau-2","16":"pa_material-glas-de","18":"first","19":"instock","20":"sale","21":"taxable","22":"shipping-taxable","23":"purchasable","24":"product-type-simple"},"exclude_global_add_ons":[],"addons":[],"acf":[],"yoast_head":"<!-- This site is optimized with the Yoast SEO plugin v26.4 - https:\/\/yoast.com\/wordpress\/plugins\/seo\/ -->\n<title>Kiosk Glas Schalen Blau - H\u00fcbsch<\/title>\n<meta name=\"description\" content=\"Dieser Kiosk Glas Schalen in Blau sind ein einzigartiges Designst\u00fcck. Sie bestehen aus hochwertigem Glas, das eine helle, klare Farbe hat. Die Schalen\" \/>\n<meta name=\"robots\" content=\"index, follow, max-snippet:-1, max-image-preview:large, max-video-preview:-1\" \/>\n<link rel=\"canonical\" href=\"https:\/\/hubsch-interior.com\/de\/wp-json\/wp\/v2\/product\/392769\" \/>\n<meta property=\"og:locale\" content=\"de_DE\" \/>\n<meta property=\"og:type\" content=\"article\" \/>\n<meta property=\"og:title\" content=\"Kiosk Glas Schalen Blau - H\u00fcbsch\" \/>\n<meta property=\"og:description\" content=\"Dieser Kiosk Glas Schalen in Blau sind ein einzigartiges Designst\u00fcck. Sie bestehen aus hochwertigem Glas, das eine helle, klare Farbe hat. Die Schalen\" \/>\n<meta property=\"og:url\" content=\"https:\/\/hubsch-interior.com\/de\/produkt\/kiosk-glas-schalen-blau\/\" \/>\n<meta property=\"og:site_name\" content=\"H\u00fcbsch\" \/>\n<meta property=\"article:modified_time\" content=\"2026-04-09T02:37:24+00:00\" \/>\n<meta property=\"og:image\" content=\"https:\/\/hubsch-interior.com\/wp-content\/uploads\/2024\/01\/kiosk-glass-bowl-blue-48f7eebd7ae62b9f8f9bc6c8a5f14360.jpg\" \/>\n\t<meta property=\"og:image:width\" content=\"1200\" \/>\n\t<meta property=\"og:image:height\" content=\"1200\" \/>\n\t<meta property=\"og:image:type\" content=\"image\/jpeg\" \/>\n<meta name=\"twitter:card\" content=\"summary_large_image\" \/>\n<script type=\"application\/ld+json\" class=\"yoast-schema-graph\">{\"@context\":\"https:\/\/schema.org\",\"@graph\":[{\"@type\":\"WebPage\",\"@id\":\"https:\/\/hubsch-interior.com\/de\/produkt\/kiosk-glas-schalen-blau\/\",\"url\":\"https:\/\/hubsch-interior.com\/de\/produkt\/kiosk-glas-schalen-blau\/\",\"name\":\"Kiosk Glas Schalen Blau - H\u00fcbsch\",\"isPartOf\":{\"@id\":\"https:\/\/hubsch-interior.com\/de\/#website\"},\"primaryImageOfPage\":{\"@id\":\"https:\/\/hubsch-interior.com\/de\/produkt\/kiosk-glas-schalen-blau\/#primaryimage\"},\"image\":{\"@id\":\"https:\/\/hubsch-interior.com\/de\/produkt\/kiosk-glas-schalen-blau\/#primaryimage\"},\"thumbnailUrl\":\"https:\/\/hubsch-interior.com\/wp-content\/uploads\/2026\/02\/kiosk-glass-bowl-blue-bacb89e84fd55a3f9a3580e182e4b1a4.jpg\",\"datePublished\":\"2021-06-04T08:01:26+00:00\",\"dateModified\":\"2026-04-09T02:37:24+00:00\",\"description\":\"Dieser Kiosk Glas Schalen in Blau sind ein einzigartiges Designst\u00fcck. Sie bestehen aus hochwertigem Glas, das eine helle, klare Farbe hat. Die Schalen\",\"breadcrumb\":{\"@id\":\"https:\/\/hubsch-interior.com\/de\/produkt\/kiosk-glas-schalen-blau\/#breadcrumb\"},\"inLanguage\":\"de\",\"potentialAction\":[{\"@type\":\"ReadAction\",\"target\":[\"https:\/\/hubsch-interior.com\/de\/produkt\/kiosk-glas-schalen-blau\/\"]}]},{\"@type\":\"ImageObject\",\"inLanguage\":\"de\",\"@id\":\"https:\/\/hubsch-interior.com\/de\/produkt\/kiosk-glas-schalen-blau\/#primaryimage\",\"url\":\"https:\/\/hubsch-interior.com\/wp-content\/uploads\/2026\/02\/kiosk-glass-bowl-blue-bacb89e84fd55a3f9a3580e182e4b1a4.jpg\",\"contentUrl\":\"https:\/\/hubsch-interior.com\/wp-content\/uploads\/2026\/02\/kiosk-glass-bowl-blue-bacb89e84fd55a3f9a3580e182e4b1a4.jpg\",\"width\":1024,\"height\":1024},{\"@type\":\"BreadcrumbList\",\"@id\":\"https:\/\/hubsch-interior.com\/de\/produkt\/kiosk-glas-schalen-blau\/#breadcrumb\",\"itemListElement\":[{\"@type\":\"ListItem\",\"position\":1,\"name\":\"Startseite\",\"item\":\"https:\/\/hubsch-interior.com\/de\/\"},{\"@type\":\"ListItem\",\"position\":2,\"name\":\"Produkte\",\"item\":\"https:\/\/hubsch-interior.com\/de\/shop-2\/\"},{\"@type\":\"ListItem\",\"position\":3,\"name\":\"K\u00fcche\",\"item\":\"https:\/\/hubsch-interior.com\/de\/produkt-kategorie\/kuche\/\"},{\"@type\":\"ListItem\",\"position\":4,\"name\":\"Tischgeschirr\",\"item\":\"https:\/\/hubsch-interior.com\/de\/produkt-kategorie\/kuche\/tischgeschirr-de-2\/\"},{\"@type\":\"ListItem\",\"position\":5,\"name\":\"Servierschalen\",\"item\":\"https:\/\/hubsch-interior.com\/de\/produkt-kategorie\/kuche\/tischgeschirr-de-2\/servierschalen-de\/\"},{\"@type\":\"ListItem\",\"position\":6,\"name\":\"Kiosk Glas Schalen Blau\"}]},{\"@type\":\"WebSite\",\"@id\":\"https:\/\/hubsch-interior.com\/de\/#website\",\"url\":\"https:\/\/hubsch-interior.com\/de\/\",\"name\":\"H\u00fcbsch\",\"description\":\"Danish Home Interior and Design\",\"publisher\":{\"@id\":\"https:\/\/hubsch-interior.com\/de\/#organization\"},\"potentialAction\":[{\"@type\":\"SearchAction\",\"target\":{\"@type\":\"EntryPoint\",\"urlTemplate\":\"https:\/\/hubsch-interior.com\/de\/?s={search_term_string}\"},\"query-input\":{\"@type\":\"PropertyValueSpecification\",\"valueRequired\":true,\"valueName\":\"search_term_string\"}}],\"inLanguage\":\"de\"},{\"@type\":\"Organization\",\"@id\":\"https:\/\/hubsch-interior.com\/de\/#organization\",\"name\":\"H\u00fcbsch\",\"url\":\"https:\/\/hubsch-interior.com\/de\/\",\"logo\":{\"@type\":\"ImageObject\",\"inLanguage\":\"de\",\"@id\":\"https:\/\/hubsch-interior.com\/de\/#\/schema\/logo\/image\/\",\"url\":\"https:\/\/hubsch-interior.com\/wp-content\/uploads\/2022\/12\/Hubsch_logo_black_one_line.svg\",\"contentUrl\":\"https:\/\/hubsch-interior.com\/wp-content\/uploads\/2022\/12\/Hubsch_logo_black_one_line.svg\",\"caption\":\"H\u00fcbsch\"},\"image\":{\"@id\":\"https:\/\/hubsch-interior.com\/de\/#\/schema\/logo\/image\/\"}}]}<\/script>\n<!-- \/ Yoast SEO plugin. -->","yoast_head_json":{"title":"Kiosk Glas Schalen Blau - H\u00fcbsch","description":"Dieser Kiosk Glas Schalen in Blau sind ein einzigartiges Designst\u00fcck. Sie bestehen aus hochwertigem Glas, das eine helle, klare Farbe hat. Die Schalen","robots":{"index":"index","follow":"follow","max-snippet":"max-snippet:-1","max-image-preview":"max-image-preview:large","max-video-preview":"max-video-preview:-1"},"canonical":"https:\/\/hubsch-interior.com\/de\/wp-json\/wp\/v2\/product\/392769","og_locale":"de_DE","og_type":"article","og_title":"Kiosk Glas Schalen Blau - H\u00fcbsch","og_description":"Dieser Kiosk Glas Schalen in Blau sind ein einzigartiges Designst\u00fcck. Sie bestehen aus hochwertigem Glas, das eine helle, klare Farbe hat. Die Schalen","og_url":"https:\/\/hubsch-interior.com\/de\/produkt\/kiosk-glas-schalen-blau\/","og_site_name":"H\u00fcbsch","article_modified_time":"2026-04-09T02:37:24+00:00","og_image":[{"width":1200,"height":1200,"url":"https:\/\/hubsch-interior.com\/wp-content\/uploads\/2024\/01\/kiosk-glass-bowl-blue-48f7eebd7ae62b9f8f9bc6c8a5f14360.jpg","type":"image\/jpeg"}],"twitter_card":"summary_large_image","schema":{"@context":"https:\/\/schema.org","@graph":[{"@type":"WebPage","@id":"https:\/\/hubsch-interior.com\/de\/produkt\/kiosk-glas-schalen-blau\/","url":"https:\/\/hubsch-interior.com\/de\/produkt\/kiosk-glas-schalen-blau\/","name":"Kiosk Glas Schalen Blau - H\u00fcbsch","isPartOf":{"@id":"https:\/\/hubsch-interior.com\/de\/#website"},"primaryImageOfPage":{"@id":"https:\/\/hubsch-interior.com\/de\/produkt\/kiosk-glas-schalen-blau\/#primaryimage"},"image":{"@id":"https:\/\/hubsch-interior.com\/de\/produkt\/kiosk-glas-schalen-blau\/#primaryimage"},"thumbnailUrl":"https:\/\/hubsch-interior.com\/wp-content\/uploads\/2026\/02\/kiosk-glass-bowl-blue-bacb89e84fd55a3f9a3580e182e4b1a4.jpg","datePublished":"2021-06-04T08:01:26+00:00","dateModified":"2026-04-09T02:37:24+00:00","description":"Dieser Kiosk Glas Schalen in Blau sind ein einzigartiges Designst\u00fcck. Sie bestehen aus hochwertigem Glas, das eine helle, klare Farbe hat. Die Schalen","breadcrumb":{"@id":"https:\/\/hubsch-interior.com\/de\/produkt\/kiosk-glas-schalen-blau\/#breadcrumb"},"inLanguage":"de","potentialAction":[{"@type":"ReadAction","target":["https:\/\/hubsch-interior.com\/de\/produkt\/kiosk-glas-schalen-blau\/"]}]},{"@type":"ImageObject","inLanguage":"de","@id":"https:\/\/hubsch-interior.com\/de\/produkt\/kiosk-glas-schalen-blau\/#primaryimage","url":"https:\/\/hubsch-interior.com\/wp-content\/uploads\/2026\/02\/kiosk-glass-bowl-blue-bacb89e84fd55a3f9a3580e182e4b1a4.jpg","contentUrl":"https:\/\/hubsch-interior.com\/wp-content\/uploads\/2026\/02\/kiosk-glass-bowl-blue-bacb89e84fd55a3f9a3580e182e4b1a4.jpg","width":1024,"height":1024},{"@type":"BreadcrumbList","@id":"https:\/\/hubsch-interior.com\/de\/produkt\/kiosk-glas-schalen-blau\/#breadcrumb","itemListElement":[{"@type":"ListItem","position":1,"name":"Startseite","item":"https:\/\/hubsch-interior.com\/de\/"},{"@type":"ListItem","position":2,"name":"Produkte","item":"https:\/\/hubsch-interior.com\/de\/shop-2\/"},{"@type":"ListItem","position":3,"name":"K\u00fcche","item":"https:\/\/hubsch-interior.com\/de\/produkt-kategorie\/kuche\/"},{"@type":"ListItem","position":4,"name":"Tischgeschirr","item":"https:\/\/hubsch-interior.com\/de\/produkt-kategorie\/kuche\/tischgeschirr-de-2\/"},{"@type":"ListItem","position":5,"name":"Servierschalen","item":"https:\/\/hubsch-interior.com\/de\/produkt-kategorie\/kuche\/tischgeschirr-de-2\/servierschalen-de\/"},{"@type":"ListItem","position":6,"name":"Kiosk Glas Schalen Blau"}]},{"@type":"WebSite","@id":"https:\/\/hubsch-interior.com\/de\/#website","url":"https:\/\/hubsch-interior.com\/de\/","name":"H\u00fcbsch","description":"Danish Home Interior and Design","publisher":{"@id":"https:\/\/hubsch-interior.com\/de\/#organization"},"potentialAction":[{"@type":"SearchAction","target":{"@type":"EntryPoint","urlTemplate":"https:\/\/hubsch-interior.com\/de\/?s={search_term_string}"},"query-input":{"@type":"PropertyValueSpecification","valueRequired":true,"valueName":"search_term_string"}}],"inLanguage":"de"},{"@type":"Organization","@id":"https:\/\/hubsch-interior.com\/de\/#organization","name":"H\u00fcbsch","url":"https:\/\/hubsch-interior.com\/de\/","logo":{"@type":"ImageObject","inLanguage":"de","@id":"https:\/\/hubsch-interior.com\/de\/#\/schema\/logo\/image\/","url":"https:\/\/hubsch-interior.com\/wp-content\/uploads\/2022\/12\/Hubsch_logo_black_one_line.svg","contentUrl":"https:\/\/hubsch-interior.com\/wp-content\/uploads\/2022\/12\/Hubsch_logo_black_one_line.svg","caption":"H\u00fcbsch"},"image":{"@id":"https:\/\/hubsch-interior.com\/de\/#\/schema\/logo\/image\/"}}]}},"_links":{"self":[{"href":"https:\/\/hubsch-interior.com\/de\/wp-json\/wp\/v2\/product\/392769","targetHints":{"allow":["GET"]}}],"collection":[{"href":"https:\/\/hubsch-interior.com\/de\/wp-json\/wp\/v2\/product"}],"about":[{"href":"https:\/\/hubsch-interior.com\/de\/wp-json\/wp\/v2\/types\/product"}],"wp:featuredmedia":[{"embeddable":true,"href":"https:\/\/hubsch-interior.com\/de\/wp-json\/wp\/v2\/media\/1098867"}],"wp:attachment":[{"href":"https:\/\/hubsch-interior.com\/de\/wp-json\/wp\/v2\/media?parent=392769"}],"wp:term":[{"taxonomy":"product_brand","embeddable":true,"href":"https:\/\/hubsch-interior.com\/de\/wp-json\/wp\/v2\/product_brand?post=392769"},{"taxonomy":"product_cat","embeddable":true,"href":"https:\/\/hubsch-interior.com\/de\/wp-json\/wp\/v2\/product_cat?post=392769"},{"taxonomy":"product_tag","embeddable":true,"href":"https:\/\/hubsch-interior.com\/de\/wp-json\/wp\/v2\/product_tag?post=392769"}],"curies":[{"name":"wp","href":"https:\/\/api.w.org\/{rel}","templated":true}]}}