{"id":393329,"date":"2021-06-04T10:03:31","date_gmt":"2021-06-04T08:03:31","guid":{"rendered":"https:\/\/hubsch-interior.com\/shop-b2c\/product\/product-6\/"},"modified":"2026-04-03T04:43:11","modified_gmt":"2026-04-03T02:43:11","slug":"shell-decke-blau-weis","status":"publish","type":"product","link":"https:\/\/hubsch-interior.com\/de\/produkt\/shell-decke-blau-weis\/","title":{"rendered":"Shell Decke Blau\/Wei\u00df"},"content":{"rendered":"<p>Die Decke ist in Beige gehalten und mit Details in Hellblau und Rosa versehen. Die gro\u00dfz\u00fcgige, kuschelig-weiche Decke passt perfekt ins Wohnzimmer, ins Schlafzimmer und in s\u00e4mtliche andere R\u00e4ume. 140cm x 200cm. Gefertigt aus Baumwolle.<\/p>\n","protected":false},"excerpt":{"rendered":"<p>Die Decke ist in Beige gehalten und mit Details in Hellblau und Rosa versehen. Die gro\u00dfz\u00fcgige, kuschelig-weiche Decke passt perfekt ins Wohnzimmer, ins Schlafzimmer und in s\u00e4mtliche andere R\u00e4ume. 140cm x 200cm. Gefertigt aus Baumwolle.<\/p>\n","protected":false},"featured_media":1099953,"template":"","meta":{"_acf_changed":false,"inline_featured_image":false},"product_brand":[],"product_cat":[3004,4943],"product_tag":[],"class_list":{"0":"post-393329","1":"product","2":"type-product","3":"status-publish","4":"has-post-thumbnail","6":"product_cat-textilien","7":"product_cat-decken-de","8":"product_shipping_class-pk","10":"pa_color-blau-2","11":"pa_color-wei","12":"pa_material-cotton-100-de","14":"first","15":"instock","16":"taxable","17":"shipping-taxable","18":"purchasable","19":"product-type-simple"},"exclude_global_add_ons":[],"addons":[],"acf":[],"yoast_head":"<!-- This site is optimized with the Yoast SEO plugin v26.4 - https:\/\/yoast.com\/wordpress\/plugins\/seo\/ -->\n<title>Shell Decke Blau\/Wei\u00df - H\u00fcbsch<\/title>\n<meta name=\"description\" content=\"Die Decke ist in Beige gehalten und mit Details in Hellblau und Rosa versehen. Die gro\u00dfz\u00fcgige, kuschelig-weiche Decke passt perfekt ins Wohnzimmer, ins\" \/>\n<meta name=\"robots\" content=\"index, follow, max-snippet:-1, max-image-preview:large, max-video-preview:-1\" \/>\n<link rel=\"canonical\" href=\"https:\/\/hubsch-interior.com\/de\/wp-json\/wp\/v2\/product\/393329\" \/>\n<meta property=\"og:locale\" content=\"de_DE\" \/>\n<meta property=\"og:type\" content=\"article\" \/>\n<meta property=\"og:title\" content=\"Shell Decke Blau\/Wei\u00df - H\u00fcbsch\" \/>\n<meta property=\"og:description\" content=\"Die Decke ist in Beige gehalten und mit Details in Hellblau und Rosa versehen. Die gro\u00dfz\u00fcgige, kuschelig-weiche Decke passt perfekt ins Wohnzimmer, ins\" \/>\n<meta property=\"og:url\" content=\"https:\/\/hubsch-interior.com\/de\/produkt\/shell-decke-blau-weis\/\" \/>\n<meta property=\"og:site_name\" content=\"H\u00fcbsch\" \/>\n<meta property=\"article:modified_time\" content=\"2026-04-03T02:43:11+00:00\" \/>\n<meta property=\"og:image\" content=\"https:\/\/hubsch-interior.com\/wp-content\/uploads\/2025\/05\/shell-plaid-bluewhite-226f5ee73d5690d942f86e1adc2107eb.jpg\" \/>\n\t<meta property=\"og:image:width\" content=\"1200\" \/>\n\t<meta property=\"og:image:height\" content=\"1200\" \/>\n\t<meta property=\"og:image:type\" content=\"image\/jpeg\" \/>\n<meta name=\"twitter:card\" content=\"summary_large_image\" \/>\n<script type=\"application\/ld+json\" class=\"yoast-schema-graph\">{\"@context\":\"https:\/\/schema.org\",\"@graph\":[{\"@type\":\"WebPage\",\"@id\":\"https:\/\/hubsch-interior.com\/de\/produkt\/shell-decke-blau-weis\/\",\"url\":\"https:\/\/hubsch-interior.com\/de\/produkt\/shell-decke-blau-weis\/\",\"name\":\"Shell Decke Blau\/Wei\u00df - H\u00fcbsch\",\"isPartOf\":{\"@id\":\"https:\/\/hubsch-interior.com\/de\/#website\"},\"primaryImageOfPage\":{\"@id\":\"https:\/\/hubsch-interior.com\/de\/produkt\/shell-decke-blau-weis\/#primaryimage\"},\"image\":{\"@id\":\"https:\/\/hubsch-interior.com\/de\/produkt\/shell-decke-blau-weis\/#primaryimage\"},\"thumbnailUrl\":\"https:\/\/hubsch-interior.com\/wp-content\/uploads\/2026\/02\/shell-plaid-bluewhite-9211ff43c2ef56047e21942fe4f9ba9e.jpg\",\"datePublished\":\"2021-06-04T08:03:31+00:00\",\"dateModified\":\"2026-04-03T02:43:11+00:00\",\"description\":\"Die Decke ist in Beige gehalten und mit Details in Hellblau und Rosa versehen. Die gro\u00dfz\u00fcgige, kuschelig-weiche Decke passt perfekt ins Wohnzimmer, ins\",\"breadcrumb\":{\"@id\":\"https:\/\/hubsch-interior.com\/de\/produkt\/shell-decke-blau-weis\/#breadcrumb\"},\"inLanguage\":\"de\",\"potentialAction\":[{\"@type\":\"ReadAction\",\"target\":[\"https:\/\/hubsch-interior.com\/de\/produkt\/shell-decke-blau-weis\/\"]}]},{\"@type\":\"ImageObject\",\"inLanguage\":\"de\",\"@id\":\"https:\/\/hubsch-interior.com\/de\/produkt\/shell-decke-blau-weis\/#primaryimage\",\"url\":\"https:\/\/hubsch-interior.com\/wp-content\/uploads\/2026\/02\/shell-plaid-bluewhite-9211ff43c2ef56047e21942fe4f9ba9e.jpg\",\"contentUrl\":\"https:\/\/hubsch-interior.com\/wp-content\/uploads\/2026\/02\/shell-plaid-bluewhite-9211ff43c2ef56047e21942fe4f9ba9e.jpg\",\"width\":1024,\"height\":1024},{\"@type\":\"BreadcrumbList\",\"@id\":\"https:\/\/hubsch-interior.com\/de\/produkt\/shell-decke-blau-weis\/#breadcrumb\",\"itemListElement\":[{\"@type\":\"ListItem\",\"position\":1,\"name\":\"Startseite\",\"item\":\"https:\/\/hubsch-interior.com\/de\/\"},{\"@type\":\"ListItem\",\"position\":2,\"name\":\"Produkte\",\"item\":\"https:\/\/hubsch-interior.com\/de\/shop-2\/\"},{\"@type\":\"ListItem\",\"position\":3,\"name\":\"Textilien\",\"item\":\"https:\/\/hubsch-interior.com\/de\/produkt-kategorie\/textilien\/\"},{\"@type\":\"ListItem\",\"position\":4,\"name\":\"Decken\",\"item\":\"https:\/\/hubsch-interior.com\/de\/produkt-kategorie\/textilien\/decken-de\/\"},{\"@type\":\"ListItem\",\"position\":5,\"name\":\"Shell Decke Blau\/Wei\u00df\"}]},{\"@type\":\"WebSite\",\"@id\":\"https:\/\/hubsch-interior.com\/de\/#website\",\"url\":\"https:\/\/hubsch-interior.com\/de\/\",\"name\":\"H\u00fcbsch\",\"description\":\"Danish Home Interior and Design\",\"publisher\":{\"@id\":\"https:\/\/hubsch-interior.com\/de\/#organization\"},\"potentialAction\":[{\"@type\":\"SearchAction\",\"target\":{\"@type\":\"EntryPoint\",\"urlTemplate\":\"https:\/\/hubsch-interior.com\/de\/?s={search_term_string}\"},\"query-input\":{\"@type\":\"PropertyValueSpecification\",\"valueRequired\":true,\"valueName\":\"search_term_string\"}}],\"inLanguage\":\"de\"},{\"@type\":\"Organization\",\"@id\":\"https:\/\/hubsch-interior.com\/de\/#organization\",\"name\":\"H\u00fcbsch\",\"url\":\"https:\/\/hubsch-interior.com\/de\/\",\"logo\":{\"@type\":\"ImageObject\",\"inLanguage\":\"de\",\"@id\":\"https:\/\/hubsch-interior.com\/de\/#\/schema\/logo\/image\/\",\"url\":\"https:\/\/hubsch-interior.com\/wp-content\/uploads\/2022\/12\/Hubsch_logo_black_one_line.svg\",\"contentUrl\":\"https:\/\/hubsch-interior.com\/wp-content\/uploads\/2022\/12\/Hubsch_logo_black_one_line.svg\",\"caption\":\"H\u00fcbsch\"},\"image\":{\"@id\":\"https:\/\/hubsch-interior.com\/de\/#\/schema\/logo\/image\/\"}}]}<\/script>\n<!-- \/ Yoast SEO plugin. -->","yoast_head_json":{"title":"Shell Decke Blau\/Wei\u00df - H\u00fcbsch","description":"Die Decke ist in Beige gehalten und mit Details in Hellblau und Rosa versehen. Die gro\u00dfz\u00fcgige, kuschelig-weiche Decke passt perfekt ins Wohnzimmer, ins","robots":{"index":"index","follow":"follow","max-snippet":"max-snippet:-1","max-image-preview":"max-image-preview:large","max-video-preview":"max-video-preview:-1"},"canonical":"https:\/\/hubsch-interior.com\/de\/wp-json\/wp\/v2\/product\/393329","og_locale":"de_DE","og_type":"article","og_title":"Shell Decke Blau\/Wei\u00df - H\u00fcbsch","og_description":"Die Decke ist in Beige gehalten und mit Details in Hellblau und Rosa versehen. Die gro\u00dfz\u00fcgige, kuschelig-weiche Decke passt perfekt ins Wohnzimmer, ins","og_url":"https:\/\/hubsch-interior.com\/de\/produkt\/shell-decke-blau-weis\/","og_site_name":"H\u00fcbsch","article_modified_time":"2026-04-03T02:43:11+00:00","og_image":[{"width":1200,"height":1200,"url":"https:\/\/hubsch-interior.com\/wp-content\/uploads\/2025\/05\/shell-plaid-bluewhite-226f5ee73d5690d942f86e1adc2107eb.jpg","type":"image\/jpeg"}],"twitter_card":"summary_large_image","schema":{"@context":"https:\/\/schema.org","@graph":[{"@type":"WebPage","@id":"https:\/\/hubsch-interior.com\/de\/produkt\/shell-decke-blau-weis\/","url":"https:\/\/hubsch-interior.com\/de\/produkt\/shell-decke-blau-weis\/","name":"Shell Decke Blau\/Wei\u00df - H\u00fcbsch","isPartOf":{"@id":"https:\/\/hubsch-interior.com\/de\/#website"},"primaryImageOfPage":{"@id":"https:\/\/hubsch-interior.com\/de\/produkt\/shell-decke-blau-weis\/#primaryimage"},"image":{"@id":"https:\/\/hubsch-interior.com\/de\/produkt\/shell-decke-blau-weis\/#primaryimage"},"thumbnailUrl":"https:\/\/hubsch-interior.com\/wp-content\/uploads\/2026\/02\/shell-plaid-bluewhite-9211ff43c2ef56047e21942fe4f9ba9e.jpg","datePublished":"2021-06-04T08:03:31+00:00","dateModified":"2026-04-03T02:43:11+00:00","description":"Die Decke ist in Beige gehalten und mit Details in Hellblau und Rosa versehen. Die gro\u00dfz\u00fcgige, kuschelig-weiche Decke passt perfekt ins Wohnzimmer, ins","breadcrumb":{"@id":"https:\/\/hubsch-interior.com\/de\/produkt\/shell-decke-blau-weis\/#breadcrumb"},"inLanguage":"de","potentialAction":[{"@type":"ReadAction","target":["https:\/\/hubsch-interior.com\/de\/produkt\/shell-decke-blau-weis\/"]}]},{"@type":"ImageObject","inLanguage":"de","@id":"https:\/\/hubsch-interior.com\/de\/produkt\/shell-decke-blau-weis\/#primaryimage","url":"https:\/\/hubsch-interior.com\/wp-content\/uploads\/2026\/02\/shell-plaid-bluewhite-9211ff43c2ef56047e21942fe4f9ba9e.jpg","contentUrl":"https:\/\/hubsch-interior.com\/wp-content\/uploads\/2026\/02\/shell-plaid-bluewhite-9211ff43c2ef56047e21942fe4f9ba9e.jpg","width":1024,"height":1024},{"@type":"BreadcrumbList","@id":"https:\/\/hubsch-interior.com\/de\/produkt\/shell-decke-blau-weis\/#breadcrumb","itemListElement":[{"@type":"ListItem","position":1,"name":"Startseite","item":"https:\/\/hubsch-interior.com\/de\/"},{"@type":"ListItem","position":2,"name":"Produkte","item":"https:\/\/hubsch-interior.com\/de\/shop-2\/"},{"@type":"ListItem","position":3,"name":"Textilien","item":"https:\/\/hubsch-interior.com\/de\/produkt-kategorie\/textilien\/"},{"@type":"ListItem","position":4,"name":"Decken","item":"https:\/\/hubsch-interior.com\/de\/produkt-kategorie\/textilien\/decken-de\/"},{"@type":"ListItem","position":5,"name":"Shell Decke Blau\/Wei\u00df"}]},{"@type":"WebSite","@id":"https:\/\/hubsch-interior.com\/de\/#website","url":"https:\/\/hubsch-interior.com\/de\/","name":"H\u00fcbsch","description":"Danish Home Interior and Design","publisher":{"@id":"https:\/\/hubsch-interior.com\/de\/#organization"},"potentialAction":[{"@type":"SearchAction","target":{"@type":"EntryPoint","urlTemplate":"https:\/\/hubsch-interior.com\/de\/?s={search_term_string}"},"query-input":{"@type":"PropertyValueSpecification","valueRequired":true,"valueName":"search_term_string"}}],"inLanguage":"de"},{"@type":"Organization","@id":"https:\/\/hubsch-interior.com\/de\/#organization","name":"H\u00fcbsch","url":"https:\/\/hubsch-interior.com\/de\/","logo":{"@type":"ImageObject","inLanguage":"de","@id":"https:\/\/hubsch-interior.com\/de\/#\/schema\/logo\/image\/","url":"https:\/\/hubsch-interior.com\/wp-content\/uploads\/2022\/12\/Hubsch_logo_black_one_line.svg","contentUrl":"https:\/\/hubsch-interior.com\/wp-content\/uploads\/2022\/12\/Hubsch_logo_black_one_line.svg","caption":"H\u00fcbsch"},"image":{"@id":"https:\/\/hubsch-interior.com\/de\/#\/schema\/logo\/image\/"}}]}},"_links":{"self":[{"href":"https:\/\/hubsch-interior.com\/de\/wp-json\/wp\/v2\/product\/393329","targetHints":{"allow":["GET"]}}],"collection":[{"href":"https:\/\/hubsch-interior.com\/de\/wp-json\/wp\/v2\/product"}],"about":[{"href":"https:\/\/hubsch-interior.com\/de\/wp-json\/wp\/v2\/types\/product"}],"wp:featuredmedia":[{"embeddable":true,"href":"https:\/\/hubsch-interior.com\/de\/wp-json\/wp\/v2\/media\/1099953"}],"wp:attachment":[{"href":"https:\/\/hubsch-interior.com\/de\/wp-json\/wp\/v2\/media?parent=393329"}],"wp:term":[{"taxonomy":"product_brand","embeddable":true,"href":"https:\/\/hubsch-interior.com\/de\/wp-json\/wp\/v2\/product_brand?post=393329"},{"taxonomy":"product_cat","embeddable":true,"href":"https:\/\/hubsch-interior.com\/de\/wp-json\/wp\/v2\/product_cat?post=393329"},{"taxonomy":"product_tag","embeddable":true,"href":"https:\/\/hubsch-interior.com\/de\/wp-json\/wp\/v2\/product_tag?post=393329"}],"curies":[{"name":"wp","href":"https:\/\/api.w.org\/{rel}","templated":true}]}}