{"id":393465,"date":"2021-06-04T10:03:57","date_gmt":"2021-06-04T08:03:57","guid":{"rendered":"https:\/\/hubsch-interior.com\/shop-b2c\/product\/product-6\/"},"modified":"2026-04-09T04:41:23","modified_gmt":"2026-04-09T02:41:23","slug":"pin-teppich-beige-grau","status":"publish","type":"product","link":"https:\/\/hubsch-interior.com\/de\/produkt\/pin-teppich-beige-grau\/","title":{"rendered":"Pin Teppich Beige\/Grau"},"content":{"rendered":"<p>Der Pin Teppich Beige\/Grau ist ein elegantes und modernes Accessoire f\u00fcr Ihr Zuhause. Hergestellt aus 100% Baumwolle ist er OEKO-TEX\u00ae STANDARD 100 zertifiziert und garantiert ein angenehmes Gef\u00fchl unter den F\u00fc\u00dfen. Sein schlichtes Design macht ihn zu einer einzigartigen Dekoration f\u00fcr jeden Raum in Ihrem Haus. Er ist pflegeleicht und kann mit einem feuchten Tuch abgewischt werden. Er ist ein sch\u00f6ner Hingucker f\u00fcr Ihr Zuhause.<\/p>\n","protected":false},"excerpt":{"rendered":"<p>Der Pin Teppich Beige\/Grau ist ein elegantes und modernes Accessoire f\u00fcr Ihr Zuhause. Hergestellt aus 100% Baumwolle ist er OEKO-TEX\u00ae STANDARD 100 zertifiziert und garantiert ein angenehmes Gef\u00fchl unter den F\u00fc\u00dfen. Sein schlichtes Design macht ihn zu einer einzigartigen Dekoration f\u00fcr jeden Raum in Ihrem Haus. Er ist pflegeleicht und kann mit einem feuchten Tuch [&hellip;]<\/p>\n","protected":false},"featured_media":1099993,"template":"","meta":{"_acf_changed":false,"inline_featured_image":false},"product_brand":[],"product_cat":[3004,3325],"product_tag":[],"class_list":{"0":"post-393465","1":"product","2":"type-product","3":"status-publish","4":"has-post-thumbnail","6":"product_cat-textilien","7":"product_cat-teppiche-de","8":"product_shipping_class-pk","10":"pa_color-beige-4","11":"pa_color-grau-2","12":"pa_material-cotton-100-de","14":"first","15":"instock","16":"taxable","17":"shipping-taxable","18":"purchasable","19":"product-type-simple"},"exclude_global_add_ons":[],"addons":[],"acf":[],"yoast_head":"<!-- This site is optimized with the Yoast SEO plugin v26.4 - https:\/\/yoast.com\/wordpress\/plugins\/seo\/ -->\n<title>Pin Teppich Beige\/Grau - H\u00fcbsch<\/title>\n<meta name=\"description\" content=\"Der Pin Teppich Beige\/Grau ist ein elegantes und modernes Accessoire f\u00fcr Ihr Zuhause. Hergestellt aus 100% Baumwolle ist er OEKO-TEX\u00ae STANDARD 100\" \/>\n<meta name=\"robots\" content=\"index, follow, max-snippet:-1, max-image-preview:large, max-video-preview:-1\" \/>\n<link rel=\"canonical\" href=\"https:\/\/hubsch-interior.com\/de\/wp-json\/wp\/v2\/product\/393465\" \/>\n<meta property=\"og:locale\" content=\"de_DE\" \/>\n<meta property=\"og:type\" content=\"article\" \/>\n<meta property=\"og:title\" content=\"Pin Teppich Beige\/Grau - H\u00fcbsch\" \/>\n<meta property=\"og:description\" content=\"Der Pin Teppich Beige\/Grau ist ein elegantes und modernes Accessoire f\u00fcr Ihr Zuhause. Hergestellt aus 100% Baumwolle ist er OEKO-TEX\u00ae STANDARD 100\" \/>\n<meta property=\"og:url\" content=\"https:\/\/hubsch-interior.com\/de\/produkt\/pin-teppich-beige-grau\/\" \/>\n<meta property=\"og:site_name\" content=\"H\u00fcbsch\" \/>\n<meta property=\"article:modified_time\" content=\"2026-04-09T02:41:23+00:00\" \/>\n<meta property=\"og:image\" content=\"https:\/\/hubsch-interior.com\/wp-content\/uploads\/2024\/01\/pin-rug-beigegrey-674db72025c3f9021e9bef974255ddda.jpg\" \/>\n\t<meta property=\"og:image:width\" content=\"1200\" \/>\n\t<meta property=\"og:image:height\" content=\"1200\" \/>\n\t<meta property=\"og:image:type\" content=\"image\/jpeg\" \/>\n<meta name=\"twitter:card\" content=\"summary_large_image\" \/>\n<script type=\"application\/ld+json\" class=\"yoast-schema-graph\">{\"@context\":\"https:\/\/schema.org\",\"@graph\":[{\"@type\":\"WebPage\",\"@id\":\"https:\/\/hubsch-interior.com\/de\/produkt\/pin-teppich-beige-grau\/\",\"url\":\"https:\/\/hubsch-interior.com\/de\/produkt\/pin-teppich-beige-grau\/\",\"name\":\"Pin Teppich Beige\/Grau - H\u00fcbsch\",\"isPartOf\":{\"@id\":\"https:\/\/hubsch-interior.com\/de\/#website\"},\"primaryImageOfPage\":{\"@id\":\"https:\/\/hubsch-interior.com\/de\/produkt\/pin-teppich-beige-grau\/#primaryimage\"},\"image\":{\"@id\":\"https:\/\/hubsch-interior.com\/de\/produkt\/pin-teppich-beige-grau\/#primaryimage\"},\"thumbnailUrl\":\"https:\/\/hubsch-interior.com\/wp-content\/uploads\/2026\/02\/pin-rug-beigegrey-90d64ad9c4d43228ee77a4161944407a.jpg\",\"datePublished\":\"2021-06-04T08:03:57+00:00\",\"dateModified\":\"2026-04-09T02:41:23+00:00\",\"description\":\"Der Pin Teppich Beige\/Grau ist ein elegantes und modernes Accessoire f\u00fcr Ihr Zuhause. Hergestellt aus 100% Baumwolle ist er OEKO-TEX\u00ae STANDARD 100\",\"breadcrumb\":{\"@id\":\"https:\/\/hubsch-interior.com\/de\/produkt\/pin-teppich-beige-grau\/#breadcrumb\"},\"inLanguage\":\"de\",\"potentialAction\":[{\"@type\":\"ReadAction\",\"target\":[\"https:\/\/hubsch-interior.com\/de\/produkt\/pin-teppich-beige-grau\/\"]}]},{\"@type\":\"ImageObject\",\"inLanguage\":\"de\",\"@id\":\"https:\/\/hubsch-interior.com\/de\/produkt\/pin-teppich-beige-grau\/#primaryimage\",\"url\":\"https:\/\/hubsch-interior.com\/wp-content\/uploads\/2026\/02\/pin-rug-beigegrey-90d64ad9c4d43228ee77a4161944407a.jpg\",\"contentUrl\":\"https:\/\/hubsch-interior.com\/wp-content\/uploads\/2026\/02\/pin-rug-beigegrey-90d64ad9c4d43228ee77a4161944407a.jpg\",\"width\":1024,\"height\":1024},{\"@type\":\"BreadcrumbList\",\"@id\":\"https:\/\/hubsch-interior.com\/de\/produkt\/pin-teppich-beige-grau\/#breadcrumb\",\"itemListElement\":[{\"@type\":\"ListItem\",\"position\":1,\"name\":\"Startseite\",\"item\":\"https:\/\/hubsch-interior.com\/de\/\"},{\"@type\":\"ListItem\",\"position\":2,\"name\":\"Produkte\",\"item\":\"https:\/\/hubsch-interior.com\/de\/shop-2\/\"},{\"@type\":\"ListItem\",\"position\":3,\"name\":\"Textilien\",\"item\":\"https:\/\/hubsch-interior.com\/de\/produkt-kategorie\/textilien\/\"},{\"@type\":\"ListItem\",\"position\":4,\"name\":\"Teppiche\",\"item\":\"https:\/\/hubsch-interior.com\/de\/produkt-kategorie\/textilien\/teppiche-de\/\"},{\"@type\":\"ListItem\",\"position\":5,\"name\":\"Pin Teppich Beige\/Grau\"}]},{\"@type\":\"WebSite\",\"@id\":\"https:\/\/hubsch-interior.com\/de\/#website\",\"url\":\"https:\/\/hubsch-interior.com\/de\/\",\"name\":\"H\u00fcbsch\",\"description\":\"Danish Home Interior and Design\",\"publisher\":{\"@id\":\"https:\/\/hubsch-interior.com\/de\/#organization\"},\"potentialAction\":[{\"@type\":\"SearchAction\",\"target\":{\"@type\":\"EntryPoint\",\"urlTemplate\":\"https:\/\/hubsch-interior.com\/de\/?s={search_term_string}\"},\"query-input\":{\"@type\":\"PropertyValueSpecification\",\"valueRequired\":true,\"valueName\":\"search_term_string\"}}],\"inLanguage\":\"de\"},{\"@type\":\"Organization\",\"@id\":\"https:\/\/hubsch-interior.com\/de\/#organization\",\"name\":\"H\u00fcbsch\",\"url\":\"https:\/\/hubsch-interior.com\/de\/\",\"logo\":{\"@type\":\"ImageObject\",\"inLanguage\":\"de\",\"@id\":\"https:\/\/hubsch-interior.com\/de\/#\/schema\/logo\/image\/\",\"url\":\"https:\/\/hubsch-interior.com\/wp-content\/uploads\/2022\/12\/Hubsch_logo_black_one_line.svg\",\"contentUrl\":\"https:\/\/hubsch-interior.com\/wp-content\/uploads\/2022\/12\/Hubsch_logo_black_one_line.svg\",\"caption\":\"H\u00fcbsch\"},\"image\":{\"@id\":\"https:\/\/hubsch-interior.com\/de\/#\/schema\/logo\/image\/\"}}]}<\/script>\n<!-- \/ Yoast SEO plugin. -->","yoast_head_json":{"title":"Pin Teppich Beige\/Grau - H\u00fcbsch","description":"Der Pin Teppich Beige\/Grau ist ein elegantes und modernes Accessoire f\u00fcr Ihr Zuhause. Hergestellt aus 100% Baumwolle ist er OEKO-TEX\u00ae STANDARD 100","robots":{"index":"index","follow":"follow","max-snippet":"max-snippet:-1","max-image-preview":"max-image-preview:large","max-video-preview":"max-video-preview:-1"},"canonical":"https:\/\/hubsch-interior.com\/de\/wp-json\/wp\/v2\/product\/393465","og_locale":"de_DE","og_type":"article","og_title":"Pin Teppich Beige\/Grau - H\u00fcbsch","og_description":"Der Pin Teppich Beige\/Grau ist ein elegantes und modernes Accessoire f\u00fcr Ihr Zuhause. Hergestellt aus 100% Baumwolle ist er OEKO-TEX\u00ae STANDARD 100","og_url":"https:\/\/hubsch-interior.com\/de\/produkt\/pin-teppich-beige-grau\/","og_site_name":"H\u00fcbsch","article_modified_time":"2026-04-09T02:41:23+00:00","og_image":[{"width":1200,"height":1200,"url":"https:\/\/hubsch-interior.com\/wp-content\/uploads\/2024\/01\/pin-rug-beigegrey-674db72025c3f9021e9bef974255ddda.jpg","type":"image\/jpeg"}],"twitter_card":"summary_large_image","schema":{"@context":"https:\/\/schema.org","@graph":[{"@type":"WebPage","@id":"https:\/\/hubsch-interior.com\/de\/produkt\/pin-teppich-beige-grau\/","url":"https:\/\/hubsch-interior.com\/de\/produkt\/pin-teppich-beige-grau\/","name":"Pin Teppich Beige\/Grau - H\u00fcbsch","isPartOf":{"@id":"https:\/\/hubsch-interior.com\/de\/#website"},"primaryImageOfPage":{"@id":"https:\/\/hubsch-interior.com\/de\/produkt\/pin-teppich-beige-grau\/#primaryimage"},"image":{"@id":"https:\/\/hubsch-interior.com\/de\/produkt\/pin-teppich-beige-grau\/#primaryimage"},"thumbnailUrl":"https:\/\/hubsch-interior.com\/wp-content\/uploads\/2026\/02\/pin-rug-beigegrey-90d64ad9c4d43228ee77a4161944407a.jpg","datePublished":"2021-06-04T08:03:57+00:00","dateModified":"2026-04-09T02:41:23+00:00","description":"Der Pin Teppich Beige\/Grau ist ein elegantes und modernes Accessoire f\u00fcr Ihr Zuhause. Hergestellt aus 100% Baumwolle ist er OEKO-TEX\u00ae STANDARD 100","breadcrumb":{"@id":"https:\/\/hubsch-interior.com\/de\/produkt\/pin-teppich-beige-grau\/#breadcrumb"},"inLanguage":"de","potentialAction":[{"@type":"ReadAction","target":["https:\/\/hubsch-interior.com\/de\/produkt\/pin-teppich-beige-grau\/"]}]},{"@type":"ImageObject","inLanguage":"de","@id":"https:\/\/hubsch-interior.com\/de\/produkt\/pin-teppich-beige-grau\/#primaryimage","url":"https:\/\/hubsch-interior.com\/wp-content\/uploads\/2026\/02\/pin-rug-beigegrey-90d64ad9c4d43228ee77a4161944407a.jpg","contentUrl":"https:\/\/hubsch-interior.com\/wp-content\/uploads\/2026\/02\/pin-rug-beigegrey-90d64ad9c4d43228ee77a4161944407a.jpg","width":1024,"height":1024},{"@type":"BreadcrumbList","@id":"https:\/\/hubsch-interior.com\/de\/produkt\/pin-teppich-beige-grau\/#breadcrumb","itemListElement":[{"@type":"ListItem","position":1,"name":"Startseite","item":"https:\/\/hubsch-interior.com\/de\/"},{"@type":"ListItem","position":2,"name":"Produkte","item":"https:\/\/hubsch-interior.com\/de\/shop-2\/"},{"@type":"ListItem","position":3,"name":"Textilien","item":"https:\/\/hubsch-interior.com\/de\/produkt-kategorie\/textilien\/"},{"@type":"ListItem","position":4,"name":"Teppiche","item":"https:\/\/hubsch-interior.com\/de\/produkt-kategorie\/textilien\/teppiche-de\/"},{"@type":"ListItem","position":5,"name":"Pin Teppich Beige\/Grau"}]},{"@type":"WebSite","@id":"https:\/\/hubsch-interior.com\/de\/#website","url":"https:\/\/hubsch-interior.com\/de\/","name":"H\u00fcbsch","description":"Danish Home Interior and Design","publisher":{"@id":"https:\/\/hubsch-interior.com\/de\/#organization"},"potentialAction":[{"@type":"SearchAction","target":{"@type":"EntryPoint","urlTemplate":"https:\/\/hubsch-interior.com\/de\/?s={search_term_string}"},"query-input":{"@type":"PropertyValueSpecification","valueRequired":true,"valueName":"search_term_string"}}],"inLanguage":"de"},{"@type":"Organization","@id":"https:\/\/hubsch-interior.com\/de\/#organization","name":"H\u00fcbsch","url":"https:\/\/hubsch-interior.com\/de\/","logo":{"@type":"ImageObject","inLanguage":"de","@id":"https:\/\/hubsch-interior.com\/de\/#\/schema\/logo\/image\/","url":"https:\/\/hubsch-interior.com\/wp-content\/uploads\/2022\/12\/Hubsch_logo_black_one_line.svg","contentUrl":"https:\/\/hubsch-interior.com\/wp-content\/uploads\/2022\/12\/Hubsch_logo_black_one_line.svg","caption":"H\u00fcbsch"},"image":{"@id":"https:\/\/hubsch-interior.com\/de\/#\/schema\/logo\/image\/"}}]}},"_links":{"self":[{"href":"https:\/\/hubsch-interior.com\/de\/wp-json\/wp\/v2\/product\/393465","targetHints":{"allow":["GET"]}}],"collection":[{"href":"https:\/\/hubsch-interior.com\/de\/wp-json\/wp\/v2\/product"}],"about":[{"href":"https:\/\/hubsch-interior.com\/de\/wp-json\/wp\/v2\/types\/product"}],"wp:featuredmedia":[{"embeddable":true,"href":"https:\/\/hubsch-interior.com\/de\/wp-json\/wp\/v2\/media\/1099993"}],"wp:attachment":[{"href":"https:\/\/hubsch-interior.com\/de\/wp-json\/wp\/v2\/media?parent=393465"}],"wp:term":[{"taxonomy":"product_brand","embeddable":true,"href":"https:\/\/hubsch-interior.com\/de\/wp-json\/wp\/v2\/product_brand?post=393465"},{"taxonomy":"product_cat","embeddable":true,"href":"https:\/\/hubsch-interior.com\/de\/wp-json\/wp\/v2\/product_cat?post=393465"},{"taxonomy":"product_tag","embeddable":true,"href":"https:\/\/hubsch-interior.com\/de\/wp-json\/wp\/v2\/product_tag?post=393465"}],"curies":[{"name":"wp","href":"https:\/\/api.w.org\/{rel}","templated":true}]}}