{"id":39399,"date":"2020-12-15T09:48:27","date_gmt":"2020-12-15T08:48:27","guid":{"rendered":"https:\/\/hubsch-interior.com\/product\/product-9\/"},"modified":"2026-04-05T04:48:37","modified_gmt":"2026-04-05T02:48:37","slug":"split-couchtisch-naturfarben","status":"publish","type":"product","link":"https:\/\/hubsch-interior.com\/de\/produkt\/split-couchtisch-naturfarben\/","title":{"rendered":"Split Couchtisch Naturfarben"},"content":{"rendered":"<p>Der Split Couchtisch Naturfarben ist das perfekte M\u00f6belst\u00fcck, um Ihr Wohnzimmer zu versch\u00f6nern. Er ist aus Eichenfurnier gefertigt, das FSC-zertifiziert ist, und verleiht dem Raum eine nat\u00fcrliche und warme Atmosph\u00e4re. Mit seiner unaufdringlichen und eleganten Form passt er sich jedem Einrichtungsstil an. Er ist robust und langlebig und mit seinen geraden Linien besticht er durch seine moderne Optik. Der Split Couchtisch Naturfarben ist eine einzigartige Erg\u00e4nzung f\u00fcr jedes Zuhause.<\/p>\n","protected":false},"excerpt":{"rendered":"<p>Der Split Couchtisch Naturfarben ist das perfekte M\u00f6belst\u00fcck, um Ihr Wohnzimmer zu versch\u00f6nern. Er ist aus Eichenfurnier gefertigt, das FSC-zertifiziert ist, und verleiht dem Raum eine nat\u00fcrliche und warme Atmosph\u00e4re. Mit seiner unaufdringlichen und eleganten Form passt er sich jedem Einrichtungsstil an. Er ist robust und langlebig und mit seinen geraden Linien besticht er durch [&hellip;]<\/p>\n","protected":false},"featured_media":1101764,"template":"","meta":{"_acf_changed":false,"inline_featured_image":false},"product_brand":[],"product_cat":[2861,2874,5027],"product_tag":[],"class_list":{"0":"post-39399","1":"product","2":"type-product","3":"status-publish","4":"has-post-thumbnail","6":"product_cat-tische-de","7":"product_cat-sofatische-de","8":"product_cat-bestsellers-de","9":"product_shipping_class-p05","11":"pa_color-naturfarben-2","12":"pa_material-mdf-de","13":"pa_material-eichenfurnier","15":"first","16":"outofstock","17":"featured","18":"taxable","19":"shipping-taxable","20":"purchasable","21":"product-type-simple"},"exclude_global_add_ons":[],"addons":[],"acf":[],"yoast_head":"<!-- This site is optimized with the Yoast SEO plugin v26.4 - https:\/\/yoast.com\/wordpress\/plugins\/seo\/ -->\n<title>Split Couchtisch Naturfarben - H\u00fcbsch<\/title>\n<meta name=\"description\" content=\"Der Split Couchtisch Naturfarben ist das perfekte M\u00f6belst\u00fcck, um Ihr Wohnzimmer zu versch\u00f6nern. Er ist aus Eichenfurnier gefertigt, das FSC-zertifiziert\" \/>\n<meta name=\"robots\" content=\"index, follow, max-snippet:-1, max-image-preview:large, max-video-preview:-1\" \/>\n<link rel=\"canonical\" href=\"https:\/\/hubsch-interior.com\/de\/wp-json\/wp\/v2\/product\/39399\" \/>\n<meta property=\"og:locale\" content=\"de_DE\" \/>\n<meta property=\"og:type\" content=\"article\" \/>\n<meta property=\"og:title\" content=\"Split Couchtisch Naturfarben - H\u00fcbsch\" \/>\n<meta property=\"og:description\" content=\"Der Split Couchtisch Naturfarben ist das perfekte M\u00f6belst\u00fcck, um Ihr Wohnzimmer zu versch\u00f6nern. Er ist aus Eichenfurnier gefertigt, das FSC-zertifiziert\" \/>\n<meta property=\"og:url\" content=\"https:\/\/hubsch-interior.com\/de\/produkt\/split-couchtisch-naturfarben\/\" \/>\n<meta property=\"og:site_name\" content=\"H\u00fcbsch\" \/>\n<meta property=\"article:modified_time\" content=\"2026-04-05T02:48:37+00:00\" \/>\n<meta property=\"og:image\" content=\"https:\/\/hubsch-interior.com\/wp-content\/uploads\/2023\/08\/split-coffee-table-natural-035af2fd9a2b00e2dd2f7d2b75604111.jpg\" \/>\n\t<meta property=\"og:image:width\" content=\"1200\" \/>\n\t<meta property=\"og:image:height\" content=\"1200\" \/>\n\t<meta property=\"og:image:type\" content=\"image\/jpeg\" \/>\n<meta name=\"twitter:card\" content=\"summary_large_image\" \/>\n<script type=\"application\/ld+json\" class=\"yoast-schema-graph\">{\"@context\":\"https:\/\/schema.org\",\"@graph\":[{\"@type\":\"WebPage\",\"@id\":\"https:\/\/hubsch-interior.com\/de\/produkt\/split-couchtisch-naturfarben\/\",\"url\":\"https:\/\/hubsch-interior.com\/de\/produkt\/split-couchtisch-naturfarben\/\",\"name\":\"Split Couchtisch Naturfarben - H\u00fcbsch\",\"isPartOf\":{\"@id\":\"https:\/\/hubsch-interior.com\/de\/#website\"},\"primaryImageOfPage\":{\"@id\":\"https:\/\/hubsch-interior.com\/de\/produkt\/split-couchtisch-naturfarben\/#primaryimage\"},\"image\":{\"@id\":\"https:\/\/hubsch-interior.com\/de\/produkt\/split-couchtisch-naturfarben\/#primaryimage\"},\"thumbnailUrl\":\"https:\/\/hubsch-interior.com\/wp-content\/uploads\/2026\/02\/split-coffee-table-natural-f6a4b55fabc87bb91e0ce25d2bd0a73f.jpg\",\"datePublished\":\"2020-12-15T08:48:27+00:00\",\"dateModified\":\"2026-04-05T02:48:37+00:00\",\"description\":\"Der Split Couchtisch Naturfarben ist das perfekte M\u00f6belst\u00fcck, um Ihr Wohnzimmer zu versch\u00f6nern. Er ist aus Eichenfurnier gefertigt, das FSC-zertifiziert\",\"breadcrumb\":{\"@id\":\"https:\/\/hubsch-interior.com\/de\/produkt\/split-couchtisch-naturfarben\/#breadcrumb\"},\"inLanguage\":\"de\",\"potentialAction\":[{\"@type\":\"ReadAction\",\"target\":[\"https:\/\/hubsch-interior.com\/de\/produkt\/split-couchtisch-naturfarben\/\"]}]},{\"@type\":\"ImageObject\",\"inLanguage\":\"de\",\"@id\":\"https:\/\/hubsch-interior.com\/de\/produkt\/split-couchtisch-naturfarben\/#primaryimage\",\"url\":\"https:\/\/hubsch-interior.com\/wp-content\/uploads\/2026\/02\/split-coffee-table-natural-f6a4b55fabc87bb91e0ce25d2bd0a73f.jpg\",\"contentUrl\":\"https:\/\/hubsch-interior.com\/wp-content\/uploads\/2026\/02\/split-coffee-table-natural-f6a4b55fabc87bb91e0ce25d2bd0a73f.jpg\",\"width\":1024,\"height\":1024},{\"@type\":\"BreadcrumbList\",\"@id\":\"https:\/\/hubsch-interior.com\/de\/produkt\/split-couchtisch-naturfarben\/#breadcrumb\",\"itemListElement\":[{\"@type\":\"ListItem\",\"position\":1,\"name\":\"Startseite\",\"item\":\"https:\/\/hubsch-interior.com\/de\/\"},{\"@type\":\"ListItem\",\"position\":2,\"name\":\"Produkte\",\"item\":\"https:\/\/hubsch-interior.com\/de\/shop-2\/\"},{\"@type\":\"ListItem\",\"position\":3,\"name\":\"M\u00f6bel\",\"item\":\"https:\/\/hubsch-interior.com\/de\/produkt-kategorie\/moebel\/\"},{\"@type\":\"ListItem\",\"position\":4,\"name\":\"Tische\",\"item\":\"https:\/\/hubsch-interior.com\/de\/produkt-kategorie\/moebel\/tische-de\/\"},{\"@type\":\"ListItem\",\"position\":5,\"name\":\"Sofatische\",\"item\":\"https:\/\/hubsch-interior.com\/de\/produkt-kategorie\/moebel\/tische-de\/sofatische-de\/\"},{\"@type\":\"ListItem\",\"position\":6,\"name\":\"Split Couchtisch Naturfarben\"}]},{\"@type\":\"WebSite\",\"@id\":\"https:\/\/hubsch-interior.com\/de\/#website\",\"url\":\"https:\/\/hubsch-interior.com\/de\/\",\"name\":\"H\u00fcbsch\",\"description\":\"Danish Home Interior and Design\",\"publisher\":{\"@id\":\"https:\/\/hubsch-interior.com\/de\/#organization\"},\"potentialAction\":[{\"@type\":\"SearchAction\",\"target\":{\"@type\":\"EntryPoint\",\"urlTemplate\":\"https:\/\/hubsch-interior.com\/de\/?s={search_term_string}\"},\"query-input\":{\"@type\":\"PropertyValueSpecification\",\"valueRequired\":true,\"valueName\":\"search_term_string\"}}],\"inLanguage\":\"de\"},{\"@type\":\"Organization\",\"@id\":\"https:\/\/hubsch-interior.com\/de\/#organization\",\"name\":\"H\u00fcbsch\",\"url\":\"https:\/\/hubsch-interior.com\/de\/\",\"logo\":{\"@type\":\"ImageObject\",\"inLanguage\":\"de\",\"@id\":\"https:\/\/hubsch-interior.com\/de\/#\/schema\/logo\/image\/\",\"url\":\"https:\/\/hubsch-interior.com\/wp-content\/uploads\/2022\/12\/Hubsch_logo_black_one_line.svg\",\"contentUrl\":\"https:\/\/hubsch-interior.com\/wp-content\/uploads\/2022\/12\/Hubsch_logo_black_one_line.svg\",\"caption\":\"H\u00fcbsch\"},\"image\":{\"@id\":\"https:\/\/hubsch-interior.com\/de\/#\/schema\/logo\/image\/\"}}]}<\/script>\n<!-- \/ Yoast SEO plugin. -->","yoast_head_json":{"title":"Split Couchtisch Naturfarben - H\u00fcbsch","description":"Der Split Couchtisch Naturfarben ist das perfekte M\u00f6belst\u00fcck, um Ihr Wohnzimmer zu versch\u00f6nern. Er ist aus Eichenfurnier gefertigt, das FSC-zertifiziert","robots":{"index":"index","follow":"follow","max-snippet":"max-snippet:-1","max-image-preview":"max-image-preview:large","max-video-preview":"max-video-preview:-1"},"canonical":"https:\/\/hubsch-interior.com\/de\/wp-json\/wp\/v2\/product\/39399","og_locale":"de_DE","og_type":"article","og_title":"Split Couchtisch Naturfarben - H\u00fcbsch","og_description":"Der Split Couchtisch Naturfarben ist das perfekte M\u00f6belst\u00fcck, um Ihr Wohnzimmer zu versch\u00f6nern. Er ist aus Eichenfurnier gefertigt, das FSC-zertifiziert","og_url":"https:\/\/hubsch-interior.com\/de\/produkt\/split-couchtisch-naturfarben\/","og_site_name":"H\u00fcbsch","article_modified_time":"2026-04-05T02:48:37+00:00","og_image":[{"width":1200,"height":1200,"url":"https:\/\/hubsch-interior.com\/wp-content\/uploads\/2023\/08\/split-coffee-table-natural-035af2fd9a2b00e2dd2f7d2b75604111.jpg","type":"image\/jpeg"}],"twitter_card":"summary_large_image","schema":{"@context":"https:\/\/schema.org","@graph":[{"@type":"WebPage","@id":"https:\/\/hubsch-interior.com\/de\/produkt\/split-couchtisch-naturfarben\/","url":"https:\/\/hubsch-interior.com\/de\/produkt\/split-couchtisch-naturfarben\/","name":"Split Couchtisch Naturfarben - H\u00fcbsch","isPartOf":{"@id":"https:\/\/hubsch-interior.com\/de\/#website"},"primaryImageOfPage":{"@id":"https:\/\/hubsch-interior.com\/de\/produkt\/split-couchtisch-naturfarben\/#primaryimage"},"image":{"@id":"https:\/\/hubsch-interior.com\/de\/produkt\/split-couchtisch-naturfarben\/#primaryimage"},"thumbnailUrl":"https:\/\/hubsch-interior.com\/wp-content\/uploads\/2026\/02\/split-coffee-table-natural-f6a4b55fabc87bb91e0ce25d2bd0a73f.jpg","datePublished":"2020-12-15T08:48:27+00:00","dateModified":"2026-04-05T02:48:37+00:00","description":"Der Split Couchtisch Naturfarben ist das perfekte M\u00f6belst\u00fcck, um Ihr Wohnzimmer zu versch\u00f6nern. Er ist aus Eichenfurnier gefertigt, das FSC-zertifiziert","breadcrumb":{"@id":"https:\/\/hubsch-interior.com\/de\/produkt\/split-couchtisch-naturfarben\/#breadcrumb"},"inLanguage":"de","potentialAction":[{"@type":"ReadAction","target":["https:\/\/hubsch-interior.com\/de\/produkt\/split-couchtisch-naturfarben\/"]}]},{"@type":"ImageObject","inLanguage":"de","@id":"https:\/\/hubsch-interior.com\/de\/produkt\/split-couchtisch-naturfarben\/#primaryimage","url":"https:\/\/hubsch-interior.com\/wp-content\/uploads\/2026\/02\/split-coffee-table-natural-f6a4b55fabc87bb91e0ce25d2bd0a73f.jpg","contentUrl":"https:\/\/hubsch-interior.com\/wp-content\/uploads\/2026\/02\/split-coffee-table-natural-f6a4b55fabc87bb91e0ce25d2bd0a73f.jpg","width":1024,"height":1024},{"@type":"BreadcrumbList","@id":"https:\/\/hubsch-interior.com\/de\/produkt\/split-couchtisch-naturfarben\/#breadcrumb","itemListElement":[{"@type":"ListItem","position":1,"name":"Startseite","item":"https:\/\/hubsch-interior.com\/de\/"},{"@type":"ListItem","position":2,"name":"Produkte","item":"https:\/\/hubsch-interior.com\/de\/shop-2\/"},{"@type":"ListItem","position":3,"name":"M\u00f6bel","item":"https:\/\/hubsch-interior.com\/de\/produkt-kategorie\/moebel\/"},{"@type":"ListItem","position":4,"name":"Tische","item":"https:\/\/hubsch-interior.com\/de\/produkt-kategorie\/moebel\/tische-de\/"},{"@type":"ListItem","position":5,"name":"Sofatische","item":"https:\/\/hubsch-interior.com\/de\/produkt-kategorie\/moebel\/tische-de\/sofatische-de\/"},{"@type":"ListItem","position":6,"name":"Split Couchtisch Naturfarben"}]},{"@type":"WebSite","@id":"https:\/\/hubsch-interior.com\/de\/#website","url":"https:\/\/hubsch-interior.com\/de\/","name":"H\u00fcbsch","description":"Danish Home Interior and Design","publisher":{"@id":"https:\/\/hubsch-interior.com\/de\/#organization"},"potentialAction":[{"@type":"SearchAction","target":{"@type":"EntryPoint","urlTemplate":"https:\/\/hubsch-interior.com\/de\/?s={search_term_string}"},"query-input":{"@type":"PropertyValueSpecification","valueRequired":true,"valueName":"search_term_string"}}],"inLanguage":"de"},{"@type":"Organization","@id":"https:\/\/hubsch-interior.com\/de\/#organization","name":"H\u00fcbsch","url":"https:\/\/hubsch-interior.com\/de\/","logo":{"@type":"ImageObject","inLanguage":"de","@id":"https:\/\/hubsch-interior.com\/de\/#\/schema\/logo\/image\/","url":"https:\/\/hubsch-interior.com\/wp-content\/uploads\/2022\/12\/Hubsch_logo_black_one_line.svg","contentUrl":"https:\/\/hubsch-interior.com\/wp-content\/uploads\/2022\/12\/Hubsch_logo_black_one_line.svg","caption":"H\u00fcbsch"},"image":{"@id":"https:\/\/hubsch-interior.com\/de\/#\/schema\/logo\/image\/"}}]}},"_links":{"self":[{"href":"https:\/\/hubsch-interior.com\/de\/wp-json\/wp\/v2\/product\/39399","targetHints":{"allow":["GET"]}}],"collection":[{"href":"https:\/\/hubsch-interior.com\/de\/wp-json\/wp\/v2\/product"}],"about":[{"href":"https:\/\/hubsch-interior.com\/de\/wp-json\/wp\/v2\/types\/product"}],"wp:featuredmedia":[{"embeddable":true,"href":"https:\/\/hubsch-interior.com\/de\/wp-json\/wp\/v2\/media\/1101764"}],"wp:attachment":[{"href":"https:\/\/hubsch-interior.com\/de\/wp-json\/wp\/v2\/media?parent=39399"}],"wp:term":[{"taxonomy":"product_brand","embeddable":true,"href":"https:\/\/hubsch-interior.com\/de\/wp-json\/wp\/v2\/product_brand?post=39399"},{"taxonomy":"product_cat","embeddable":true,"href":"https:\/\/hubsch-interior.com\/de\/wp-json\/wp\/v2\/product_cat?post=39399"},{"taxonomy":"product_tag","embeddable":true,"href":"https:\/\/hubsch-interior.com\/de\/wp-json\/wp\/v2\/product_tag?post=39399"}],"curies":[{"name":"wp","href":"https:\/\/api.w.org\/{rel}","templated":true}]}}