{"id":394745,"date":"2021-06-04T10:08:16","date_gmt":"2021-06-04T08:08:16","guid":{"rendered":"https:\/\/hubsch-interior.com\/shop-b2c\/product\/product-6\/"},"modified":"2026-04-14T04:47:48","modified_gmt":"2026-04-14T02:47:48","slug":"less-wandablage-naturfarben","status":"publish","type":"product","link":"https:\/\/hubsch-interior.com\/de\/produkt\/less-wandablage-naturfarben\/","title":{"rendered":"Less Wandablage Naturfarben"},"content":{"rendered":"<p>Die Less Wandablage Naturfarben ist ein modisches Regal aus Eichenfurnier, das nach FSC-Standard zertifiziert ist. Es ist die perfekte Erg\u00e4nzung f\u00fcr jeden Raum und sorgt f\u00fcr ein nat\u00fcrliches Ambiente. Mit seinem zeitlosen Design passt es in jede Einrichtung und verleiht dem Raum einen Hauch von Eleganz. Seine Kompaktheit l\u00e4sst es \u00fcberall dort Platz finden, wo man zus\u00e4tzlichen Stauraum ben\u00f6tigt. Ein echter Hingucker und ein Muss f\u00fcr jeden, der Naturliebhaber ist.<\/p>\n","protected":false},"excerpt":{"rendered":"<p>Die Less Wandablage Naturfarben ist ein modisches Regal aus Eichenfurnier, das nach FSC-Standard zertifiziert ist. Es ist die perfekte Erg\u00e4nzung f\u00fcr jeden Raum und sorgt f\u00fcr ein nat\u00fcrliches Ambiente. Mit seinem zeitlosen Design passt es in jede Einrichtung und verleiht dem Raum einen Hauch von Eleganz. Seine Kompaktheit l\u00e4sst es \u00fcberall dort Platz finden, wo [&hellip;]<\/p>\n","protected":false},"featured_media":1101782,"template":"","meta":{"_acf_changed":false,"inline_featured_image":false},"product_brand":[],"product_cat":[6323,2861,4803,4003,4024,5027],"product_tag":[],"class_list":{"0":"post-394745","1":"product","2":"type-product","3":"status-publish","4":"has-post-thumbnail","6":"product_cat-fsc-de","7":"product_cat-tische-de","8":"product_cat-nachttische-de","9":"product_cat-regale-aufbewahrung-de","10":"product_cat-ablagen-de","11":"product_cat-bestsellers-de","12":"product_shipping_class-pk","14":"pa_color-naturfarben-2","15":"pa_material-mdf-de","16":"pa_material-eichenfurnier","18":"first","19":"instock","20":"featured","21":"taxable","22":"shipping-taxable","23":"purchasable","24":"product-type-simple"},"exclude_global_add_ons":[],"addons":[],"acf":[],"yoast_head":"<!-- This site is optimized with the Yoast SEO plugin v26.4 - https:\/\/yoast.com\/wordpress\/plugins\/seo\/ -->\n<title>Less Wandablage Naturfarben - H\u00fcbsch<\/title>\n<meta name=\"description\" content=\"Die Less Wandablage Naturfarben ist ein modisches Regal aus Eichenfurnier, das nach FSC-Standard zertifiziert ist. Es ist die perfekte Erg\u00e4nzung f\u00fcr jeden\" \/>\n<meta name=\"robots\" content=\"index, follow, max-snippet:-1, max-image-preview:large, max-video-preview:-1\" \/>\n<link rel=\"canonical\" href=\"https:\/\/hubsch-interior.com\/de\/wp-json\/wp\/v2\/product\/394745\" \/>\n<meta property=\"og:locale\" content=\"de_DE\" \/>\n<meta property=\"og:type\" content=\"article\" \/>\n<meta property=\"og:title\" content=\"Less Wandablage Naturfarben - H\u00fcbsch\" \/>\n<meta property=\"og:description\" content=\"Die Less Wandablage Naturfarben ist ein modisches Regal aus Eichenfurnier, das nach FSC-Standard zertifiziert ist. Es ist die perfekte Erg\u00e4nzung f\u00fcr jeden\" \/>\n<meta property=\"og:url\" content=\"https:\/\/hubsch-interior.com\/de\/produkt\/less-wandablage-naturfarben\/\" \/>\n<meta property=\"og:site_name\" content=\"H\u00fcbsch\" \/>\n<meta property=\"article:modified_time\" content=\"2026-04-14T02:47:48+00:00\" \/>\n<meta property=\"og:image\" content=\"https:\/\/hubsch-interior.com\/wp-content\/uploads\/2023\/08\/less-wall-shelf-natural-f83bb4794e977499716842a4d07c34fc.jpg\" \/>\n\t<meta property=\"og:image:width\" content=\"1200\" \/>\n\t<meta property=\"og:image:height\" content=\"1200\" \/>\n\t<meta property=\"og:image:type\" content=\"image\/jpeg\" \/>\n<meta name=\"twitter:card\" content=\"summary_large_image\" \/>\n<script type=\"application\/ld+json\" class=\"yoast-schema-graph\">{\"@context\":\"https:\/\/schema.org\",\"@graph\":[{\"@type\":\"WebPage\",\"@id\":\"https:\/\/hubsch-interior.com\/de\/produkt\/less-wandablage-naturfarben\/\",\"url\":\"https:\/\/hubsch-interior.com\/de\/produkt\/less-wandablage-naturfarben\/\",\"name\":\"Less Wandablage Naturfarben - H\u00fcbsch\",\"isPartOf\":{\"@id\":\"https:\/\/hubsch-interior.com\/de\/#website\"},\"primaryImageOfPage\":{\"@id\":\"https:\/\/hubsch-interior.com\/de\/produkt\/less-wandablage-naturfarben\/#primaryimage\"},\"image\":{\"@id\":\"https:\/\/hubsch-interior.com\/de\/produkt\/less-wandablage-naturfarben\/#primaryimage\"},\"thumbnailUrl\":\"https:\/\/hubsch-interior.com\/wp-content\/uploads\/2026\/02\/less-wall-shelf-natural-ba3874088578b2129c80ec69417ea8c2.jpg\",\"datePublished\":\"2021-06-04T08:08:16+00:00\",\"dateModified\":\"2026-04-14T02:47:48+00:00\",\"description\":\"Die Less Wandablage Naturfarben ist ein modisches Regal aus Eichenfurnier, das nach FSC-Standard zertifiziert ist. Es ist die perfekte Erg\u00e4nzung f\u00fcr jeden\",\"breadcrumb\":{\"@id\":\"https:\/\/hubsch-interior.com\/de\/produkt\/less-wandablage-naturfarben\/#breadcrumb\"},\"inLanguage\":\"de\",\"potentialAction\":[{\"@type\":\"ReadAction\",\"target\":[\"https:\/\/hubsch-interior.com\/de\/produkt\/less-wandablage-naturfarben\/\"]}]},{\"@type\":\"ImageObject\",\"inLanguage\":\"de\",\"@id\":\"https:\/\/hubsch-interior.com\/de\/produkt\/less-wandablage-naturfarben\/#primaryimage\",\"url\":\"https:\/\/hubsch-interior.com\/wp-content\/uploads\/2026\/02\/less-wall-shelf-natural-ba3874088578b2129c80ec69417ea8c2.jpg\",\"contentUrl\":\"https:\/\/hubsch-interior.com\/wp-content\/uploads\/2026\/02\/less-wall-shelf-natural-ba3874088578b2129c80ec69417ea8c2.jpg\",\"width\":1024,\"height\":1024},{\"@type\":\"BreadcrumbList\",\"@id\":\"https:\/\/hubsch-interior.com\/de\/produkt\/less-wandablage-naturfarben\/#breadcrumb\",\"itemListElement\":[{\"@type\":\"ListItem\",\"position\":1,\"name\":\"Startseite\",\"item\":\"https:\/\/hubsch-interior.com\/de\/\"},{\"@type\":\"ListItem\",\"position\":2,\"name\":\"Produkte\",\"item\":\"https:\/\/hubsch-interior.com\/de\/shop-2\/\"},{\"@type\":\"ListItem\",\"position\":3,\"name\":\"M\u00f6bel\",\"item\":\"https:\/\/hubsch-interior.com\/de\/produkt-kategorie\/moebel\/\"},{\"@type\":\"ListItem\",\"position\":4,\"name\":\"Tische\",\"item\":\"https:\/\/hubsch-interior.com\/de\/produkt-kategorie\/moebel\/tische-de\/\"},{\"@type\":\"ListItem\",\"position\":5,\"name\":\"Nachttische\",\"item\":\"https:\/\/hubsch-interior.com\/de\/produkt-kategorie\/moebel\/tische-de\/nachttische-de\/\"},{\"@type\":\"ListItem\",\"position\":6,\"name\":\"Less Wandablage Naturfarben\"}]},{\"@type\":\"WebSite\",\"@id\":\"https:\/\/hubsch-interior.com\/de\/#website\",\"url\":\"https:\/\/hubsch-interior.com\/de\/\",\"name\":\"H\u00fcbsch\",\"description\":\"Danish Home Interior and Design\",\"publisher\":{\"@id\":\"https:\/\/hubsch-interior.com\/de\/#organization\"},\"potentialAction\":[{\"@type\":\"SearchAction\",\"target\":{\"@type\":\"EntryPoint\",\"urlTemplate\":\"https:\/\/hubsch-interior.com\/de\/?s={search_term_string}\"},\"query-input\":{\"@type\":\"PropertyValueSpecification\",\"valueRequired\":true,\"valueName\":\"search_term_string\"}}],\"inLanguage\":\"de\"},{\"@type\":\"Organization\",\"@id\":\"https:\/\/hubsch-interior.com\/de\/#organization\",\"name\":\"H\u00fcbsch\",\"url\":\"https:\/\/hubsch-interior.com\/de\/\",\"logo\":{\"@type\":\"ImageObject\",\"inLanguage\":\"de\",\"@id\":\"https:\/\/hubsch-interior.com\/de\/#\/schema\/logo\/image\/\",\"url\":\"https:\/\/hubsch-interior.com\/wp-content\/uploads\/2022\/12\/Hubsch_logo_black_one_line.svg\",\"contentUrl\":\"https:\/\/hubsch-interior.com\/wp-content\/uploads\/2022\/12\/Hubsch_logo_black_one_line.svg\",\"caption\":\"H\u00fcbsch\"},\"image\":{\"@id\":\"https:\/\/hubsch-interior.com\/de\/#\/schema\/logo\/image\/\"}}]}<\/script>\n<!-- \/ Yoast SEO plugin. -->","yoast_head_json":{"title":"Less Wandablage Naturfarben - H\u00fcbsch","description":"Die Less Wandablage Naturfarben ist ein modisches Regal aus Eichenfurnier, das nach FSC-Standard zertifiziert ist. Es ist die perfekte Erg\u00e4nzung f\u00fcr jeden","robots":{"index":"index","follow":"follow","max-snippet":"max-snippet:-1","max-image-preview":"max-image-preview:large","max-video-preview":"max-video-preview:-1"},"canonical":"https:\/\/hubsch-interior.com\/de\/wp-json\/wp\/v2\/product\/394745","og_locale":"de_DE","og_type":"article","og_title":"Less Wandablage Naturfarben - H\u00fcbsch","og_description":"Die Less Wandablage Naturfarben ist ein modisches Regal aus Eichenfurnier, das nach FSC-Standard zertifiziert ist. Es ist die perfekte Erg\u00e4nzung f\u00fcr jeden","og_url":"https:\/\/hubsch-interior.com\/de\/produkt\/less-wandablage-naturfarben\/","og_site_name":"H\u00fcbsch","article_modified_time":"2026-04-14T02:47:48+00:00","og_image":[{"width":1200,"height":1200,"url":"https:\/\/hubsch-interior.com\/wp-content\/uploads\/2023\/08\/less-wall-shelf-natural-f83bb4794e977499716842a4d07c34fc.jpg","type":"image\/jpeg"}],"twitter_card":"summary_large_image","schema":{"@context":"https:\/\/schema.org","@graph":[{"@type":"WebPage","@id":"https:\/\/hubsch-interior.com\/de\/produkt\/less-wandablage-naturfarben\/","url":"https:\/\/hubsch-interior.com\/de\/produkt\/less-wandablage-naturfarben\/","name":"Less Wandablage Naturfarben - H\u00fcbsch","isPartOf":{"@id":"https:\/\/hubsch-interior.com\/de\/#website"},"primaryImageOfPage":{"@id":"https:\/\/hubsch-interior.com\/de\/produkt\/less-wandablage-naturfarben\/#primaryimage"},"image":{"@id":"https:\/\/hubsch-interior.com\/de\/produkt\/less-wandablage-naturfarben\/#primaryimage"},"thumbnailUrl":"https:\/\/hubsch-interior.com\/wp-content\/uploads\/2026\/02\/less-wall-shelf-natural-ba3874088578b2129c80ec69417ea8c2.jpg","datePublished":"2021-06-04T08:08:16+00:00","dateModified":"2026-04-14T02:47:48+00:00","description":"Die Less Wandablage Naturfarben ist ein modisches Regal aus Eichenfurnier, das nach FSC-Standard zertifiziert ist. Es ist die perfekte Erg\u00e4nzung f\u00fcr jeden","breadcrumb":{"@id":"https:\/\/hubsch-interior.com\/de\/produkt\/less-wandablage-naturfarben\/#breadcrumb"},"inLanguage":"de","potentialAction":[{"@type":"ReadAction","target":["https:\/\/hubsch-interior.com\/de\/produkt\/less-wandablage-naturfarben\/"]}]},{"@type":"ImageObject","inLanguage":"de","@id":"https:\/\/hubsch-interior.com\/de\/produkt\/less-wandablage-naturfarben\/#primaryimage","url":"https:\/\/hubsch-interior.com\/wp-content\/uploads\/2026\/02\/less-wall-shelf-natural-ba3874088578b2129c80ec69417ea8c2.jpg","contentUrl":"https:\/\/hubsch-interior.com\/wp-content\/uploads\/2026\/02\/less-wall-shelf-natural-ba3874088578b2129c80ec69417ea8c2.jpg","width":1024,"height":1024},{"@type":"BreadcrumbList","@id":"https:\/\/hubsch-interior.com\/de\/produkt\/less-wandablage-naturfarben\/#breadcrumb","itemListElement":[{"@type":"ListItem","position":1,"name":"Startseite","item":"https:\/\/hubsch-interior.com\/de\/"},{"@type":"ListItem","position":2,"name":"Produkte","item":"https:\/\/hubsch-interior.com\/de\/shop-2\/"},{"@type":"ListItem","position":3,"name":"M\u00f6bel","item":"https:\/\/hubsch-interior.com\/de\/produkt-kategorie\/moebel\/"},{"@type":"ListItem","position":4,"name":"Tische","item":"https:\/\/hubsch-interior.com\/de\/produkt-kategorie\/moebel\/tische-de\/"},{"@type":"ListItem","position":5,"name":"Nachttische","item":"https:\/\/hubsch-interior.com\/de\/produkt-kategorie\/moebel\/tische-de\/nachttische-de\/"},{"@type":"ListItem","position":6,"name":"Less Wandablage Naturfarben"}]},{"@type":"WebSite","@id":"https:\/\/hubsch-interior.com\/de\/#website","url":"https:\/\/hubsch-interior.com\/de\/","name":"H\u00fcbsch","description":"Danish Home Interior and Design","publisher":{"@id":"https:\/\/hubsch-interior.com\/de\/#organization"},"potentialAction":[{"@type":"SearchAction","target":{"@type":"EntryPoint","urlTemplate":"https:\/\/hubsch-interior.com\/de\/?s={search_term_string}"},"query-input":{"@type":"PropertyValueSpecification","valueRequired":true,"valueName":"search_term_string"}}],"inLanguage":"de"},{"@type":"Organization","@id":"https:\/\/hubsch-interior.com\/de\/#organization","name":"H\u00fcbsch","url":"https:\/\/hubsch-interior.com\/de\/","logo":{"@type":"ImageObject","inLanguage":"de","@id":"https:\/\/hubsch-interior.com\/de\/#\/schema\/logo\/image\/","url":"https:\/\/hubsch-interior.com\/wp-content\/uploads\/2022\/12\/Hubsch_logo_black_one_line.svg","contentUrl":"https:\/\/hubsch-interior.com\/wp-content\/uploads\/2022\/12\/Hubsch_logo_black_one_line.svg","caption":"H\u00fcbsch"},"image":{"@id":"https:\/\/hubsch-interior.com\/de\/#\/schema\/logo\/image\/"}}]}},"_links":{"self":[{"href":"https:\/\/hubsch-interior.com\/de\/wp-json\/wp\/v2\/product\/394745","targetHints":{"allow":["GET"]}}],"collection":[{"href":"https:\/\/hubsch-interior.com\/de\/wp-json\/wp\/v2\/product"}],"about":[{"href":"https:\/\/hubsch-interior.com\/de\/wp-json\/wp\/v2\/types\/product"}],"wp:featuredmedia":[{"embeddable":true,"href":"https:\/\/hubsch-interior.com\/de\/wp-json\/wp\/v2\/media\/1101782"}],"wp:attachment":[{"href":"https:\/\/hubsch-interior.com\/de\/wp-json\/wp\/v2\/media?parent=394745"}],"wp:term":[{"taxonomy":"product_brand","embeddable":true,"href":"https:\/\/hubsch-interior.com\/de\/wp-json\/wp\/v2\/product_brand?post=394745"},{"taxonomy":"product_cat","embeddable":true,"href":"https:\/\/hubsch-interior.com\/de\/wp-json\/wp\/v2\/product_cat?post=394745"},{"taxonomy":"product_tag","embeddable":true,"href":"https:\/\/hubsch-interior.com\/de\/wp-json\/wp\/v2\/product_tag?post=394745"}],"curies":[{"name":"wp","href":"https:\/\/api.w.org\/{rel}","templated":true}]}}