{"id":394945,"date":"2021-06-04T10:08:59","date_gmt":"2021-06-04T08:08:59","guid":{"rendered":"https:\/\/hubsch-interior.com\/shop-b2c\/product\/product-6\/"},"modified":"2026-04-09T04:48:16","modified_gmt":"2026-04-09T02:48:16","slug":"combine-tafel-naturfarben","status":"publish","type":"product","link":"https:\/\/hubsch-interior.com\/de\/produkt\/combine-tafel-naturfarben\/","title":{"rendered":"Combine Tafel Naturfarben"},"content":{"rendered":"<p>Die Pinnwand ist modern und praktisch. Platzieren Sie die Pinnwand in Ihrem B\u00fcro, in der K\u00fcche oder in anderen R\u00e4umen Ihres Zuhauses. Geeignet f\u00fcr die Pr\u00e4sentation von Fotos, Erinnerungen, Notizen und vielem mehr. Der integrierte Spiegel verleiht der Pinnwand eine elegante Note.<\/p>\n","protected":false},"excerpt":{"rendered":"<p>Die Pinnwand ist modern und praktisch. Platzieren Sie die Pinnwand in Ihrem B\u00fcro, in der K\u00fcche oder in anderen R\u00e4umen Ihres Zuhauses. Geeignet f\u00fcr die Pr\u00e4sentation von Fotos, Erinnerungen, Notizen und vielem mehr. Der integrierte Spiegel verleiht der Pinnwand eine elegante Note.<\/p>\n","protected":false},"featured_media":1101972,"template":"","meta":{"_acf_changed":false,"inline_featured_image":false},"product_brand":[],"product_cat":[6893,6323,4155,4955,2925,2926],"product_tag":[],"class_list":{"0":"post-394945","1":"product","2":"type-product","3":"status-publish","4":"has-post-thumbnail","6":"product_cat-multifunktionale-moebel-de","7":"product_cat-fsc-de","8":"product_cat-buero-de","9":"product_cat-tafeln-de","10":"product_cat-spiegel-de","11":"product_cat-wandspiegel-de","12":"product_shipping_class-pk","14":"pa_color-naturfarben-2","15":"pa_material-kanevas-de","16":"pa_material-mdf-de","17":"pa_material-spiegelglas","18":"pa_material-eichenfurnier","20":"first","21":"instock","22":"taxable","23":"shipping-taxable","24":"purchasable","25":"product-type-simple"},"exclude_global_add_ons":[],"addons":[],"acf":[],"yoast_head":"<!-- This site is optimized with the Yoast SEO plugin v26.4 - https:\/\/yoast.com\/wordpress\/plugins\/seo\/ -->\n<title>Combine Tafel Naturfarben - H\u00fcbsch<\/title>\n<meta name=\"description\" content=\"Die Pinnwand ist modern und praktisch. Platzieren Sie die Pinnwand in Ihrem B\u00fcro, in der K\u00fcche oder in anderen R\u00e4umen Ihres Zuhauses. Geeignet f\u00fcr die\" \/>\n<meta name=\"robots\" content=\"index, follow, max-snippet:-1, max-image-preview:large, max-video-preview:-1\" \/>\n<link rel=\"canonical\" href=\"https:\/\/hubsch-interior.com\/de\/wp-json\/wp\/v2\/product\/394945\" \/>\n<meta property=\"og:locale\" content=\"de_DE\" \/>\n<meta property=\"og:type\" content=\"article\" \/>\n<meta property=\"og:title\" content=\"Combine Tafel Naturfarben - H\u00fcbsch\" \/>\n<meta property=\"og:description\" content=\"Die Pinnwand ist modern und praktisch. Platzieren Sie die Pinnwand in Ihrem B\u00fcro, in der K\u00fcche oder in anderen R\u00e4umen Ihres Zuhauses. Geeignet f\u00fcr die\" \/>\n<meta property=\"og:url\" content=\"https:\/\/hubsch-interior.com\/de\/produkt\/combine-tafel-naturfarben\/\" \/>\n<meta property=\"og:site_name\" content=\"H\u00fcbsch\" \/>\n<meta property=\"article:modified_time\" content=\"2026-04-09T02:48:16+00:00\" \/>\n<meta property=\"og:image\" content=\"https:\/\/hubsch-interior.com\/wp-content\/uploads\/2023\/08\/combine-board-natural-a6aea2eaf23759b1556f078b68a5c5a2.jpg\" \/>\n\t<meta property=\"og:image:width\" content=\"1200\" \/>\n\t<meta property=\"og:image:height\" content=\"1200\" \/>\n\t<meta property=\"og:image:type\" content=\"image\/jpeg\" \/>\n<meta name=\"twitter:card\" content=\"summary_large_image\" \/>\n<script type=\"application\/ld+json\" class=\"yoast-schema-graph\">{\"@context\":\"https:\/\/schema.org\",\"@graph\":[{\"@type\":\"WebPage\",\"@id\":\"https:\/\/hubsch-interior.com\/de\/produkt\/combine-tafel-naturfarben\/\",\"url\":\"https:\/\/hubsch-interior.com\/de\/produkt\/combine-tafel-naturfarben\/\",\"name\":\"Combine Tafel Naturfarben - H\u00fcbsch\",\"isPartOf\":{\"@id\":\"https:\/\/hubsch-interior.com\/de\/#website\"},\"primaryImageOfPage\":{\"@id\":\"https:\/\/hubsch-interior.com\/de\/produkt\/combine-tafel-naturfarben\/#primaryimage\"},\"image\":{\"@id\":\"https:\/\/hubsch-interior.com\/de\/produkt\/combine-tafel-naturfarben\/#primaryimage\"},\"thumbnailUrl\":\"https:\/\/hubsch-interior.com\/wp-content\/uploads\/2026\/02\/combine-board-natural-b414bed818c68b5f20b95f5bd7565145.jpg\",\"datePublished\":\"2021-06-04T08:08:59+00:00\",\"dateModified\":\"2026-04-09T02:48:16+00:00\",\"description\":\"Die Pinnwand ist modern und praktisch. Platzieren Sie die Pinnwand in Ihrem B\u00fcro, in der K\u00fcche oder in anderen R\u00e4umen Ihres Zuhauses. Geeignet f\u00fcr die\",\"breadcrumb\":{\"@id\":\"https:\/\/hubsch-interior.com\/de\/produkt\/combine-tafel-naturfarben\/#breadcrumb\"},\"inLanguage\":\"de\",\"potentialAction\":[{\"@type\":\"ReadAction\",\"target\":[\"https:\/\/hubsch-interior.com\/de\/produkt\/combine-tafel-naturfarben\/\"]}]},{\"@type\":\"ImageObject\",\"inLanguage\":\"de\",\"@id\":\"https:\/\/hubsch-interior.com\/de\/produkt\/combine-tafel-naturfarben\/#primaryimage\",\"url\":\"https:\/\/hubsch-interior.com\/wp-content\/uploads\/2026\/02\/combine-board-natural-b414bed818c68b5f20b95f5bd7565145.jpg\",\"contentUrl\":\"https:\/\/hubsch-interior.com\/wp-content\/uploads\/2026\/02\/combine-board-natural-b414bed818c68b5f20b95f5bd7565145.jpg\",\"width\":1024,\"height\":1024},{\"@type\":\"BreadcrumbList\",\"@id\":\"https:\/\/hubsch-interior.com\/de\/produkt\/combine-tafel-naturfarben\/#breadcrumb\",\"itemListElement\":[{\"@type\":\"ListItem\",\"position\":1,\"name\":\"Startseite\",\"item\":\"https:\/\/hubsch-interior.com\/de\/\"},{\"@type\":\"ListItem\",\"position\":2,\"name\":\"Produkte\",\"item\":\"https:\/\/hubsch-interior.com\/de\/shop-2\/\"},{\"@type\":\"ListItem\",\"position\":3,\"name\":\"Wohnaccessoires\",\"item\":\"https:\/\/hubsch-interior.com\/de\/produkt-kategorie\/wohnaccessoires\/\"},{\"@type\":\"ListItem\",\"position\":4,\"name\":\"B&uuml;ro\",\"item\":\"https:\/\/hubsch-interior.com\/de\/produkt-kategorie\/wohnaccessoires\/buero-de\/\"},{\"@type\":\"ListItem\",\"position\":5,\"name\":\"Tafeln\",\"item\":\"https:\/\/hubsch-interior.com\/de\/produkt-kategorie\/wohnaccessoires\/buero-de\/tafeln-de\/\"},{\"@type\":\"ListItem\",\"position\":6,\"name\":\"Combine Tafel Naturfarben\"}]},{\"@type\":\"WebSite\",\"@id\":\"https:\/\/hubsch-interior.com\/de\/#website\",\"url\":\"https:\/\/hubsch-interior.com\/de\/\",\"name\":\"H\u00fcbsch\",\"description\":\"Danish Home Interior and Design\",\"publisher\":{\"@id\":\"https:\/\/hubsch-interior.com\/de\/#organization\"},\"potentialAction\":[{\"@type\":\"SearchAction\",\"target\":{\"@type\":\"EntryPoint\",\"urlTemplate\":\"https:\/\/hubsch-interior.com\/de\/?s={search_term_string}\"},\"query-input\":{\"@type\":\"PropertyValueSpecification\",\"valueRequired\":true,\"valueName\":\"search_term_string\"}}],\"inLanguage\":\"de\"},{\"@type\":\"Organization\",\"@id\":\"https:\/\/hubsch-interior.com\/de\/#organization\",\"name\":\"H\u00fcbsch\",\"url\":\"https:\/\/hubsch-interior.com\/de\/\",\"logo\":{\"@type\":\"ImageObject\",\"inLanguage\":\"de\",\"@id\":\"https:\/\/hubsch-interior.com\/de\/#\/schema\/logo\/image\/\",\"url\":\"https:\/\/hubsch-interior.com\/wp-content\/uploads\/2022\/12\/Hubsch_logo_black_one_line.svg\",\"contentUrl\":\"https:\/\/hubsch-interior.com\/wp-content\/uploads\/2022\/12\/Hubsch_logo_black_one_line.svg\",\"caption\":\"H\u00fcbsch\"},\"image\":{\"@id\":\"https:\/\/hubsch-interior.com\/de\/#\/schema\/logo\/image\/\"}}]}<\/script>\n<!-- \/ Yoast SEO plugin. -->","yoast_head_json":{"title":"Combine Tafel Naturfarben - H\u00fcbsch","description":"Die Pinnwand ist modern und praktisch. Platzieren Sie die Pinnwand in Ihrem B\u00fcro, in der K\u00fcche oder in anderen R\u00e4umen Ihres Zuhauses. Geeignet f\u00fcr die","robots":{"index":"index","follow":"follow","max-snippet":"max-snippet:-1","max-image-preview":"max-image-preview:large","max-video-preview":"max-video-preview:-1"},"canonical":"https:\/\/hubsch-interior.com\/de\/wp-json\/wp\/v2\/product\/394945","og_locale":"de_DE","og_type":"article","og_title":"Combine Tafel Naturfarben - H\u00fcbsch","og_description":"Die Pinnwand ist modern und praktisch. Platzieren Sie die Pinnwand in Ihrem B\u00fcro, in der K\u00fcche oder in anderen R\u00e4umen Ihres Zuhauses. Geeignet f\u00fcr die","og_url":"https:\/\/hubsch-interior.com\/de\/produkt\/combine-tafel-naturfarben\/","og_site_name":"H\u00fcbsch","article_modified_time":"2026-04-09T02:48:16+00:00","og_image":[{"width":1200,"height":1200,"url":"https:\/\/hubsch-interior.com\/wp-content\/uploads\/2023\/08\/combine-board-natural-a6aea2eaf23759b1556f078b68a5c5a2.jpg","type":"image\/jpeg"}],"twitter_card":"summary_large_image","schema":{"@context":"https:\/\/schema.org","@graph":[{"@type":"WebPage","@id":"https:\/\/hubsch-interior.com\/de\/produkt\/combine-tafel-naturfarben\/","url":"https:\/\/hubsch-interior.com\/de\/produkt\/combine-tafel-naturfarben\/","name":"Combine Tafel Naturfarben - H\u00fcbsch","isPartOf":{"@id":"https:\/\/hubsch-interior.com\/de\/#website"},"primaryImageOfPage":{"@id":"https:\/\/hubsch-interior.com\/de\/produkt\/combine-tafel-naturfarben\/#primaryimage"},"image":{"@id":"https:\/\/hubsch-interior.com\/de\/produkt\/combine-tafel-naturfarben\/#primaryimage"},"thumbnailUrl":"https:\/\/hubsch-interior.com\/wp-content\/uploads\/2026\/02\/combine-board-natural-b414bed818c68b5f20b95f5bd7565145.jpg","datePublished":"2021-06-04T08:08:59+00:00","dateModified":"2026-04-09T02:48:16+00:00","description":"Die Pinnwand ist modern und praktisch. Platzieren Sie die Pinnwand in Ihrem B\u00fcro, in der K\u00fcche oder in anderen R\u00e4umen Ihres Zuhauses. Geeignet f\u00fcr die","breadcrumb":{"@id":"https:\/\/hubsch-interior.com\/de\/produkt\/combine-tafel-naturfarben\/#breadcrumb"},"inLanguage":"de","potentialAction":[{"@type":"ReadAction","target":["https:\/\/hubsch-interior.com\/de\/produkt\/combine-tafel-naturfarben\/"]}]},{"@type":"ImageObject","inLanguage":"de","@id":"https:\/\/hubsch-interior.com\/de\/produkt\/combine-tafel-naturfarben\/#primaryimage","url":"https:\/\/hubsch-interior.com\/wp-content\/uploads\/2026\/02\/combine-board-natural-b414bed818c68b5f20b95f5bd7565145.jpg","contentUrl":"https:\/\/hubsch-interior.com\/wp-content\/uploads\/2026\/02\/combine-board-natural-b414bed818c68b5f20b95f5bd7565145.jpg","width":1024,"height":1024},{"@type":"BreadcrumbList","@id":"https:\/\/hubsch-interior.com\/de\/produkt\/combine-tafel-naturfarben\/#breadcrumb","itemListElement":[{"@type":"ListItem","position":1,"name":"Startseite","item":"https:\/\/hubsch-interior.com\/de\/"},{"@type":"ListItem","position":2,"name":"Produkte","item":"https:\/\/hubsch-interior.com\/de\/shop-2\/"},{"@type":"ListItem","position":3,"name":"Wohnaccessoires","item":"https:\/\/hubsch-interior.com\/de\/produkt-kategorie\/wohnaccessoires\/"},{"@type":"ListItem","position":4,"name":"B&uuml;ro","item":"https:\/\/hubsch-interior.com\/de\/produkt-kategorie\/wohnaccessoires\/buero-de\/"},{"@type":"ListItem","position":5,"name":"Tafeln","item":"https:\/\/hubsch-interior.com\/de\/produkt-kategorie\/wohnaccessoires\/buero-de\/tafeln-de\/"},{"@type":"ListItem","position":6,"name":"Combine Tafel Naturfarben"}]},{"@type":"WebSite","@id":"https:\/\/hubsch-interior.com\/de\/#website","url":"https:\/\/hubsch-interior.com\/de\/","name":"H\u00fcbsch","description":"Danish Home Interior and Design","publisher":{"@id":"https:\/\/hubsch-interior.com\/de\/#organization"},"potentialAction":[{"@type":"SearchAction","target":{"@type":"EntryPoint","urlTemplate":"https:\/\/hubsch-interior.com\/de\/?s={search_term_string}"},"query-input":{"@type":"PropertyValueSpecification","valueRequired":true,"valueName":"search_term_string"}}],"inLanguage":"de"},{"@type":"Organization","@id":"https:\/\/hubsch-interior.com\/de\/#organization","name":"H\u00fcbsch","url":"https:\/\/hubsch-interior.com\/de\/","logo":{"@type":"ImageObject","inLanguage":"de","@id":"https:\/\/hubsch-interior.com\/de\/#\/schema\/logo\/image\/","url":"https:\/\/hubsch-interior.com\/wp-content\/uploads\/2022\/12\/Hubsch_logo_black_one_line.svg","contentUrl":"https:\/\/hubsch-interior.com\/wp-content\/uploads\/2022\/12\/Hubsch_logo_black_one_line.svg","caption":"H\u00fcbsch"},"image":{"@id":"https:\/\/hubsch-interior.com\/de\/#\/schema\/logo\/image\/"}}]}},"_links":{"self":[{"href":"https:\/\/hubsch-interior.com\/de\/wp-json\/wp\/v2\/product\/394945","targetHints":{"allow":["GET"]}}],"collection":[{"href":"https:\/\/hubsch-interior.com\/de\/wp-json\/wp\/v2\/product"}],"about":[{"href":"https:\/\/hubsch-interior.com\/de\/wp-json\/wp\/v2\/types\/product"}],"wp:featuredmedia":[{"embeddable":true,"href":"https:\/\/hubsch-interior.com\/de\/wp-json\/wp\/v2\/media\/1101972"}],"wp:attachment":[{"href":"https:\/\/hubsch-interior.com\/de\/wp-json\/wp\/v2\/media?parent=394945"}],"wp:term":[{"taxonomy":"product_brand","embeddable":true,"href":"https:\/\/hubsch-interior.com\/de\/wp-json\/wp\/v2\/product_brand?post=394945"},{"taxonomy":"product_cat","embeddable":true,"href":"https:\/\/hubsch-interior.com\/de\/wp-json\/wp\/v2\/product_cat?post=394945"},{"taxonomy":"product_tag","embeddable":true,"href":"https:\/\/hubsch-interior.com\/de\/wp-json\/wp\/v2\/product_tag?post=394945"}],"curies":[{"name":"wp","href":"https:\/\/api.w.org\/{rel}","templated":true}]}}