{"id":395549,"date":"2021-06-04T10:10:52","date_gmt":"2021-06-04T08:10:52","guid":{"rendered":"https:\/\/hubsch-interior.com\/shop-b2c\/product\/product-6\/"},"modified":"2026-04-09T04:49:22","modified_gmt":"2026-04-09T02:49:22","slug":"nomad-garderobe-5-haken-small-naturfarben","status":"publish","type":"product","link":"https:\/\/hubsch-interior.com\/de\/produkt\/nomad-garderobe-5-haken-small-naturfarben\/","title":{"rendered":"Nomad Garderobe 5 Haken Small Naturfarben"},"content":{"rendered":"<p>Die Nomad Garderobe 5 Haken Small Naturfarben ist eine moderne, nachhaltige und elegante L\u00f6sung, um ein Zimmer zu organisieren. Hergestellt aus FSC-zertifiziertem Eichenholz, ist diese Garderobe einzigartig und ein echtes Statement-St\u00fcck. Jeder Haken ist handgefertigt, um eine perfekte Balance aus Sch\u00f6nheit und Robustheit zu erzielen. Dieses Produkt ist eine tolle Erg\u00e4nzung f\u00fcr jeden Raum, egal ob modern oder klassisch. Mit der Nomad Garderobe 5 Haken Small Naturfarben haben Sie ein hochwertiges Produkt, das Ihren Zweck erf\u00fcllt und gleichzeitig einzigartig ist.<\/p>\n","protected":false},"excerpt":{"rendered":"<p>Die Nomad Garderobe 5 Haken Small Naturfarben ist eine moderne, nachhaltige und elegante L\u00f6sung, um ein Zimmer zu organisieren. Hergestellt aus FSC-zertifiziertem Eichenholz, ist diese Garderobe einzigartig und ein echtes Statement-St\u00fcck. Jeder Haken ist handgefertigt, um eine perfekte Balance aus Sch\u00f6nheit und Robustheit zu erzielen. Dieses Produkt ist eine tolle Erg\u00e4nzung f\u00fcr jeden Raum, egal [&hellip;]<\/p>\n","protected":false},"featured_media":1102456,"template":"","meta":{"_acf_changed":false,"inline_featured_image":false},"product_brand":[],"product_cat":[7067,7073,6323,4043,4044,5027],"product_tag":[],"class_list":{"0":"post-395549","1":"product","2":"type-product","3":"status-publish","4":"has-post-thumbnail","6":"product_cat-kuchen-haken-de","7":"product_cat-haken-regale-de","8":"product_cat-fsc-de","9":"product_cat-haken-und-hakenleisten-de","10":"product_cat-hakenleisten-de","11":"product_cat-bestsellers-de","12":"product_shipping_class-pk","14":"pa_color-naturfarben-2","15":"pa_material-eichenfurnier","17":"first","18":"instock","19":"featured","20":"taxable","21":"shipping-taxable","22":"purchasable","23":"product-type-simple"},"exclude_global_add_ons":[],"addons":[],"acf":[],"yoast_head":"<!-- This site is optimized with the Yoast SEO plugin v26.4 - https:\/\/yoast.com\/wordpress\/plugins\/seo\/ -->\n<title>Nomad Garderobe 5 Haken Small Naturfarben - H\u00fcbsch<\/title>\n<meta name=\"description\" content=\"Die Nomad Garderobe 5 Haken Small Naturfarben ist eine moderne, nachhaltige und elegante L\u00f6sung, um ein Zimmer zu organisieren. Hergestellt aus\" \/>\n<meta name=\"robots\" content=\"index, follow, max-snippet:-1, max-image-preview:large, max-video-preview:-1\" \/>\n<link rel=\"canonical\" href=\"https:\/\/hubsch-interior.com\/de\/wp-json\/wp\/v2\/product\/395549\" \/>\n<meta property=\"og:locale\" content=\"de_DE\" \/>\n<meta property=\"og:type\" content=\"article\" \/>\n<meta property=\"og:title\" content=\"Nomad Garderobe 5 Haken Small Naturfarben - H\u00fcbsch\" \/>\n<meta property=\"og:description\" content=\"Die Nomad Garderobe 5 Haken Small Naturfarben ist eine moderne, nachhaltige und elegante L\u00f6sung, um ein Zimmer zu organisieren. Hergestellt aus\" \/>\n<meta property=\"og:url\" content=\"https:\/\/hubsch-interior.com\/de\/produkt\/nomad-garderobe-5-haken-small-naturfarben\/\" \/>\n<meta property=\"og:site_name\" content=\"H\u00fcbsch\" \/>\n<meta property=\"article:modified_time\" content=\"2026-04-09T02:49:22+00:00\" \/>\n<meta property=\"og:image\" content=\"https:\/\/hubsch-interior.com\/wp-content\/uploads\/2023\/08\/nomad-coatrack-5-hooks-small-natural-d09eef7643c0f886c416e1ceaa9b32fa.jpg\" \/>\n\t<meta property=\"og:image:width\" content=\"1200\" \/>\n\t<meta property=\"og:image:height\" content=\"1200\" \/>\n\t<meta property=\"og:image:type\" content=\"image\/jpeg\" \/>\n<meta name=\"twitter:card\" content=\"summary_large_image\" \/>\n<script type=\"application\/ld+json\" class=\"yoast-schema-graph\">{\"@context\":\"https:\/\/schema.org\",\"@graph\":[{\"@type\":\"WebPage\",\"@id\":\"https:\/\/hubsch-interior.com\/de\/produkt\/nomad-garderobe-5-haken-small-naturfarben\/\",\"url\":\"https:\/\/hubsch-interior.com\/de\/produkt\/nomad-garderobe-5-haken-small-naturfarben\/\",\"name\":\"Nomad Garderobe 5 Haken Small Naturfarben - H\u00fcbsch\",\"isPartOf\":{\"@id\":\"https:\/\/hubsch-interior.com\/de\/#website\"},\"primaryImageOfPage\":{\"@id\":\"https:\/\/hubsch-interior.com\/de\/produkt\/nomad-garderobe-5-haken-small-naturfarben\/#primaryimage\"},\"image\":{\"@id\":\"https:\/\/hubsch-interior.com\/de\/produkt\/nomad-garderobe-5-haken-small-naturfarben\/#primaryimage\"},\"thumbnailUrl\":\"https:\/\/hubsch-interior.com\/wp-content\/uploads\/2026\/02\/nomad-coatrack-5-hooks-small-natural-02f9c38ef140bb31e8f768474dfc3aa7.jpg\",\"datePublished\":\"2021-06-04T08:10:52+00:00\",\"dateModified\":\"2026-04-09T02:49:22+00:00\",\"description\":\"Die Nomad Garderobe 5 Haken Small Naturfarben ist eine moderne, nachhaltige und elegante L\u00f6sung, um ein Zimmer zu organisieren. Hergestellt aus\",\"breadcrumb\":{\"@id\":\"https:\/\/hubsch-interior.com\/de\/produkt\/nomad-garderobe-5-haken-small-naturfarben\/#breadcrumb\"},\"inLanguage\":\"de\",\"potentialAction\":[{\"@type\":\"ReadAction\",\"target\":[\"https:\/\/hubsch-interior.com\/de\/produkt\/nomad-garderobe-5-haken-small-naturfarben\/\"]}]},{\"@type\":\"ImageObject\",\"inLanguage\":\"de\",\"@id\":\"https:\/\/hubsch-interior.com\/de\/produkt\/nomad-garderobe-5-haken-small-naturfarben\/#primaryimage\",\"url\":\"https:\/\/hubsch-interior.com\/wp-content\/uploads\/2026\/02\/nomad-coatrack-5-hooks-small-natural-02f9c38ef140bb31e8f768474dfc3aa7.jpg\",\"contentUrl\":\"https:\/\/hubsch-interior.com\/wp-content\/uploads\/2026\/02\/nomad-coatrack-5-hooks-small-natural-02f9c38ef140bb31e8f768474dfc3aa7.jpg\",\"width\":1024,\"height\":1024},{\"@type\":\"BreadcrumbList\",\"@id\":\"https:\/\/hubsch-interior.com\/de\/produkt\/nomad-garderobe-5-haken-small-naturfarben\/#breadcrumb\",\"itemListElement\":[{\"@type\":\"ListItem\",\"position\":1,\"name\":\"Startseite\",\"item\":\"https:\/\/hubsch-interior.com\/de\/\"},{\"@type\":\"ListItem\",\"position\":2,\"name\":\"Produkte\",\"item\":\"https:\/\/hubsch-interior.com\/de\/shop-2\/\"},{\"@type\":\"ListItem\",\"position\":3,\"name\":\"Wohnaccessoires\",\"item\":\"https:\/\/hubsch-interior.com\/de\/produkt-kategorie\/wohnaccessoires\/\"},{\"@type\":\"ListItem\",\"position\":4,\"name\":\"Haken und Hakenleisten\",\"item\":\"https:\/\/hubsch-interior.com\/de\/produkt-kategorie\/wohnaccessoires\/haken-und-hakenleisten-de\/\"},{\"@type\":\"ListItem\",\"position\":5,\"name\":\"Hakenleisten\",\"item\":\"https:\/\/hubsch-interior.com\/de\/produkt-kategorie\/wohnaccessoires\/haken-und-hakenleisten-de\/hakenleisten-de\/\"},{\"@type\":\"ListItem\",\"position\":6,\"name\":\"Nomad Garderobe 5 Haken Small Naturfarben\"}]},{\"@type\":\"WebSite\",\"@id\":\"https:\/\/hubsch-interior.com\/de\/#website\",\"url\":\"https:\/\/hubsch-interior.com\/de\/\",\"name\":\"H\u00fcbsch\",\"description\":\"Danish Home Interior and Design\",\"publisher\":{\"@id\":\"https:\/\/hubsch-interior.com\/de\/#organization\"},\"potentialAction\":[{\"@type\":\"SearchAction\",\"target\":{\"@type\":\"EntryPoint\",\"urlTemplate\":\"https:\/\/hubsch-interior.com\/de\/?s={search_term_string}\"},\"query-input\":{\"@type\":\"PropertyValueSpecification\",\"valueRequired\":true,\"valueName\":\"search_term_string\"}}],\"inLanguage\":\"de\"},{\"@type\":\"Organization\",\"@id\":\"https:\/\/hubsch-interior.com\/de\/#organization\",\"name\":\"H\u00fcbsch\",\"url\":\"https:\/\/hubsch-interior.com\/de\/\",\"logo\":{\"@type\":\"ImageObject\",\"inLanguage\":\"de\",\"@id\":\"https:\/\/hubsch-interior.com\/de\/#\/schema\/logo\/image\/\",\"url\":\"https:\/\/hubsch-interior.com\/wp-content\/uploads\/2022\/12\/Hubsch_logo_black_one_line.svg\",\"contentUrl\":\"https:\/\/hubsch-interior.com\/wp-content\/uploads\/2022\/12\/Hubsch_logo_black_one_line.svg\",\"caption\":\"H\u00fcbsch\"},\"image\":{\"@id\":\"https:\/\/hubsch-interior.com\/de\/#\/schema\/logo\/image\/\"}}]}<\/script>\n<!-- \/ Yoast SEO plugin. -->","yoast_head_json":{"title":"Nomad Garderobe 5 Haken Small Naturfarben - H\u00fcbsch","description":"Die Nomad Garderobe 5 Haken Small Naturfarben ist eine moderne, nachhaltige und elegante L\u00f6sung, um ein Zimmer zu organisieren. Hergestellt aus","robots":{"index":"index","follow":"follow","max-snippet":"max-snippet:-1","max-image-preview":"max-image-preview:large","max-video-preview":"max-video-preview:-1"},"canonical":"https:\/\/hubsch-interior.com\/de\/wp-json\/wp\/v2\/product\/395549","og_locale":"de_DE","og_type":"article","og_title":"Nomad Garderobe 5 Haken Small Naturfarben - H\u00fcbsch","og_description":"Die Nomad Garderobe 5 Haken Small Naturfarben ist eine moderne, nachhaltige und elegante L\u00f6sung, um ein Zimmer zu organisieren. Hergestellt aus","og_url":"https:\/\/hubsch-interior.com\/de\/produkt\/nomad-garderobe-5-haken-small-naturfarben\/","og_site_name":"H\u00fcbsch","article_modified_time":"2026-04-09T02:49:22+00:00","og_image":[{"width":1200,"height":1200,"url":"https:\/\/hubsch-interior.com\/wp-content\/uploads\/2023\/08\/nomad-coatrack-5-hooks-small-natural-d09eef7643c0f886c416e1ceaa9b32fa.jpg","type":"image\/jpeg"}],"twitter_card":"summary_large_image","schema":{"@context":"https:\/\/schema.org","@graph":[{"@type":"WebPage","@id":"https:\/\/hubsch-interior.com\/de\/produkt\/nomad-garderobe-5-haken-small-naturfarben\/","url":"https:\/\/hubsch-interior.com\/de\/produkt\/nomad-garderobe-5-haken-small-naturfarben\/","name":"Nomad Garderobe 5 Haken Small Naturfarben - H\u00fcbsch","isPartOf":{"@id":"https:\/\/hubsch-interior.com\/de\/#website"},"primaryImageOfPage":{"@id":"https:\/\/hubsch-interior.com\/de\/produkt\/nomad-garderobe-5-haken-small-naturfarben\/#primaryimage"},"image":{"@id":"https:\/\/hubsch-interior.com\/de\/produkt\/nomad-garderobe-5-haken-small-naturfarben\/#primaryimage"},"thumbnailUrl":"https:\/\/hubsch-interior.com\/wp-content\/uploads\/2026\/02\/nomad-coatrack-5-hooks-small-natural-02f9c38ef140bb31e8f768474dfc3aa7.jpg","datePublished":"2021-06-04T08:10:52+00:00","dateModified":"2026-04-09T02:49:22+00:00","description":"Die Nomad Garderobe 5 Haken Small Naturfarben ist eine moderne, nachhaltige und elegante L\u00f6sung, um ein Zimmer zu organisieren. Hergestellt aus","breadcrumb":{"@id":"https:\/\/hubsch-interior.com\/de\/produkt\/nomad-garderobe-5-haken-small-naturfarben\/#breadcrumb"},"inLanguage":"de","potentialAction":[{"@type":"ReadAction","target":["https:\/\/hubsch-interior.com\/de\/produkt\/nomad-garderobe-5-haken-small-naturfarben\/"]}]},{"@type":"ImageObject","inLanguage":"de","@id":"https:\/\/hubsch-interior.com\/de\/produkt\/nomad-garderobe-5-haken-small-naturfarben\/#primaryimage","url":"https:\/\/hubsch-interior.com\/wp-content\/uploads\/2026\/02\/nomad-coatrack-5-hooks-small-natural-02f9c38ef140bb31e8f768474dfc3aa7.jpg","contentUrl":"https:\/\/hubsch-interior.com\/wp-content\/uploads\/2026\/02\/nomad-coatrack-5-hooks-small-natural-02f9c38ef140bb31e8f768474dfc3aa7.jpg","width":1024,"height":1024},{"@type":"BreadcrumbList","@id":"https:\/\/hubsch-interior.com\/de\/produkt\/nomad-garderobe-5-haken-small-naturfarben\/#breadcrumb","itemListElement":[{"@type":"ListItem","position":1,"name":"Startseite","item":"https:\/\/hubsch-interior.com\/de\/"},{"@type":"ListItem","position":2,"name":"Produkte","item":"https:\/\/hubsch-interior.com\/de\/shop-2\/"},{"@type":"ListItem","position":3,"name":"Wohnaccessoires","item":"https:\/\/hubsch-interior.com\/de\/produkt-kategorie\/wohnaccessoires\/"},{"@type":"ListItem","position":4,"name":"Haken und Hakenleisten","item":"https:\/\/hubsch-interior.com\/de\/produkt-kategorie\/wohnaccessoires\/haken-und-hakenleisten-de\/"},{"@type":"ListItem","position":5,"name":"Hakenleisten","item":"https:\/\/hubsch-interior.com\/de\/produkt-kategorie\/wohnaccessoires\/haken-und-hakenleisten-de\/hakenleisten-de\/"},{"@type":"ListItem","position":6,"name":"Nomad Garderobe 5 Haken Small Naturfarben"}]},{"@type":"WebSite","@id":"https:\/\/hubsch-interior.com\/de\/#website","url":"https:\/\/hubsch-interior.com\/de\/","name":"H\u00fcbsch","description":"Danish Home Interior and Design","publisher":{"@id":"https:\/\/hubsch-interior.com\/de\/#organization"},"potentialAction":[{"@type":"SearchAction","target":{"@type":"EntryPoint","urlTemplate":"https:\/\/hubsch-interior.com\/de\/?s={search_term_string}"},"query-input":{"@type":"PropertyValueSpecification","valueRequired":true,"valueName":"search_term_string"}}],"inLanguage":"de"},{"@type":"Organization","@id":"https:\/\/hubsch-interior.com\/de\/#organization","name":"H\u00fcbsch","url":"https:\/\/hubsch-interior.com\/de\/","logo":{"@type":"ImageObject","inLanguage":"de","@id":"https:\/\/hubsch-interior.com\/de\/#\/schema\/logo\/image\/","url":"https:\/\/hubsch-interior.com\/wp-content\/uploads\/2022\/12\/Hubsch_logo_black_one_line.svg","contentUrl":"https:\/\/hubsch-interior.com\/wp-content\/uploads\/2022\/12\/Hubsch_logo_black_one_line.svg","caption":"H\u00fcbsch"},"image":{"@id":"https:\/\/hubsch-interior.com\/de\/#\/schema\/logo\/image\/"}}]}},"_links":{"self":[{"href":"https:\/\/hubsch-interior.com\/de\/wp-json\/wp\/v2\/product\/395549","targetHints":{"allow":["GET"]}}],"collection":[{"href":"https:\/\/hubsch-interior.com\/de\/wp-json\/wp\/v2\/product"}],"about":[{"href":"https:\/\/hubsch-interior.com\/de\/wp-json\/wp\/v2\/types\/product"}],"wp:featuredmedia":[{"embeddable":true,"href":"https:\/\/hubsch-interior.com\/de\/wp-json\/wp\/v2\/media\/1102456"}],"wp:attachment":[{"href":"https:\/\/hubsch-interior.com\/de\/wp-json\/wp\/v2\/media?parent=395549"}],"wp:term":[{"taxonomy":"product_brand","embeddable":true,"href":"https:\/\/hubsch-interior.com\/de\/wp-json\/wp\/v2\/product_brand?post=395549"},{"taxonomy":"product_cat","embeddable":true,"href":"https:\/\/hubsch-interior.com\/de\/wp-json\/wp\/v2\/product_cat?post=395549"},{"taxonomy":"product_tag","embeddable":true,"href":"https:\/\/hubsch-interior.com\/de\/wp-json\/wp\/v2\/product_tag?post=395549"}],"curies":[{"name":"wp","href":"https:\/\/api.w.org\/{rel}","templated":true}]}}