{"id":39571,"date":"2020-12-15T09:49:33","date_gmt":"2020-12-15T08:49:33","guid":{"rendered":"https:\/\/hubsch-interior.com\/product\/product-9\/"},"modified":"2026-04-09T04:48:46","modified_gmt":"2026-04-09T02:48:46","slug":"split-spiegel-magnetisch-naturfarben","status":"publish","type":"product","link":"https:\/\/hubsch-interior.com\/de\/produkt\/split-spiegel-magnetisch-naturfarben\/","title":{"rendered":"Split Spiegel Magnetisch Naturfarben"},"content":{"rendered":"<p>Der Split Spiegel Magnetisch Naturfarben ist der perfekte Begleiter f\u00fcr Ihr Zuhause. Er besteht aus einer Spiegelglasplatte, Eiche Furnier und Eiche Holz und ist FSC zertifiziert. Der Spiegel bietet zus\u00e4tzlichen Stauraum f\u00fcr Notizen und Fotos, die Sie an der Magnetwand befestigen k\u00f6nnen. Dank seiner nat\u00fcrlichen Farben und seines Eichenholzes passt er perfekt in jeden Raum. Verleihen Sie Ihrem Zuhause einen modernen Look und lassen Sie sich von der Funktionalit\u00e4t des Split Mirror begeistern.<\/p>\n","protected":false},"excerpt":{"rendered":"<p>Der Split Spiegel Magnetisch Naturfarben ist der perfekte Begleiter f\u00fcr Ihr Zuhause. Er besteht aus einer Spiegelglasplatte, Eiche Furnier und Eiche Holz und ist FSC zertifiziert. Der Spiegel bietet zus\u00e4tzlichen Stauraum f\u00fcr Notizen und Fotos, die Sie an der Magnetwand befestigen k\u00f6nnen. Dank seiner nat\u00fcrlichen Farben und seines Eichenholzes passt er perfekt in jeden Raum. [&hellip;]<\/p>\n","protected":false},"featured_media":1102181,"template":"","meta":{"_acf_changed":false,"inline_featured_image":false},"product_brand":[],"product_cat":[6893,6323,4155,4955,2925,2926,5027],"product_tag":[],"class_list":{"0":"post-39571","1":"product","2":"type-product","3":"status-publish","4":"has-post-thumbnail","6":"product_cat-multifunktionale-moebel-de","7":"product_cat-fsc-de","8":"product_cat-buero-de","9":"product_cat-tafeln-de","10":"product_cat-spiegel-de","11":"product_cat-wandspiegel-de","12":"product_cat-bestsellers-de","13":"product_shipping_class-pk","15":"pa_color-naturfarben-2","16":"pa_material-mdf-de","17":"pa_material-spiegelglas","18":"pa_material-eichenfurnier","19":"pa_material-eichenholz","21":"first","22":"instock","23":"featured","24":"taxable","25":"shipping-taxable","26":"purchasable","27":"product-type-simple"},"exclude_global_add_ons":[],"addons":[],"acf":[],"yoast_head":"<!-- This site is optimized with the Yoast SEO plugin v26.4 - https:\/\/yoast.com\/wordpress\/plugins\/seo\/ -->\n<title>Split Spiegel Magnetisch Naturfarben - H\u00fcbsch<\/title>\n<meta name=\"description\" content=\"Der Split Spiegel Magnetisch Naturfarben ist der perfekte Begleiter f\u00fcr Ihr Zuhause. Er besteht aus einer Spiegelglasplatte, Eiche Furnier und Eiche Holz\" \/>\n<meta name=\"robots\" content=\"index, follow, max-snippet:-1, max-image-preview:large, max-video-preview:-1\" \/>\n<link rel=\"canonical\" href=\"https:\/\/hubsch-interior.com\/de\/wp-json\/wp\/v2\/product\/39571\" \/>\n<meta property=\"og:locale\" content=\"de_DE\" \/>\n<meta property=\"og:type\" content=\"article\" \/>\n<meta property=\"og:title\" content=\"Split Spiegel Magnetisch Naturfarben - H\u00fcbsch\" \/>\n<meta property=\"og:description\" content=\"Der Split Spiegel Magnetisch Naturfarben ist der perfekte Begleiter f\u00fcr Ihr Zuhause. Er besteht aus einer Spiegelglasplatte, Eiche Furnier und Eiche Holz\" \/>\n<meta property=\"og:url\" content=\"https:\/\/hubsch-interior.com\/de\/produkt\/split-spiegel-magnetisch-naturfarben\/\" \/>\n<meta property=\"og:site_name\" content=\"H\u00fcbsch\" \/>\n<meta property=\"article:modified_time\" content=\"2026-04-09T02:48:46+00:00\" \/>\n<meta property=\"og:image\" content=\"https:\/\/hubsch-interior.com\/wp-content\/uploads\/2023\/08\/split-mirror-magnetic-natural-1fac6783d1349b30f7611487f1ab825f.jpg\" \/>\n\t<meta property=\"og:image:width\" content=\"1200\" \/>\n\t<meta property=\"og:image:height\" content=\"1200\" \/>\n\t<meta property=\"og:image:type\" content=\"image\/jpeg\" \/>\n<meta name=\"twitter:card\" content=\"summary_large_image\" \/>\n<script type=\"application\/ld+json\" class=\"yoast-schema-graph\">{\"@context\":\"https:\/\/schema.org\",\"@graph\":[{\"@type\":\"WebPage\",\"@id\":\"https:\/\/hubsch-interior.com\/de\/produkt\/split-spiegel-magnetisch-naturfarben\/\",\"url\":\"https:\/\/hubsch-interior.com\/de\/produkt\/split-spiegel-magnetisch-naturfarben\/\",\"name\":\"Split Spiegel Magnetisch Naturfarben - H\u00fcbsch\",\"isPartOf\":{\"@id\":\"https:\/\/hubsch-interior.com\/de\/#website\"},\"primaryImageOfPage\":{\"@id\":\"https:\/\/hubsch-interior.com\/de\/produkt\/split-spiegel-magnetisch-naturfarben\/#primaryimage\"},\"image\":{\"@id\":\"https:\/\/hubsch-interior.com\/de\/produkt\/split-spiegel-magnetisch-naturfarben\/#primaryimage\"},\"thumbnailUrl\":\"https:\/\/hubsch-interior.com\/wp-content\/uploads\/2026\/02\/split-mirror-magnetic-natural-61393a8f6aa76e405f5f744129b9aedd.jpg\",\"datePublished\":\"2020-12-15T08:49:33+00:00\",\"dateModified\":\"2026-04-09T02:48:46+00:00\",\"description\":\"Der Split Spiegel Magnetisch Naturfarben ist der perfekte Begleiter f\u00fcr Ihr Zuhause. Er besteht aus einer Spiegelglasplatte, Eiche Furnier und Eiche Holz\",\"breadcrumb\":{\"@id\":\"https:\/\/hubsch-interior.com\/de\/produkt\/split-spiegel-magnetisch-naturfarben\/#breadcrumb\"},\"inLanguage\":\"de\",\"potentialAction\":[{\"@type\":\"ReadAction\",\"target\":[\"https:\/\/hubsch-interior.com\/de\/produkt\/split-spiegel-magnetisch-naturfarben\/\"]}]},{\"@type\":\"ImageObject\",\"inLanguage\":\"de\",\"@id\":\"https:\/\/hubsch-interior.com\/de\/produkt\/split-spiegel-magnetisch-naturfarben\/#primaryimage\",\"url\":\"https:\/\/hubsch-interior.com\/wp-content\/uploads\/2026\/02\/split-mirror-magnetic-natural-61393a8f6aa76e405f5f744129b9aedd.jpg\",\"contentUrl\":\"https:\/\/hubsch-interior.com\/wp-content\/uploads\/2026\/02\/split-mirror-magnetic-natural-61393a8f6aa76e405f5f744129b9aedd.jpg\",\"width\":1024,\"height\":1024},{\"@type\":\"BreadcrumbList\",\"@id\":\"https:\/\/hubsch-interior.com\/de\/produkt\/split-spiegel-magnetisch-naturfarben\/#breadcrumb\",\"itemListElement\":[{\"@type\":\"ListItem\",\"position\":1,\"name\":\"Startseite\",\"item\":\"https:\/\/hubsch-interior.com\/de\/\"},{\"@type\":\"ListItem\",\"position\":2,\"name\":\"Produkte\",\"item\":\"https:\/\/hubsch-interior.com\/de\/shop-2\/\"},{\"@type\":\"ListItem\",\"position\":3,\"name\":\"Wohnaccessoires\",\"item\":\"https:\/\/hubsch-interior.com\/de\/produkt-kategorie\/wohnaccessoires\/\"},{\"@type\":\"ListItem\",\"position\":4,\"name\":\"B&uuml;ro\",\"item\":\"https:\/\/hubsch-interior.com\/de\/produkt-kategorie\/wohnaccessoires\/buero-de\/\"},{\"@type\":\"ListItem\",\"position\":5,\"name\":\"Tafeln\",\"item\":\"https:\/\/hubsch-interior.com\/de\/produkt-kategorie\/wohnaccessoires\/buero-de\/tafeln-de\/\"},{\"@type\":\"ListItem\",\"position\":6,\"name\":\"Split Spiegel Magnetisch Naturfarben\"}]},{\"@type\":\"WebSite\",\"@id\":\"https:\/\/hubsch-interior.com\/de\/#website\",\"url\":\"https:\/\/hubsch-interior.com\/de\/\",\"name\":\"H\u00fcbsch\",\"description\":\"Danish Home Interior and Design\",\"publisher\":{\"@id\":\"https:\/\/hubsch-interior.com\/de\/#organization\"},\"potentialAction\":[{\"@type\":\"SearchAction\",\"target\":{\"@type\":\"EntryPoint\",\"urlTemplate\":\"https:\/\/hubsch-interior.com\/de\/?s={search_term_string}\"},\"query-input\":{\"@type\":\"PropertyValueSpecification\",\"valueRequired\":true,\"valueName\":\"search_term_string\"}}],\"inLanguage\":\"de\"},{\"@type\":\"Organization\",\"@id\":\"https:\/\/hubsch-interior.com\/de\/#organization\",\"name\":\"H\u00fcbsch\",\"url\":\"https:\/\/hubsch-interior.com\/de\/\",\"logo\":{\"@type\":\"ImageObject\",\"inLanguage\":\"de\",\"@id\":\"https:\/\/hubsch-interior.com\/de\/#\/schema\/logo\/image\/\",\"url\":\"https:\/\/hubsch-interior.com\/wp-content\/uploads\/2022\/12\/Hubsch_logo_black_one_line.svg\",\"contentUrl\":\"https:\/\/hubsch-interior.com\/wp-content\/uploads\/2022\/12\/Hubsch_logo_black_one_line.svg\",\"caption\":\"H\u00fcbsch\"},\"image\":{\"@id\":\"https:\/\/hubsch-interior.com\/de\/#\/schema\/logo\/image\/\"}}]}<\/script>\n<!-- \/ Yoast SEO plugin. -->","yoast_head_json":{"title":"Split Spiegel Magnetisch Naturfarben - H\u00fcbsch","description":"Der Split Spiegel Magnetisch Naturfarben ist der perfekte Begleiter f\u00fcr Ihr Zuhause. Er besteht aus einer Spiegelglasplatte, Eiche Furnier und Eiche Holz","robots":{"index":"index","follow":"follow","max-snippet":"max-snippet:-1","max-image-preview":"max-image-preview:large","max-video-preview":"max-video-preview:-1"},"canonical":"https:\/\/hubsch-interior.com\/de\/wp-json\/wp\/v2\/product\/39571","og_locale":"de_DE","og_type":"article","og_title":"Split Spiegel Magnetisch Naturfarben - H\u00fcbsch","og_description":"Der Split Spiegel Magnetisch Naturfarben ist der perfekte Begleiter f\u00fcr Ihr Zuhause. Er besteht aus einer Spiegelglasplatte, Eiche Furnier und Eiche Holz","og_url":"https:\/\/hubsch-interior.com\/de\/produkt\/split-spiegel-magnetisch-naturfarben\/","og_site_name":"H\u00fcbsch","article_modified_time":"2026-04-09T02:48:46+00:00","og_image":[{"width":1200,"height":1200,"url":"https:\/\/hubsch-interior.com\/wp-content\/uploads\/2023\/08\/split-mirror-magnetic-natural-1fac6783d1349b30f7611487f1ab825f.jpg","type":"image\/jpeg"}],"twitter_card":"summary_large_image","schema":{"@context":"https:\/\/schema.org","@graph":[{"@type":"WebPage","@id":"https:\/\/hubsch-interior.com\/de\/produkt\/split-spiegel-magnetisch-naturfarben\/","url":"https:\/\/hubsch-interior.com\/de\/produkt\/split-spiegel-magnetisch-naturfarben\/","name":"Split Spiegel Magnetisch Naturfarben - H\u00fcbsch","isPartOf":{"@id":"https:\/\/hubsch-interior.com\/de\/#website"},"primaryImageOfPage":{"@id":"https:\/\/hubsch-interior.com\/de\/produkt\/split-spiegel-magnetisch-naturfarben\/#primaryimage"},"image":{"@id":"https:\/\/hubsch-interior.com\/de\/produkt\/split-spiegel-magnetisch-naturfarben\/#primaryimage"},"thumbnailUrl":"https:\/\/hubsch-interior.com\/wp-content\/uploads\/2026\/02\/split-mirror-magnetic-natural-61393a8f6aa76e405f5f744129b9aedd.jpg","datePublished":"2020-12-15T08:49:33+00:00","dateModified":"2026-04-09T02:48:46+00:00","description":"Der Split Spiegel Magnetisch Naturfarben ist der perfekte Begleiter f\u00fcr Ihr Zuhause. Er besteht aus einer Spiegelglasplatte, Eiche Furnier und Eiche Holz","breadcrumb":{"@id":"https:\/\/hubsch-interior.com\/de\/produkt\/split-spiegel-magnetisch-naturfarben\/#breadcrumb"},"inLanguage":"de","potentialAction":[{"@type":"ReadAction","target":["https:\/\/hubsch-interior.com\/de\/produkt\/split-spiegel-magnetisch-naturfarben\/"]}]},{"@type":"ImageObject","inLanguage":"de","@id":"https:\/\/hubsch-interior.com\/de\/produkt\/split-spiegel-magnetisch-naturfarben\/#primaryimage","url":"https:\/\/hubsch-interior.com\/wp-content\/uploads\/2026\/02\/split-mirror-magnetic-natural-61393a8f6aa76e405f5f744129b9aedd.jpg","contentUrl":"https:\/\/hubsch-interior.com\/wp-content\/uploads\/2026\/02\/split-mirror-magnetic-natural-61393a8f6aa76e405f5f744129b9aedd.jpg","width":1024,"height":1024},{"@type":"BreadcrumbList","@id":"https:\/\/hubsch-interior.com\/de\/produkt\/split-spiegel-magnetisch-naturfarben\/#breadcrumb","itemListElement":[{"@type":"ListItem","position":1,"name":"Startseite","item":"https:\/\/hubsch-interior.com\/de\/"},{"@type":"ListItem","position":2,"name":"Produkte","item":"https:\/\/hubsch-interior.com\/de\/shop-2\/"},{"@type":"ListItem","position":3,"name":"Wohnaccessoires","item":"https:\/\/hubsch-interior.com\/de\/produkt-kategorie\/wohnaccessoires\/"},{"@type":"ListItem","position":4,"name":"B&uuml;ro","item":"https:\/\/hubsch-interior.com\/de\/produkt-kategorie\/wohnaccessoires\/buero-de\/"},{"@type":"ListItem","position":5,"name":"Tafeln","item":"https:\/\/hubsch-interior.com\/de\/produkt-kategorie\/wohnaccessoires\/buero-de\/tafeln-de\/"},{"@type":"ListItem","position":6,"name":"Split Spiegel Magnetisch Naturfarben"}]},{"@type":"WebSite","@id":"https:\/\/hubsch-interior.com\/de\/#website","url":"https:\/\/hubsch-interior.com\/de\/","name":"H\u00fcbsch","description":"Danish Home Interior and Design","publisher":{"@id":"https:\/\/hubsch-interior.com\/de\/#organization"},"potentialAction":[{"@type":"SearchAction","target":{"@type":"EntryPoint","urlTemplate":"https:\/\/hubsch-interior.com\/de\/?s={search_term_string}"},"query-input":{"@type":"PropertyValueSpecification","valueRequired":true,"valueName":"search_term_string"}}],"inLanguage":"de"},{"@type":"Organization","@id":"https:\/\/hubsch-interior.com\/de\/#organization","name":"H\u00fcbsch","url":"https:\/\/hubsch-interior.com\/de\/","logo":{"@type":"ImageObject","inLanguage":"de","@id":"https:\/\/hubsch-interior.com\/de\/#\/schema\/logo\/image\/","url":"https:\/\/hubsch-interior.com\/wp-content\/uploads\/2022\/12\/Hubsch_logo_black_one_line.svg","contentUrl":"https:\/\/hubsch-interior.com\/wp-content\/uploads\/2022\/12\/Hubsch_logo_black_one_line.svg","caption":"H\u00fcbsch"},"image":{"@id":"https:\/\/hubsch-interior.com\/de\/#\/schema\/logo\/image\/"}}]}},"_links":{"self":[{"href":"https:\/\/hubsch-interior.com\/de\/wp-json\/wp\/v2\/product\/39571","targetHints":{"allow":["GET"]}}],"collection":[{"href":"https:\/\/hubsch-interior.com\/de\/wp-json\/wp\/v2\/product"}],"about":[{"href":"https:\/\/hubsch-interior.com\/de\/wp-json\/wp\/v2\/types\/product"}],"wp:featuredmedia":[{"embeddable":true,"href":"https:\/\/hubsch-interior.com\/de\/wp-json\/wp\/v2\/media\/1102181"}],"wp:attachment":[{"href":"https:\/\/hubsch-interior.com\/de\/wp-json\/wp\/v2\/media?parent=39571"}],"wp:term":[{"taxonomy":"product_brand","embeddable":true,"href":"https:\/\/hubsch-interior.com\/de\/wp-json\/wp\/v2\/product_brand?post=39571"},{"taxonomy":"product_cat","embeddable":true,"href":"https:\/\/hubsch-interior.com\/de\/wp-json\/wp\/v2\/product_cat?post=39571"},{"taxonomy":"product_tag","embeddable":true,"href":"https:\/\/hubsch-interior.com\/de\/wp-json\/wp\/v2\/product_tag?post=39571"}],"curies":[{"name":"wp","href":"https:\/\/api.w.org\/{rel}","templated":true}]}}