{"id":395741,"date":"2021-06-04T10:11:28","date_gmt":"2021-06-04T08:11:28","guid":{"rendered":"https:\/\/hubsch-interior.com\/shop-b2c\/product\/product-6\/"},"modified":"2026-04-09T04:49:32","modified_gmt":"2026-04-09T02:49:32","slug":"acorn-kleiderstander-naturfarben","status":"publish","type":"product","link":"https:\/\/hubsch-interior.com\/de\/produkt\/acorn-kleiderstander-naturfarben\/","title":{"rendered":"Acorn Kleiderst\u00e4nder Naturfarben"},"content":{"rendered":"<p>Der Acorn Hachen Naturfarben ist ein Kleiderst\u00e4nder aus Eichenholz, das nach den strengen Richtlinien des FSC-Zertifizierungsprogramms hergestellt wurde. Dieses hochwertige Produkt ist ein nat\u00fcrliches Accessoire f\u00fcr jeden Raum. Es ist aus pflanzlich gegerbtem Eichenholz gefertigt, das eine einzigartige Struktur und Farbe besitzt. Der Acorn Hachen Naturfarben ist robust und langlebig und eine sch\u00f6ne Erg\u00e4nzung f\u00fcr jede moderne Inneneinrichtung.<\/p>\n","protected":false},"excerpt":{"rendered":"<p>Der Acorn Hachen Naturfarben ist ein Kleiderst\u00e4nder aus Eichenholz, das nach den strengen Richtlinien des FSC-Zertifizierungsprogramms hergestellt wurde. Dieses hochwertige Produkt ist ein nat\u00fcrliches Accessoire f\u00fcr jeden Raum. Es ist aus pflanzlich gegerbtem Eichenholz gefertigt, das eine einzigartige Struktur und Farbe besitzt. Der Acorn Hachen Naturfarben ist robust und langlebig und eine sch\u00f6ne Erg\u00e4nzung f\u00fcr [&hellip;]<\/p>\n","protected":false},"featured_media":1102504,"template":"","meta":{"_acf_changed":false,"inline_featured_image":false},"product_brand":[],"product_cat":[6323,4003,5090,4035,5462,5027,5031],"product_tag":[],"class_list":{"0":"post-395741","1":"product","2":"type-product","3":"status-publish","4":"has-post-thumbnail","6":"product_cat-fsc-de","7":"product_cat-regale-aufbewahrung-de","8":"product_cat-kleiderstaender-de","9":"product_cat-garderoben-staender-de","10":"product_cat-staender-de","11":"product_cat-bestsellers-de","12":"product_cat-wieder-auf-lager-de","13":"product_shipping_class-p05","15":"pa_color-naturfarben-2","16":"pa_material-eichenholz","18":"first","19":"instock","20":"featured","21":"taxable","22":"shipping-taxable","23":"purchasable","24":"product-type-simple"},"exclude_global_add_ons":[],"addons":[],"acf":[],"yoast_head":"<!-- This site is optimized with the Yoast SEO plugin v26.4 - https:\/\/yoast.com\/wordpress\/plugins\/seo\/ -->\n<title>Acorn Kleiderst\u00e4nder Naturfarben - H\u00fcbsch<\/title>\n<meta name=\"description\" content=\"Der Acorn Hachen Naturfarben ist ein Kleiderst\u00e4nder aus Eichenholz, das nach den strengen Richtlinien des FSC-Zertifizierungsprogramms hergestellt wurde.\" \/>\n<meta name=\"robots\" content=\"index, follow, max-snippet:-1, max-image-preview:large, max-video-preview:-1\" \/>\n<link rel=\"canonical\" href=\"https:\/\/hubsch-interior.com\/de\/wp-json\/wp\/v2\/product\/395741\" \/>\n<meta property=\"og:locale\" content=\"de_DE\" \/>\n<meta property=\"og:type\" content=\"article\" \/>\n<meta property=\"og:title\" content=\"Acorn Kleiderst\u00e4nder Naturfarben - H\u00fcbsch\" \/>\n<meta property=\"og:description\" content=\"Der Acorn Hachen Naturfarben ist ein Kleiderst\u00e4nder aus Eichenholz, das nach den strengen Richtlinien des FSC-Zertifizierungsprogramms hergestellt wurde.\" \/>\n<meta property=\"og:url\" content=\"https:\/\/hubsch-interior.com\/de\/produkt\/acorn-kleiderstander-naturfarben\/\" \/>\n<meta property=\"og:site_name\" content=\"H\u00fcbsch\" \/>\n<meta property=\"article:modified_time\" content=\"2026-04-09T02:49:32+00:00\" \/>\n<meta property=\"og:image\" content=\"https:\/\/hubsch-interior.com\/wp-content\/uploads\/2025\/05\/acorn-clothing-rack-natural-8080d906669b715e42b30ec3e5fd2f09.jpg\" \/>\n\t<meta property=\"og:image:width\" content=\"1200\" \/>\n\t<meta property=\"og:image:height\" content=\"1200\" \/>\n\t<meta property=\"og:image:type\" content=\"image\/jpeg\" \/>\n<meta name=\"twitter:card\" content=\"summary_large_image\" \/>\n<script type=\"application\/ld+json\" class=\"yoast-schema-graph\">{\"@context\":\"https:\/\/schema.org\",\"@graph\":[{\"@type\":\"WebPage\",\"@id\":\"https:\/\/hubsch-interior.com\/de\/produkt\/acorn-kleiderstander-naturfarben\/\",\"url\":\"https:\/\/hubsch-interior.com\/de\/produkt\/acorn-kleiderstander-naturfarben\/\",\"name\":\"Acorn Kleiderst\u00e4nder Naturfarben - H\u00fcbsch\",\"isPartOf\":{\"@id\":\"https:\/\/hubsch-interior.com\/de\/#website\"},\"primaryImageOfPage\":{\"@id\":\"https:\/\/hubsch-interior.com\/de\/produkt\/acorn-kleiderstander-naturfarben\/#primaryimage\"},\"image\":{\"@id\":\"https:\/\/hubsch-interior.com\/de\/produkt\/acorn-kleiderstander-naturfarben\/#primaryimage\"},\"thumbnailUrl\":\"https:\/\/hubsch-interior.com\/wp-content\/uploads\/2026\/02\/acorn-clothing-rack-natural-822795122d69517f17e2f001d58f9b30.jpg\",\"datePublished\":\"2021-06-04T08:11:28+00:00\",\"dateModified\":\"2026-04-09T02:49:32+00:00\",\"description\":\"Der Acorn Hachen Naturfarben ist ein Kleiderst\u00e4nder aus Eichenholz, das nach den strengen Richtlinien des FSC-Zertifizierungsprogramms hergestellt wurde.\",\"breadcrumb\":{\"@id\":\"https:\/\/hubsch-interior.com\/de\/produkt\/acorn-kleiderstander-naturfarben\/#breadcrumb\"},\"inLanguage\":\"de\",\"potentialAction\":[{\"@type\":\"ReadAction\",\"target\":[\"https:\/\/hubsch-interior.com\/de\/produkt\/acorn-kleiderstander-naturfarben\/\"]}]},{\"@type\":\"ImageObject\",\"inLanguage\":\"de\",\"@id\":\"https:\/\/hubsch-interior.com\/de\/produkt\/acorn-kleiderstander-naturfarben\/#primaryimage\",\"url\":\"https:\/\/hubsch-interior.com\/wp-content\/uploads\/2026\/02\/acorn-clothing-rack-natural-822795122d69517f17e2f001d58f9b30.jpg\",\"contentUrl\":\"https:\/\/hubsch-interior.com\/wp-content\/uploads\/2026\/02\/acorn-clothing-rack-natural-822795122d69517f17e2f001d58f9b30.jpg\",\"width\":1024,\"height\":1024},{\"@type\":\"BreadcrumbList\",\"@id\":\"https:\/\/hubsch-interior.com\/de\/produkt\/acorn-kleiderstander-naturfarben\/#breadcrumb\",\"itemListElement\":[{\"@type\":\"ListItem\",\"position\":1,\"name\":\"Startseite\",\"item\":\"https:\/\/hubsch-interior.com\/de\/\"},{\"@type\":\"ListItem\",\"position\":2,\"name\":\"Produkte\",\"item\":\"https:\/\/hubsch-interior.com\/de\/shop-2\/\"},{\"@type\":\"ListItem\",\"position\":3,\"name\":\"M\u00f6bel\",\"item\":\"https:\/\/hubsch-interior.com\/de\/produkt-kategorie\/moebel\/\"},{\"@type\":\"ListItem\",\"position\":4,\"name\":\"Regale &amp; Aufbewahrung\",\"item\":\"https:\/\/hubsch-interior.com\/de\/produkt-kategorie\/moebel\/regale-aufbewahrung-de\/\"},{\"@type\":\"ListItem\",\"position\":5,\"name\":\"Kleiderst&auml;nder\",\"item\":\"https:\/\/hubsch-interior.com\/de\/produkt-kategorie\/moebel\/regale-aufbewahrung-de\/kleiderstaender-de\/\"},{\"@type\":\"ListItem\",\"position\":6,\"name\":\"Acorn Kleiderst\u00e4nder Naturfarben\"}]},{\"@type\":\"WebSite\",\"@id\":\"https:\/\/hubsch-interior.com\/de\/#website\",\"url\":\"https:\/\/hubsch-interior.com\/de\/\",\"name\":\"H\u00fcbsch\",\"description\":\"Danish Home Interior and Design\",\"publisher\":{\"@id\":\"https:\/\/hubsch-interior.com\/de\/#organization\"},\"potentialAction\":[{\"@type\":\"SearchAction\",\"target\":{\"@type\":\"EntryPoint\",\"urlTemplate\":\"https:\/\/hubsch-interior.com\/de\/?s={search_term_string}\"},\"query-input\":{\"@type\":\"PropertyValueSpecification\",\"valueRequired\":true,\"valueName\":\"search_term_string\"}}],\"inLanguage\":\"de\"},{\"@type\":\"Organization\",\"@id\":\"https:\/\/hubsch-interior.com\/de\/#organization\",\"name\":\"H\u00fcbsch\",\"url\":\"https:\/\/hubsch-interior.com\/de\/\",\"logo\":{\"@type\":\"ImageObject\",\"inLanguage\":\"de\",\"@id\":\"https:\/\/hubsch-interior.com\/de\/#\/schema\/logo\/image\/\",\"url\":\"https:\/\/hubsch-interior.com\/wp-content\/uploads\/2022\/12\/Hubsch_logo_black_one_line.svg\",\"contentUrl\":\"https:\/\/hubsch-interior.com\/wp-content\/uploads\/2022\/12\/Hubsch_logo_black_one_line.svg\",\"caption\":\"H\u00fcbsch\"},\"image\":{\"@id\":\"https:\/\/hubsch-interior.com\/de\/#\/schema\/logo\/image\/\"}}]}<\/script>\n<!-- \/ Yoast SEO plugin. -->","yoast_head_json":{"title":"Acorn Kleiderst\u00e4nder Naturfarben - H\u00fcbsch","description":"Der Acorn Hachen Naturfarben ist ein Kleiderst\u00e4nder aus Eichenholz, das nach den strengen Richtlinien des FSC-Zertifizierungsprogramms hergestellt wurde.","robots":{"index":"index","follow":"follow","max-snippet":"max-snippet:-1","max-image-preview":"max-image-preview:large","max-video-preview":"max-video-preview:-1"},"canonical":"https:\/\/hubsch-interior.com\/de\/wp-json\/wp\/v2\/product\/395741","og_locale":"de_DE","og_type":"article","og_title":"Acorn Kleiderst\u00e4nder Naturfarben - H\u00fcbsch","og_description":"Der Acorn Hachen Naturfarben ist ein Kleiderst\u00e4nder aus Eichenholz, das nach den strengen Richtlinien des FSC-Zertifizierungsprogramms hergestellt wurde.","og_url":"https:\/\/hubsch-interior.com\/de\/produkt\/acorn-kleiderstander-naturfarben\/","og_site_name":"H\u00fcbsch","article_modified_time":"2026-04-09T02:49:32+00:00","og_image":[{"width":1200,"height":1200,"url":"https:\/\/hubsch-interior.com\/wp-content\/uploads\/2025\/05\/acorn-clothing-rack-natural-8080d906669b715e42b30ec3e5fd2f09.jpg","type":"image\/jpeg"}],"twitter_card":"summary_large_image","schema":{"@context":"https:\/\/schema.org","@graph":[{"@type":"WebPage","@id":"https:\/\/hubsch-interior.com\/de\/produkt\/acorn-kleiderstander-naturfarben\/","url":"https:\/\/hubsch-interior.com\/de\/produkt\/acorn-kleiderstander-naturfarben\/","name":"Acorn Kleiderst\u00e4nder Naturfarben - H\u00fcbsch","isPartOf":{"@id":"https:\/\/hubsch-interior.com\/de\/#website"},"primaryImageOfPage":{"@id":"https:\/\/hubsch-interior.com\/de\/produkt\/acorn-kleiderstander-naturfarben\/#primaryimage"},"image":{"@id":"https:\/\/hubsch-interior.com\/de\/produkt\/acorn-kleiderstander-naturfarben\/#primaryimage"},"thumbnailUrl":"https:\/\/hubsch-interior.com\/wp-content\/uploads\/2026\/02\/acorn-clothing-rack-natural-822795122d69517f17e2f001d58f9b30.jpg","datePublished":"2021-06-04T08:11:28+00:00","dateModified":"2026-04-09T02:49:32+00:00","description":"Der Acorn Hachen Naturfarben ist ein Kleiderst\u00e4nder aus Eichenholz, das nach den strengen Richtlinien des FSC-Zertifizierungsprogramms hergestellt wurde.","breadcrumb":{"@id":"https:\/\/hubsch-interior.com\/de\/produkt\/acorn-kleiderstander-naturfarben\/#breadcrumb"},"inLanguage":"de","potentialAction":[{"@type":"ReadAction","target":["https:\/\/hubsch-interior.com\/de\/produkt\/acorn-kleiderstander-naturfarben\/"]}]},{"@type":"ImageObject","inLanguage":"de","@id":"https:\/\/hubsch-interior.com\/de\/produkt\/acorn-kleiderstander-naturfarben\/#primaryimage","url":"https:\/\/hubsch-interior.com\/wp-content\/uploads\/2026\/02\/acorn-clothing-rack-natural-822795122d69517f17e2f001d58f9b30.jpg","contentUrl":"https:\/\/hubsch-interior.com\/wp-content\/uploads\/2026\/02\/acorn-clothing-rack-natural-822795122d69517f17e2f001d58f9b30.jpg","width":1024,"height":1024},{"@type":"BreadcrumbList","@id":"https:\/\/hubsch-interior.com\/de\/produkt\/acorn-kleiderstander-naturfarben\/#breadcrumb","itemListElement":[{"@type":"ListItem","position":1,"name":"Startseite","item":"https:\/\/hubsch-interior.com\/de\/"},{"@type":"ListItem","position":2,"name":"Produkte","item":"https:\/\/hubsch-interior.com\/de\/shop-2\/"},{"@type":"ListItem","position":3,"name":"M\u00f6bel","item":"https:\/\/hubsch-interior.com\/de\/produkt-kategorie\/moebel\/"},{"@type":"ListItem","position":4,"name":"Regale &amp; Aufbewahrung","item":"https:\/\/hubsch-interior.com\/de\/produkt-kategorie\/moebel\/regale-aufbewahrung-de\/"},{"@type":"ListItem","position":5,"name":"Kleiderst&auml;nder","item":"https:\/\/hubsch-interior.com\/de\/produkt-kategorie\/moebel\/regale-aufbewahrung-de\/kleiderstaender-de\/"},{"@type":"ListItem","position":6,"name":"Acorn Kleiderst\u00e4nder Naturfarben"}]},{"@type":"WebSite","@id":"https:\/\/hubsch-interior.com\/de\/#website","url":"https:\/\/hubsch-interior.com\/de\/","name":"H\u00fcbsch","description":"Danish Home Interior and Design","publisher":{"@id":"https:\/\/hubsch-interior.com\/de\/#organization"},"potentialAction":[{"@type":"SearchAction","target":{"@type":"EntryPoint","urlTemplate":"https:\/\/hubsch-interior.com\/de\/?s={search_term_string}"},"query-input":{"@type":"PropertyValueSpecification","valueRequired":true,"valueName":"search_term_string"}}],"inLanguage":"de"},{"@type":"Organization","@id":"https:\/\/hubsch-interior.com\/de\/#organization","name":"H\u00fcbsch","url":"https:\/\/hubsch-interior.com\/de\/","logo":{"@type":"ImageObject","inLanguage":"de","@id":"https:\/\/hubsch-interior.com\/de\/#\/schema\/logo\/image\/","url":"https:\/\/hubsch-interior.com\/wp-content\/uploads\/2022\/12\/Hubsch_logo_black_one_line.svg","contentUrl":"https:\/\/hubsch-interior.com\/wp-content\/uploads\/2022\/12\/Hubsch_logo_black_one_line.svg","caption":"H\u00fcbsch"},"image":{"@id":"https:\/\/hubsch-interior.com\/de\/#\/schema\/logo\/image\/"}}]}},"_links":{"self":[{"href":"https:\/\/hubsch-interior.com\/de\/wp-json\/wp\/v2\/product\/395741","targetHints":{"allow":["GET"]}}],"collection":[{"href":"https:\/\/hubsch-interior.com\/de\/wp-json\/wp\/v2\/product"}],"about":[{"href":"https:\/\/hubsch-interior.com\/de\/wp-json\/wp\/v2\/types\/product"}],"wp:featuredmedia":[{"embeddable":true,"href":"https:\/\/hubsch-interior.com\/de\/wp-json\/wp\/v2\/media\/1102504"}],"wp:attachment":[{"href":"https:\/\/hubsch-interior.com\/de\/wp-json\/wp\/v2\/media?parent=395741"}],"wp:term":[{"taxonomy":"product_brand","embeddable":true,"href":"https:\/\/hubsch-interior.com\/de\/wp-json\/wp\/v2\/product_brand?post=395741"},{"taxonomy":"product_cat","embeddable":true,"href":"https:\/\/hubsch-interior.com\/de\/wp-json\/wp\/v2\/product_cat?post=395741"},{"taxonomy":"product_tag","embeddable":true,"href":"https:\/\/hubsch-interior.com\/de\/wp-json\/wp\/v2\/product_tag?post=395741"}],"curies":[{"name":"wp","href":"https:\/\/api.w.org\/{rel}","templated":true}]}}