{"id":39587,"date":"2020-12-15T09:49:43","date_gmt":"2020-12-15T08:49:43","guid":{"rendered":"https:\/\/hubsch-interior.com\/product\/product-10\/"},"modified":"2026-04-05T04:50:23","modified_gmt":"2026-04-05T02:50:23","slug":"depth-spiegel-naturfarben","status":"publish","type":"product","link":"https:\/\/hubsch-interior.com\/de\/produkt\/depth-spiegel-naturfarben\/","title":{"rendered":"Depth Spiegel Naturfarben"},"content":{"rendered":"<p>Der Depth Spiegel Naturfarben ist aus hochwertigem Spiegelglas, Eichenfurnier und Eichenholz gefertigt und tr\u00e4gt das FSC-Zertifikat. Er ist ein echter Hingucker in jedem Zuhause. Sein minimalistisches Design sorgt f\u00fcr eine moderne, elegante Optik. Dank der nat\u00fcrlichen Materialien wirkt der Spiegel besonders edel und l\u00e4sst sich leicht mit Ihrer Wohnungseinrichtung kombinieren. Er ist ein stilvoller Blickfang und die perfekte Erg\u00e4nzung f\u00fcr Ihr Zuhause.<\/p>\n","protected":false},"excerpt":{"rendered":"<p>Der Depth Spiegel Naturfarben ist aus hochwertigem Spiegelglas, Eichenfurnier und Eichenholz gefertigt und tr\u00e4gt das FSC-Zertifikat. Er ist ein echter Hingucker in jedem Zuhause. Sein minimalistisches Design sorgt f\u00fcr eine moderne, elegante Optik. Dank der nat\u00fcrlichen Materialien wirkt der Spiegel besonders edel und l\u00e4sst sich leicht mit Ihrer Wohnungseinrichtung kombinieren. Er ist ein stilvoller Blickfang [&hellip;]<\/p>\n","protected":false},"featured_media":1102197,"template":"","meta":{"_acf_changed":false,"inline_featured_image":false},"product_brand":[],"product_cat":[6323,2925,2926,5027],"product_tag":[],"class_list":{"0":"post-39587","1":"product","2":"type-product","3":"status-publish","4":"has-post-thumbnail","6":"product_cat-fsc-de","7":"product_cat-spiegel-de","8":"product_cat-wandspiegel-de","9":"product_cat-bestsellers-de","10":"product_shipping_class-pk","12":"pa_color-naturfarben-2","13":"pa_material-mdf-de","14":"pa_material-spiegelglas","15":"pa_material-eichenfurnier","16":"pa_material-eichenholz","18":"first","19":"instock","20":"featured","21":"taxable","22":"shipping-taxable","23":"purchasable","24":"product-type-simple"},"exclude_global_add_ons":[],"addons":[],"acf":[],"yoast_head":"<!-- This site is optimized with the Yoast SEO plugin v26.4 - https:\/\/yoast.com\/wordpress\/plugins\/seo\/ -->\n<title>Depth Spiegel Naturfarben - H\u00fcbsch<\/title>\n<meta name=\"description\" content=\"Der Depth Spiegel Naturfarben ist aus hochwertigem Spiegelglas, Eichenfurnier und Eichenholz gefertigt und tr\u00e4gt das FSC-Zertifikat. Er ist ein echter\" \/>\n<meta name=\"robots\" content=\"index, follow, max-snippet:-1, max-image-preview:large, max-video-preview:-1\" \/>\n<link rel=\"canonical\" href=\"https:\/\/hubsch-interior.com\/de\/wp-json\/wp\/v2\/product\/39587\" \/>\n<meta property=\"og:locale\" content=\"de_DE\" \/>\n<meta property=\"og:type\" content=\"article\" \/>\n<meta property=\"og:title\" content=\"Depth Spiegel Naturfarben - H\u00fcbsch\" \/>\n<meta property=\"og:description\" content=\"Der Depth Spiegel Naturfarben ist aus hochwertigem Spiegelglas, Eichenfurnier und Eichenholz gefertigt und tr\u00e4gt das FSC-Zertifikat. Er ist ein echter\" \/>\n<meta property=\"og:url\" content=\"https:\/\/hubsch-interior.com\/de\/produkt\/depth-spiegel-naturfarben\/\" \/>\n<meta property=\"og:site_name\" content=\"H\u00fcbsch\" \/>\n<meta property=\"article:modified_time\" content=\"2026-04-05T02:50:23+00:00\" \/>\n<meta property=\"og:image\" content=\"https:\/\/hubsch-interior.com\/wp-content\/uploads\/2023\/08\/depth-mirror-natural-39996d7adde0979ac16094c8a15d0df6.jpg\" \/>\n\t<meta property=\"og:image:width\" content=\"1200\" \/>\n\t<meta property=\"og:image:height\" content=\"1200\" \/>\n\t<meta property=\"og:image:type\" content=\"image\/jpeg\" \/>\n<meta name=\"twitter:card\" content=\"summary_large_image\" \/>\n<script type=\"application\/ld+json\" class=\"yoast-schema-graph\">{\"@context\":\"https:\/\/schema.org\",\"@graph\":[{\"@type\":\"WebPage\",\"@id\":\"https:\/\/hubsch-interior.com\/de\/produkt\/depth-spiegel-naturfarben\/\",\"url\":\"https:\/\/hubsch-interior.com\/de\/produkt\/depth-spiegel-naturfarben\/\",\"name\":\"Depth Spiegel Naturfarben - H\u00fcbsch\",\"isPartOf\":{\"@id\":\"https:\/\/hubsch-interior.com\/de\/#website\"},\"primaryImageOfPage\":{\"@id\":\"https:\/\/hubsch-interior.com\/de\/produkt\/depth-spiegel-naturfarben\/#primaryimage\"},\"image\":{\"@id\":\"https:\/\/hubsch-interior.com\/de\/produkt\/depth-spiegel-naturfarben\/#primaryimage\"},\"thumbnailUrl\":\"https:\/\/hubsch-interior.com\/wp-content\/uploads\/2026\/02\/depth-mirror-natural-3936b3b04bb6b9c3d97a04057e1613b7.jpg\",\"datePublished\":\"2020-12-15T08:49:43+00:00\",\"dateModified\":\"2026-04-05T02:50:23+00:00\",\"description\":\"Der Depth Spiegel Naturfarben ist aus hochwertigem Spiegelglas, Eichenfurnier und Eichenholz gefertigt und tr\u00e4gt das FSC-Zertifikat. Er ist ein echter\",\"breadcrumb\":{\"@id\":\"https:\/\/hubsch-interior.com\/de\/produkt\/depth-spiegel-naturfarben\/#breadcrumb\"},\"inLanguage\":\"de\",\"potentialAction\":[{\"@type\":\"ReadAction\",\"target\":[\"https:\/\/hubsch-interior.com\/de\/produkt\/depth-spiegel-naturfarben\/\"]}]},{\"@type\":\"ImageObject\",\"inLanguage\":\"de\",\"@id\":\"https:\/\/hubsch-interior.com\/de\/produkt\/depth-spiegel-naturfarben\/#primaryimage\",\"url\":\"https:\/\/hubsch-interior.com\/wp-content\/uploads\/2026\/02\/depth-mirror-natural-3936b3b04bb6b9c3d97a04057e1613b7.jpg\",\"contentUrl\":\"https:\/\/hubsch-interior.com\/wp-content\/uploads\/2026\/02\/depth-mirror-natural-3936b3b04bb6b9c3d97a04057e1613b7.jpg\",\"width\":1024,\"height\":1024},{\"@type\":\"BreadcrumbList\",\"@id\":\"https:\/\/hubsch-interior.com\/de\/produkt\/depth-spiegel-naturfarben\/#breadcrumb\",\"itemListElement\":[{\"@type\":\"ListItem\",\"position\":1,\"name\":\"Startseite\",\"item\":\"https:\/\/hubsch-interior.com\/de\/\"},{\"@type\":\"ListItem\",\"position\":2,\"name\":\"Produkte\",\"item\":\"https:\/\/hubsch-interior.com\/de\/shop-2\/\"},{\"@type\":\"ListItem\",\"position\":3,\"name\":\"Wohnaccessoires\",\"item\":\"https:\/\/hubsch-interior.com\/de\/produkt-kategorie\/wohnaccessoires\/\"},{\"@type\":\"ListItem\",\"position\":4,\"name\":\"Spiegel\",\"item\":\"https:\/\/hubsch-interior.com\/de\/produkt-kategorie\/wohnaccessoires\/spiegel-de\/\"},{\"@type\":\"ListItem\",\"position\":5,\"name\":\"Wandspiegel\",\"item\":\"https:\/\/hubsch-interior.com\/de\/produkt-kategorie\/wohnaccessoires\/spiegel-de\/wandspiegel-de\/\"},{\"@type\":\"ListItem\",\"position\":6,\"name\":\"Depth Spiegel Naturfarben\"}]},{\"@type\":\"WebSite\",\"@id\":\"https:\/\/hubsch-interior.com\/de\/#website\",\"url\":\"https:\/\/hubsch-interior.com\/de\/\",\"name\":\"H\u00fcbsch\",\"description\":\"Danish Home Interior and Design\",\"publisher\":{\"@id\":\"https:\/\/hubsch-interior.com\/de\/#organization\"},\"potentialAction\":[{\"@type\":\"SearchAction\",\"target\":{\"@type\":\"EntryPoint\",\"urlTemplate\":\"https:\/\/hubsch-interior.com\/de\/?s={search_term_string}\"},\"query-input\":{\"@type\":\"PropertyValueSpecification\",\"valueRequired\":true,\"valueName\":\"search_term_string\"}}],\"inLanguage\":\"de\"},{\"@type\":\"Organization\",\"@id\":\"https:\/\/hubsch-interior.com\/de\/#organization\",\"name\":\"H\u00fcbsch\",\"url\":\"https:\/\/hubsch-interior.com\/de\/\",\"logo\":{\"@type\":\"ImageObject\",\"inLanguage\":\"de\",\"@id\":\"https:\/\/hubsch-interior.com\/de\/#\/schema\/logo\/image\/\",\"url\":\"https:\/\/hubsch-interior.com\/wp-content\/uploads\/2022\/12\/Hubsch_logo_black_one_line.svg\",\"contentUrl\":\"https:\/\/hubsch-interior.com\/wp-content\/uploads\/2022\/12\/Hubsch_logo_black_one_line.svg\",\"caption\":\"H\u00fcbsch\"},\"image\":{\"@id\":\"https:\/\/hubsch-interior.com\/de\/#\/schema\/logo\/image\/\"}}]}<\/script>\n<!-- \/ Yoast SEO plugin. -->","yoast_head_json":{"title":"Depth Spiegel Naturfarben - H\u00fcbsch","description":"Der Depth Spiegel Naturfarben ist aus hochwertigem Spiegelglas, Eichenfurnier und Eichenholz gefertigt und tr\u00e4gt das FSC-Zertifikat. Er ist ein echter","robots":{"index":"index","follow":"follow","max-snippet":"max-snippet:-1","max-image-preview":"max-image-preview:large","max-video-preview":"max-video-preview:-1"},"canonical":"https:\/\/hubsch-interior.com\/de\/wp-json\/wp\/v2\/product\/39587","og_locale":"de_DE","og_type":"article","og_title":"Depth Spiegel Naturfarben - H\u00fcbsch","og_description":"Der Depth Spiegel Naturfarben ist aus hochwertigem Spiegelglas, Eichenfurnier und Eichenholz gefertigt und tr\u00e4gt das FSC-Zertifikat. Er ist ein echter","og_url":"https:\/\/hubsch-interior.com\/de\/produkt\/depth-spiegel-naturfarben\/","og_site_name":"H\u00fcbsch","article_modified_time":"2026-04-05T02:50:23+00:00","og_image":[{"width":1200,"height":1200,"url":"https:\/\/hubsch-interior.com\/wp-content\/uploads\/2023\/08\/depth-mirror-natural-39996d7adde0979ac16094c8a15d0df6.jpg","type":"image\/jpeg"}],"twitter_card":"summary_large_image","schema":{"@context":"https:\/\/schema.org","@graph":[{"@type":"WebPage","@id":"https:\/\/hubsch-interior.com\/de\/produkt\/depth-spiegel-naturfarben\/","url":"https:\/\/hubsch-interior.com\/de\/produkt\/depth-spiegel-naturfarben\/","name":"Depth Spiegel Naturfarben - H\u00fcbsch","isPartOf":{"@id":"https:\/\/hubsch-interior.com\/de\/#website"},"primaryImageOfPage":{"@id":"https:\/\/hubsch-interior.com\/de\/produkt\/depth-spiegel-naturfarben\/#primaryimage"},"image":{"@id":"https:\/\/hubsch-interior.com\/de\/produkt\/depth-spiegel-naturfarben\/#primaryimage"},"thumbnailUrl":"https:\/\/hubsch-interior.com\/wp-content\/uploads\/2026\/02\/depth-mirror-natural-3936b3b04bb6b9c3d97a04057e1613b7.jpg","datePublished":"2020-12-15T08:49:43+00:00","dateModified":"2026-04-05T02:50:23+00:00","description":"Der Depth Spiegel Naturfarben ist aus hochwertigem Spiegelglas, Eichenfurnier und Eichenholz gefertigt und tr\u00e4gt das FSC-Zertifikat. Er ist ein echter","breadcrumb":{"@id":"https:\/\/hubsch-interior.com\/de\/produkt\/depth-spiegel-naturfarben\/#breadcrumb"},"inLanguage":"de","potentialAction":[{"@type":"ReadAction","target":["https:\/\/hubsch-interior.com\/de\/produkt\/depth-spiegel-naturfarben\/"]}]},{"@type":"ImageObject","inLanguage":"de","@id":"https:\/\/hubsch-interior.com\/de\/produkt\/depth-spiegel-naturfarben\/#primaryimage","url":"https:\/\/hubsch-interior.com\/wp-content\/uploads\/2026\/02\/depth-mirror-natural-3936b3b04bb6b9c3d97a04057e1613b7.jpg","contentUrl":"https:\/\/hubsch-interior.com\/wp-content\/uploads\/2026\/02\/depth-mirror-natural-3936b3b04bb6b9c3d97a04057e1613b7.jpg","width":1024,"height":1024},{"@type":"BreadcrumbList","@id":"https:\/\/hubsch-interior.com\/de\/produkt\/depth-spiegel-naturfarben\/#breadcrumb","itemListElement":[{"@type":"ListItem","position":1,"name":"Startseite","item":"https:\/\/hubsch-interior.com\/de\/"},{"@type":"ListItem","position":2,"name":"Produkte","item":"https:\/\/hubsch-interior.com\/de\/shop-2\/"},{"@type":"ListItem","position":3,"name":"Wohnaccessoires","item":"https:\/\/hubsch-interior.com\/de\/produkt-kategorie\/wohnaccessoires\/"},{"@type":"ListItem","position":4,"name":"Spiegel","item":"https:\/\/hubsch-interior.com\/de\/produkt-kategorie\/wohnaccessoires\/spiegel-de\/"},{"@type":"ListItem","position":5,"name":"Wandspiegel","item":"https:\/\/hubsch-interior.com\/de\/produkt-kategorie\/wohnaccessoires\/spiegel-de\/wandspiegel-de\/"},{"@type":"ListItem","position":6,"name":"Depth Spiegel Naturfarben"}]},{"@type":"WebSite","@id":"https:\/\/hubsch-interior.com\/de\/#website","url":"https:\/\/hubsch-interior.com\/de\/","name":"H\u00fcbsch","description":"Danish Home Interior and Design","publisher":{"@id":"https:\/\/hubsch-interior.com\/de\/#organization"},"potentialAction":[{"@type":"SearchAction","target":{"@type":"EntryPoint","urlTemplate":"https:\/\/hubsch-interior.com\/de\/?s={search_term_string}"},"query-input":{"@type":"PropertyValueSpecification","valueRequired":true,"valueName":"search_term_string"}}],"inLanguage":"de"},{"@type":"Organization","@id":"https:\/\/hubsch-interior.com\/de\/#organization","name":"H\u00fcbsch","url":"https:\/\/hubsch-interior.com\/de\/","logo":{"@type":"ImageObject","inLanguage":"de","@id":"https:\/\/hubsch-interior.com\/de\/#\/schema\/logo\/image\/","url":"https:\/\/hubsch-interior.com\/wp-content\/uploads\/2022\/12\/Hubsch_logo_black_one_line.svg","contentUrl":"https:\/\/hubsch-interior.com\/wp-content\/uploads\/2022\/12\/Hubsch_logo_black_one_line.svg","caption":"H\u00fcbsch"},"image":{"@id":"https:\/\/hubsch-interior.com\/de\/#\/schema\/logo\/image\/"}}]}},"_links":{"self":[{"href":"https:\/\/hubsch-interior.com\/de\/wp-json\/wp\/v2\/product\/39587","targetHints":{"allow":["GET"]}}],"collection":[{"href":"https:\/\/hubsch-interior.com\/de\/wp-json\/wp\/v2\/product"}],"about":[{"href":"https:\/\/hubsch-interior.com\/de\/wp-json\/wp\/v2\/types\/product"}],"wp:featuredmedia":[{"embeddable":true,"href":"https:\/\/hubsch-interior.com\/de\/wp-json\/wp\/v2\/media\/1102197"}],"wp:attachment":[{"href":"https:\/\/hubsch-interior.com\/de\/wp-json\/wp\/v2\/media?parent=39587"}],"wp:term":[{"taxonomy":"product_brand","embeddable":true,"href":"https:\/\/hubsch-interior.com\/de\/wp-json\/wp\/v2\/product_brand?post=39587"},{"taxonomy":"product_cat","embeddable":true,"href":"https:\/\/hubsch-interior.com\/de\/wp-json\/wp\/v2\/product_cat?post=39587"},{"taxonomy":"product_tag","embeddable":true,"href":"https:\/\/hubsch-interior.com\/de\/wp-json\/wp\/v2\/product_tag?post=39587"}],"curies":[{"name":"wp","href":"https:\/\/api.w.org\/{rel}","templated":true}]}}