{"id":396017,"date":"2021-06-04T10:12:19","date_gmt":"2021-06-04T08:12:19","guid":{"rendered":"https:\/\/hubsch-interior.com\/shop-b2c\/product\/product-6\/"},"modified":"2026-04-09T04:59:59","modified_gmt":"2026-04-09T02:59:59","slug":"shy-tischlampe-weis","status":"publish","type":"product","link":"https:\/\/hubsch-interior.com\/de\/produkt\/shy-tischlampe-weis\/","title":{"rendered":"Shy Tischlampe Wei\u00df"},"content":{"rendered":"<p>Die Tischlampe besteht aus wei\u00df lackiertem Metall. Die Lampe hat ein modernes industrielles Aussehen und kann auf einem Schreibtisch, einem Beistelltisch oder im Fenster aufgestellt werden. Die wei\u00dfe Farbe reflektiert sowohl das Licht der Umgebung als auch das eigene Licht der Lampe.<\/p>\n","protected":false},"excerpt":{"rendered":"<p>Die Tischlampe besteht aus wei\u00df lackiertem Metall. Die Lampe hat ein modernes industrielles Aussehen und kann auf einem Schreibtisch, einem Beistelltisch oder im Fenster aufgestellt werden. Die wei\u00dfe Farbe reflektiert sowohl das Licht der Umgebung als auch das eigene Licht der Lampe.<\/p>\n","protected":false},"featured_media":1105830,"template":"","meta":{"_acf_changed":false,"inline_featured_image":false},"product_brand":[],"product_cat":[3809,3501],"product_tag":[],"class_list":{"0":"post-396017","1":"product","2":"type-product","3":"status-publish","4":"has-post-thumbnail","6":"product_cat-beleuchtung","7":"product_cat-tischlampen-de","8":"product_shipping_class-pk","10":"pa_color-wei","11":"pa_material-eisen-de","13":"first","14":"instock","15":"taxable","16":"shipping-taxable","17":"purchasable","18":"product-type-simple"},"exclude_global_add_ons":[],"addons":[],"acf":[],"yoast_head":"<!-- This site is optimized with the Yoast SEO plugin v26.4 - https:\/\/yoast.com\/wordpress\/plugins\/seo\/ -->\n<title>Shy Tischlampe Wei\u00df - H\u00fcbsch<\/title>\n<meta name=\"description\" content=\"Die Tischlampe besteht aus wei\u00df lackiertem Metall. Die Lampe hat ein modernes industrielles Aussehen und kann auf einem Schreibtisch, einem Beistelltisch\" \/>\n<meta name=\"robots\" content=\"index, follow, max-snippet:-1, max-image-preview:large, max-video-preview:-1\" \/>\n<link rel=\"canonical\" href=\"https:\/\/hubsch-interior.com\/de\/wp-json\/wp\/v2\/product\/396017\" \/>\n<meta property=\"og:locale\" content=\"de_DE\" \/>\n<meta property=\"og:type\" content=\"article\" \/>\n<meta property=\"og:title\" content=\"Shy Tischlampe Wei\u00df - H\u00fcbsch\" \/>\n<meta property=\"og:description\" content=\"Die Tischlampe besteht aus wei\u00df lackiertem Metall. Die Lampe hat ein modernes industrielles Aussehen und kann auf einem Schreibtisch, einem Beistelltisch\" \/>\n<meta property=\"og:url\" content=\"https:\/\/hubsch-interior.com\/de\/produkt\/shy-tischlampe-weis\/\" \/>\n<meta property=\"og:site_name\" content=\"H\u00fcbsch\" \/>\n<meta property=\"article:modified_time\" content=\"2026-04-09T02:59:59+00:00\" \/>\n<meta property=\"og:image\" content=\"https:\/\/hubsch-interior.com\/wp-content\/uploads\/2024\/07\/shy-table-lamp-white-4ca551efe18f47b9825dc424a285efd8.jpg\" \/>\n\t<meta property=\"og:image:width\" content=\"1200\" \/>\n\t<meta property=\"og:image:height\" content=\"1200\" \/>\n\t<meta property=\"og:image:type\" content=\"image\/jpeg\" \/>\n<meta name=\"twitter:card\" content=\"summary_large_image\" \/>\n<script type=\"application\/ld+json\" class=\"yoast-schema-graph\">{\"@context\":\"https:\/\/schema.org\",\"@graph\":[{\"@type\":\"WebPage\",\"@id\":\"https:\/\/hubsch-interior.com\/de\/produkt\/shy-tischlampe-weis\/\",\"url\":\"https:\/\/hubsch-interior.com\/de\/produkt\/shy-tischlampe-weis\/\",\"name\":\"Shy Tischlampe Wei\u00df - H\u00fcbsch\",\"isPartOf\":{\"@id\":\"https:\/\/hubsch-interior.com\/de\/#website\"},\"primaryImageOfPage\":{\"@id\":\"https:\/\/hubsch-interior.com\/de\/produkt\/shy-tischlampe-weis\/#primaryimage\"},\"image\":{\"@id\":\"https:\/\/hubsch-interior.com\/de\/produkt\/shy-tischlampe-weis\/#primaryimage\"},\"thumbnailUrl\":\"https:\/\/hubsch-interior.com\/wp-content\/uploads\/2026\/02\/shy-table-lamp-white-d6fe6b6484cecc33cb6a5f1ebe082c07.jpg\",\"datePublished\":\"2021-06-04T08:12:19+00:00\",\"dateModified\":\"2026-04-09T02:59:59+00:00\",\"description\":\"Die Tischlampe besteht aus wei\u00df lackiertem Metall. Die Lampe hat ein modernes industrielles Aussehen und kann auf einem Schreibtisch, einem Beistelltisch\",\"breadcrumb\":{\"@id\":\"https:\/\/hubsch-interior.com\/de\/produkt\/shy-tischlampe-weis\/#breadcrumb\"},\"inLanguage\":\"de\",\"potentialAction\":[{\"@type\":\"ReadAction\",\"target\":[\"https:\/\/hubsch-interior.com\/de\/produkt\/shy-tischlampe-weis\/\"]}]},{\"@type\":\"ImageObject\",\"inLanguage\":\"de\",\"@id\":\"https:\/\/hubsch-interior.com\/de\/produkt\/shy-tischlampe-weis\/#primaryimage\",\"url\":\"https:\/\/hubsch-interior.com\/wp-content\/uploads\/2026\/02\/shy-table-lamp-white-d6fe6b6484cecc33cb6a5f1ebe082c07.jpg\",\"contentUrl\":\"https:\/\/hubsch-interior.com\/wp-content\/uploads\/2026\/02\/shy-table-lamp-white-d6fe6b6484cecc33cb6a5f1ebe082c07.jpg\",\"width\":1024,\"height\":1024},{\"@type\":\"BreadcrumbList\",\"@id\":\"https:\/\/hubsch-interior.com\/de\/produkt\/shy-tischlampe-weis\/#breadcrumb\",\"itemListElement\":[{\"@type\":\"ListItem\",\"position\":1,\"name\":\"Startseite\",\"item\":\"https:\/\/hubsch-interior.com\/de\/\"},{\"@type\":\"ListItem\",\"position\":2,\"name\":\"Produkte\",\"item\":\"https:\/\/hubsch-interior.com\/de\/shop-2\/\"},{\"@type\":\"ListItem\",\"position\":3,\"name\":\"Beleuchtung\",\"item\":\"https:\/\/hubsch-interior.com\/de\/produkt-kategorie\/beleuchtung\/\"},{\"@type\":\"ListItem\",\"position\":4,\"name\":\"Tischlampen\",\"item\":\"https:\/\/hubsch-interior.com\/de\/produkt-kategorie\/beleuchtung\/tischlampen-de\/\"},{\"@type\":\"ListItem\",\"position\":5,\"name\":\"Shy Tischlampe Wei\u00df\"}]},{\"@type\":\"WebSite\",\"@id\":\"https:\/\/hubsch-interior.com\/de\/#website\",\"url\":\"https:\/\/hubsch-interior.com\/de\/\",\"name\":\"H\u00fcbsch\",\"description\":\"Danish Home Interior and Design\",\"publisher\":{\"@id\":\"https:\/\/hubsch-interior.com\/de\/#organization\"},\"potentialAction\":[{\"@type\":\"SearchAction\",\"target\":{\"@type\":\"EntryPoint\",\"urlTemplate\":\"https:\/\/hubsch-interior.com\/de\/?s={search_term_string}\"},\"query-input\":{\"@type\":\"PropertyValueSpecification\",\"valueRequired\":true,\"valueName\":\"search_term_string\"}}],\"inLanguage\":\"de\"},{\"@type\":\"Organization\",\"@id\":\"https:\/\/hubsch-interior.com\/de\/#organization\",\"name\":\"H\u00fcbsch\",\"url\":\"https:\/\/hubsch-interior.com\/de\/\",\"logo\":{\"@type\":\"ImageObject\",\"inLanguage\":\"de\",\"@id\":\"https:\/\/hubsch-interior.com\/de\/#\/schema\/logo\/image\/\",\"url\":\"https:\/\/hubsch-interior.com\/wp-content\/uploads\/2022\/12\/Hubsch_logo_black_one_line.svg\",\"contentUrl\":\"https:\/\/hubsch-interior.com\/wp-content\/uploads\/2022\/12\/Hubsch_logo_black_one_line.svg\",\"caption\":\"H\u00fcbsch\"},\"image\":{\"@id\":\"https:\/\/hubsch-interior.com\/de\/#\/schema\/logo\/image\/\"}}]}<\/script>\n<!-- \/ Yoast SEO plugin. -->","yoast_head_json":{"title":"Shy Tischlampe Wei\u00df - H\u00fcbsch","description":"Die Tischlampe besteht aus wei\u00df lackiertem Metall. Die Lampe hat ein modernes industrielles Aussehen und kann auf einem Schreibtisch, einem Beistelltisch","robots":{"index":"index","follow":"follow","max-snippet":"max-snippet:-1","max-image-preview":"max-image-preview:large","max-video-preview":"max-video-preview:-1"},"canonical":"https:\/\/hubsch-interior.com\/de\/wp-json\/wp\/v2\/product\/396017","og_locale":"de_DE","og_type":"article","og_title":"Shy Tischlampe Wei\u00df - H\u00fcbsch","og_description":"Die Tischlampe besteht aus wei\u00df lackiertem Metall. Die Lampe hat ein modernes industrielles Aussehen und kann auf einem Schreibtisch, einem Beistelltisch","og_url":"https:\/\/hubsch-interior.com\/de\/produkt\/shy-tischlampe-weis\/","og_site_name":"H\u00fcbsch","article_modified_time":"2026-04-09T02:59:59+00:00","og_image":[{"width":1200,"height":1200,"url":"https:\/\/hubsch-interior.com\/wp-content\/uploads\/2024\/07\/shy-table-lamp-white-4ca551efe18f47b9825dc424a285efd8.jpg","type":"image\/jpeg"}],"twitter_card":"summary_large_image","schema":{"@context":"https:\/\/schema.org","@graph":[{"@type":"WebPage","@id":"https:\/\/hubsch-interior.com\/de\/produkt\/shy-tischlampe-weis\/","url":"https:\/\/hubsch-interior.com\/de\/produkt\/shy-tischlampe-weis\/","name":"Shy Tischlampe Wei\u00df - H\u00fcbsch","isPartOf":{"@id":"https:\/\/hubsch-interior.com\/de\/#website"},"primaryImageOfPage":{"@id":"https:\/\/hubsch-interior.com\/de\/produkt\/shy-tischlampe-weis\/#primaryimage"},"image":{"@id":"https:\/\/hubsch-interior.com\/de\/produkt\/shy-tischlampe-weis\/#primaryimage"},"thumbnailUrl":"https:\/\/hubsch-interior.com\/wp-content\/uploads\/2026\/02\/shy-table-lamp-white-d6fe6b6484cecc33cb6a5f1ebe082c07.jpg","datePublished":"2021-06-04T08:12:19+00:00","dateModified":"2026-04-09T02:59:59+00:00","description":"Die Tischlampe besteht aus wei\u00df lackiertem Metall. Die Lampe hat ein modernes industrielles Aussehen und kann auf einem Schreibtisch, einem Beistelltisch","breadcrumb":{"@id":"https:\/\/hubsch-interior.com\/de\/produkt\/shy-tischlampe-weis\/#breadcrumb"},"inLanguage":"de","potentialAction":[{"@type":"ReadAction","target":["https:\/\/hubsch-interior.com\/de\/produkt\/shy-tischlampe-weis\/"]}]},{"@type":"ImageObject","inLanguage":"de","@id":"https:\/\/hubsch-interior.com\/de\/produkt\/shy-tischlampe-weis\/#primaryimage","url":"https:\/\/hubsch-interior.com\/wp-content\/uploads\/2026\/02\/shy-table-lamp-white-d6fe6b6484cecc33cb6a5f1ebe082c07.jpg","contentUrl":"https:\/\/hubsch-interior.com\/wp-content\/uploads\/2026\/02\/shy-table-lamp-white-d6fe6b6484cecc33cb6a5f1ebe082c07.jpg","width":1024,"height":1024},{"@type":"BreadcrumbList","@id":"https:\/\/hubsch-interior.com\/de\/produkt\/shy-tischlampe-weis\/#breadcrumb","itemListElement":[{"@type":"ListItem","position":1,"name":"Startseite","item":"https:\/\/hubsch-interior.com\/de\/"},{"@type":"ListItem","position":2,"name":"Produkte","item":"https:\/\/hubsch-interior.com\/de\/shop-2\/"},{"@type":"ListItem","position":3,"name":"Beleuchtung","item":"https:\/\/hubsch-interior.com\/de\/produkt-kategorie\/beleuchtung\/"},{"@type":"ListItem","position":4,"name":"Tischlampen","item":"https:\/\/hubsch-interior.com\/de\/produkt-kategorie\/beleuchtung\/tischlampen-de\/"},{"@type":"ListItem","position":5,"name":"Shy Tischlampe Wei\u00df"}]},{"@type":"WebSite","@id":"https:\/\/hubsch-interior.com\/de\/#website","url":"https:\/\/hubsch-interior.com\/de\/","name":"H\u00fcbsch","description":"Danish Home Interior and Design","publisher":{"@id":"https:\/\/hubsch-interior.com\/de\/#organization"},"potentialAction":[{"@type":"SearchAction","target":{"@type":"EntryPoint","urlTemplate":"https:\/\/hubsch-interior.com\/de\/?s={search_term_string}"},"query-input":{"@type":"PropertyValueSpecification","valueRequired":true,"valueName":"search_term_string"}}],"inLanguage":"de"},{"@type":"Organization","@id":"https:\/\/hubsch-interior.com\/de\/#organization","name":"H\u00fcbsch","url":"https:\/\/hubsch-interior.com\/de\/","logo":{"@type":"ImageObject","inLanguage":"de","@id":"https:\/\/hubsch-interior.com\/de\/#\/schema\/logo\/image\/","url":"https:\/\/hubsch-interior.com\/wp-content\/uploads\/2022\/12\/Hubsch_logo_black_one_line.svg","contentUrl":"https:\/\/hubsch-interior.com\/wp-content\/uploads\/2022\/12\/Hubsch_logo_black_one_line.svg","caption":"H\u00fcbsch"},"image":{"@id":"https:\/\/hubsch-interior.com\/de\/#\/schema\/logo\/image\/"}}]}},"_links":{"self":[{"href":"https:\/\/hubsch-interior.com\/de\/wp-json\/wp\/v2\/product\/396017","targetHints":{"allow":["GET"]}}],"collection":[{"href":"https:\/\/hubsch-interior.com\/de\/wp-json\/wp\/v2\/product"}],"about":[{"href":"https:\/\/hubsch-interior.com\/de\/wp-json\/wp\/v2\/types\/product"}],"wp:featuredmedia":[{"embeddable":true,"href":"https:\/\/hubsch-interior.com\/de\/wp-json\/wp\/v2\/media\/1105830"}],"wp:attachment":[{"href":"https:\/\/hubsch-interior.com\/de\/wp-json\/wp\/v2\/media?parent=396017"}],"wp:term":[{"taxonomy":"product_brand","embeddable":true,"href":"https:\/\/hubsch-interior.com\/de\/wp-json\/wp\/v2\/product_brand?post=396017"},{"taxonomy":"product_cat","embeddable":true,"href":"https:\/\/hubsch-interior.com\/de\/wp-json\/wp\/v2\/product_cat?post=396017"},{"taxonomy":"product_tag","embeddable":true,"href":"https:\/\/hubsch-interior.com\/de\/wp-json\/wp\/v2\/product_tag?post=396017"}],"curies":[{"name":"wp","href":"https:\/\/api.w.org\/{rel}","templated":true}]}}