{"id":396613,"date":"2021-06-04T10:14:41","date_gmt":"2021-06-04T08:14:41","guid":{"rendered":"https:\/\/hubsch-interior.com\/shop-b2c\/product\/product-6\/"},"modified":"2026-04-11T05:07:58","modified_gmt":"2026-04-11T03:07:58","slug":"elegant-hangelampe-schwarz","status":"publish","type":"product","link":"https:\/\/hubsch-interior.com\/de\/produkt\/elegant-hangelampe-schwarz\/","title":{"rendered":"Elegant H\u00e4ngelampe Schwarz"},"content":{"rendered":"<p>Diese einzigartige Lampe besteht aus schwarzem Marmor. Die Messingdetails sowie die Gl\u00fchbirne machen diese Lampe elegant und modern. Stellen Sie die Lampe in den Flur, ins Wohnzimmer oder in die K\u00fcche, um Ihrem Zuhause einen Hauch von Eleganz zu verleihen.<\/p>\n","protected":false},"excerpt":{"rendered":"<p>Diese einzigartige Lampe besteht aus schwarzem Marmor. Die Messingdetails sowie die Gl\u00fchbirne machen diese Lampe elegant und modern. Stellen Sie die Lampe in den Flur, ins Wohnzimmer oder in die K\u00fcche, um Ihrem Zuhause einen Hauch von Eleganz zu verleihen.<\/p>\n","protected":false},"featured_media":1108622,"template":"","meta":{"_acf_changed":false,"inline_featured_image":false},"product_brand":[],"product_cat":[3809,4148],"product_tag":[],"class_list":{"0":"post-396613","1":"product","2":"type-product","3":"status-publish","4":"has-post-thumbnail","6":"product_cat-beleuchtung","7":"product_cat-haengelampen-de","8":"product_shipping_class-pk","10":"pa_color-schwarz","11":"pa_material-marmor-de","12":"pa_material-messingfarben-2","14":"first","15":"instock","16":"taxable","17":"shipping-taxable","18":"purchasable","19":"product-type-simple"},"exclude_global_add_ons":[],"addons":[],"acf":[],"yoast_head":"<!-- This site is optimized with the Yoast SEO plugin v26.4 - https:\/\/yoast.com\/wordpress\/plugins\/seo\/ -->\n<title>Elegant H\u00e4ngelampe Schwarz - H\u00fcbsch<\/title>\n<meta name=\"description\" content=\"Diese einzigartige Lampe besteht aus schwarzem Marmor. Die Messingdetails sowie die Gl\u00fchbirne machen diese Lampe elegant und modern. Stellen Sie die Lampe\" \/>\n<meta name=\"robots\" content=\"index, follow, max-snippet:-1, max-image-preview:large, max-video-preview:-1\" \/>\n<link rel=\"canonical\" href=\"https:\/\/hubsch-interior.com\/de\/wp-json\/wp\/v2\/product\/396613\" \/>\n<meta property=\"og:locale\" content=\"de_DE\" \/>\n<meta property=\"og:type\" content=\"article\" \/>\n<meta property=\"og:title\" content=\"Elegant H\u00e4ngelampe Schwarz - H\u00fcbsch\" \/>\n<meta property=\"og:description\" content=\"Diese einzigartige Lampe besteht aus schwarzem Marmor. Die Messingdetails sowie die Gl\u00fchbirne machen diese Lampe elegant und modern. Stellen Sie die Lampe\" \/>\n<meta property=\"og:url\" content=\"https:\/\/hubsch-interior.com\/de\/produkt\/elegant-hangelampe-schwarz\/\" \/>\n<meta property=\"og:site_name\" content=\"H\u00fcbsch\" \/>\n<meta property=\"article:modified_time\" content=\"2026-04-11T03:07:58+00:00\" \/>\n<meta property=\"og:image\" content=\"https:\/\/hubsch-interior.com\/wp-content\/uploads\/2025\/05\/elegant-pendant-black-38f1dd4044c70eb99f29c1f09a643f82.jpg\" \/>\n\t<meta property=\"og:image:width\" content=\"1200\" \/>\n\t<meta property=\"og:image:height\" content=\"1200\" \/>\n\t<meta property=\"og:image:type\" content=\"image\/jpeg\" \/>\n<meta name=\"twitter:card\" content=\"summary_large_image\" \/>\n<script type=\"application\/ld+json\" class=\"yoast-schema-graph\">{\"@context\":\"https:\/\/schema.org\",\"@graph\":[{\"@type\":\"WebPage\",\"@id\":\"https:\/\/hubsch-interior.com\/de\/produkt\/elegant-hangelampe-schwarz\/\",\"url\":\"https:\/\/hubsch-interior.com\/de\/produkt\/elegant-hangelampe-schwarz\/\",\"name\":\"Elegant H\u00e4ngelampe Schwarz - H\u00fcbsch\",\"isPartOf\":{\"@id\":\"https:\/\/hubsch-interior.com\/de\/#website\"},\"primaryImageOfPage\":{\"@id\":\"https:\/\/hubsch-interior.com\/de\/produkt\/elegant-hangelampe-schwarz\/#primaryimage\"},\"image\":{\"@id\":\"https:\/\/hubsch-interior.com\/de\/produkt\/elegant-hangelampe-schwarz\/#primaryimage\"},\"thumbnailUrl\":\"https:\/\/hubsch-interior.com\/wp-content\/uploads\/2026\/02\/elegant-pendant-black-4a898b0de2d020a5e12dd546482f8132.jpg\",\"datePublished\":\"2021-06-04T08:14:41+00:00\",\"dateModified\":\"2026-04-11T03:07:58+00:00\",\"description\":\"Diese einzigartige Lampe besteht aus schwarzem Marmor. Die Messingdetails sowie die Gl\u00fchbirne machen diese Lampe elegant und modern. Stellen Sie die Lampe\",\"breadcrumb\":{\"@id\":\"https:\/\/hubsch-interior.com\/de\/produkt\/elegant-hangelampe-schwarz\/#breadcrumb\"},\"inLanguage\":\"de\",\"potentialAction\":[{\"@type\":\"ReadAction\",\"target\":[\"https:\/\/hubsch-interior.com\/de\/produkt\/elegant-hangelampe-schwarz\/\"]}]},{\"@type\":\"ImageObject\",\"inLanguage\":\"de\",\"@id\":\"https:\/\/hubsch-interior.com\/de\/produkt\/elegant-hangelampe-schwarz\/#primaryimage\",\"url\":\"https:\/\/hubsch-interior.com\/wp-content\/uploads\/2026\/02\/elegant-pendant-black-4a898b0de2d020a5e12dd546482f8132.jpg\",\"contentUrl\":\"https:\/\/hubsch-interior.com\/wp-content\/uploads\/2026\/02\/elegant-pendant-black-4a898b0de2d020a5e12dd546482f8132.jpg\",\"width\":1024,\"height\":1024},{\"@type\":\"BreadcrumbList\",\"@id\":\"https:\/\/hubsch-interior.com\/de\/produkt\/elegant-hangelampe-schwarz\/#breadcrumb\",\"itemListElement\":[{\"@type\":\"ListItem\",\"position\":1,\"name\":\"Startseite\",\"item\":\"https:\/\/hubsch-interior.com\/de\/\"},{\"@type\":\"ListItem\",\"position\":2,\"name\":\"Produkte\",\"item\":\"https:\/\/hubsch-interior.com\/de\/shop-2\/\"},{\"@type\":\"ListItem\",\"position\":3,\"name\":\"Beleuchtung\",\"item\":\"https:\/\/hubsch-interior.com\/de\/produkt-kategorie\/beleuchtung\/\"},{\"@type\":\"ListItem\",\"position\":4,\"name\":\"H&auml;ngelampen\",\"item\":\"https:\/\/hubsch-interior.com\/de\/produkt-kategorie\/beleuchtung\/haengelampen-de\/\"},{\"@type\":\"ListItem\",\"position\":5,\"name\":\"Elegant H\u00e4ngelampe Schwarz\"}]},{\"@type\":\"WebSite\",\"@id\":\"https:\/\/hubsch-interior.com\/de\/#website\",\"url\":\"https:\/\/hubsch-interior.com\/de\/\",\"name\":\"H\u00fcbsch\",\"description\":\"Danish Home Interior and Design\",\"publisher\":{\"@id\":\"https:\/\/hubsch-interior.com\/de\/#organization\"},\"potentialAction\":[{\"@type\":\"SearchAction\",\"target\":{\"@type\":\"EntryPoint\",\"urlTemplate\":\"https:\/\/hubsch-interior.com\/de\/?s={search_term_string}\"},\"query-input\":{\"@type\":\"PropertyValueSpecification\",\"valueRequired\":true,\"valueName\":\"search_term_string\"}}],\"inLanguage\":\"de\"},{\"@type\":\"Organization\",\"@id\":\"https:\/\/hubsch-interior.com\/de\/#organization\",\"name\":\"H\u00fcbsch\",\"url\":\"https:\/\/hubsch-interior.com\/de\/\",\"logo\":{\"@type\":\"ImageObject\",\"inLanguage\":\"de\",\"@id\":\"https:\/\/hubsch-interior.com\/de\/#\/schema\/logo\/image\/\",\"url\":\"https:\/\/hubsch-interior.com\/wp-content\/uploads\/2022\/12\/Hubsch_logo_black_one_line.svg\",\"contentUrl\":\"https:\/\/hubsch-interior.com\/wp-content\/uploads\/2022\/12\/Hubsch_logo_black_one_line.svg\",\"caption\":\"H\u00fcbsch\"},\"image\":{\"@id\":\"https:\/\/hubsch-interior.com\/de\/#\/schema\/logo\/image\/\"}}]}<\/script>\n<!-- \/ Yoast SEO plugin. -->","yoast_head_json":{"title":"Elegant H\u00e4ngelampe Schwarz - H\u00fcbsch","description":"Diese einzigartige Lampe besteht aus schwarzem Marmor. Die Messingdetails sowie die Gl\u00fchbirne machen diese Lampe elegant und modern. Stellen Sie die Lampe","robots":{"index":"index","follow":"follow","max-snippet":"max-snippet:-1","max-image-preview":"max-image-preview:large","max-video-preview":"max-video-preview:-1"},"canonical":"https:\/\/hubsch-interior.com\/de\/wp-json\/wp\/v2\/product\/396613","og_locale":"de_DE","og_type":"article","og_title":"Elegant H\u00e4ngelampe Schwarz - H\u00fcbsch","og_description":"Diese einzigartige Lampe besteht aus schwarzem Marmor. Die Messingdetails sowie die Gl\u00fchbirne machen diese Lampe elegant und modern. Stellen Sie die Lampe","og_url":"https:\/\/hubsch-interior.com\/de\/produkt\/elegant-hangelampe-schwarz\/","og_site_name":"H\u00fcbsch","article_modified_time":"2026-04-11T03:07:58+00:00","og_image":[{"width":1200,"height":1200,"url":"https:\/\/hubsch-interior.com\/wp-content\/uploads\/2025\/05\/elegant-pendant-black-38f1dd4044c70eb99f29c1f09a643f82.jpg","type":"image\/jpeg"}],"twitter_card":"summary_large_image","schema":{"@context":"https:\/\/schema.org","@graph":[{"@type":"WebPage","@id":"https:\/\/hubsch-interior.com\/de\/produkt\/elegant-hangelampe-schwarz\/","url":"https:\/\/hubsch-interior.com\/de\/produkt\/elegant-hangelampe-schwarz\/","name":"Elegant H\u00e4ngelampe Schwarz - H\u00fcbsch","isPartOf":{"@id":"https:\/\/hubsch-interior.com\/de\/#website"},"primaryImageOfPage":{"@id":"https:\/\/hubsch-interior.com\/de\/produkt\/elegant-hangelampe-schwarz\/#primaryimage"},"image":{"@id":"https:\/\/hubsch-interior.com\/de\/produkt\/elegant-hangelampe-schwarz\/#primaryimage"},"thumbnailUrl":"https:\/\/hubsch-interior.com\/wp-content\/uploads\/2026\/02\/elegant-pendant-black-4a898b0de2d020a5e12dd546482f8132.jpg","datePublished":"2021-06-04T08:14:41+00:00","dateModified":"2026-04-11T03:07:58+00:00","description":"Diese einzigartige Lampe besteht aus schwarzem Marmor. Die Messingdetails sowie die Gl\u00fchbirne machen diese Lampe elegant und modern. Stellen Sie die Lampe","breadcrumb":{"@id":"https:\/\/hubsch-interior.com\/de\/produkt\/elegant-hangelampe-schwarz\/#breadcrumb"},"inLanguage":"de","potentialAction":[{"@type":"ReadAction","target":["https:\/\/hubsch-interior.com\/de\/produkt\/elegant-hangelampe-schwarz\/"]}]},{"@type":"ImageObject","inLanguage":"de","@id":"https:\/\/hubsch-interior.com\/de\/produkt\/elegant-hangelampe-schwarz\/#primaryimage","url":"https:\/\/hubsch-interior.com\/wp-content\/uploads\/2026\/02\/elegant-pendant-black-4a898b0de2d020a5e12dd546482f8132.jpg","contentUrl":"https:\/\/hubsch-interior.com\/wp-content\/uploads\/2026\/02\/elegant-pendant-black-4a898b0de2d020a5e12dd546482f8132.jpg","width":1024,"height":1024},{"@type":"BreadcrumbList","@id":"https:\/\/hubsch-interior.com\/de\/produkt\/elegant-hangelampe-schwarz\/#breadcrumb","itemListElement":[{"@type":"ListItem","position":1,"name":"Startseite","item":"https:\/\/hubsch-interior.com\/de\/"},{"@type":"ListItem","position":2,"name":"Produkte","item":"https:\/\/hubsch-interior.com\/de\/shop-2\/"},{"@type":"ListItem","position":3,"name":"Beleuchtung","item":"https:\/\/hubsch-interior.com\/de\/produkt-kategorie\/beleuchtung\/"},{"@type":"ListItem","position":4,"name":"H&auml;ngelampen","item":"https:\/\/hubsch-interior.com\/de\/produkt-kategorie\/beleuchtung\/haengelampen-de\/"},{"@type":"ListItem","position":5,"name":"Elegant H\u00e4ngelampe Schwarz"}]},{"@type":"WebSite","@id":"https:\/\/hubsch-interior.com\/de\/#website","url":"https:\/\/hubsch-interior.com\/de\/","name":"H\u00fcbsch","description":"Danish Home Interior and Design","publisher":{"@id":"https:\/\/hubsch-interior.com\/de\/#organization"},"potentialAction":[{"@type":"SearchAction","target":{"@type":"EntryPoint","urlTemplate":"https:\/\/hubsch-interior.com\/de\/?s={search_term_string}"},"query-input":{"@type":"PropertyValueSpecification","valueRequired":true,"valueName":"search_term_string"}}],"inLanguage":"de"},{"@type":"Organization","@id":"https:\/\/hubsch-interior.com\/de\/#organization","name":"H\u00fcbsch","url":"https:\/\/hubsch-interior.com\/de\/","logo":{"@type":"ImageObject","inLanguage":"de","@id":"https:\/\/hubsch-interior.com\/de\/#\/schema\/logo\/image\/","url":"https:\/\/hubsch-interior.com\/wp-content\/uploads\/2022\/12\/Hubsch_logo_black_one_line.svg","contentUrl":"https:\/\/hubsch-interior.com\/wp-content\/uploads\/2022\/12\/Hubsch_logo_black_one_line.svg","caption":"H\u00fcbsch"},"image":{"@id":"https:\/\/hubsch-interior.com\/de\/#\/schema\/logo\/image\/"}}]}},"_links":{"self":[{"href":"https:\/\/hubsch-interior.com\/de\/wp-json\/wp\/v2\/product\/396613","targetHints":{"allow":["GET"]}}],"collection":[{"href":"https:\/\/hubsch-interior.com\/de\/wp-json\/wp\/v2\/product"}],"about":[{"href":"https:\/\/hubsch-interior.com\/de\/wp-json\/wp\/v2\/types\/product"}],"wp:featuredmedia":[{"embeddable":true,"href":"https:\/\/hubsch-interior.com\/de\/wp-json\/wp\/v2\/media\/1108622"}],"wp:attachment":[{"href":"https:\/\/hubsch-interior.com\/de\/wp-json\/wp\/v2\/media?parent=396613"}],"wp:term":[{"taxonomy":"product_brand","embeddable":true,"href":"https:\/\/hubsch-interior.com\/de\/wp-json\/wp\/v2\/product_brand?post=396613"},{"taxonomy":"product_cat","embeddable":true,"href":"https:\/\/hubsch-interior.com\/de\/wp-json\/wp\/v2\/product_cat?post=396613"},{"taxonomy":"product_tag","embeddable":true,"href":"https:\/\/hubsch-interior.com\/de\/wp-json\/wp\/v2\/product_tag?post=396613"}],"curies":[{"name":"wp","href":"https:\/\/api.w.org\/{rel}","templated":true}]}}