{"id":396701,"date":"2021-06-04T10:15:01","date_gmt":"2021-06-04T08:15:01","guid":{"rendered":"https:\/\/hubsch-interior.com\/shop-b2c\/product\/product-6\/"},"modified":"2026-04-09T05:11:53","modified_gmt":"2026-04-09T03:11:53","slug":"double-magazinhalter-mit-haken-rot","status":"publish","type":"product","link":"https:\/\/hubsch-interior.com\/de\/produkt\/double-magazinhalter-mit-haken-rot\/","title":{"rendered":"Double Magazinhalter mit Haken Rot"},"content":{"rendered":"<p>Der Haken besteht aus Eisen und Metall und kommt in einem sch\u00f6nen Rot. Verwenden Sie ihn in Ihrem Flur f\u00fcr Ihre Jacken und Taschen oder zum Aufbewahren von Zeitschriften in Ihrem Wohnzimmer.<\/p>\n","protected":false},"excerpt":{"rendered":"<p>Der Haken besteht aus Eisen und Metall und kommt in einem sch\u00f6nen Rot. Verwenden Sie ihn in Ihrem Flur f\u00fcr Ihre Jacken und Taschen oder zum Aufbewahren von Zeitschriften in Ihrem Wohnzimmer.<\/p>\n","protected":false},"featured_media":1108670,"template":"","meta":{"_acf_changed":false,"inline_featured_image":false},"product_brand":[],"product_cat":[4043,4108,3111,4020,5027],"product_tag":[],"class_list":{"0":"post-396701","1":"product","2":"type-product","3":"status-publish","4":"has-post-thumbnail","6":"product_cat-haken-und-hakenleisten-de","7":"product_cat-haken-de","8":"product_cat-aufbewahrung-de","9":"product_cat-magazinhalter-de","10":"product_cat-bestsellers-de","11":"product_shipping_class-pk","13":"pa_color-rot-2","14":"pa_material-eisen-de","16":"first","17":"instock","18":"featured","19":"taxable","20":"shipping-taxable","21":"purchasable","22":"product-type-simple"},"exclude_global_add_ons":[],"addons":[],"acf":[],"yoast_head":"<!-- This site is optimized with the Yoast SEO plugin v26.4 - https:\/\/yoast.com\/wordpress\/plugins\/seo\/ -->\n<title>Double Magazinhalter mit Haken Rot - H\u00fcbsch<\/title>\n<meta name=\"description\" content=\"Der Haken besteht aus Eisen und Metall und kommt in einem sch\u00f6nen Rot. Verwenden Sie ihn in Ihrem Flur f\u00fcr Ihre Jacken und Taschen oder zum Aufbewahren\" \/>\n<meta name=\"robots\" content=\"index, follow, max-snippet:-1, max-image-preview:large, max-video-preview:-1\" \/>\n<link rel=\"canonical\" href=\"https:\/\/hubsch-interior.com\/de\/wp-json\/wp\/v2\/product\/396701\" \/>\n<meta property=\"og:locale\" content=\"de_DE\" \/>\n<meta property=\"og:type\" content=\"article\" \/>\n<meta property=\"og:title\" content=\"Double Magazinhalter mit Haken Rot - H\u00fcbsch\" \/>\n<meta property=\"og:description\" content=\"Der Haken besteht aus Eisen und Metall und kommt in einem sch\u00f6nen Rot. Verwenden Sie ihn in Ihrem Flur f\u00fcr Ihre Jacken und Taschen oder zum Aufbewahren\" \/>\n<meta property=\"og:url\" content=\"https:\/\/hubsch-interior.com\/de\/produkt\/double-magazinhalter-mit-haken-rot\/\" \/>\n<meta property=\"og:site_name\" content=\"H\u00fcbsch\" \/>\n<meta property=\"article:modified_time\" content=\"2026-04-09T03:11:53+00:00\" \/>\n<meta property=\"og:image\" content=\"https:\/\/hubsch-interior.com\/wp-content\/uploads\/2024\/12\/double-hookmagazine-holder-red-35bbb0a8a4660121e56ef100b70c05fe.jpg\" \/>\n\t<meta property=\"og:image:width\" content=\"1200\" \/>\n\t<meta property=\"og:image:height\" content=\"1200\" \/>\n\t<meta property=\"og:image:type\" content=\"image\/jpeg\" \/>\n<meta name=\"twitter:card\" content=\"summary_large_image\" \/>\n<script type=\"application\/ld+json\" class=\"yoast-schema-graph\">{\"@context\":\"https:\/\/schema.org\",\"@graph\":[{\"@type\":\"WebPage\",\"@id\":\"https:\/\/hubsch-interior.com\/de\/produkt\/double-magazinhalter-mit-haken-rot\/\",\"url\":\"https:\/\/hubsch-interior.com\/de\/produkt\/double-magazinhalter-mit-haken-rot\/\",\"name\":\"Double Magazinhalter mit Haken Rot - H\u00fcbsch\",\"isPartOf\":{\"@id\":\"https:\/\/hubsch-interior.com\/de\/#website\"},\"primaryImageOfPage\":{\"@id\":\"https:\/\/hubsch-interior.com\/de\/produkt\/double-magazinhalter-mit-haken-rot\/#primaryimage\"},\"image\":{\"@id\":\"https:\/\/hubsch-interior.com\/de\/produkt\/double-magazinhalter-mit-haken-rot\/#primaryimage\"},\"thumbnailUrl\":\"https:\/\/hubsch-interior.com\/wp-content\/uploads\/2026\/02\/double-hookmagazine-holder-red-479ef3a4fd7a18799e4334c0a0a38bb4.jpg\",\"datePublished\":\"2021-06-04T08:15:01+00:00\",\"dateModified\":\"2026-04-09T03:11:53+00:00\",\"description\":\"Der Haken besteht aus Eisen und Metall und kommt in einem sch\u00f6nen Rot. Verwenden Sie ihn in Ihrem Flur f\u00fcr Ihre Jacken und Taschen oder zum Aufbewahren\",\"breadcrumb\":{\"@id\":\"https:\/\/hubsch-interior.com\/de\/produkt\/double-magazinhalter-mit-haken-rot\/#breadcrumb\"},\"inLanguage\":\"de\",\"potentialAction\":[{\"@type\":\"ReadAction\",\"target\":[\"https:\/\/hubsch-interior.com\/de\/produkt\/double-magazinhalter-mit-haken-rot\/\"]}]},{\"@type\":\"ImageObject\",\"inLanguage\":\"de\",\"@id\":\"https:\/\/hubsch-interior.com\/de\/produkt\/double-magazinhalter-mit-haken-rot\/#primaryimage\",\"url\":\"https:\/\/hubsch-interior.com\/wp-content\/uploads\/2026\/02\/double-hookmagazine-holder-red-479ef3a4fd7a18799e4334c0a0a38bb4.jpg\",\"contentUrl\":\"https:\/\/hubsch-interior.com\/wp-content\/uploads\/2026\/02\/double-hookmagazine-holder-red-479ef3a4fd7a18799e4334c0a0a38bb4.jpg\",\"width\":1024,\"height\":1024},{\"@type\":\"BreadcrumbList\",\"@id\":\"https:\/\/hubsch-interior.com\/de\/produkt\/double-magazinhalter-mit-haken-rot\/#breadcrumb\",\"itemListElement\":[{\"@type\":\"ListItem\",\"position\":1,\"name\":\"Startseite\",\"item\":\"https:\/\/hubsch-interior.com\/de\/\"},{\"@type\":\"ListItem\",\"position\":2,\"name\":\"Produkte\",\"item\":\"https:\/\/hubsch-interior.com\/de\/shop-2\/\"},{\"@type\":\"ListItem\",\"position\":3,\"name\":\"Wohnaccessoires\",\"item\":\"https:\/\/hubsch-interior.com\/de\/produkt-kategorie\/wohnaccessoires\/\"},{\"@type\":\"ListItem\",\"position\":4,\"name\":\"Haken und Hakenleisten\",\"item\":\"https:\/\/hubsch-interior.com\/de\/produkt-kategorie\/wohnaccessoires\/haken-und-hakenleisten-de\/\"},{\"@type\":\"ListItem\",\"position\":5,\"name\":\"Haken\",\"item\":\"https:\/\/hubsch-interior.com\/de\/produkt-kategorie\/wohnaccessoires\/haken-und-hakenleisten-de\/haken-de\/\"},{\"@type\":\"ListItem\",\"position\":6,\"name\":\"Double Magazinhalter mit Haken Rot\"}]},{\"@type\":\"WebSite\",\"@id\":\"https:\/\/hubsch-interior.com\/de\/#website\",\"url\":\"https:\/\/hubsch-interior.com\/de\/\",\"name\":\"H\u00fcbsch\",\"description\":\"Danish Home Interior and Design\",\"publisher\":{\"@id\":\"https:\/\/hubsch-interior.com\/de\/#organization\"},\"potentialAction\":[{\"@type\":\"SearchAction\",\"target\":{\"@type\":\"EntryPoint\",\"urlTemplate\":\"https:\/\/hubsch-interior.com\/de\/?s={search_term_string}\"},\"query-input\":{\"@type\":\"PropertyValueSpecification\",\"valueRequired\":true,\"valueName\":\"search_term_string\"}}],\"inLanguage\":\"de\"},{\"@type\":\"Organization\",\"@id\":\"https:\/\/hubsch-interior.com\/de\/#organization\",\"name\":\"H\u00fcbsch\",\"url\":\"https:\/\/hubsch-interior.com\/de\/\",\"logo\":{\"@type\":\"ImageObject\",\"inLanguage\":\"de\",\"@id\":\"https:\/\/hubsch-interior.com\/de\/#\/schema\/logo\/image\/\",\"url\":\"https:\/\/hubsch-interior.com\/wp-content\/uploads\/2022\/12\/Hubsch_logo_black_one_line.svg\",\"contentUrl\":\"https:\/\/hubsch-interior.com\/wp-content\/uploads\/2022\/12\/Hubsch_logo_black_one_line.svg\",\"caption\":\"H\u00fcbsch\"},\"image\":{\"@id\":\"https:\/\/hubsch-interior.com\/de\/#\/schema\/logo\/image\/\"}}]}<\/script>\n<!-- \/ Yoast SEO plugin. -->","yoast_head_json":{"title":"Double Magazinhalter mit Haken Rot - H\u00fcbsch","description":"Der Haken besteht aus Eisen und Metall und kommt in einem sch\u00f6nen Rot. Verwenden Sie ihn in Ihrem Flur f\u00fcr Ihre Jacken und Taschen oder zum Aufbewahren","robots":{"index":"index","follow":"follow","max-snippet":"max-snippet:-1","max-image-preview":"max-image-preview:large","max-video-preview":"max-video-preview:-1"},"canonical":"https:\/\/hubsch-interior.com\/de\/wp-json\/wp\/v2\/product\/396701","og_locale":"de_DE","og_type":"article","og_title":"Double Magazinhalter mit Haken Rot - H\u00fcbsch","og_description":"Der Haken besteht aus Eisen und Metall und kommt in einem sch\u00f6nen Rot. Verwenden Sie ihn in Ihrem Flur f\u00fcr Ihre Jacken und Taschen oder zum Aufbewahren","og_url":"https:\/\/hubsch-interior.com\/de\/produkt\/double-magazinhalter-mit-haken-rot\/","og_site_name":"H\u00fcbsch","article_modified_time":"2026-04-09T03:11:53+00:00","og_image":[{"width":1200,"height":1200,"url":"https:\/\/hubsch-interior.com\/wp-content\/uploads\/2024\/12\/double-hookmagazine-holder-red-35bbb0a8a4660121e56ef100b70c05fe.jpg","type":"image\/jpeg"}],"twitter_card":"summary_large_image","schema":{"@context":"https:\/\/schema.org","@graph":[{"@type":"WebPage","@id":"https:\/\/hubsch-interior.com\/de\/produkt\/double-magazinhalter-mit-haken-rot\/","url":"https:\/\/hubsch-interior.com\/de\/produkt\/double-magazinhalter-mit-haken-rot\/","name":"Double Magazinhalter mit Haken Rot - H\u00fcbsch","isPartOf":{"@id":"https:\/\/hubsch-interior.com\/de\/#website"},"primaryImageOfPage":{"@id":"https:\/\/hubsch-interior.com\/de\/produkt\/double-magazinhalter-mit-haken-rot\/#primaryimage"},"image":{"@id":"https:\/\/hubsch-interior.com\/de\/produkt\/double-magazinhalter-mit-haken-rot\/#primaryimage"},"thumbnailUrl":"https:\/\/hubsch-interior.com\/wp-content\/uploads\/2026\/02\/double-hookmagazine-holder-red-479ef3a4fd7a18799e4334c0a0a38bb4.jpg","datePublished":"2021-06-04T08:15:01+00:00","dateModified":"2026-04-09T03:11:53+00:00","description":"Der Haken besteht aus Eisen und Metall und kommt in einem sch\u00f6nen Rot. Verwenden Sie ihn in Ihrem Flur f\u00fcr Ihre Jacken und Taschen oder zum Aufbewahren","breadcrumb":{"@id":"https:\/\/hubsch-interior.com\/de\/produkt\/double-magazinhalter-mit-haken-rot\/#breadcrumb"},"inLanguage":"de","potentialAction":[{"@type":"ReadAction","target":["https:\/\/hubsch-interior.com\/de\/produkt\/double-magazinhalter-mit-haken-rot\/"]}]},{"@type":"ImageObject","inLanguage":"de","@id":"https:\/\/hubsch-interior.com\/de\/produkt\/double-magazinhalter-mit-haken-rot\/#primaryimage","url":"https:\/\/hubsch-interior.com\/wp-content\/uploads\/2026\/02\/double-hookmagazine-holder-red-479ef3a4fd7a18799e4334c0a0a38bb4.jpg","contentUrl":"https:\/\/hubsch-interior.com\/wp-content\/uploads\/2026\/02\/double-hookmagazine-holder-red-479ef3a4fd7a18799e4334c0a0a38bb4.jpg","width":1024,"height":1024},{"@type":"BreadcrumbList","@id":"https:\/\/hubsch-interior.com\/de\/produkt\/double-magazinhalter-mit-haken-rot\/#breadcrumb","itemListElement":[{"@type":"ListItem","position":1,"name":"Startseite","item":"https:\/\/hubsch-interior.com\/de\/"},{"@type":"ListItem","position":2,"name":"Produkte","item":"https:\/\/hubsch-interior.com\/de\/shop-2\/"},{"@type":"ListItem","position":3,"name":"Wohnaccessoires","item":"https:\/\/hubsch-interior.com\/de\/produkt-kategorie\/wohnaccessoires\/"},{"@type":"ListItem","position":4,"name":"Haken und Hakenleisten","item":"https:\/\/hubsch-interior.com\/de\/produkt-kategorie\/wohnaccessoires\/haken-und-hakenleisten-de\/"},{"@type":"ListItem","position":5,"name":"Haken","item":"https:\/\/hubsch-interior.com\/de\/produkt-kategorie\/wohnaccessoires\/haken-und-hakenleisten-de\/haken-de\/"},{"@type":"ListItem","position":6,"name":"Double Magazinhalter mit Haken Rot"}]},{"@type":"WebSite","@id":"https:\/\/hubsch-interior.com\/de\/#website","url":"https:\/\/hubsch-interior.com\/de\/","name":"H\u00fcbsch","description":"Danish Home Interior and Design","publisher":{"@id":"https:\/\/hubsch-interior.com\/de\/#organization"},"potentialAction":[{"@type":"SearchAction","target":{"@type":"EntryPoint","urlTemplate":"https:\/\/hubsch-interior.com\/de\/?s={search_term_string}"},"query-input":{"@type":"PropertyValueSpecification","valueRequired":true,"valueName":"search_term_string"}}],"inLanguage":"de"},{"@type":"Organization","@id":"https:\/\/hubsch-interior.com\/de\/#organization","name":"H\u00fcbsch","url":"https:\/\/hubsch-interior.com\/de\/","logo":{"@type":"ImageObject","inLanguage":"de","@id":"https:\/\/hubsch-interior.com\/de\/#\/schema\/logo\/image\/","url":"https:\/\/hubsch-interior.com\/wp-content\/uploads\/2022\/12\/Hubsch_logo_black_one_line.svg","contentUrl":"https:\/\/hubsch-interior.com\/wp-content\/uploads\/2022\/12\/Hubsch_logo_black_one_line.svg","caption":"H\u00fcbsch"},"image":{"@id":"https:\/\/hubsch-interior.com\/de\/#\/schema\/logo\/image\/"}}]}},"_links":{"self":[{"href":"https:\/\/hubsch-interior.com\/de\/wp-json\/wp\/v2\/product\/396701","targetHints":{"allow":["GET"]}}],"collection":[{"href":"https:\/\/hubsch-interior.com\/de\/wp-json\/wp\/v2\/product"}],"about":[{"href":"https:\/\/hubsch-interior.com\/de\/wp-json\/wp\/v2\/types\/product"}],"wp:featuredmedia":[{"embeddable":true,"href":"https:\/\/hubsch-interior.com\/de\/wp-json\/wp\/v2\/media\/1108670"}],"wp:attachment":[{"href":"https:\/\/hubsch-interior.com\/de\/wp-json\/wp\/v2\/media?parent=396701"}],"wp:term":[{"taxonomy":"product_brand","embeddable":true,"href":"https:\/\/hubsch-interior.com\/de\/wp-json\/wp\/v2\/product_brand?post=396701"},{"taxonomy":"product_cat","embeddable":true,"href":"https:\/\/hubsch-interior.com\/de\/wp-json\/wp\/v2\/product_cat?post=396701"},{"taxonomy":"product_tag","embeddable":true,"href":"https:\/\/hubsch-interior.com\/de\/wp-json\/wp\/v2\/product_tag?post=396701"}],"curies":[{"name":"wp","href":"https:\/\/api.w.org\/{rel}","templated":true}]}}