{"id":396757,"date":"2021-06-04T10:15:16","date_gmt":"2021-06-04T08:15:16","guid":{"rendered":"https:\/\/hubsch-interior.com\/shop-b2c\/product\/product-6\/"},"modified":"2026-04-12T05:12:58","modified_gmt":"2026-04-12T03:12:58","slug":"sphere-stehlampe-weis","status":"publish","type":"product","link":"https:\/\/hubsch-interior.com\/de\/produkt\/sphere-stehlampe-weis\/","title":{"rendered":"Sphere Stehlampe Wei\u00df"},"content":{"rendered":"<p>Die Stehlampe besteht aus wei\u00dfem Milchglas, Eisen und wei\u00dfem Marmor. Der zylinderf\u00f6rmige Marmorfu\u00df und das Milchglas verleihen der Lampe eine s\u00fcdl\u00e4ndische klassische Atmosph\u00e4re und passen gut zum modernen Zuhause. Dieses Produkt ist handgefertigt und kann daher variieren.<\/p>\n","protected":false},"excerpt":{"rendered":"<p>Die Stehlampe besteht aus wei\u00dfem Milchglas, Eisen und wei\u00dfem Marmor. Der zylinderf\u00f6rmige Marmorfu\u00df und das Milchglas verleihen der Lampe eine s\u00fcdl\u00e4ndische klassische Atmosph\u00e4re und passen gut zum modernen Zuhause. Dieses Produkt ist handgefertigt und kann daher variieren.<\/p>\n","protected":false},"featured_media":1108710,"template":"","meta":{"_acf_changed":false,"inline_featured_image":false},"product_brand":[],"product_cat":[3809,3497,5027],"product_tag":[],"class_list":{"0":"post-396757","1":"product","2":"type-product","3":"status-publish","4":"has-post-thumbnail","6":"product_cat-beleuchtung","7":"product_cat-stehlampen-de","8":"product_cat-bestsellers-de","9":"product_shipping_class-pk","11":"pa_color-wei","12":"pa_material-glas-de","13":"pa_material-marmor-de","15":"first","16":"instock","17":"featured","18":"taxable","19":"shipping-taxable","20":"purchasable","21":"product-type-simple"},"exclude_global_add_ons":[],"addons":[],"acf":[],"yoast_head":"<!-- This site is optimized with the Yoast SEO plugin v26.4 - https:\/\/yoast.com\/wordpress\/plugins\/seo\/ -->\n<title>Sphere Stehlampe Wei\u00df - H\u00fcbsch<\/title>\n<meta name=\"description\" content=\"Die Stehlampe besteht aus wei\u00dfem Milchglas, Eisen und wei\u00dfem Marmor. Der zylinderf\u00f6rmige Marmorfu\u00df und das Milchglas verleihen der Lampe eine s\u00fcdl\u00e4ndische\" \/>\n<meta name=\"robots\" content=\"index, follow, max-snippet:-1, max-image-preview:large, max-video-preview:-1\" \/>\n<link rel=\"canonical\" href=\"https:\/\/hubsch-interior.com\/de\/wp-json\/wp\/v2\/product\/396757\" \/>\n<meta property=\"og:locale\" content=\"de_DE\" \/>\n<meta property=\"og:type\" content=\"article\" \/>\n<meta property=\"og:title\" content=\"Sphere Stehlampe Wei\u00df - H\u00fcbsch\" \/>\n<meta property=\"og:description\" content=\"Die Stehlampe besteht aus wei\u00dfem Milchglas, Eisen und wei\u00dfem Marmor. Der zylinderf\u00f6rmige Marmorfu\u00df und das Milchglas verleihen der Lampe eine s\u00fcdl\u00e4ndische\" \/>\n<meta property=\"og:url\" content=\"https:\/\/hubsch-interior.com\/de\/produkt\/sphere-stehlampe-weis\/\" \/>\n<meta property=\"og:site_name\" content=\"H\u00fcbsch\" \/>\n<meta property=\"article:modified_time\" content=\"2026-04-12T03:12:58+00:00\" \/>\n<meta property=\"og:image\" content=\"https:\/\/hubsch-interior.com\/wp-content\/uploads\/2026\/02\/sphere-floor-lamp-white-415f56ccb2f7ce1bcb45a63aa3e46b04.jpg\" \/>\n\t<meta property=\"og:image:width\" content=\"1024\" \/>\n\t<meta property=\"og:image:height\" content=\"1024\" \/>\n\t<meta property=\"og:image:type\" content=\"image\/jpeg\" \/>\n<meta name=\"twitter:card\" content=\"summary_large_image\" \/>\n<script type=\"application\/ld+json\" class=\"yoast-schema-graph\">{\"@context\":\"https:\/\/schema.org\",\"@graph\":[{\"@type\":\"WebPage\",\"@id\":\"https:\/\/hubsch-interior.com\/de\/produkt\/sphere-stehlampe-weis\/\",\"url\":\"https:\/\/hubsch-interior.com\/de\/produkt\/sphere-stehlampe-weis\/\",\"name\":\"Sphere Stehlampe Wei\u00df - H\u00fcbsch\",\"isPartOf\":{\"@id\":\"https:\/\/hubsch-interior.com\/de\/#website\"},\"primaryImageOfPage\":{\"@id\":\"https:\/\/hubsch-interior.com\/de\/produkt\/sphere-stehlampe-weis\/#primaryimage\"},\"image\":{\"@id\":\"https:\/\/hubsch-interior.com\/de\/produkt\/sphere-stehlampe-weis\/#primaryimage\"},\"thumbnailUrl\":\"https:\/\/hubsch-interior.com\/wp-content\/uploads\/2026\/02\/sphere-floor-lamp-white-415f56ccb2f7ce1bcb45a63aa3e46b04.jpg\",\"datePublished\":\"2021-06-04T08:15:16+00:00\",\"dateModified\":\"2026-04-12T03:12:58+00:00\",\"description\":\"Die Stehlampe besteht aus wei\u00dfem Milchglas, Eisen und wei\u00dfem Marmor. Der zylinderf\u00f6rmige Marmorfu\u00df und das Milchglas verleihen der Lampe eine s\u00fcdl\u00e4ndische\",\"breadcrumb\":{\"@id\":\"https:\/\/hubsch-interior.com\/de\/produkt\/sphere-stehlampe-weis\/#breadcrumb\"},\"inLanguage\":\"de\",\"potentialAction\":[{\"@type\":\"ReadAction\",\"target\":[\"https:\/\/hubsch-interior.com\/de\/produkt\/sphere-stehlampe-weis\/\"]}]},{\"@type\":\"ImageObject\",\"inLanguage\":\"de\",\"@id\":\"https:\/\/hubsch-interior.com\/de\/produkt\/sphere-stehlampe-weis\/#primaryimage\",\"url\":\"https:\/\/hubsch-interior.com\/wp-content\/uploads\/2026\/02\/sphere-floor-lamp-white-415f56ccb2f7ce1bcb45a63aa3e46b04.jpg\",\"contentUrl\":\"https:\/\/hubsch-interior.com\/wp-content\/uploads\/2026\/02\/sphere-floor-lamp-white-415f56ccb2f7ce1bcb45a63aa3e46b04.jpg\",\"width\":1024,\"height\":1024},{\"@type\":\"BreadcrumbList\",\"@id\":\"https:\/\/hubsch-interior.com\/de\/produkt\/sphere-stehlampe-weis\/#breadcrumb\",\"itemListElement\":[{\"@type\":\"ListItem\",\"position\":1,\"name\":\"Startseite\",\"item\":\"https:\/\/hubsch-interior.com\/de\/\"},{\"@type\":\"ListItem\",\"position\":2,\"name\":\"Produkte\",\"item\":\"https:\/\/hubsch-interior.com\/de\/shop-2\/\"},{\"@type\":\"ListItem\",\"position\":3,\"name\":\"Beleuchtung\",\"item\":\"https:\/\/hubsch-interior.com\/de\/produkt-kategorie\/beleuchtung\/\"},{\"@type\":\"ListItem\",\"position\":4,\"name\":\"Stehlampen\",\"item\":\"https:\/\/hubsch-interior.com\/de\/produkt-kategorie\/beleuchtung\/stehlampen-de\/\"},{\"@type\":\"ListItem\",\"position\":5,\"name\":\"Sphere Stehlampe Wei\u00df\"}]},{\"@type\":\"WebSite\",\"@id\":\"https:\/\/hubsch-interior.com\/de\/#website\",\"url\":\"https:\/\/hubsch-interior.com\/de\/\",\"name\":\"H\u00fcbsch\",\"description\":\"Danish Home Interior and Design\",\"publisher\":{\"@id\":\"https:\/\/hubsch-interior.com\/de\/#organization\"},\"potentialAction\":[{\"@type\":\"SearchAction\",\"target\":{\"@type\":\"EntryPoint\",\"urlTemplate\":\"https:\/\/hubsch-interior.com\/de\/?s={search_term_string}\"},\"query-input\":{\"@type\":\"PropertyValueSpecification\",\"valueRequired\":true,\"valueName\":\"search_term_string\"}}],\"inLanguage\":\"de\"},{\"@type\":\"Organization\",\"@id\":\"https:\/\/hubsch-interior.com\/de\/#organization\",\"name\":\"H\u00fcbsch\",\"url\":\"https:\/\/hubsch-interior.com\/de\/\",\"logo\":{\"@type\":\"ImageObject\",\"inLanguage\":\"de\",\"@id\":\"https:\/\/hubsch-interior.com\/de\/#\/schema\/logo\/image\/\",\"url\":\"https:\/\/hubsch-interior.com\/wp-content\/uploads\/2022\/12\/Hubsch_logo_black_one_line.svg\",\"contentUrl\":\"https:\/\/hubsch-interior.com\/wp-content\/uploads\/2022\/12\/Hubsch_logo_black_one_line.svg\",\"caption\":\"H\u00fcbsch\"},\"image\":{\"@id\":\"https:\/\/hubsch-interior.com\/de\/#\/schema\/logo\/image\/\"}}]}<\/script>\n<!-- \/ Yoast SEO plugin. -->","yoast_head_json":{"title":"Sphere Stehlampe Wei\u00df - H\u00fcbsch","description":"Die Stehlampe besteht aus wei\u00dfem Milchglas, Eisen und wei\u00dfem Marmor. Der zylinderf\u00f6rmige Marmorfu\u00df und das Milchglas verleihen der Lampe eine s\u00fcdl\u00e4ndische","robots":{"index":"index","follow":"follow","max-snippet":"max-snippet:-1","max-image-preview":"max-image-preview:large","max-video-preview":"max-video-preview:-1"},"canonical":"https:\/\/hubsch-interior.com\/de\/wp-json\/wp\/v2\/product\/396757","og_locale":"de_DE","og_type":"article","og_title":"Sphere Stehlampe Wei\u00df - H\u00fcbsch","og_description":"Die Stehlampe besteht aus wei\u00dfem Milchglas, Eisen und wei\u00dfem Marmor. Der zylinderf\u00f6rmige Marmorfu\u00df und das Milchglas verleihen der Lampe eine s\u00fcdl\u00e4ndische","og_url":"https:\/\/hubsch-interior.com\/de\/produkt\/sphere-stehlampe-weis\/","og_site_name":"H\u00fcbsch","article_modified_time":"2026-04-12T03:12:58+00:00","og_image":[{"width":1024,"height":1024,"url":"https:\/\/hubsch-interior.com\/wp-content\/uploads\/2026\/02\/sphere-floor-lamp-white-415f56ccb2f7ce1bcb45a63aa3e46b04.jpg","type":"image\/jpeg"}],"twitter_card":"summary_large_image","schema":{"@context":"https:\/\/schema.org","@graph":[{"@type":"WebPage","@id":"https:\/\/hubsch-interior.com\/de\/produkt\/sphere-stehlampe-weis\/","url":"https:\/\/hubsch-interior.com\/de\/produkt\/sphere-stehlampe-weis\/","name":"Sphere Stehlampe Wei\u00df - H\u00fcbsch","isPartOf":{"@id":"https:\/\/hubsch-interior.com\/de\/#website"},"primaryImageOfPage":{"@id":"https:\/\/hubsch-interior.com\/de\/produkt\/sphere-stehlampe-weis\/#primaryimage"},"image":{"@id":"https:\/\/hubsch-interior.com\/de\/produkt\/sphere-stehlampe-weis\/#primaryimage"},"thumbnailUrl":"https:\/\/hubsch-interior.com\/wp-content\/uploads\/2026\/02\/sphere-floor-lamp-white-415f56ccb2f7ce1bcb45a63aa3e46b04.jpg","datePublished":"2021-06-04T08:15:16+00:00","dateModified":"2026-04-12T03:12:58+00:00","description":"Die Stehlampe besteht aus wei\u00dfem Milchglas, Eisen und wei\u00dfem Marmor. Der zylinderf\u00f6rmige Marmorfu\u00df und das Milchglas verleihen der Lampe eine s\u00fcdl\u00e4ndische","breadcrumb":{"@id":"https:\/\/hubsch-interior.com\/de\/produkt\/sphere-stehlampe-weis\/#breadcrumb"},"inLanguage":"de","potentialAction":[{"@type":"ReadAction","target":["https:\/\/hubsch-interior.com\/de\/produkt\/sphere-stehlampe-weis\/"]}]},{"@type":"ImageObject","inLanguage":"de","@id":"https:\/\/hubsch-interior.com\/de\/produkt\/sphere-stehlampe-weis\/#primaryimage","url":"https:\/\/hubsch-interior.com\/wp-content\/uploads\/2026\/02\/sphere-floor-lamp-white-415f56ccb2f7ce1bcb45a63aa3e46b04.jpg","contentUrl":"https:\/\/hubsch-interior.com\/wp-content\/uploads\/2026\/02\/sphere-floor-lamp-white-415f56ccb2f7ce1bcb45a63aa3e46b04.jpg","width":1024,"height":1024},{"@type":"BreadcrumbList","@id":"https:\/\/hubsch-interior.com\/de\/produkt\/sphere-stehlampe-weis\/#breadcrumb","itemListElement":[{"@type":"ListItem","position":1,"name":"Startseite","item":"https:\/\/hubsch-interior.com\/de\/"},{"@type":"ListItem","position":2,"name":"Produkte","item":"https:\/\/hubsch-interior.com\/de\/shop-2\/"},{"@type":"ListItem","position":3,"name":"Beleuchtung","item":"https:\/\/hubsch-interior.com\/de\/produkt-kategorie\/beleuchtung\/"},{"@type":"ListItem","position":4,"name":"Stehlampen","item":"https:\/\/hubsch-interior.com\/de\/produkt-kategorie\/beleuchtung\/stehlampen-de\/"},{"@type":"ListItem","position":5,"name":"Sphere Stehlampe Wei\u00df"}]},{"@type":"WebSite","@id":"https:\/\/hubsch-interior.com\/de\/#website","url":"https:\/\/hubsch-interior.com\/de\/","name":"H\u00fcbsch","description":"Danish Home Interior and Design","publisher":{"@id":"https:\/\/hubsch-interior.com\/de\/#organization"},"potentialAction":[{"@type":"SearchAction","target":{"@type":"EntryPoint","urlTemplate":"https:\/\/hubsch-interior.com\/de\/?s={search_term_string}"},"query-input":{"@type":"PropertyValueSpecification","valueRequired":true,"valueName":"search_term_string"}}],"inLanguage":"de"},{"@type":"Organization","@id":"https:\/\/hubsch-interior.com\/de\/#organization","name":"H\u00fcbsch","url":"https:\/\/hubsch-interior.com\/de\/","logo":{"@type":"ImageObject","inLanguage":"de","@id":"https:\/\/hubsch-interior.com\/de\/#\/schema\/logo\/image\/","url":"https:\/\/hubsch-interior.com\/wp-content\/uploads\/2022\/12\/Hubsch_logo_black_one_line.svg","contentUrl":"https:\/\/hubsch-interior.com\/wp-content\/uploads\/2022\/12\/Hubsch_logo_black_one_line.svg","caption":"H\u00fcbsch"},"image":{"@id":"https:\/\/hubsch-interior.com\/de\/#\/schema\/logo\/image\/"}}]}},"_links":{"self":[{"href":"https:\/\/hubsch-interior.com\/de\/wp-json\/wp\/v2\/product\/396757","targetHints":{"allow":["GET"]}}],"collection":[{"href":"https:\/\/hubsch-interior.com\/de\/wp-json\/wp\/v2\/product"}],"about":[{"href":"https:\/\/hubsch-interior.com\/de\/wp-json\/wp\/v2\/types\/product"}],"wp:featuredmedia":[{"embeddable":true,"href":"https:\/\/hubsch-interior.com\/de\/wp-json\/wp\/v2\/media\/1108710"}],"wp:attachment":[{"href":"https:\/\/hubsch-interior.com\/de\/wp-json\/wp\/v2\/media?parent=396757"}],"wp:term":[{"taxonomy":"product_brand","embeddable":true,"href":"https:\/\/hubsch-interior.com\/de\/wp-json\/wp\/v2\/product_brand?post=396757"},{"taxonomy":"product_cat","embeddable":true,"href":"https:\/\/hubsch-interior.com\/de\/wp-json\/wp\/v2\/product_cat?post=396757"},{"taxonomy":"product_tag","embeddable":true,"href":"https:\/\/hubsch-interior.com\/de\/wp-json\/wp\/v2\/product_tag?post=396757"}],"curies":[{"name":"wp","href":"https:\/\/api.w.org\/{rel}","templated":true}]}}