{"id":396869,"date":"2021-06-04T10:15:42","date_gmt":"2021-06-04T08:15:42","guid":{"rendered":"https:\/\/hubsch-interior.com\/shop-b2c\/product\/product-6\/"},"modified":"2026-03-26T04:11:02","modified_gmt":"2026-03-26T03:11:02","slug":"led-inkl-birne-weis","status":"publish","type":"product","link":"https:\/\/hubsch-interior.com\/de\/produkt\/led-inkl-birne-weis\/","title":{"rendered":"LED Inkl. Birne Wei\u00df"},"content":{"rendered":"<p>Diese LED-Birne ist perfekt f\u00fcr Ihren modernen Wohnraum. Der Lampenschirm ist aus Glas gefertigt und verleiht Ihrem Raum ein elegantes Aussehen. Genie\u00dfen Sie die hellwei\u00dfe Farbe und die klare Atmosph\u00e4re, die diese LED-Birne erzeugt. Dank des langen Lebensdauer der LED-Technologie k\u00f6nnen Sie sich auf eine lange Nutzungsdauer verlassen. LED Inkl. Birne Wei\u00df \u2013 die perfekte L\u00f6sung f\u00fcr Ihr Zuhause.<\/p>\n","protected":false},"excerpt":{"rendered":"<p>Diese LED-Birne ist perfekt f\u00fcr Ihren modernen Wohnraum. Der Lampenschirm ist aus Glas gefertigt und verleiht Ihrem Raum ein elegantes Aussehen. Genie\u00dfen Sie die hellwei\u00dfe Farbe und die klare Atmosph\u00e4re, die diese LED-Birne erzeugt. Dank des langen Lebensdauer der LED-Technologie k\u00f6nnen Sie sich auf eine lange Nutzungsdauer verlassen. LED Inkl. Birne Wei\u00df \u2013 die perfekte [&hellip;]<\/p>\n","protected":false},"featured_media":1108722,"template":"","meta":{"_acf_changed":false,"inline_featured_image":false},"product_brand":[],"product_cat":[3809,4172],"product_tag":[],"class_list":{"0":"post-396869","1":"product","2":"type-product","3":"status-publish","4":"has-post-thumbnail","6":"product_cat-beleuchtung","7":"product_cat-zubehoer-fuer-beleuchtung-de","8":"product_shipping_class-pk","9":"pa_color-wei","10":"pa_material-glas-de","12":"first","13":"instock","14":"taxable","15":"shipping-taxable","16":"purchasable","17":"product-type-simple"},"exclude_global_add_ons":[],"addons":[],"acf":[],"yoast_head":"<!-- This site is optimized with the Yoast SEO plugin v26.4 - https:\/\/yoast.com\/wordpress\/plugins\/seo\/ -->\n<title>LED Inkl. Birne Wei\u00df - H\u00fcbsch<\/title>\n<meta name=\"description\" content=\"Diese LED-Birne ist perfekt f\u00fcr Ihren modernen Wohnraum. Der Lampenschirm ist aus Glas gefertigt und verleiht Ihrem Raum ein elegantes Aussehen. Genie\u00dfen\" \/>\n<meta name=\"robots\" content=\"index, follow, max-snippet:-1, max-image-preview:large, max-video-preview:-1\" \/>\n<link rel=\"canonical\" href=\"https:\/\/hubsch-interior.com\/de\/wp-json\/wp\/v2\/product\/396869\" \/>\n<meta property=\"og:locale\" content=\"de_DE\" \/>\n<meta property=\"og:type\" content=\"article\" \/>\n<meta property=\"og:title\" content=\"LED Inkl. Birne Wei\u00df - H\u00fcbsch\" \/>\n<meta property=\"og:description\" content=\"Diese LED-Birne ist perfekt f\u00fcr Ihren modernen Wohnraum. Der Lampenschirm ist aus Glas gefertigt und verleiht Ihrem Raum ein elegantes Aussehen. Genie\u00dfen\" \/>\n<meta property=\"og:url\" content=\"https:\/\/hubsch-interior.com\/de\/produkt\/led-inkl-birne-weis\/\" \/>\n<meta property=\"og:site_name\" content=\"H\u00fcbsch\" \/>\n<meta property=\"article:modified_time\" content=\"2026-03-26T03:11:02+00:00\" \/>\n<meta property=\"og:image\" content=\"https:\/\/hubsch-interior.com\/wp-content\/uploads\/2024\/01\/led-bulb-white-720c34fed1d134bea47e1cfba38ba5b3.jpg\" \/>\n\t<meta property=\"og:image:width\" content=\"1200\" \/>\n\t<meta property=\"og:image:height\" content=\"1200\" \/>\n\t<meta property=\"og:image:type\" content=\"image\/jpeg\" \/>\n<meta name=\"twitter:card\" content=\"summary_large_image\" \/>\n<script type=\"application\/ld+json\" class=\"yoast-schema-graph\">{\"@context\":\"https:\/\/schema.org\",\"@graph\":[{\"@type\":\"WebPage\",\"@id\":\"https:\/\/hubsch-interior.com\/de\/produkt\/led-inkl-birne-weis\/\",\"url\":\"https:\/\/hubsch-interior.com\/de\/produkt\/led-inkl-birne-weis\/\",\"name\":\"LED Inkl. Birne Wei\u00df - H\u00fcbsch\",\"isPartOf\":{\"@id\":\"https:\/\/hubsch-interior.com\/de\/#website\"},\"primaryImageOfPage\":{\"@id\":\"https:\/\/hubsch-interior.com\/de\/produkt\/led-inkl-birne-weis\/#primaryimage\"},\"image\":{\"@id\":\"https:\/\/hubsch-interior.com\/de\/produkt\/led-inkl-birne-weis\/#primaryimage\"},\"thumbnailUrl\":\"https:\/\/hubsch-interior.com\/wp-content\/uploads\/2026\/02\/led-bulb-white-e2a789eff0239c8ea1c5d53dbf45fc47.jpg\",\"datePublished\":\"2021-06-04T08:15:42+00:00\",\"dateModified\":\"2026-03-26T03:11:02+00:00\",\"description\":\"Diese LED-Birne ist perfekt f\u00fcr Ihren modernen Wohnraum. Der Lampenschirm ist aus Glas gefertigt und verleiht Ihrem Raum ein elegantes Aussehen. Genie\u00dfen\",\"breadcrumb\":{\"@id\":\"https:\/\/hubsch-interior.com\/de\/produkt\/led-inkl-birne-weis\/#breadcrumb\"},\"inLanguage\":\"de\",\"potentialAction\":[{\"@type\":\"ReadAction\",\"target\":[\"https:\/\/hubsch-interior.com\/de\/produkt\/led-inkl-birne-weis\/\"]}]},{\"@type\":\"ImageObject\",\"inLanguage\":\"de\",\"@id\":\"https:\/\/hubsch-interior.com\/de\/produkt\/led-inkl-birne-weis\/#primaryimage\",\"url\":\"https:\/\/hubsch-interior.com\/wp-content\/uploads\/2026\/02\/led-bulb-white-e2a789eff0239c8ea1c5d53dbf45fc47.jpg\",\"contentUrl\":\"https:\/\/hubsch-interior.com\/wp-content\/uploads\/2026\/02\/led-bulb-white-e2a789eff0239c8ea1c5d53dbf45fc47.jpg\",\"width\":1024,\"height\":1024},{\"@type\":\"BreadcrumbList\",\"@id\":\"https:\/\/hubsch-interior.com\/de\/produkt\/led-inkl-birne-weis\/#breadcrumb\",\"itemListElement\":[{\"@type\":\"ListItem\",\"position\":1,\"name\":\"Startseite\",\"item\":\"https:\/\/hubsch-interior.com\/de\/\"},{\"@type\":\"ListItem\",\"position\":2,\"name\":\"Produkte\",\"item\":\"https:\/\/hubsch-interior.com\/de\/shop-2\/\"},{\"@type\":\"ListItem\",\"position\":3,\"name\":\"Beleuchtung\",\"item\":\"https:\/\/hubsch-interior.com\/de\/produkt-kategorie\/beleuchtung\/\"},{\"@type\":\"ListItem\",\"position\":4,\"name\":\"Zubeh&ouml;r f&uuml;r Beleuchtung\",\"item\":\"https:\/\/hubsch-interior.com\/de\/produkt-kategorie\/beleuchtung\/zubehoer-fuer-beleuchtung-de\/\"},{\"@type\":\"ListItem\",\"position\":5,\"name\":\"LED Inkl. Birne Wei\u00df\"}]},{\"@type\":\"WebSite\",\"@id\":\"https:\/\/hubsch-interior.com\/de\/#website\",\"url\":\"https:\/\/hubsch-interior.com\/de\/\",\"name\":\"H\u00fcbsch\",\"description\":\"Danish Home Interior and Design\",\"publisher\":{\"@id\":\"https:\/\/hubsch-interior.com\/de\/#organization\"},\"potentialAction\":[{\"@type\":\"SearchAction\",\"target\":{\"@type\":\"EntryPoint\",\"urlTemplate\":\"https:\/\/hubsch-interior.com\/de\/?s={search_term_string}\"},\"query-input\":{\"@type\":\"PropertyValueSpecification\",\"valueRequired\":true,\"valueName\":\"search_term_string\"}}],\"inLanguage\":\"de\"},{\"@type\":\"Organization\",\"@id\":\"https:\/\/hubsch-interior.com\/de\/#organization\",\"name\":\"H\u00fcbsch\",\"url\":\"https:\/\/hubsch-interior.com\/de\/\",\"logo\":{\"@type\":\"ImageObject\",\"inLanguage\":\"de\",\"@id\":\"https:\/\/hubsch-interior.com\/de\/#\/schema\/logo\/image\/\",\"url\":\"https:\/\/hubsch-interior.com\/wp-content\/uploads\/2022\/12\/Hubsch_logo_black_one_line.svg\",\"contentUrl\":\"https:\/\/hubsch-interior.com\/wp-content\/uploads\/2022\/12\/Hubsch_logo_black_one_line.svg\",\"caption\":\"H\u00fcbsch\"},\"image\":{\"@id\":\"https:\/\/hubsch-interior.com\/de\/#\/schema\/logo\/image\/\"}}]}<\/script>\n<!-- \/ Yoast SEO plugin. -->","yoast_head_json":{"title":"LED Inkl. Birne Wei\u00df - H\u00fcbsch","description":"Diese LED-Birne ist perfekt f\u00fcr Ihren modernen Wohnraum. Der Lampenschirm ist aus Glas gefertigt und verleiht Ihrem Raum ein elegantes Aussehen. Genie\u00dfen","robots":{"index":"index","follow":"follow","max-snippet":"max-snippet:-1","max-image-preview":"max-image-preview:large","max-video-preview":"max-video-preview:-1"},"canonical":"https:\/\/hubsch-interior.com\/de\/wp-json\/wp\/v2\/product\/396869","og_locale":"de_DE","og_type":"article","og_title":"LED Inkl. Birne Wei\u00df - H\u00fcbsch","og_description":"Diese LED-Birne ist perfekt f\u00fcr Ihren modernen Wohnraum. Der Lampenschirm ist aus Glas gefertigt und verleiht Ihrem Raum ein elegantes Aussehen. Genie\u00dfen","og_url":"https:\/\/hubsch-interior.com\/de\/produkt\/led-inkl-birne-weis\/","og_site_name":"H\u00fcbsch","article_modified_time":"2026-03-26T03:11:02+00:00","og_image":[{"width":1200,"height":1200,"url":"https:\/\/hubsch-interior.com\/wp-content\/uploads\/2024\/01\/led-bulb-white-720c34fed1d134bea47e1cfba38ba5b3.jpg","type":"image\/jpeg"}],"twitter_card":"summary_large_image","schema":{"@context":"https:\/\/schema.org","@graph":[{"@type":"WebPage","@id":"https:\/\/hubsch-interior.com\/de\/produkt\/led-inkl-birne-weis\/","url":"https:\/\/hubsch-interior.com\/de\/produkt\/led-inkl-birne-weis\/","name":"LED Inkl. Birne Wei\u00df - H\u00fcbsch","isPartOf":{"@id":"https:\/\/hubsch-interior.com\/de\/#website"},"primaryImageOfPage":{"@id":"https:\/\/hubsch-interior.com\/de\/produkt\/led-inkl-birne-weis\/#primaryimage"},"image":{"@id":"https:\/\/hubsch-interior.com\/de\/produkt\/led-inkl-birne-weis\/#primaryimage"},"thumbnailUrl":"https:\/\/hubsch-interior.com\/wp-content\/uploads\/2026\/02\/led-bulb-white-e2a789eff0239c8ea1c5d53dbf45fc47.jpg","datePublished":"2021-06-04T08:15:42+00:00","dateModified":"2026-03-26T03:11:02+00:00","description":"Diese LED-Birne ist perfekt f\u00fcr Ihren modernen Wohnraum. Der Lampenschirm ist aus Glas gefertigt und verleiht Ihrem Raum ein elegantes Aussehen. Genie\u00dfen","breadcrumb":{"@id":"https:\/\/hubsch-interior.com\/de\/produkt\/led-inkl-birne-weis\/#breadcrumb"},"inLanguage":"de","potentialAction":[{"@type":"ReadAction","target":["https:\/\/hubsch-interior.com\/de\/produkt\/led-inkl-birne-weis\/"]}]},{"@type":"ImageObject","inLanguage":"de","@id":"https:\/\/hubsch-interior.com\/de\/produkt\/led-inkl-birne-weis\/#primaryimage","url":"https:\/\/hubsch-interior.com\/wp-content\/uploads\/2026\/02\/led-bulb-white-e2a789eff0239c8ea1c5d53dbf45fc47.jpg","contentUrl":"https:\/\/hubsch-interior.com\/wp-content\/uploads\/2026\/02\/led-bulb-white-e2a789eff0239c8ea1c5d53dbf45fc47.jpg","width":1024,"height":1024},{"@type":"BreadcrumbList","@id":"https:\/\/hubsch-interior.com\/de\/produkt\/led-inkl-birne-weis\/#breadcrumb","itemListElement":[{"@type":"ListItem","position":1,"name":"Startseite","item":"https:\/\/hubsch-interior.com\/de\/"},{"@type":"ListItem","position":2,"name":"Produkte","item":"https:\/\/hubsch-interior.com\/de\/shop-2\/"},{"@type":"ListItem","position":3,"name":"Beleuchtung","item":"https:\/\/hubsch-interior.com\/de\/produkt-kategorie\/beleuchtung\/"},{"@type":"ListItem","position":4,"name":"Zubeh&ouml;r f&uuml;r Beleuchtung","item":"https:\/\/hubsch-interior.com\/de\/produkt-kategorie\/beleuchtung\/zubehoer-fuer-beleuchtung-de\/"},{"@type":"ListItem","position":5,"name":"LED Inkl. Birne Wei\u00df"}]},{"@type":"WebSite","@id":"https:\/\/hubsch-interior.com\/de\/#website","url":"https:\/\/hubsch-interior.com\/de\/","name":"H\u00fcbsch","description":"Danish Home Interior and Design","publisher":{"@id":"https:\/\/hubsch-interior.com\/de\/#organization"},"potentialAction":[{"@type":"SearchAction","target":{"@type":"EntryPoint","urlTemplate":"https:\/\/hubsch-interior.com\/de\/?s={search_term_string}"},"query-input":{"@type":"PropertyValueSpecification","valueRequired":true,"valueName":"search_term_string"}}],"inLanguage":"de"},{"@type":"Organization","@id":"https:\/\/hubsch-interior.com\/de\/#organization","name":"H\u00fcbsch","url":"https:\/\/hubsch-interior.com\/de\/","logo":{"@type":"ImageObject","inLanguage":"de","@id":"https:\/\/hubsch-interior.com\/de\/#\/schema\/logo\/image\/","url":"https:\/\/hubsch-interior.com\/wp-content\/uploads\/2022\/12\/Hubsch_logo_black_one_line.svg","contentUrl":"https:\/\/hubsch-interior.com\/wp-content\/uploads\/2022\/12\/Hubsch_logo_black_one_line.svg","caption":"H\u00fcbsch"},"image":{"@id":"https:\/\/hubsch-interior.com\/de\/#\/schema\/logo\/image\/"}}]}},"_links":{"self":[{"href":"https:\/\/hubsch-interior.com\/de\/wp-json\/wp\/v2\/product\/396869","targetHints":{"allow":["GET"]}}],"collection":[{"href":"https:\/\/hubsch-interior.com\/de\/wp-json\/wp\/v2\/product"}],"about":[{"href":"https:\/\/hubsch-interior.com\/de\/wp-json\/wp\/v2\/types\/product"}],"wp:featuredmedia":[{"embeddable":true,"href":"https:\/\/hubsch-interior.com\/de\/wp-json\/wp\/v2\/media\/1108722"}],"wp:attachment":[{"href":"https:\/\/hubsch-interior.com\/de\/wp-json\/wp\/v2\/media?parent=396869"}],"wp:term":[{"taxonomy":"product_brand","embeddable":true,"href":"https:\/\/hubsch-interior.com\/de\/wp-json\/wp\/v2\/product_brand?post=396869"},{"taxonomy":"product_cat","embeddable":true,"href":"https:\/\/hubsch-interior.com\/de\/wp-json\/wp\/v2\/product_cat?post=396869"},{"taxonomy":"product_tag","embeddable":true,"href":"https:\/\/hubsch-interior.com\/de\/wp-json\/wp\/v2\/product_tag?post=396869"}],"curies":[{"name":"wp","href":"https:\/\/api.w.org\/{rel}","templated":true}]}}