{"id":396929,"date":"2021-06-04T10:16:01","date_gmt":"2021-06-04T08:16:01","guid":{"rendered":"https:\/\/hubsch-interior.com\/shop-b2c\/product\/product-6\/"},"modified":"2026-04-09T05:12:04","modified_gmt":"2026-04-09T03:12:04","slug":"flow-pflanzkasten-hellgrau","status":"publish","type":"product","link":"https:\/\/hubsch-interior.com\/de\/produkt\/flow-pflanzkasten-hellgrau\/","title":{"rendered":"Flow Pflanzkasten Hellgrau"},"content":{"rendered":"<p>Der Flow Pflanzkasten in Hellgrau ist aus Metall gefertigt und sorgt f\u00fcr ein modernes Design. Er verleiht jedem Raum eine stilvolle Atmosph\u00e4re und bietet eine sch\u00f6ne B\u00fchne f\u00fcr Ihre Pflanzen. Mit seiner hellen Farbe und seinem zeitlosen Look wird er zu einem Blickfang in Ihren R\u00e4umen. Der Pflanzkasten ist eine gro\u00dfartige Erg\u00e4nzung f\u00fcr Ihre Wohnung und ist einfach zu montieren.<\/p>\n","protected":false},"excerpt":{"rendered":"<p>Der Flow Pflanzkasten in Hellgrau ist aus Metall gefertigt und sorgt f\u00fcr ein modernes Design. Er verleiht jedem Raum eine stilvolle Atmosph\u00e4re und bietet eine sch\u00f6ne B\u00fchne f\u00fcr Ihre Pflanzen. Mit seiner hellen Farbe und seinem zeitlosen Look wird er zu einem Blickfang in Ihren R\u00e4umen. Der Pflanzkasten ist eine gro\u00dfartige Erg\u00e4nzung f\u00fcr Ihre Wohnung [&hellip;]<\/p>\n","protected":false},"featured_media":1108726,"template":"","meta":{"_acf_changed":false,"inline_featured_image":false},"product_brand":[],"product_cat":[4916,4917],"product_tag":[],"class_list":{"0":"post-396929","1":"product","2":"type-product","3":"status-publish","4":"has-post-thumbnail","6":"product_cat-toepfe-giesskannen-de","7":"product_cat-pflanzkasten-de","8":"product_shipping_class-pk","10":"pa_color-hellgrau-2","11":"pa_material-eisen-de","13":"first","14":"instock","15":"taxable","16":"shipping-taxable","17":"purchasable","18":"product-type-simple"},"exclude_global_add_ons":[],"addons":[],"acf":[],"yoast_head":"<!-- This site is optimized with the Yoast SEO plugin v26.4 - https:\/\/yoast.com\/wordpress\/plugins\/seo\/ -->\n<title>Flow Pflanzkasten Hellgrau - H\u00fcbsch<\/title>\n<meta name=\"description\" content=\"Der Flow Pflanzkasten in Hellgrau ist aus Metall gefertigt und sorgt f\u00fcr ein modernes Design. Er verleiht jedem Raum eine stilvolle Atmosph\u00e4re und bietet\" \/>\n<meta name=\"robots\" content=\"index, follow, max-snippet:-1, max-image-preview:large, max-video-preview:-1\" \/>\n<link rel=\"canonical\" href=\"https:\/\/hubsch-interior.com\/de\/wp-json\/wp\/v2\/product\/396929\" \/>\n<meta property=\"og:locale\" content=\"de_DE\" \/>\n<meta property=\"og:type\" content=\"article\" \/>\n<meta property=\"og:title\" content=\"Flow Pflanzkasten Hellgrau - H\u00fcbsch\" \/>\n<meta property=\"og:description\" content=\"Der Flow Pflanzkasten in Hellgrau ist aus Metall gefertigt und sorgt f\u00fcr ein modernes Design. Er verleiht jedem Raum eine stilvolle Atmosph\u00e4re und bietet\" \/>\n<meta property=\"og:url\" content=\"https:\/\/hubsch-interior.com\/de\/produkt\/flow-pflanzkasten-hellgrau\/\" \/>\n<meta property=\"og:site_name\" content=\"H\u00fcbsch\" \/>\n<meta property=\"article:modified_time\" content=\"2026-04-09T03:12:04+00:00\" \/>\n<meta property=\"og:image\" content=\"https:\/\/hubsch-interior.com\/wp-content\/uploads\/2025\/05\/flow-planter-light-grey-b4c94e96c836cd222f968b289a067ec2.jpg\" \/>\n\t<meta property=\"og:image:width\" content=\"1200\" \/>\n\t<meta property=\"og:image:height\" content=\"1200\" \/>\n\t<meta property=\"og:image:type\" content=\"image\/jpeg\" \/>\n<meta name=\"twitter:card\" content=\"summary_large_image\" \/>\n<script type=\"application\/ld+json\" class=\"yoast-schema-graph\">{\"@context\":\"https:\/\/schema.org\",\"@graph\":[{\"@type\":\"WebPage\",\"@id\":\"https:\/\/hubsch-interior.com\/de\/produkt\/flow-pflanzkasten-hellgrau\/\",\"url\":\"https:\/\/hubsch-interior.com\/de\/produkt\/flow-pflanzkasten-hellgrau\/\",\"name\":\"Flow Pflanzkasten Hellgrau - H\u00fcbsch\",\"isPartOf\":{\"@id\":\"https:\/\/hubsch-interior.com\/de\/#website\"},\"primaryImageOfPage\":{\"@id\":\"https:\/\/hubsch-interior.com\/de\/produkt\/flow-pflanzkasten-hellgrau\/#primaryimage\"},\"image\":{\"@id\":\"https:\/\/hubsch-interior.com\/de\/produkt\/flow-pflanzkasten-hellgrau\/#primaryimage\"},\"thumbnailUrl\":\"https:\/\/hubsch-interior.com\/wp-content\/uploads\/2026\/02\/flow-planter-light-grey-135276c404e05e7c358392c1fbd4c467.jpg\",\"datePublished\":\"2021-06-04T08:16:01+00:00\",\"dateModified\":\"2026-04-09T03:12:04+00:00\",\"description\":\"Der Flow Pflanzkasten in Hellgrau ist aus Metall gefertigt und sorgt f\u00fcr ein modernes Design. Er verleiht jedem Raum eine stilvolle Atmosph\u00e4re und bietet\",\"breadcrumb\":{\"@id\":\"https:\/\/hubsch-interior.com\/de\/produkt\/flow-pflanzkasten-hellgrau\/#breadcrumb\"},\"inLanguage\":\"de\",\"potentialAction\":[{\"@type\":\"ReadAction\",\"target\":[\"https:\/\/hubsch-interior.com\/de\/produkt\/flow-pflanzkasten-hellgrau\/\"]}]},{\"@type\":\"ImageObject\",\"inLanguage\":\"de\",\"@id\":\"https:\/\/hubsch-interior.com\/de\/produkt\/flow-pflanzkasten-hellgrau\/#primaryimage\",\"url\":\"https:\/\/hubsch-interior.com\/wp-content\/uploads\/2026\/02\/flow-planter-light-grey-135276c404e05e7c358392c1fbd4c467.jpg\",\"contentUrl\":\"https:\/\/hubsch-interior.com\/wp-content\/uploads\/2026\/02\/flow-planter-light-grey-135276c404e05e7c358392c1fbd4c467.jpg\",\"width\":1024,\"height\":1024},{\"@type\":\"BreadcrumbList\",\"@id\":\"https:\/\/hubsch-interior.com\/de\/produkt\/flow-pflanzkasten-hellgrau\/#breadcrumb\",\"itemListElement\":[{\"@type\":\"ListItem\",\"position\":1,\"name\":\"Startseite\",\"item\":\"https:\/\/hubsch-interior.com\/de\/\"},{\"@type\":\"ListItem\",\"position\":2,\"name\":\"Produkte\",\"item\":\"https:\/\/hubsch-interior.com\/de\/shop-2\/\"},{\"@type\":\"ListItem\",\"position\":3,\"name\":\"Wohnaccessoires\",\"item\":\"https:\/\/hubsch-interior.com\/de\/produkt-kategorie\/wohnaccessoires\/\"},{\"@type\":\"ListItem\",\"position\":4,\"name\":\"T&ouml;pfe &amp; Gie&szlig;kannen\",\"item\":\"https:\/\/hubsch-interior.com\/de\/produkt-kategorie\/wohnaccessoires\/toepfe-giesskannen-de\/\"},{\"@type\":\"ListItem\",\"position\":5,\"name\":\"Pflanzkasten\",\"item\":\"https:\/\/hubsch-interior.com\/de\/produkt-kategorie\/wohnaccessoires\/toepfe-giesskannen-de\/pflanzkasten-de\/\"},{\"@type\":\"ListItem\",\"position\":6,\"name\":\"Flow Pflanzkasten Hellgrau\"}]},{\"@type\":\"WebSite\",\"@id\":\"https:\/\/hubsch-interior.com\/de\/#website\",\"url\":\"https:\/\/hubsch-interior.com\/de\/\",\"name\":\"H\u00fcbsch\",\"description\":\"Danish Home Interior and Design\",\"publisher\":{\"@id\":\"https:\/\/hubsch-interior.com\/de\/#organization\"},\"potentialAction\":[{\"@type\":\"SearchAction\",\"target\":{\"@type\":\"EntryPoint\",\"urlTemplate\":\"https:\/\/hubsch-interior.com\/de\/?s={search_term_string}\"},\"query-input\":{\"@type\":\"PropertyValueSpecification\",\"valueRequired\":true,\"valueName\":\"search_term_string\"}}],\"inLanguage\":\"de\"},{\"@type\":\"Organization\",\"@id\":\"https:\/\/hubsch-interior.com\/de\/#organization\",\"name\":\"H\u00fcbsch\",\"url\":\"https:\/\/hubsch-interior.com\/de\/\",\"logo\":{\"@type\":\"ImageObject\",\"inLanguage\":\"de\",\"@id\":\"https:\/\/hubsch-interior.com\/de\/#\/schema\/logo\/image\/\",\"url\":\"https:\/\/hubsch-interior.com\/wp-content\/uploads\/2022\/12\/Hubsch_logo_black_one_line.svg\",\"contentUrl\":\"https:\/\/hubsch-interior.com\/wp-content\/uploads\/2022\/12\/Hubsch_logo_black_one_line.svg\",\"caption\":\"H\u00fcbsch\"},\"image\":{\"@id\":\"https:\/\/hubsch-interior.com\/de\/#\/schema\/logo\/image\/\"}}]}<\/script>\n<!-- \/ Yoast SEO plugin. -->","yoast_head_json":{"title":"Flow Pflanzkasten Hellgrau - H\u00fcbsch","description":"Der Flow Pflanzkasten in Hellgrau ist aus Metall gefertigt und sorgt f\u00fcr ein modernes Design. Er verleiht jedem Raum eine stilvolle Atmosph\u00e4re und bietet","robots":{"index":"index","follow":"follow","max-snippet":"max-snippet:-1","max-image-preview":"max-image-preview:large","max-video-preview":"max-video-preview:-1"},"canonical":"https:\/\/hubsch-interior.com\/de\/wp-json\/wp\/v2\/product\/396929","og_locale":"de_DE","og_type":"article","og_title":"Flow Pflanzkasten Hellgrau - H\u00fcbsch","og_description":"Der Flow Pflanzkasten in Hellgrau ist aus Metall gefertigt und sorgt f\u00fcr ein modernes Design. Er verleiht jedem Raum eine stilvolle Atmosph\u00e4re und bietet","og_url":"https:\/\/hubsch-interior.com\/de\/produkt\/flow-pflanzkasten-hellgrau\/","og_site_name":"H\u00fcbsch","article_modified_time":"2026-04-09T03:12:04+00:00","og_image":[{"width":1200,"height":1200,"url":"https:\/\/hubsch-interior.com\/wp-content\/uploads\/2025\/05\/flow-planter-light-grey-b4c94e96c836cd222f968b289a067ec2.jpg","type":"image\/jpeg"}],"twitter_card":"summary_large_image","schema":{"@context":"https:\/\/schema.org","@graph":[{"@type":"WebPage","@id":"https:\/\/hubsch-interior.com\/de\/produkt\/flow-pflanzkasten-hellgrau\/","url":"https:\/\/hubsch-interior.com\/de\/produkt\/flow-pflanzkasten-hellgrau\/","name":"Flow Pflanzkasten Hellgrau - H\u00fcbsch","isPartOf":{"@id":"https:\/\/hubsch-interior.com\/de\/#website"},"primaryImageOfPage":{"@id":"https:\/\/hubsch-interior.com\/de\/produkt\/flow-pflanzkasten-hellgrau\/#primaryimage"},"image":{"@id":"https:\/\/hubsch-interior.com\/de\/produkt\/flow-pflanzkasten-hellgrau\/#primaryimage"},"thumbnailUrl":"https:\/\/hubsch-interior.com\/wp-content\/uploads\/2026\/02\/flow-planter-light-grey-135276c404e05e7c358392c1fbd4c467.jpg","datePublished":"2021-06-04T08:16:01+00:00","dateModified":"2026-04-09T03:12:04+00:00","description":"Der Flow Pflanzkasten in Hellgrau ist aus Metall gefertigt und sorgt f\u00fcr ein modernes Design. Er verleiht jedem Raum eine stilvolle Atmosph\u00e4re und bietet","breadcrumb":{"@id":"https:\/\/hubsch-interior.com\/de\/produkt\/flow-pflanzkasten-hellgrau\/#breadcrumb"},"inLanguage":"de","potentialAction":[{"@type":"ReadAction","target":["https:\/\/hubsch-interior.com\/de\/produkt\/flow-pflanzkasten-hellgrau\/"]}]},{"@type":"ImageObject","inLanguage":"de","@id":"https:\/\/hubsch-interior.com\/de\/produkt\/flow-pflanzkasten-hellgrau\/#primaryimage","url":"https:\/\/hubsch-interior.com\/wp-content\/uploads\/2026\/02\/flow-planter-light-grey-135276c404e05e7c358392c1fbd4c467.jpg","contentUrl":"https:\/\/hubsch-interior.com\/wp-content\/uploads\/2026\/02\/flow-planter-light-grey-135276c404e05e7c358392c1fbd4c467.jpg","width":1024,"height":1024},{"@type":"BreadcrumbList","@id":"https:\/\/hubsch-interior.com\/de\/produkt\/flow-pflanzkasten-hellgrau\/#breadcrumb","itemListElement":[{"@type":"ListItem","position":1,"name":"Startseite","item":"https:\/\/hubsch-interior.com\/de\/"},{"@type":"ListItem","position":2,"name":"Produkte","item":"https:\/\/hubsch-interior.com\/de\/shop-2\/"},{"@type":"ListItem","position":3,"name":"Wohnaccessoires","item":"https:\/\/hubsch-interior.com\/de\/produkt-kategorie\/wohnaccessoires\/"},{"@type":"ListItem","position":4,"name":"T&ouml;pfe &amp; Gie&szlig;kannen","item":"https:\/\/hubsch-interior.com\/de\/produkt-kategorie\/wohnaccessoires\/toepfe-giesskannen-de\/"},{"@type":"ListItem","position":5,"name":"Pflanzkasten","item":"https:\/\/hubsch-interior.com\/de\/produkt-kategorie\/wohnaccessoires\/toepfe-giesskannen-de\/pflanzkasten-de\/"},{"@type":"ListItem","position":6,"name":"Flow Pflanzkasten Hellgrau"}]},{"@type":"WebSite","@id":"https:\/\/hubsch-interior.com\/de\/#website","url":"https:\/\/hubsch-interior.com\/de\/","name":"H\u00fcbsch","description":"Danish Home Interior and Design","publisher":{"@id":"https:\/\/hubsch-interior.com\/de\/#organization"},"potentialAction":[{"@type":"SearchAction","target":{"@type":"EntryPoint","urlTemplate":"https:\/\/hubsch-interior.com\/de\/?s={search_term_string}"},"query-input":{"@type":"PropertyValueSpecification","valueRequired":true,"valueName":"search_term_string"}}],"inLanguage":"de"},{"@type":"Organization","@id":"https:\/\/hubsch-interior.com\/de\/#organization","name":"H\u00fcbsch","url":"https:\/\/hubsch-interior.com\/de\/","logo":{"@type":"ImageObject","inLanguage":"de","@id":"https:\/\/hubsch-interior.com\/de\/#\/schema\/logo\/image\/","url":"https:\/\/hubsch-interior.com\/wp-content\/uploads\/2022\/12\/Hubsch_logo_black_one_line.svg","contentUrl":"https:\/\/hubsch-interior.com\/wp-content\/uploads\/2022\/12\/Hubsch_logo_black_one_line.svg","caption":"H\u00fcbsch"},"image":{"@id":"https:\/\/hubsch-interior.com\/de\/#\/schema\/logo\/image\/"}}]}},"_links":{"self":[{"href":"https:\/\/hubsch-interior.com\/de\/wp-json\/wp\/v2\/product\/396929","targetHints":{"allow":["GET"]}}],"collection":[{"href":"https:\/\/hubsch-interior.com\/de\/wp-json\/wp\/v2\/product"}],"about":[{"href":"https:\/\/hubsch-interior.com\/de\/wp-json\/wp\/v2\/types\/product"}],"wp:featuredmedia":[{"embeddable":true,"href":"https:\/\/hubsch-interior.com\/de\/wp-json\/wp\/v2\/media\/1108726"}],"wp:attachment":[{"href":"https:\/\/hubsch-interior.com\/de\/wp-json\/wp\/v2\/media?parent=396929"}],"wp:term":[{"taxonomy":"product_brand","embeddable":true,"href":"https:\/\/hubsch-interior.com\/de\/wp-json\/wp\/v2\/product_brand?post=396929"},{"taxonomy":"product_cat","embeddable":true,"href":"https:\/\/hubsch-interior.com\/de\/wp-json\/wp\/v2\/product_cat?post=396929"},{"taxonomy":"product_tag","embeddable":true,"href":"https:\/\/hubsch-interior.com\/de\/wp-json\/wp\/v2\/product_tag?post=396929"}],"curies":[{"name":"wp","href":"https:\/\/api.w.org\/{rel}","templated":true}]}}