{"id":396969,"date":"2021-06-04T10:16:17","date_gmt":"2021-06-04T08:16:17","guid":{"rendered":"https:\/\/hubsch-interior.com\/shop-b2c\/product\/product-6\/"},"modified":"2026-04-05T05:15:17","modified_gmt":"2026-04-05T03:15:17","slug":"zenith-wandleuchte-messingfarben","status":"publish","type":"product","link":"https:\/\/hubsch-interior.com\/de\/produkt\/zenith-wandleuchte-messingfarben\/","title":{"rendered":"Zenith Wandleuchte Messingfarben"},"content":{"rendered":"<p>Die schlichte Zenith-Wandleuchte eignet sich perfekt f\u00fcr die Arbeit am Schreibtisch oder zum Lesen und steht f\u00fcr moderne Coolness. Die Messingfarbe ist besonders elegant und erfrischend. Befestigen Sie sie neben dem Sofa, an der Wand \u00fcber dem Kopfende des Bettes oder als schicke Schreibtischlampe \u2013 und schon sind Sie startklar: Ob zum Arbeiten, zum Lesen vor dem Schlafengehen oder als Stimmungslicht, die Zenith Wall Lamp ist f\u00fcr alles zu haben! <\/p>\n","protected":false},"excerpt":{"rendered":"<p>Die schlichte Zenith-Wandleuchte eignet sich perfekt f\u00fcr die Arbeit am Schreibtisch oder zum Lesen und steht f\u00fcr moderne Coolness. Die Messingfarbe ist besonders elegant und erfrischend. Befestigen Sie sie neben dem Sofa, an der Wand \u00fcber dem Kopfende des Bettes oder als schicke Schreibtischlampe \u2013 und schon sind Sie startklar: Ob zum Arbeiten, zum Lesen [&hellip;]<\/p>\n","protected":false},"featured_media":1112820,"template":"","meta":{"_acf_changed":false,"inline_featured_image":false},"product_brand":[],"product_cat":[3809,3409,5027],"product_tag":[],"class_list":{"0":"post-396969","1":"product","2":"type-product","3":"status-publish","4":"has-post-thumbnail","6":"product_cat-beleuchtung","7":"product_cat-wandlampen-de","8":"product_cat-bestsellers-de","9":"product_shipping_class-pk","11":"pa_color-messingfarben","12":"pa_material-eisen-de","14":"first","15":"instock","16":"featured","17":"taxable","18":"shipping-taxable","19":"purchasable","20":"product-type-simple"},"exclude_global_add_ons":[],"addons":[],"acf":[],"yoast_head":"<!-- This site is optimized with the Yoast SEO plugin v26.4 - https:\/\/yoast.com\/wordpress\/plugins\/seo\/ -->\n<title>Zenith Wandleuchte Messingfarben - H\u00fcbsch<\/title>\n<meta name=\"description\" content=\"Die schlichte Zenith-Wandleuchte eignet sich perfekt f\u00fcr die Arbeit am Schreibtisch oder zum Lesen und steht f\u00fcr moderne Coolness. Die Messingfarbe ist\" \/>\n<meta name=\"robots\" content=\"index, follow, max-snippet:-1, max-image-preview:large, max-video-preview:-1\" \/>\n<link rel=\"canonical\" href=\"https:\/\/hubsch-interior.com\/de\/wp-json\/wp\/v2\/product\/396969\" \/>\n<meta property=\"og:locale\" content=\"de_DE\" \/>\n<meta property=\"og:type\" content=\"article\" \/>\n<meta property=\"og:title\" content=\"Zenith Wandleuchte Messingfarben - H\u00fcbsch\" \/>\n<meta property=\"og:description\" content=\"Die schlichte Zenith-Wandleuchte eignet sich perfekt f\u00fcr die Arbeit am Schreibtisch oder zum Lesen und steht f\u00fcr moderne Coolness. Die Messingfarbe ist\" \/>\n<meta property=\"og:url\" content=\"https:\/\/hubsch-interior.com\/de\/produkt\/zenith-wandleuchte-messingfarben\/\" \/>\n<meta property=\"og:site_name\" content=\"H\u00fcbsch\" \/>\n<meta property=\"article:modified_time\" content=\"2026-04-05T03:15:17+00:00\" \/>\n<meta property=\"og:image\" content=\"https:\/\/hubsch-interior.com\/wp-content\/uploads\/2024\/01\/zenith-wall-lamp-brass-76c87efd5692937671806a4c3ddc3230.jpg\" \/>\n\t<meta property=\"og:image:width\" content=\"1200\" \/>\n\t<meta property=\"og:image:height\" content=\"1200\" \/>\n\t<meta property=\"og:image:type\" content=\"image\/jpeg\" \/>\n<meta name=\"twitter:card\" content=\"summary_large_image\" \/>\n<script type=\"application\/ld+json\" class=\"yoast-schema-graph\">{\"@context\":\"https:\/\/schema.org\",\"@graph\":[{\"@type\":\"WebPage\",\"@id\":\"https:\/\/hubsch-interior.com\/de\/produkt\/zenith-wandleuchte-messingfarben\/\",\"url\":\"https:\/\/hubsch-interior.com\/de\/produkt\/zenith-wandleuchte-messingfarben\/\",\"name\":\"Zenith Wandleuchte Messingfarben - H\u00fcbsch\",\"isPartOf\":{\"@id\":\"https:\/\/hubsch-interior.com\/de\/#website\"},\"primaryImageOfPage\":{\"@id\":\"https:\/\/hubsch-interior.com\/de\/produkt\/zenith-wandleuchte-messingfarben\/#primaryimage\"},\"image\":{\"@id\":\"https:\/\/hubsch-interior.com\/de\/produkt\/zenith-wandleuchte-messingfarben\/#primaryimage\"},\"thumbnailUrl\":\"https:\/\/hubsch-interior.com\/wp-content\/uploads\/2026\/02\/zenith-wall-light-brass-ee51ff4ef4994be3734fdc12ba0f93ee.jpg\",\"datePublished\":\"2021-06-04T08:16:17+00:00\",\"dateModified\":\"2026-04-05T03:15:17+00:00\",\"description\":\"Die schlichte Zenith-Wandleuchte eignet sich perfekt f\u00fcr die Arbeit am Schreibtisch oder zum Lesen und steht f\u00fcr moderne Coolness. Die Messingfarbe ist\",\"breadcrumb\":{\"@id\":\"https:\/\/hubsch-interior.com\/de\/produkt\/zenith-wandleuchte-messingfarben\/#breadcrumb\"},\"inLanguage\":\"de\",\"potentialAction\":[{\"@type\":\"ReadAction\",\"target\":[\"https:\/\/hubsch-interior.com\/de\/produkt\/zenith-wandleuchte-messingfarben\/\"]}]},{\"@type\":\"ImageObject\",\"inLanguage\":\"de\",\"@id\":\"https:\/\/hubsch-interior.com\/de\/produkt\/zenith-wandleuchte-messingfarben\/#primaryimage\",\"url\":\"https:\/\/hubsch-interior.com\/wp-content\/uploads\/2026\/02\/zenith-wall-light-brass-ee51ff4ef4994be3734fdc12ba0f93ee.jpg\",\"contentUrl\":\"https:\/\/hubsch-interior.com\/wp-content\/uploads\/2026\/02\/zenith-wall-light-brass-ee51ff4ef4994be3734fdc12ba0f93ee.jpg\",\"width\":1024,\"height\":1024},{\"@type\":\"BreadcrumbList\",\"@id\":\"https:\/\/hubsch-interior.com\/de\/produkt\/zenith-wandleuchte-messingfarben\/#breadcrumb\",\"itemListElement\":[{\"@type\":\"ListItem\",\"position\":1,\"name\":\"Startseite\",\"item\":\"https:\/\/hubsch-interior.com\/de\/\"},{\"@type\":\"ListItem\",\"position\":2,\"name\":\"Produkte\",\"item\":\"https:\/\/hubsch-interior.com\/de\/shop-2\/\"},{\"@type\":\"ListItem\",\"position\":3,\"name\":\"Beleuchtung\",\"item\":\"https:\/\/hubsch-interior.com\/de\/produkt-kategorie\/beleuchtung\/\"},{\"@type\":\"ListItem\",\"position\":4,\"name\":\"Wandlampen\",\"item\":\"https:\/\/hubsch-interior.com\/de\/produkt-kategorie\/beleuchtung\/wandlampen-de\/\"},{\"@type\":\"ListItem\",\"position\":5,\"name\":\"Zenith Wandleuchte Messingfarben\"}]},{\"@type\":\"WebSite\",\"@id\":\"https:\/\/hubsch-interior.com\/de\/#website\",\"url\":\"https:\/\/hubsch-interior.com\/de\/\",\"name\":\"H\u00fcbsch\",\"description\":\"Danish Home Interior and Design\",\"publisher\":{\"@id\":\"https:\/\/hubsch-interior.com\/de\/#organization\"},\"potentialAction\":[{\"@type\":\"SearchAction\",\"target\":{\"@type\":\"EntryPoint\",\"urlTemplate\":\"https:\/\/hubsch-interior.com\/de\/?s={search_term_string}\"},\"query-input\":{\"@type\":\"PropertyValueSpecification\",\"valueRequired\":true,\"valueName\":\"search_term_string\"}}],\"inLanguage\":\"de\"},{\"@type\":\"Organization\",\"@id\":\"https:\/\/hubsch-interior.com\/de\/#organization\",\"name\":\"H\u00fcbsch\",\"url\":\"https:\/\/hubsch-interior.com\/de\/\",\"logo\":{\"@type\":\"ImageObject\",\"inLanguage\":\"de\",\"@id\":\"https:\/\/hubsch-interior.com\/de\/#\/schema\/logo\/image\/\",\"url\":\"https:\/\/hubsch-interior.com\/wp-content\/uploads\/2022\/12\/Hubsch_logo_black_one_line.svg\",\"contentUrl\":\"https:\/\/hubsch-interior.com\/wp-content\/uploads\/2022\/12\/Hubsch_logo_black_one_line.svg\",\"caption\":\"H\u00fcbsch\"},\"image\":{\"@id\":\"https:\/\/hubsch-interior.com\/de\/#\/schema\/logo\/image\/\"}}]}<\/script>\n<!-- \/ Yoast SEO plugin. -->","yoast_head_json":{"title":"Zenith Wandleuchte Messingfarben - H\u00fcbsch","description":"Die schlichte Zenith-Wandleuchte eignet sich perfekt f\u00fcr die Arbeit am Schreibtisch oder zum Lesen und steht f\u00fcr moderne Coolness. Die Messingfarbe ist","robots":{"index":"index","follow":"follow","max-snippet":"max-snippet:-1","max-image-preview":"max-image-preview:large","max-video-preview":"max-video-preview:-1"},"canonical":"https:\/\/hubsch-interior.com\/de\/wp-json\/wp\/v2\/product\/396969","og_locale":"de_DE","og_type":"article","og_title":"Zenith Wandleuchte Messingfarben - H\u00fcbsch","og_description":"Die schlichte Zenith-Wandleuchte eignet sich perfekt f\u00fcr die Arbeit am Schreibtisch oder zum Lesen und steht f\u00fcr moderne Coolness. Die Messingfarbe ist","og_url":"https:\/\/hubsch-interior.com\/de\/produkt\/zenith-wandleuchte-messingfarben\/","og_site_name":"H\u00fcbsch","article_modified_time":"2026-04-05T03:15:17+00:00","og_image":[{"width":1200,"height":1200,"url":"https:\/\/hubsch-interior.com\/wp-content\/uploads\/2024\/01\/zenith-wall-lamp-brass-76c87efd5692937671806a4c3ddc3230.jpg","type":"image\/jpeg"}],"twitter_card":"summary_large_image","schema":{"@context":"https:\/\/schema.org","@graph":[{"@type":"WebPage","@id":"https:\/\/hubsch-interior.com\/de\/produkt\/zenith-wandleuchte-messingfarben\/","url":"https:\/\/hubsch-interior.com\/de\/produkt\/zenith-wandleuchte-messingfarben\/","name":"Zenith Wandleuchte Messingfarben - H\u00fcbsch","isPartOf":{"@id":"https:\/\/hubsch-interior.com\/de\/#website"},"primaryImageOfPage":{"@id":"https:\/\/hubsch-interior.com\/de\/produkt\/zenith-wandleuchte-messingfarben\/#primaryimage"},"image":{"@id":"https:\/\/hubsch-interior.com\/de\/produkt\/zenith-wandleuchte-messingfarben\/#primaryimage"},"thumbnailUrl":"https:\/\/hubsch-interior.com\/wp-content\/uploads\/2026\/02\/zenith-wall-light-brass-ee51ff4ef4994be3734fdc12ba0f93ee.jpg","datePublished":"2021-06-04T08:16:17+00:00","dateModified":"2026-04-05T03:15:17+00:00","description":"Die schlichte Zenith-Wandleuchte eignet sich perfekt f\u00fcr die Arbeit am Schreibtisch oder zum Lesen und steht f\u00fcr moderne Coolness. Die Messingfarbe ist","breadcrumb":{"@id":"https:\/\/hubsch-interior.com\/de\/produkt\/zenith-wandleuchte-messingfarben\/#breadcrumb"},"inLanguage":"de","potentialAction":[{"@type":"ReadAction","target":["https:\/\/hubsch-interior.com\/de\/produkt\/zenith-wandleuchte-messingfarben\/"]}]},{"@type":"ImageObject","inLanguage":"de","@id":"https:\/\/hubsch-interior.com\/de\/produkt\/zenith-wandleuchte-messingfarben\/#primaryimage","url":"https:\/\/hubsch-interior.com\/wp-content\/uploads\/2026\/02\/zenith-wall-light-brass-ee51ff4ef4994be3734fdc12ba0f93ee.jpg","contentUrl":"https:\/\/hubsch-interior.com\/wp-content\/uploads\/2026\/02\/zenith-wall-light-brass-ee51ff4ef4994be3734fdc12ba0f93ee.jpg","width":1024,"height":1024},{"@type":"BreadcrumbList","@id":"https:\/\/hubsch-interior.com\/de\/produkt\/zenith-wandleuchte-messingfarben\/#breadcrumb","itemListElement":[{"@type":"ListItem","position":1,"name":"Startseite","item":"https:\/\/hubsch-interior.com\/de\/"},{"@type":"ListItem","position":2,"name":"Produkte","item":"https:\/\/hubsch-interior.com\/de\/shop-2\/"},{"@type":"ListItem","position":3,"name":"Beleuchtung","item":"https:\/\/hubsch-interior.com\/de\/produkt-kategorie\/beleuchtung\/"},{"@type":"ListItem","position":4,"name":"Wandlampen","item":"https:\/\/hubsch-interior.com\/de\/produkt-kategorie\/beleuchtung\/wandlampen-de\/"},{"@type":"ListItem","position":5,"name":"Zenith Wandleuchte Messingfarben"}]},{"@type":"WebSite","@id":"https:\/\/hubsch-interior.com\/de\/#website","url":"https:\/\/hubsch-interior.com\/de\/","name":"H\u00fcbsch","description":"Danish Home Interior and Design","publisher":{"@id":"https:\/\/hubsch-interior.com\/de\/#organization"},"potentialAction":[{"@type":"SearchAction","target":{"@type":"EntryPoint","urlTemplate":"https:\/\/hubsch-interior.com\/de\/?s={search_term_string}"},"query-input":{"@type":"PropertyValueSpecification","valueRequired":true,"valueName":"search_term_string"}}],"inLanguage":"de"},{"@type":"Organization","@id":"https:\/\/hubsch-interior.com\/de\/#organization","name":"H\u00fcbsch","url":"https:\/\/hubsch-interior.com\/de\/","logo":{"@type":"ImageObject","inLanguage":"de","@id":"https:\/\/hubsch-interior.com\/de\/#\/schema\/logo\/image\/","url":"https:\/\/hubsch-interior.com\/wp-content\/uploads\/2022\/12\/Hubsch_logo_black_one_line.svg","contentUrl":"https:\/\/hubsch-interior.com\/wp-content\/uploads\/2022\/12\/Hubsch_logo_black_one_line.svg","caption":"H\u00fcbsch"},"image":{"@id":"https:\/\/hubsch-interior.com\/de\/#\/schema\/logo\/image\/"}}]}},"_links":{"self":[{"href":"https:\/\/hubsch-interior.com\/de\/wp-json\/wp\/v2\/product\/396969","targetHints":{"allow":["GET"]}}],"collection":[{"href":"https:\/\/hubsch-interior.com\/de\/wp-json\/wp\/v2\/product"}],"about":[{"href":"https:\/\/hubsch-interior.com\/de\/wp-json\/wp\/v2\/types\/product"}],"wp:featuredmedia":[{"embeddable":true,"href":"https:\/\/hubsch-interior.com\/de\/wp-json\/wp\/v2\/media\/1112820"}],"wp:attachment":[{"href":"https:\/\/hubsch-interior.com\/de\/wp-json\/wp\/v2\/media?parent=396969"}],"wp:term":[{"taxonomy":"product_brand","embeddable":true,"href":"https:\/\/hubsch-interior.com\/de\/wp-json\/wp\/v2\/product_brand?post=396969"},{"taxonomy":"product_cat","embeddable":true,"href":"https:\/\/hubsch-interior.com\/de\/wp-json\/wp\/v2\/product_cat?post=396969"},{"taxonomy":"product_tag","embeddable":true,"href":"https:\/\/hubsch-interior.com\/de\/wp-json\/wp\/v2\/product_tag?post=396969"}],"curies":[{"name":"wp","href":"https:\/\/api.w.org\/{rel}","templated":true}]}}