{"id":397077,"date":"2021-06-04T10:16:41","date_gmt":"2021-06-04T08:16:41","guid":{"rendered":"https:\/\/hubsch-interior.com\/shop-b2c\/product\/product-6\/"},"modified":"2026-04-09T05:12:34","modified_gmt":"2026-04-09T03:12:34","slug":"loop-handtuchhalter-burgundy","status":"publish","type":"product","link":"https:\/\/hubsch-interior.com\/de\/produkt\/loop-handtuchhalter-burgundy\/","title":{"rendered":"Loop Handtuchhalter Burgundy"},"content":{"rendered":"<p>Der Handtuchhalter besteht aus Metall und ist in einer bordeauxfarbenen Farbe gestaltet. Der Handtuchhalter bietet zwei Ringe, an denen mehrere Handt\u00fccher oder Decken aufgeh\u00e4ngt werden k\u00f6nnen. F\u00fcgen Sie Ihrem Badezimmer, Ihrer K\u00fcche oder jedem anderen Raum in Ihrem Zuhause ein stilvolles Detail hinzu.<\/p>\n","protected":false},"excerpt":{"rendered":"<p>Der Handtuchhalter besteht aus Metall und ist in einer bordeauxfarbenen Farbe gestaltet. Der Handtuchhalter bietet zwei Ringe, an denen mehrere Handt\u00fccher oder Decken aufgeh\u00e4ngt werden k\u00f6nnen. F\u00fcgen Sie Ihrem Badezimmer, Ihrer K\u00fcche oder jedem anderen Raum in Ihrem Zuhause ein stilvolles Detail hinzu.<\/p>\n","protected":false},"featured_media":1108814,"template":"","meta":{"_acf_changed":false,"inline_featured_image":false},"product_brand":[],"product_cat":[5027,4108,7067,7073,4043],"product_tag":[],"class_list":{"0":"post-397077","1":"product","2":"type-product","3":"status-publish","4":"has-post-thumbnail","6":"product_cat-bestsellers-de","7":"product_cat-haken-de","8":"product_cat-kuchen-haken-de","9":"product_cat-haken-regale-de","10":"product_cat-haken-und-hakenleisten-de","11":"product_shipping_class-pk","13":"pa_color-burgundy-de","14":"pa_material-eisen-de","16":"first","17":"instock","18":"featured","19":"taxable","20":"shipping-taxable","21":"purchasable","22":"product-type-simple"},"exclude_global_add_ons":[],"addons":[],"acf":[],"yoast_head":"<!-- This site is optimized with the Yoast SEO plugin v26.4 - https:\/\/yoast.com\/wordpress\/plugins\/seo\/ -->\n<title>Loop Handtuchhalter Burgundy - H\u00fcbsch<\/title>\n<meta name=\"description\" content=\"Der Handtuchhalter besteht aus Metall und ist in einer bordeauxfarbenen Farbe gestaltet. Der Handtuchhalter bietet zwei Ringe, an denen mehrere Handt\u00fccher\" \/>\n<meta name=\"robots\" content=\"index, follow, max-snippet:-1, max-image-preview:large, max-video-preview:-1\" \/>\n<link rel=\"canonical\" href=\"https:\/\/hubsch-interior.com\/de\/wp-json\/wp\/v2\/product\/397077\" \/>\n<meta property=\"og:locale\" content=\"de_DE\" \/>\n<meta property=\"og:type\" content=\"article\" \/>\n<meta property=\"og:title\" content=\"Loop Handtuchhalter Burgundy - H\u00fcbsch\" \/>\n<meta property=\"og:description\" content=\"Der Handtuchhalter besteht aus Metall und ist in einer bordeauxfarbenen Farbe gestaltet. Der Handtuchhalter bietet zwei Ringe, an denen mehrere Handt\u00fccher\" \/>\n<meta property=\"og:url\" content=\"https:\/\/hubsch-interior.com\/de\/produkt\/loop-handtuchhalter-burgundy\/\" \/>\n<meta property=\"og:site_name\" content=\"H\u00fcbsch\" \/>\n<meta property=\"article:modified_time\" content=\"2026-04-09T03:12:34+00:00\" \/>\n<meta property=\"og:image\" content=\"https:\/\/hubsch-interior.com\/wp-content\/uploads\/2024\/01\/loop-towel-holder-burgundy-42b80b48827ad4167616fd1b50d81154.jpg\" \/>\n\t<meta property=\"og:image:width\" content=\"1200\" \/>\n\t<meta property=\"og:image:height\" content=\"1200\" \/>\n\t<meta property=\"og:image:type\" content=\"image\/jpeg\" \/>\n<meta name=\"twitter:card\" content=\"summary_large_image\" \/>\n<script type=\"application\/ld+json\" class=\"yoast-schema-graph\">{\"@context\":\"https:\/\/schema.org\",\"@graph\":[{\"@type\":\"WebPage\",\"@id\":\"https:\/\/hubsch-interior.com\/de\/produkt\/loop-handtuchhalter-burgundy\/\",\"url\":\"https:\/\/hubsch-interior.com\/de\/produkt\/loop-handtuchhalter-burgundy\/\",\"name\":\"Loop Handtuchhalter Burgundy - H\u00fcbsch\",\"isPartOf\":{\"@id\":\"https:\/\/hubsch-interior.com\/de\/#website\"},\"primaryImageOfPage\":{\"@id\":\"https:\/\/hubsch-interior.com\/de\/produkt\/loop-handtuchhalter-burgundy\/#primaryimage\"},\"image\":{\"@id\":\"https:\/\/hubsch-interior.com\/de\/produkt\/loop-handtuchhalter-burgundy\/#primaryimage\"},\"thumbnailUrl\":\"https:\/\/hubsch-interior.com\/wp-content\/uploads\/2026\/02\/loop-towel-holder-burgundy-c673af2f844621b94ad3f6324efdb90b.jpg\",\"datePublished\":\"2021-06-04T08:16:41+00:00\",\"dateModified\":\"2026-04-09T03:12:34+00:00\",\"description\":\"Der Handtuchhalter besteht aus Metall und ist in einer bordeauxfarbenen Farbe gestaltet. Der Handtuchhalter bietet zwei Ringe, an denen mehrere Handt\u00fccher\",\"breadcrumb\":{\"@id\":\"https:\/\/hubsch-interior.com\/de\/produkt\/loop-handtuchhalter-burgundy\/#breadcrumb\"},\"inLanguage\":\"de\",\"potentialAction\":[{\"@type\":\"ReadAction\",\"target\":[\"https:\/\/hubsch-interior.com\/de\/produkt\/loop-handtuchhalter-burgundy\/\"]}]},{\"@type\":\"ImageObject\",\"inLanguage\":\"de\",\"@id\":\"https:\/\/hubsch-interior.com\/de\/produkt\/loop-handtuchhalter-burgundy\/#primaryimage\",\"url\":\"https:\/\/hubsch-interior.com\/wp-content\/uploads\/2026\/02\/loop-towel-holder-burgundy-c673af2f844621b94ad3f6324efdb90b.jpg\",\"contentUrl\":\"https:\/\/hubsch-interior.com\/wp-content\/uploads\/2026\/02\/loop-towel-holder-burgundy-c673af2f844621b94ad3f6324efdb90b.jpg\",\"width\":1024,\"height\":1024},{\"@type\":\"BreadcrumbList\",\"@id\":\"https:\/\/hubsch-interior.com\/de\/produkt\/loop-handtuchhalter-burgundy\/#breadcrumb\",\"itemListElement\":[{\"@type\":\"ListItem\",\"position\":1,\"name\":\"Startseite\",\"item\":\"https:\/\/hubsch-interior.com\/de\/\"},{\"@type\":\"ListItem\",\"position\":2,\"name\":\"Produkte\",\"item\":\"https:\/\/hubsch-interior.com\/de\/shop-2\/\"},{\"@type\":\"ListItem\",\"position\":3,\"name\":\"Wohnaccessoires\",\"item\":\"https:\/\/hubsch-interior.com\/de\/produkt-kategorie\/wohnaccessoires\/\"},{\"@type\":\"ListItem\",\"position\":4,\"name\":\"Haken und Hakenleisten\",\"item\":\"https:\/\/hubsch-interior.com\/de\/produkt-kategorie\/wohnaccessoires\/haken-und-hakenleisten-de\/\"},{\"@type\":\"ListItem\",\"position\":5,\"name\":\"Haken\",\"item\":\"https:\/\/hubsch-interior.com\/de\/produkt-kategorie\/wohnaccessoires\/haken-und-hakenleisten-de\/haken-de\/\"},{\"@type\":\"ListItem\",\"position\":6,\"name\":\"Loop Handtuchhalter Burgundy\"}]},{\"@type\":\"WebSite\",\"@id\":\"https:\/\/hubsch-interior.com\/de\/#website\",\"url\":\"https:\/\/hubsch-interior.com\/de\/\",\"name\":\"H\u00fcbsch\",\"description\":\"Danish Home Interior and Design\",\"publisher\":{\"@id\":\"https:\/\/hubsch-interior.com\/de\/#organization\"},\"potentialAction\":[{\"@type\":\"SearchAction\",\"target\":{\"@type\":\"EntryPoint\",\"urlTemplate\":\"https:\/\/hubsch-interior.com\/de\/?s={search_term_string}\"},\"query-input\":{\"@type\":\"PropertyValueSpecification\",\"valueRequired\":true,\"valueName\":\"search_term_string\"}}],\"inLanguage\":\"de\"},{\"@type\":\"Organization\",\"@id\":\"https:\/\/hubsch-interior.com\/de\/#organization\",\"name\":\"H\u00fcbsch\",\"url\":\"https:\/\/hubsch-interior.com\/de\/\",\"logo\":{\"@type\":\"ImageObject\",\"inLanguage\":\"de\",\"@id\":\"https:\/\/hubsch-interior.com\/de\/#\/schema\/logo\/image\/\",\"url\":\"https:\/\/hubsch-interior.com\/wp-content\/uploads\/2022\/12\/Hubsch_logo_black_one_line.svg\",\"contentUrl\":\"https:\/\/hubsch-interior.com\/wp-content\/uploads\/2022\/12\/Hubsch_logo_black_one_line.svg\",\"caption\":\"H\u00fcbsch\"},\"image\":{\"@id\":\"https:\/\/hubsch-interior.com\/de\/#\/schema\/logo\/image\/\"}}]}<\/script>\n<!-- \/ Yoast SEO plugin. -->","yoast_head_json":{"title":"Loop Handtuchhalter Burgundy - H\u00fcbsch","description":"Der Handtuchhalter besteht aus Metall und ist in einer bordeauxfarbenen Farbe gestaltet. Der Handtuchhalter bietet zwei Ringe, an denen mehrere Handt\u00fccher","robots":{"index":"index","follow":"follow","max-snippet":"max-snippet:-1","max-image-preview":"max-image-preview:large","max-video-preview":"max-video-preview:-1"},"canonical":"https:\/\/hubsch-interior.com\/de\/wp-json\/wp\/v2\/product\/397077","og_locale":"de_DE","og_type":"article","og_title":"Loop Handtuchhalter Burgundy - H\u00fcbsch","og_description":"Der Handtuchhalter besteht aus Metall und ist in einer bordeauxfarbenen Farbe gestaltet. Der Handtuchhalter bietet zwei Ringe, an denen mehrere Handt\u00fccher","og_url":"https:\/\/hubsch-interior.com\/de\/produkt\/loop-handtuchhalter-burgundy\/","og_site_name":"H\u00fcbsch","article_modified_time":"2026-04-09T03:12:34+00:00","og_image":[{"width":1200,"height":1200,"url":"https:\/\/hubsch-interior.com\/wp-content\/uploads\/2024\/01\/loop-towel-holder-burgundy-42b80b48827ad4167616fd1b50d81154.jpg","type":"image\/jpeg"}],"twitter_card":"summary_large_image","schema":{"@context":"https:\/\/schema.org","@graph":[{"@type":"WebPage","@id":"https:\/\/hubsch-interior.com\/de\/produkt\/loop-handtuchhalter-burgundy\/","url":"https:\/\/hubsch-interior.com\/de\/produkt\/loop-handtuchhalter-burgundy\/","name":"Loop Handtuchhalter Burgundy - H\u00fcbsch","isPartOf":{"@id":"https:\/\/hubsch-interior.com\/de\/#website"},"primaryImageOfPage":{"@id":"https:\/\/hubsch-interior.com\/de\/produkt\/loop-handtuchhalter-burgundy\/#primaryimage"},"image":{"@id":"https:\/\/hubsch-interior.com\/de\/produkt\/loop-handtuchhalter-burgundy\/#primaryimage"},"thumbnailUrl":"https:\/\/hubsch-interior.com\/wp-content\/uploads\/2026\/02\/loop-towel-holder-burgundy-c673af2f844621b94ad3f6324efdb90b.jpg","datePublished":"2021-06-04T08:16:41+00:00","dateModified":"2026-04-09T03:12:34+00:00","description":"Der Handtuchhalter besteht aus Metall und ist in einer bordeauxfarbenen Farbe gestaltet. Der Handtuchhalter bietet zwei Ringe, an denen mehrere Handt\u00fccher","breadcrumb":{"@id":"https:\/\/hubsch-interior.com\/de\/produkt\/loop-handtuchhalter-burgundy\/#breadcrumb"},"inLanguage":"de","potentialAction":[{"@type":"ReadAction","target":["https:\/\/hubsch-interior.com\/de\/produkt\/loop-handtuchhalter-burgundy\/"]}]},{"@type":"ImageObject","inLanguage":"de","@id":"https:\/\/hubsch-interior.com\/de\/produkt\/loop-handtuchhalter-burgundy\/#primaryimage","url":"https:\/\/hubsch-interior.com\/wp-content\/uploads\/2026\/02\/loop-towel-holder-burgundy-c673af2f844621b94ad3f6324efdb90b.jpg","contentUrl":"https:\/\/hubsch-interior.com\/wp-content\/uploads\/2026\/02\/loop-towel-holder-burgundy-c673af2f844621b94ad3f6324efdb90b.jpg","width":1024,"height":1024},{"@type":"BreadcrumbList","@id":"https:\/\/hubsch-interior.com\/de\/produkt\/loop-handtuchhalter-burgundy\/#breadcrumb","itemListElement":[{"@type":"ListItem","position":1,"name":"Startseite","item":"https:\/\/hubsch-interior.com\/de\/"},{"@type":"ListItem","position":2,"name":"Produkte","item":"https:\/\/hubsch-interior.com\/de\/shop-2\/"},{"@type":"ListItem","position":3,"name":"Wohnaccessoires","item":"https:\/\/hubsch-interior.com\/de\/produkt-kategorie\/wohnaccessoires\/"},{"@type":"ListItem","position":4,"name":"Haken und Hakenleisten","item":"https:\/\/hubsch-interior.com\/de\/produkt-kategorie\/wohnaccessoires\/haken-und-hakenleisten-de\/"},{"@type":"ListItem","position":5,"name":"Haken","item":"https:\/\/hubsch-interior.com\/de\/produkt-kategorie\/wohnaccessoires\/haken-und-hakenleisten-de\/haken-de\/"},{"@type":"ListItem","position":6,"name":"Loop Handtuchhalter Burgundy"}]},{"@type":"WebSite","@id":"https:\/\/hubsch-interior.com\/de\/#website","url":"https:\/\/hubsch-interior.com\/de\/","name":"H\u00fcbsch","description":"Danish Home Interior and Design","publisher":{"@id":"https:\/\/hubsch-interior.com\/de\/#organization"},"potentialAction":[{"@type":"SearchAction","target":{"@type":"EntryPoint","urlTemplate":"https:\/\/hubsch-interior.com\/de\/?s={search_term_string}"},"query-input":{"@type":"PropertyValueSpecification","valueRequired":true,"valueName":"search_term_string"}}],"inLanguage":"de"},{"@type":"Organization","@id":"https:\/\/hubsch-interior.com\/de\/#organization","name":"H\u00fcbsch","url":"https:\/\/hubsch-interior.com\/de\/","logo":{"@type":"ImageObject","inLanguage":"de","@id":"https:\/\/hubsch-interior.com\/de\/#\/schema\/logo\/image\/","url":"https:\/\/hubsch-interior.com\/wp-content\/uploads\/2022\/12\/Hubsch_logo_black_one_line.svg","contentUrl":"https:\/\/hubsch-interior.com\/wp-content\/uploads\/2022\/12\/Hubsch_logo_black_one_line.svg","caption":"H\u00fcbsch"},"image":{"@id":"https:\/\/hubsch-interior.com\/de\/#\/schema\/logo\/image\/"}}]}},"_links":{"self":[{"href":"https:\/\/hubsch-interior.com\/de\/wp-json\/wp\/v2\/product\/397077","targetHints":{"allow":["GET"]}}],"collection":[{"href":"https:\/\/hubsch-interior.com\/de\/wp-json\/wp\/v2\/product"}],"about":[{"href":"https:\/\/hubsch-interior.com\/de\/wp-json\/wp\/v2\/types\/product"}],"wp:featuredmedia":[{"embeddable":true,"href":"https:\/\/hubsch-interior.com\/de\/wp-json\/wp\/v2\/media\/1108814"}],"wp:attachment":[{"href":"https:\/\/hubsch-interior.com\/de\/wp-json\/wp\/v2\/media?parent=397077"}],"wp:term":[{"taxonomy":"product_brand","embeddable":true,"href":"https:\/\/hubsch-interior.com\/de\/wp-json\/wp\/v2\/product_brand?post=397077"},{"taxonomy":"product_cat","embeddable":true,"href":"https:\/\/hubsch-interior.com\/de\/wp-json\/wp\/v2\/product_cat?post=397077"},{"taxonomy":"product_tag","embeddable":true,"href":"https:\/\/hubsch-interior.com\/de\/wp-json\/wp\/v2\/product_tag?post=397077"}],"curies":[{"name":"wp","href":"https:\/\/api.w.org\/{rel}","templated":true}]}}