{"id":397149,"date":"2021-06-04T10:17:03","date_gmt":"2021-06-04T08:17:03","guid":{"rendered":"https:\/\/hubsch-interior.com\/shop-b2c\/product\/product-6\/"},"modified":"2026-04-09T05:12:43","modified_gmt":"2026-04-09T03:12:43","slug":"retro-wandspiegel-large-messingfarben","status":"publish","type":"product","link":"https:\/\/hubsch-interior.com\/de\/produkt\/retro-wandspiegel-large-messingfarben\/","title":{"rendered":"Retro Wandspiegel Large Messingfarben"},"content":{"rendered":"<p>Der Bodenspiegel besteht aus Messing und Metall und ist in den Gr\u00f6\u00dfen 60x4xh152cm erh\u00e4ltlich. Der schlanke goldene Rahmen sowie die elegante Formgebung des Spiegels machen dieses Interieur zu einer schicken und eleganten Wahl. Platzieren Sie den Spiegel in Ihrem Eingang, Schlafzimmer, Badezimmer und vielem mehr.<\/p>\n","protected":false},"excerpt":{"rendered":"<p>Der Bodenspiegel besteht aus Messing und Metall und ist in den Gr\u00f6\u00dfen 60x4xh152cm erh\u00e4ltlich. Der schlanke goldene Rahmen sowie die elegante Formgebung des Spiegels machen dieses Interieur zu einer schicken und eleganten Wahl. Platzieren Sie den Spiegel in Ihrem Eingang, Schlafzimmer, Badezimmer und vielem mehr.<\/p>\n","protected":false},"featured_media":1108843,"template":"","meta":{"_acf_changed":false,"inline_featured_image":false},"product_brand":[],"product_cat":[2925,3481,5027],"product_tag":[],"class_list":{"0":"post-397149","1":"product","2":"type-product","3":"status-publish","4":"has-post-thumbnail","6":"product_cat-spiegel-de","7":"product_cat-stehspiegel-de","8":"product_cat-bestsellers-de","9":"product_shipping_class-p05","11":"pa_color-messingfarben","12":"pa_material-eisen-de","13":"pa_material-spiegelglas","15":"first","16":"instock","17":"featured","18":"taxable","19":"shipping-taxable","20":"purchasable","21":"product-type-simple"},"exclude_global_add_ons":[],"addons":[],"acf":[],"yoast_head":"<!-- This site is optimized with the Yoast SEO plugin v26.4 - https:\/\/yoast.com\/wordpress\/plugins\/seo\/ -->\n<title>Retro Wandspiegel Large Messingfarben - H\u00fcbsch<\/title>\n<meta name=\"description\" content=\"Der Bodenspiegel besteht aus Messing und Metall und ist in den Gr\u00f6\u00dfen 60x4xh152cm erh\u00e4ltlich. Der schlanke goldene Rahmen sowie die elegante Formgebung\" \/>\n<meta name=\"robots\" content=\"index, follow, max-snippet:-1, max-image-preview:large, max-video-preview:-1\" \/>\n<link rel=\"canonical\" href=\"https:\/\/hubsch-interior.com\/de\/wp-json\/wp\/v2\/product\/397149\" \/>\n<meta property=\"og:locale\" content=\"de_DE\" \/>\n<meta property=\"og:type\" content=\"article\" \/>\n<meta property=\"og:title\" content=\"Retro Wandspiegel Large Messingfarben - H\u00fcbsch\" \/>\n<meta property=\"og:description\" content=\"Der Bodenspiegel besteht aus Messing und Metall und ist in den Gr\u00f6\u00dfen 60x4xh152cm erh\u00e4ltlich. Der schlanke goldene Rahmen sowie die elegante Formgebung\" \/>\n<meta property=\"og:url\" content=\"https:\/\/hubsch-interior.com\/de\/produkt\/retro-wandspiegel-large-messingfarben\/\" \/>\n<meta property=\"og:site_name\" content=\"H\u00fcbsch\" \/>\n<meta property=\"article:modified_time\" content=\"2026-04-09T03:12:43+00:00\" \/>\n<meta property=\"og:image\" content=\"https:\/\/hubsch-interior.com\/wp-content\/uploads\/2024\/07\/retro-wall-mirror-large-brass-eceaab109b8b6da5b8e419c018920d48.jpg\" \/>\n\t<meta property=\"og:image:width\" content=\"1200\" \/>\n\t<meta property=\"og:image:height\" content=\"1200\" \/>\n\t<meta property=\"og:image:type\" content=\"image\/jpeg\" \/>\n<meta name=\"twitter:card\" content=\"summary_large_image\" \/>\n<script type=\"application\/ld+json\" class=\"yoast-schema-graph\">{\"@context\":\"https:\/\/schema.org\",\"@graph\":[{\"@type\":\"WebPage\",\"@id\":\"https:\/\/hubsch-interior.com\/de\/produkt\/retro-wandspiegel-large-messingfarben\/\",\"url\":\"https:\/\/hubsch-interior.com\/de\/produkt\/retro-wandspiegel-large-messingfarben\/\",\"name\":\"Retro Wandspiegel Large Messingfarben - H\u00fcbsch\",\"isPartOf\":{\"@id\":\"https:\/\/hubsch-interior.com\/de\/#website\"},\"primaryImageOfPage\":{\"@id\":\"https:\/\/hubsch-interior.com\/de\/produkt\/retro-wandspiegel-large-messingfarben\/#primaryimage\"},\"image\":{\"@id\":\"https:\/\/hubsch-interior.com\/de\/produkt\/retro-wandspiegel-large-messingfarben\/#primaryimage\"},\"thumbnailUrl\":\"https:\/\/hubsch-interior.com\/wp-content\/uploads\/2026\/02\/retro-wall-mirror-large-brass-a9c9bb6c5e408757c14b13236dd62859.jpg\",\"datePublished\":\"2021-06-04T08:17:03+00:00\",\"dateModified\":\"2026-04-09T03:12:43+00:00\",\"description\":\"Der Bodenspiegel besteht aus Messing und Metall und ist in den Gr\u00f6\u00dfen 60x4xh152cm erh\u00e4ltlich. Der schlanke goldene Rahmen sowie die elegante Formgebung\",\"breadcrumb\":{\"@id\":\"https:\/\/hubsch-interior.com\/de\/produkt\/retro-wandspiegel-large-messingfarben\/#breadcrumb\"},\"inLanguage\":\"de\",\"potentialAction\":[{\"@type\":\"ReadAction\",\"target\":[\"https:\/\/hubsch-interior.com\/de\/produkt\/retro-wandspiegel-large-messingfarben\/\"]}]},{\"@type\":\"ImageObject\",\"inLanguage\":\"de\",\"@id\":\"https:\/\/hubsch-interior.com\/de\/produkt\/retro-wandspiegel-large-messingfarben\/#primaryimage\",\"url\":\"https:\/\/hubsch-interior.com\/wp-content\/uploads\/2026\/02\/retro-wall-mirror-large-brass-a9c9bb6c5e408757c14b13236dd62859.jpg\",\"contentUrl\":\"https:\/\/hubsch-interior.com\/wp-content\/uploads\/2026\/02\/retro-wall-mirror-large-brass-a9c9bb6c5e408757c14b13236dd62859.jpg\",\"width\":1024,\"height\":1024},{\"@type\":\"BreadcrumbList\",\"@id\":\"https:\/\/hubsch-interior.com\/de\/produkt\/retro-wandspiegel-large-messingfarben\/#breadcrumb\",\"itemListElement\":[{\"@type\":\"ListItem\",\"position\":1,\"name\":\"Startseite\",\"item\":\"https:\/\/hubsch-interior.com\/de\/\"},{\"@type\":\"ListItem\",\"position\":2,\"name\":\"Produkte\",\"item\":\"https:\/\/hubsch-interior.com\/de\/shop-2\/\"},{\"@type\":\"ListItem\",\"position\":3,\"name\":\"Wohnaccessoires\",\"item\":\"https:\/\/hubsch-interior.com\/de\/produkt-kategorie\/wohnaccessoires\/\"},{\"@type\":\"ListItem\",\"position\":4,\"name\":\"Spiegel\",\"item\":\"https:\/\/hubsch-interior.com\/de\/produkt-kategorie\/wohnaccessoires\/spiegel-de\/\"},{\"@type\":\"ListItem\",\"position\":5,\"name\":\"Stehspiegel\",\"item\":\"https:\/\/hubsch-interior.com\/de\/produkt-kategorie\/wohnaccessoires\/spiegel-de\/stehspiegel-de\/\"},{\"@type\":\"ListItem\",\"position\":6,\"name\":\"Retro Wandspiegel Large Messingfarben\"}]},{\"@type\":\"WebSite\",\"@id\":\"https:\/\/hubsch-interior.com\/de\/#website\",\"url\":\"https:\/\/hubsch-interior.com\/de\/\",\"name\":\"H\u00fcbsch\",\"description\":\"Danish Home Interior and Design\",\"publisher\":{\"@id\":\"https:\/\/hubsch-interior.com\/de\/#organization\"},\"potentialAction\":[{\"@type\":\"SearchAction\",\"target\":{\"@type\":\"EntryPoint\",\"urlTemplate\":\"https:\/\/hubsch-interior.com\/de\/?s={search_term_string}\"},\"query-input\":{\"@type\":\"PropertyValueSpecification\",\"valueRequired\":true,\"valueName\":\"search_term_string\"}}],\"inLanguage\":\"de\"},{\"@type\":\"Organization\",\"@id\":\"https:\/\/hubsch-interior.com\/de\/#organization\",\"name\":\"H\u00fcbsch\",\"url\":\"https:\/\/hubsch-interior.com\/de\/\",\"logo\":{\"@type\":\"ImageObject\",\"inLanguage\":\"de\",\"@id\":\"https:\/\/hubsch-interior.com\/de\/#\/schema\/logo\/image\/\",\"url\":\"https:\/\/hubsch-interior.com\/wp-content\/uploads\/2022\/12\/Hubsch_logo_black_one_line.svg\",\"contentUrl\":\"https:\/\/hubsch-interior.com\/wp-content\/uploads\/2022\/12\/Hubsch_logo_black_one_line.svg\",\"caption\":\"H\u00fcbsch\"},\"image\":{\"@id\":\"https:\/\/hubsch-interior.com\/de\/#\/schema\/logo\/image\/\"}}]}<\/script>\n<!-- \/ Yoast SEO plugin. -->","yoast_head_json":{"title":"Retro Wandspiegel Large Messingfarben - H\u00fcbsch","description":"Der Bodenspiegel besteht aus Messing und Metall und ist in den Gr\u00f6\u00dfen 60x4xh152cm erh\u00e4ltlich. Der schlanke goldene Rahmen sowie die elegante Formgebung","robots":{"index":"index","follow":"follow","max-snippet":"max-snippet:-1","max-image-preview":"max-image-preview:large","max-video-preview":"max-video-preview:-1"},"canonical":"https:\/\/hubsch-interior.com\/de\/wp-json\/wp\/v2\/product\/397149","og_locale":"de_DE","og_type":"article","og_title":"Retro Wandspiegel Large Messingfarben - H\u00fcbsch","og_description":"Der Bodenspiegel besteht aus Messing und Metall und ist in den Gr\u00f6\u00dfen 60x4xh152cm erh\u00e4ltlich. Der schlanke goldene Rahmen sowie die elegante Formgebung","og_url":"https:\/\/hubsch-interior.com\/de\/produkt\/retro-wandspiegel-large-messingfarben\/","og_site_name":"H\u00fcbsch","article_modified_time":"2026-04-09T03:12:43+00:00","og_image":[{"width":1200,"height":1200,"url":"https:\/\/hubsch-interior.com\/wp-content\/uploads\/2024\/07\/retro-wall-mirror-large-brass-eceaab109b8b6da5b8e419c018920d48.jpg","type":"image\/jpeg"}],"twitter_card":"summary_large_image","schema":{"@context":"https:\/\/schema.org","@graph":[{"@type":"WebPage","@id":"https:\/\/hubsch-interior.com\/de\/produkt\/retro-wandspiegel-large-messingfarben\/","url":"https:\/\/hubsch-interior.com\/de\/produkt\/retro-wandspiegel-large-messingfarben\/","name":"Retro Wandspiegel Large Messingfarben - H\u00fcbsch","isPartOf":{"@id":"https:\/\/hubsch-interior.com\/de\/#website"},"primaryImageOfPage":{"@id":"https:\/\/hubsch-interior.com\/de\/produkt\/retro-wandspiegel-large-messingfarben\/#primaryimage"},"image":{"@id":"https:\/\/hubsch-interior.com\/de\/produkt\/retro-wandspiegel-large-messingfarben\/#primaryimage"},"thumbnailUrl":"https:\/\/hubsch-interior.com\/wp-content\/uploads\/2026\/02\/retro-wall-mirror-large-brass-a9c9bb6c5e408757c14b13236dd62859.jpg","datePublished":"2021-06-04T08:17:03+00:00","dateModified":"2026-04-09T03:12:43+00:00","description":"Der Bodenspiegel besteht aus Messing und Metall und ist in den Gr\u00f6\u00dfen 60x4xh152cm erh\u00e4ltlich. Der schlanke goldene Rahmen sowie die elegante Formgebung","breadcrumb":{"@id":"https:\/\/hubsch-interior.com\/de\/produkt\/retro-wandspiegel-large-messingfarben\/#breadcrumb"},"inLanguage":"de","potentialAction":[{"@type":"ReadAction","target":["https:\/\/hubsch-interior.com\/de\/produkt\/retro-wandspiegel-large-messingfarben\/"]}]},{"@type":"ImageObject","inLanguage":"de","@id":"https:\/\/hubsch-interior.com\/de\/produkt\/retro-wandspiegel-large-messingfarben\/#primaryimage","url":"https:\/\/hubsch-interior.com\/wp-content\/uploads\/2026\/02\/retro-wall-mirror-large-brass-a9c9bb6c5e408757c14b13236dd62859.jpg","contentUrl":"https:\/\/hubsch-interior.com\/wp-content\/uploads\/2026\/02\/retro-wall-mirror-large-brass-a9c9bb6c5e408757c14b13236dd62859.jpg","width":1024,"height":1024},{"@type":"BreadcrumbList","@id":"https:\/\/hubsch-interior.com\/de\/produkt\/retro-wandspiegel-large-messingfarben\/#breadcrumb","itemListElement":[{"@type":"ListItem","position":1,"name":"Startseite","item":"https:\/\/hubsch-interior.com\/de\/"},{"@type":"ListItem","position":2,"name":"Produkte","item":"https:\/\/hubsch-interior.com\/de\/shop-2\/"},{"@type":"ListItem","position":3,"name":"Wohnaccessoires","item":"https:\/\/hubsch-interior.com\/de\/produkt-kategorie\/wohnaccessoires\/"},{"@type":"ListItem","position":4,"name":"Spiegel","item":"https:\/\/hubsch-interior.com\/de\/produkt-kategorie\/wohnaccessoires\/spiegel-de\/"},{"@type":"ListItem","position":5,"name":"Stehspiegel","item":"https:\/\/hubsch-interior.com\/de\/produkt-kategorie\/wohnaccessoires\/spiegel-de\/stehspiegel-de\/"},{"@type":"ListItem","position":6,"name":"Retro Wandspiegel Large Messingfarben"}]},{"@type":"WebSite","@id":"https:\/\/hubsch-interior.com\/de\/#website","url":"https:\/\/hubsch-interior.com\/de\/","name":"H\u00fcbsch","description":"Danish Home Interior and Design","publisher":{"@id":"https:\/\/hubsch-interior.com\/de\/#organization"},"potentialAction":[{"@type":"SearchAction","target":{"@type":"EntryPoint","urlTemplate":"https:\/\/hubsch-interior.com\/de\/?s={search_term_string}"},"query-input":{"@type":"PropertyValueSpecification","valueRequired":true,"valueName":"search_term_string"}}],"inLanguage":"de"},{"@type":"Organization","@id":"https:\/\/hubsch-interior.com\/de\/#organization","name":"H\u00fcbsch","url":"https:\/\/hubsch-interior.com\/de\/","logo":{"@type":"ImageObject","inLanguage":"de","@id":"https:\/\/hubsch-interior.com\/de\/#\/schema\/logo\/image\/","url":"https:\/\/hubsch-interior.com\/wp-content\/uploads\/2022\/12\/Hubsch_logo_black_one_line.svg","contentUrl":"https:\/\/hubsch-interior.com\/wp-content\/uploads\/2022\/12\/Hubsch_logo_black_one_line.svg","caption":"H\u00fcbsch"},"image":{"@id":"https:\/\/hubsch-interior.com\/de\/#\/schema\/logo\/image\/"}}]}},"_links":{"self":[{"href":"https:\/\/hubsch-interior.com\/de\/wp-json\/wp\/v2\/product\/397149","targetHints":{"allow":["GET"]}}],"collection":[{"href":"https:\/\/hubsch-interior.com\/de\/wp-json\/wp\/v2\/product"}],"about":[{"href":"https:\/\/hubsch-interior.com\/de\/wp-json\/wp\/v2\/types\/product"}],"wp:featuredmedia":[{"embeddable":true,"href":"https:\/\/hubsch-interior.com\/de\/wp-json\/wp\/v2\/media\/1108843"}],"wp:attachment":[{"href":"https:\/\/hubsch-interior.com\/de\/wp-json\/wp\/v2\/media?parent=397149"}],"wp:term":[{"taxonomy":"product_brand","embeddable":true,"href":"https:\/\/hubsch-interior.com\/de\/wp-json\/wp\/v2\/product_brand?post=397149"},{"taxonomy":"product_cat","embeddable":true,"href":"https:\/\/hubsch-interior.com\/de\/wp-json\/wp\/v2\/product_cat?post=397149"},{"taxonomy":"product_tag","embeddable":true,"href":"https:\/\/hubsch-interior.com\/de\/wp-json\/wp\/v2\/product_tag?post=397149"}],"curies":[{"name":"wp","href":"https:\/\/api.w.org\/{rel}","templated":true}]}}