{"id":397157,"date":"2021-06-04T10:17:06","date_gmt":"2021-06-04T08:17:06","guid":{"rendered":"https:\/\/hubsch-interior.com\/shop-b2c\/product\/product-6\/"},"modified":"2026-04-09T05:12:46","modified_gmt":"2026-04-09T03:12:46","slug":"retro-wandspiegel-small-messingfarben","status":"publish","type":"product","link":"https:\/\/hubsch-interior.com\/de\/produkt\/retro-wandspiegel-small-messingfarben\/","title":{"rendered":"Retro Wandspiegel Small Messingfarben"},"content":{"rendered":"<p>Der Wandspiegel besteht aus Messing und Metall und ist in der Gr\u00f6\u00dfe 31xh76cm erh\u00e4ltlich. Die elegante Formgebung des Spiegels sowie der goldene, schlanke Rahmen machen dieses Interieur zu einer schicken und eleganten Wahl. Der Wandspiegel kann in vielen verschiedenen R\u00e4umen Ihres Hauses platziert werden z.B. im Schlafzimmer, im Badezimmer, im Eingangsbereich und in vielen anderen Bereichen.<\/p>\n","protected":false},"excerpt":{"rendered":"<p>Der Wandspiegel besteht aus Messing und Metall und ist in der Gr\u00f6\u00dfe 31xh76cm erh\u00e4ltlich. Die elegante Formgebung des Spiegels sowie der goldene, schlanke Rahmen machen dieses Interieur zu einer schicken und eleganten Wahl. Der Wandspiegel kann in vielen verschiedenen R\u00e4umen Ihres Hauses platziert werden z.B. im Schlafzimmer, im Badezimmer, im Eingangsbereich und in vielen anderen [&hellip;]<\/p>\n","protected":false},"featured_media":1108855,"template":"","meta":{"_acf_changed":false,"inline_featured_image":false},"product_brand":[],"product_cat":[2925,2926],"product_tag":[],"class_list":{"0":"post-397157","1":"product","2":"type-product","3":"status-publish","4":"has-post-thumbnail","6":"product_cat-spiegel-de","7":"product_cat-wandspiegel-de","8":"product_shipping_class-pk","10":"pa_color-messingfarben","11":"pa_material-eisen-de","12":"pa_material-spiegelglas","14":"first","15":"instock","16":"taxable","17":"shipping-taxable","18":"purchasable","19":"product-type-simple"},"exclude_global_add_ons":[],"addons":[],"acf":[],"yoast_head":"<!-- This site is optimized with the Yoast SEO plugin v26.4 - https:\/\/yoast.com\/wordpress\/plugins\/seo\/ -->\n<title>Retro Wandspiegel Small Messingfarben - H\u00fcbsch<\/title>\n<meta name=\"description\" content=\"Der Wandspiegel besteht aus Messing und Metall und ist in der Gr\u00f6\u00dfe 31xh76cm erh\u00e4ltlich. Die elegante Formgebung des Spiegels sowie der goldene, schlanke\" \/>\n<meta name=\"robots\" content=\"index, follow, max-snippet:-1, max-image-preview:large, max-video-preview:-1\" \/>\n<link rel=\"canonical\" href=\"https:\/\/hubsch-interior.com\/de\/wp-json\/wp\/v2\/product\/397157\" \/>\n<meta property=\"og:locale\" content=\"de_DE\" \/>\n<meta property=\"og:type\" content=\"article\" \/>\n<meta property=\"og:title\" content=\"Retro Wandspiegel Small Messingfarben - H\u00fcbsch\" \/>\n<meta property=\"og:description\" content=\"Der Wandspiegel besteht aus Messing und Metall und ist in der Gr\u00f6\u00dfe 31xh76cm erh\u00e4ltlich. Die elegante Formgebung des Spiegels sowie der goldene, schlanke\" \/>\n<meta property=\"og:url\" content=\"https:\/\/hubsch-interior.com\/de\/produkt\/retro-wandspiegel-small-messingfarben\/\" \/>\n<meta property=\"og:site_name\" content=\"H\u00fcbsch\" \/>\n<meta property=\"article:modified_time\" content=\"2026-04-09T03:12:46+00:00\" \/>\n<meta property=\"og:image\" content=\"https:\/\/hubsch-interior.com\/wp-content\/uploads\/2024\/01\/retro-wall-mirror-small-brass-0d1c6b31e480e3ea70ab7165029ed3bf.jpg\" \/>\n\t<meta property=\"og:image:width\" content=\"1200\" \/>\n\t<meta property=\"og:image:height\" content=\"1200\" \/>\n\t<meta property=\"og:image:type\" content=\"image\/jpeg\" \/>\n<meta name=\"twitter:card\" content=\"summary_large_image\" \/>\n<script type=\"application\/ld+json\" class=\"yoast-schema-graph\">{\"@context\":\"https:\/\/schema.org\",\"@graph\":[{\"@type\":\"WebPage\",\"@id\":\"https:\/\/hubsch-interior.com\/de\/produkt\/retro-wandspiegel-small-messingfarben\/\",\"url\":\"https:\/\/hubsch-interior.com\/de\/produkt\/retro-wandspiegel-small-messingfarben\/\",\"name\":\"Retro Wandspiegel Small Messingfarben - H\u00fcbsch\",\"isPartOf\":{\"@id\":\"https:\/\/hubsch-interior.com\/de\/#website\"},\"primaryImageOfPage\":{\"@id\":\"https:\/\/hubsch-interior.com\/de\/produkt\/retro-wandspiegel-small-messingfarben\/#primaryimage\"},\"image\":{\"@id\":\"https:\/\/hubsch-interior.com\/de\/produkt\/retro-wandspiegel-small-messingfarben\/#primaryimage\"},\"thumbnailUrl\":\"https:\/\/hubsch-interior.com\/wp-content\/uploads\/2026\/02\/retro-wall-mirror-small-brass-a759b7832deffd25abc7494cfdd22e4a.jpg\",\"datePublished\":\"2021-06-04T08:17:06+00:00\",\"dateModified\":\"2026-04-09T03:12:46+00:00\",\"description\":\"Der Wandspiegel besteht aus Messing und Metall und ist in der Gr\u00f6\u00dfe 31xh76cm erh\u00e4ltlich. Die elegante Formgebung des Spiegels sowie der goldene, schlanke\",\"breadcrumb\":{\"@id\":\"https:\/\/hubsch-interior.com\/de\/produkt\/retro-wandspiegel-small-messingfarben\/#breadcrumb\"},\"inLanguage\":\"de\",\"potentialAction\":[{\"@type\":\"ReadAction\",\"target\":[\"https:\/\/hubsch-interior.com\/de\/produkt\/retro-wandspiegel-small-messingfarben\/\"]}]},{\"@type\":\"ImageObject\",\"inLanguage\":\"de\",\"@id\":\"https:\/\/hubsch-interior.com\/de\/produkt\/retro-wandspiegel-small-messingfarben\/#primaryimage\",\"url\":\"https:\/\/hubsch-interior.com\/wp-content\/uploads\/2026\/02\/retro-wall-mirror-small-brass-a759b7832deffd25abc7494cfdd22e4a.jpg\",\"contentUrl\":\"https:\/\/hubsch-interior.com\/wp-content\/uploads\/2026\/02\/retro-wall-mirror-small-brass-a759b7832deffd25abc7494cfdd22e4a.jpg\",\"width\":1024,\"height\":1024},{\"@type\":\"BreadcrumbList\",\"@id\":\"https:\/\/hubsch-interior.com\/de\/produkt\/retro-wandspiegel-small-messingfarben\/#breadcrumb\",\"itemListElement\":[{\"@type\":\"ListItem\",\"position\":1,\"name\":\"Startseite\",\"item\":\"https:\/\/hubsch-interior.com\/de\/\"},{\"@type\":\"ListItem\",\"position\":2,\"name\":\"Produkte\",\"item\":\"https:\/\/hubsch-interior.com\/de\/shop-2\/\"},{\"@type\":\"ListItem\",\"position\":3,\"name\":\"Wohnaccessoires\",\"item\":\"https:\/\/hubsch-interior.com\/de\/produkt-kategorie\/wohnaccessoires\/\"},{\"@type\":\"ListItem\",\"position\":4,\"name\":\"Spiegel\",\"item\":\"https:\/\/hubsch-interior.com\/de\/produkt-kategorie\/wohnaccessoires\/spiegel-de\/\"},{\"@type\":\"ListItem\",\"position\":5,\"name\":\"Wandspiegel\",\"item\":\"https:\/\/hubsch-interior.com\/de\/produkt-kategorie\/wohnaccessoires\/spiegel-de\/wandspiegel-de\/\"},{\"@type\":\"ListItem\",\"position\":6,\"name\":\"Retro Wandspiegel Small Messingfarben\"}]},{\"@type\":\"WebSite\",\"@id\":\"https:\/\/hubsch-interior.com\/de\/#website\",\"url\":\"https:\/\/hubsch-interior.com\/de\/\",\"name\":\"H\u00fcbsch\",\"description\":\"Danish Home Interior and Design\",\"publisher\":{\"@id\":\"https:\/\/hubsch-interior.com\/de\/#organization\"},\"potentialAction\":[{\"@type\":\"SearchAction\",\"target\":{\"@type\":\"EntryPoint\",\"urlTemplate\":\"https:\/\/hubsch-interior.com\/de\/?s={search_term_string}\"},\"query-input\":{\"@type\":\"PropertyValueSpecification\",\"valueRequired\":true,\"valueName\":\"search_term_string\"}}],\"inLanguage\":\"de\"},{\"@type\":\"Organization\",\"@id\":\"https:\/\/hubsch-interior.com\/de\/#organization\",\"name\":\"H\u00fcbsch\",\"url\":\"https:\/\/hubsch-interior.com\/de\/\",\"logo\":{\"@type\":\"ImageObject\",\"inLanguage\":\"de\",\"@id\":\"https:\/\/hubsch-interior.com\/de\/#\/schema\/logo\/image\/\",\"url\":\"https:\/\/hubsch-interior.com\/wp-content\/uploads\/2022\/12\/Hubsch_logo_black_one_line.svg\",\"contentUrl\":\"https:\/\/hubsch-interior.com\/wp-content\/uploads\/2022\/12\/Hubsch_logo_black_one_line.svg\",\"caption\":\"H\u00fcbsch\"},\"image\":{\"@id\":\"https:\/\/hubsch-interior.com\/de\/#\/schema\/logo\/image\/\"}}]}<\/script>\n<!-- \/ Yoast SEO plugin. -->","yoast_head_json":{"title":"Retro Wandspiegel Small Messingfarben - H\u00fcbsch","description":"Der Wandspiegel besteht aus Messing und Metall und ist in der Gr\u00f6\u00dfe 31xh76cm erh\u00e4ltlich. Die elegante Formgebung des Spiegels sowie der goldene, schlanke","robots":{"index":"index","follow":"follow","max-snippet":"max-snippet:-1","max-image-preview":"max-image-preview:large","max-video-preview":"max-video-preview:-1"},"canonical":"https:\/\/hubsch-interior.com\/de\/wp-json\/wp\/v2\/product\/397157","og_locale":"de_DE","og_type":"article","og_title":"Retro Wandspiegel Small Messingfarben - H\u00fcbsch","og_description":"Der Wandspiegel besteht aus Messing und Metall und ist in der Gr\u00f6\u00dfe 31xh76cm erh\u00e4ltlich. Die elegante Formgebung des Spiegels sowie der goldene, schlanke","og_url":"https:\/\/hubsch-interior.com\/de\/produkt\/retro-wandspiegel-small-messingfarben\/","og_site_name":"H\u00fcbsch","article_modified_time":"2026-04-09T03:12:46+00:00","og_image":[{"width":1200,"height":1200,"url":"https:\/\/hubsch-interior.com\/wp-content\/uploads\/2024\/01\/retro-wall-mirror-small-brass-0d1c6b31e480e3ea70ab7165029ed3bf.jpg","type":"image\/jpeg"}],"twitter_card":"summary_large_image","schema":{"@context":"https:\/\/schema.org","@graph":[{"@type":"WebPage","@id":"https:\/\/hubsch-interior.com\/de\/produkt\/retro-wandspiegel-small-messingfarben\/","url":"https:\/\/hubsch-interior.com\/de\/produkt\/retro-wandspiegel-small-messingfarben\/","name":"Retro Wandspiegel Small Messingfarben - H\u00fcbsch","isPartOf":{"@id":"https:\/\/hubsch-interior.com\/de\/#website"},"primaryImageOfPage":{"@id":"https:\/\/hubsch-interior.com\/de\/produkt\/retro-wandspiegel-small-messingfarben\/#primaryimage"},"image":{"@id":"https:\/\/hubsch-interior.com\/de\/produkt\/retro-wandspiegel-small-messingfarben\/#primaryimage"},"thumbnailUrl":"https:\/\/hubsch-interior.com\/wp-content\/uploads\/2026\/02\/retro-wall-mirror-small-brass-a759b7832deffd25abc7494cfdd22e4a.jpg","datePublished":"2021-06-04T08:17:06+00:00","dateModified":"2026-04-09T03:12:46+00:00","description":"Der Wandspiegel besteht aus Messing und Metall und ist in der Gr\u00f6\u00dfe 31xh76cm erh\u00e4ltlich. Die elegante Formgebung des Spiegels sowie der goldene, schlanke","breadcrumb":{"@id":"https:\/\/hubsch-interior.com\/de\/produkt\/retro-wandspiegel-small-messingfarben\/#breadcrumb"},"inLanguage":"de","potentialAction":[{"@type":"ReadAction","target":["https:\/\/hubsch-interior.com\/de\/produkt\/retro-wandspiegel-small-messingfarben\/"]}]},{"@type":"ImageObject","inLanguage":"de","@id":"https:\/\/hubsch-interior.com\/de\/produkt\/retro-wandspiegel-small-messingfarben\/#primaryimage","url":"https:\/\/hubsch-interior.com\/wp-content\/uploads\/2026\/02\/retro-wall-mirror-small-brass-a759b7832deffd25abc7494cfdd22e4a.jpg","contentUrl":"https:\/\/hubsch-interior.com\/wp-content\/uploads\/2026\/02\/retro-wall-mirror-small-brass-a759b7832deffd25abc7494cfdd22e4a.jpg","width":1024,"height":1024},{"@type":"BreadcrumbList","@id":"https:\/\/hubsch-interior.com\/de\/produkt\/retro-wandspiegel-small-messingfarben\/#breadcrumb","itemListElement":[{"@type":"ListItem","position":1,"name":"Startseite","item":"https:\/\/hubsch-interior.com\/de\/"},{"@type":"ListItem","position":2,"name":"Produkte","item":"https:\/\/hubsch-interior.com\/de\/shop-2\/"},{"@type":"ListItem","position":3,"name":"Wohnaccessoires","item":"https:\/\/hubsch-interior.com\/de\/produkt-kategorie\/wohnaccessoires\/"},{"@type":"ListItem","position":4,"name":"Spiegel","item":"https:\/\/hubsch-interior.com\/de\/produkt-kategorie\/wohnaccessoires\/spiegel-de\/"},{"@type":"ListItem","position":5,"name":"Wandspiegel","item":"https:\/\/hubsch-interior.com\/de\/produkt-kategorie\/wohnaccessoires\/spiegel-de\/wandspiegel-de\/"},{"@type":"ListItem","position":6,"name":"Retro Wandspiegel Small Messingfarben"}]},{"@type":"WebSite","@id":"https:\/\/hubsch-interior.com\/de\/#website","url":"https:\/\/hubsch-interior.com\/de\/","name":"H\u00fcbsch","description":"Danish Home Interior and Design","publisher":{"@id":"https:\/\/hubsch-interior.com\/de\/#organization"},"potentialAction":[{"@type":"SearchAction","target":{"@type":"EntryPoint","urlTemplate":"https:\/\/hubsch-interior.com\/de\/?s={search_term_string}"},"query-input":{"@type":"PropertyValueSpecification","valueRequired":true,"valueName":"search_term_string"}}],"inLanguage":"de"},{"@type":"Organization","@id":"https:\/\/hubsch-interior.com\/de\/#organization","name":"H\u00fcbsch","url":"https:\/\/hubsch-interior.com\/de\/","logo":{"@type":"ImageObject","inLanguage":"de","@id":"https:\/\/hubsch-interior.com\/de\/#\/schema\/logo\/image\/","url":"https:\/\/hubsch-interior.com\/wp-content\/uploads\/2022\/12\/Hubsch_logo_black_one_line.svg","contentUrl":"https:\/\/hubsch-interior.com\/wp-content\/uploads\/2022\/12\/Hubsch_logo_black_one_line.svg","caption":"H\u00fcbsch"},"image":{"@id":"https:\/\/hubsch-interior.com\/de\/#\/schema\/logo\/image\/"}}]}},"_links":{"self":[{"href":"https:\/\/hubsch-interior.com\/de\/wp-json\/wp\/v2\/product\/397157","targetHints":{"allow":["GET"]}}],"collection":[{"href":"https:\/\/hubsch-interior.com\/de\/wp-json\/wp\/v2\/product"}],"about":[{"href":"https:\/\/hubsch-interior.com\/de\/wp-json\/wp\/v2\/types\/product"}],"wp:featuredmedia":[{"embeddable":true,"href":"https:\/\/hubsch-interior.com\/de\/wp-json\/wp\/v2\/media\/1108855"}],"wp:attachment":[{"href":"https:\/\/hubsch-interior.com\/de\/wp-json\/wp\/v2\/media?parent=397157"}],"wp:term":[{"taxonomy":"product_brand","embeddable":true,"href":"https:\/\/hubsch-interior.com\/de\/wp-json\/wp\/v2\/product_brand?post=397157"},{"taxonomy":"product_cat","embeddable":true,"href":"https:\/\/hubsch-interior.com\/de\/wp-json\/wp\/v2\/product_cat?post=397157"},{"taxonomy":"product_tag","embeddable":true,"href":"https:\/\/hubsch-interior.com\/de\/wp-json\/wp\/v2\/product_tag?post=397157"}],"curies":[{"name":"wp","href":"https:\/\/api.w.org\/{rel}","templated":true}]}}