{"id":39723,"date":"2020-12-15T09:50:10","date_gmt":"2020-12-15T08:50:10","guid":{"rendered":"https:\/\/hubsch-interior.com\/product\/product-16\/"},"modified":"2026-04-05T04:50:41","modified_gmt":"2026-04-05T02:50:41","slug":"mason-regal-dobbelt-large-naturfarben","status":"publish","type":"product","link":"https:\/\/hubsch-interior.com\/de\/produkt\/mason-regal-dobbelt-large-naturfarben\/","title":{"rendered":"Mason Regal Dobbelt Large Naturfarben"},"content":{"rendered":"<p>Das Mason Regal Dobbelt Large Naturfarben ist ein modernes und langlebiges M\u00f6belst\u00fcck, das aus FSC-zertifiziertem Eichenfurnier und Eichenholz gefertigt wird. Mit seinen geradlinigen, schlanken Kanten und seiner nat\u00fcrlichen Farbe ist es ein wahrer Blickfang in jedem Raum. Dank seiner robusten Bauweise k\u00f6nnen Sie auf jahrelange Freude an Ihrem neuen M\u00f6belst\u00fcck hoffen. Mit dem Mason Regal Dobbelt Large Naturfarben erhalten Sie ein qualitativ hochwertiges M\u00f6belst\u00fcck, das Ihre Inneneinrichtung bereichert.<\/p>\n","protected":false},"excerpt":{"rendered":"<p>Das Mason Regal Dobbelt Large Naturfarben ist ein modernes und langlebiges M\u00f6belst\u00fcck, das aus FSC-zertifiziertem Eichenfurnier und Eichenholz gefertigt wird. Mit seinen geradlinigen, schlanken Kanten und seiner nat\u00fcrlichen Farbe ist es ein wahrer Blickfang in jedem Raum. Dank seiner robusten Bauweise k\u00f6nnen Sie auf jahrelange Freude an Ihrem neuen M\u00f6belst\u00fcck hoffen. Mit dem Mason Regal [&hellip;]<\/p>\n","protected":false},"featured_media":1102257,"template":"","meta":{"_acf_changed":false,"inline_featured_image":false},"product_brand":[],"product_cat":[4003,4012,5027],"product_tag":[],"class_list":{"0":"post-39723","1":"product","2":"type-product","3":"status-publish","4":"has-post-thumbnail","6":"product_cat-regale-aufbewahrung-de","7":"product_cat-regale-de","8":"product_cat-bestsellers-de","9":"product_shipping_class-p05","11":"pa_color-naturfarben-2","12":"pa_material-mdf-de","13":"pa_material-eichenfurnier","14":"pa_material-eichenholz","16":"first","17":"outofstock","18":"featured","19":"taxable","20":"shipping-taxable","21":"purchasable","22":"product-type-simple"},"exclude_global_add_ons":[],"addons":[],"acf":[],"yoast_head":"<!-- This site is optimized with the Yoast SEO plugin v26.4 - https:\/\/yoast.com\/wordpress\/plugins\/seo\/ -->\n<title>Mason Regal Dobbelt Large Naturfarben - H\u00fcbsch<\/title>\n<meta name=\"description\" content=\"Das Mason Regal Dobbelt Large Naturfarben ist ein modernes und langlebiges M\u00f6belst\u00fcck, das aus FSC-zertifiziertem Eichenfurnier und Eichenholz gefertigt\" \/>\n<meta name=\"robots\" content=\"index, follow, max-snippet:-1, max-image-preview:large, max-video-preview:-1\" \/>\n<link rel=\"canonical\" href=\"https:\/\/hubsch-interior.com\/de\/wp-json\/wp\/v2\/product\/39723\" \/>\n<meta property=\"og:locale\" content=\"de_DE\" \/>\n<meta property=\"og:type\" content=\"article\" \/>\n<meta property=\"og:title\" content=\"Mason Regal Dobbelt Large Naturfarben - H\u00fcbsch\" \/>\n<meta property=\"og:description\" content=\"Das Mason Regal Dobbelt Large Naturfarben ist ein modernes und langlebiges M\u00f6belst\u00fcck, das aus FSC-zertifiziertem Eichenfurnier und Eichenholz gefertigt\" \/>\n<meta property=\"og:url\" content=\"https:\/\/hubsch-interior.com\/de\/produkt\/mason-regal-dobbelt-large-naturfarben\/\" \/>\n<meta property=\"og:site_name\" content=\"H\u00fcbsch\" \/>\n<meta property=\"article:modified_time\" content=\"2026-04-05T02:50:41+00:00\" \/>\n<meta property=\"og:image\" content=\"https:\/\/hubsch-interior.com\/wp-content\/uploads\/2023\/08\/mason-shelf-double-large-natural-2a3a396a01033f5a6cc5bed9fcf9c5b9.jpg\" \/>\n\t<meta property=\"og:image:width\" content=\"1200\" \/>\n\t<meta property=\"og:image:height\" content=\"1200\" \/>\n\t<meta property=\"og:image:type\" content=\"image\/jpeg\" \/>\n<meta name=\"twitter:card\" content=\"summary_large_image\" \/>\n<script type=\"application\/ld+json\" class=\"yoast-schema-graph\">{\"@context\":\"https:\/\/schema.org\",\"@graph\":[{\"@type\":\"WebPage\",\"@id\":\"https:\/\/hubsch-interior.com\/de\/produkt\/mason-regal-dobbelt-large-naturfarben\/\",\"url\":\"https:\/\/hubsch-interior.com\/de\/produkt\/mason-regal-dobbelt-large-naturfarben\/\",\"name\":\"Mason Regal Dobbelt Large Naturfarben - H\u00fcbsch\",\"isPartOf\":{\"@id\":\"https:\/\/hubsch-interior.com\/de\/#website\"},\"primaryImageOfPage\":{\"@id\":\"https:\/\/hubsch-interior.com\/de\/produkt\/mason-regal-dobbelt-large-naturfarben\/#primaryimage\"},\"image\":{\"@id\":\"https:\/\/hubsch-interior.com\/de\/produkt\/mason-regal-dobbelt-large-naturfarben\/#primaryimage\"},\"thumbnailUrl\":\"https:\/\/hubsch-interior.com\/wp-content\/uploads\/2026\/02\/mason-shelf-double-large-natural-d911deb9329d8497eb77abebae3044da.jpg\",\"datePublished\":\"2020-12-15T08:50:10+00:00\",\"dateModified\":\"2026-04-05T02:50:41+00:00\",\"description\":\"Das Mason Regal Dobbelt Large Naturfarben ist ein modernes und langlebiges M\u00f6belst\u00fcck, das aus FSC-zertifiziertem Eichenfurnier und Eichenholz gefertigt\",\"breadcrumb\":{\"@id\":\"https:\/\/hubsch-interior.com\/de\/produkt\/mason-regal-dobbelt-large-naturfarben\/#breadcrumb\"},\"inLanguage\":\"de\",\"potentialAction\":[{\"@type\":\"ReadAction\",\"target\":[\"https:\/\/hubsch-interior.com\/de\/produkt\/mason-regal-dobbelt-large-naturfarben\/\"]}]},{\"@type\":\"ImageObject\",\"inLanguage\":\"de\",\"@id\":\"https:\/\/hubsch-interior.com\/de\/produkt\/mason-regal-dobbelt-large-naturfarben\/#primaryimage\",\"url\":\"https:\/\/hubsch-interior.com\/wp-content\/uploads\/2026\/02\/mason-shelf-double-large-natural-d911deb9329d8497eb77abebae3044da.jpg\",\"contentUrl\":\"https:\/\/hubsch-interior.com\/wp-content\/uploads\/2026\/02\/mason-shelf-double-large-natural-d911deb9329d8497eb77abebae3044da.jpg\",\"width\":1024,\"height\":1024},{\"@type\":\"BreadcrumbList\",\"@id\":\"https:\/\/hubsch-interior.com\/de\/produkt\/mason-regal-dobbelt-large-naturfarben\/#breadcrumb\",\"itemListElement\":[{\"@type\":\"ListItem\",\"position\":1,\"name\":\"Startseite\",\"item\":\"https:\/\/hubsch-interior.com\/de\/\"},{\"@type\":\"ListItem\",\"position\":2,\"name\":\"Produkte\",\"item\":\"https:\/\/hubsch-interior.com\/de\/shop-2\/\"},{\"@type\":\"ListItem\",\"position\":3,\"name\":\"M\u00f6bel\",\"item\":\"https:\/\/hubsch-interior.com\/de\/produkt-kategorie\/moebel\/\"},{\"@type\":\"ListItem\",\"position\":4,\"name\":\"Regale &amp; Aufbewahrung\",\"item\":\"https:\/\/hubsch-interior.com\/de\/produkt-kategorie\/moebel\/regale-aufbewahrung-de\/\"},{\"@type\":\"ListItem\",\"position\":5,\"name\":\"Regale\",\"item\":\"https:\/\/hubsch-interior.com\/de\/produkt-kategorie\/moebel\/regale-aufbewahrung-de\/regale-de\/\"},{\"@type\":\"ListItem\",\"position\":6,\"name\":\"Mason Regal Dobbelt Large Naturfarben\"}]},{\"@type\":\"WebSite\",\"@id\":\"https:\/\/hubsch-interior.com\/de\/#website\",\"url\":\"https:\/\/hubsch-interior.com\/de\/\",\"name\":\"H\u00fcbsch\",\"description\":\"Danish Home Interior and Design\",\"publisher\":{\"@id\":\"https:\/\/hubsch-interior.com\/de\/#organization\"},\"potentialAction\":[{\"@type\":\"SearchAction\",\"target\":{\"@type\":\"EntryPoint\",\"urlTemplate\":\"https:\/\/hubsch-interior.com\/de\/?s={search_term_string}\"},\"query-input\":{\"@type\":\"PropertyValueSpecification\",\"valueRequired\":true,\"valueName\":\"search_term_string\"}}],\"inLanguage\":\"de\"},{\"@type\":\"Organization\",\"@id\":\"https:\/\/hubsch-interior.com\/de\/#organization\",\"name\":\"H\u00fcbsch\",\"url\":\"https:\/\/hubsch-interior.com\/de\/\",\"logo\":{\"@type\":\"ImageObject\",\"inLanguage\":\"de\",\"@id\":\"https:\/\/hubsch-interior.com\/de\/#\/schema\/logo\/image\/\",\"url\":\"https:\/\/hubsch-interior.com\/wp-content\/uploads\/2022\/12\/Hubsch_logo_black_one_line.svg\",\"contentUrl\":\"https:\/\/hubsch-interior.com\/wp-content\/uploads\/2022\/12\/Hubsch_logo_black_one_line.svg\",\"caption\":\"H\u00fcbsch\"},\"image\":{\"@id\":\"https:\/\/hubsch-interior.com\/de\/#\/schema\/logo\/image\/\"}}]}<\/script>\n<!-- \/ Yoast SEO plugin. -->","yoast_head_json":{"title":"Mason Regal Dobbelt Large Naturfarben - H\u00fcbsch","description":"Das Mason Regal Dobbelt Large Naturfarben ist ein modernes und langlebiges M\u00f6belst\u00fcck, das aus FSC-zertifiziertem Eichenfurnier und Eichenholz gefertigt","robots":{"index":"index","follow":"follow","max-snippet":"max-snippet:-1","max-image-preview":"max-image-preview:large","max-video-preview":"max-video-preview:-1"},"canonical":"https:\/\/hubsch-interior.com\/de\/wp-json\/wp\/v2\/product\/39723","og_locale":"de_DE","og_type":"article","og_title":"Mason Regal Dobbelt Large Naturfarben - H\u00fcbsch","og_description":"Das Mason Regal Dobbelt Large Naturfarben ist ein modernes und langlebiges M\u00f6belst\u00fcck, das aus FSC-zertifiziertem Eichenfurnier und Eichenholz gefertigt","og_url":"https:\/\/hubsch-interior.com\/de\/produkt\/mason-regal-dobbelt-large-naturfarben\/","og_site_name":"H\u00fcbsch","article_modified_time":"2026-04-05T02:50:41+00:00","og_image":[{"width":1200,"height":1200,"url":"https:\/\/hubsch-interior.com\/wp-content\/uploads\/2023\/08\/mason-shelf-double-large-natural-2a3a396a01033f5a6cc5bed9fcf9c5b9.jpg","type":"image\/jpeg"}],"twitter_card":"summary_large_image","schema":{"@context":"https:\/\/schema.org","@graph":[{"@type":"WebPage","@id":"https:\/\/hubsch-interior.com\/de\/produkt\/mason-regal-dobbelt-large-naturfarben\/","url":"https:\/\/hubsch-interior.com\/de\/produkt\/mason-regal-dobbelt-large-naturfarben\/","name":"Mason Regal Dobbelt Large Naturfarben - H\u00fcbsch","isPartOf":{"@id":"https:\/\/hubsch-interior.com\/de\/#website"},"primaryImageOfPage":{"@id":"https:\/\/hubsch-interior.com\/de\/produkt\/mason-regal-dobbelt-large-naturfarben\/#primaryimage"},"image":{"@id":"https:\/\/hubsch-interior.com\/de\/produkt\/mason-regal-dobbelt-large-naturfarben\/#primaryimage"},"thumbnailUrl":"https:\/\/hubsch-interior.com\/wp-content\/uploads\/2026\/02\/mason-shelf-double-large-natural-d911deb9329d8497eb77abebae3044da.jpg","datePublished":"2020-12-15T08:50:10+00:00","dateModified":"2026-04-05T02:50:41+00:00","description":"Das Mason Regal Dobbelt Large Naturfarben ist ein modernes und langlebiges M\u00f6belst\u00fcck, das aus FSC-zertifiziertem Eichenfurnier und Eichenholz gefertigt","breadcrumb":{"@id":"https:\/\/hubsch-interior.com\/de\/produkt\/mason-regal-dobbelt-large-naturfarben\/#breadcrumb"},"inLanguage":"de","potentialAction":[{"@type":"ReadAction","target":["https:\/\/hubsch-interior.com\/de\/produkt\/mason-regal-dobbelt-large-naturfarben\/"]}]},{"@type":"ImageObject","inLanguage":"de","@id":"https:\/\/hubsch-interior.com\/de\/produkt\/mason-regal-dobbelt-large-naturfarben\/#primaryimage","url":"https:\/\/hubsch-interior.com\/wp-content\/uploads\/2026\/02\/mason-shelf-double-large-natural-d911deb9329d8497eb77abebae3044da.jpg","contentUrl":"https:\/\/hubsch-interior.com\/wp-content\/uploads\/2026\/02\/mason-shelf-double-large-natural-d911deb9329d8497eb77abebae3044da.jpg","width":1024,"height":1024},{"@type":"BreadcrumbList","@id":"https:\/\/hubsch-interior.com\/de\/produkt\/mason-regal-dobbelt-large-naturfarben\/#breadcrumb","itemListElement":[{"@type":"ListItem","position":1,"name":"Startseite","item":"https:\/\/hubsch-interior.com\/de\/"},{"@type":"ListItem","position":2,"name":"Produkte","item":"https:\/\/hubsch-interior.com\/de\/shop-2\/"},{"@type":"ListItem","position":3,"name":"M\u00f6bel","item":"https:\/\/hubsch-interior.com\/de\/produkt-kategorie\/moebel\/"},{"@type":"ListItem","position":4,"name":"Regale &amp; Aufbewahrung","item":"https:\/\/hubsch-interior.com\/de\/produkt-kategorie\/moebel\/regale-aufbewahrung-de\/"},{"@type":"ListItem","position":5,"name":"Regale","item":"https:\/\/hubsch-interior.com\/de\/produkt-kategorie\/moebel\/regale-aufbewahrung-de\/regale-de\/"},{"@type":"ListItem","position":6,"name":"Mason Regal Dobbelt Large Naturfarben"}]},{"@type":"WebSite","@id":"https:\/\/hubsch-interior.com\/de\/#website","url":"https:\/\/hubsch-interior.com\/de\/","name":"H\u00fcbsch","description":"Danish Home Interior and Design","publisher":{"@id":"https:\/\/hubsch-interior.com\/de\/#organization"},"potentialAction":[{"@type":"SearchAction","target":{"@type":"EntryPoint","urlTemplate":"https:\/\/hubsch-interior.com\/de\/?s={search_term_string}"},"query-input":{"@type":"PropertyValueSpecification","valueRequired":true,"valueName":"search_term_string"}}],"inLanguage":"de"},{"@type":"Organization","@id":"https:\/\/hubsch-interior.com\/de\/#organization","name":"H\u00fcbsch","url":"https:\/\/hubsch-interior.com\/de\/","logo":{"@type":"ImageObject","inLanguage":"de","@id":"https:\/\/hubsch-interior.com\/de\/#\/schema\/logo\/image\/","url":"https:\/\/hubsch-interior.com\/wp-content\/uploads\/2022\/12\/Hubsch_logo_black_one_line.svg","contentUrl":"https:\/\/hubsch-interior.com\/wp-content\/uploads\/2022\/12\/Hubsch_logo_black_one_line.svg","caption":"H\u00fcbsch"},"image":{"@id":"https:\/\/hubsch-interior.com\/de\/#\/schema\/logo\/image\/"}}]}},"_links":{"self":[{"href":"https:\/\/hubsch-interior.com\/de\/wp-json\/wp\/v2\/product\/39723","targetHints":{"allow":["GET"]}}],"collection":[{"href":"https:\/\/hubsch-interior.com\/de\/wp-json\/wp\/v2\/product"}],"about":[{"href":"https:\/\/hubsch-interior.com\/de\/wp-json\/wp\/v2\/types\/product"}],"wp:featuredmedia":[{"embeddable":true,"href":"https:\/\/hubsch-interior.com\/de\/wp-json\/wp\/v2\/media\/1102257"}],"wp:attachment":[{"href":"https:\/\/hubsch-interior.com\/de\/wp-json\/wp\/v2\/media?parent=39723"}],"wp:term":[{"taxonomy":"product_brand","embeddable":true,"href":"https:\/\/hubsch-interior.com\/de\/wp-json\/wp\/v2\/product_brand?post=39723"},{"taxonomy":"product_cat","embeddable":true,"href":"https:\/\/hubsch-interior.com\/de\/wp-json\/wp\/v2\/product_cat?post=39723"},{"taxonomy":"product_tag","embeddable":true,"href":"https:\/\/hubsch-interior.com\/de\/wp-json\/wp\/v2\/product_tag?post=39723"}],"curies":[{"name":"wp","href":"https:\/\/api.w.org\/{rel}","templated":true}]}}