{"id":397265,"date":"2021-06-04T10:17:27","date_gmt":"2021-06-04T08:17:27","guid":{"rendered":"https:\/\/hubsch-interior.com\/shop-b2c\/product\/product-6\/"},"modified":"2026-04-09T05:12:59","modified_gmt":"2026-04-09T03:12:59","slug":"attract-tafel-grau","status":"publish","type":"product","link":"https:\/\/hubsch-interior.com\/de\/produkt\/attract-tafel-grau\/","title":{"rendered":"Attract Tafel Grau"},"content":{"rendered":"<p>Die Tafel ist aus grauem Metall gefertigt und l\u00e4sst sich im B\u00fcro, in der K\u00fcche, im Flur und in vielen anderen R\u00e4umen Ihres Hauses platzieren. Setzen Sie Notizen, Bilder, Erinnerungen und vieles mehr an der Tafel in Szene. Aufgrund der Gr\u00f6\u00dfe bietet die Tafel ausreichend Platz f\u00fcr all die wichtigen Dinge, die Sie in Ihrem Zuhause im Blick behalten m\u00f6chten oder m\u00fcssen.<\/p>\n","protected":false},"excerpt":{"rendered":"<p>Die Tafel ist aus grauem Metall gefertigt und l\u00e4sst sich im B\u00fcro, in der K\u00fcche, im Flur und in vielen anderen R\u00e4umen Ihres Hauses platzieren. Setzen Sie Notizen, Bilder, Erinnerungen und vieles mehr an der Tafel in Szene. Aufgrund der Gr\u00f6\u00dfe bietet die Tafel ausreichend Platz f\u00fcr all die wichtigen Dinge, die Sie in Ihrem [&hellip;]<\/p>\n","protected":false},"featured_media":1108907,"template":"","meta":{"_acf_changed":false,"inline_featured_image":false},"product_brand":[],"product_cat":[4155,4955,5027],"product_tag":[],"class_list":{"0":"post-397265","1":"product","2":"type-product","3":"status-publish","4":"has-post-thumbnail","6":"product_cat-buero-de","7":"product_cat-tafeln-de","8":"product_cat-bestsellers-de","9":"product_shipping_class-pk","11":"pa_color-grau-2","12":"pa_material-eisen-de","14":"first","15":"instock","16":"featured","17":"taxable","18":"shipping-taxable","19":"purchasable","20":"product-type-simple"},"exclude_global_add_ons":[],"addons":[],"acf":[],"yoast_head":"<!-- This site is optimized with the Yoast SEO plugin v26.4 - https:\/\/yoast.com\/wordpress\/plugins\/seo\/ -->\n<title>Attract Tafel Grau - H\u00fcbsch<\/title>\n<meta name=\"description\" content=\"Die Tafel ist aus grauem Metall gefertigt und l\u00e4sst sich im B\u00fcro, in der K\u00fcche, im Flur und in vielen anderen R\u00e4umen Ihres Hauses platzieren. Setzen Sie\" \/>\n<meta name=\"robots\" content=\"index, follow, max-snippet:-1, max-image-preview:large, max-video-preview:-1\" \/>\n<link rel=\"canonical\" href=\"https:\/\/hubsch-interior.com\/de\/wp-json\/wp\/v2\/product\/397265\" \/>\n<meta property=\"og:locale\" content=\"de_DE\" \/>\n<meta property=\"og:type\" content=\"article\" \/>\n<meta property=\"og:title\" content=\"Attract Tafel Grau - H\u00fcbsch\" \/>\n<meta property=\"og:description\" content=\"Die Tafel ist aus grauem Metall gefertigt und l\u00e4sst sich im B\u00fcro, in der K\u00fcche, im Flur und in vielen anderen R\u00e4umen Ihres Hauses platzieren. Setzen Sie\" \/>\n<meta property=\"og:url\" content=\"https:\/\/hubsch-interior.com\/de\/produkt\/attract-tafel-grau\/\" \/>\n<meta property=\"og:site_name\" content=\"H\u00fcbsch\" \/>\n<meta property=\"article:modified_time\" content=\"2026-04-09T03:12:59+00:00\" \/>\n<meta property=\"og:image\" content=\"https:\/\/hubsch-interior.com\/wp-content\/uploads\/2024\/01\/attract-board-grey-b703113e053809dccc73b17875a8ebcf.jpg\" \/>\n\t<meta property=\"og:image:width\" content=\"1200\" \/>\n\t<meta property=\"og:image:height\" content=\"1200\" \/>\n\t<meta property=\"og:image:type\" content=\"image\/jpeg\" \/>\n<meta name=\"twitter:card\" content=\"summary_large_image\" \/>\n<script type=\"application\/ld+json\" class=\"yoast-schema-graph\">{\"@context\":\"https:\/\/schema.org\",\"@graph\":[{\"@type\":\"WebPage\",\"@id\":\"https:\/\/hubsch-interior.com\/de\/produkt\/attract-tafel-grau\/\",\"url\":\"https:\/\/hubsch-interior.com\/de\/produkt\/attract-tafel-grau\/\",\"name\":\"Attract Tafel Grau - H\u00fcbsch\",\"isPartOf\":{\"@id\":\"https:\/\/hubsch-interior.com\/de\/#website\"},\"primaryImageOfPage\":{\"@id\":\"https:\/\/hubsch-interior.com\/de\/produkt\/attract-tafel-grau\/#primaryimage\"},\"image\":{\"@id\":\"https:\/\/hubsch-interior.com\/de\/produkt\/attract-tafel-grau\/#primaryimage\"},\"thumbnailUrl\":\"https:\/\/hubsch-interior.com\/wp-content\/uploads\/2026\/02\/attract-board-grey-d74ffb4b16b3f8b74871b47450b3fe5f.jpg\",\"datePublished\":\"2021-06-04T08:17:27+00:00\",\"dateModified\":\"2026-04-09T03:12:59+00:00\",\"description\":\"Die Tafel ist aus grauem Metall gefertigt und l\u00e4sst sich im B\u00fcro, in der K\u00fcche, im Flur und in vielen anderen R\u00e4umen Ihres Hauses platzieren. Setzen Sie\",\"breadcrumb\":{\"@id\":\"https:\/\/hubsch-interior.com\/de\/produkt\/attract-tafel-grau\/#breadcrumb\"},\"inLanguage\":\"de\",\"potentialAction\":[{\"@type\":\"ReadAction\",\"target\":[\"https:\/\/hubsch-interior.com\/de\/produkt\/attract-tafel-grau\/\"]}]},{\"@type\":\"ImageObject\",\"inLanguage\":\"de\",\"@id\":\"https:\/\/hubsch-interior.com\/de\/produkt\/attract-tafel-grau\/#primaryimage\",\"url\":\"https:\/\/hubsch-interior.com\/wp-content\/uploads\/2026\/02\/attract-board-grey-d74ffb4b16b3f8b74871b47450b3fe5f.jpg\",\"contentUrl\":\"https:\/\/hubsch-interior.com\/wp-content\/uploads\/2026\/02\/attract-board-grey-d74ffb4b16b3f8b74871b47450b3fe5f.jpg\",\"width\":1024,\"height\":1024},{\"@type\":\"BreadcrumbList\",\"@id\":\"https:\/\/hubsch-interior.com\/de\/produkt\/attract-tafel-grau\/#breadcrumb\",\"itemListElement\":[{\"@type\":\"ListItem\",\"position\":1,\"name\":\"Startseite\",\"item\":\"https:\/\/hubsch-interior.com\/de\/\"},{\"@type\":\"ListItem\",\"position\":2,\"name\":\"Produkte\",\"item\":\"https:\/\/hubsch-interior.com\/de\/shop-2\/\"},{\"@type\":\"ListItem\",\"position\":3,\"name\":\"Wohnaccessoires\",\"item\":\"https:\/\/hubsch-interior.com\/de\/produkt-kategorie\/wohnaccessoires\/\"},{\"@type\":\"ListItem\",\"position\":4,\"name\":\"B&uuml;ro\",\"item\":\"https:\/\/hubsch-interior.com\/de\/produkt-kategorie\/wohnaccessoires\/buero-de\/\"},{\"@type\":\"ListItem\",\"position\":5,\"name\":\"Tafeln\",\"item\":\"https:\/\/hubsch-interior.com\/de\/produkt-kategorie\/wohnaccessoires\/buero-de\/tafeln-de\/\"},{\"@type\":\"ListItem\",\"position\":6,\"name\":\"Attract Tafel Grau\"}]},{\"@type\":\"WebSite\",\"@id\":\"https:\/\/hubsch-interior.com\/de\/#website\",\"url\":\"https:\/\/hubsch-interior.com\/de\/\",\"name\":\"H\u00fcbsch\",\"description\":\"Danish Home Interior and Design\",\"publisher\":{\"@id\":\"https:\/\/hubsch-interior.com\/de\/#organization\"},\"potentialAction\":[{\"@type\":\"SearchAction\",\"target\":{\"@type\":\"EntryPoint\",\"urlTemplate\":\"https:\/\/hubsch-interior.com\/de\/?s={search_term_string}\"},\"query-input\":{\"@type\":\"PropertyValueSpecification\",\"valueRequired\":true,\"valueName\":\"search_term_string\"}}],\"inLanguage\":\"de\"},{\"@type\":\"Organization\",\"@id\":\"https:\/\/hubsch-interior.com\/de\/#organization\",\"name\":\"H\u00fcbsch\",\"url\":\"https:\/\/hubsch-interior.com\/de\/\",\"logo\":{\"@type\":\"ImageObject\",\"inLanguage\":\"de\",\"@id\":\"https:\/\/hubsch-interior.com\/de\/#\/schema\/logo\/image\/\",\"url\":\"https:\/\/hubsch-interior.com\/wp-content\/uploads\/2022\/12\/Hubsch_logo_black_one_line.svg\",\"contentUrl\":\"https:\/\/hubsch-interior.com\/wp-content\/uploads\/2022\/12\/Hubsch_logo_black_one_line.svg\",\"caption\":\"H\u00fcbsch\"},\"image\":{\"@id\":\"https:\/\/hubsch-interior.com\/de\/#\/schema\/logo\/image\/\"}}]}<\/script>\n<!-- \/ Yoast SEO plugin. -->","yoast_head_json":{"title":"Attract Tafel Grau - H\u00fcbsch","description":"Die Tafel ist aus grauem Metall gefertigt und l\u00e4sst sich im B\u00fcro, in der K\u00fcche, im Flur und in vielen anderen R\u00e4umen Ihres Hauses platzieren. Setzen Sie","robots":{"index":"index","follow":"follow","max-snippet":"max-snippet:-1","max-image-preview":"max-image-preview:large","max-video-preview":"max-video-preview:-1"},"canonical":"https:\/\/hubsch-interior.com\/de\/wp-json\/wp\/v2\/product\/397265","og_locale":"de_DE","og_type":"article","og_title":"Attract Tafel Grau - H\u00fcbsch","og_description":"Die Tafel ist aus grauem Metall gefertigt und l\u00e4sst sich im B\u00fcro, in der K\u00fcche, im Flur und in vielen anderen R\u00e4umen Ihres Hauses platzieren. Setzen Sie","og_url":"https:\/\/hubsch-interior.com\/de\/produkt\/attract-tafel-grau\/","og_site_name":"H\u00fcbsch","article_modified_time":"2026-04-09T03:12:59+00:00","og_image":[{"width":1200,"height":1200,"url":"https:\/\/hubsch-interior.com\/wp-content\/uploads\/2024\/01\/attract-board-grey-b703113e053809dccc73b17875a8ebcf.jpg","type":"image\/jpeg"}],"twitter_card":"summary_large_image","schema":{"@context":"https:\/\/schema.org","@graph":[{"@type":"WebPage","@id":"https:\/\/hubsch-interior.com\/de\/produkt\/attract-tafel-grau\/","url":"https:\/\/hubsch-interior.com\/de\/produkt\/attract-tafel-grau\/","name":"Attract Tafel Grau - H\u00fcbsch","isPartOf":{"@id":"https:\/\/hubsch-interior.com\/de\/#website"},"primaryImageOfPage":{"@id":"https:\/\/hubsch-interior.com\/de\/produkt\/attract-tafel-grau\/#primaryimage"},"image":{"@id":"https:\/\/hubsch-interior.com\/de\/produkt\/attract-tafel-grau\/#primaryimage"},"thumbnailUrl":"https:\/\/hubsch-interior.com\/wp-content\/uploads\/2026\/02\/attract-board-grey-d74ffb4b16b3f8b74871b47450b3fe5f.jpg","datePublished":"2021-06-04T08:17:27+00:00","dateModified":"2026-04-09T03:12:59+00:00","description":"Die Tafel ist aus grauem Metall gefertigt und l\u00e4sst sich im B\u00fcro, in der K\u00fcche, im Flur und in vielen anderen R\u00e4umen Ihres Hauses platzieren. Setzen Sie","breadcrumb":{"@id":"https:\/\/hubsch-interior.com\/de\/produkt\/attract-tafel-grau\/#breadcrumb"},"inLanguage":"de","potentialAction":[{"@type":"ReadAction","target":["https:\/\/hubsch-interior.com\/de\/produkt\/attract-tafel-grau\/"]}]},{"@type":"ImageObject","inLanguage":"de","@id":"https:\/\/hubsch-interior.com\/de\/produkt\/attract-tafel-grau\/#primaryimage","url":"https:\/\/hubsch-interior.com\/wp-content\/uploads\/2026\/02\/attract-board-grey-d74ffb4b16b3f8b74871b47450b3fe5f.jpg","contentUrl":"https:\/\/hubsch-interior.com\/wp-content\/uploads\/2026\/02\/attract-board-grey-d74ffb4b16b3f8b74871b47450b3fe5f.jpg","width":1024,"height":1024},{"@type":"BreadcrumbList","@id":"https:\/\/hubsch-interior.com\/de\/produkt\/attract-tafel-grau\/#breadcrumb","itemListElement":[{"@type":"ListItem","position":1,"name":"Startseite","item":"https:\/\/hubsch-interior.com\/de\/"},{"@type":"ListItem","position":2,"name":"Produkte","item":"https:\/\/hubsch-interior.com\/de\/shop-2\/"},{"@type":"ListItem","position":3,"name":"Wohnaccessoires","item":"https:\/\/hubsch-interior.com\/de\/produkt-kategorie\/wohnaccessoires\/"},{"@type":"ListItem","position":4,"name":"B&uuml;ro","item":"https:\/\/hubsch-interior.com\/de\/produkt-kategorie\/wohnaccessoires\/buero-de\/"},{"@type":"ListItem","position":5,"name":"Tafeln","item":"https:\/\/hubsch-interior.com\/de\/produkt-kategorie\/wohnaccessoires\/buero-de\/tafeln-de\/"},{"@type":"ListItem","position":6,"name":"Attract Tafel Grau"}]},{"@type":"WebSite","@id":"https:\/\/hubsch-interior.com\/de\/#website","url":"https:\/\/hubsch-interior.com\/de\/","name":"H\u00fcbsch","description":"Danish Home Interior and Design","publisher":{"@id":"https:\/\/hubsch-interior.com\/de\/#organization"},"potentialAction":[{"@type":"SearchAction","target":{"@type":"EntryPoint","urlTemplate":"https:\/\/hubsch-interior.com\/de\/?s={search_term_string}"},"query-input":{"@type":"PropertyValueSpecification","valueRequired":true,"valueName":"search_term_string"}}],"inLanguage":"de"},{"@type":"Organization","@id":"https:\/\/hubsch-interior.com\/de\/#organization","name":"H\u00fcbsch","url":"https:\/\/hubsch-interior.com\/de\/","logo":{"@type":"ImageObject","inLanguage":"de","@id":"https:\/\/hubsch-interior.com\/de\/#\/schema\/logo\/image\/","url":"https:\/\/hubsch-interior.com\/wp-content\/uploads\/2022\/12\/Hubsch_logo_black_one_line.svg","contentUrl":"https:\/\/hubsch-interior.com\/wp-content\/uploads\/2022\/12\/Hubsch_logo_black_one_line.svg","caption":"H\u00fcbsch"},"image":{"@id":"https:\/\/hubsch-interior.com\/de\/#\/schema\/logo\/image\/"}}]}},"_links":{"self":[{"href":"https:\/\/hubsch-interior.com\/de\/wp-json\/wp\/v2\/product\/397265","targetHints":{"allow":["GET"]}}],"collection":[{"href":"https:\/\/hubsch-interior.com\/de\/wp-json\/wp\/v2\/product"}],"about":[{"href":"https:\/\/hubsch-interior.com\/de\/wp-json\/wp\/v2\/types\/product"}],"wp:featuredmedia":[{"embeddable":true,"href":"https:\/\/hubsch-interior.com\/de\/wp-json\/wp\/v2\/media\/1108907"}],"wp:attachment":[{"href":"https:\/\/hubsch-interior.com\/de\/wp-json\/wp\/v2\/media?parent=397265"}],"wp:term":[{"taxonomy":"product_brand","embeddable":true,"href":"https:\/\/hubsch-interior.com\/de\/wp-json\/wp\/v2\/product_brand?post=397265"},{"taxonomy":"product_cat","embeddable":true,"href":"https:\/\/hubsch-interior.com\/de\/wp-json\/wp\/v2\/product_cat?post=397265"},{"taxonomy":"product_tag","embeddable":true,"href":"https:\/\/hubsch-interior.com\/de\/wp-json\/wp\/v2\/product_tag?post=397265"}],"curies":[{"name":"wp","href":"https:\/\/api.w.org\/{rel}","templated":true}]}}