{"id":397453,"date":"2021-06-04T10:18:10","date_gmt":"2021-06-04T08:18:10","guid":{"rendered":"https:\/\/hubsch-interior.com\/shop-b2c\/product\/product-6\/"},"modified":"2026-04-09T05:13:27","modified_gmt":"2026-04-09T03:13:27","slug":"keep-garderobe-hellgrau","status":"publish","type":"product","link":"https:\/\/hubsch-interior.com\/de\/produkt\/keep-garderobe-hellgrau\/","title":{"rendered":"Keep Garderobe Hellgrau"},"content":{"rendered":"<p>Die Garderobe verf\u00fcgt \u00fcber vier Haken und einen Spiegel. Sie k\u00f6nnen die Garderobe im Badezimmer, im Flur und in vielen anderen R\u00e4umen in Ihrem Zuhause platzieren. Dieses M\u00f6belst\u00fcck erf\u00fcllt mehrere Zwecke in einem.<\/p>\n","protected":false},"excerpt":{"rendered":"<p>Die Garderobe verf\u00fcgt \u00fcber vier Haken und einen Spiegel. Sie k\u00f6nnen die Garderobe im Badezimmer, im Flur und in vielen anderen R\u00e4umen in Ihrem Zuhause platzieren. Dieses M\u00f6belst\u00fcck erf\u00fcllt mehrere Zwecke in einem.<\/p>\n","protected":false},"featured_media":1109068,"template":"","meta":{"_acf_changed":false,"inline_featured_image":false},"product_brand":[],"product_cat":[4043,4044,2925,2926,6519],"product_tag":[],"class_list":{"0":"post-397453","1":"product","2":"type-product","3":"status-publish","4":"has-post-thumbnail","6":"product_cat-haken-und-hakenleisten-de","7":"product_cat-hakenleisten-de","8":"product_cat-spiegel-de","9":"product_cat-wandspiegel-de","10":"product_cat-outlet-de","11":"product_shipping_class-pk","13":"pa_color-hellgrau-2","14":"pa_material-eisen-de","15":"pa_material-spiegelglas","17":"first","18":"instock","19":"sale","20":"taxable","21":"shipping-taxable","22":"purchasable","23":"product-type-simple"},"exclude_global_add_ons":[],"addons":[],"acf":[],"yoast_head":"<!-- This site is optimized with the Yoast SEO plugin v26.4 - https:\/\/yoast.com\/wordpress\/plugins\/seo\/ -->\n<title>Keep Garderobe Hellgrau - H\u00fcbsch<\/title>\n<meta name=\"description\" content=\"Die Garderobe verf\u00fcgt \u00fcber vier Haken und einen Spiegel. Sie k\u00f6nnen die Garderobe im Badezimmer, im Flur und in vielen anderen R\u00e4umen in Ihrem Zuhause\" \/>\n<meta name=\"robots\" content=\"index, follow, max-snippet:-1, max-image-preview:large, max-video-preview:-1\" \/>\n<link rel=\"canonical\" href=\"https:\/\/hubsch-interior.com\/de\/wp-json\/wp\/v2\/product\/397453\" \/>\n<meta property=\"og:locale\" content=\"de_DE\" \/>\n<meta property=\"og:type\" content=\"article\" \/>\n<meta property=\"og:title\" content=\"Keep Garderobe Hellgrau - H\u00fcbsch\" \/>\n<meta property=\"og:description\" content=\"Die Garderobe verf\u00fcgt \u00fcber vier Haken und einen Spiegel. Sie k\u00f6nnen die Garderobe im Badezimmer, im Flur und in vielen anderen R\u00e4umen in Ihrem Zuhause\" \/>\n<meta property=\"og:url\" content=\"https:\/\/hubsch-interior.com\/de\/produkt\/keep-garderobe-hellgrau\/\" \/>\n<meta property=\"og:site_name\" content=\"H\u00fcbsch\" \/>\n<meta property=\"article:modified_time\" content=\"2026-04-09T03:13:27+00:00\" \/>\n<meta property=\"og:image\" content=\"https:\/\/hubsch-interior.com\/wp-content\/uploads\/2024\/01\/keep-coatrack-light-grey-6e7f7ffa901db52d731bf7a6134d3bc0.jpg\" \/>\n\t<meta property=\"og:image:width\" content=\"1200\" \/>\n\t<meta property=\"og:image:height\" content=\"1200\" \/>\n\t<meta property=\"og:image:type\" content=\"image\/jpeg\" \/>\n<meta name=\"twitter:card\" content=\"summary_large_image\" \/>\n<script type=\"application\/ld+json\" class=\"yoast-schema-graph\">{\"@context\":\"https:\/\/schema.org\",\"@graph\":[{\"@type\":\"WebPage\",\"@id\":\"https:\/\/hubsch-interior.com\/de\/produkt\/keep-garderobe-hellgrau\/\",\"url\":\"https:\/\/hubsch-interior.com\/de\/produkt\/keep-garderobe-hellgrau\/\",\"name\":\"Keep Garderobe Hellgrau - H\u00fcbsch\",\"isPartOf\":{\"@id\":\"https:\/\/hubsch-interior.com\/de\/#website\"},\"primaryImageOfPage\":{\"@id\":\"https:\/\/hubsch-interior.com\/de\/produkt\/keep-garderobe-hellgrau\/#primaryimage\"},\"image\":{\"@id\":\"https:\/\/hubsch-interior.com\/de\/produkt\/keep-garderobe-hellgrau\/#primaryimage\"},\"thumbnailUrl\":\"https:\/\/hubsch-interior.com\/wp-content\/uploads\/2026\/02\/keep-coatrack-light-grey-d8943339c304cc61f64bde853eb51cbb.jpg\",\"datePublished\":\"2021-06-04T08:18:10+00:00\",\"dateModified\":\"2026-04-09T03:13:27+00:00\",\"description\":\"Die Garderobe verf\u00fcgt \u00fcber vier Haken und einen Spiegel. Sie k\u00f6nnen die Garderobe im Badezimmer, im Flur und in vielen anderen R\u00e4umen in Ihrem Zuhause\",\"breadcrumb\":{\"@id\":\"https:\/\/hubsch-interior.com\/de\/produkt\/keep-garderobe-hellgrau\/#breadcrumb\"},\"inLanguage\":\"de\",\"potentialAction\":[{\"@type\":\"ReadAction\",\"target\":[\"https:\/\/hubsch-interior.com\/de\/produkt\/keep-garderobe-hellgrau\/\"]}]},{\"@type\":\"ImageObject\",\"inLanguage\":\"de\",\"@id\":\"https:\/\/hubsch-interior.com\/de\/produkt\/keep-garderobe-hellgrau\/#primaryimage\",\"url\":\"https:\/\/hubsch-interior.com\/wp-content\/uploads\/2026\/02\/keep-coatrack-light-grey-d8943339c304cc61f64bde853eb51cbb.jpg\",\"contentUrl\":\"https:\/\/hubsch-interior.com\/wp-content\/uploads\/2026\/02\/keep-coatrack-light-grey-d8943339c304cc61f64bde853eb51cbb.jpg\",\"width\":1024,\"height\":1024},{\"@type\":\"BreadcrumbList\",\"@id\":\"https:\/\/hubsch-interior.com\/de\/produkt\/keep-garderobe-hellgrau\/#breadcrumb\",\"itemListElement\":[{\"@type\":\"ListItem\",\"position\":1,\"name\":\"Startseite\",\"item\":\"https:\/\/hubsch-interior.com\/de\/\"},{\"@type\":\"ListItem\",\"position\":2,\"name\":\"Produkte\",\"item\":\"https:\/\/hubsch-interior.com\/de\/shop-2\/\"},{\"@type\":\"ListItem\",\"position\":3,\"name\":\"Wohnaccessoires\",\"item\":\"https:\/\/hubsch-interior.com\/de\/produkt-kategorie\/wohnaccessoires\/\"},{\"@type\":\"ListItem\",\"position\":4,\"name\":\"Haken und Hakenleisten\",\"item\":\"https:\/\/hubsch-interior.com\/de\/produkt-kategorie\/wohnaccessoires\/haken-und-hakenleisten-de\/\"},{\"@type\":\"ListItem\",\"position\":5,\"name\":\"Hakenleisten\",\"item\":\"https:\/\/hubsch-interior.com\/de\/produkt-kategorie\/wohnaccessoires\/haken-und-hakenleisten-de\/hakenleisten-de\/\"},{\"@type\":\"ListItem\",\"position\":6,\"name\":\"Keep Garderobe Hellgrau\"}]},{\"@type\":\"WebSite\",\"@id\":\"https:\/\/hubsch-interior.com\/de\/#website\",\"url\":\"https:\/\/hubsch-interior.com\/de\/\",\"name\":\"H\u00fcbsch\",\"description\":\"Danish Home Interior and Design\",\"publisher\":{\"@id\":\"https:\/\/hubsch-interior.com\/de\/#organization\"},\"potentialAction\":[{\"@type\":\"SearchAction\",\"target\":{\"@type\":\"EntryPoint\",\"urlTemplate\":\"https:\/\/hubsch-interior.com\/de\/?s={search_term_string}\"},\"query-input\":{\"@type\":\"PropertyValueSpecification\",\"valueRequired\":true,\"valueName\":\"search_term_string\"}}],\"inLanguage\":\"de\"},{\"@type\":\"Organization\",\"@id\":\"https:\/\/hubsch-interior.com\/de\/#organization\",\"name\":\"H\u00fcbsch\",\"url\":\"https:\/\/hubsch-interior.com\/de\/\",\"logo\":{\"@type\":\"ImageObject\",\"inLanguage\":\"de\",\"@id\":\"https:\/\/hubsch-interior.com\/de\/#\/schema\/logo\/image\/\",\"url\":\"https:\/\/hubsch-interior.com\/wp-content\/uploads\/2022\/12\/Hubsch_logo_black_one_line.svg\",\"contentUrl\":\"https:\/\/hubsch-interior.com\/wp-content\/uploads\/2022\/12\/Hubsch_logo_black_one_line.svg\",\"caption\":\"H\u00fcbsch\"},\"image\":{\"@id\":\"https:\/\/hubsch-interior.com\/de\/#\/schema\/logo\/image\/\"}}]}<\/script>\n<!-- \/ Yoast SEO plugin. -->","yoast_head_json":{"title":"Keep Garderobe Hellgrau - H\u00fcbsch","description":"Die Garderobe verf\u00fcgt \u00fcber vier Haken und einen Spiegel. Sie k\u00f6nnen die Garderobe im Badezimmer, im Flur und in vielen anderen R\u00e4umen in Ihrem Zuhause","robots":{"index":"index","follow":"follow","max-snippet":"max-snippet:-1","max-image-preview":"max-image-preview:large","max-video-preview":"max-video-preview:-1"},"canonical":"https:\/\/hubsch-interior.com\/de\/wp-json\/wp\/v2\/product\/397453","og_locale":"de_DE","og_type":"article","og_title":"Keep Garderobe Hellgrau - H\u00fcbsch","og_description":"Die Garderobe verf\u00fcgt \u00fcber vier Haken und einen Spiegel. Sie k\u00f6nnen die Garderobe im Badezimmer, im Flur und in vielen anderen R\u00e4umen in Ihrem Zuhause","og_url":"https:\/\/hubsch-interior.com\/de\/produkt\/keep-garderobe-hellgrau\/","og_site_name":"H\u00fcbsch","article_modified_time":"2026-04-09T03:13:27+00:00","og_image":[{"width":1200,"height":1200,"url":"https:\/\/hubsch-interior.com\/wp-content\/uploads\/2024\/01\/keep-coatrack-light-grey-6e7f7ffa901db52d731bf7a6134d3bc0.jpg","type":"image\/jpeg"}],"twitter_card":"summary_large_image","schema":{"@context":"https:\/\/schema.org","@graph":[{"@type":"WebPage","@id":"https:\/\/hubsch-interior.com\/de\/produkt\/keep-garderobe-hellgrau\/","url":"https:\/\/hubsch-interior.com\/de\/produkt\/keep-garderobe-hellgrau\/","name":"Keep Garderobe Hellgrau - H\u00fcbsch","isPartOf":{"@id":"https:\/\/hubsch-interior.com\/de\/#website"},"primaryImageOfPage":{"@id":"https:\/\/hubsch-interior.com\/de\/produkt\/keep-garderobe-hellgrau\/#primaryimage"},"image":{"@id":"https:\/\/hubsch-interior.com\/de\/produkt\/keep-garderobe-hellgrau\/#primaryimage"},"thumbnailUrl":"https:\/\/hubsch-interior.com\/wp-content\/uploads\/2026\/02\/keep-coatrack-light-grey-d8943339c304cc61f64bde853eb51cbb.jpg","datePublished":"2021-06-04T08:18:10+00:00","dateModified":"2026-04-09T03:13:27+00:00","description":"Die Garderobe verf\u00fcgt \u00fcber vier Haken und einen Spiegel. Sie k\u00f6nnen die Garderobe im Badezimmer, im Flur und in vielen anderen R\u00e4umen in Ihrem Zuhause","breadcrumb":{"@id":"https:\/\/hubsch-interior.com\/de\/produkt\/keep-garderobe-hellgrau\/#breadcrumb"},"inLanguage":"de","potentialAction":[{"@type":"ReadAction","target":["https:\/\/hubsch-interior.com\/de\/produkt\/keep-garderobe-hellgrau\/"]}]},{"@type":"ImageObject","inLanguage":"de","@id":"https:\/\/hubsch-interior.com\/de\/produkt\/keep-garderobe-hellgrau\/#primaryimage","url":"https:\/\/hubsch-interior.com\/wp-content\/uploads\/2026\/02\/keep-coatrack-light-grey-d8943339c304cc61f64bde853eb51cbb.jpg","contentUrl":"https:\/\/hubsch-interior.com\/wp-content\/uploads\/2026\/02\/keep-coatrack-light-grey-d8943339c304cc61f64bde853eb51cbb.jpg","width":1024,"height":1024},{"@type":"BreadcrumbList","@id":"https:\/\/hubsch-interior.com\/de\/produkt\/keep-garderobe-hellgrau\/#breadcrumb","itemListElement":[{"@type":"ListItem","position":1,"name":"Startseite","item":"https:\/\/hubsch-interior.com\/de\/"},{"@type":"ListItem","position":2,"name":"Produkte","item":"https:\/\/hubsch-interior.com\/de\/shop-2\/"},{"@type":"ListItem","position":3,"name":"Wohnaccessoires","item":"https:\/\/hubsch-interior.com\/de\/produkt-kategorie\/wohnaccessoires\/"},{"@type":"ListItem","position":4,"name":"Haken und Hakenleisten","item":"https:\/\/hubsch-interior.com\/de\/produkt-kategorie\/wohnaccessoires\/haken-und-hakenleisten-de\/"},{"@type":"ListItem","position":5,"name":"Hakenleisten","item":"https:\/\/hubsch-interior.com\/de\/produkt-kategorie\/wohnaccessoires\/haken-und-hakenleisten-de\/hakenleisten-de\/"},{"@type":"ListItem","position":6,"name":"Keep Garderobe Hellgrau"}]},{"@type":"WebSite","@id":"https:\/\/hubsch-interior.com\/de\/#website","url":"https:\/\/hubsch-interior.com\/de\/","name":"H\u00fcbsch","description":"Danish Home Interior and Design","publisher":{"@id":"https:\/\/hubsch-interior.com\/de\/#organization"},"potentialAction":[{"@type":"SearchAction","target":{"@type":"EntryPoint","urlTemplate":"https:\/\/hubsch-interior.com\/de\/?s={search_term_string}"},"query-input":{"@type":"PropertyValueSpecification","valueRequired":true,"valueName":"search_term_string"}}],"inLanguage":"de"},{"@type":"Organization","@id":"https:\/\/hubsch-interior.com\/de\/#organization","name":"H\u00fcbsch","url":"https:\/\/hubsch-interior.com\/de\/","logo":{"@type":"ImageObject","inLanguage":"de","@id":"https:\/\/hubsch-interior.com\/de\/#\/schema\/logo\/image\/","url":"https:\/\/hubsch-interior.com\/wp-content\/uploads\/2022\/12\/Hubsch_logo_black_one_line.svg","contentUrl":"https:\/\/hubsch-interior.com\/wp-content\/uploads\/2022\/12\/Hubsch_logo_black_one_line.svg","caption":"H\u00fcbsch"},"image":{"@id":"https:\/\/hubsch-interior.com\/de\/#\/schema\/logo\/image\/"}}]}},"_links":{"self":[{"href":"https:\/\/hubsch-interior.com\/de\/wp-json\/wp\/v2\/product\/397453","targetHints":{"allow":["GET"]}}],"collection":[{"href":"https:\/\/hubsch-interior.com\/de\/wp-json\/wp\/v2\/product"}],"about":[{"href":"https:\/\/hubsch-interior.com\/de\/wp-json\/wp\/v2\/types\/product"}],"wp:featuredmedia":[{"embeddable":true,"href":"https:\/\/hubsch-interior.com\/de\/wp-json\/wp\/v2\/media\/1109068"}],"wp:attachment":[{"href":"https:\/\/hubsch-interior.com\/de\/wp-json\/wp\/v2\/media?parent=397453"}],"wp:term":[{"taxonomy":"product_brand","embeddable":true,"href":"https:\/\/hubsch-interior.com\/de\/wp-json\/wp\/v2\/product_brand?post=397453"},{"taxonomy":"product_cat","embeddable":true,"href":"https:\/\/hubsch-interior.com\/de\/wp-json\/wp\/v2\/product_cat?post=397453"},{"taxonomy":"product_tag","embeddable":true,"href":"https:\/\/hubsch-interior.com\/de\/wp-json\/wp\/v2\/product_tag?post=397453"}],"curies":[{"name":"wp","href":"https:\/\/api.w.org\/{rel}","templated":true}]}}