{"id":397549,"date":"2021-06-04T10:18:29","date_gmt":"2021-06-04T08:18:29","guid":{"rendered":"https:\/\/hubsch-interior.com\/shop-b2c\/product\/product-6\/"},"modified":"2026-04-09T05:13:44","modified_gmt":"2026-04-09T03:13:44","slug":"embrace-untersetzer-messingfarben-3er-set","status":"publish","type":"product","link":"https:\/\/hubsch-interior.com\/de\/produkt\/embrace-untersetzer-messingfarben-3er-set\/","title":{"rendered":"Embrace Untersetzer Messingfarben (3er Set)"},"content":{"rendered":"<p>Die Tabletts aus goldenem Metall sorgen f\u00fcr ein elegantes Detail in Ihrem Zuhause. Die Tabletts sind vielseitig einsetzbar und lassen sich als Untersetzer f\u00fcr Blument\u00f6pfe, f\u00fcr Schmuck, als Schalen und f\u00fcr vieles mehr verwenden.<\/p>\n","protected":false},"excerpt":{"rendered":"<p>Die Tabletts aus goldenem Metall sorgen f\u00fcr ein elegantes Detail in Ihrem Zuhause. Die Tabletts sind vielseitig einsetzbar und lassen sich als Untersetzer f\u00fcr Blument\u00f6pfe, f\u00fcr Schmuck, als Schalen und f\u00fcr vieles mehr verwenden.<\/p>\n","protected":false},"featured_media":1109108,"template":"","meta":{"_acf_changed":false,"inline_featured_image":false},"product_brand":[],"product_cat":[4925,4055,4916,4056],"product_tag":[],"class_list":{"0":"post-397549","1":"product","2":"type-product","3":"status-publish","4":"has-post-thumbnail","6":"product_cat-blumentoepfe-de","7":"product_cat-kuechenzubehoer-de","8":"product_cat-toepfe-giesskannen-de","9":"product_cat-tabletts-de","10":"product_shipping_class-pk","12":"pa_color-messingfarben","13":"pa_material-eisen-de","15":"first","16":"instock","17":"taxable","18":"shipping-taxable","19":"purchasable","20":"product-type-simple"},"exclude_global_add_ons":[],"addons":[],"acf":[],"yoast_head":"<!-- This site is optimized with the Yoast SEO plugin v26.4 - https:\/\/yoast.com\/wordpress\/plugins\/seo\/ -->\n<title>Embrace Untersetzer Messingfarben (3er Set) - H\u00fcbsch<\/title>\n<meta name=\"description\" content=\"Die Tabletts aus goldenem Metall sorgen f\u00fcr ein elegantes Detail in Ihrem Zuhause. Die Tabletts sind vielseitig einsetzbar und lassen sich als Untersetzer\" \/>\n<meta name=\"robots\" content=\"index, follow, max-snippet:-1, max-image-preview:large, max-video-preview:-1\" \/>\n<link rel=\"canonical\" href=\"https:\/\/hubsch-interior.com\/de\/wp-json\/wp\/v2\/product\/397549\" \/>\n<meta property=\"og:locale\" content=\"de_DE\" \/>\n<meta property=\"og:type\" content=\"article\" \/>\n<meta property=\"og:title\" content=\"Embrace Untersetzer Messingfarben (3er Set) - H\u00fcbsch\" \/>\n<meta property=\"og:description\" content=\"Die Tabletts aus goldenem Metall sorgen f\u00fcr ein elegantes Detail in Ihrem Zuhause. Die Tabletts sind vielseitig einsetzbar und lassen sich als Untersetzer\" \/>\n<meta property=\"og:url\" content=\"https:\/\/hubsch-interior.com\/de\/produkt\/embrace-untersetzer-messingfarben-3er-set\/\" \/>\n<meta property=\"og:site_name\" content=\"H\u00fcbsch\" \/>\n<meta property=\"article:modified_time\" content=\"2026-04-09T03:13:44+00:00\" \/>\n<meta property=\"og:image\" content=\"https:\/\/hubsch-interior.com\/wp-content\/uploads\/2024\/01\/embrace-saucers-brass-set-of-3-89e69c3c076f951d72c7a32f918e26cf.jpg\" \/>\n\t<meta property=\"og:image:width\" content=\"1200\" \/>\n\t<meta property=\"og:image:height\" content=\"1200\" \/>\n\t<meta property=\"og:image:type\" content=\"image\/jpeg\" \/>\n<meta name=\"twitter:card\" content=\"summary_large_image\" \/>\n<script type=\"application\/ld+json\" class=\"yoast-schema-graph\">{\"@context\":\"https:\/\/schema.org\",\"@graph\":[{\"@type\":\"WebPage\",\"@id\":\"https:\/\/hubsch-interior.com\/de\/produkt\/embrace-untersetzer-messingfarben-3er-set\/\",\"url\":\"https:\/\/hubsch-interior.com\/de\/produkt\/embrace-untersetzer-messingfarben-3er-set\/\",\"name\":\"Embrace Untersetzer Messingfarben (3er Set) - H\u00fcbsch\",\"isPartOf\":{\"@id\":\"https:\/\/hubsch-interior.com\/de\/#website\"},\"primaryImageOfPage\":{\"@id\":\"https:\/\/hubsch-interior.com\/de\/produkt\/embrace-untersetzer-messingfarben-3er-set\/#primaryimage\"},\"image\":{\"@id\":\"https:\/\/hubsch-interior.com\/de\/produkt\/embrace-untersetzer-messingfarben-3er-set\/#primaryimage\"},\"thumbnailUrl\":\"https:\/\/hubsch-interior.com\/wp-content\/uploads\/2026\/02\/embrace-saucers-brass-set-of-3-e16ecd6c8b6ff0d51d04ef03386feaf1.jpg\",\"datePublished\":\"2021-06-04T08:18:29+00:00\",\"dateModified\":\"2026-04-09T03:13:44+00:00\",\"description\":\"Die Tabletts aus goldenem Metall sorgen f\u00fcr ein elegantes Detail in Ihrem Zuhause. Die Tabletts sind vielseitig einsetzbar und lassen sich als Untersetzer\",\"breadcrumb\":{\"@id\":\"https:\/\/hubsch-interior.com\/de\/produkt\/embrace-untersetzer-messingfarben-3er-set\/#breadcrumb\"},\"inLanguage\":\"de\",\"potentialAction\":[{\"@type\":\"ReadAction\",\"target\":[\"https:\/\/hubsch-interior.com\/de\/produkt\/embrace-untersetzer-messingfarben-3er-set\/\"]}]},{\"@type\":\"ImageObject\",\"inLanguage\":\"de\",\"@id\":\"https:\/\/hubsch-interior.com\/de\/produkt\/embrace-untersetzer-messingfarben-3er-set\/#primaryimage\",\"url\":\"https:\/\/hubsch-interior.com\/wp-content\/uploads\/2026\/02\/embrace-saucers-brass-set-of-3-e16ecd6c8b6ff0d51d04ef03386feaf1.jpg\",\"contentUrl\":\"https:\/\/hubsch-interior.com\/wp-content\/uploads\/2026\/02\/embrace-saucers-brass-set-of-3-e16ecd6c8b6ff0d51d04ef03386feaf1.jpg\",\"width\":1024,\"height\":1024},{\"@type\":\"BreadcrumbList\",\"@id\":\"https:\/\/hubsch-interior.com\/de\/produkt\/embrace-untersetzer-messingfarben-3er-set\/#breadcrumb\",\"itemListElement\":[{\"@type\":\"ListItem\",\"position\":1,\"name\":\"Startseite\",\"item\":\"https:\/\/hubsch-interior.com\/de\/\"},{\"@type\":\"ListItem\",\"position\":2,\"name\":\"Produkte\",\"item\":\"https:\/\/hubsch-interior.com\/de\/shop-2\/\"},{\"@type\":\"ListItem\",\"position\":3,\"name\":\"Wohnaccessoires\",\"item\":\"https:\/\/hubsch-interior.com\/de\/produkt-kategorie\/wohnaccessoires\/\"},{\"@type\":\"ListItem\",\"position\":4,\"name\":\"K&uuml;chenzubeh&ouml;r\",\"item\":\"https:\/\/hubsch-interior.com\/de\/produkt-kategorie\/wohnaccessoires\/kuechenzubehoer-de\/\"},{\"@type\":\"ListItem\",\"position\":5,\"name\":\"Tabletts\",\"item\":\"https:\/\/hubsch-interior.com\/de\/produkt-kategorie\/wohnaccessoires\/kuechenzubehoer-de\/tabletts-de\/\"},{\"@type\":\"ListItem\",\"position\":6,\"name\":\"Embrace Untersetzer Messingfarben (3er Set)\"}]},{\"@type\":\"WebSite\",\"@id\":\"https:\/\/hubsch-interior.com\/de\/#website\",\"url\":\"https:\/\/hubsch-interior.com\/de\/\",\"name\":\"H\u00fcbsch\",\"description\":\"Danish Home Interior and Design\",\"publisher\":{\"@id\":\"https:\/\/hubsch-interior.com\/de\/#organization\"},\"potentialAction\":[{\"@type\":\"SearchAction\",\"target\":{\"@type\":\"EntryPoint\",\"urlTemplate\":\"https:\/\/hubsch-interior.com\/de\/?s={search_term_string}\"},\"query-input\":{\"@type\":\"PropertyValueSpecification\",\"valueRequired\":true,\"valueName\":\"search_term_string\"}}],\"inLanguage\":\"de\"},{\"@type\":\"Organization\",\"@id\":\"https:\/\/hubsch-interior.com\/de\/#organization\",\"name\":\"H\u00fcbsch\",\"url\":\"https:\/\/hubsch-interior.com\/de\/\",\"logo\":{\"@type\":\"ImageObject\",\"inLanguage\":\"de\",\"@id\":\"https:\/\/hubsch-interior.com\/de\/#\/schema\/logo\/image\/\",\"url\":\"https:\/\/hubsch-interior.com\/wp-content\/uploads\/2022\/12\/Hubsch_logo_black_one_line.svg\",\"contentUrl\":\"https:\/\/hubsch-interior.com\/wp-content\/uploads\/2022\/12\/Hubsch_logo_black_one_line.svg\",\"caption\":\"H\u00fcbsch\"},\"image\":{\"@id\":\"https:\/\/hubsch-interior.com\/de\/#\/schema\/logo\/image\/\"}}]}<\/script>\n<!-- \/ Yoast SEO plugin. -->","yoast_head_json":{"title":"Embrace Untersetzer Messingfarben (3er Set) - H\u00fcbsch","description":"Die Tabletts aus goldenem Metall sorgen f\u00fcr ein elegantes Detail in Ihrem Zuhause. Die Tabletts sind vielseitig einsetzbar und lassen sich als Untersetzer","robots":{"index":"index","follow":"follow","max-snippet":"max-snippet:-1","max-image-preview":"max-image-preview:large","max-video-preview":"max-video-preview:-1"},"canonical":"https:\/\/hubsch-interior.com\/de\/wp-json\/wp\/v2\/product\/397549","og_locale":"de_DE","og_type":"article","og_title":"Embrace Untersetzer Messingfarben (3er Set) - H\u00fcbsch","og_description":"Die Tabletts aus goldenem Metall sorgen f\u00fcr ein elegantes Detail in Ihrem Zuhause. Die Tabletts sind vielseitig einsetzbar und lassen sich als Untersetzer","og_url":"https:\/\/hubsch-interior.com\/de\/produkt\/embrace-untersetzer-messingfarben-3er-set\/","og_site_name":"H\u00fcbsch","article_modified_time":"2026-04-09T03:13:44+00:00","og_image":[{"width":1200,"height":1200,"url":"https:\/\/hubsch-interior.com\/wp-content\/uploads\/2024\/01\/embrace-saucers-brass-set-of-3-89e69c3c076f951d72c7a32f918e26cf.jpg","type":"image\/jpeg"}],"twitter_card":"summary_large_image","schema":{"@context":"https:\/\/schema.org","@graph":[{"@type":"WebPage","@id":"https:\/\/hubsch-interior.com\/de\/produkt\/embrace-untersetzer-messingfarben-3er-set\/","url":"https:\/\/hubsch-interior.com\/de\/produkt\/embrace-untersetzer-messingfarben-3er-set\/","name":"Embrace Untersetzer Messingfarben (3er Set) - H\u00fcbsch","isPartOf":{"@id":"https:\/\/hubsch-interior.com\/de\/#website"},"primaryImageOfPage":{"@id":"https:\/\/hubsch-interior.com\/de\/produkt\/embrace-untersetzer-messingfarben-3er-set\/#primaryimage"},"image":{"@id":"https:\/\/hubsch-interior.com\/de\/produkt\/embrace-untersetzer-messingfarben-3er-set\/#primaryimage"},"thumbnailUrl":"https:\/\/hubsch-interior.com\/wp-content\/uploads\/2026\/02\/embrace-saucers-brass-set-of-3-e16ecd6c8b6ff0d51d04ef03386feaf1.jpg","datePublished":"2021-06-04T08:18:29+00:00","dateModified":"2026-04-09T03:13:44+00:00","description":"Die Tabletts aus goldenem Metall sorgen f\u00fcr ein elegantes Detail in Ihrem Zuhause. Die Tabletts sind vielseitig einsetzbar und lassen sich als Untersetzer","breadcrumb":{"@id":"https:\/\/hubsch-interior.com\/de\/produkt\/embrace-untersetzer-messingfarben-3er-set\/#breadcrumb"},"inLanguage":"de","potentialAction":[{"@type":"ReadAction","target":["https:\/\/hubsch-interior.com\/de\/produkt\/embrace-untersetzer-messingfarben-3er-set\/"]}]},{"@type":"ImageObject","inLanguage":"de","@id":"https:\/\/hubsch-interior.com\/de\/produkt\/embrace-untersetzer-messingfarben-3er-set\/#primaryimage","url":"https:\/\/hubsch-interior.com\/wp-content\/uploads\/2026\/02\/embrace-saucers-brass-set-of-3-e16ecd6c8b6ff0d51d04ef03386feaf1.jpg","contentUrl":"https:\/\/hubsch-interior.com\/wp-content\/uploads\/2026\/02\/embrace-saucers-brass-set-of-3-e16ecd6c8b6ff0d51d04ef03386feaf1.jpg","width":1024,"height":1024},{"@type":"BreadcrumbList","@id":"https:\/\/hubsch-interior.com\/de\/produkt\/embrace-untersetzer-messingfarben-3er-set\/#breadcrumb","itemListElement":[{"@type":"ListItem","position":1,"name":"Startseite","item":"https:\/\/hubsch-interior.com\/de\/"},{"@type":"ListItem","position":2,"name":"Produkte","item":"https:\/\/hubsch-interior.com\/de\/shop-2\/"},{"@type":"ListItem","position":3,"name":"Wohnaccessoires","item":"https:\/\/hubsch-interior.com\/de\/produkt-kategorie\/wohnaccessoires\/"},{"@type":"ListItem","position":4,"name":"K&uuml;chenzubeh&ouml;r","item":"https:\/\/hubsch-interior.com\/de\/produkt-kategorie\/wohnaccessoires\/kuechenzubehoer-de\/"},{"@type":"ListItem","position":5,"name":"Tabletts","item":"https:\/\/hubsch-interior.com\/de\/produkt-kategorie\/wohnaccessoires\/kuechenzubehoer-de\/tabletts-de\/"},{"@type":"ListItem","position":6,"name":"Embrace Untersetzer Messingfarben (3er Set)"}]},{"@type":"WebSite","@id":"https:\/\/hubsch-interior.com\/de\/#website","url":"https:\/\/hubsch-interior.com\/de\/","name":"H\u00fcbsch","description":"Danish Home Interior and Design","publisher":{"@id":"https:\/\/hubsch-interior.com\/de\/#organization"},"potentialAction":[{"@type":"SearchAction","target":{"@type":"EntryPoint","urlTemplate":"https:\/\/hubsch-interior.com\/de\/?s={search_term_string}"},"query-input":{"@type":"PropertyValueSpecification","valueRequired":true,"valueName":"search_term_string"}}],"inLanguage":"de"},{"@type":"Organization","@id":"https:\/\/hubsch-interior.com\/de\/#organization","name":"H\u00fcbsch","url":"https:\/\/hubsch-interior.com\/de\/","logo":{"@type":"ImageObject","inLanguage":"de","@id":"https:\/\/hubsch-interior.com\/de\/#\/schema\/logo\/image\/","url":"https:\/\/hubsch-interior.com\/wp-content\/uploads\/2022\/12\/Hubsch_logo_black_one_line.svg","contentUrl":"https:\/\/hubsch-interior.com\/wp-content\/uploads\/2022\/12\/Hubsch_logo_black_one_line.svg","caption":"H\u00fcbsch"},"image":{"@id":"https:\/\/hubsch-interior.com\/de\/#\/schema\/logo\/image\/"}}]}},"_links":{"self":[{"href":"https:\/\/hubsch-interior.com\/de\/wp-json\/wp\/v2\/product\/397549","targetHints":{"allow":["GET"]}}],"collection":[{"href":"https:\/\/hubsch-interior.com\/de\/wp-json\/wp\/v2\/product"}],"about":[{"href":"https:\/\/hubsch-interior.com\/de\/wp-json\/wp\/v2\/types\/product"}],"wp:featuredmedia":[{"embeddable":true,"href":"https:\/\/hubsch-interior.com\/de\/wp-json\/wp\/v2\/media\/1109108"}],"wp:attachment":[{"href":"https:\/\/hubsch-interior.com\/de\/wp-json\/wp\/v2\/media?parent=397549"}],"wp:term":[{"taxonomy":"product_brand","embeddable":true,"href":"https:\/\/hubsch-interior.com\/de\/wp-json\/wp\/v2\/product_brand?post=397549"},{"taxonomy":"product_cat","embeddable":true,"href":"https:\/\/hubsch-interior.com\/de\/wp-json\/wp\/v2\/product_cat?post=397549"},{"taxonomy":"product_tag","embeddable":true,"href":"https:\/\/hubsch-interior.com\/de\/wp-json\/wp\/v2\/product_tag?post=397549"}],"curies":[{"name":"wp","href":"https:\/\/api.w.org\/{rel}","templated":true}]}}