{"id":39759,"date":"2020-12-15T09:50:14","date_gmt":"2020-12-15T08:50:14","guid":{"rendered":"https:\/\/hubsch-interior.com\/product\/product-18\/"},"modified":"2026-04-05T04:50:43","modified_gmt":"2026-04-05T02:50:43","slug":"collect-schuhschrank-naturfarben","status":"publish","type":"product","link":"https:\/\/hubsch-interior.com\/de\/produkt\/collect-schuhschrank-naturfarben\/","title":{"rendered":"Collect Schuhschrank Naturfarben"},"content":{"rendered":"<p>Der Collect Schuhschrank Naturfarben ist ein robustes und langlebiges M\u00f6belst\u00fcck. Er ist aus Eichenholz gefertigt und FSC-zertifiziert. Er ist mit zwei T\u00fcren ausgestattet, die viel Raum f\u00fcr Schuhe und andere Accessoires bieten. Der Schuhschrank ist ein dekorativer Blickfang und vervollst\u00e4ndigt jeden Raum. Dank seiner robusten Bauweise und der hochwertigen Materialien ist er ein langlebiges M\u00f6belst\u00fcck, das Ihnen viele Jahre Freude bereiten wird.<\/p>\n","protected":false},"excerpt":{"rendered":"<p>Der Collect Schuhschrank Naturfarben ist ein robustes und langlebiges M\u00f6belst\u00fcck. Er ist aus Eichenholz gefertigt und FSC-zertifiziert. Er ist mit zwei T\u00fcren ausgestattet, die viel Raum f\u00fcr Schuhe und andere Accessoires bieten. Der Schuhschrank ist ein dekorativer Blickfang und vervollst\u00e4ndigt jeden Raum. Dank seiner robusten Bauweise und der hochwertigen Materialien ist er ein langlebiges M\u00f6belst\u00fcck, [&hellip;]<\/p>\n","protected":false},"featured_media":1102281,"template":"","meta":{"_acf_changed":false,"inline_featured_image":false},"product_brand":[],"product_cat":[4003,4853,5027],"product_tag":[],"class_list":{"0":"post-39759","1":"product","2":"type-product","3":"status-publish","4":"has-post-thumbnail","6":"product_cat-regale-aufbewahrung-de","7":"product_cat-schuhschrank-de","8":"product_cat-bestsellers-de","9":"product_shipping_class-p05","10":"pa_color-naturfarben-2","11":"pa_material-mdf-de","12":"pa_material-eichenfurnier","13":"pa_material-eichenholz","15":"first","16":"outofstock","17":"featured","18":"taxable","19":"shipping-taxable","20":"purchasable","21":"product-type-simple"},"exclude_global_add_ons":[],"addons":[],"acf":[],"yoast_head":"<!-- This site is optimized with the Yoast SEO plugin v26.4 - https:\/\/yoast.com\/wordpress\/plugins\/seo\/ -->\n<title>Collect Schuhschrank Naturfarben - H\u00fcbsch<\/title>\n<meta name=\"description\" content=\"Der Collect Schuhschrank Naturfarben ist ein robustes und langlebiges M\u00f6belst\u00fcck. Er ist aus Eichenholz gefertigt und FSC-zertifiziert. Er ist mit zwei\" \/>\n<meta name=\"robots\" content=\"index, follow, max-snippet:-1, max-image-preview:large, max-video-preview:-1\" \/>\n<link rel=\"canonical\" href=\"https:\/\/hubsch-interior.com\/de\/wp-json\/wp\/v2\/product\/39759\" \/>\n<meta property=\"og:locale\" content=\"de_DE\" \/>\n<meta property=\"og:type\" content=\"article\" \/>\n<meta property=\"og:title\" content=\"Collect Schuhschrank Naturfarben - H\u00fcbsch\" \/>\n<meta property=\"og:description\" content=\"Der Collect Schuhschrank Naturfarben ist ein robustes und langlebiges M\u00f6belst\u00fcck. Er ist aus Eichenholz gefertigt und FSC-zertifiziert. Er ist mit zwei\" \/>\n<meta property=\"og:url\" content=\"https:\/\/hubsch-interior.com\/de\/produkt\/collect-schuhschrank-naturfarben\/\" \/>\n<meta property=\"og:site_name\" content=\"H\u00fcbsch\" \/>\n<meta property=\"article:modified_time\" content=\"2026-04-05T02:50:43+00:00\" \/>\n<meta property=\"og:image\" content=\"https:\/\/hubsch-interior.com\/wp-content\/uploads\/2023\/08\/collect-shoe-cabinet-natural-8cb1ef3ab88068ecc0c2f5368f39343c.jpg\" \/>\n\t<meta property=\"og:image:width\" content=\"1200\" \/>\n\t<meta property=\"og:image:height\" content=\"1200\" \/>\n\t<meta property=\"og:image:type\" content=\"image\/jpeg\" \/>\n<meta name=\"twitter:card\" content=\"summary_large_image\" \/>\n<script type=\"application\/ld+json\" class=\"yoast-schema-graph\">{\"@context\":\"https:\/\/schema.org\",\"@graph\":[{\"@type\":\"WebPage\",\"@id\":\"https:\/\/hubsch-interior.com\/de\/produkt\/collect-schuhschrank-naturfarben\/\",\"url\":\"https:\/\/hubsch-interior.com\/de\/produkt\/collect-schuhschrank-naturfarben\/\",\"name\":\"Collect Schuhschrank Naturfarben - H\u00fcbsch\",\"isPartOf\":{\"@id\":\"https:\/\/hubsch-interior.com\/de\/#website\"},\"primaryImageOfPage\":{\"@id\":\"https:\/\/hubsch-interior.com\/de\/produkt\/collect-schuhschrank-naturfarben\/#primaryimage\"},\"image\":{\"@id\":\"https:\/\/hubsch-interior.com\/de\/produkt\/collect-schuhschrank-naturfarben\/#primaryimage\"},\"thumbnailUrl\":\"https:\/\/hubsch-interior.com\/wp-content\/uploads\/2026\/02\/collect-shoe-cabinet-natural-f8fc40795453e54e302d04b33d0af537.jpg\",\"datePublished\":\"2020-12-15T08:50:14+00:00\",\"dateModified\":\"2026-04-05T02:50:43+00:00\",\"description\":\"Der Collect Schuhschrank Naturfarben ist ein robustes und langlebiges M\u00f6belst\u00fcck. Er ist aus Eichenholz gefertigt und FSC-zertifiziert. Er ist mit zwei\",\"breadcrumb\":{\"@id\":\"https:\/\/hubsch-interior.com\/de\/produkt\/collect-schuhschrank-naturfarben\/#breadcrumb\"},\"inLanguage\":\"de\",\"potentialAction\":[{\"@type\":\"ReadAction\",\"target\":[\"https:\/\/hubsch-interior.com\/de\/produkt\/collect-schuhschrank-naturfarben\/\"]}]},{\"@type\":\"ImageObject\",\"inLanguage\":\"de\",\"@id\":\"https:\/\/hubsch-interior.com\/de\/produkt\/collect-schuhschrank-naturfarben\/#primaryimage\",\"url\":\"https:\/\/hubsch-interior.com\/wp-content\/uploads\/2026\/02\/collect-shoe-cabinet-natural-f8fc40795453e54e302d04b33d0af537.jpg\",\"contentUrl\":\"https:\/\/hubsch-interior.com\/wp-content\/uploads\/2026\/02\/collect-shoe-cabinet-natural-f8fc40795453e54e302d04b33d0af537.jpg\",\"width\":1024,\"height\":1024},{\"@type\":\"BreadcrumbList\",\"@id\":\"https:\/\/hubsch-interior.com\/de\/produkt\/collect-schuhschrank-naturfarben\/#breadcrumb\",\"itemListElement\":[{\"@type\":\"ListItem\",\"position\":1,\"name\":\"Startseite\",\"item\":\"https:\/\/hubsch-interior.com\/de\/\"},{\"@type\":\"ListItem\",\"position\":2,\"name\":\"Produkte\",\"item\":\"https:\/\/hubsch-interior.com\/de\/shop-2\/\"},{\"@type\":\"ListItem\",\"position\":3,\"name\":\"M\u00f6bel\",\"item\":\"https:\/\/hubsch-interior.com\/de\/produkt-kategorie\/moebel\/\"},{\"@type\":\"ListItem\",\"position\":4,\"name\":\"Regale &amp; Aufbewahrung\",\"item\":\"https:\/\/hubsch-interior.com\/de\/produkt-kategorie\/moebel\/regale-aufbewahrung-de\/\"},{\"@type\":\"ListItem\",\"position\":5,\"name\":\"Schuhschrank\",\"item\":\"https:\/\/hubsch-interior.com\/de\/produkt-kategorie\/moebel\/regale-aufbewahrung-de\/schuhschrank-de\/\"},{\"@type\":\"ListItem\",\"position\":6,\"name\":\"Collect Schuhschrank Naturfarben\"}]},{\"@type\":\"WebSite\",\"@id\":\"https:\/\/hubsch-interior.com\/de\/#website\",\"url\":\"https:\/\/hubsch-interior.com\/de\/\",\"name\":\"H\u00fcbsch\",\"description\":\"Danish Home Interior and Design\",\"publisher\":{\"@id\":\"https:\/\/hubsch-interior.com\/de\/#organization\"},\"potentialAction\":[{\"@type\":\"SearchAction\",\"target\":{\"@type\":\"EntryPoint\",\"urlTemplate\":\"https:\/\/hubsch-interior.com\/de\/?s={search_term_string}\"},\"query-input\":{\"@type\":\"PropertyValueSpecification\",\"valueRequired\":true,\"valueName\":\"search_term_string\"}}],\"inLanguage\":\"de\"},{\"@type\":\"Organization\",\"@id\":\"https:\/\/hubsch-interior.com\/de\/#organization\",\"name\":\"H\u00fcbsch\",\"url\":\"https:\/\/hubsch-interior.com\/de\/\",\"logo\":{\"@type\":\"ImageObject\",\"inLanguage\":\"de\",\"@id\":\"https:\/\/hubsch-interior.com\/de\/#\/schema\/logo\/image\/\",\"url\":\"https:\/\/hubsch-interior.com\/wp-content\/uploads\/2022\/12\/Hubsch_logo_black_one_line.svg\",\"contentUrl\":\"https:\/\/hubsch-interior.com\/wp-content\/uploads\/2022\/12\/Hubsch_logo_black_one_line.svg\",\"caption\":\"H\u00fcbsch\"},\"image\":{\"@id\":\"https:\/\/hubsch-interior.com\/de\/#\/schema\/logo\/image\/\"}}]}<\/script>\n<!-- \/ Yoast SEO plugin. -->","yoast_head_json":{"title":"Collect Schuhschrank Naturfarben - H\u00fcbsch","description":"Der Collect Schuhschrank Naturfarben ist ein robustes und langlebiges M\u00f6belst\u00fcck. Er ist aus Eichenholz gefertigt und FSC-zertifiziert. Er ist mit zwei","robots":{"index":"index","follow":"follow","max-snippet":"max-snippet:-1","max-image-preview":"max-image-preview:large","max-video-preview":"max-video-preview:-1"},"canonical":"https:\/\/hubsch-interior.com\/de\/wp-json\/wp\/v2\/product\/39759","og_locale":"de_DE","og_type":"article","og_title":"Collect Schuhschrank Naturfarben - H\u00fcbsch","og_description":"Der Collect Schuhschrank Naturfarben ist ein robustes und langlebiges M\u00f6belst\u00fcck. Er ist aus Eichenholz gefertigt und FSC-zertifiziert. Er ist mit zwei","og_url":"https:\/\/hubsch-interior.com\/de\/produkt\/collect-schuhschrank-naturfarben\/","og_site_name":"H\u00fcbsch","article_modified_time":"2026-04-05T02:50:43+00:00","og_image":[{"width":1200,"height":1200,"url":"https:\/\/hubsch-interior.com\/wp-content\/uploads\/2023\/08\/collect-shoe-cabinet-natural-8cb1ef3ab88068ecc0c2f5368f39343c.jpg","type":"image\/jpeg"}],"twitter_card":"summary_large_image","schema":{"@context":"https:\/\/schema.org","@graph":[{"@type":"WebPage","@id":"https:\/\/hubsch-interior.com\/de\/produkt\/collect-schuhschrank-naturfarben\/","url":"https:\/\/hubsch-interior.com\/de\/produkt\/collect-schuhschrank-naturfarben\/","name":"Collect Schuhschrank Naturfarben - H\u00fcbsch","isPartOf":{"@id":"https:\/\/hubsch-interior.com\/de\/#website"},"primaryImageOfPage":{"@id":"https:\/\/hubsch-interior.com\/de\/produkt\/collect-schuhschrank-naturfarben\/#primaryimage"},"image":{"@id":"https:\/\/hubsch-interior.com\/de\/produkt\/collect-schuhschrank-naturfarben\/#primaryimage"},"thumbnailUrl":"https:\/\/hubsch-interior.com\/wp-content\/uploads\/2026\/02\/collect-shoe-cabinet-natural-f8fc40795453e54e302d04b33d0af537.jpg","datePublished":"2020-12-15T08:50:14+00:00","dateModified":"2026-04-05T02:50:43+00:00","description":"Der Collect Schuhschrank Naturfarben ist ein robustes und langlebiges M\u00f6belst\u00fcck. Er ist aus Eichenholz gefertigt und FSC-zertifiziert. Er ist mit zwei","breadcrumb":{"@id":"https:\/\/hubsch-interior.com\/de\/produkt\/collect-schuhschrank-naturfarben\/#breadcrumb"},"inLanguage":"de","potentialAction":[{"@type":"ReadAction","target":["https:\/\/hubsch-interior.com\/de\/produkt\/collect-schuhschrank-naturfarben\/"]}]},{"@type":"ImageObject","inLanguage":"de","@id":"https:\/\/hubsch-interior.com\/de\/produkt\/collect-schuhschrank-naturfarben\/#primaryimage","url":"https:\/\/hubsch-interior.com\/wp-content\/uploads\/2026\/02\/collect-shoe-cabinet-natural-f8fc40795453e54e302d04b33d0af537.jpg","contentUrl":"https:\/\/hubsch-interior.com\/wp-content\/uploads\/2026\/02\/collect-shoe-cabinet-natural-f8fc40795453e54e302d04b33d0af537.jpg","width":1024,"height":1024},{"@type":"BreadcrumbList","@id":"https:\/\/hubsch-interior.com\/de\/produkt\/collect-schuhschrank-naturfarben\/#breadcrumb","itemListElement":[{"@type":"ListItem","position":1,"name":"Startseite","item":"https:\/\/hubsch-interior.com\/de\/"},{"@type":"ListItem","position":2,"name":"Produkte","item":"https:\/\/hubsch-interior.com\/de\/shop-2\/"},{"@type":"ListItem","position":3,"name":"M\u00f6bel","item":"https:\/\/hubsch-interior.com\/de\/produkt-kategorie\/moebel\/"},{"@type":"ListItem","position":4,"name":"Regale &amp; Aufbewahrung","item":"https:\/\/hubsch-interior.com\/de\/produkt-kategorie\/moebel\/regale-aufbewahrung-de\/"},{"@type":"ListItem","position":5,"name":"Schuhschrank","item":"https:\/\/hubsch-interior.com\/de\/produkt-kategorie\/moebel\/regale-aufbewahrung-de\/schuhschrank-de\/"},{"@type":"ListItem","position":6,"name":"Collect Schuhschrank Naturfarben"}]},{"@type":"WebSite","@id":"https:\/\/hubsch-interior.com\/de\/#website","url":"https:\/\/hubsch-interior.com\/de\/","name":"H\u00fcbsch","description":"Danish Home Interior and Design","publisher":{"@id":"https:\/\/hubsch-interior.com\/de\/#organization"},"potentialAction":[{"@type":"SearchAction","target":{"@type":"EntryPoint","urlTemplate":"https:\/\/hubsch-interior.com\/de\/?s={search_term_string}"},"query-input":{"@type":"PropertyValueSpecification","valueRequired":true,"valueName":"search_term_string"}}],"inLanguage":"de"},{"@type":"Organization","@id":"https:\/\/hubsch-interior.com\/de\/#organization","name":"H\u00fcbsch","url":"https:\/\/hubsch-interior.com\/de\/","logo":{"@type":"ImageObject","inLanguage":"de","@id":"https:\/\/hubsch-interior.com\/de\/#\/schema\/logo\/image\/","url":"https:\/\/hubsch-interior.com\/wp-content\/uploads\/2022\/12\/Hubsch_logo_black_one_line.svg","contentUrl":"https:\/\/hubsch-interior.com\/wp-content\/uploads\/2022\/12\/Hubsch_logo_black_one_line.svg","caption":"H\u00fcbsch"},"image":{"@id":"https:\/\/hubsch-interior.com\/de\/#\/schema\/logo\/image\/"}}]}},"_links":{"self":[{"href":"https:\/\/hubsch-interior.com\/de\/wp-json\/wp\/v2\/product\/39759","targetHints":{"allow":["GET"]}}],"collection":[{"href":"https:\/\/hubsch-interior.com\/de\/wp-json\/wp\/v2\/product"}],"about":[{"href":"https:\/\/hubsch-interior.com\/de\/wp-json\/wp\/v2\/types\/product"}],"wp:featuredmedia":[{"embeddable":true,"href":"https:\/\/hubsch-interior.com\/de\/wp-json\/wp\/v2\/media\/1102281"}],"wp:attachment":[{"href":"https:\/\/hubsch-interior.com\/de\/wp-json\/wp\/v2\/media?parent=39759"}],"wp:term":[{"taxonomy":"product_brand","embeddable":true,"href":"https:\/\/hubsch-interior.com\/de\/wp-json\/wp\/v2\/product_brand?post=39759"},{"taxonomy":"product_cat","embeddable":true,"href":"https:\/\/hubsch-interior.com\/de\/wp-json\/wp\/v2\/product_cat?post=39759"},{"taxonomy":"product_tag","embeddable":true,"href":"https:\/\/hubsch-interior.com\/de\/wp-json\/wp\/v2\/product_tag?post=39759"}],"curies":[{"name":"wp","href":"https:\/\/api.w.org\/{rel}","templated":true}]}}