{"id":397769,"date":"2021-06-04T10:54:26","date_gmt":"2021-06-04T08:54:26","guid":{"rendered":"https:\/\/hubsch-interior.com\/shop-b2c\/product\/product-6\/"},"modified":"2026-04-11T04:15:10","modified_gmt":"2026-04-11T02:15:10","slug":"edge-schrank-dobbelt-schwarz","status":"publish","type":"product","link":"https:\/\/hubsch-interior.com\/de\/produkt\/edge-schrank-dobbelt-schwarz\/","title":{"rendered":"Edge Schrank Dobbelt Schwarz"},"content":{"rendered":"<p>Der Schrank besteht aus schwarzem Metall und bietet viel Platz zum Aufbewahren und Platzieren Ihrer Sachen. Verwenden Sie ihn f\u00fcr Ihre Gl\u00e4ser oder Geschirr in der K\u00fcche, Ihre Vasen und B\u00fccher im Wohnzimmer, Ihre Handt\u00fccher im Badezimmer und vieles mehr. Die M\u00f6glichkeiten mit diesem Schrank scheinen endlos. Das schwarze Metall verleiht dem Schrank ein modernes Aussehen.<\/p>\n","protected":false},"excerpt":{"rendered":"<p>Der Schrank besteht aus schwarzem Metall und bietet viel Platz zum Aufbewahren und Platzieren Ihrer Sachen. Verwenden Sie ihn f\u00fcr Ihre Gl\u00e4ser oder Geschirr in der K\u00fcche, Ihre Vasen und B\u00fccher im Wohnzimmer, Ihre Handt\u00fccher im Badezimmer und vieles mehr. Die M\u00f6glichkeiten mit diesem Schrank scheinen endlos. Das schwarze Metall verleiht dem Schrank ein modernes [&hellip;]<\/p>\n","protected":false},"featured_media":1092527,"template":"","meta":{"_acf_changed":false,"inline_featured_image":false},"product_brand":[],"product_cat":[4003,4004],"product_tag":[],"class_list":{"0":"post-397769","1":"product","2":"type-product","3":"status-publish","4":"has-post-thumbnail","6":"product_cat-regale-aufbewahrung-de","7":"product_cat-vitrinen-de","8":"product_shipping_class-p10","10":"pa_color-schwarz","11":"pa_material-eisen-de","13":"first","14":"instock","15":"taxable","16":"shipping-taxable","17":"purchasable","18":"product-type-simple"},"exclude_global_add_ons":[],"addons":[],"acf":[],"yoast_head":"<!-- This site is optimized with the Yoast SEO plugin v26.4 - https:\/\/yoast.com\/wordpress\/plugins\/seo\/ -->\n<title>Edge Schrank Dobbelt Schwarz - H\u00fcbsch<\/title>\n<meta name=\"description\" content=\"Der Schrank besteht aus schwarzem Metall und bietet viel Platz zum Aufbewahren und Platzieren Ihrer Sachen. Verwenden Sie ihn f\u00fcr Ihre Gl\u00e4ser oder\" \/>\n<meta name=\"robots\" content=\"index, follow, max-snippet:-1, max-image-preview:large, max-video-preview:-1\" \/>\n<link rel=\"canonical\" href=\"https:\/\/hubsch-interior.com\/de\/wp-json\/wp\/v2\/product\/397769\" \/>\n<meta property=\"og:locale\" content=\"de_DE\" \/>\n<meta property=\"og:type\" content=\"article\" \/>\n<meta property=\"og:title\" content=\"Edge Schrank Dobbelt Schwarz - H\u00fcbsch\" \/>\n<meta property=\"og:description\" content=\"Der Schrank besteht aus schwarzem Metall und bietet viel Platz zum Aufbewahren und Platzieren Ihrer Sachen. Verwenden Sie ihn f\u00fcr Ihre Gl\u00e4ser oder\" \/>\n<meta property=\"og:url\" content=\"https:\/\/hubsch-interior.com\/de\/produkt\/edge-schrank-dobbelt-schwarz\/\" \/>\n<meta property=\"og:site_name\" content=\"H\u00fcbsch\" \/>\n<meta property=\"article:modified_time\" content=\"2026-04-11T02:15:10+00:00\" \/>\n<meta property=\"og:image\" content=\"https:\/\/hubsch-interior.com\/wp-content\/uploads\/2024\/04\/edge-cabinet-double-black-b06442ec2aea9a6e44cf75ee7c500fca.jpg\" \/>\n\t<meta property=\"og:image:width\" content=\"1200\" \/>\n\t<meta property=\"og:image:height\" content=\"1200\" \/>\n\t<meta property=\"og:image:type\" content=\"image\/jpeg\" \/>\n<meta name=\"twitter:card\" content=\"summary_large_image\" \/>\n<script type=\"application\/ld+json\" class=\"yoast-schema-graph\">{\"@context\":\"https:\/\/schema.org\",\"@graph\":[{\"@type\":\"WebPage\",\"@id\":\"https:\/\/hubsch-interior.com\/de\/produkt\/edge-schrank-dobbelt-schwarz\/\",\"url\":\"https:\/\/hubsch-interior.com\/de\/produkt\/edge-schrank-dobbelt-schwarz\/\",\"name\":\"Edge Schrank Dobbelt Schwarz - H\u00fcbsch\",\"isPartOf\":{\"@id\":\"https:\/\/hubsch-interior.com\/de\/#website\"},\"primaryImageOfPage\":{\"@id\":\"https:\/\/hubsch-interior.com\/de\/produkt\/edge-schrank-dobbelt-schwarz\/#primaryimage\"},\"image\":{\"@id\":\"https:\/\/hubsch-interior.com\/de\/produkt\/edge-schrank-dobbelt-schwarz\/#primaryimage\"},\"thumbnailUrl\":\"https:\/\/hubsch-interior.com\/wp-content\/uploads\/2026\/02\/edge-cabinet-double-black-92e5ede60e376fae4285ff31331e8123.jpg\",\"datePublished\":\"2021-06-04T08:54:26+00:00\",\"dateModified\":\"2026-04-11T02:15:10+00:00\",\"description\":\"Der Schrank besteht aus schwarzem Metall und bietet viel Platz zum Aufbewahren und Platzieren Ihrer Sachen. Verwenden Sie ihn f\u00fcr Ihre Gl\u00e4ser oder\",\"breadcrumb\":{\"@id\":\"https:\/\/hubsch-interior.com\/de\/produkt\/edge-schrank-dobbelt-schwarz\/#breadcrumb\"},\"inLanguage\":\"de\",\"potentialAction\":[{\"@type\":\"ReadAction\",\"target\":[\"https:\/\/hubsch-interior.com\/de\/produkt\/edge-schrank-dobbelt-schwarz\/\"]}]},{\"@type\":\"ImageObject\",\"inLanguage\":\"de\",\"@id\":\"https:\/\/hubsch-interior.com\/de\/produkt\/edge-schrank-dobbelt-schwarz\/#primaryimage\",\"url\":\"https:\/\/hubsch-interior.com\/wp-content\/uploads\/2026\/02\/edge-cabinet-double-black-92e5ede60e376fae4285ff31331e8123.jpg\",\"contentUrl\":\"https:\/\/hubsch-interior.com\/wp-content\/uploads\/2026\/02\/edge-cabinet-double-black-92e5ede60e376fae4285ff31331e8123.jpg\",\"width\":1024,\"height\":1024},{\"@type\":\"BreadcrumbList\",\"@id\":\"https:\/\/hubsch-interior.com\/de\/produkt\/edge-schrank-dobbelt-schwarz\/#breadcrumb\",\"itemListElement\":[{\"@type\":\"ListItem\",\"position\":1,\"name\":\"Startseite\",\"item\":\"https:\/\/hubsch-interior.com\/de\/\"},{\"@type\":\"ListItem\",\"position\":2,\"name\":\"Produkte\",\"item\":\"https:\/\/hubsch-interior.com\/de\/shop-2\/\"},{\"@type\":\"ListItem\",\"position\":3,\"name\":\"M\u00f6bel\",\"item\":\"https:\/\/hubsch-interior.com\/de\/produkt-kategorie\/moebel\/\"},{\"@type\":\"ListItem\",\"position\":4,\"name\":\"Regale &amp; Aufbewahrung\",\"item\":\"https:\/\/hubsch-interior.com\/de\/produkt-kategorie\/moebel\/regale-aufbewahrung-de\/\"},{\"@type\":\"ListItem\",\"position\":5,\"name\":\"Edge Schrank Dobbelt Schwarz\"}]},{\"@type\":\"WebSite\",\"@id\":\"https:\/\/hubsch-interior.com\/de\/#website\",\"url\":\"https:\/\/hubsch-interior.com\/de\/\",\"name\":\"H\u00fcbsch\",\"description\":\"Danish Home Interior and Design\",\"publisher\":{\"@id\":\"https:\/\/hubsch-interior.com\/de\/#organization\"},\"potentialAction\":[{\"@type\":\"SearchAction\",\"target\":{\"@type\":\"EntryPoint\",\"urlTemplate\":\"https:\/\/hubsch-interior.com\/de\/?s={search_term_string}\"},\"query-input\":{\"@type\":\"PropertyValueSpecification\",\"valueRequired\":true,\"valueName\":\"search_term_string\"}}],\"inLanguage\":\"de\"},{\"@type\":\"Organization\",\"@id\":\"https:\/\/hubsch-interior.com\/de\/#organization\",\"name\":\"H\u00fcbsch\",\"url\":\"https:\/\/hubsch-interior.com\/de\/\",\"logo\":{\"@type\":\"ImageObject\",\"inLanguage\":\"de\",\"@id\":\"https:\/\/hubsch-interior.com\/de\/#\/schema\/logo\/image\/\",\"url\":\"https:\/\/hubsch-interior.com\/wp-content\/uploads\/2022\/12\/Hubsch_logo_black_one_line.svg\",\"contentUrl\":\"https:\/\/hubsch-interior.com\/wp-content\/uploads\/2022\/12\/Hubsch_logo_black_one_line.svg\",\"caption\":\"H\u00fcbsch\"},\"image\":{\"@id\":\"https:\/\/hubsch-interior.com\/de\/#\/schema\/logo\/image\/\"}}]}<\/script>\n<!-- \/ Yoast SEO plugin. -->","yoast_head_json":{"title":"Edge Schrank Dobbelt Schwarz - H\u00fcbsch","description":"Der Schrank besteht aus schwarzem Metall und bietet viel Platz zum Aufbewahren und Platzieren Ihrer Sachen. Verwenden Sie ihn f\u00fcr Ihre Gl\u00e4ser oder","robots":{"index":"index","follow":"follow","max-snippet":"max-snippet:-1","max-image-preview":"max-image-preview:large","max-video-preview":"max-video-preview:-1"},"canonical":"https:\/\/hubsch-interior.com\/de\/wp-json\/wp\/v2\/product\/397769","og_locale":"de_DE","og_type":"article","og_title":"Edge Schrank Dobbelt Schwarz - H\u00fcbsch","og_description":"Der Schrank besteht aus schwarzem Metall und bietet viel Platz zum Aufbewahren und Platzieren Ihrer Sachen. Verwenden Sie ihn f\u00fcr Ihre Gl\u00e4ser oder","og_url":"https:\/\/hubsch-interior.com\/de\/produkt\/edge-schrank-dobbelt-schwarz\/","og_site_name":"H\u00fcbsch","article_modified_time":"2026-04-11T02:15:10+00:00","og_image":[{"width":1200,"height":1200,"url":"https:\/\/hubsch-interior.com\/wp-content\/uploads\/2024\/04\/edge-cabinet-double-black-b06442ec2aea9a6e44cf75ee7c500fca.jpg","type":"image\/jpeg"}],"twitter_card":"summary_large_image","schema":{"@context":"https:\/\/schema.org","@graph":[{"@type":"WebPage","@id":"https:\/\/hubsch-interior.com\/de\/produkt\/edge-schrank-dobbelt-schwarz\/","url":"https:\/\/hubsch-interior.com\/de\/produkt\/edge-schrank-dobbelt-schwarz\/","name":"Edge Schrank Dobbelt Schwarz - H\u00fcbsch","isPartOf":{"@id":"https:\/\/hubsch-interior.com\/de\/#website"},"primaryImageOfPage":{"@id":"https:\/\/hubsch-interior.com\/de\/produkt\/edge-schrank-dobbelt-schwarz\/#primaryimage"},"image":{"@id":"https:\/\/hubsch-interior.com\/de\/produkt\/edge-schrank-dobbelt-schwarz\/#primaryimage"},"thumbnailUrl":"https:\/\/hubsch-interior.com\/wp-content\/uploads\/2026\/02\/edge-cabinet-double-black-92e5ede60e376fae4285ff31331e8123.jpg","datePublished":"2021-06-04T08:54:26+00:00","dateModified":"2026-04-11T02:15:10+00:00","description":"Der Schrank besteht aus schwarzem Metall und bietet viel Platz zum Aufbewahren und Platzieren Ihrer Sachen. Verwenden Sie ihn f\u00fcr Ihre Gl\u00e4ser oder","breadcrumb":{"@id":"https:\/\/hubsch-interior.com\/de\/produkt\/edge-schrank-dobbelt-schwarz\/#breadcrumb"},"inLanguage":"de","potentialAction":[{"@type":"ReadAction","target":["https:\/\/hubsch-interior.com\/de\/produkt\/edge-schrank-dobbelt-schwarz\/"]}]},{"@type":"ImageObject","inLanguage":"de","@id":"https:\/\/hubsch-interior.com\/de\/produkt\/edge-schrank-dobbelt-schwarz\/#primaryimage","url":"https:\/\/hubsch-interior.com\/wp-content\/uploads\/2026\/02\/edge-cabinet-double-black-92e5ede60e376fae4285ff31331e8123.jpg","contentUrl":"https:\/\/hubsch-interior.com\/wp-content\/uploads\/2026\/02\/edge-cabinet-double-black-92e5ede60e376fae4285ff31331e8123.jpg","width":1024,"height":1024},{"@type":"BreadcrumbList","@id":"https:\/\/hubsch-interior.com\/de\/produkt\/edge-schrank-dobbelt-schwarz\/#breadcrumb","itemListElement":[{"@type":"ListItem","position":1,"name":"Startseite","item":"https:\/\/hubsch-interior.com\/de\/"},{"@type":"ListItem","position":2,"name":"Produkte","item":"https:\/\/hubsch-interior.com\/de\/shop-2\/"},{"@type":"ListItem","position":3,"name":"M\u00f6bel","item":"https:\/\/hubsch-interior.com\/de\/produkt-kategorie\/moebel\/"},{"@type":"ListItem","position":4,"name":"Regale &amp; Aufbewahrung","item":"https:\/\/hubsch-interior.com\/de\/produkt-kategorie\/moebel\/regale-aufbewahrung-de\/"},{"@type":"ListItem","position":5,"name":"Edge Schrank Dobbelt Schwarz"}]},{"@type":"WebSite","@id":"https:\/\/hubsch-interior.com\/de\/#website","url":"https:\/\/hubsch-interior.com\/de\/","name":"H\u00fcbsch","description":"Danish Home Interior and Design","publisher":{"@id":"https:\/\/hubsch-interior.com\/de\/#organization"},"potentialAction":[{"@type":"SearchAction","target":{"@type":"EntryPoint","urlTemplate":"https:\/\/hubsch-interior.com\/de\/?s={search_term_string}"},"query-input":{"@type":"PropertyValueSpecification","valueRequired":true,"valueName":"search_term_string"}}],"inLanguage":"de"},{"@type":"Organization","@id":"https:\/\/hubsch-interior.com\/de\/#organization","name":"H\u00fcbsch","url":"https:\/\/hubsch-interior.com\/de\/","logo":{"@type":"ImageObject","inLanguage":"de","@id":"https:\/\/hubsch-interior.com\/de\/#\/schema\/logo\/image\/","url":"https:\/\/hubsch-interior.com\/wp-content\/uploads\/2022\/12\/Hubsch_logo_black_one_line.svg","contentUrl":"https:\/\/hubsch-interior.com\/wp-content\/uploads\/2022\/12\/Hubsch_logo_black_one_line.svg","caption":"H\u00fcbsch"},"image":{"@id":"https:\/\/hubsch-interior.com\/de\/#\/schema\/logo\/image\/"}}]}},"_links":{"self":[{"href":"https:\/\/hubsch-interior.com\/de\/wp-json\/wp\/v2\/product\/397769","targetHints":{"allow":["GET"]}}],"collection":[{"href":"https:\/\/hubsch-interior.com\/de\/wp-json\/wp\/v2\/product"}],"about":[{"href":"https:\/\/hubsch-interior.com\/de\/wp-json\/wp\/v2\/types\/product"}],"wp:featuredmedia":[{"embeddable":true,"href":"https:\/\/hubsch-interior.com\/de\/wp-json\/wp\/v2\/media\/1092527"}],"wp:attachment":[{"href":"https:\/\/hubsch-interior.com\/de\/wp-json\/wp\/v2\/media?parent=397769"}],"wp:term":[{"taxonomy":"product_brand","embeddable":true,"href":"https:\/\/hubsch-interior.com\/de\/wp-json\/wp\/v2\/product_brand?post=397769"},{"taxonomy":"product_cat","embeddable":true,"href":"https:\/\/hubsch-interior.com\/de\/wp-json\/wp\/v2\/product_cat?post=397769"},{"taxonomy":"product_tag","embeddable":true,"href":"https:\/\/hubsch-interior.com\/de\/wp-json\/wp\/v2\/product_tag?post=397769"}],"curies":[{"name":"wp","href":"https:\/\/api.w.org\/{rel}","templated":true}]}}