{"id":39779,"date":"2020-12-15T09:50:18","date_gmt":"2020-12-15T08:50:18","guid":{"rendered":"https:\/\/hubsch-interior.com\/product\/product-19\/"},"modified":"2026-04-09T04:49:00","modified_gmt":"2026-04-09T02:49:00","slug":"spectacle-vitrine-naturfarben","status":"publish","type":"product","link":"https:\/\/hubsch-interior.com\/de\/produkt\/spectacle-vitrine-naturfarben\/","title":{"rendered":"Spectacle Vitrine Naturfarben"},"content":{"rendered":"<p>Spectacle Vitrine Naturfarben ist eine stilvolle Vitrine, die aus nat\u00fcrlichen Materialien wie Glas und Eichenholz hergestellt ist. Sie ist FSC-zertifiziert und macht sich perfekt in einem Wohnzimmer oder einer K\u00fcche. Dank der Langlebigkeit von Glas und Holz ist die Vitrine sehr stabil und robust. Mit ihr k\u00f6nnen Sie Ihre wertvollsten Gegenst\u00e4nde stilvoll in Szene setzen. Diese Vitrine ist ein wahres Kunstwerk und schafft eine \u00e4sthetische Atmosph\u00e4re in Ihrem Zuhause.<\/p>\n","protected":false},"excerpt":{"rendered":"<p>Spectacle Vitrine Naturfarben ist eine stilvolle Vitrine, die aus nat\u00fcrlichen Materialien wie Glas und Eichenholz hergestellt ist. Sie ist FSC-zertifiziert und macht sich perfekt in einem Wohnzimmer oder einer K\u00fcche. Dank der Langlebigkeit von Glas und Holz ist die Vitrine sehr stabil und robust. Mit ihr k\u00f6nnen Sie Ihre wertvollsten Gegenst\u00e4nde stilvoll in Szene setzen. [&hellip;]<\/p>\n","protected":false},"featured_media":1102304,"template":"","meta":{"_acf_changed":false,"inline_featured_image":false},"product_brand":[],"product_cat":[6323,3111,3646,5027],"product_tag":[],"class_list":{"0":"post-39779","1":"product","2":"type-product","3":"status-publish","4":"has-post-thumbnail","6":"product_cat-fsc-de","7":"product_cat-aufbewahrung-de","8":"product_cat-kisten-de","9":"product_cat-bestsellers-de","10":"product_shipping_class-pk","12":"pa_color-naturfarben-2","13":"pa_material-glas-de","14":"pa_material-eichenholz","16":"first","17":"instock","18":"featured","19":"taxable","20":"shipping-taxable","21":"purchasable","22":"product-type-simple"},"exclude_global_add_ons":[],"addons":[],"acf":[],"yoast_head":"<!-- This site is optimized with the Yoast SEO plugin v26.4 - https:\/\/yoast.com\/wordpress\/plugins\/seo\/ -->\n<title>Spectacle Vitrine Naturfarben - H\u00fcbsch<\/title>\n<meta name=\"description\" content=\"Spectacle Vitrine Naturfarben ist eine stilvolle Vitrine, die aus nat\u00fcrlichen Materialien wie Glas und Eichenholz hergestellt ist. Sie ist\" \/>\n<meta name=\"robots\" content=\"index, follow, max-snippet:-1, max-image-preview:large, max-video-preview:-1\" \/>\n<link rel=\"canonical\" href=\"https:\/\/hubsch-interior.com\/de\/wp-json\/wp\/v2\/product\/39779\" \/>\n<meta property=\"og:locale\" content=\"de_DE\" \/>\n<meta property=\"og:type\" content=\"article\" \/>\n<meta property=\"og:title\" content=\"Spectacle Vitrine Naturfarben - H\u00fcbsch\" \/>\n<meta property=\"og:description\" content=\"Spectacle Vitrine Naturfarben ist eine stilvolle Vitrine, die aus nat\u00fcrlichen Materialien wie Glas und Eichenholz hergestellt ist. Sie ist\" \/>\n<meta property=\"og:url\" content=\"https:\/\/hubsch-interior.com\/de\/produkt\/spectacle-vitrine-naturfarben\/\" \/>\n<meta property=\"og:site_name\" content=\"H\u00fcbsch\" \/>\n<meta property=\"article:modified_time\" content=\"2026-04-09T02:49:00+00:00\" \/>\n<meta property=\"og:image\" content=\"https:\/\/hubsch-interior.com\/wp-content\/uploads\/2023\/08\/spectacle-display-unit-natural-eaf12b41f2291ffa762f9a39be119d18.jpg\" \/>\n\t<meta property=\"og:image:width\" content=\"1200\" \/>\n\t<meta property=\"og:image:height\" content=\"1200\" \/>\n\t<meta property=\"og:image:type\" content=\"image\/jpeg\" \/>\n<meta name=\"twitter:card\" content=\"summary_large_image\" \/>\n<script type=\"application\/ld+json\" class=\"yoast-schema-graph\">{\"@context\":\"https:\/\/schema.org\",\"@graph\":[{\"@type\":\"WebPage\",\"@id\":\"https:\/\/hubsch-interior.com\/de\/produkt\/spectacle-vitrine-naturfarben\/\",\"url\":\"https:\/\/hubsch-interior.com\/de\/produkt\/spectacle-vitrine-naturfarben\/\",\"name\":\"Spectacle Vitrine Naturfarben - H\u00fcbsch\",\"isPartOf\":{\"@id\":\"https:\/\/hubsch-interior.com\/de\/#website\"},\"primaryImageOfPage\":{\"@id\":\"https:\/\/hubsch-interior.com\/de\/produkt\/spectacle-vitrine-naturfarben\/#primaryimage\"},\"image\":{\"@id\":\"https:\/\/hubsch-interior.com\/de\/produkt\/spectacle-vitrine-naturfarben\/#primaryimage\"},\"thumbnailUrl\":\"https:\/\/hubsch-interior.com\/wp-content\/uploads\/2026\/02\/spectacle-display-unit-natural-4749c356be025c75e3fc8aa317184197.jpg\",\"datePublished\":\"2020-12-15T08:50:18+00:00\",\"dateModified\":\"2026-04-09T02:49:00+00:00\",\"description\":\"Spectacle Vitrine Naturfarben ist eine stilvolle Vitrine, die aus nat\u00fcrlichen Materialien wie Glas und Eichenholz hergestellt ist. Sie ist\",\"breadcrumb\":{\"@id\":\"https:\/\/hubsch-interior.com\/de\/produkt\/spectacle-vitrine-naturfarben\/#breadcrumb\"},\"inLanguage\":\"de\",\"potentialAction\":[{\"@type\":\"ReadAction\",\"target\":[\"https:\/\/hubsch-interior.com\/de\/produkt\/spectacle-vitrine-naturfarben\/\"]}]},{\"@type\":\"ImageObject\",\"inLanguage\":\"de\",\"@id\":\"https:\/\/hubsch-interior.com\/de\/produkt\/spectacle-vitrine-naturfarben\/#primaryimage\",\"url\":\"https:\/\/hubsch-interior.com\/wp-content\/uploads\/2026\/02\/spectacle-display-unit-natural-4749c356be025c75e3fc8aa317184197.jpg\",\"contentUrl\":\"https:\/\/hubsch-interior.com\/wp-content\/uploads\/2026\/02\/spectacle-display-unit-natural-4749c356be025c75e3fc8aa317184197.jpg\",\"width\":1024,\"height\":1024},{\"@type\":\"BreadcrumbList\",\"@id\":\"https:\/\/hubsch-interior.com\/de\/produkt\/spectacle-vitrine-naturfarben\/#breadcrumb\",\"itemListElement\":[{\"@type\":\"ListItem\",\"position\":1,\"name\":\"Startseite\",\"item\":\"https:\/\/hubsch-interior.com\/de\/\"},{\"@type\":\"ListItem\",\"position\":2,\"name\":\"Produkte\",\"item\":\"https:\/\/hubsch-interior.com\/de\/shop-2\/\"},{\"@type\":\"ListItem\",\"position\":3,\"name\":\"Wohnaccessoires\",\"item\":\"https:\/\/hubsch-interior.com\/de\/produkt-kategorie\/wohnaccessoires\/\"},{\"@type\":\"ListItem\",\"position\":4,\"name\":\"Aufbewahrung\",\"item\":\"https:\/\/hubsch-interior.com\/de\/produkt-kategorie\/wohnaccessoires\/aufbewahrung-de\/\"},{\"@type\":\"ListItem\",\"position\":5,\"name\":\"Kisten\",\"item\":\"https:\/\/hubsch-interior.com\/de\/produkt-kategorie\/wohnaccessoires\/aufbewahrung-de\/kisten-de\/\"},{\"@type\":\"ListItem\",\"position\":6,\"name\":\"Spectacle Vitrine Naturfarben\"}]},{\"@type\":\"WebSite\",\"@id\":\"https:\/\/hubsch-interior.com\/de\/#website\",\"url\":\"https:\/\/hubsch-interior.com\/de\/\",\"name\":\"H\u00fcbsch\",\"description\":\"Danish Home Interior and Design\",\"publisher\":{\"@id\":\"https:\/\/hubsch-interior.com\/de\/#organization\"},\"potentialAction\":[{\"@type\":\"SearchAction\",\"target\":{\"@type\":\"EntryPoint\",\"urlTemplate\":\"https:\/\/hubsch-interior.com\/de\/?s={search_term_string}\"},\"query-input\":{\"@type\":\"PropertyValueSpecification\",\"valueRequired\":true,\"valueName\":\"search_term_string\"}}],\"inLanguage\":\"de\"},{\"@type\":\"Organization\",\"@id\":\"https:\/\/hubsch-interior.com\/de\/#organization\",\"name\":\"H\u00fcbsch\",\"url\":\"https:\/\/hubsch-interior.com\/de\/\",\"logo\":{\"@type\":\"ImageObject\",\"inLanguage\":\"de\",\"@id\":\"https:\/\/hubsch-interior.com\/de\/#\/schema\/logo\/image\/\",\"url\":\"https:\/\/hubsch-interior.com\/wp-content\/uploads\/2022\/12\/Hubsch_logo_black_one_line.svg\",\"contentUrl\":\"https:\/\/hubsch-interior.com\/wp-content\/uploads\/2022\/12\/Hubsch_logo_black_one_line.svg\",\"caption\":\"H\u00fcbsch\"},\"image\":{\"@id\":\"https:\/\/hubsch-interior.com\/de\/#\/schema\/logo\/image\/\"}}]}<\/script>\n<!-- \/ Yoast SEO plugin. -->","yoast_head_json":{"title":"Spectacle Vitrine Naturfarben - H\u00fcbsch","description":"Spectacle Vitrine Naturfarben ist eine stilvolle Vitrine, die aus nat\u00fcrlichen Materialien wie Glas und Eichenholz hergestellt ist. Sie ist","robots":{"index":"index","follow":"follow","max-snippet":"max-snippet:-1","max-image-preview":"max-image-preview:large","max-video-preview":"max-video-preview:-1"},"canonical":"https:\/\/hubsch-interior.com\/de\/wp-json\/wp\/v2\/product\/39779","og_locale":"de_DE","og_type":"article","og_title":"Spectacle Vitrine Naturfarben - H\u00fcbsch","og_description":"Spectacle Vitrine Naturfarben ist eine stilvolle Vitrine, die aus nat\u00fcrlichen Materialien wie Glas und Eichenholz hergestellt ist. Sie ist","og_url":"https:\/\/hubsch-interior.com\/de\/produkt\/spectacle-vitrine-naturfarben\/","og_site_name":"H\u00fcbsch","article_modified_time":"2026-04-09T02:49:00+00:00","og_image":[{"width":1200,"height":1200,"url":"https:\/\/hubsch-interior.com\/wp-content\/uploads\/2023\/08\/spectacle-display-unit-natural-eaf12b41f2291ffa762f9a39be119d18.jpg","type":"image\/jpeg"}],"twitter_card":"summary_large_image","schema":{"@context":"https:\/\/schema.org","@graph":[{"@type":"WebPage","@id":"https:\/\/hubsch-interior.com\/de\/produkt\/spectacle-vitrine-naturfarben\/","url":"https:\/\/hubsch-interior.com\/de\/produkt\/spectacle-vitrine-naturfarben\/","name":"Spectacle Vitrine Naturfarben - H\u00fcbsch","isPartOf":{"@id":"https:\/\/hubsch-interior.com\/de\/#website"},"primaryImageOfPage":{"@id":"https:\/\/hubsch-interior.com\/de\/produkt\/spectacle-vitrine-naturfarben\/#primaryimage"},"image":{"@id":"https:\/\/hubsch-interior.com\/de\/produkt\/spectacle-vitrine-naturfarben\/#primaryimage"},"thumbnailUrl":"https:\/\/hubsch-interior.com\/wp-content\/uploads\/2026\/02\/spectacle-display-unit-natural-4749c356be025c75e3fc8aa317184197.jpg","datePublished":"2020-12-15T08:50:18+00:00","dateModified":"2026-04-09T02:49:00+00:00","description":"Spectacle Vitrine Naturfarben ist eine stilvolle Vitrine, die aus nat\u00fcrlichen Materialien wie Glas und Eichenholz hergestellt ist. Sie ist","breadcrumb":{"@id":"https:\/\/hubsch-interior.com\/de\/produkt\/spectacle-vitrine-naturfarben\/#breadcrumb"},"inLanguage":"de","potentialAction":[{"@type":"ReadAction","target":["https:\/\/hubsch-interior.com\/de\/produkt\/spectacle-vitrine-naturfarben\/"]}]},{"@type":"ImageObject","inLanguage":"de","@id":"https:\/\/hubsch-interior.com\/de\/produkt\/spectacle-vitrine-naturfarben\/#primaryimage","url":"https:\/\/hubsch-interior.com\/wp-content\/uploads\/2026\/02\/spectacle-display-unit-natural-4749c356be025c75e3fc8aa317184197.jpg","contentUrl":"https:\/\/hubsch-interior.com\/wp-content\/uploads\/2026\/02\/spectacle-display-unit-natural-4749c356be025c75e3fc8aa317184197.jpg","width":1024,"height":1024},{"@type":"BreadcrumbList","@id":"https:\/\/hubsch-interior.com\/de\/produkt\/spectacle-vitrine-naturfarben\/#breadcrumb","itemListElement":[{"@type":"ListItem","position":1,"name":"Startseite","item":"https:\/\/hubsch-interior.com\/de\/"},{"@type":"ListItem","position":2,"name":"Produkte","item":"https:\/\/hubsch-interior.com\/de\/shop-2\/"},{"@type":"ListItem","position":3,"name":"Wohnaccessoires","item":"https:\/\/hubsch-interior.com\/de\/produkt-kategorie\/wohnaccessoires\/"},{"@type":"ListItem","position":4,"name":"Aufbewahrung","item":"https:\/\/hubsch-interior.com\/de\/produkt-kategorie\/wohnaccessoires\/aufbewahrung-de\/"},{"@type":"ListItem","position":5,"name":"Kisten","item":"https:\/\/hubsch-interior.com\/de\/produkt-kategorie\/wohnaccessoires\/aufbewahrung-de\/kisten-de\/"},{"@type":"ListItem","position":6,"name":"Spectacle Vitrine Naturfarben"}]},{"@type":"WebSite","@id":"https:\/\/hubsch-interior.com\/de\/#website","url":"https:\/\/hubsch-interior.com\/de\/","name":"H\u00fcbsch","description":"Danish Home Interior and Design","publisher":{"@id":"https:\/\/hubsch-interior.com\/de\/#organization"},"potentialAction":[{"@type":"SearchAction","target":{"@type":"EntryPoint","urlTemplate":"https:\/\/hubsch-interior.com\/de\/?s={search_term_string}"},"query-input":{"@type":"PropertyValueSpecification","valueRequired":true,"valueName":"search_term_string"}}],"inLanguage":"de"},{"@type":"Organization","@id":"https:\/\/hubsch-interior.com\/de\/#organization","name":"H\u00fcbsch","url":"https:\/\/hubsch-interior.com\/de\/","logo":{"@type":"ImageObject","inLanguage":"de","@id":"https:\/\/hubsch-interior.com\/de\/#\/schema\/logo\/image\/","url":"https:\/\/hubsch-interior.com\/wp-content\/uploads\/2022\/12\/Hubsch_logo_black_one_line.svg","contentUrl":"https:\/\/hubsch-interior.com\/wp-content\/uploads\/2022\/12\/Hubsch_logo_black_one_line.svg","caption":"H\u00fcbsch"},"image":{"@id":"https:\/\/hubsch-interior.com\/de\/#\/schema\/logo\/image\/"}}]}},"_links":{"self":[{"href":"https:\/\/hubsch-interior.com\/de\/wp-json\/wp\/v2\/product\/39779","targetHints":{"allow":["GET"]}}],"collection":[{"href":"https:\/\/hubsch-interior.com\/de\/wp-json\/wp\/v2\/product"}],"about":[{"href":"https:\/\/hubsch-interior.com\/de\/wp-json\/wp\/v2\/types\/product"}],"wp:featuredmedia":[{"embeddable":true,"href":"https:\/\/hubsch-interior.com\/de\/wp-json\/wp\/v2\/media\/1102304"}],"wp:attachment":[{"href":"https:\/\/hubsch-interior.com\/de\/wp-json\/wp\/v2\/media?parent=39779"}],"wp:term":[{"taxonomy":"product_brand","embeddable":true,"href":"https:\/\/hubsch-interior.com\/de\/wp-json\/wp\/v2\/product_brand?post=39779"},{"taxonomy":"product_cat","embeddable":true,"href":"https:\/\/hubsch-interior.com\/de\/wp-json\/wp\/v2\/product_cat?post=39779"},{"taxonomy":"product_tag","embeddable":true,"href":"https:\/\/hubsch-interior.com\/de\/wp-json\/wp\/v2\/product_tag?post=39779"}],"curies":[{"name":"wp","href":"https:\/\/api.w.org\/{rel}","templated":true}]}}