{"id":398333,"date":"2021-06-13T22:33:35","date_gmt":"2021-06-13T20:33:35","guid":{"rendered":"https:\/\/hubsch-interior.com\/shop-b2c\/product\/product\/"},"modified":"2026-04-09T04:16:50","modified_gmt":"2026-04-09T02:16:50","slug":"eyrie-loungestuhl-braun","status":"publish","type":"product","link":"https:\/\/hubsch-interior.com\/de\/produkt\/eyrie-loungestuhl-braun\/","title":{"rendered":"Eyrie Loungestuhl Braun"},"content":{"rendered":"<p>Dieser Loungesessel bringt das Faulenzen auf ein neues Level. Kurvenreich und doch minimalistisch und ger\u00e4umig. Dieser h\u00fcbsche braune Loungesessel aus 100 % Polyester mit frechem, zartgelbem Stahlgestell ist ein echter Hingucker. Und gem\u00fctlich ist er auch. Sie m\u00f6chten sich beim Sitzen frei bewegen k\u00f6nnen? Dann ist dieser Sessel mit seiner breiten und ger\u00e4umigen Sitzfl\u00e4che genau das Richtige f\u00fcr Sie.<\/p>\n","protected":false},"excerpt":{"rendered":"<p>Dieser Loungesessel bringt das Faulenzen auf ein neues Level. Kurvenreich und doch minimalistisch und ger\u00e4umig. Dieser h\u00fcbsche braune Loungesessel aus 100 % Polyester mit frechem, zartgelbem Stahlgestell ist ein echter Hingucker. Und gem\u00fctlich ist er auch. Sie m\u00f6chten sich beim Sitzen frei bewegen k\u00f6nnen? Dann ist dieser Sessel mit seiner breiten und ger\u00e4umigen Sitzfl\u00e4che genau [&hellip;]<\/p>\n","protected":false},"featured_media":1092648,"template":"","meta":{"_acf_changed":false,"inline_featured_image":false},"product_brand":[],"product_cat":[2845,3024],"product_tag":[],"class_list":{"0":"post-398333","1":"product","2":"type-product","3":"status-publish","4":"has-post-thumbnail","6":"product_cat-sitzmoebel-de","7":"product_cat-loungestuehle-de","8":"product_shipping_class-p10","10":"pa_color-braun","11":"pa_material-polyester-100-de","12":"pa_material-stahl","14":"first","15":"instock","16":"taxable","17":"shipping-taxable","18":"purchasable","19":"product-type-simple"},"exclude_global_add_ons":[],"addons":[],"acf":[],"yoast_head":"<!-- This site is optimized with the Yoast SEO plugin v26.4 - https:\/\/yoast.com\/wordpress\/plugins\/seo\/ -->\n<title>Eyrie Loungestuhl Braun - H\u00fcbsch<\/title>\n<meta name=\"description\" content=\"Dieser Loungesessel bringt das Faulenzen auf ein neues Level. Kurvenreich und doch minimalistisch und ger\u00e4umig. Dieser h\u00fcbsche braune Loungesessel aus 100\" \/>\n<meta name=\"robots\" content=\"index, follow, max-snippet:-1, max-image-preview:large, max-video-preview:-1\" \/>\n<link rel=\"canonical\" href=\"https:\/\/hubsch-interior.com\/de\/wp-json\/wp\/v2\/product\/398333\" \/>\n<meta property=\"og:locale\" content=\"de_DE\" \/>\n<meta property=\"og:type\" content=\"article\" \/>\n<meta property=\"og:title\" content=\"Eyrie Loungestuhl Braun - H\u00fcbsch\" \/>\n<meta property=\"og:description\" content=\"Dieser Loungesessel bringt das Faulenzen auf ein neues Level. Kurvenreich und doch minimalistisch und ger\u00e4umig. Dieser h\u00fcbsche braune Loungesessel aus 100\" \/>\n<meta property=\"og:url\" content=\"https:\/\/hubsch-interior.com\/de\/produkt\/eyrie-loungestuhl-braun\/\" \/>\n<meta property=\"og:site_name\" content=\"H\u00fcbsch\" \/>\n<meta property=\"article:modified_time\" content=\"2026-04-09T02:16:50+00:00\" \/>\n<meta property=\"og:image\" content=\"https:\/\/hubsch-interior.com\/wp-content\/uploads\/2023\/11\/eyrie-lounge-chair-brown-1e407eb96a5f23e9fbe4def2ec730863.jpg\" \/>\n\t<meta property=\"og:image:width\" content=\"1200\" \/>\n\t<meta property=\"og:image:height\" content=\"1200\" \/>\n\t<meta property=\"og:image:type\" content=\"image\/jpeg\" \/>\n<meta name=\"twitter:card\" content=\"summary_large_image\" \/>\n<script type=\"application\/ld+json\" class=\"yoast-schema-graph\">{\"@context\":\"https:\/\/schema.org\",\"@graph\":[{\"@type\":\"WebPage\",\"@id\":\"https:\/\/hubsch-interior.com\/de\/produkt\/eyrie-loungestuhl-braun\/\",\"url\":\"https:\/\/hubsch-interior.com\/de\/produkt\/eyrie-loungestuhl-braun\/\",\"name\":\"Eyrie Loungestuhl Braun - H\u00fcbsch\",\"isPartOf\":{\"@id\":\"https:\/\/hubsch-interior.com\/de\/#website\"},\"primaryImageOfPage\":{\"@id\":\"https:\/\/hubsch-interior.com\/de\/produkt\/eyrie-loungestuhl-braun\/#primaryimage\"},\"image\":{\"@id\":\"https:\/\/hubsch-interior.com\/de\/produkt\/eyrie-loungestuhl-braun\/#primaryimage\"},\"thumbnailUrl\":\"https:\/\/hubsch-interior.com\/wp-content\/uploads\/2026\/02\/eyrie-lounge-chair-brown-fab05b61336f04d35cb89ebf00e8d12e.jpg\",\"datePublished\":\"2021-06-13T20:33:35+00:00\",\"dateModified\":\"2026-04-09T02:16:50+00:00\",\"description\":\"Dieser Loungesessel bringt das Faulenzen auf ein neues Level. Kurvenreich und doch minimalistisch und ger\u00e4umig. Dieser h\u00fcbsche braune Loungesessel aus 100\",\"breadcrumb\":{\"@id\":\"https:\/\/hubsch-interior.com\/de\/produkt\/eyrie-loungestuhl-braun\/#breadcrumb\"},\"inLanguage\":\"de\",\"potentialAction\":[{\"@type\":\"ReadAction\",\"target\":[\"https:\/\/hubsch-interior.com\/de\/produkt\/eyrie-loungestuhl-braun\/\"]}]},{\"@type\":\"ImageObject\",\"inLanguage\":\"de\",\"@id\":\"https:\/\/hubsch-interior.com\/de\/produkt\/eyrie-loungestuhl-braun\/#primaryimage\",\"url\":\"https:\/\/hubsch-interior.com\/wp-content\/uploads\/2026\/02\/eyrie-lounge-chair-brown-fab05b61336f04d35cb89ebf00e8d12e.jpg\",\"contentUrl\":\"https:\/\/hubsch-interior.com\/wp-content\/uploads\/2026\/02\/eyrie-lounge-chair-brown-fab05b61336f04d35cb89ebf00e8d12e.jpg\",\"width\":1024,\"height\":1024},{\"@type\":\"BreadcrumbList\",\"@id\":\"https:\/\/hubsch-interior.com\/de\/produkt\/eyrie-loungestuhl-braun\/#breadcrumb\",\"itemListElement\":[{\"@type\":\"ListItem\",\"position\":1,\"name\":\"Startseite\",\"item\":\"https:\/\/hubsch-interior.com\/de\/\"},{\"@type\":\"ListItem\",\"position\":2,\"name\":\"Produkte\",\"item\":\"https:\/\/hubsch-interior.com\/de\/shop-2\/\"},{\"@type\":\"ListItem\",\"position\":3,\"name\":\"M\u00f6bel\",\"item\":\"https:\/\/hubsch-interior.com\/de\/produkt-kategorie\/moebel\/\"},{\"@type\":\"ListItem\",\"position\":4,\"name\":\"Sitzm&ouml;bel\",\"item\":\"https:\/\/hubsch-interior.com\/de\/produkt-kategorie\/moebel\/sitzmoebel-de\/\"},{\"@type\":\"ListItem\",\"position\":5,\"name\":\"Loungest&uuml;hle\",\"item\":\"https:\/\/hubsch-interior.com\/de\/produkt-kategorie\/moebel\/sitzmoebel-de\/loungestuehle-de\/\"},{\"@type\":\"ListItem\",\"position\":6,\"name\":\"Eyrie Loungestuhl Braun\"}]},{\"@type\":\"WebSite\",\"@id\":\"https:\/\/hubsch-interior.com\/de\/#website\",\"url\":\"https:\/\/hubsch-interior.com\/de\/\",\"name\":\"H\u00fcbsch\",\"description\":\"Danish Home Interior and Design\",\"publisher\":{\"@id\":\"https:\/\/hubsch-interior.com\/de\/#organization\"},\"potentialAction\":[{\"@type\":\"SearchAction\",\"target\":{\"@type\":\"EntryPoint\",\"urlTemplate\":\"https:\/\/hubsch-interior.com\/de\/?s={search_term_string}\"},\"query-input\":{\"@type\":\"PropertyValueSpecification\",\"valueRequired\":true,\"valueName\":\"search_term_string\"}}],\"inLanguage\":\"de\"},{\"@type\":\"Organization\",\"@id\":\"https:\/\/hubsch-interior.com\/de\/#organization\",\"name\":\"H\u00fcbsch\",\"url\":\"https:\/\/hubsch-interior.com\/de\/\",\"logo\":{\"@type\":\"ImageObject\",\"inLanguage\":\"de\",\"@id\":\"https:\/\/hubsch-interior.com\/de\/#\/schema\/logo\/image\/\",\"url\":\"https:\/\/hubsch-interior.com\/wp-content\/uploads\/2022\/12\/Hubsch_logo_black_one_line.svg\",\"contentUrl\":\"https:\/\/hubsch-interior.com\/wp-content\/uploads\/2022\/12\/Hubsch_logo_black_one_line.svg\",\"caption\":\"H\u00fcbsch\"},\"image\":{\"@id\":\"https:\/\/hubsch-interior.com\/de\/#\/schema\/logo\/image\/\"}}]}<\/script>\n<!-- \/ Yoast SEO plugin. -->","yoast_head_json":{"title":"Eyrie Loungestuhl Braun - H\u00fcbsch","description":"Dieser Loungesessel bringt das Faulenzen auf ein neues Level. Kurvenreich und doch minimalistisch und ger\u00e4umig. Dieser h\u00fcbsche braune Loungesessel aus 100","robots":{"index":"index","follow":"follow","max-snippet":"max-snippet:-1","max-image-preview":"max-image-preview:large","max-video-preview":"max-video-preview:-1"},"canonical":"https:\/\/hubsch-interior.com\/de\/wp-json\/wp\/v2\/product\/398333","og_locale":"de_DE","og_type":"article","og_title":"Eyrie Loungestuhl Braun - H\u00fcbsch","og_description":"Dieser Loungesessel bringt das Faulenzen auf ein neues Level. Kurvenreich und doch minimalistisch und ger\u00e4umig. Dieser h\u00fcbsche braune Loungesessel aus 100","og_url":"https:\/\/hubsch-interior.com\/de\/produkt\/eyrie-loungestuhl-braun\/","og_site_name":"H\u00fcbsch","article_modified_time":"2026-04-09T02:16:50+00:00","og_image":[{"width":1200,"height":1200,"url":"https:\/\/hubsch-interior.com\/wp-content\/uploads\/2023\/11\/eyrie-lounge-chair-brown-1e407eb96a5f23e9fbe4def2ec730863.jpg","type":"image\/jpeg"}],"twitter_card":"summary_large_image","schema":{"@context":"https:\/\/schema.org","@graph":[{"@type":"WebPage","@id":"https:\/\/hubsch-interior.com\/de\/produkt\/eyrie-loungestuhl-braun\/","url":"https:\/\/hubsch-interior.com\/de\/produkt\/eyrie-loungestuhl-braun\/","name":"Eyrie Loungestuhl Braun - H\u00fcbsch","isPartOf":{"@id":"https:\/\/hubsch-interior.com\/de\/#website"},"primaryImageOfPage":{"@id":"https:\/\/hubsch-interior.com\/de\/produkt\/eyrie-loungestuhl-braun\/#primaryimage"},"image":{"@id":"https:\/\/hubsch-interior.com\/de\/produkt\/eyrie-loungestuhl-braun\/#primaryimage"},"thumbnailUrl":"https:\/\/hubsch-interior.com\/wp-content\/uploads\/2026\/02\/eyrie-lounge-chair-brown-fab05b61336f04d35cb89ebf00e8d12e.jpg","datePublished":"2021-06-13T20:33:35+00:00","dateModified":"2026-04-09T02:16:50+00:00","description":"Dieser Loungesessel bringt das Faulenzen auf ein neues Level. Kurvenreich und doch minimalistisch und ger\u00e4umig. Dieser h\u00fcbsche braune Loungesessel aus 100","breadcrumb":{"@id":"https:\/\/hubsch-interior.com\/de\/produkt\/eyrie-loungestuhl-braun\/#breadcrumb"},"inLanguage":"de","potentialAction":[{"@type":"ReadAction","target":["https:\/\/hubsch-interior.com\/de\/produkt\/eyrie-loungestuhl-braun\/"]}]},{"@type":"ImageObject","inLanguage":"de","@id":"https:\/\/hubsch-interior.com\/de\/produkt\/eyrie-loungestuhl-braun\/#primaryimage","url":"https:\/\/hubsch-interior.com\/wp-content\/uploads\/2026\/02\/eyrie-lounge-chair-brown-fab05b61336f04d35cb89ebf00e8d12e.jpg","contentUrl":"https:\/\/hubsch-interior.com\/wp-content\/uploads\/2026\/02\/eyrie-lounge-chair-brown-fab05b61336f04d35cb89ebf00e8d12e.jpg","width":1024,"height":1024},{"@type":"BreadcrumbList","@id":"https:\/\/hubsch-interior.com\/de\/produkt\/eyrie-loungestuhl-braun\/#breadcrumb","itemListElement":[{"@type":"ListItem","position":1,"name":"Startseite","item":"https:\/\/hubsch-interior.com\/de\/"},{"@type":"ListItem","position":2,"name":"Produkte","item":"https:\/\/hubsch-interior.com\/de\/shop-2\/"},{"@type":"ListItem","position":3,"name":"M\u00f6bel","item":"https:\/\/hubsch-interior.com\/de\/produkt-kategorie\/moebel\/"},{"@type":"ListItem","position":4,"name":"Sitzm&ouml;bel","item":"https:\/\/hubsch-interior.com\/de\/produkt-kategorie\/moebel\/sitzmoebel-de\/"},{"@type":"ListItem","position":5,"name":"Loungest&uuml;hle","item":"https:\/\/hubsch-interior.com\/de\/produkt-kategorie\/moebel\/sitzmoebel-de\/loungestuehle-de\/"},{"@type":"ListItem","position":6,"name":"Eyrie Loungestuhl Braun"}]},{"@type":"WebSite","@id":"https:\/\/hubsch-interior.com\/de\/#website","url":"https:\/\/hubsch-interior.com\/de\/","name":"H\u00fcbsch","description":"Danish Home Interior and Design","publisher":{"@id":"https:\/\/hubsch-interior.com\/de\/#organization"},"potentialAction":[{"@type":"SearchAction","target":{"@type":"EntryPoint","urlTemplate":"https:\/\/hubsch-interior.com\/de\/?s={search_term_string}"},"query-input":{"@type":"PropertyValueSpecification","valueRequired":true,"valueName":"search_term_string"}}],"inLanguage":"de"},{"@type":"Organization","@id":"https:\/\/hubsch-interior.com\/de\/#organization","name":"H\u00fcbsch","url":"https:\/\/hubsch-interior.com\/de\/","logo":{"@type":"ImageObject","inLanguage":"de","@id":"https:\/\/hubsch-interior.com\/de\/#\/schema\/logo\/image\/","url":"https:\/\/hubsch-interior.com\/wp-content\/uploads\/2022\/12\/Hubsch_logo_black_one_line.svg","contentUrl":"https:\/\/hubsch-interior.com\/wp-content\/uploads\/2022\/12\/Hubsch_logo_black_one_line.svg","caption":"H\u00fcbsch"},"image":{"@id":"https:\/\/hubsch-interior.com\/de\/#\/schema\/logo\/image\/"}}]}},"_links":{"self":[{"href":"https:\/\/hubsch-interior.com\/de\/wp-json\/wp\/v2\/product\/398333","targetHints":{"allow":["GET"]}}],"collection":[{"href":"https:\/\/hubsch-interior.com\/de\/wp-json\/wp\/v2\/product"}],"about":[{"href":"https:\/\/hubsch-interior.com\/de\/wp-json\/wp\/v2\/types\/product"}],"wp:featuredmedia":[{"embeddable":true,"href":"https:\/\/hubsch-interior.com\/de\/wp-json\/wp\/v2\/media\/1092648"}],"wp:attachment":[{"href":"https:\/\/hubsch-interior.com\/de\/wp-json\/wp\/v2\/media?parent=398333"}],"wp:term":[{"taxonomy":"product_brand","embeddable":true,"href":"https:\/\/hubsch-interior.com\/de\/wp-json\/wp\/v2\/product_brand?post=398333"},{"taxonomy":"product_cat","embeddable":true,"href":"https:\/\/hubsch-interior.com\/de\/wp-json\/wp\/v2\/product_cat?post=398333"},{"taxonomy":"product_tag","embeddable":true,"href":"https:\/\/hubsch-interior.com\/de\/wp-json\/wp\/v2\/product_tag?post=398333"}],"curies":[{"name":"wp","href":"https:\/\/api.w.org\/{rel}","templated":true}]}}