{"id":39835,"date":"2020-12-15T09:50:26","date_gmt":"2020-12-15T08:50:26","guid":{"rendered":"https:\/\/hubsch-interior.com\/product\/product-21\/"},"modified":"2026-04-05T04:50:55","modified_gmt":"2026-04-05T02:50:55","slug":"herringbone-kleiderschrank-large-naturfarben","status":"publish","type":"product","link":"https:\/\/hubsch-interior.com\/de\/produkt\/herringbone-kleiderschrank-large-naturfarben\/","title":{"rendered":"Herringbone Kleiderschrank Large Naturfarben"},"content":{"rendered":"<p>Der Herringbone Kleiderschrank Large Naturfarben ist aus Eiche Furnierholz und Eiche Massivholz hergestellt. Er ist FSC-zertifiziert und eignet sich perfekt f\u00fcr Ihr Zuhause. Ein robustes und langlebiges Design sorgt f\u00fcr eine lange Lebensdauer und ein stilvolles Erscheinungsbild. Verleihen Sie Ihren R\u00e4umen einen Hauch von Sch\u00f6nheit und Eleganz durch diesen sch\u00f6nen Kleiderschrank.<\/p>\n","protected":false},"excerpt":{"rendered":"<p>Der Herringbone Kleiderschrank Large Naturfarben ist aus Eiche Furnierholz und Eiche Massivholz hergestellt. Er ist FSC-zertifiziert und eignet sich perfekt f\u00fcr Ihr Zuhause. Ein robustes und langlebiges Design sorgt f\u00fcr eine lange Lebensdauer und ein stilvolles Erscheinungsbild. Verleihen Sie Ihren R\u00e4umen einen Hauch von Sch\u00f6nheit und Eleganz durch diesen sch\u00f6nen Kleiderschrank.<\/p>\n","protected":false},"featured_media":1102344,"template":"","meta":{"_acf_changed":false,"inline_featured_image":false},"product_brand":[],"product_cat":[4035,6483,5027],"product_tag":[],"class_list":{"0":"post-39835","1":"product","2":"type-product","3":"status-publish","4":"has-post-thumbnail","6":"product_cat-garderoben-staender-de","7":"product_cat-kleiderschraenke-de","8":"product_cat-bestsellers-de","9":"product_shipping_class-p10","10":"pa_color-naturfarben-2","11":"pa_material-mdf-de","12":"pa_material-eichenfurnier","13":"pa_material-eichenholz","15":"first","16":"outofstock","17":"featured","18":"taxable","19":"shipping-taxable","20":"purchasable","21":"product-type-simple"},"exclude_global_add_ons":[],"addons":[],"acf":[],"yoast_head":"<!-- This site is optimized with the Yoast SEO plugin v26.4 - https:\/\/yoast.com\/wordpress\/plugins\/seo\/ -->\n<title>Herringbone Kleiderschrank Large Naturfarben - H\u00fcbsch<\/title>\n<meta name=\"description\" content=\"Der Herringbone Kleiderschrank Large Naturfarben ist aus Eiche Furnierholz und Eiche Massivholz hergestellt. Er ist FSC-zertifiziert und eignet sich\" \/>\n<meta name=\"robots\" content=\"index, follow, max-snippet:-1, max-image-preview:large, max-video-preview:-1\" \/>\n<link rel=\"canonical\" href=\"https:\/\/hubsch-interior.com\/de\/wp-json\/wp\/v2\/product\/39835\" \/>\n<meta property=\"og:locale\" content=\"de_DE\" \/>\n<meta property=\"og:type\" content=\"article\" \/>\n<meta property=\"og:title\" content=\"Herringbone Kleiderschrank Large Naturfarben - H\u00fcbsch\" \/>\n<meta property=\"og:description\" content=\"Der Herringbone Kleiderschrank Large Naturfarben ist aus Eiche Furnierholz und Eiche Massivholz hergestellt. Er ist FSC-zertifiziert und eignet sich\" \/>\n<meta property=\"og:url\" content=\"https:\/\/hubsch-interior.com\/de\/produkt\/herringbone-kleiderschrank-large-naturfarben\/\" \/>\n<meta property=\"og:site_name\" content=\"H\u00fcbsch\" \/>\n<meta property=\"article:modified_time\" content=\"2026-04-05T02:50:55+00:00\" \/>\n<meta property=\"og:image\" content=\"https:\/\/hubsch-interior.com\/wp-content\/uploads\/2023\/08\/herringbone-wardrobe-large-natural-4168f094e633e07fcda8d8f02422ea42.jpg\" \/>\n\t<meta property=\"og:image:width\" content=\"1200\" \/>\n\t<meta property=\"og:image:height\" content=\"1200\" \/>\n\t<meta property=\"og:image:type\" content=\"image\/jpeg\" \/>\n<meta name=\"twitter:card\" content=\"summary_large_image\" \/>\n<script type=\"application\/ld+json\" class=\"yoast-schema-graph\">{\"@context\":\"https:\/\/schema.org\",\"@graph\":[{\"@type\":\"WebPage\",\"@id\":\"https:\/\/hubsch-interior.com\/de\/produkt\/herringbone-kleiderschrank-large-naturfarben\/\",\"url\":\"https:\/\/hubsch-interior.com\/de\/produkt\/herringbone-kleiderschrank-large-naturfarben\/\",\"name\":\"Herringbone Kleiderschrank Large Naturfarben - H\u00fcbsch\",\"isPartOf\":{\"@id\":\"https:\/\/hubsch-interior.com\/de\/#website\"},\"primaryImageOfPage\":{\"@id\":\"https:\/\/hubsch-interior.com\/de\/produkt\/herringbone-kleiderschrank-large-naturfarben\/#primaryimage\"},\"image\":{\"@id\":\"https:\/\/hubsch-interior.com\/de\/produkt\/herringbone-kleiderschrank-large-naturfarben\/#primaryimage\"},\"thumbnailUrl\":\"https:\/\/hubsch-interior.com\/wp-content\/uploads\/2026\/02\/herringbone-wardrobe-large-natural-66c991a781948180b0fd98fdd8319fcf.jpg\",\"datePublished\":\"2020-12-15T08:50:26+00:00\",\"dateModified\":\"2026-04-05T02:50:55+00:00\",\"description\":\"Der Herringbone Kleiderschrank Large Naturfarben ist aus Eiche Furnierholz und Eiche Massivholz hergestellt. Er ist FSC-zertifiziert und eignet sich\",\"breadcrumb\":{\"@id\":\"https:\/\/hubsch-interior.com\/de\/produkt\/herringbone-kleiderschrank-large-naturfarben\/#breadcrumb\"},\"inLanguage\":\"de\",\"potentialAction\":[{\"@type\":\"ReadAction\",\"target\":[\"https:\/\/hubsch-interior.com\/de\/produkt\/herringbone-kleiderschrank-large-naturfarben\/\"]}]},{\"@type\":\"ImageObject\",\"inLanguage\":\"de\",\"@id\":\"https:\/\/hubsch-interior.com\/de\/produkt\/herringbone-kleiderschrank-large-naturfarben\/#primaryimage\",\"url\":\"https:\/\/hubsch-interior.com\/wp-content\/uploads\/2026\/02\/herringbone-wardrobe-large-natural-66c991a781948180b0fd98fdd8319fcf.jpg\",\"contentUrl\":\"https:\/\/hubsch-interior.com\/wp-content\/uploads\/2026\/02\/herringbone-wardrobe-large-natural-66c991a781948180b0fd98fdd8319fcf.jpg\",\"width\":1024,\"height\":1024},{\"@type\":\"BreadcrumbList\",\"@id\":\"https:\/\/hubsch-interior.com\/de\/produkt\/herringbone-kleiderschrank-large-naturfarben\/#breadcrumb\",\"itemListElement\":[{\"@type\":\"ListItem\",\"position\":1,\"name\":\"Startseite\",\"item\":\"https:\/\/hubsch-interior.com\/de\/\"},{\"@type\":\"ListItem\",\"position\":2,\"name\":\"Produkte\",\"item\":\"https:\/\/hubsch-interior.com\/de\/shop-2\/\"},{\"@type\":\"ListItem\",\"position\":3,\"name\":\"M\u00f6bel\",\"item\":\"https:\/\/hubsch-interior.com\/de\/produkt-kategorie\/moebel\/\"},{\"@type\":\"ListItem\",\"position\":4,\"name\":\"Garderoben &amp; St&auml;nder\",\"item\":\"https:\/\/hubsch-interior.com\/de\/produkt-kategorie\/moebel\/garderoben-staender-de\/\"},{\"@type\":\"ListItem\",\"position\":5,\"name\":\"Kleiderschr&auml;nke\",\"item\":\"https:\/\/hubsch-interior.com\/de\/produkt-kategorie\/moebel\/garderoben-staender-de\/kleiderschraenke-de\/\"},{\"@type\":\"ListItem\",\"position\":6,\"name\":\"Herringbone Kleiderschrank Large Naturfarben\"}]},{\"@type\":\"WebSite\",\"@id\":\"https:\/\/hubsch-interior.com\/de\/#website\",\"url\":\"https:\/\/hubsch-interior.com\/de\/\",\"name\":\"H\u00fcbsch\",\"description\":\"Danish Home Interior and Design\",\"publisher\":{\"@id\":\"https:\/\/hubsch-interior.com\/de\/#organization\"},\"potentialAction\":[{\"@type\":\"SearchAction\",\"target\":{\"@type\":\"EntryPoint\",\"urlTemplate\":\"https:\/\/hubsch-interior.com\/de\/?s={search_term_string}\"},\"query-input\":{\"@type\":\"PropertyValueSpecification\",\"valueRequired\":true,\"valueName\":\"search_term_string\"}}],\"inLanguage\":\"de\"},{\"@type\":\"Organization\",\"@id\":\"https:\/\/hubsch-interior.com\/de\/#organization\",\"name\":\"H\u00fcbsch\",\"url\":\"https:\/\/hubsch-interior.com\/de\/\",\"logo\":{\"@type\":\"ImageObject\",\"inLanguage\":\"de\",\"@id\":\"https:\/\/hubsch-interior.com\/de\/#\/schema\/logo\/image\/\",\"url\":\"https:\/\/hubsch-interior.com\/wp-content\/uploads\/2022\/12\/Hubsch_logo_black_one_line.svg\",\"contentUrl\":\"https:\/\/hubsch-interior.com\/wp-content\/uploads\/2022\/12\/Hubsch_logo_black_one_line.svg\",\"caption\":\"H\u00fcbsch\"},\"image\":{\"@id\":\"https:\/\/hubsch-interior.com\/de\/#\/schema\/logo\/image\/\"}}]}<\/script>\n<!-- \/ Yoast SEO plugin. -->","yoast_head_json":{"title":"Herringbone Kleiderschrank Large Naturfarben - H\u00fcbsch","description":"Der Herringbone Kleiderschrank Large Naturfarben ist aus Eiche Furnierholz und Eiche Massivholz hergestellt. Er ist FSC-zertifiziert und eignet sich","robots":{"index":"index","follow":"follow","max-snippet":"max-snippet:-1","max-image-preview":"max-image-preview:large","max-video-preview":"max-video-preview:-1"},"canonical":"https:\/\/hubsch-interior.com\/de\/wp-json\/wp\/v2\/product\/39835","og_locale":"de_DE","og_type":"article","og_title":"Herringbone Kleiderschrank Large Naturfarben - H\u00fcbsch","og_description":"Der Herringbone Kleiderschrank Large Naturfarben ist aus Eiche Furnierholz und Eiche Massivholz hergestellt. Er ist FSC-zertifiziert und eignet sich","og_url":"https:\/\/hubsch-interior.com\/de\/produkt\/herringbone-kleiderschrank-large-naturfarben\/","og_site_name":"H\u00fcbsch","article_modified_time":"2026-04-05T02:50:55+00:00","og_image":[{"width":1200,"height":1200,"url":"https:\/\/hubsch-interior.com\/wp-content\/uploads\/2023\/08\/herringbone-wardrobe-large-natural-4168f094e633e07fcda8d8f02422ea42.jpg","type":"image\/jpeg"}],"twitter_card":"summary_large_image","schema":{"@context":"https:\/\/schema.org","@graph":[{"@type":"WebPage","@id":"https:\/\/hubsch-interior.com\/de\/produkt\/herringbone-kleiderschrank-large-naturfarben\/","url":"https:\/\/hubsch-interior.com\/de\/produkt\/herringbone-kleiderschrank-large-naturfarben\/","name":"Herringbone Kleiderschrank Large Naturfarben - H\u00fcbsch","isPartOf":{"@id":"https:\/\/hubsch-interior.com\/de\/#website"},"primaryImageOfPage":{"@id":"https:\/\/hubsch-interior.com\/de\/produkt\/herringbone-kleiderschrank-large-naturfarben\/#primaryimage"},"image":{"@id":"https:\/\/hubsch-interior.com\/de\/produkt\/herringbone-kleiderschrank-large-naturfarben\/#primaryimage"},"thumbnailUrl":"https:\/\/hubsch-interior.com\/wp-content\/uploads\/2026\/02\/herringbone-wardrobe-large-natural-66c991a781948180b0fd98fdd8319fcf.jpg","datePublished":"2020-12-15T08:50:26+00:00","dateModified":"2026-04-05T02:50:55+00:00","description":"Der Herringbone Kleiderschrank Large Naturfarben ist aus Eiche Furnierholz und Eiche Massivholz hergestellt. Er ist FSC-zertifiziert und eignet sich","breadcrumb":{"@id":"https:\/\/hubsch-interior.com\/de\/produkt\/herringbone-kleiderschrank-large-naturfarben\/#breadcrumb"},"inLanguage":"de","potentialAction":[{"@type":"ReadAction","target":["https:\/\/hubsch-interior.com\/de\/produkt\/herringbone-kleiderschrank-large-naturfarben\/"]}]},{"@type":"ImageObject","inLanguage":"de","@id":"https:\/\/hubsch-interior.com\/de\/produkt\/herringbone-kleiderschrank-large-naturfarben\/#primaryimage","url":"https:\/\/hubsch-interior.com\/wp-content\/uploads\/2026\/02\/herringbone-wardrobe-large-natural-66c991a781948180b0fd98fdd8319fcf.jpg","contentUrl":"https:\/\/hubsch-interior.com\/wp-content\/uploads\/2026\/02\/herringbone-wardrobe-large-natural-66c991a781948180b0fd98fdd8319fcf.jpg","width":1024,"height":1024},{"@type":"BreadcrumbList","@id":"https:\/\/hubsch-interior.com\/de\/produkt\/herringbone-kleiderschrank-large-naturfarben\/#breadcrumb","itemListElement":[{"@type":"ListItem","position":1,"name":"Startseite","item":"https:\/\/hubsch-interior.com\/de\/"},{"@type":"ListItem","position":2,"name":"Produkte","item":"https:\/\/hubsch-interior.com\/de\/shop-2\/"},{"@type":"ListItem","position":3,"name":"M\u00f6bel","item":"https:\/\/hubsch-interior.com\/de\/produkt-kategorie\/moebel\/"},{"@type":"ListItem","position":4,"name":"Garderoben &amp; St&auml;nder","item":"https:\/\/hubsch-interior.com\/de\/produkt-kategorie\/moebel\/garderoben-staender-de\/"},{"@type":"ListItem","position":5,"name":"Kleiderschr&auml;nke","item":"https:\/\/hubsch-interior.com\/de\/produkt-kategorie\/moebel\/garderoben-staender-de\/kleiderschraenke-de\/"},{"@type":"ListItem","position":6,"name":"Herringbone Kleiderschrank Large Naturfarben"}]},{"@type":"WebSite","@id":"https:\/\/hubsch-interior.com\/de\/#website","url":"https:\/\/hubsch-interior.com\/de\/","name":"H\u00fcbsch","description":"Danish Home Interior and Design","publisher":{"@id":"https:\/\/hubsch-interior.com\/de\/#organization"},"potentialAction":[{"@type":"SearchAction","target":{"@type":"EntryPoint","urlTemplate":"https:\/\/hubsch-interior.com\/de\/?s={search_term_string}"},"query-input":{"@type":"PropertyValueSpecification","valueRequired":true,"valueName":"search_term_string"}}],"inLanguage":"de"},{"@type":"Organization","@id":"https:\/\/hubsch-interior.com\/de\/#organization","name":"H\u00fcbsch","url":"https:\/\/hubsch-interior.com\/de\/","logo":{"@type":"ImageObject","inLanguage":"de","@id":"https:\/\/hubsch-interior.com\/de\/#\/schema\/logo\/image\/","url":"https:\/\/hubsch-interior.com\/wp-content\/uploads\/2022\/12\/Hubsch_logo_black_one_line.svg","contentUrl":"https:\/\/hubsch-interior.com\/wp-content\/uploads\/2022\/12\/Hubsch_logo_black_one_line.svg","caption":"H\u00fcbsch"},"image":{"@id":"https:\/\/hubsch-interior.com\/de\/#\/schema\/logo\/image\/"}}]}},"_links":{"self":[{"href":"https:\/\/hubsch-interior.com\/de\/wp-json\/wp\/v2\/product\/39835","targetHints":{"allow":["GET"]}}],"collection":[{"href":"https:\/\/hubsch-interior.com\/de\/wp-json\/wp\/v2\/product"}],"about":[{"href":"https:\/\/hubsch-interior.com\/de\/wp-json\/wp\/v2\/types\/product"}],"wp:featuredmedia":[{"embeddable":true,"href":"https:\/\/hubsch-interior.com\/de\/wp-json\/wp\/v2\/media\/1102344"}],"wp:attachment":[{"href":"https:\/\/hubsch-interior.com\/de\/wp-json\/wp\/v2\/media?parent=39835"}],"wp:term":[{"taxonomy":"product_brand","embeddable":true,"href":"https:\/\/hubsch-interior.com\/de\/wp-json\/wp\/v2\/product_brand?post=39835"},{"taxonomy":"product_cat","embeddable":true,"href":"https:\/\/hubsch-interior.com\/de\/wp-json\/wp\/v2\/product_cat?post=39835"},{"taxonomy":"product_tag","embeddable":true,"href":"https:\/\/hubsch-interior.com\/de\/wp-json\/wp\/v2\/product_tag?post=39835"}],"curies":[{"name":"wp","href":"https:\/\/api.w.org\/{rel}","templated":true}]}}