{"id":398385,"date":"2021-06-13T22:34:59","date_gmt":"2021-06-13T20:34:59","guid":{"rendered":"https:\/\/hubsch-interior.com\/shop-b2c\/product\/product\/"},"modified":"2026-04-09T04:22:28","modified_gmt":"2026-04-09T02:22:28","slug":"aki-bettwasche-80-220-blau-gelb","status":"publish","type":"product","link":"https:\/\/hubsch-interior.com\/de\/produkt\/aki-bettwasche-80-220-blau-gelb\/","title":{"rendered":"Aki Bettw\u00e4sche 80\/220 Blau\/Gelb"},"content":{"rendered":"<p>Mit diesem sch\u00f6nen Wendebettw\u00e4sche-Set schlafen Sie wie ein Baby. Das Set ist in einem sanften Blau sowie in einem kontrastierenden Gelb gehalten und mit einem frechen braunen Saum versehen \u2013 so k\u00f6nnen Sie zwei verschiedene Looks in Ihrem Schlafzimmer kreieren. Die Bettw\u00e4sche aus 100 % OEKO-TEX\u00ae STANDARD 100\u00ae Baumwollperkal ist so sch\u00f6n und bequem, dass es Ihnen schwer fallen wird, morgens aus dem Bett zu kommen \u2013 es sei denn, Sie haben einen k\u00f6stlichen Kaffee vor sich. Dieses Bettw\u00e4scheset mit Rei\u00dfverschluss umfasst einen Bettbezug sowie einen Kissenbezug und ist in vier Gr\u00f6\u00dfenkombinationen erh\u00e4ltlich.<\/p>\n","protected":false},"excerpt":{"rendered":"<p>Mit diesem sch\u00f6nen Wendebettw\u00e4sche-Set schlafen Sie wie ein Baby. Das Set ist in einem sanften Blau sowie in einem kontrastierenden Gelb gehalten und mit einem frechen braunen Saum versehen \u2013 so k\u00f6nnen Sie zwei verschiedene Looks in Ihrem Schlafzimmer kreieren. Die Bettw\u00e4sche aus 100 % OEKO-TEX\u00ae STANDARD 100\u00ae Baumwollperkal ist so sch\u00f6n und bequem, dass [&hellip;]<\/p>\n","protected":false},"featured_media":1094909,"template":"","meta":{"_acf_changed":false,"inline_featured_image":false},"product_brand":[],"product_cat":[3004,3971],"product_tag":[],"class_list":{"0":"post-398385","1":"product","2":"type-product","3":"status-publish","4":"has-post-thumbnail","6":"product_cat-textilien","7":"product_cat-bettwaesche-de","8":"product_shipping_class-pk","10":"pa_color-gelb","11":"pa_color-blau-2","12":"pa_material-cotton-100-de","14":"first","15":"instock","16":"taxable","17":"shipping-taxable","18":"purchasable","19":"product-type-simple"},"exclude_global_add_ons":[],"addons":[],"acf":[],"yoast_head":"<!-- This site is optimized with the Yoast SEO plugin v26.4 - https:\/\/yoast.com\/wordpress\/plugins\/seo\/ -->\n<title>Aki Bettw\u00e4sche 80\/220 Blau\/Gelb - H\u00fcbsch<\/title>\n<meta name=\"description\" content=\"Mit diesem sch\u00f6nen Wendebettw\u00e4sche-Set schlafen Sie wie ein Baby. Das Set ist in einem sanften Blau sowie in einem kontrastierenden Gelb gehalten und mit\" \/>\n<meta name=\"robots\" content=\"index, follow, max-snippet:-1, max-image-preview:large, max-video-preview:-1\" \/>\n<link rel=\"canonical\" href=\"https:\/\/hubsch-interior.com\/de\/wp-json\/wp\/v2\/product\/398385\" \/>\n<meta property=\"og:locale\" content=\"de_DE\" \/>\n<meta property=\"og:type\" content=\"article\" \/>\n<meta property=\"og:title\" content=\"Aki Bettw\u00e4sche 80\/220 Blau\/Gelb - H\u00fcbsch\" \/>\n<meta property=\"og:description\" content=\"Mit diesem sch\u00f6nen Wendebettw\u00e4sche-Set schlafen Sie wie ein Baby. Das Set ist in einem sanften Blau sowie in einem kontrastierenden Gelb gehalten und mit\" \/>\n<meta property=\"og:url\" content=\"https:\/\/hubsch-interior.com\/de\/produkt\/aki-bettwasche-80-220-blau-gelb\/\" \/>\n<meta property=\"og:site_name\" content=\"H\u00fcbsch\" \/>\n<meta property=\"article:modified_time\" content=\"2026-04-09T02:22:28+00:00\" \/>\n<meta property=\"og:image\" content=\"https:\/\/hubsch-interior.com\/wp-content\/uploads\/2023\/08\/aki-bed-linen-80220-blueyellow-56dbb4d23e9af52bcdcff00c5ac34b20.jpg\" \/>\n\t<meta property=\"og:image:width\" content=\"1200\" \/>\n\t<meta property=\"og:image:height\" content=\"1200\" \/>\n\t<meta property=\"og:image:type\" content=\"image\/jpeg\" \/>\n<meta name=\"twitter:card\" content=\"summary_large_image\" \/>\n<script type=\"application\/ld+json\" class=\"yoast-schema-graph\">{\"@context\":\"https:\/\/schema.org\",\"@graph\":[{\"@type\":\"WebPage\",\"@id\":\"https:\/\/hubsch-interior.com\/de\/produkt\/aki-bettwasche-80-220-blau-gelb\/\",\"url\":\"https:\/\/hubsch-interior.com\/de\/produkt\/aki-bettwasche-80-220-blau-gelb\/\",\"name\":\"Aki Bettw\u00e4sche 80\/220 Blau\/Gelb - H\u00fcbsch\",\"isPartOf\":{\"@id\":\"https:\/\/hubsch-interior.com\/de\/#website\"},\"primaryImageOfPage\":{\"@id\":\"https:\/\/hubsch-interior.com\/de\/produkt\/aki-bettwasche-80-220-blau-gelb\/#primaryimage\"},\"image\":{\"@id\":\"https:\/\/hubsch-interior.com\/de\/produkt\/aki-bettwasche-80-220-blau-gelb\/#primaryimage\"},\"thumbnailUrl\":\"https:\/\/hubsch-interior.com\/wp-content\/uploads\/2026\/02\/aki-bed-linen-80220-blueyellow-5a20b2f4a01ff8b1996bb707b637711b.jpg\",\"datePublished\":\"2021-06-13T20:34:59+00:00\",\"dateModified\":\"2026-04-09T02:22:28+00:00\",\"description\":\"Mit diesem sch\u00f6nen Wendebettw\u00e4sche-Set schlafen Sie wie ein Baby. Das Set ist in einem sanften Blau sowie in einem kontrastierenden Gelb gehalten und mit\",\"breadcrumb\":{\"@id\":\"https:\/\/hubsch-interior.com\/de\/produkt\/aki-bettwasche-80-220-blau-gelb\/#breadcrumb\"},\"inLanguage\":\"de\",\"potentialAction\":[{\"@type\":\"ReadAction\",\"target\":[\"https:\/\/hubsch-interior.com\/de\/produkt\/aki-bettwasche-80-220-blau-gelb\/\"]}]},{\"@type\":\"ImageObject\",\"inLanguage\":\"de\",\"@id\":\"https:\/\/hubsch-interior.com\/de\/produkt\/aki-bettwasche-80-220-blau-gelb\/#primaryimage\",\"url\":\"https:\/\/hubsch-interior.com\/wp-content\/uploads\/2026\/02\/aki-bed-linen-80220-blueyellow-5a20b2f4a01ff8b1996bb707b637711b.jpg\",\"contentUrl\":\"https:\/\/hubsch-interior.com\/wp-content\/uploads\/2026\/02\/aki-bed-linen-80220-blueyellow-5a20b2f4a01ff8b1996bb707b637711b.jpg\",\"width\":1024,\"height\":1024},{\"@type\":\"BreadcrumbList\",\"@id\":\"https:\/\/hubsch-interior.com\/de\/produkt\/aki-bettwasche-80-220-blau-gelb\/#breadcrumb\",\"itemListElement\":[{\"@type\":\"ListItem\",\"position\":1,\"name\":\"Startseite\",\"item\":\"https:\/\/hubsch-interior.com\/de\/\"},{\"@type\":\"ListItem\",\"position\":2,\"name\":\"Produkte\",\"item\":\"https:\/\/hubsch-interior.com\/de\/shop-2\/\"},{\"@type\":\"ListItem\",\"position\":3,\"name\":\"Textilien\",\"item\":\"https:\/\/hubsch-interior.com\/de\/produkt-kategorie\/textilien\/\"},{\"@type\":\"ListItem\",\"position\":4,\"name\":\"Bettw&auml;sche\",\"item\":\"https:\/\/hubsch-interior.com\/de\/produkt-kategorie\/textilien\/bettwaesche-de\/\"},{\"@type\":\"ListItem\",\"position\":5,\"name\":\"Aki Bettw\u00e4sche 80\/220 Blau\/Gelb\"}]},{\"@type\":\"WebSite\",\"@id\":\"https:\/\/hubsch-interior.com\/de\/#website\",\"url\":\"https:\/\/hubsch-interior.com\/de\/\",\"name\":\"H\u00fcbsch\",\"description\":\"Danish Home Interior and Design\",\"publisher\":{\"@id\":\"https:\/\/hubsch-interior.com\/de\/#organization\"},\"potentialAction\":[{\"@type\":\"SearchAction\",\"target\":{\"@type\":\"EntryPoint\",\"urlTemplate\":\"https:\/\/hubsch-interior.com\/de\/?s={search_term_string}\"},\"query-input\":{\"@type\":\"PropertyValueSpecification\",\"valueRequired\":true,\"valueName\":\"search_term_string\"}}],\"inLanguage\":\"de\"},{\"@type\":\"Organization\",\"@id\":\"https:\/\/hubsch-interior.com\/de\/#organization\",\"name\":\"H\u00fcbsch\",\"url\":\"https:\/\/hubsch-interior.com\/de\/\",\"logo\":{\"@type\":\"ImageObject\",\"inLanguage\":\"de\",\"@id\":\"https:\/\/hubsch-interior.com\/de\/#\/schema\/logo\/image\/\",\"url\":\"https:\/\/hubsch-interior.com\/wp-content\/uploads\/2022\/12\/Hubsch_logo_black_one_line.svg\",\"contentUrl\":\"https:\/\/hubsch-interior.com\/wp-content\/uploads\/2022\/12\/Hubsch_logo_black_one_line.svg\",\"caption\":\"H\u00fcbsch\"},\"image\":{\"@id\":\"https:\/\/hubsch-interior.com\/de\/#\/schema\/logo\/image\/\"}}]}<\/script>\n<!-- \/ Yoast SEO plugin. -->","yoast_head_json":{"title":"Aki Bettw\u00e4sche 80\/220 Blau\/Gelb - H\u00fcbsch","description":"Mit diesem sch\u00f6nen Wendebettw\u00e4sche-Set schlafen Sie wie ein Baby. Das Set ist in einem sanften Blau sowie in einem kontrastierenden Gelb gehalten und mit","robots":{"index":"index","follow":"follow","max-snippet":"max-snippet:-1","max-image-preview":"max-image-preview:large","max-video-preview":"max-video-preview:-1"},"canonical":"https:\/\/hubsch-interior.com\/de\/wp-json\/wp\/v2\/product\/398385","og_locale":"de_DE","og_type":"article","og_title":"Aki Bettw\u00e4sche 80\/220 Blau\/Gelb - H\u00fcbsch","og_description":"Mit diesem sch\u00f6nen Wendebettw\u00e4sche-Set schlafen Sie wie ein Baby. Das Set ist in einem sanften Blau sowie in einem kontrastierenden Gelb gehalten und mit","og_url":"https:\/\/hubsch-interior.com\/de\/produkt\/aki-bettwasche-80-220-blau-gelb\/","og_site_name":"H\u00fcbsch","article_modified_time":"2026-04-09T02:22:28+00:00","og_image":[{"width":1200,"height":1200,"url":"https:\/\/hubsch-interior.com\/wp-content\/uploads\/2023\/08\/aki-bed-linen-80220-blueyellow-56dbb4d23e9af52bcdcff00c5ac34b20.jpg","type":"image\/jpeg"}],"twitter_card":"summary_large_image","schema":{"@context":"https:\/\/schema.org","@graph":[{"@type":"WebPage","@id":"https:\/\/hubsch-interior.com\/de\/produkt\/aki-bettwasche-80-220-blau-gelb\/","url":"https:\/\/hubsch-interior.com\/de\/produkt\/aki-bettwasche-80-220-blau-gelb\/","name":"Aki Bettw\u00e4sche 80\/220 Blau\/Gelb - H\u00fcbsch","isPartOf":{"@id":"https:\/\/hubsch-interior.com\/de\/#website"},"primaryImageOfPage":{"@id":"https:\/\/hubsch-interior.com\/de\/produkt\/aki-bettwasche-80-220-blau-gelb\/#primaryimage"},"image":{"@id":"https:\/\/hubsch-interior.com\/de\/produkt\/aki-bettwasche-80-220-blau-gelb\/#primaryimage"},"thumbnailUrl":"https:\/\/hubsch-interior.com\/wp-content\/uploads\/2026\/02\/aki-bed-linen-80220-blueyellow-5a20b2f4a01ff8b1996bb707b637711b.jpg","datePublished":"2021-06-13T20:34:59+00:00","dateModified":"2026-04-09T02:22:28+00:00","description":"Mit diesem sch\u00f6nen Wendebettw\u00e4sche-Set schlafen Sie wie ein Baby. Das Set ist in einem sanften Blau sowie in einem kontrastierenden Gelb gehalten und mit","breadcrumb":{"@id":"https:\/\/hubsch-interior.com\/de\/produkt\/aki-bettwasche-80-220-blau-gelb\/#breadcrumb"},"inLanguage":"de","potentialAction":[{"@type":"ReadAction","target":["https:\/\/hubsch-interior.com\/de\/produkt\/aki-bettwasche-80-220-blau-gelb\/"]}]},{"@type":"ImageObject","inLanguage":"de","@id":"https:\/\/hubsch-interior.com\/de\/produkt\/aki-bettwasche-80-220-blau-gelb\/#primaryimage","url":"https:\/\/hubsch-interior.com\/wp-content\/uploads\/2026\/02\/aki-bed-linen-80220-blueyellow-5a20b2f4a01ff8b1996bb707b637711b.jpg","contentUrl":"https:\/\/hubsch-interior.com\/wp-content\/uploads\/2026\/02\/aki-bed-linen-80220-blueyellow-5a20b2f4a01ff8b1996bb707b637711b.jpg","width":1024,"height":1024},{"@type":"BreadcrumbList","@id":"https:\/\/hubsch-interior.com\/de\/produkt\/aki-bettwasche-80-220-blau-gelb\/#breadcrumb","itemListElement":[{"@type":"ListItem","position":1,"name":"Startseite","item":"https:\/\/hubsch-interior.com\/de\/"},{"@type":"ListItem","position":2,"name":"Produkte","item":"https:\/\/hubsch-interior.com\/de\/shop-2\/"},{"@type":"ListItem","position":3,"name":"Textilien","item":"https:\/\/hubsch-interior.com\/de\/produkt-kategorie\/textilien\/"},{"@type":"ListItem","position":4,"name":"Bettw&auml;sche","item":"https:\/\/hubsch-interior.com\/de\/produkt-kategorie\/textilien\/bettwaesche-de\/"},{"@type":"ListItem","position":5,"name":"Aki Bettw\u00e4sche 80\/220 Blau\/Gelb"}]},{"@type":"WebSite","@id":"https:\/\/hubsch-interior.com\/de\/#website","url":"https:\/\/hubsch-interior.com\/de\/","name":"H\u00fcbsch","description":"Danish Home Interior and Design","publisher":{"@id":"https:\/\/hubsch-interior.com\/de\/#organization"},"potentialAction":[{"@type":"SearchAction","target":{"@type":"EntryPoint","urlTemplate":"https:\/\/hubsch-interior.com\/de\/?s={search_term_string}"},"query-input":{"@type":"PropertyValueSpecification","valueRequired":true,"valueName":"search_term_string"}}],"inLanguage":"de"},{"@type":"Organization","@id":"https:\/\/hubsch-interior.com\/de\/#organization","name":"H\u00fcbsch","url":"https:\/\/hubsch-interior.com\/de\/","logo":{"@type":"ImageObject","inLanguage":"de","@id":"https:\/\/hubsch-interior.com\/de\/#\/schema\/logo\/image\/","url":"https:\/\/hubsch-interior.com\/wp-content\/uploads\/2022\/12\/Hubsch_logo_black_one_line.svg","contentUrl":"https:\/\/hubsch-interior.com\/wp-content\/uploads\/2022\/12\/Hubsch_logo_black_one_line.svg","caption":"H\u00fcbsch"},"image":{"@id":"https:\/\/hubsch-interior.com\/de\/#\/schema\/logo\/image\/"}}]}},"_links":{"self":[{"href":"https:\/\/hubsch-interior.com\/de\/wp-json\/wp\/v2\/product\/398385","targetHints":{"allow":["GET"]}}],"collection":[{"href":"https:\/\/hubsch-interior.com\/de\/wp-json\/wp\/v2\/product"}],"about":[{"href":"https:\/\/hubsch-interior.com\/de\/wp-json\/wp\/v2\/types\/product"}],"wp:featuredmedia":[{"embeddable":true,"href":"https:\/\/hubsch-interior.com\/de\/wp-json\/wp\/v2\/media\/1094909"}],"wp:attachment":[{"href":"https:\/\/hubsch-interior.com\/de\/wp-json\/wp\/v2\/media?parent=398385"}],"wp:term":[{"taxonomy":"product_brand","embeddable":true,"href":"https:\/\/hubsch-interior.com\/de\/wp-json\/wp\/v2\/product_brand?post=398385"},{"taxonomy":"product_cat","embeddable":true,"href":"https:\/\/hubsch-interior.com\/de\/wp-json\/wp\/v2\/product_cat?post=398385"},{"taxonomy":"product_tag","embeddable":true,"href":"https:\/\/hubsch-interior.com\/de\/wp-json\/wp\/v2\/product_tag?post=398385"}],"curies":[{"name":"wp","href":"https:\/\/api.w.org\/{rel}","templated":true}]}}